{"id":141973,"date":"2024-04-09T14:30:17","date_gmt":"2024-04-09T12:30:17","guid":{"rendered":"https:\/\/cloodmanager.net\/?post_type=product&#038;p=141973"},"modified":"2024-04-09T14:30:21","modified_gmt":"2024-04-09T12:30:21","slug":"exfoliac-bb-creme-teinte-claire-30ml-noreva","status":"publish","type":"product","link":"https:\/\/prixgro.com\/ar\/product\/exfoliac-bb-creme-teinte-claire-30ml-noreva\/","title":{"rendered":"Exfoliac Bb Cr\u00e8me teint\u00e9 Claire 30ml Noreva"},"content":{"rendered":"<h2><strong>DESCRIPTION :\u00a0<\/strong><\/h2>\n<p>La\u00a0<strong>BB cr\u00e8me teinte claire<\/strong>\u00a0est un soin anti-imperfections qui s&#8217;adapte aux peaux claires afin d&#8217;offrir\u00a0<strong>une teinte uniforme<\/strong>.<br \/>Formul\u00e9 pour\u00a0<strong>traiter et masquer les imperfections<\/strong>, elle purifie \u00e9galement la peau en<strong>\u00a0limitant la profil\u00e9ration bact\u00e9rienne et en r\u00e9gulant le s\u00e9bum<\/strong>.<br \/>Elle apporte \u00e9galement\u00a0<strong>l&#8217;hydratation quotidienne n\u00e9cessaire<\/strong>\u00a0et favorise\u00a0<strong>l&#8217;\u00e9limination des points noirs et des boutons.<br \/><\/strong>Sa texture fine non grasse\u00a0p\u00e9n\u00e8tre rapidement sans laisser de film gras.<br \/>Tenue longue dur\u00e9e.<\/p>\n<h2><strong>CONSEIL D&#8217;UTILISATION :\u00a0<\/strong><\/h2>\n<div>\n<div class=\"content\" data-role=\"content\">\n<div class=\"product attribute tips\">\n<div class=\"value\">\n<p>Au pr\u00e9alable se nettoyer le visage, puis appliquer uniform\u00e9ment la BB cr\u00e8me sur votre visage et votre cou.<\/p>\n<\/div>\n<\/div>\n<\/div>\n<\/div>\n<div>\n<h2 class=\"title\" data-role=\"title\"><strong>COMPOSITION :\u00a0<\/strong><\/h2>\n<p>Aqua (Water), Cyclopentasiloxane, Ci 77891 (Titanium Dioxide), Propanediol, Methylmethacrylate Crosspolymer, Disteardimonium Hectorite, Cetyl Peg\/Ppg-10\/1 Dimethicone, Bis-Peg\/Ppg-14\/14 Dimethicone, Ci 77492 (Iron Oxides), Dimethicone, Magnesium Sulfate, Tocopheryl Acetate, Bisabolol Caprylyl Glycol, Sodium Benzoate, Ci 77491 (Iron Oxides), Potassium Sorbate, Chlorphenesin, Parfum (Fragrance), Sodium Lauroyl Lactylate, Disodium Edta, Ci 77499 (Iron Oxides), Xanthan Gum, Glycerin, Caprylhydroxamic Acid, Dimethiconol, Disodium Stearoyl Glutamate, Ceramide Np, Phenoxyethanol, Aluminum Hydroxide, Limonene, Ceramide Ap, Phytosphingosine, Linalool, Cholesterol, Carbomer, Hydroxycitronellal, Citral, Ethylhexylglycerin, Benzyl Salicylate, Alpha-Isomethyl Ionone, Hexyl Cinnamal, Citronellol, Pentaerythrityl Tetra-Di-T-Butyl Hydroxyhydrocinnamate, Ceramide Eop, Triisopropanolamine.<\/p>\n<\/div>","protected":false},"excerpt":{"rendered":"<h3><strong>BB Cr\u00e8me claire<\/strong><br \/><strong>Soin teint\u00e9 anti-imperfections<\/strong><br \/><strong>Purifie, masque, unifie<\/strong><br \/><strong>Peaux \u00e0 imperfections<\/strong><\/h3>","protected":false},"featured_media":3344,"comment_status":"open","ping_status":"closed","template":"","meta":[],"product_cat":[98,17,36],"product_tag":[31,554,53,479,73,43,119,516,116,94,138],"berocket_brand":[],"class_list":{"0":"post-141973","1":"product","2":"type-product","3":"status-publish","4":"has-post-thumbnail","6":"product_cat-cou","7":"product_cat-soin-et-bien-etre","8":"product_cat-visage-soin-et-bien-etre","9":"product_tag-anti-bacterien","10":"product_tag-anti-boutons-2","11":"product_tag-anti-imperfections","12":"product_tag-anti-points-noirs-2","13":"product_tag-creme","14":"product_tag-hydratant","15":"product_tag-non-gras","16":"product_tag-peaux-a-imperfections-2","17":"product_tag-purifiant","18":"product_tag-teinte","19":"product_tag-unifie-le-teint","21":"first","22":"outofstock","23":"shipping-taxable","24":"purchasable","25":"product-type-simple"},"yoast_head":"<!-- This site is optimized with the Yoast SEO plugin v24.8 - https:\/\/yoast.com\/wordpress\/plugins\/seo\/ -->\n<title>Exfoliac Bb Cr\u00e8me teint\u00e9 Claire 30ml Noreva - Prixgro<\/title>\n<meta name=\"robots\" content=\"index, follow, max-snippet:-1, max-image-preview:large, max-video-preview:-1\" \/>\n<link rel=\"canonical\" href=\"https:\/\/prixgro.com\/ar\/product\/exfoliac-bb-creme-teinte-claire-30ml-noreva\/\" \/>\n<meta property=\"og:locale\" content=\"ar_AR\" \/>\n<meta property=\"og:type\" content=\"article\" \/>\n<meta property=\"og:title\" content=\"Exfoliac Bb Cr\u00e8me teint\u00e9 Claire 30ml Noreva - Prixgro\" \/>\n<meta property=\"og:description\" content=\"BB Cr\u00e8me claireSoin teint\u00e9 anti-imperfectionsPurifie, masque, unifiePeaux \u00e0 imperfections\" \/>\n<meta property=\"og:url\" content=\"https:\/\/prixgro.com\/ar\/product\/exfoliac-bb-creme-teinte-claire-30ml-noreva\/\" \/>\n<meta property=\"og:site_name\" content=\"Prixgro\" \/>\n<meta property=\"article:publisher\" content=\"https:\/\/www.facebook.com\/Pharmacima\" \/>\n<meta property=\"article:modified_time\" content=\"2024-04-09T12:30:21+00:00\" \/>\n<meta property=\"og:image\" content=\"https:\/\/prixgro.com\/wp-content\/uploads\/2023\/09\/314528837_2046243348904436_7804120430066857465_n-scaled-e1668009798366.jpg\" \/>\n\t<meta property=\"og:image:width\" content=\"500\" \/>\n\t<meta property=\"og:image:height\" content=\"667\" \/>\n\t<meta property=\"og:image:type\" content=\"image\/jpeg\" \/>\n<meta name=\"twitter:card\" content=\"summary_large_image\" \/>\n<meta name=\"twitter:label1\" content=\"\u0648\u0642\u062a \u0627\u0644\u0642\u0631\u0627\u0621\u0629 \u0627\u0644\u0645\u064f\u0642\u062f\u0651\u0631\" \/>\n\t<meta name=\"twitter:data1\" content=\"\u062f\u0642\u064a\u0642\u0629 \u0648\u0627\u062d\u062f\u0629\" \/>\n<script type=\"application\/ld+json\" class=\"yoast-schema-graph\">{\"@context\":\"https:\/\/schema.org\",\"@graph\":[{\"@type\":\"WebPage\",\"@id\":\"https:\/\/prixgro.com\/product\/exfoliac-bb-creme-teinte-claire-30ml-noreva\/\",\"url\":\"https:\/\/prixgro.com\/product\/exfoliac-bb-creme-teinte-claire-30ml-noreva\/\",\"name\":\"Exfoliac Bb Cr\u00e8me teint\u00e9 Claire 30ml Noreva - Prixgro\",\"isPartOf\":{\"@id\":\"https:\/\/prixgro.com\/#website\"},\"primaryImageOfPage\":{\"@id\":\"https:\/\/prixgro.com\/product\/exfoliac-bb-creme-teinte-claire-30ml-noreva\/#primaryimage\"},\"image\":{\"@id\":\"https:\/\/prixgro.com\/product\/exfoliac-bb-creme-teinte-claire-30ml-noreva\/#primaryimage\"},\"thumbnailUrl\":\"https:\/\/prixgro.com\/wp-content\/uploads\/2023\/09\/314528837_2046243348904436_7804120430066857465_n-scaled-e1668009798366.jpg\",\"datePublished\":\"2024-04-09T12:30:17+00:00\",\"dateModified\":\"2024-04-09T12:30:21+00:00\",\"breadcrumb\":{\"@id\":\"https:\/\/prixgro.com\/product\/exfoliac-bb-creme-teinte-claire-30ml-noreva\/#breadcrumb\"},\"inLanguage\":\"ar\",\"potentialAction\":[{\"@type\":\"ReadAction\",\"target\":[\"https:\/\/prixgro.com\/product\/exfoliac-bb-creme-teinte-claire-30ml-noreva\/\"]}]},{\"@type\":\"ImageObject\",\"inLanguage\":\"ar\",\"@id\":\"https:\/\/prixgro.com\/product\/exfoliac-bb-creme-teinte-claire-30ml-noreva\/#primaryimage\",\"url\":\"https:\/\/prixgro.com\/wp-content\/uploads\/2023\/09\/314528837_2046243348904436_7804120430066857465_n-scaled-e1668009798366.jpg\",\"contentUrl\":\"https:\/\/prixgro.com\/wp-content\/uploads\/2023\/09\/314528837_2046243348904436_7804120430066857465_n-scaled-e1668009798366.jpg\",\"width\":500,\"height\":667},{\"@type\":\"BreadcrumbList\",\"@id\":\"https:\/\/prixgro.com\/product\/exfoliac-bb-creme-teinte-claire-30ml-noreva\/#breadcrumb\",\"itemListElement\":[{\"@type\":\"ListItem\",\"position\":1,\"name\":\"Accueil\",\"item\":\"https:\/\/prixgro.com\/\"},{\"@type\":\"ListItem\",\"position\":2,\"name\":\"Boutique en ligne\",\"item\":\"https:\/\/prixgro.com\/shop\/\"},{\"@type\":\"ListItem\",\"position\":3,\"name\":\"Exfoliac Bb Cr\u00e8me teint\u00e9 Claire 30ml Noreva\"}]},{\"@type\":\"WebSite\",\"@id\":\"https:\/\/prixgro.com\/#website\",\"url\":\"https:\/\/prixgro.com\/\",\"name\":\"Prixgro.com\",\"description\":\"Para Pharmaceutique et Cosm\u00e9tique\",\"publisher\":{\"@id\":\"https:\/\/prixgro.com\/#organization\"},\"potentialAction\":[{\"@type\":\"SearchAction\",\"target\":{\"@type\":\"EntryPoint\",\"urlTemplate\":\"https:\/\/prixgro.com\/?s={search_term_string}\"},\"query-input\":{\"@type\":\"PropertyValueSpecification\",\"valueRequired\":true,\"valueName\":\"search_term_string\"}}],\"inLanguage\":\"ar\"},{\"@type\":\"Organization\",\"@id\":\"https:\/\/prixgro.com\/#organization\",\"name\":\"Prixgro\",\"url\":\"https:\/\/prixgro.com\/\",\"logo\":{\"@type\":\"ImageObject\",\"inLanguage\":\"ar\",\"@id\":\"https:\/\/prixgro.com\/#\/schema\/logo\/image\/\",\"url\":\"https:\/\/prixgro.com\/wp-content\/uploads\/2024\/08\/cropped-Nouveau-projet-2.png\",\"contentUrl\":\"https:\/\/prixgro.com\/wp-content\/uploads\/2024\/08\/cropped-Nouveau-projet-2.png\",\"width\":265,\"height\":62,\"caption\":\"Prixgro\"},\"image\":{\"@id\":\"https:\/\/prixgro.com\/#\/schema\/logo\/image\/\"},\"sameAs\":[\"https:\/\/www.facebook.com\/Pharmacima\"]}]}<\/script>\n<!-- \/ Yoast SEO plugin. -->","yoast_head_json":{"title":"Exfoliac Bb Cr\u00e8me teint\u00e9 Claire 30ml Noreva - Prixgro","robots":{"index":"index","follow":"follow","max-snippet":"max-snippet:-1","max-image-preview":"max-image-preview:large","max-video-preview":"max-video-preview:-1"},"canonical":"https:\/\/prixgro.com\/ar\/product\/exfoliac-bb-creme-teinte-claire-30ml-noreva\/","og_locale":"ar_AR","og_type":"article","og_title":"Exfoliac Bb Cr\u00e8me teint\u00e9 Claire 30ml Noreva - Prixgro","og_description":"BB Cr\u00e8me claireSoin teint\u00e9 anti-imperfectionsPurifie, masque, unifiePeaux \u00e0 imperfections","og_url":"https:\/\/prixgro.com\/ar\/product\/exfoliac-bb-creme-teinte-claire-30ml-noreva\/","og_site_name":"Prixgro","article_publisher":"https:\/\/www.facebook.com\/Pharmacima","article_modified_time":"2024-04-09T12:30:21+00:00","og_image":[{"width":500,"height":667,"url":"https:\/\/prixgro.com\/wp-content\/uploads\/2023\/09\/314528837_2046243348904436_7804120430066857465_n-scaled-e1668009798366.jpg","type":"image\/jpeg"}],"twitter_card":"summary_large_image","twitter_misc":{"\u0648\u0642\u062a \u0627\u0644\u0642\u0631\u0627\u0621\u0629 \u0627\u0644\u0645\u064f\u0642\u062f\u0651\u0631":"\u062f\u0642\u064a\u0642\u0629 \u0648\u0627\u062d\u062f\u0629"},"schema":{"@context":"https:\/\/schema.org","@graph":[{"@type":"WebPage","@id":"https:\/\/prixgro.com\/product\/exfoliac-bb-creme-teinte-claire-30ml-noreva\/","url":"https:\/\/prixgro.com\/product\/exfoliac-bb-creme-teinte-claire-30ml-noreva\/","name":"Exfoliac Bb Cr\u00e8me teint\u00e9 Claire 30ml Noreva - Prixgro","isPartOf":{"@id":"https:\/\/prixgro.com\/#website"},"primaryImageOfPage":{"@id":"https:\/\/prixgro.com\/product\/exfoliac-bb-creme-teinte-claire-30ml-noreva\/#primaryimage"},"image":{"@id":"https:\/\/prixgro.com\/product\/exfoliac-bb-creme-teinte-claire-30ml-noreva\/#primaryimage"},"thumbnailUrl":"https:\/\/prixgro.com\/wp-content\/uploads\/2023\/09\/314528837_2046243348904436_7804120430066857465_n-scaled-e1668009798366.jpg","datePublished":"2024-04-09T12:30:17+00:00","dateModified":"2024-04-09T12:30:21+00:00","breadcrumb":{"@id":"https:\/\/prixgro.com\/product\/exfoliac-bb-creme-teinte-claire-30ml-noreva\/#breadcrumb"},"inLanguage":"ar","potentialAction":[{"@type":"ReadAction","target":["https:\/\/prixgro.com\/product\/exfoliac-bb-creme-teinte-claire-30ml-noreva\/"]}]},{"@type":"ImageObject","inLanguage":"ar","@id":"https:\/\/prixgro.com\/product\/exfoliac-bb-creme-teinte-claire-30ml-noreva\/#primaryimage","url":"https:\/\/prixgro.com\/wp-content\/uploads\/2023\/09\/314528837_2046243348904436_7804120430066857465_n-scaled-e1668009798366.jpg","contentUrl":"https:\/\/prixgro.com\/wp-content\/uploads\/2023\/09\/314528837_2046243348904436_7804120430066857465_n-scaled-e1668009798366.jpg","width":500,"height":667},{"@type":"BreadcrumbList","@id":"https:\/\/prixgro.com\/product\/exfoliac-bb-creme-teinte-claire-30ml-noreva\/#breadcrumb","itemListElement":[{"@type":"ListItem","position":1,"name":"Accueil","item":"https:\/\/prixgro.com\/"},{"@type":"ListItem","position":2,"name":"Boutique en ligne","item":"https:\/\/prixgro.com\/shop\/"},{"@type":"ListItem","position":3,"name":"Exfoliac Bb Cr\u00e8me teint\u00e9 Claire 30ml Noreva"}]},{"@type":"WebSite","@id":"https:\/\/prixgro.com\/#website","url":"https:\/\/prixgro.com\/","name":"Prixgro.com","description":"Para Pharmaceutique et Cosm\u00e9tique","publisher":{"@id":"https:\/\/prixgro.com\/#organization"},"potentialAction":[{"@type":"SearchAction","target":{"@type":"EntryPoint","urlTemplate":"https:\/\/prixgro.com\/?s={search_term_string}"},"query-input":{"@type":"PropertyValueSpecification","valueRequired":true,"valueName":"search_term_string"}}],"inLanguage":"ar"},{"@type":"Organization","@id":"https:\/\/prixgro.com\/#organization","name":"Prixgro","url":"https:\/\/prixgro.com\/","logo":{"@type":"ImageObject","inLanguage":"ar","@id":"https:\/\/prixgro.com\/#\/schema\/logo\/image\/","url":"https:\/\/prixgro.com\/wp-content\/uploads\/2024\/08\/cropped-Nouveau-projet-2.png","contentUrl":"https:\/\/prixgro.com\/wp-content\/uploads\/2024\/08\/cropped-Nouveau-projet-2.png","width":265,"height":62,"caption":"Prixgro"},"image":{"@id":"https:\/\/prixgro.com\/#\/schema\/logo\/image\/"},"sameAs":["https:\/\/www.facebook.com\/Pharmacima"]}]}},"_links":{"self":[{"href":"https:\/\/prixgro.com\/ar\/wp-json\/wp\/v2\/product\/141973","targetHints":{"allow":["GET"]}}],"collection":[{"href":"https:\/\/prixgro.com\/ar\/wp-json\/wp\/v2\/product"}],"about":[{"href":"https:\/\/prixgro.com\/ar\/wp-json\/wp\/v2\/types\/product"}],"replies":[{"embeddable":true,"href":"https:\/\/prixgro.com\/ar\/wp-json\/wp\/v2\/comments?post=141973"}],"wp:featuredmedia":[{"embeddable":true,"href":"https:\/\/prixgro.com\/ar\/wp-json\/wp\/v2\/media\/3344"}],"wp:attachment":[{"href":"https:\/\/prixgro.com\/ar\/wp-json\/wp\/v2\/media?parent=141973"}],"wp:term":[{"taxonomy":"product_cat","embeddable":true,"href":"https:\/\/prixgro.com\/ar\/wp-json\/wp\/v2\/product_cat?post=141973"},{"taxonomy":"product_tag","embeddable":true,"href":"https:\/\/prixgro.com\/ar\/wp-json\/wp\/v2\/product_tag?post=141973"},{"taxonomy":"berocket_brand","embeddable":true,"href":"https:\/\/prixgro.com\/ar\/wp-json\/wp\/v2\/berocket_brand?post=141973"}],"curies":[{"name":"wp","href":"https:\/\/api.w.org\/{rel}","templated":true}]}}