{"id":141984,"date":"2024-04-09T14:30:18","date_gmt":"2024-04-09T12:30:18","guid":{"rendered":"https:\/\/cloodmanager.net\/?post_type=product&#038;p=141984"},"modified":"2024-04-09T15:37:29","modified_gmt":"2024-04-09T13:37:29","slug":"baume-levres-corps-17g-paulas-choice","status":"publish","type":"product","link":"https:\/\/prixgro.com\/ar\/product\/baume-levres-corps-17g-paulas-choice\/","title":{"rendered":"Baume L\u00e8vres &#038; Corps 17g Paula&#8217;s choice"},"content":{"rendered":"<h2><strong>DESCRIPTION :\u00a0<\/strong><\/h2>\n<h3><strong>Du soulagement imm\u00e9diat pour les peaux s\u00e8ches.<\/strong><\/h3>\n<p>Ce baume ultra-riche procure un apaisement imm\u00e9diat et durable aux l\u00e8vres s\u00e8ches et gerc\u00e9s, cuticules, talons et coudes. D\u00e8s la premi\u00e8re utilisation, son m\u00e9lange d&#8217;huiles v\u00e9g\u00e9tales adoucissantes et nourrissantes non parfum\u00e9es donne aux l\u00e8vres et \u00e0 la peau une sensation de douceur comme jamais auparavant.<\/p>\n<section class=\"features\">\n<h3 class=\"js-accordeon-trigger accordeon-trigger\">Caract\u00e9ristiques principales<\/h3>\n<div class=\"js-accordeon-body accordeon-body\">\n<div class=\"feature-1\">\n<div class=\"content-asset\">\n<p>Pr\u00e9vient la d\u00e9shydratation<\/p>\n<\/div>\n<\/div>\n<div class=\"feature-2\">\n<div class=\"content-asset\">\n<p>Nourrit les peaux tr\u00e8s s\u00e8ches<\/p>\n<\/div>\n<\/div>\n<div class=\"feature-3\">\n<div class=\"content-asset\">\n<p>Adoucit la peau<\/p>\n<h2><strong>CONSEIL D&#8217;UTILISATION :<\/strong><\/h2>\n<section class=\"how-to-use\">\n<div class=\"js-accordeon-body accordeon-body\">\n<div class=\"content-asset\">\n<p>Masser sur les cuticules, les coudes, les genoux, les talons, les l\u00e8vres ou tout autre endroit o\u00f9 la peau est tr\u00e8s s\u00e8che ou gerc\u00e9e. Peut \u00eatre appliqu\u00e9 autant de fois que n\u00e9cessaire.<\/p>\n<h2><strong>COMPOSITION :\u00a0<\/strong><\/h2>\n<div class=\"content-asset\">\n<p><strong>BISABOLOL<\/strong><br \/>Ingr\u00e9dient apaisant extrait de la camomille.<\/p>\n<\/div>\n<div class=\"content-asset\">\n<p><strong>BEURRE DE KARIT\u00c9<\/strong><br \/>Extrait de l&#8217;arbre de karit\u00e9, il est utilis\u00e9 comme \u00e9mollient et poss\u00e8de des propri\u00e9t\u00e9s apaisantes. C&#8217;est \u00e9galement une source riche en antioxydants.<\/p>\n<\/div>\n<div class=\"content-asset\">\n<p><strong>VITAMINE C<\/strong><br \/>C&#8217;est l&#8217;une des meilleures vitamines pour la peau. Elle agit sur de nombreux signes de vieillissement cutan\u00e9, \u00e9claircit et homog\u00e9n\u00e9ise le teint. Elle poss\u00e8de \u00e9galement des propri\u00e9t\u00e9s r\u00e9paratrices et apaisantes.<\/p>\n<\/div>\n<p><strong>INGR\u00c9DIENTS :<\/strong><br \/>Ricinus Communis (Castor) Seed Oil (non-fragrant oil\/emollient), Petrolatum (emollient), Euphorbia Cerifera Cera (Candilla) Wax (emollient\/texture-enhancing), Lanolin (emollient), C10-30 Cholesterol\/Lanosterol Esters (emollient\/skin replenishing), Cera Alba (Beeswax, texture-enhancing), Ozokerite (texture-enhancing), Ethylhexyl Palmitate (emollient), Copernicia Cerifera (Carnauba) Wax (emollient\/texture-enhancing), Butyrospermum Parkii (Shea) Butter (emollient\/antioxidant), Jojoba Esters (emollient), Triticum Vulgare (Wheat) Germ Oil (non-fragrant oil\/emollient), Bisabolol (skin-soothing), Tetrahexyldecyl Ascorbate (vitamin C\/antioxidant), Tocopheryl Acetate (vitamin E\/antioxidant), Trihydroxystearin (emollient), Hydrogenated Polyisobutene (emollient\/texture-enhancing).<\/p>\n<\/div>\n<\/div>\n<\/section>\n<\/div>\n<\/div>\n<\/div>\n<\/section>","protected":false},"excerpt":{"rendered":"<h3><span style=\"color: #000000\" data-mce-style=\"color: #000000;\"><strong>Ce baume aide \u00e0 r\u00e9parer la peau et les l\u00e8vres s\u00e8ches et gerc\u00e9es<\/strong><\/span><\/h3>","protected":false},"featured_media":3371,"comment_status":"open","ping_status":"closed","template":"","meta":[],"product_cat":[64,37,17],"product_tag":[],"berocket_brand":[463],"class_list":{"0":"post-141984","1":"product","2":"type-product","3":"status-publish","4":"has-post-thumbnail","6":"product_cat-corps","7":"product_cat-levres","8":"product_cat-soin-et-bien-etre","9":"berocket_brand-paulaschoice","11":"first","12":"outofstock","13":"shipping-taxable","14":"purchasable","15":"product-type-simple"},"yoast_head":"<!-- This site is optimized with the Yoast SEO plugin v24.8 - https:\/\/yoast.com\/wordpress\/plugins\/seo\/ -->\n<title>Baume L\u00e8vres &amp; Corps 17g Paula&#039;s choice - Prixgro<\/title>\n<meta name=\"robots\" content=\"index, follow, max-snippet:-1, max-image-preview:large, max-video-preview:-1\" \/>\n<link rel=\"canonical\" href=\"https:\/\/prixgro.com\/ar\/product\/baume-levres-corps-17g-paulas-choice\/\" \/>\n<meta property=\"og:locale\" content=\"ar_AR\" \/>\n<meta property=\"og:type\" content=\"article\" \/>\n<meta property=\"og:title\" content=\"Baume L\u00e8vres &amp; Corps 17g Paula&#039;s choice - Prixgro\" \/>\n<meta property=\"og:description\" content=\"Ce baume aide \u00e0 r\u00e9parer la peau et les l\u00e8vres s\u00e8ches et gerc\u00e9es\" \/>\n<meta property=\"og:url\" content=\"https:\/\/prixgro.com\/ar\/product\/baume-levres-corps-17g-paulas-choice\/\" \/>\n<meta property=\"og:site_name\" content=\"Prixgro\" \/>\n<meta property=\"article:publisher\" content=\"https:\/\/www.facebook.com\/Pharmacima\" \/>\n<meta property=\"article:modified_time\" content=\"2024-04-09T13:37:29+00:00\" \/>\n<meta property=\"og:image\" content=\"https:\/\/prixgro.com\/wp-content\/uploads\/2023\/09\/lip-and-body-treatment-balm-5500-L.png\" \/>\n\t<meta property=\"og:image:width\" content=\"360\" \/>\n\t<meta property=\"og:image:height\" content=\"360\" \/>\n\t<meta property=\"og:image:type\" content=\"image\/png\" \/>\n<meta name=\"twitter:card\" content=\"summary_large_image\" \/>\n<meta name=\"twitter:label1\" content=\"\u0648\u0642\u062a \u0627\u0644\u0642\u0631\u0627\u0621\u0629 \u0627\u0644\u0645\u064f\u0642\u062f\u0651\u0631\" \/>\n\t<meta name=\"twitter:data1\" content=\"\u062f\u0642\u064a\u0642\u0629 \u0648\u0627\u062d\u062f\u0629\" \/>\n<script type=\"application\/ld+json\" class=\"yoast-schema-graph\">{\"@context\":\"https:\/\/schema.org\",\"@graph\":[{\"@type\":\"WebPage\",\"@id\":\"https:\/\/prixgro.com\/product\/baume-levres-corps-17g-paulas-choice\/\",\"url\":\"https:\/\/prixgro.com\/product\/baume-levres-corps-17g-paulas-choice\/\",\"name\":\"Baume L\u00e8vres & Corps 17g Paula's choice - Prixgro\",\"isPartOf\":{\"@id\":\"https:\/\/prixgro.com\/#website\"},\"primaryImageOfPage\":{\"@id\":\"https:\/\/prixgro.com\/product\/baume-levres-corps-17g-paulas-choice\/#primaryimage\"},\"image\":{\"@id\":\"https:\/\/prixgro.com\/product\/baume-levres-corps-17g-paulas-choice\/#primaryimage\"},\"thumbnailUrl\":\"https:\/\/prixgro.com\/wp-content\/uploads\/2023\/09\/lip-and-body-treatment-balm-5500-L.png\",\"datePublished\":\"2024-04-09T12:30:18+00:00\",\"dateModified\":\"2024-04-09T13:37:29+00:00\",\"breadcrumb\":{\"@id\":\"https:\/\/prixgro.com\/product\/baume-levres-corps-17g-paulas-choice\/#breadcrumb\"},\"inLanguage\":\"ar\",\"potentialAction\":[{\"@type\":\"ReadAction\",\"target\":[\"https:\/\/prixgro.com\/product\/baume-levres-corps-17g-paulas-choice\/\"]}]},{\"@type\":\"ImageObject\",\"inLanguage\":\"ar\",\"@id\":\"https:\/\/prixgro.com\/product\/baume-levres-corps-17g-paulas-choice\/#primaryimage\",\"url\":\"https:\/\/prixgro.com\/wp-content\/uploads\/2023\/09\/lip-and-body-treatment-balm-5500-L.png\",\"contentUrl\":\"https:\/\/prixgro.com\/wp-content\/uploads\/2023\/09\/lip-and-body-treatment-balm-5500-L.png\",\"width\":360,\"height\":360},{\"@type\":\"BreadcrumbList\",\"@id\":\"https:\/\/prixgro.com\/product\/baume-levres-corps-17g-paulas-choice\/#breadcrumb\",\"itemListElement\":[{\"@type\":\"ListItem\",\"position\":1,\"name\":\"Accueil\",\"item\":\"https:\/\/prixgro.com\/\"},{\"@type\":\"ListItem\",\"position\":2,\"name\":\"Boutique en ligne\",\"item\":\"https:\/\/prixgro.com\/shop\/\"},{\"@type\":\"ListItem\",\"position\":3,\"name\":\"Baume L\u00e8vres &#038; Corps 17g Paula&#8217;s choice\"}]},{\"@type\":\"WebSite\",\"@id\":\"https:\/\/prixgro.com\/#website\",\"url\":\"https:\/\/prixgro.com\/\",\"name\":\"Prixgro.com\",\"description\":\"Para Pharmaceutique et Cosm\u00e9tique\",\"publisher\":{\"@id\":\"https:\/\/prixgro.com\/#organization\"},\"potentialAction\":[{\"@type\":\"SearchAction\",\"target\":{\"@type\":\"EntryPoint\",\"urlTemplate\":\"https:\/\/prixgro.com\/?s={search_term_string}\"},\"query-input\":{\"@type\":\"PropertyValueSpecification\",\"valueRequired\":true,\"valueName\":\"search_term_string\"}}],\"inLanguage\":\"ar\"},{\"@type\":\"Organization\",\"@id\":\"https:\/\/prixgro.com\/#organization\",\"name\":\"Prixgro\",\"url\":\"https:\/\/prixgro.com\/\",\"logo\":{\"@type\":\"ImageObject\",\"inLanguage\":\"ar\",\"@id\":\"https:\/\/prixgro.com\/#\/schema\/logo\/image\/\",\"url\":\"https:\/\/prixgro.com\/wp-content\/uploads\/2024\/08\/cropped-Nouveau-projet-2.png\",\"contentUrl\":\"https:\/\/prixgro.com\/wp-content\/uploads\/2024\/08\/cropped-Nouveau-projet-2.png\",\"width\":265,\"height\":62,\"caption\":\"Prixgro\"},\"image\":{\"@id\":\"https:\/\/prixgro.com\/#\/schema\/logo\/image\/\"},\"sameAs\":[\"https:\/\/www.facebook.com\/Pharmacima\"]}]}<\/script>\n<!-- \/ Yoast SEO plugin. -->","yoast_head_json":{"title":"Baume L\u00e8vres & Corps 17g Paula's choice - Prixgro","robots":{"index":"index","follow":"follow","max-snippet":"max-snippet:-1","max-image-preview":"max-image-preview:large","max-video-preview":"max-video-preview:-1"},"canonical":"https:\/\/prixgro.com\/ar\/product\/baume-levres-corps-17g-paulas-choice\/","og_locale":"ar_AR","og_type":"article","og_title":"Baume L\u00e8vres & Corps 17g Paula's choice - Prixgro","og_description":"Ce baume aide \u00e0 r\u00e9parer la peau et les l\u00e8vres s\u00e8ches et gerc\u00e9es","og_url":"https:\/\/prixgro.com\/ar\/product\/baume-levres-corps-17g-paulas-choice\/","og_site_name":"Prixgro","article_publisher":"https:\/\/www.facebook.com\/Pharmacima","article_modified_time":"2024-04-09T13:37:29+00:00","og_image":[{"width":360,"height":360,"url":"https:\/\/prixgro.com\/wp-content\/uploads\/2023\/09\/lip-and-body-treatment-balm-5500-L.png","type":"image\/png"}],"twitter_card":"summary_large_image","twitter_misc":{"\u0648\u0642\u062a \u0627\u0644\u0642\u0631\u0627\u0621\u0629 \u0627\u0644\u0645\u064f\u0642\u062f\u0651\u0631":"\u062f\u0642\u064a\u0642\u0629 \u0648\u0627\u062d\u062f\u0629"},"schema":{"@context":"https:\/\/schema.org","@graph":[{"@type":"WebPage","@id":"https:\/\/prixgro.com\/product\/baume-levres-corps-17g-paulas-choice\/","url":"https:\/\/prixgro.com\/product\/baume-levres-corps-17g-paulas-choice\/","name":"Baume L\u00e8vres & Corps 17g Paula's choice - Prixgro","isPartOf":{"@id":"https:\/\/prixgro.com\/#website"},"primaryImageOfPage":{"@id":"https:\/\/prixgro.com\/product\/baume-levres-corps-17g-paulas-choice\/#primaryimage"},"image":{"@id":"https:\/\/prixgro.com\/product\/baume-levres-corps-17g-paulas-choice\/#primaryimage"},"thumbnailUrl":"https:\/\/prixgro.com\/wp-content\/uploads\/2023\/09\/lip-and-body-treatment-balm-5500-L.png","datePublished":"2024-04-09T12:30:18+00:00","dateModified":"2024-04-09T13:37:29+00:00","breadcrumb":{"@id":"https:\/\/prixgro.com\/product\/baume-levres-corps-17g-paulas-choice\/#breadcrumb"},"inLanguage":"ar","potentialAction":[{"@type":"ReadAction","target":["https:\/\/prixgro.com\/product\/baume-levres-corps-17g-paulas-choice\/"]}]},{"@type":"ImageObject","inLanguage":"ar","@id":"https:\/\/prixgro.com\/product\/baume-levres-corps-17g-paulas-choice\/#primaryimage","url":"https:\/\/prixgro.com\/wp-content\/uploads\/2023\/09\/lip-and-body-treatment-balm-5500-L.png","contentUrl":"https:\/\/prixgro.com\/wp-content\/uploads\/2023\/09\/lip-and-body-treatment-balm-5500-L.png","width":360,"height":360},{"@type":"BreadcrumbList","@id":"https:\/\/prixgro.com\/product\/baume-levres-corps-17g-paulas-choice\/#breadcrumb","itemListElement":[{"@type":"ListItem","position":1,"name":"Accueil","item":"https:\/\/prixgro.com\/"},{"@type":"ListItem","position":2,"name":"Boutique en ligne","item":"https:\/\/prixgro.com\/shop\/"},{"@type":"ListItem","position":3,"name":"Baume L\u00e8vres &#038; Corps 17g Paula&#8217;s choice"}]},{"@type":"WebSite","@id":"https:\/\/prixgro.com\/#website","url":"https:\/\/prixgro.com\/","name":"Prixgro.com","description":"Para Pharmaceutique et Cosm\u00e9tique","publisher":{"@id":"https:\/\/prixgro.com\/#organization"},"potentialAction":[{"@type":"SearchAction","target":{"@type":"EntryPoint","urlTemplate":"https:\/\/prixgro.com\/?s={search_term_string}"},"query-input":{"@type":"PropertyValueSpecification","valueRequired":true,"valueName":"search_term_string"}}],"inLanguage":"ar"},{"@type":"Organization","@id":"https:\/\/prixgro.com\/#organization","name":"Prixgro","url":"https:\/\/prixgro.com\/","logo":{"@type":"ImageObject","inLanguage":"ar","@id":"https:\/\/prixgro.com\/#\/schema\/logo\/image\/","url":"https:\/\/prixgro.com\/wp-content\/uploads\/2024\/08\/cropped-Nouveau-projet-2.png","contentUrl":"https:\/\/prixgro.com\/wp-content\/uploads\/2024\/08\/cropped-Nouveau-projet-2.png","width":265,"height":62,"caption":"Prixgro"},"image":{"@id":"https:\/\/prixgro.com\/#\/schema\/logo\/image\/"},"sameAs":["https:\/\/www.facebook.com\/Pharmacima"]}]}},"_links":{"self":[{"href":"https:\/\/prixgro.com\/ar\/wp-json\/wp\/v2\/product\/141984","targetHints":{"allow":["GET"]}}],"collection":[{"href":"https:\/\/prixgro.com\/ar\/wp-json\/wp\/v2\/product"}],"about":[{"href":"https:\/\/prixgro.com\/ar\/wp-json\/wp\/v2\/types\/product"}],"replies":[{"embeddable":true,"href":"https:\/\/prixgro.com\/ar\/wp-json\/wp\/v2\/comments?post=141984"}],"wp:featuredmedia":[{"embeddable":true,"href":"https:\/\/prixgro.com\/ar\/wp-json\/wp\/v2\/media\/3371"}],"wp:attachment":[{"href":"https:\/\/prixgro.com\/ar\/wp-json\/wp\/v2\/media?parent=141984"}],"wp:term":[{"taxonomy":"product_cat","embeddable":true,"href":"https:\/\/prixgro.com\/ar\/wp-json\/wp\/v2\/product_cat?post=141984"},{"taxonomy":"product_tag","embeddable":true,"href":"https:\/\/prixgro.com\/ar\/wp-json\/wp\/v2\/product_tag?post=141984"},{"taxonomy":"berocket_brand","embeddable":true,"href":"https:\/\/prixgro.com\/ar\/wp-json\/wp\/v2\/berocket_brand?post=141984"}],"curies":[{"name":"wp","href":"https:\/\/api.w.org\/{rel}","templated":true}]}}