{"id":141990,"date":"2024-04-09T14:30:18","date_gmt":"2024-04-09T12:30:18","guid":{"rendered":"https:\/\/cloodmanager.net\/?post_type=product&#038;p=141990"},"modified":"2024-08-08T20:36:09","modified_gmt":"2024-08-08T18:36:09","slug":"multi-peptides-serum-cils-et-sourcils-5ml-the-ordinary","status":"publish","type":"product","link":"https:\/\/prixgro.com\/ar\/product\/multi-peptides-serum-cils-et-sourcils-5ml-the-ordinary\/","title":{"rendered":"Multi Peptides S\u00e9rum Cils Et Sourcils 5ml The Ordinary"},"content":{"rendered":"<h2><strong>DESCRIPTION :\u00a0<\/strong><\/h2>\n<p>S\u00e9rum Multi-Peptides pour les Cils et les Sourcils The Ordinary est un s\u00e9rum l\u00e9ger \u00e0 forte concentration qui nourrit les cils et sourcils pour un aspect plus dense et plus sain.<\/p>\n<p>Formul\u00e9 avec quatre technologies de peptides, ce traitement biquotidien contient 11\u00a0ingr\u00e9dients actifs cl\u00e9s, dont l&#8217;ac\u00e9tyl t\u00e9trapeptide-3 combin\u00e9 \u00e0 de l&#8217;extrait de fleur de tr\u00e8fle des pr\u00e8s, \u00e0 de l&#8217;extrait de feuille de Camellia Sinensis (th\u00e9 vert), \u00e0 de l&#8217;extrait de m\u00e9l\u00e8ze d&#8217;Europe, \u00e0 du chlorure de zinc et \u00e0 un complexe de peptides.<\/p>\n<p>En parfaite synergie, ces ingr\u00e9dients nourrissent et prot\u00e8gent les cils et sourcils pour leur conf\u00e9rer plus de densit\u00e9 et de volume.<\/p>\n<h2><strong>CONSEIL D&#8217;UTILISATION :<\/strong><\/h2>\n<div id=\"product-info\" class=\"product-info product-accordion product-info-tabs\">\n<div class=\"tabs-content\" data-tabs-content=\"ysfxbt-responsiveaccordiontabs\">\n<div id=\"hvh681-accordion\" class=\"tabs-panel is-active\" role=\"tabpanel\" data-tab-content=\"\" aria-labelledby=\"hvh681-accordion-label\">\n<div>\n<p>Apr\u00e8s avoir nettoy\u00e9 et s\u00e9ch\u00e9 la zone d&#8217;application, appliquez une couche fine le long de la ligne des cils et des sourcils, matin et soir<\/p>\n<\/div>\n<\/div>\n<\/div>\n<\/div>\n<div id=\"T2sRecommendations-section_377\" class=\"recommendations-section\" data-pagename=\"PDP\">\n<div class=\"product-carousel-wrapper\">\n<h2 class=\"product-carousel-title\"><strong>COMPOSITION :<\/strong><\/h2>\n<p>AQUA, GLYCERIN, BUTYLENE GLYCOL, MYRISTOYL PENTAPEPTIDE-17, BIOTINOYL TRIPEPTIDE-1, OLIGOPEPTIDE-2, ACETYL TETRAPEPTIDE-3, CAFFEINE, PANTHENOL, ARGININE, GLYCINE, GLYCOPROTEINS, LARIX EUROPAEA WOOD EXTRACT, TRIFOLIUM PRATENSE FLOWER EXTRACT, CAMELLIA SINENSIS LEAF EXTRACT, DEXTRAN, MALTODEXTRIN, ZINC CHLORIDE, HYDROXYETHYLCELLULOSE, XANTHAN GUM, TRISODIUM ETHYLENEDIAMINE DISUCCINATE, POLYSORBATE 20, SODIUM METABISULFITE, CAPRYLYL GLYCOL, 1,2-HEXANEDIOL, SODIUM BENZOATE, BENZOIC ACID, ETHYLHEXYLGLYCERIN, PHENOXYETHANOL, CHLORPHENESIN.<\/p>\n<p>Cette liste d&#8217;ingr\u00e9dients peut faire l&#8217;objet de modifications, veuillez consulter l&#8217;emballage du produit achet\u00e9.<\/p>\n<\/div>\n<\/div>","protected":false},"excerpt":{"rendered":"<p>Nourrisse et prot\u00e8ge les cils et les sourcils pour leur conf\u00e9rer plus de densit\u00e9 et de volume.<\/p>\n<p>5ml.<\/p>","protected":false},"featured_media":3381,"comment_status":"open","ping_status":"closed","template":"","meta":[],"product_cat":[17,68],"product_tag":[],"berocket_brand":[460],"class_list":{"0":"post-141990","1":"product","2":"type-product","3":"status-publish","4":"has-post-thumbnail","6":"product_cat-soin-et-bien-etre","7":"product_cat-yeux","8":"berocket_brand-theordinary","10":"first","11":"outofstock","12":"shipping-taxable","13":"purchasable","14":"product-type-simple"},"yoast_head":"<!-- This site is optimized with the Yoast SEO plugin v24.8 - https:\/\/yoast.com\/wordpress\/plugins\/seo\/ -->\n<title>Multi Peptides S\u00e9rum Cils Et Sourcils 5ml The Ordinary - Prixgro<\/title>\n<meta name=\"robots\" content=\"index, follow, max-snippet:-1, max-image-preview:large, max-video-preview:-1\" \/>\n<link rel=\"canonical\" href=\"https:\/\/prixgro.com\/ar\/product\/multi-peptides-serum-cils-et-sourcils-5ml-the-ordinary\/\" \/>\n<meta property=\"og:locale\" content=\"ar_AR\" \/>\n<meta property=\"og:type\" content=\"article\" \/>\n<meta property=\"og:title\" content=\"Multi Peptides S\u00e9rum Cils Et Sourcils 5ml The Ordinary - Prixgro\" \/>\n<meta property=\"og:description\" content=\"Nourrisse et prot\u00e8ge les cils et les sourcils pour leur conf\u00e9rer plus de densit\u00e9 et de volume.5ml.\" \/>\n<meta property=\"og:url\" content=\"https:\/\/prixgro.com\/ar\/product\/multi-peptides-serum-cils-et-sourcils-5ml-the-ordinary\/\" \/>\n<meta property=\"og:site_name\" content=\"Prixgro\" \/>\n<meta property=\"article:publisher\" content=\"https:\/\/www.facebook.com\/Pharmacima\" \/>\n<meta property=\"article:modified_time\" content=\"2024-08-08T18:36:09+00:00\" \/>\n<meta property=\"og:image\" content=\"https:\/\/prixgro.com\/wp-content\/uploads\/2023\/09\/Multi-Peptides-Serum-Cils-Et-Sourcils-The-Ordinary-e1669126452487.jpg\" \/>\n\t<meta property=\"og:image:width\" content=\"500\" \/>\n\t<meta property=\"og:image:height\" content=\"500\" \/>\n\t<meta property=\"og:image:type\" content=\"image\/jpeg\" \/>\n<meta name=\"twitter:card\" content=\"summary_large_image\" \/>\n<meta name=\"twitter:label1\" content=\"\u0648\u0642\u062a \u0627\u0644\u0642\u0631\u0627\u0621\u0629 \u0627\u0644\u0645\u064f\u0642\u062f\u0651\u0631\" \/>\n\t<meta name=\"twitter:data1\" content=\"\u062f\u0642\u064a\u0642\u0629 \u0648\u0627\u062d\u062f\u0629\" \/>\n<script type=\"application\/ld+json\" class=\"yoast-schema-graph\">{\"@context\":\"https:\/\/schema.org\",\"@graph\":[{\"@type\":\"WebPage\",\"@id\":\"https:\/\/prixgro.com\/product\/multi-peptides-serum-cils-et-sourcils-5ml-the-ordinary\/\",\"url\":\"https:\/\/prixgro.com\/product\/multi-peptides-serum-cils-et-sourcils-5ml-the-ordinary\/\",\"name\":\"Multi Peptides S\u00e9rum Cils Et Sourcils 5ml The Ordinary - Prixgro\",\"isPartOf\":{\"@id\":\"https:\/\/prixgro.com\/#website\"},\"primaryImageOfPage\":{\"@id\":\"https:\/\/prixgro.com\/product\/multi-peptides-serum-cils-et-sourcils-5ml-the-ordinary\/#primaryimage\"},\"image\":{\"@id\":\"https:\/\/prixgro.com\/product\/multi-peptides-serum-cils-et-sourcils-5ml-the-ordinary\/#primaryimage\"},\"thumbnailUrl\":\"https:\/\/prixgro.com\/wp-content\/uploads\/2023\/09\/Multi-Peptides-Serum-Cils-Et-Sourcils-The-Ordinary-e1669126452487.jpg\",\"datePublished\":\"2024-04-09T12:30:18+00:00\",\"dateModified\":\"2024-08-08T18:36:09+00:00\",\"breadcrumb\":{\"@id\":\"https:\/\/prixgro.com\/product\/multi-peptides-serum-cils-et-sourcils-5ml-the-ordinary\/#breadcrumb\"},\"inLanguage\":\"ar\",\"potentialAction\":[{\"@type\":\"ReadAction\",\"target\":[\"https:\/\/prixgro.com\/product\/multi-peptides-serum-cils-et-sourcils-5ml-the-ordinary\/\"]}]},{\"@type\":\"ImageObject\",\"inLanguage\":\"ar\",\"@id\":\"https:\/\/prixgro.com\/product\/multi-peptides-serum-cils-et-sourcils-5ml-the-ordinary\/#primaryimage\",\"url\":\"https:\/\/prixgro.com\/wp-content\/uploads\/2023\/09\/Multi-Peptides-Serum-Cils-Et-Sourcils-The-Ordinary-e1669126452487.jpg\",\"contentUrl\":\"https:\/\/prixgro.com\/wp-content\/uploads\/2023\/09\/Multi-Peptides-Serum-Cils-Et-Sourcils-The-Ordinary-e1669126452487.jpg\",\"width\":500,\"height\":500},{\"@type\":\"BreadcrumbList\",\"@id\":\"https:\/\/prixgro.com\/product\/multi-peptides-serum-cils-et-sourcils-5ml-the-ordinary\/#breadcrumb\",\"itemListElement\":[{\"@type\":\"ListItem\",\"position\":1,\"name\":\"Accueil\",\"item\":\"https:\/\/prixgro.com\/\"},{\"@type\":\"ListItem\",\"position\":2,\"name\":\"Boutique en ligne\",\"item\":\"https:\/\/prixgro.com\/shop\/\"},{\"@type\":\"ListItem\",\"position\":3,\"name\":\"Multi Peptides S\u00e9rum Cils Et Sourcils 5ml The Ordinary\"}]},{\"@type\":\"WebSite\",\"@id\":\"https:\/\/prixgro.com\/#website\",\"url\":\"https:\/\/prixgro.com\/\",\"name\":\"Prixgro.com\",\"description\":\"Para Pharmaceutique et Cosm\u00e9tique\",\"publisher\":{\"@id\":\"https:\/\/prixgro.com\/#organization\"},\"potentialAction\":[{\"@type\":\"SearchAction\",\"target\":{\"@type\":\"EntryPoint\",\"urlTemplate\":\"https:\/\/prixgro.com\/?s={search_term_string}\"},\"query-input\":{\"@type\":\"PropertyValueSpecification\",\"valueRequired\":true,\"valueName\":\"search_term_string\"}}],\"inLanguage\":\"ar\"},{\"@type\":\"Organization\",\"@id\":\"https:\/\/prixgro.com\/#organization\",\"name\":\"Prixgro\",\"url\":\"https:\/\/prixgro.com\/\",\"logo\":{\"@type\":\"ImageObject\",\"inLanguage\":\"ar\",\"@id\":\"https:\/\/prixgro.com\/#\/schema\/logo\/image\/\",\"url\":\"https:\/\/prixgro.com\/wp-content\/uploads\/2024\/08\/cropped-Nouveau-projet-2.png\",\"contentUrl\":\"https:\/\/prixgro.com\/wp-content\/uploads\/2024\/08\/cropped-Nouveau-projet-2.png\",\"width\":265,\"height\":62,\"caption\":\"Prixgro\"},\"image\":{\"@id\":\"https:\/\/prixgro.com\/#\/schema\/logo\/image\/\"},\"sameAs\":[\"https:\/\/www.facebook.com\/Pharmacima\"]}]}<\/script>\n<!-- \/ Yoast SEO plugin. -->","yoast_head_json":{"title":"Multi Peptides S\u00e9rum Cils Et Sourcils 5ml The Ordinary - Prixgro","robots":{"index":"index","follow":"follow","max-snippet":"max-snippet:-1","max-image-preview":"max-image-preview:large","max-video-preview":"max-video-preview:-1"},"canonical":"https:\/\/prixgro.com\/ar\/product\/multi-peptides-serum-cils-et-sourcils-5ml-the-ordinary\/","og_locale":"ar_AR","og_type":"article","og_title":"Multi Peptides S\u00e9rum Cils Et Sourcils 5ml The Ordinary - Prixgro","og_description":"Nourrisse et prot\u00e8ge les cils et les sourcils pour leur conf\u00e9rer plus de densit\u00e9 et de volume.5ml.","og_url":"https:\/\/prixgro.com\/ar\/product\/multi-peptides-serum-cils-et-sourcils-5ml-the-ordinary\/","og_site_name":"Prixgro","article_publisher":"https:\/\/www.facebook.com\/Pharmacima","article_modified_time":"2024-08-08T18:36:09+00:00","og_image":[{"width":500,"height":500,"url":"https:\/\/prixgro.com\/wp-content\/uploads\/2023\/09\/Multi-Peptides-Serum-Cils-Et-Sourcils-The-Ordinary-e1669126452487.jpg","type":"image\/jpeg"}],"twitter_card":"summary_large_image","twitter_misc":{"\u0648\u0642\u062a \u0627\u0644\u0642\u0631\u0627\u0621\u0629 \u0627\u0644\u0645\u064f\u0642\u062f\u0651\u0631":"\u062f\u0642\u064a\u0642\u0629 \u0648\u0627\u062d\u062f\u0629"},"schema":{"@context":"https:\/\/schema.org","@graph":[{"@type":"WebPage","@id":"https:\/\/prixgro.com\/product\/multi-peptides-serum-cils-et-sourcils-5ml-the-ordinary\/","url":"https:\/\/prixgro.com\/product\/multi-peptides-serum-cils-et-sourcils-5ml-the-ordinary\/","name":"Multi Peptides S\u00e9rum Cils Et Sourcils 5ml The Ordinary - Prixgro","isPartOf":{"@id":"https:\/\/prixgro.com\/#website"},"primaryImageOfPage":{"@id":"https:\/\/prixgro.com\/product\/multi-peptides-serum-cils-et-sourcils-5ml-the-ordinary\/#primaryimage"},"image":{"@id":"https:\/\/prixgro.com\/product\/multi-peptides-serum-cils-et-sourcils-5ml-the-ordinary\/#primaryimage"},"thumbnailUrl":"https:\/\/prixgro.com\/wp-content\/uploads\/2023\/09\/Multi-Peptides-Serum-Cils-Et-Sourcils-The-Ordinary-e1669126452487.jpg","datePublished":"2024-04-09T12:30:18+00:00","dateModified":"2024-08-08T18:36:09+00:00","breadcrumb":{"@id":"https:\/\/prixgro.com\/product\/multi-peptides-serum-cils-et-sourcils-5ml-the-ordinary\/#breadcrumb"},"inLanguage":"ar","potentialAction":[{"@type":"ReadAction","target":["https:\/\/prixgro.com\/product\/multi-peptides-serum-cils-et-sourcils-5ml-the-ordinary\/"]}]},{"@type":"ImageObject","inLanguage":"ar","@id":"https:\/\/prixgro.com\/product\/multi-peptides-serum-cils-et-sourcils-5ml-the-ordinary\/#primaryimage","url":"https:\/\/prixgro.com\/wp-content\/uploads\/2023\/09\/Multi-Peptides-Serum-Cils-Et-Sourcils-The-Ordinary-e1669126452487.jpg","contentUrl":"https:\/\/prixgro.com\/wp-content\/uploads\/2023\/09\/Multi-Peptides-Serum-Cils-Et-Sourcils-The-Ordinary-e1669126452487.jpg","width":500,"height":500},{"@type":"BreadcrumbList","@id":"https:\/\/prixgro.com\/product\/multi-peptides-serum-cils-et-sourcils-5ml-the-ordinary\/#breadcrumb","itemListElement":[{"@type":"ListItem","position":1,"name":"Accueil","item":"https:\/\/prixgro.com\/"},{"@type":"ListItem","position":2,"name":"Boutique en ligne","item":"https:\/\/prixgro.com\/shop\/"},{"@type":"ListItem","position":3,"name":"Multi Peptides S\u00e9rum Cils Et Sourcils 5ml The Ordinary"}]},{"@type":"WebSite","@id":"https:\/\/prixgro.com\/#website","url":"https:\/\/prixgro.com\/","name":"Prixgro.com","description":"Para Pharmaceutique et Cosm\u00e9tique","publisher":{"@id":"https:\/\/prixgro.com\/#organization"},"potentialAction":[{"@type":"SearchAction","target":{"@type":"EntryPoint","urlTemplate":"https:\/\/prixgro.com\/?s={search_term_string}"},"query-input":{"@type":"PropertyValueSpecification","valueRequired":true,"valueName":"search_term_string"}}],"inLanguage":"ar"},{"@type":"Organization","@id":"https:\/\/prixgro.com\/#organization","name":"Prixgro","url":"https:\/\/prixgro.com\/","logo":{"@type":"ImageObject","inLanguage":"ar","@id":"https:\/\/prixgro.com\/#\/schema\/logo\/image\/","url":"https:\/\/prixgro.com\/wp-content\/uploads\/2024\/08\/cropped-Nouveau-projet-2.png","contentUrl":"https:\/\/prixgro.com\/wp-content\/uploads\/2024\/08\/cropped-Nouveau-projet-2.png","width":265,"height":62,"caption":"Prixgro"},"image":{"@id":"https:\/\/prixgro.com\/#\/schema\/logo\/image\/"},"sameAs":["https:\/\/www.facebook.com\/Pharmacima"]}]}},"_links":{"self":[{"href":"https:\/\/prixgro.com\/ar\/wp-json\/wp\/v2\/product\/141990","targetHints":{"allow":["GET"]}}],"collection":[{"href":"https:\/\/prixgro.com\/ar\/wp-json\/wp\/v2\/product"}],"about":[{"href":"https:\/\/prixgro.com\/ar\/wp-json\/wp\/v2\/types\/product"}],"replies":[{"embeddable":true,"href":"https:\/\/prixgro.com\/ar\/wp-json\/wp\/v2\/comments?post=141990"}],"wp:featuredmedia":[{"embeddable":true,"href":"https:\/\/prixgro.com\/ar\/wp-json\/wp\/v2\/media\/3381"}],"wp:attachment":[{"href":"https:\/\/prixgro.com\/ar\/wp-json\/wp\/v2\/media?parent=141990"}],"wp:term":[{"taxonomy":"product_cat","embeddable":true,"href":"https:\/\/prixgro.com\/ar\/wp-json\/wp\/v2\/product_cat?post=141990"},{"taxonomy":"product_tag","embeddable":true,"href":"https:\/\/prixgro.com\/ar\/wp-json\/wp\/v2\/product_tag?post=141990"},{"taxonomy":"berocket_brand","embeddable":true,"href":"https:\/\/prixgro.com\/ar\/wp-json\/wp\/v2\/berocket_brand?post=141990"}],"curies":[{"name":"wp","href":"https:\/\/api.w.org\/{rel}","templated":true}]}}