{"id":141997,"date":"2024-04-09T14:30:29","date_gmt":"2024-04-09T12:30:29","guid":{"rendered":"https:\/\/cloodmanager.net\/?post_type=product&#038;p=141997"},"modified":"2024-08-08T20:38:37","modified_gmt":"2024-08-08T18:38:37","slug":"physiolift-jour-creme-lissante-30ml-avene","status":"publish","type":"product","link":"https:\/\/prixgro.com\/ar\/product\/physiolift-jour-creme-lissante-30ml-avene\/","title":{"rendered":"PhysioLift Jour Cr\u00e8me Lissante 30ml Avene"},"content":{"rendered":"<h2><strong>DESCRIPTION :<\/strong><\/h2>\n<p>Un soin anti-rides formul\u00e9 pour r\u00e9duire les signes de l\u2019\u00e2ge<\/p>\n<p>Physiolift\u00a0d\u2019Av\u00e8ne\u00a0est une\u00a0cr\u00e8me de jour\u00a0qui aide \u00e0 diminuer les signes de l\u2019\u00e2ge sur votre visage :<\/p>\n<p>Il contribue \u00e0 r\u00e9duire les rides et les marques.<\/p>\n<p>Il permet d\u2019am\u00e9liorer l\u2019hydratation de la peau s\u00e8che et sensible.<\/p>\n<p>Il participe \u00e0 la souplesse et \u00e0 la douceur de la peau.<\/p>\n<p>Jour apr\u00e8s jour, ce soin\u00a0anti-rides\u00a0aide \u00e0 assouplir votre peau et \u00e0 illuminer votre teint. Vous retrouvez une\u00a0peau confortable\u00a0et moins marqu\u00e9e par le temps qui passe.<\/p>\n<h2><strong>Conseil d\u2019utilisation :<\/strong><\/h2>\n<p>S\u2019applique sur votre peau pr\u00e9alablement nettoy\u00e9e et s\u00e9ch\u00e9e. Appliquez une couche g\u00e9n\u00e9reuse de ce soin sur le cou, le visage et le d\u00e9collet\u00e9. Massez d\u00e9licatement jusqu\u2019\u00e0 la compl\u00e8te absorption du produit par votre peau.<\/p>\n<h2><strong>COMPOSITION :\u00a0<\/strong><\/h2>\n<p>Avene Thermal Spring Water (Avene Aqua), Caprylic\/Capric Triglyceride, Dimethicone, Butylene Glycol, Glycerin, Cetearyl Alcohol, Butyrospermum Parkii (Shea) Butter (Butyrospermum Parkii Butter), Glyceryl Stearate. PEG-100 Stearate, Behenyl Alcohol. Bis-PEG-12 Dimethicone Beeswax, 1,2-Hexanediol, Ammonium Acryloyl Dimethyltaurate\/Vp Copolymer, Ascophyllum Nodosum Extract, Caprylyl Glycol, Cetearyl Glucoside, Dimethicone Crosspolymer, Disodium EDTA. Fragrance (Parfum), Mica, Pvp, Silica, Sodium Hyaluronate. Sodium Hydroxide, Titanium Dioxide (CI 77891), Tocopheryl Acetate, Tocopheryl Glucoside, Water (Aqua), Xanthan Gum.<\/p>","protected":false},"excerpt":{"rendered":"<p><\/p>","protected":false},"featured_media":3412,"comment_status":"open","ping_status":"closed","template":"","meta":[],"product_cat":[17,36],"product_tag":[],"berocket_brand":[],"class_list":{"0":"post-141997","1":"product","2":"type-product","3":"status-publish","4":"has-post-thumbnail","6":"product_cat-soin-et-bien-etre","7":"product_cat-visage-soin-et-bien-etre","9":"first","10":"outofstock","11":"shipping-taxable","12":"purchasable","13":"product-type-simple"},"yoast_head":"<!-- This site is optimized with the Yoast SEO plugin v24.8 - https:\/\/yoast.com\/wordpress\/plugins\/seo\/ -->\n<title>PhysioLift Jour Cr\u00e8me Lissante 30ml Avene - Prixgro<\/title>\n<meta name=\"robots\" content=\"index, follow, max-snippet:-1, max-image-preview:large, max-video-preview:-1\" \/>\n<link rel=\"canonical\" href=\"https:\/\/prixgro.com\/ar\/product\/physiolift-jour-creme-lissante-30ml-avene\/\" \/>\n<meta property=\"og:locale\" content=\"ar_AR\" \/>\n<meta property=\"og:type\" content=\"article\" \/>\n<meta property=\"og:title\" content=\"PhysioLift Jour Cr\u00e8me Lissante 30ml Avene - Prixgro\" \/>\n<meta property=\"og:url\" content=\"https:\/\/prixgro.com\/ar\/product\/physiolift-jour-creme-lissante-30ml-avene\/\" \/>\n<meta property=\"og:site_name\" content=\"Prixgro\" \/>\n<meta property=\"article:publisher\" content=\"https:\/\/www.facebook.com\/Pharmacima\" \/>\n<meta property=\"article:modified_time\" content=\"2024-08-08T18:38:37+00:00\" \/>\n<meta property=\"og:image\" content=\"https:\/\/prixgro.com\/wp-content\/uploads\/2023\/09\/PhysioliftJourCremeLissante_Avene-scaled-e1669634502548.jpg\" \/>\n\t<meta property=\"og:image:width\" content=\"500\" \/>\n\t<meta property=\"og:image:height\" content=\"500\" \/>\n\t<meta property=\"og:image:type\" content=\"image\/jpeg\" \/>\n<meta name=\"twitter:card\" content=\"summary_large_image\" \/>\n<meta name=\"twitter:label1\" content=\"\u0648\u0642\u062a \u0627\u0644\u0642\u0631\u0627\u0621\u0629 \u0627\u0644\u0645\u064f\u0642\u062f\u0651\u0631\" \/>\n\t<meta name=\"twitter:data1\" content=\"\u062f\u0642\u064a\u0642\u0629 \u0648\u0627\u062d\u062f\u0629\" \/>\n<script type=\"application\/ld+json\" class=\"yoast-schema-graph\">{\"@context\":\"https:\/\/schema.org\",\"@graph\":[{\"@type\":\"WebPage\",\"@id\":\"https:\/\/prixgro.com\/product\/physiolift-jour-creme-lissante-30ml-avene\/\",\"url\":\"https:\/\/prixgro.com\/product\/physiolift-jour-creme-lissante-30ml-avene\/\",\"name\":\"PhysioLift Jour Cr\u00e8me Lissante 30ml Avene - Prixgro\",\"isPartOf\":{\"@id\":\"https:\/\/prixgro.com\/#website\"},\"primaryImageOfPage\":{\"@id\":\"https:\/\/prixgro.com\/product\/physiolift-jour-creme-lissante-30ml-avene\/#primaryimage\"},\"image\":{\"@id\":\"https:\/\/prixgro.com\/product\/physiolift-jour-creme-lissante-30ml-avene\/#primaryimage\"},\"thumbnailUrl\":\"https:\/\/prixgro.com\/wp-content\/uploads\/2023\/09\/PhysioliftJourCremeLissante_Avene-scaled-e1669634502548.jpg\",\"datePublished\":\"2024-04-09T12:30:29+00:00\",\"dateModified\":\"2024-08-08T18:38:37+00:00\",\"breadcrumb\":{\"@id\":\"https:\/\/prixgro.com\/product\/physiolift-jour-creme-lissante-30ml-avene\/#breadcrumb\"},\"inLanguage\":\"ar\",\"potentialAction\":[{\"@type\":\"ReadAction\",\"target\":[\"https:\/\/prixgro.com\/product\/physiolift-jour-creme-lissante-30ml-avene\/\"]}]},{\"@type\":\"ImageObject\",\"inLanguage\":\"ar\",\"@id\":\"https:\/\/prixgro.com\/product\/physiolift-jour-creme-lissante-30ml-avene\/#primaryimage\",\"url\":\"https:\/\/prixgro.com\/wp-content\/uploads\/2023\/09\/PhysioliftJourCremeLissante_Avene-scaled-e1669634502548.jpg\",\"contentUrl\":\"https:\/\/prixgro.com\/wp-content\/uploads\/2023\/09\/PhysioliftJourCremeLissante_Avene-scaled-e1669634502548.jpg\",\"width\":500,\"height\":500},{\"@type\":\"BreadcrumbList\",\"@id\":\"https:\/\/prixgro.com\/product\/physiolift-jour-creme-lissante-30ml-avene\/#breadcrumb\",\"itemListElement\":[{\"@type\":\"ListItem\",\"position\":1,\"name\":\"Accueil\",\"item\":\"https:\/\/prixgro.com\/\"},{\"@type\":\"ListItem\",\"position\":2,\"name\":\"Boutique en ligne\",\"item\":\"https:\/\/prixgro.com\/shop\/\"},{\"@type\":\"ListItem\",\"position\":3,\"name\":\"PhysioLift Jour Cr\u00e8me Lissante 30ml Avene\"}]},{\"@type\":\"WebSite\",\"@id\":\"https:\/\/prixgro.com\/#website\",\"url\":\"https:\/\/prixgro.com\/\",\"name\":\"Prixgro.com\",\"description\":\"Para Pharmaceutique et Cosm\u00e9tique\",\"publisher\":{\"@id\":\"https:\/\/prixgro.com\/#organization\"},\"potentialAction\":[{\"@type\":\"SearchAction\",\"target\":{\"@type\":\"EntryPoint\",\"urlTemplate\":\"https:\/\/prixgro.com\/?s={search_term_string}\"},\"query-input\":{\"@type\":\"PropertyValueSpecification\",\"valueRequired\":true,\"valueName\":\"search_term_string\"}}],\"inLanguage\":\"ar\"},{\"@type\":\"Organization\",\"@id\":\"https:\/\/prixgro.com\/#organization\",\"name\":\"Prixgro\",\"url\":\"https:\/\/prixgro.com\/\",\"logo\":{\"@type\":\"ImageObject\",\"inLanguage\":\"ar\",\"@id\":\"https:\/\/prixgro.com\/#\/schema\/logo\/image\/\",\"url\":\"https:\/\/prixgro.com\/wp-content\/uploads\/2024\/08\/cropped-Nouveau-projet-2.png\",\"contentUrl\":\"https:\/\/prixgro.com\/wp-content\/uploads\/2024\/08\/cropped-Nouveau-projet-2.png\",\"width\":265,\"height\":62,\"caption\":\"Prixgro\"},\"image\":{\"@id\":\"https:\/\/prixgro.com\/#\/schema\/logo\/image\/\"},\"sameAs\":[\"https:\/\/www.facebook.com\/Pharmacima\"]}]}<\/script>\n<!-- \/ Yoast SEO plugin. -->","yoast_head_json":{"title":"PhysioLift Jour Cr\u00e8me Lissante 30ml Avene - Prixgro","robots":{"index":"index","follow":"follow","max-snippet":"max-snippet:-1","max-image-preview":"max-image-preview:large","max-video-preview":"max-video-preview:-1"},"canonical":"https:\/\/prixgro.com\/ar\/product\/physiolift-jour-creme-lissante-30ml-avene\/","og_locale":"ar_AR","og_type":"article","og_title":"PhysioLift Jour Cr\u00e8me Lissante 30ml Avene - Prixgro","og_url":"https:\/\/prixgro.com\/ar\/product\/physiolift-jour-creme-lissante-30ml-avene\/","og_site_name":"Prixgro","article_publisher":"https:\/\/www.facebook.com\/Pharmacima","article_modified_time":"2024-08-08T18:38:37+00:00","og_image":[{"width":500,"height":500,"url":"https:\/\/prixgro.com\/wp-content\/uploads\/2023\/09\/PhysioliftJourCremeLissante_Avene-scaled-e1669634502548.jpg","type":"image\/jpeg"}],"twitter_card":"summary_large_image","twitter_misc":{"\u0648\u0642\u062a \u0627\u0644\u0642\u0631\u0627\u0621\u0629 \u0627\u0644\u0645\u064f\u0642\u062f\u0651\u0631":"\u062f\u0642\u064a\u0642\u0629 \u0648\u0627\u062d\u062f\u0629"},"schema":{"@context":"https:\/\/schema.org","@graph":[{"@type":"WebPage","@id":"https:\/\/prixgro.com\/product\/physiolift-jour-creme-lissante-30ml-avene\/","url":"https:\/\/prixgro.com\/product\/physiolift-jour-creme-lissante-30ml-avene\/","name":"PhysioLift Jour Cr\u00e8me Lissante 30ml Avene - Prixgro","isPartOf":{"@id":"https:\/\/prixgro.com\/#website"},"primaryImageOfPage":{"@id":"https:\/\/prixgro.com\/product\/physiolift-jour-creme-lissante-30ml-avene\/#primaryimage"},"image":{"@id":"https:\/\/prixgro.com\/product\/physiolift-jour-creme-lissante-30ml-avene\/#primaryimage"},"thumbnailUrl":"https:\/\/prixgro.com\/wp-content\/uploads\/2023\/09\/PhysioliftJourCremeLissante_Avene-scaled-e1669634502548.jpg","datePublished":"2024-04-09T12:30:29+00:00","dateModified":"2024-08-08T18:38:37+00:00","breadcrumb":{"@id":"https:\/\/prixgro.com\/product\/physiolift-jour-creme-lissante-30ml-avene\/#breadcrumb"},"inLanguage":"ar","potentialAction":[{"@type":"ReadAction","target":["https:\/\/prixgro.com\/product\/physiolift-jour-creme-lissante-30ml-avene\/"]}]},{"@type":"ImageObject","inLanguage":"ar","@id":"https:\/\/prixgro.com\/product\/physiolift-jour-creme-lissante-30ml-avene\/#primaryimage","url":"https:\/\/prixgro.com\/wp-content\/uploads\/2023\/09\/PhysioliftJourCremeLissante_Avene-scaled-e1669634502548.jpg","contentUrl":"https:\/\/prixgro.com\/wp-content\/uploads\/2023\/09\/PhysioliftJourCremeLissante_Avene-scaled-e1669634502548.jpg","width":500,"height":500},{"@type":"BreadcrumbList","@id":"https:\/\/prixgro.com\/product\/physiolift-jour-creme-lissante-30ml-avene\/#breadcrumb","itemListElement":[{"@type":"ListItem","position":1,"name":"Accueil","item":"https:\/\/prixgro.com\/"},{"@type":"ListItem","position":2,"name":"Boutique en ligne","item":"https:\/\/prixgro.com\/shop\/"},{"@type":"ListItem","position":3,"name":"PhysioLift Jour Cr\u00e8me Lissante 30ml Avene"}]},{"@type":"WebSite","@id":"https:\/\/prixgro.com\/#website","url":"https:\/\/prixgro.com\/","name":"Prixgro.com","description":"Para Pharmaceutique et Cosm\u00e9tique","publisher":{"@id":"https:\/\/prixgro.com\/#organization"},"potentialAction":[{"@type":"SearchAction","target":{"@type":"EntryPoint","urlTemplate":"https:\/\/prixgro.com\/?s={search_term_string}"},"query-input":{"@type":"PropertyValueSpecification","valueRequired":true,"valueName":"search_term_string"}}],"inLanguage":"ar"},{"@type":"Organization","@id":"https:\/\/prixgro.com\/#organization","name":"Prixgro","url":"https:\/\/prixgro.com\/","logo":{"@type":"ImageObject","inLanguage":"ar","@id":"https:\/\/prixgro.com\/#\/schema\/logo\/image\/","url":"https:\/\/prixgro.com\/wp-content\/uploads\/2024\/08\/cropped-Nouveau-projet-2.png","contentUrl":"https:\/\/prixgro.com\/wp-content\/uploads\/2024\/08\/cropped-Nouveau-projet-2.png","width":265,"height":62,"caption":"Prixgro"},"image":{"@id":"https:\/\/prixgro.com\/#\/schema\/logo\/image\/"},"sameAs":["https:\/\/www.facebook.com\/Pharmacima"]}]}},"_links":{"self":[{"href":"https:\/\/prixgro.com\/ar\/wp-json\/wp\/v2\/product\/141997","targetHints":{"allow":["GET"]}}],"collection":[{"href":"https:\/\/prixgro.com\/ar\/wp-json\/wp\/v2\/product"}],"about":[{"href":"https:\/\/prixgro.com\/ar\/wp-json\/wp\/v2\/types\/product"}],"replies":[{"embeddable":true,"href":"https:\/\/prixgro.com\/ar\/wp-json\/wp\/v2\/comments?post=141997"}],"wp:featuredmedia":[{"embeddable":true,"href":"https:\/\/prixgro.com\/ar\/wp-json\/wp\/v2\/media\/3412"}],"wp:attachment":[{"href":"https:\/\/prixgro.com\/ar\/wp-json\/wp\/v2\/media?parent=141997"}],"wp:term":[{"taxonomy":"product_cat","embeddable":true,"href":"https:\/\/prixgro.com\/ar\/wp-json\/wp\/v2\/product_cat?post=141997"},{"taxonomy":"product_tag","embeddable":true,"href":"https:\/\/prixgro.com\/ar\/wp-json\/wp\/v2\/product_tag?post=141997"},{"taxonomy":"berocket_brand","embeddable":true,"href":"https:\/\/prixgro.com\/ar\/wp-json\/wp\/v2\/berocket_brand?post=141997"}],"curies":[{"name":"wp","href":"https:\/\/api.w.org\/{rel}","templated":true}]}}