{"id":141999,"date":"2024-04-09T14:30:29","date_gmt":"2024-04-09T12:30:29","guid":{"rendered":"https:\/\/cloodmanager.net\/?post_type=product&#038;p=141999"},"modified":"2024-08-11T12:30:02","modified_gmt":"2024-08-11T10:30:02","slug":"facteurs-hydratation-cheveux-ha-serum60ml-the-ordinary","status":"publish","type":"product","link":"https:\/\/prixgro.com\/ar\/product\/facteurs-hydratation-cheveux-ha-serum60ml-the-ordinary\/","title":{"rendered":"Facteurs Hydratation Cheveux + HA serum60ml The Ordinary"},"content":{"rendered":"<h2><strong>DESCRIPTION :\u00a0<\/strong><\/h2>\n<p>Cuir chevelu sec ? Traitez l&#8217;origine du probl\u00e8me.<br \/>\nCe s\u00e9rum l\u00e9ger et laiteux contient des ingr\u00e9dients qui imitent la fonction des facteurs naturels d&#8217;hydratation produits par la peau.<br \/>\nAide \u00e0 prot\u00e9ger la barri\u00e8re cutan\u00e9e du cuir chevelu pour maintenir et favoriser l&#8217;hydratation du cuir chevelu.<\/p>\n<p><strong>Des produits sans ingr\u00e9dient d\u2019origine animale<\/strong><br \/>\n*Bon pour les v\u00e9g\u00e9taliens<\/p>\n<h2><strong>CONSEIL D&#8217;UTILISATION :\u00a0<\/strong><\/h2>\n<p>Appliquez quelques gouttes sur un cuir chevelu propre et sec en massant soigneusement une fois par jour, id\u00e9alement \u00e0 l&#8217;heure du coucher.<br \/>\nCette formule est un traitement \u00e0 laisser agir.<br \/>\nNe lavez pas les cheveux ou le cuir chevelu apr\u00e8s l&#8217;application.<\/p>\n<h2><strong>COMPOSITION :<\/strong><\/h2>\n<p>AQUA (WATER), SODIUM LAURETH SULFATE, POLYSORBATE 20, XANTHAN GUM, TOCOPHEROL, PHYTIC ACID, TRISODIUM ETHYLENEDIAMINE DISUCCINATE, BENZYL ALCOHOL, ETHYLHEXYLGLYCERIN, PHENOXYETHANOL, CHLORPHENESIN.<\/p>","protected":false},"excerpt":{"rendered":"<h2><span style=\"color: #339966;\"><strong><span class=\"show-for-medium product-name\">Hydratant Cuir Chevelu.<\/span><\/strong><\/span><\/h2>\n<h3><strong>Contenance : 60ml<\/strong><\/h3>","protected":false},"featured_media":142761,"comment_status":"open","ping_status":"closed","template":"","meta":[],"product_cat":[126,17],"product_tag":[],"berocket_brand":[460],"class_list":{"0":"post-141999","1":"product","2":"type-product","3":"status-publish","4":"has-post-thumbnail","6":"product_cat-cheveux","7":"product_cat-soin-et-bien-etre","8":"berocket_brand-theordinary","10":"first","11":"instock","12":"shipping-taxable","13":"purchasable","14":"product-type-simple"},"yoast_head":"<!-- This site is optimized with the Yoast SEO plugin v24.8 - https:\/\/yoast.com\/wordpress\/plugins\/seo\/ -->\n<title>Facteurs Hydratation Cheveux + HA serum60ml The Ordinary - Prixgro<\/title>\n<meta name=\"robots\" content=\"index, follow, max-snippet:-1, max-image-preview:large, max-video-preview:-1\" \/>\n<link rel=\"canonical\" href=\"https:\/\/prixgro.com\/ar\/product\/facteurs-hydratation-cheveux-ha-serum60ml-the-ordinary\/\" \/>\n<meta property=\"og:locale\" content=\"ar_AR\" \/>\n<meta property=\"og:type\" content=\"article\" \/>\n<meta property=\"og:title\" content=\"Facteurs Hydratation Cheveux + HA serum60ml The Ordinary - Prixgro\" \/>\n<meta property=\"og:description\" content=\"Hydratant Cuir Chevelu. Contenance : 60ml\" \/>\n<meta property=\"og:url\" content=\"https:\/\/prixgro.com\/ar\/product\/facteurs-hydratation-cheveux-ha-serum60ml-the-ordinary\/\" \/>\n<meta property=\"og:site_name\" content=\"Prixgro\" \/>\n<meta property=\"article:publisher\" content=\"https:\/\/www.facebook.com\/Pharmacima\" \/>\n<meta property=\"article:modified_time\" content=\"2024-08-11T10:30:02+00:00\" \/>\n<meta property=\"og:image\" content=\"https:\/\/prixgro.com\/wp-content\/uploads\/2024\/04\/the-ordinary-7.png\" \/>\n\t<meta property=\"og:image:width\" content=\"540\" \/>\n\t<meta property=\"og:image:height\" content=\"540\" \/>\n\t<meta property=\"og:image:type\" content=\"image\/png\" \/>\n<meta name=\"twitter:card\" content=\"summary_large_image\" \/>\n<meta name=\"twitter:label1\" content=\"\u0648\u0642\u062a \u0627\u0644\u0642\u0631\u0627\u0621\u0629 \u0627\u0644\u0645\u064f\u0642\u062f\u0651\u0631\" \/>\n\t<meta name=\"twitter:data1\" content=\"\u062f\u0642\u064a\u0642\u0629 \u0648\u0627\u062d\u062f\u0629\" \/>\n<script type=\"application\/ld+json\" class=\"yoast-schema-graph\">{\"@context\":\"https:\/\/schema.org\",\"@graph\":[{\"@type\":\"WebPage\",\"@id\":\"https:\/\/prixgro.com\/product\/facteurs-hydratation-cheveux-ha-serum60ml-the-ordinary\/\",\"url\":\"https:\/\/prixgro.com\/product\/facteurs-hydratation-cheveux-ha-serum60ml-the-ordinary\/\",\"name\":\"Facteurs Hydratation Cheveux + HA serum60ml The Ordinary - Prixgro\",\"isPartOf\":{\"@id\":\"https:\/\/prixgro.com\/#website\"},\"primaryImageOfPage\":{\"@id\":\"https:\/\/prixgro.com\/product\/facteurs-hydratation-cheveux-ha-serum60ml-the-ordinary\/#primaryimage\"},\"image\":{\"@id\":\"https:\/\/prixgro.com\/product\/facteurs-hydratation-cheveux-ha-serum60ml-the-ordinary\/#primaryimage\"},\"thumbnailUrl\":\"https:\/\/prixgro.com\/wp-content\/uploads\/2024\/04\/the-ordinary-7.png\",\"datePublished\":\"2024-04-09T12:30:29+00:00\",\"dateModified\":\"2024-08-11T10:30:02+00:00\",\"breadcrumb\":{\"@id\":\"https:\/\/prixgro.com\/product\/facteurs-hydratation-cheveux-ha-serum60ml-the-ordinary\/#breadcrumb\"},\"inLanguage\":\"ar\",\"potentialAction\":[{\"@type\":\"ReadAction\",\"target\":[\"https:\/\/prixgro.com\/product\/facteurs-hydratation-cheveux-ha-serum60ml-the-ordinary\/\"]}]},{\"@type\":\"ImageObject\",\"inLanguage\":\"ar\",\"@id\":\"https:\/\/prixgro.com\/product\/facteurs-hydratation-cheveux-ha-serum60ml-the-ordinary\/#primaryimage\",\"url\":\"https:\/\/prixgro.com\/wp-content\/uploads\/2024\/04\/the-ordinary-7.png\",\"contentUrl\":\"https:\/\/prixgro.com\/wp-content\/uploads\/2024\/04\/the-ordinary-7.png\",\"width\":540,\"height\":540},{\"@type\":\"BreadcrumbList\",\"@id\":\"https:\/\/prixgro.com\/product\/facteurs-hydratation-cheveux-ha-serum60ml-the-ordinary\/#breadcrumb\",\"itemListElement\":[{\"@type\":\"ListItem\",\"position\":1,\"name\":\"Accueil\",\"item\":\"https:\/\/prixgro.com\/\"},{\"@type\":\"ListItem\",\"position\":2,\"name\":\"Boutique en ligne\",\"item\":\"https:\/\/prixgro.com\/shop\/\"},{\"@type\":\"ListItem\",\"position\":3,\"name\":\"Facteurs Hydratation Cheveux + HA serum60ml The Ordinary\"}]},{\"@type\":\"WebSite\",\"@id\":\"https:\/\/prixgro.com\/#website\",\"url\":\"https:\/\/prixgro.com\/\",\"name\":\"Prixgro.com\",\"description\":\"Para Pharmaceutique et Cosm\u00e9tique\",\"publisher\":{\"@id\":\"https:\/\/prixgro.com\/#organization\"},\"potentialAction\":[{\"@type\":\"SearchAction\",\"target\":{\"@type\":\"EntryPoint\",\"urlTemplate\":\"https:\/\/prixgro.com\/?s={search_term_string}\"},\"query-input\":{\"@type\":\"PropertyValueSpecification\",\"valueRequired\":true,\"valueName\":\"search_term_string\"}}],\"inLanguage\":\"ar\"},{\"@type\":\"Organization\",\"@id\":\"https:\/\/prixgro.com\/#organization\",\"name\":\"Prixgro\",\"url\":\"https:\/\/prixgro.com\/\",\"logo\":{\"@type\":\"ImageObject\",\"inLanguage\":\"ar\",\"@id\":\"https:\/\/prixgro.com\/#\/schema\/logo\/image\/\",\"url\":\"https:\/\/prixgro.com\/wp-content\/uploads\/2024\/08\/cropped-Nouveau-projet-2.png\",\"contentUrl\":\"https:\/\/prixgro.com\/wp-content\/uploads\/2024\/08\/cropped-Nouveau-projet-2.png\",\"width\":265,\"height\":62,\"caption\":\"Prixgro\"},\"image\":{\"@id\":\"https:\/\/prixgro.com\/#\/schema\/logo\/image\/\"},\"sameAs\":[\"https:\/\/www.facebook.com\/Pharmacima\"]}]}<\/script>\n<!-- \/ Yoast SEO plugin. -->","yoast_head_json":{"title":"Facteurs Hydratation Cheveux + HA serum60ml The Ordinary - Prixgro","robots":{"index":"index","follow":"follow","max-snippet":"max-snippet:-1","max-image-preview":"max-image-preview:large","max-video-preview":"max-video-preview:-1"},"canonical":"https:\/\/prixgro.com\/ar\/product\/facteurs-hydratation-cheveux-ha-serum60ml-the-ordinary\/","og_locale":"ar_AR","og_type":"article","og_title":"Facteurs Hydratation Cheveux + HA serum60ml The Ordinary - Prixgro","og_description":"Hydratant Cuir Chevelu. Contenance : 60ml","og_url":"https:\/\/prixgro.com\/ar\/product\/facteurs-hydratation-cheveux-ha-serum60ml-the-ordinary\/","og_site_name":"Prixgro","article_publisher":"https:\/\/www.facebook.com\/Pharmacima","article_modified_time":"2024-08-11T10:30:02+00:00","og_image":[{"width":540,"height":540,"url":"https:\/\/prixgro.com\/wp-content\/uploads\/2024\/04\/the-ordinary-7.png","type":"image\/png"}],"twitter_card":"summary_large_image","twitter_misc":{"\u0648\u0642\u062a \u0627\u0644\u0642\u0631\u0627\u0621\u0629 \u0627\u0644\u0645\u064f\u0642\u062f\u0651\u0631":"\u062f\u0642\u064a\u0642\u0629 \u0648\u0627\u062d\u062f\u0629"},"schema":{"@context":"https:\/\/schema.org","@graph":[{"@type":"WebPage","@id":"https:\/\/prixgro.com\/product\/facteurs-hydratation-cheveux-ha-serum60ml-the-ordinary\/","url":"https:\/\/prixgro.com\/product\/facteurs-hydratation-cheveux-ha-serum60ml-the-ordinary\/","name":"Facteurs Hydratation Cheveux + HA serum60ml The Ordinary - Prixgro","isPartOf":{"@id":"https:\/\/prixgro.com\/#website"},"primaryImageOfPage":{"@id":"https:\/\/prixgro.com\/product\/facteurs-hydratation-cheveux-ha-serum60ml-the-ordinary\/#primaryimage"},"image":{"@id":"https:\/\/prixgro.com\/product\/facteurs-hydratation-cheveux-ha-serum60ml-the-ordinary\/#primaryimage"},"thumbnailUrl":"https:\/\/prixgro.com\/wp-content\/uploads\/2024\/04\/the-ordinary-7.png","datePublished":"2024-04-09T12:30:29+00:00","dateModified":"2024-08-11T10:30:02+00:00","breadcrumb":{"@id":"https:\/\/prixgro.com\/product\/facteurs-hydratation-cheveux-ha-serum60ml-the-ordinary\/#breadcrumb"},"inLanguage":"ar","potentialAction":[{"@type":"ReadAction","target":["https:\/\/prixgro.com\/product\/facteurs-hydratation-cheveux-ha-serum60ml-the-ordinary\/"]}]},{"@type":"ImageObject","inLanguage":"ar","@id":"https:\/\/prixgro.com\/product\/facteurs-hydratation-cheveux-ha-serum60ml-the-ordinary\/#primaryimage","url":"https:\/\/prixgro.com\/wp-content\/uploads\/2024\/04\/the-ordinary-7.png","contentUrl":"https:\/\/prixgro.com\/wp-content\/uploads\/2024\/04\/the-ordinary-7.png","width":540,"height":540},{"@type":"BreadcrumbList","@id":"https:\/\/prixgro.com\/product\/facteurs-hydratation-cheveux-ha-serum60ml-the-ordinary\/#breadcrumb","itemListElement":[{"@type":"ListItem","position":1,"name":"Accueil","item":"https:\/\/prixgro.com\/"},{"@type":"ListItem","position":2,"name":"Boutique en ligne","item":"https:\/\/prixgro.com\/shop\/"},{"@type":"ListItem","position":3,"name":"Facteurs Hydratation Cheveux + HA serum60ml The Ordinary"}]},{"@type":"WebSite","@id":"https:\/\/prixgro.com\/#website","url":"https:\/\/prixgro.com\/","name":"Prixgro.com","description":"Para Pharmaceutique et Cosm\u00e9tique","publisher":{"@id":"https:\/\/prixgro.com\/#organization"},"potentialAction":[{"@type":"SearchAction","target":{"@type":"EntryPoint","urlTemplate":"https:\/\/prixgro.com\/?s={search_term_string}"},"query-input":{"@type":"PropertyValueSpecification","valueRequired":true,"valueName":"search_term_string"}}],"inLanguage":"ar"},{"@type":"Organization","@id":"https:\/\/prixgro.com\/#organization","name":"Prixgro","url":"https:\/\/prixgro.com\/","logo":{"@type":"ImageObject","inLanguage":"ar","@id":"https:\/\/prixgro.com\/#\/schema\/logo\/image\/","url":"https:\/\/prixgro.com\/wp-content\/uploads\/2024\/08\/cropped-Nouveau-projet-2.png","contentUrl":"https:\/\/prixgro.com\/wp-content\/uploads\/2024\/08\/cropped-Nouveau-projet-2.png","width":265,"height":62,"caption":"Prixgro"},"image":{"@id":"https:\/\/prixgro.com\/#\/schema\/logo\/image\/"},"sameAs":["https:\/\/www.facebook.com\/Pharmacima"]}]}},"_links":{"self":[{"href":"https:\/\/prixgro.com\/ar\/wp-json\/wp\/v2\/product\/141999","targetHints":{"allow":["GET"]}}],"collection":[{"href":"https:\/\/prixgro.com\/ar\/wp-json\/wp\/v2\/product"}],"about":[{"href":"https:\/\/prixgro.com\/ar\/wp-json\/wp\/v2\/types\/product"}],"replies":[{"embeddable":true,"href":"https:\/\/prixgro.com\/ar\/wp-json\/wp\/v2\/comments?post=141999"}],"wp:featuredmedia":[{"embeddable":true,"href":"https:\/\/prixgro.com\/ar\/wp-json\/wp\/v2\/media\/142761"}],"wp:attachment":[{"href":"https:\/\/prixgro.com\/ar\/wp-json\/wp\/v2\/media?parent=141999"}],"wp:term":[{"taxonomy":"product_cat","embeddable":true,"href":"https:\/\/prixgro.com\/ar\/wp-json\/wp\/v2\/product_cat?post=141999"},{"taxonomy":"product_tag","embeddable":true,"href":"https:\/\/prixgro.com\/ar\/wp-json\/wp\/v2\/product_tag?post=141999"},{"taxonomy":"berocket_brand","embeddable":true,"href":"https:\/\/prixgro.com\/ar\/wp-json\/wp\/v2\/berocket_brand?post=141999"}],"curies":[{"name":"wp","href":"https:\/\/api.w.org\/{rel}","templated":true}]}}