{"id":142023,"date":"2024-04-09T14:30:39","date_gmt":"2024-04-09T12:30:39","guid":{"rendered":"https:\/\/cloodmanager.net\/?post_type=product&#038;p=142023"},"modified":"2024-08-08T20:41:31","modified_gmt":"2024-08-08T18:41:31","slug":"revitalift-filler-acide-hyaluronique-yeux-15ml-loreal","status":"publish","type":"product","link":"https:\/\/prixgro.com\/ar\/product\/revitalift-filler-acide-hyaluronique-yeux-15ml-loreal\/","title":{"rendered":"Revitalift Filler Acide Hyaluronique Yeux 15ml L\u2019oreal"},"content":{"rendered":"<h2><strong>DESCRIPTION :\u00a0<\/strong><\/h2>\n<div data-section-id=\"pdp-section-product-tabs\">\n<section class=\"l-section h-no-margin\">\n<div class=\"l-section__row\" data-component=\"global\/Reloadable\" data-js-product-rich-tabs=\"\" data-component-id=\"Reloadable_estlti3cdx\">\n<div class=\"c-section__content\">\n<div class=\"c-tabs m-pdp m-secondary\" data-component=\"global\/Tabs\" data-analytics=\"{}\" data-component-id=\"Tabs_eeegplhcrf7\">\n<div class=\"c-tabs__content\" data-js-tab-content=\"\">\n<div id=\"Tabs_eeegplhcrf7_panel_0\" class=\"c-tabs__panel h-text-no-wrap-content m-active\" role=\"tabpanel\" data-js-tab-panel=\"\" data-tab-hash=\"description\" data-js-layout=\"\" aria-labelledby=\"Tabs_eeegplhcrf7_control_0\">\n<div class=\"c-content-tile m-stack-for-small\">\n<div class=\"c-content-tile__section c-content-tile__content\">\n<p>Le soin Revitalift Filler HA Yeux contient la plus haute concentration d\u2019acide hyaluronique jamais formul\u00e9e dans un soin yeux l\u2019Or\u00e9al Paris.<\/p>\n<p>DES R\u00c9SULTATS ANTI AGE VISIBLES<br \/>Jour apr\u00e8s jour, le soin des yeux comble les rides et repulpe la vall\u00e9e des larmes. Vous retrouvez un regard vif, comme revolumis\u00e9.<\/p>\n<p>Comble les rides et repulpe la vall\u00e9e des larmes<\/p>\n<p>D\u00e8s 4 heures : peau parfaitement hydrat\u00e9e, plus tonique (+23%) et plus ferme (+14%)<br \/>D\u00e8s 4 semaines : rides de la patte d&#8217;oie r\u00e9duites (-11%) et vall\u00e9e des larmes moins creus\u00e9e (-10%). Regard transform\u00e9<br \/>Rituel anti-rides + volume conseill\u00e9<\/p>\n<\/div>\n<h2><strong>CONSEIL D&#8217;UTILISATION :\u00a0<\/strong><\/h2>\n<div data-section-id=\"pdp-section-product-tabs\">\n<section class=\"l-section h-no-margin\">\n<div class=\"l-section__row\" data-component=\"global\/Reloadable\" data-js-product-rich-tabs=\"\" data-component-id=\"Reloadable_estlti3cdx\">\n<div class=\"c-section__content\">\n<div class=\"c-tabs m-pdp m-secondary\" data-component=\"global\/Tabs\" data-analytics=\"{}\" data-component-id=\"Tabs_eeegplhcrf7\">\n<div class=\"c-tabs__content\" data-js-tab-content=\"\">\n<div id=\"Tabs_eeegplhcrf7_panel_1\" class=\"c-tabs__panel h-text-no-wrap-content m-active\" role=\"tabpanel\" data-js-tab-panel=\"\" data-tab-hash=\"conseils-d'application\" data-js-layout=\"\">\n<p>S&#8217;utilise matin et soir. D\u00e9poser une noisette de cr\u00e8me \u00e0 l&#8217;aide de l&#8217;embout rond dans le creux de la vall\u00e9e des larmes, puis masser de l&#8217;int\u00e9rieur de l&#8217;\u0153il vers l&#8217;ext\u00e9rieur.<\/p>\n<p>D\u00e9poser une noisette de cr\u00e8me \u00e0 l&#8217;aide de l&#8217;embout rond dans le creux de la vall\u00e9e des larmes, puis masser de l&#8217;int\u00e9rieur de l&#8217;\u0153il vers l&#8217;ext\u00e9rieur.<\/p>\n<\/div>\n<h2 role=\"tabpanel\" data-tab-hash=\"conseils-d'application\"><strong>COMPOSITION :\u00a0<\/strong><\/h2>\n<p>INGREDIENTS: AQUA \/ WATER \u2022 GLYCERIN \u2022 DIMETHICONE \u2022 ISOHEXADECANE \u2022 HYDROXYETHYLPIPERAZINE ETHANE SULFONIC ACID \u2022 ALCOHOL DENAT. \u2022 DIPROPYLENE GLYCOL \u2022 SYNTHETIC WAX \u2022 SECALE CEREALE SEED EXTRACT \/ RYE SEED EXTRACT \u2022 TOCOPHEROL \u2022 SODIUM ACRYLATES COPOLYMER \u2022 SODIUM HYALURONATE \u2022 SODIUM CITRATE \u2022 PHENOXYETHANOL \u2022 ADENOSINE \u2022 STEARYL ALCOHOL \u2022 CAFFEINE \u2022 PEG-10 DIMETHICONE \u2022 PEG-30 DIPOLYHYDROXYSTEARATE \u2022 NYLON-12 \u2022 DIMETHICONE\/PEG-10\/15 CROSSPOLYMER \u2022 DIMETHICONE\/POLYGLYCERIN-3 CROSSPOLYMER \u2022 PENTYLENE GLYCOL \u2022 ISOPROPYL ALCOHOL \u2022 CAPRYLIC\/CAPRIC TRIGLYCERIDE \u2022 CAPRYLYL GLYCOL \u2022 DIPOTASSIUM GLYCYRRHIZATE \u2022 SORBITAN OLEATE \u2022 DISTEARDIMONIUM HECTORITE \u2022 DISODIUM EDTA<\/p>\n<\/div>\n<\/div>\n<\/div>\n<\/div>\n<\/section>\n<\/div>\n<\/div>\n<\/div>\n<\/div>\n<\/div>\n<\/div>\n<\/div>\n<\/section>\n<\/div>","protected":false},"excerpt":{"rendered":"<h3><span style=\"color: #993366\" data-mce-style=\"color: #993366;\"><strong><span class=\"c-product-main__subtitle\">Soin Yeux Revolumisant Anti-rides.<\/span><\/strong><\/span><\/h3>\n<h3><strong>Contenance : 15ml\u00a0\u00a0<\/strong><\/h3>","protected":false},"featured_media":3482,"comment_status":"open","ping_status":"closed","template":"","meta":[],"product_cat":[17,68],"product_tag":[],"berocket_brand":[],"class_list":{"0":"post-142023","1":"product","2":"type-product","3":"status-publish","4":"has-post-thumbnail","6":"product_cat-soin-et-bien-etre","7":"product_cat-yeux","9":"first","10":"outofstock","11":"shipping-taxable","12":"purchasable","13":"product-type-simple"},"yoast_head":"<!-- This site is optimized with the Yoast SEO plugin v24.8 - https:\/\/yoast.com\/wordpress\/plugins\/seo\/ -->\n<title>Revitalift Filler Acide Hyaluronique Yeux 15ml L\u2019oreal - Prixgro<\/title>\n<meta name=\"robots\" content=\"index, follow, max-snippet:-1, max-image-preview:large, max-video-preview:-1\" \/>\n<link rel=\"canonical\" href=\"https:\/\/prixgro.com\/ar\/product\/revitalift-filler-acide-hyaluronique-yeux-15ml-loreal\/\" \/>\n<meta property=\"og:locale\" content=\"ar_AR\" \/>\n<meta property=\"og:type\" content=\"article\" \/>\n<meta property=\"og:title\" content=\"Revitalift Filler Acide Hyaluronique Yeux 15ml L\u2019oreal - Prixgro\" \/>\n<meta property=\"og:description\" content=\"Soin Yeux Revolumisant Anti-rides.Contenance : 15ml\u00a0\u00a0\" \/>\n<meta property=\"og:url\" content=\"https:\/\/prixgro.com\/ar\/product\/revitalift-filler-acide-hyaluronique-yeux-15ml-loreal\/\" \/>\n<meta property=\"og:site_name\" content=\"Prixgro\" \/>\n<meta property=\"article:publisher\" content=\"https:\/\/www.facebook.com\/Pharmacima\" \/>\n<meta property=\"article:modified_time\" content=\"2024-08-08T18:41:31+00:00\" \/>\n<meta property=\"og:image\" content=\"https:\/\/prixgro.com\/wp-content\/uploads\/2023\/09\/3600523201563_1.jpg\" \/>\n\t<meta property=\"og:image:width\" content=\"465\" \/>\n\t<meta property=\"og:image:height\" content=\"465\" \/>\n\t<meta property=\"og:image:type\" content=\"image\/jpeg\" \/>\n<meta name=\"twitter:card\" content=\"summary_large_image\" \/>\n<meta name=\"twitter:label1\" content=\"\u0648\u0642\u062a \u0627\u0644\u0642\u0631\u0627\u0621\u0629 \u0627\u0644\u0645\u064f\u0642\u062f\u0651\u0631\" \/>\n\t<meta name=\"twitter:data1\" content=\"\u062f\u0642\u064a\u0642\u0629 \u0648\u0627\u062d\u062f\u0629\" \/>\n<script type=\"application\/ld+json\" class=\"yoast-schema-graph\">{\"@context\":\"https:\/\/schema.org\",\"@graph\":[{\"@type\":\"WebPage\",\"@id\":\"https:\/\/prixgro.com\/product\/revitalift-filler-acide-hyaluronique-yeux-15ml-loreal\/\",\"url\":\"https:\/\/prixgro.com\/product\/revitalift-filler-acide-hyaluronique-yeux-15ml-loreal\/\",\"name\":\"Revitalift Filler Acide Hyaluronique Yeux 15ml L\u2019oreal - Prixgro\",\"isPartOf\":{\"@id\":\"https:\/\/prixgro.com\/#website\"},\"primaryImageOfPage\":{\"@id\":\"https:\/\/prixgro.com\/product\/revitalift-filler-acide-hyaluronique-yeux-15ml-loreal\/#primaryimage\"},\"image\":{\"@id\":\"https:\/\/prixgro.com\/product\/revitalift-filler-acide-hyaluronique-yeux-15ml-loreal\/#primaryimage\"},\"thumbnailUrl\":\"https:\/\/prixgro.com\/wp-content\/uploads\/2023\/09\/3600523201563_1.jpg\",\"datePublished\":\"2024-04-09T12:30:39+00:00\",\"dateModified\":\"2024-08-08T18:41:31+00:00\",\"breadcrumb\":{\"@id\":\"https:\/\/prixgro.com\/product\/revitalift-filler-acide-hyaluronique-yeux-15ml-loreal\/#breadcrumb\"},\"inLanguage\":\"ar\",\"potentialAction\":[{\"@type\":\"ReadAction\",\"target\":[\"https:\/\/prixgro.com\/product\/revitalift-filler-acide-hyaluronique-yeux-15ml-loreal\/\"]}]},{\"@type\":\"ImageObject\",\"inLanguage\":\"ar\",\"@id\":\"https:\/\/prixgro.com\/product\/revitalift-filler-acide-hyaluronique-yeux-15ml-loreal\/#primaryimage\",\"url\":\"https:\/\/prixgro.com\/wp-content\/uploads\/2023\/09\/3600523201563_1.jpg\",\"contentUrl\":\"https:\/\/prixgro.com\/wp-content\/uploads\/2023\/09\/3600523201563_1.jpg\",\"width\":465,\"height\":465},{\"@type\":\"BreadcrumbList\",\"@id\":\"https:\/\/prixgro.com\/product\/revitalift-filler-acide-hyaluronique-yeux-15ml-loreal\/#breadcrumb\",\"itemListElement\":[{\"@type\":\"ListItem\",\"position\":1,\"name\":\"Accueil\",\"item\":\"https:\/\/prixgro.com\/\"},{\"@type\":\"ListItem\",\"position\":2,\"name\":\"Boutique en ligne\",\"item\":\"https:\/\/prixgro.com\/shop\/\"},{\"@type\":\"ListItem\",\"position\":3,\"name\":\"Revitalift Filler Acide Hyaluronique Yeux 15ml L\u2019oreal\"}]},{\"@type\":\"WebSite\",\"@id\":\"https:\/\/prixgro.com\/#website\",\"url\":\"https:\/\/prixgro.com\/\",\"name\":\"Prixgro.com\",\"description\":\"Para Pharmaceutique et Cosm\u00e9tique\",\"publisher\":{\"@id\":\"https:\/\/prixgro.com\/#organization\"},\"potentialAction\":[{\"@type\":\"SearchAction\",\"target\":{\"@type\":\"EntryPoint\",\"urlTemplate\":\"https:\/\/prixgro.com\/?s={search_term_string}\"},\"query-input\":{\"@type\":\"PropertyValueSpecification\",\"valueRequired\":true,\"valueName\":\"search_term_string\"}}],\"inLanguage\":\"ar\"},{\"@type\":\"Organization\",\"@id\":\"https:\/\/prixgro.com\/#organization\",\"name\":\"Prixgro\",\"url\":\"https:\/\/prixgro.com\/\",\"logo\":{\"@type\":\"ImageObject\",\"inLanguage\":\"ar\",\"@id\":\"https:\/\/prixgro.com\/#\/schema\/logo\/image\/\",\"url\":\"https:\/\/prixgro.com\/wp-content\/uploads\/2024\/08\/cropped-Nouveau-projet-2.png\",\"contentUrl\":\"https:\/\/prixgro.com\/wp-content\/uploads\/2024\/08\/cropped-Nouveau-projet-2.png\",\"width\":265,\"height\":62,\"caption\":\"Prixgro\"},\"image\":{\"@id\":\"https:\/\/prixgro.com\/#\/schema\/logo\/image\/\"},\"sameAs\":[\"https:\/\/www.facebook.com\/Pharmacima\"]}]}<\/script>\n<!-- \/ Yoast SEO plugin. -->","yoast_head_json":{"title":"Revitalift Filler Acide Hyaluronique Yeux 15ml L\u2019oreal - Prixgro","robots":{"index":"index","follow":"follow","max-snippet":"max-snippet:-1","max-image-preview":"max-image-preview:large","max-video-preview":"max-video-preview:-1"},"canonical":"https:\/\/prixgro.com\/ar\/product\/revitalift-filler-acide-hyaluronique-yeux-15ml-loreal\/","og_locale":"ar_AR","og_type":"article","og_title":"Revitalift Filler Acide Hyaluronique Yeux 15ml L\u2019oreal - Prixgro","og_description":"Soin Yeux Revolumisant Anti-rides.Contenance : 15ml\u00a0\u00a0","og_url":"https:\/\/prixgro.com\/ar\/product\/revitalift-filler-acide-hyaluronique-yeux-15ml-loreal\/","og_site_name":"Prixgro","article_publisher":"https:\/\/www.facebook.com\/Pharmacima","article_modified_time":"2024-08-08T18:41:31+00:00","og_image":[{"width":465,"height":465,"url":"https:\/\/prixgro.com\/wp-content\/uploads\/2023\/09\/3600523201563_1.jpg","type":"image\/jpeg"}],"twitter_card":"summary_large_image","twitter_misc":{"\u0648\u0642\u062a \u0627\u0644\u0642\u0631\u0627\u0621\u0629 \u0627\u0644\u0645\u064f\u0642\u062f\u0651\u0631":"\u062f\u0642\u064a\u0642\u0629 \u0648\u0627\u062d\u062f\u0629"},"schema":{"@context":"https:\/\/schema.org","@graph":[{"@type":"WebPage","@id":"https:\/\/prixgro.com\/product\/revitalift-filler-acide-hyaluronique-yeux-15ml-loreal\/","url":"https:\/\/prixgro.com\/product\/revitalift-filler-acide-hyaluronique-yeux-15ml-loreal\/","name":"Revitalift Filler Acide Hyaluronique Yeux 15ml L\u2019oreal - Prixgro","isPartOf":{"@id":"https:\/\/prixgro.com\/#website"},"primaryImageOfPage":{"@id":"https:\/\/prixgro.com\/product\/revitalift-filler-acide-hyaluronique-yeux-15ml-loreal\/#primaryimage"},"image":{"@id":"https:\/\/prixgro.com\/product\/revitalift-filler-acide-hyaluronique-yeux-15ml-loreal\/#primaryimage"},"thumbnailUrl":"https:\/\/prixgro.com\/wp-content\/uploads\/2023\/09\/3600523201563_1.jpg","datePublished":"2024-04-09T12:30:39+00:00","dateModified":"2024-08-08T18:41:31+00:00","breadcrumb":{"@id":"https:\/\/prixgro.com\/product\/revitalift-filler-acide-hyaluronique-yeux-15ml-loreal\/#breadcrumb"},"inLanguage":"ar","potentialAction":[{"@type":"ReadAction","target":["https:\/\/prixgro.com\/product\/revitalift-filler-acide-hyaluronique-yeux-15ml-loreal\/"]}]},{"@type":"ImageObject","inLanguage":"ar","@id":"https:\/\/prixgro.com\/product\/revitalift-filler-acide-hyaluronique-yeux-15ml-loreal\/#primaryimage","url":"https:\/\/prixgro.com\/wp-content\/uploads\/2023\/09\/3600523201563_1.jpg","contentUrl":"https:\/\/prixgro.com\/wp-content\/uploads\/2023\/09\/3600523201563_1.jpg","width":465,"height":465},{"@type":"BreadcrumbList","@id":"https:\/\/prixgro.com\/product\/revitalift-filler-acide-hyaluronique-yeux-15ml-loreal\/#breadcrumb","itemListElement":[{"@type":"ListItem","position":1,"name":"Accueil","item":"https:\/\/prixgro.com\/"},{"@type":"ListItem","position":2,"name":"Boutique en ligne","item":"https:\/\/prixgro.com\/shop\/"},{"@type":"ListItem","position":3,"name":"Revitalift Filler Acide Hyaluronique Yeux 15ml L\u2019oreal"}]},{"@type":"WebSite","@id":"https:\/\/prixgro.com\/#website","url":"https:\/\/prixgro.com\/","name":"Prixgro.com","description":"Para Pharmaceutique et Cosm\u00e9tique","publisher":{"@id":"https:\/\/prixgro.com\/#organization"},"potentialAction":[{"@type":"SearchAction","target":{"@type":"EntryPoint","urlTemplate":"https:\/\/prixgro.com\/?s={search_term_string}"},"query-input":{"@type":"PropertyValueSpecification","valueRequired":true,"valueName":"search_term_string"}}],"inLanguage":"ar"},{"@type":"Organization","@id":"https:\/\/prixgro.com\/#organization","name":"Prixgro","url":"https:\/\/prixgro.com\/","logo":{"@type":"ImageObject","inLanguage":"ar","@id":"https:\/\/prixgro.com\/#\/schema\/logo\/image\/","url":"https:\/\/prixgro.com\/wp-content\/uploads\/2024\/08\/cropped-Nouveau-projet-2.png","contentUrl":"https:\/\/prixgro.com\/wp-content\/uploads\/2024\/08\/cropped-Nouveau-projet-2.png","width":265,"height":62,"caption":"Prixgro"},"image":{"@id":"https:\/\/prixgro.com\/#\/schema\/logo\/image\/"},"sameAs":["https:\/\/www.facebook.com\/Pharmacima"]}]}},"_links":{"self":[{"href":"https:\/\/prixgro.com\/ar\/wp-json\/wp\/v2\/product\/142023","targetHints":{"allow":["GET"]}}],"collection":[{"href":"https:\/\/prixgro.com\/ar\/wp-json\/wp\/v2\/product"}],"about":[{"href":"https:\/\/prixgro.com\/ar\/wp-json\/wp\/v2\/types\/product"}],"replies":[{"embeddable":true,"href":"https:\/\/prixgro.com\/ar\/wp-json\/wp\/v2\/comments?post=142023"}],"wp:featuredmedia":[{"embeddable":true,"href":"https:\/\/prixgro.com\/ar\/wp-json\/wp\/v2\/media\/3482"}],"wp:attachment":[{"href":"https:\/\/prixgro.com\/ar\/wp-json\/wp\/v2\/media?parent=142023"}],"wp:term":[{"taxonomy":"product_cat","embeddable":true,"href":"https:\/\/prixgro.com\/ar\/wp-json\/wp\/v2\/product_cat?post=142023"},{"taxonomy":"product_tag","embeddable":true,"href":"https:\/\/prixgro.com\/ar\/wp-json\/wp\/v2\/product_tag?post=142023"},{"taxonomy":"berocket_brand","embeddable":true,"href":"https:\/\/prixgro.com\/ar\/wp-json\/wp\/v2\/berocket_brand?post=142023"}],"curies":[{"name":"wp","href":"https:\/\/api.w.org\/{rel}","templated":true}]}}