{"id":142025,"date":"2024-04-09T14:30:40","date_gmt":"2024-04-09T12:30:40","guid":{"rendered":"https:\/\/cloodmanager.net\/?post_type=product&#038;p=142025"},"modified":"2024-08-08T20:43:20","modified_gmt":"2024-08-08T18:43:20","slug":"revitalift-filler-ampoules-repulpantes-loreal","status":"publish","type":"product","link":"https:\/\/prixgro.com\/ar\/product\/revitalift-filler-ampoules-repulpantes-loreal\/","title":{"rendered":"Revitalift Filler Ampoules repulpantes L\u2019oreal"},"content":{"rendered":"<h2><strong>DESCRIPTION :\u00a0<\/strong><\/h2>\n<p>Les ampoules repulpantes Hyaluro-cure de Revitalift Filler permettent de repulper la peau en 7 jours seulement. Compos\u00e9es d&#8217;acide hyaluronique pur et de vitamine B5, elles aident \u00e0 lisser et r\u00e9hydrater la peau sur 6 zones cibl\u00e9es.<\/p>\n<p>Repulpe, lisse et r\u00e9hydrate la peau, apaise et revitalise<\/p>\n<p>D\u00e8s la premi\u00e8re ampoule : peau intens\u00e9ment hydrat\u00e9e<br \/>Apr\u00e8s 7 ampoules : peau repulp\u00e9e et visiblement plus jeune<\/p>\n<h2><strong>CONSEIL D&#8217;UTILISATION :\u00a0<\/strong><\/h2>\n<p>1. Donner un coup sec sur la partie sup\u00e9rieure de l&#8217;ampoule afin que le produit redescende int\u00e9gralement.<br \/>2. Ouvrir l&#8217;ampoule en exer\u00e7ant une l\u00e9g\u00e8re pression sur la partie sup\u00e9rieure.<br \/>3. Verser le contenu de l&#8217;ampoule dans la paume de la main, et appliquer sur le visage et le cou. Attendre que le produit soit compl\u00e8tement absorb\u00e9 et poursuivre votre routine de soin habituelle.<br \/>Appliquer une ampoule chaque matin, avant votre soin quotidien, sur une peau parfaitement nettoy\u00e9e et s\u00e9ch\u00e9e.<br \/>Peut s&#8217;appliquer le soir avant de sortir.<\/p>\n<h2><strong>COMPOSITION :<\/strong><\/h2>\n<p>INGREDIENTS: AQUA \/ WATER \u2022 GLYCERIN \u2022 HYDROXYETHYLPIPERAZINE ETHANE SULFONIC ACID \u2022 SODIUM HYALURONATE \u2022 DIPEPTIDE DIAMINOBUTYROYL BENZYLAMIDE DIACETATE \u2022 SECALE CEREALE SEED EXTRACT \/ RYE SEED EXTRACT \u2022 SODIUM ACETYLATED HYALURONATE \u2022 ASCORBYL GLUCOSIDE \u2022 CALCIUM PANTOTHENATE \u2022 HYDROXYPROPYL GUAR \u2022 PEG-60 HYDROGENATED CASTOR OIL \u2022 PENTYLENE GLYCOL \u2022 XANTHAN GUM \u2022 CHLORPHENESIN \u2022 PHENOXYETHANOL (F.I.L. B250824\/1).<\/p>","protected":false},"excerpt":{"rendered":"<h3><span style=\"color: #993366\" data-mce-style=\"color: #993366;\"><strong><span class=\"c-product-main__subtitle\">Cure de 7 jours d&#8217;ampoules repulpantes.<\/span><\/strong><\/span><\/h3>\n<h3><strong>Contenance : 7&#215;1.3ml Ampoules\u00a0<\/strong><\/h3>\n<div class=\"c-product-main__rating\">\n<div data-bv-show=\"rating_summary\" data-component=\"product\/BazaarvoiceRatingsSummary\" data-bv-productid=\"OAP6948\" data-bv-redirect-url=\"\/revitalift-filler-acide-hyaluronique\/revitalift-filler-acide-hyaluronique-ampoules-repulpantes-hyaluro-cure\/OAP6948.html\" data-component-id=\"BazaarvoiceRatingsSummary_5p7q1bmkk9v\" data-bv-ready=\"true\">\n<div class=\"bv_main_container\"><\/div>\n<\/div>\n<\/div>","protected":false},"featured_media":3492,"comment_status":"open","ping_status":"closed","template":"","meta":[],"product_cat":[98,17,36],"product_tag":[],"berocket_brand":[],"class_list":{"0":"post-142025","1":"product","2":"type-product","3":"status-publish","4":"has-post-thumbnail","6":"product_cat-cou","7":"product_cat-soin-et-bien-etre","8":"product_cat-visage-soin-et-bien-etre","10":"first","11":"outofstock","12":"shipping-taxable","13":"purchasable","14":"product-type-simple"},"yoast_head":"<!-- This site is optimized with the Yoast SEO plugin v24.8 - https:\/\/yoast.com\/wordpress\/plugins\/seo\/ -->\n<title>Revitalift Filler Ampoules repulpantes L\u2019oreal - Prixgro<\/title>\n<meta name=\"robots\" content=\"index, follow, max-snippet:-1, max-image-preview:large, max-video-preview:-1\" \/>\n<link rel=\"canonical\" href=\"https:\/\/prixgro.com\/ar\/product\/revitalift-filler-ampoules-repulpantes-loreal\/\" \/>\n<meta property=\"og:locale\" content=\"ar_AR\" \/>\n<meta property=\"og:type\" content=\"article\" \/>\n<meta property=\"og:title\" content=\"Revitalift Filler Ampoules repulpantes L\u2019oreal - Prixgro\" \/>\n<meta property=\"og:description\" content=\"Cure de 7 jours d&#039;ampoules repulpantes.Contenance : 7x1.3ml Ampoules\u00a0\" \/>\n<meta property=\"og:url\" content=\"https:\/\/prixgro.com\/ar\/product\/revitalift-filler-ampoules-repulpantes-loreal\/\" \/>\n<meta property=\"og:site_name\" content=\"Prixgro\" \/>\n<meta property=\"article:publisher\" content=\"https:\/\/www.facebook.com\/Pharmacima\" \/>\n<meta property=\"article:modified_time\" content=\"2024-08-08T18:43:20+00:00\" \/>\n<meta property=\"og:image\" content=\"https:\/\/prixgro.com\/wp-content\/uploads\/2023\/09\/3600523732548_1m.jpg\" \/>\n\t<meta property=\"og:image:width\" content=\"465\" \/>\n\t<meta property=\"og:image:height\" content=\"465\" \/>\n\t<meta property=\"og:image:type\" content=\"image\/jpeg\" \/>\n<meta name=\"twitter:card\" content=\"summary_large_image\" \/>\n<meta name=\"twitter:label1\" content=\"\u0648\u0642\u062a \u0627\u0644\u0642\u0631\u0627\u0621\u0629 \u0627\u0644\u0645\u064f\u0642\u062f\u0651\u0631\" \/>\n\t<meta name=\"twitter:data1\" content=\"\u062f\u0642\u064a\u0642\u0629 \u0648\u0627\u062d\u062f\u0629\" \/>\n<script type=\"application\/ld+json\" class=\"yoast-schema-graph\">{\"@context\":\"https:\/\/schema.org\",\"@graph\":[{\"@type\":\"WebPage\",\"@id\":\"https:\/\/prixgro.com\/product\/revitalift-filler-ampoules-repulpantes-loreal\/\",\"url\":\"https:\/\/prixgro.com\/product\/revitalift-filler-ampoules-repulpantes-loreal\/\",\"name\":\"Revitalift Filler Ampoules repulpantes L\u2019oreal - Prixgro\",\"isPartOf\":{\"@id\":\"https:\/\/prixgro.com\/#website\"},\"primaryImageOfPage\":{\"@id\":\"https:\/\/prixgro.com\/product\/revitalift-filler-ampoules-repulpantes-loreal\/#primaryimage\"},\"image\":{\"@id\":\"https:\/\/prixgro.com\/product\/revitalift-filler-ampoules-repulpantes-loreal\/#primaryimage\"},\"thumbnailUrl\":\"https:\/\/prixgro.com\/wp-content\/uploads\/2023\/09\/3600523732548_1m.jpg\",\"datePublished\":\"2024-04-09T12:30:40+00:00\",\"dateModified\":\"2024-08-08T18:43:20+00:00\",\"breadcrumb\":{\"@id\":\"https:\/\/prixgro.com\/product\/revitalift-filler-ampoules-repulpantes-loreal\/#breadcrumb\"},\"inLanguage\":\"ar\",\"potentialAction\":[{\"@type\":\"ReadAction\",\"target\":[\"https:\/\/prixgro.com\/product\/revitalift-filler-ampoules-repulpantes-loreal\/\"]}]},{\"@type\":\"ImageObject\",\"inLanguage\":\"ar\",\"@id\":\"https:\/\/prixgro.com\/product\/revitalift-filler-ampoules-repulpantes-loreal\/#primaryimage\",\"url\":\"https:\/\/prixgro.com\/wp-content\/uploads\/2023\/09\/3600523732548_1m.jpg\",\"contentUrl\":\"https:\/\/prixgro.com\/wp-content\/uploads\/2023\/09\/3600523732548_1m.jpg\",\"width\":465,\"height\":465},{\"@type\":\"BreadcrumbList\",\"@id\":\"https:\/\/prixgro.com\/product\/revitalift-filler-ampoules-repulpantes-loreal\/#breadcrumb\",\"itemListElement\":[{\"@type\":\"ListItem\",\"position\":1,\"name\":\"Accueil\",\"item\":\"https:\/\/prixgro.com\/\"},{\"@type\":\"ListItem\",\"position\":2,\"name\":\"Boutique en ligne\",\"item\":\"https:\/\/prixgro.com\/shop\/\"},{\"@type\":\"ListItem\",\"position\":3,\"name\":\"Revitalift Filler Ampoules repulpantes L\u2019oreal\"}]},{\"@type\":\"WebSite\",\"@id\":\"https:\/\/prixgro.com\/#website\",\"url\":\"https:\/\/prixgro.com\/\",\"name\":\"Prixgro.com\",\"description\":\"Para Pharmaceutique et Cosm\u00e9tique\",\"publisher\":{\"@id\":\"https:\/\/prixgro.com\/#organization\"},\"potentialAction\":[{\"@type\":\"SearchAction\",\"target\":{\"@type\":\"EntryPoint\",\"urlTemplate\":\"https:\/\/prixgro.com\/?s={search_term_string}\"},\"query-input\":{\"@type\":\"PropertyValueSpecification\",\"valueRequired\":true,\"valueName\":\"search_term_string\"}}],\"inLanguage\":\"ar\"},{\"@type\":\"Organization\",\"@id\":\"https:\/\/prixgro.com\/#organization\",\"name\":\"Prixgro\",\"url\":\"https:\/\/prixgro.com\/\",\"logo\":{\"@type\":\"ImageObject\",\"inLanguage\":\"ar\",\"@id\":\"https:\/\/prixgro.com\/#\/schema\/logo\/image\/\",\"url\":\"https:\/\/prixgro.com\/wp-content\/uploads\/2024\/08\/cropped-Nouveau-projet-2.png\",\"contentUrl\":\"https:\/\/prixgro.com\/wp-content\/uploads\/2024\/08\/cropped-Nouveau-projet-2.png\",\"width\":265,\"height\":62,\"caption\":\"Prixgro\"},\"image\":{\"@id\":\"https:\/\/prixgro.com\/#\/schema\/logo\/image\/\"},\"sameAs\":[\"https:\/\/www.facebook.com\/Pharmacima\"]}]}<\/script>\n<!-- \/ Yoast SEO plugin. -->","yoast_head_json":{"title":"Revitalift Filler Ampoules repulpantes L\u2019oreal - Prixgro","robots":{"index":"index","follow":"follow","max-snippet":"max-snippet:-1","max-image-preview":"max-image-preview:large","max-video-preview":"max-video-preview:-1"},"canonical":"https:\/\/prixgro.com\/ar\/product\/revitalift-filler-ampoules-repulpantes-loreal\/","og_locale":"ar_AR","og_type":"article","og_title":"Revitalift Filler Ampoules repulpantes L\u2019oreal - Prixgro","og_description":"Cure de 7 jours d'ampoules repulpantes.Contenance : 7x1.3ml Ampoules\u00a0","og_url":"https:\/\/prixgro.com\/ar\/product\/revitalift-filler-ampoules-repulpantes-loreal\/","og_site_name":"Prixgro","article_publisher":"https:\/\/www.facebook.com\/Pharmacima","article_modified_time":"2024-08-08T18:43:20+00:00","og_image":[{"width":465,"height":465,"url":"https:\/\/prixgro.com\/wp-content\/uploads\/2023\/09\/3600523732548_1m.jpg","type":"image\/jpeg"}],"twitter_card":"summary_large_image","twitter_misc":{"\u0648\u0642\u062a \u0627\u0644\u0642\u0631\u0627\u0621\u0629 \u0627\u0644\u0645\u064f\u0642\u062f\u0651\u0631":"\u062f\u0642\u064a\u0642\u0629 \u0648\u0627\u062d\u062f\u0629"},"schema":{"@context":"https:\/\/schema.org","@graph":[{"@type":"WebPage","@id":"https:\/\/prixgro.com\/product\/revitalift-filler-ampoules-repulpantes-loreal\/","url":"https:\/\/prixgro.com\/product\/revitalift-filler-ampoules-repulpantes-loreal\/","name":"Revitalift Filler Ampoules repulpantes L\u2019oreal - Prixgro","isPartOf":{"@id":"https:\/\/prixgro.com\/#website"},"primaryImageOfPage":{"@id":"https:\/\/prixgro.com\/product\/revitalift-filler-ampoules-repulpantes-loreal\/#primaryimage"},"image":{"@id":"https:\/\/prixgro.com\/product\/revitalift-filler-ampoules-repulpantes-loreal\/#primaryimage"},"thumbnailUrl":"https:\/\/prixgro.com\/wp-content\/uploads\/2023\/09\/3600523732548_1m.jpg","datePublished":"2024-04-09T12:30:40+00:00","dateModified":"2024-08-08T18:43:20+00:00","breadcrumb":{"@id":"https:\/\/prixgro.com\/product\/revitalift-filler-ampoules-repulpantes-loreal\/#breadcrumb"},"inLanguage":"ar","potentialAction":[{"@type":"ReadAction","target":["https:\/\/prixgro.com\/product\/revitalift-filler-ampoules-repulpantes-loreal\/"]}]},{"@type":"ImageObject","inLanguage":"ar","@id":"https:\/\/prixgro.com\/product\/revitalift-filler-ampoules-repulpantes-loreal\/#primaryimage","url":"https:\/\/prixgro.com\/wp-content\/uploads\/2023\/09\/3600523732548_1m.jpg","contentUrl":"https:\/\/prixgro.com\/wp-content\/uploads\/2023\/09\/3600523732548_1m.jpg","width":465,"height":465},{"@type":"BreadcrumbList","@id":"https:\/\/prixgro.com\/product\/revitalift-filler-ampoules-repulpantes-loreal\/#breadcrumb","itemListElement":[{"@type":"ListItem","position":1,"name":"Accueil","item":"https:\/\/prixgro.com\/"},{"@type":"ListItem","position":2,"name":"Boutique en ligne","item":"https:\/\/prixgro.com\/shop\/"},{"@type":"ListItem","position":3,"name":"Revitalift Filler Ampoules repulpantes L\u2019oreal"}]},{"@type":"WebSite","@id":"https:\/\/prixgro.com\/#website","url":"https:\/\/prixgro.com\/","name":"Prixgro.com","description":"Para Pharmaceutique et Cosm\u00e9tique","publisher":{"@id":"https:\/\/prixgro.com\/#organization"},"potentialAction":[{"@type":"SearchAction","target":{"@type":"EntryPoint","urlTemplate":"https:\/\/prixgro.com\/?s={search_term_string}"},"query-input":{"@type":"PropertyValueSpecification","valueRequired":true,"valueName":"search_term_string"}}],"inLanguage":"ar"},{"@type":"Organization","@id":"https:\/\/prixgro.com\/#organization","name":"Prixgro","url":"https:\/\/prixgro.com\/","logo":{"@type":"ImageObject","inLanguage":"ar","@id":"https:\/\/prixgro.com\/#\/schema\/logo\/image\/","url":"https:\/\/prixgro.com\/wp-content\/uploads\/2024\/08\/cropped-Nouveau-projet-2.png","contentUrl":"https:\/\/prixgro.com\/wp-content\/uploads\/2024\/08\/cropped-Nouveau-projet-2.png","width":265,"height":62,"caption":"Prixgro"},"image":{"@id":"https:\/\/prixgro.com\/#\/schema\/logo\/image\/"},"sameAs":["https:\/\/www.facebook.com\/Pharmacima"]}]}},"_links":{"self":[{"href":"https:\/\/prixgro.com\/ar\/wp-json\/wp\/v2\/product\/142025","targetHints":{"allow":["GET"]}}],"collection":[{"href":"https:\/\/prixgro.com\/ar\/wp-json\/wp\/v2\/product"}],"about":[{"href":"https:\/\/prixgro.com\/ar\/wp-json\/wp\/v2\/types\/product"}],"replies":[{"embeddable":true,"href":"https:\/\/prixgro.com\/ar\/wp-json\/wp\/v2\/comments?post=142025"}],"wp:featuredmedia":[{"embeddable":true,"href":"https:\/\/prixgro.com\/ar\/wp-json\/wp\/v2\/media\/3492"}],"wp:attachment":[{"href":"https:\/\/prixgro.com\/ar\/wp-json\/wp\/v2\/media?parent=142025"}],"wp:term":[{"taxonomy":"product_cat","embeddable":true,"href":"https:\/\/prixgro.com\/ar\/wp-json\/wp\/v2\/product_cat?post=142025"},{"taxonomy":"product_tag","embeddable":true,"href":"https:\/\/prixgro.com\/ar\/wp-json\/wp\/v2\/product_tag?post=142025"},{"taxonomy":"berocket_brand","embeddable":true,"href":"https:\/\/prixgro.com\/ar\/wp-json\/wp\/v2\/berocket_brand?post=142025"}],"curies":[{"name":"wp","href":"https:\/\/api.w.org\/{rel}","templated":true}]}}