{"id":142027,"date":"2024-04-09T14:30:40","date_gmt":"2024-04-09T12:30:40","guid":{"rendered":"https:\/\/cloodmanager.net\/?post_type=product&#038;p=142027"},"modified":"2024-08-08T20:41:23","modified_gmt":"2024-08-08T18:41:23","slug":"peptide-booster-5ml-paulas-choice","status":"publish","type":"product","link":"https:\/\/prixgro.com\/ar\/product\/peptide-booster-5ml-paulas-choice\/","title":{"rendered":"Peptide Booster 5ml Paula&#8217;s choice"},"content":{"rendered":"<h2><strong>DESCRIPTION :\u00a0<\/strong><\/h2>\n<h3>Est-ce que la peau a besoin de pep&#8217;s ?<\/h3>\n<p>Chacun peut profiter d&#8217;une dose de peptides dans une routine de soin. Les peptides renforcent les prot\u00e9ines naturellement pr\u00e9sentes dans la peau (collag\u00e8ne, \u00e9lastine, k\u00e9ratine&#8230;). Le Peptide Booster contient un m\u00e9lange de 8 puissants peptides, qui chacun ciblent un probl\u00e8me particulier li\u00e9 au vieillissement cutan\u00e9 : perte de fermet\u00e9, teint terne, rides,&#8230; . Ces ingr\u00e9dients ont la capacit\u00e9 de communiquer avec les cellules et de les inciter \u00e0 se comporter comme quand elles \u00e9taient plus jeunes en renfor\u00e7ant leur capacit\u00e9 \u00e0 se r\u00e9g\u00e9n\u00e9rer. D&#8217;autres ingr\u00e9dients r\u00e9g\u00e9n\u00e9rants comme des acides amin\u00e9s, des antioxydants et des hydratants compl\u00e8tent la formule du Peptide Booster, qui aide \u00e0 renforcer la barri\u00e8re cutan\u00e9e et augmente la r\u00e9sistance de la peau. Il convient \u00e0 tous types de peaux, tout particuli\u00e8rement les plus sensibles qui supportent mal le r\u00e9tinol.<\/p>\n<h3>Qu&#8217;est-ce que les peptides ?<\/h3>\n<p>Les peptides ce sont des cha\u00eenes courtes d&#8217;acides amin\u00e9s qui constituent les composants de base des prot\u00e9ines (collag\u00e8ne, \u00e9lastine et k\u00e9ratine). Ils sont notamment responsables de la texture et de la couleur de la peau. En utilisant des soins contenant des peptides, vous soutenez les prot\u00e9ines naturelles de la peau. Les peptides peuvent stimuler les cellules cutan\u00e9es, ce qui att\u00e9nue les rides, renforcer la barri\u00e8re cutan\u00e9e, apaiser la peau et am\u00e9liorer l&#8217;hydratation.<\/p>\n<h3>Comment les peptides peuvent aider ma peau ?<\/h3>\n<p>Les peptides communiquent avec les cellules de la peau, un peu comme un coach personnel. Ils &#8220;indiquent&#8221; \u00e0 la peau ce qu&#8217;elle doit faire et comment, pour rester ferme et garder bonne mine. Ils am\u00e9liorent aussi sa capacit\u00e9 \u00e0 se r\u00e9g\u00e9n\u00e9rer.<\/p>\n<h3>Pourquoi 8 peptides diff\u00e9rents ?<\/h3>\n<p>Les peptides sont des cl\u00e9s qui n&#8217;ouvrent que certaines portes (r\u00e9cepteurs) pour activer des processus sp\u00e9cifiques. Les 8 peptides sont donc 8 cl\u00e9s diff\u00e9rentes pour 8 processus diff\u00e9rents.<\/p>\n<ul>\n<li>Tripeptide-1 : stimule le processus qui contribue raffermir la peau<\/li>\n<li>Palmitoyl Tripeptide-1 + Palmitoyl Tetrapeptide-7 + Palmitoyl Hexapeptide-12 : am\u00e9liorent l&#8217;\u00e9quilibre hydrique de la peau, lui donnent une apparence plus jeune, lissent les rides.<\/li>\n<li>Myristoyl Hexapeptide-16 + Myristoyl Pentapeptide-17 : apaisent les rougeurs, assouplissent, raffermissent.<\/li>\n<li>Hexanoyl Dipeptide-3 Norleucine Acetate : aide la peau \u00e0 se d\u00e9barrasser plus efficacement des cellules mortes pour une apparence plus saine et plus fra\u00eeche, am\u00e9liore le fonctionnement des exfoliants AHA et BHA.<\/li>\n<li>Azelaoyl Bis-Dipeptide-10 : estompe les d\u00e9colorations dues au soleil, ravive les teints ternes et freine la formation de substances d\u00e9l\u00e9taires susceptibles de causer une perte de fermet\u00e9.<br \/>\n<h3 class=\"js-accordeon-trigger accordeon-trigger\">Caract\u00e9ristiques principales<\/h3>\n<p class=\"js-accordeon-trigger accordeon-trigger\">Lisse rides et ridules<\/p>\n<div class=\"js-accordeon-body accordeon-body\">\n<div class=\"feature-2\">\n<div class=\"content-asset\">\n<p>Renforce la barri\u00e8re cutan\u00e9e naturelle<\/p>\n<\/div>\n<\/div>\n<div class=\"feature-3\">\n<div class=\"content-asset\">\n<p>Homog\u00e9n\u00e9ise le teint<\/p>\n<h2><strong>CONSEIL D&#8217;UTILISATION :<\/strong><\/h2>\n<p>Appliquer une \u00e0 deux fois par jour apr\u00e8s le nettoyant \/ d\u00e9maquillant, le tonique et l&#8217;exfoliant. Pr\u00e9lever 2-3 gouttes et les additionner \u00e0 son s\u00e9rum ou sa cr\u00e8me hydratante. Peut \u00e9galement \u00eatre utilis\u00e9 seul. Pour la journ\u00e9e, faire suivre d&#8217;un soin avec protection solaire large spectre SPF30 minimum. Peut \u00eatre appliqu\u00e9 sur le contour de l&#8217;\u0153il.<\/p>\n<h2><strong>COMPOSITION :\u00a0<\/strong><\/h2>\n<p>Aqua, Glycerin (skin-replenishing), PEG-8 Dimethicone (texture enhancer), Tripeptide-1 (skin-restoring), Palmitoyl Tripeptide-1 (skin-restoring), Palmitoyl Tetrapeptide-7 (skin-restoring), Palmitoyl Hexapeptide-12 (skin-restoring), Myristoyl Hexapeptide-16 (skin-restoring), Myristoyl Pentapeptide-17 (skin-restoring), Hexanoyl Dipeptide-3 Norleucine Acetate (skin-restoring), Azelaoyl Bis-Dipeptide-10 (skin-restoring), Glycoproteins (hydration), Phospholipids (skin-replenishing),\u00a0enisonedA\u00a0(skin-restoring), Dipotassium Glycyrrhizate (skin-soothing), Arginine (amino acid\/hydration), Valine (amino acid\/hydration), Glycine (amino acid\/hydration), Alanine (amino acid\/hydration), Glutamic Acid (amino acid\/hydration), Serine (amino acid\/hydration), Threonine (amino acid\/hydration), Yeast (Faex) Extract (skin-soothing\/hydration), Isoleucine (amino acid\/hydration), Proline (amino acid\/hydration), Histidine (amino acid\/hydration), Phenylalanine (amino acid\/hydration), PCA (skin-replenishing), Phytic Acid (antioxidant), Panax Ginseng Root Extract (plant extract\/antioxidant), Sodium PCA (skin-replenishing), Psidium Guajava Fruit Extract (guava fruit\/antioxidant), Euterpe Oleracea Fruit Extract (acai\/antioxidant), Ahnfeltiopsis Concinna Extract (algae\/hydration\/texture enhancer), Dextran (natural sugar\/hydration), Hydrolyzed Silk (texture enhancer), Lecithin (skin-restoring fatty acid), Glyceryl Polymethacrylate (film-forming agent), C12-16 Pareth-9 (emulsifier), Trideceth-12 (emulsifier), Sodium Lactate (hydration), Carbomer (texture enhancer), Aspartic Acid (amino acid\/hydration), Polysorbate 20 (emulsifier), Butylene Glycol (texture enhancer), Caprylyl Glycol (texture enhancer), PEG-8 (texture enhancer), C11-15 Pareth-7 (emulsifier), Guar Hydroxypropyltrimonium Chloride (texture enhancer), Phytosteryl\/Octyldodecyl Lauroyl Glutamate (hydration), Ectoin (hydration), Citrate Buffer (pH adjuster), Trimethylsiloxyamodimethicone (texture enhancer), Phenoxyethanol (preservative), Sodium Hydroxide (pH adjuster), Ethylhexylglycerin (hydration).<\/p>\n<\/div>\n<\/div>\n<\/div>\n<\/li>\n<\/ul>\n<ul id=\"js-pdp-accordeon\" class=\"product-info-accordeon\"><\/ul>","protected":false},"excerpt":{"rendered":"<h3><strong><span style=\"color: #ff0000\" data-mce-style=\"color: #ff0000;\">8 peptides anti-\u00e2ge concentr\u00e9s dans un puissant booster pour une peau plus r\u00e9sistante, d&#8217;apparence plus jeune.<\/span><\/strong><\/h3>\n<h3><strong>Contenance : 5ml\u00a0<\/strong><\/h3>","protected":false},"featured_media":3498,"comment_status":"open","ping_status":"closed","template":"","meta":[],"product_cat":[17,36],"product_tag":[],"berocket_brand":[463],"class_list":{"0":"post-142027","1":"product","2":"type-product","3":"status-publish","4":"has-post-thumbnail","6":"product_cat-soin-et-bien-etre","7":"product_cat-visage-soin-et-bien-etre","8":"berocket_brand-paulaschoice","10":"first","11":"outofstock","12":"shipping-taxable","13":"purchasable","14":"product-type-simple"},"yoast_head":"<!-- This site is optimized with the Yoast SEO plugin v24.8 - https:\/\/yoast.com\/wordpress\/plugins\/seo\/ -->\n<title>Peptide Booster 5ml Paula&#039;s choice - Prixgro<\/title>\n<meta name=\"robots\" content=\"index, follow, max-snippet:-1, max-image-preview:large, max-video-preview:-1\" \/>\n<link rel=\"canonical\" href=\"https:\/\/prixgro.com\/ar\/product\/peptide-booster-5ml-paulas-choice\/\" \/>\n<meta property=\"og:locale\" content=\"ar_AR\" \/>\n<meta property=\"og:type\" content=\"article\" \/>\n<meta property=\"og:title\" content=\"Peptide Booster 5ml Paula&#039;s choice - Prixgro\" \/>\n<meta property=\"og:description\" content=\"8 peptides anti-\u00e2ge concentr\u00e9s dans un puissant booster pour une peau plus r\u00e9sistante, d&#039;apparence plus jeune.Contenance : 5ml\u00a0\" \/>\n<meta property=\"og:url\" content=\"https:\/\/prixgro.com\/ar\/product\/peptide-booster-5ml-paulas-choice\/\" \/>\n<meta property=\"og:site_name\" content=\"Prixgro\" \/>\n<meta property=\"article:publisher\" content=\"https:\/\/www.facebook.com\/Pharmacima\" \/>\n<meta property=\"article:modified_time\" content=\"2024-08-08T18:41:23+00:00\" \/>\n<meta property=\"og:image\" content=\"https:\/\/prixgro.com\/wp-content\/uploads\/2023\/09\/Sans-titre-5-e1671544033931.png\" \/>\n\t<meta property=\"og:image:width\" content=\"500\" \/>\n\t<meta property=\"og:image:height\" content=\"500\" \/>\n\t<meta property=\"og:image:type\" content=\"image\/png\" \/>\n<meta name=\"twitter:card\" content=\"summary_large_image\" \/>\n<meta name=\"twitter:label1\" content=\"\u0648\u0642\u062a \u0627\u0644\u0642\u0631\u0627\u0621\u0629 \u0627\u0644\u0645\u064f\u0642\u062f\u0651\u0631\" \/>\n\t<meta name=\"twitter:data1\" content=\"4 \u062f\u0642\u0627\u0626\u0642\" \/>\n<script type=\"application\/ld+json\" class=\"yoast-schema-graph\">{\"@context\":\"https:\/\/schema.org\",\"@graph\":[{\"@type\":\"WebPage\",\"@id\":\"https:\/\/prixgro.com\/product\/peptide-booster-5ml-paulas-choice\/\",\"url\":\"https:\/\/prixgro.com\/product\/peptide-booster-5ml-paulas-choice\/\",\"name\":\"Peptide Booster 5ml Paula's choice - Prixgro\",\"isPartOf\":{\"@id\":\"https:\/\/prixgro.com\/#website\"},\"primaryImageOfPage\":{\"@id\":\"https:\/\/prixgro.com\/product\/peptide-booster-5ml-paulas-choice\/#primaryimage\"},\"image\":{\"@id\":\"https:\/\/prixgro.com\/product\/peptide-booster-5ml-paulas-choice\/#primaryimage\"},\"thumbnailUrl\":\"https:\/\/prixgro.com\/wp-content\/uploads\/2023\/09\/Sans-titre-5-e1671544033931.png\",\"datePublished\":\"2024-04-09T12:30:40+00:00\",\"dateModified\":\"2024-08-08T18:41:23+00:00\",\"breadcrumb\":{\"@id\":\"https:\/\/prixgro.com\/product\/peptide-booster-5ml-paulas-choice\/#breadcrumb\"},\"inLanguage\":\"ar\",\"potentialAction\":[{\"@type\":\"ReadAction\",\"target\":[\"https:\/\/prixgro.com\/product\/peptide-booster-5ml-paulas-choice\/\"]}]},{\"@type\":\"ImageObject\",\"inLanguage\":\"ar\",\"@id\":\"https:\/\/prixgro.com\/product\/peptide-booster-5ml-paulas-choice\/#primaryimage\",\"url\":\"https:\/\/prixgro.com\/wp-content\/uploads\/2023\/09\/Sans-titre-5-e1671544033931.png\",\"contentUrl\":\"https:\/\/prixgro.com\/wp-content\/uploads\/2023\/09\/Sans-titre-5-e1671544033931.png\",\"width\":500,\"height\":500},{\"@type\":\"BreadcrumbList\",\"@id\":\"https:\/\/prixgro.com\/product\/peptide-booster-5ml-paulas-choice\/#breadcrumb\",\"itemListElement\":[{\"@type\":\"ListItem\",\"position\":1,\"name\":\"Accueil\",\"item\":\"https:\/\/prixgro.com\/\"},{\"@type\":\"ListItem\",\"position\":2,\"name\":\"Boutique en ligne\",\"item\":\"https:\/\/prixgro.com\/shop\/\"},{\"@type\":\"ListItem\",\"position\":3,\"name\":\"Peptide Booster 5ml Paula&#8217;s choice\"}]},{\"@type\":\"WebSite\",\"@id\":\"https:\/\/prixgro.com\/#website\",\"url\":\"https:\/\/prixgro.com\/\",\"name\":\"Prixgro.com\",\"description\":\"Para Pharmaceutique et Cosm\u00e9tique\",\"publisher\":{\"@id\":\"https:\/\/prixgro.com\/#organization\"},\"potentialAction\":[{\"@type\":\"SearchAction\",\"target\":{\"@type\":\"EntryPoint\",\"urlTemplate\":\"https:\/\/prixgro.com\/?s={search_term_string}\"},\"query-input\":{\"@type\":\"PropertyValueSpecification\",\"valueRequired\":true,\"valueName\":\"search_term_string\"}}],\"inLanguage\":\"ar\"},{\"@type\":\"Organization\",\"@id\":\"https:\/\/prixgro.com\/#organization\",\"name\":\"Prixgro\",\"url\":\"https:\/\/prixgro.com\/\",\"logo\":{\"@type\":\"ImageObject\",\"inLanguage\":\"ar\",\"@id\":\"https:\/\/prixgro.com\/#\/schema\/logo\/image\/\",\"url\":\"https:\/\/prixgro.com\/wp-content\/uploads\/2024\/08\/cropped-Nouveau-projet-2.png\",\"contentUrl\":\"https:\/\/prixgro.com\/wp-content\/uploads\/2024\/08\/cropped-Nouveau-projet-2.png\",\"width\":265,\"height\":62,\"caption\":\"Prixgro\"},\"image\":{\"@id\":\"https:\/\/prixgro.com\/#\/schema\/logo\/image\/\"},\"sameAs\":[\"https:\/\/www.facebook.com\/Pharmacima\"]}]}<\/script>\n<!-- \/ Yoast SEO plugin. -->","yoast_head_json":{"title":"Peptide Booster 5ml Paula's choice - Prixgro","robots":{"index":"index","follow":"follow","max-snippet":"max-snippet:-1","max-image-preview":"max-image-preview:large","max-video-preview":"max-video-preview:-1"},"canonical":"https:\/\/prixgro.com\/ar\/product\/peptide-booster-5ml-paulas-choice\/","og_locale":"ar_AR","og_type":"article","og_title":"Peptide Booster 5ml Paula's choice - Prixgro","og_description":"8 peptides anti-\u00e2ge concentr\u00e9s dans un puissant booster pour une peau plus r\u00e9sistante, d'apparence plus jeune.Contenance : 5ml\u00a0","og_url":"https:\/\/prixgro.com\/ar\/product\/peptide-booster-5ml-paulas-choice\/","og_site_name":"Prixgro","article_publisher":"https:\/\/www.facebook.com\/Pharmacima","article_modified_time":"2024-08-08T18:41:23+00:00","og_image":[{"width":500,"height":500,"url":"https:\/\/prixgro.com\/wp-content\/uploads\/2023\/09\/Sans-titre-5-e1671544033931.png","type":"image\/png"}],"twitter_card":"summary_large_image","twitter_misc":{"\u0648\u0642\u062a \u0627\u0644\u0642\u0631\u0627\u0621\u0629 \u0627\u0644\u0645\u064f\u0642\u062f\u0651\u0631":"4 \u062f\u0642\u0627\u0626\u0642"},"schema":{"@context":"https:\/\/schema.org","@graph":[{"@type":"WebPage","@id":"https:\/\/prixgro.com\/product\/peptide-booster-5ml-paulas-choice\/","url":"https:\/\/prixgro.com\/product\/peptide-booster-5ml-paulas-choice\/","name":"Peptide Booster 5ml Paula's choice - Prixgro","isPartOf":{"@id":"https:\/\/prixgro.com\/#website"},"primaryImageOfPage":{"@id":"https:\/\/prixgro.com\/product\/peptide-booster-5ml-paulas-choice\/#primaryimage"},"image":{"@id":"https:\/\/prixgro.com\/product\/peptide-booster-5ml-paulas-choice\/#primaryimage"},"thumbnailUrl":"https:\/\/prixgro.com\/wp-content\/uploads\/2023\/09\/Sans-titre-5-e1671544033931.png","datePublished":"2024-04-09T12:30:40+00:00","dateModified":"2024-08-08T18:41:23+00:00","breadcrumb":{"@id":"https:\/\/prixgro.com\/product\/peptide-booster-5ml-paulas-choice\/#breadcrumb"},"inLanguage":"ar","potentialAction":[{"@type":"ReadAction","target":["https:\/\/prixgro.com\/product\/peptide-booster-5ml-paulas-choice\/"]}]},{"@type":"ImageObject","inLanguage":"ar","@id":"https:\/\/prixgro.com\/product\/peptide-booster-5ml-paulas-choice\/#primaryimage","url":"https:\/\/prixgro.com\/wp-content\/uploads\/2023\/09\/Sans-titre-5-e1671544033931.png","contentUrl":"https:\/\/prixgro.com\/wp-content\/uploads\/2023\/09\/Sans-titre-5-e1671544033931.png","width":500,"height":500},{"@type":"BreadcrumbList","@id":"https:\/\/prixgro.com\/product\/peptide-booster-5ml-paulas-choice\/#breadcrumb","itemListElement":[{"@type":"ListItem","position":1,"name":"Accueil","item":"https:\/\/prixgro.com\/"},{"@type":"ListItem","position":2,"name":"Boutique en ligne","item":"https:\/\/prixgro.com\/shop\/"},{"@type":"ListItem","position":3,"name":"Peptide Booster 5ml Paula&#8217;s choice"}]},{"@type":"WebSite","@id":"https:\/\/prixgro.com\/#website","url":"https:\/\/prixgro.com\/","name":"Prixgro.com","description":"Para Pharmaceutique et Cosm\u00e9tique","publisher":{"@id":"https:\/\/prixgro.com\/#organization"},"potentialAction":[{"@type":"SearchAction","target":{"@type":"EntryPoint","urlTemplate":"https:\/\/prixgro.com\/?s={search_term_string}"},"query-input":{"@type":"PropertyValueSpecification","valueRequired":true,"valueName":"search_term_string"}}],"inLanguage":"ar"},{"@type":"Organization","@id":"https:\/\/prixgro.com\/#organization","name":"Prixgro","url":"https:\/\/prixgro.com\/","logo":{"@type":"ImageObject","inLanguage":"ar","@id":"https:\/\/prixgro.com\/#\/schema\/logo\/image\/","url":"https:\/\/prixgro.com\/wp-content\/uploads\/2024\/08\/cropped-Nouveau-projet-2.png","contentUrl":"https:\/\/prixgro.com\/wp-content\/uploads\/2024\/08\/cropped-Nouveau-projet-2.png","width":265,"height":62,"caption":"Prixgro"},"image":{"@id":"https:\/\/prixgro.com\/#\/schema\/logo\/image\/"},"sameAs":["https:\/\/www.facebook.com\/Pharmacima"]}]}},"_links":{"self":[{"href":"https:\/\/prixgro.com\/ar\/wp-json\/wp\/v2\/product\/142027","targetHints":{"allow":["GET"]}}],"collection":[{"href":"https:\/\/prixgro.com\/ar\/wp-json\/wp\/v2\/product"}],"about":[{"href":"https:\/\/prixgro.com\/ar\/wp-json\/wp\/v2\/types\/product"}],"replies":[{"embeddable":true,"href":"https:\/\/prixgro.com\/ar\/wp-json\/wp\/v2\/comments?post=142027"}],"wp:featuredmedia":[{"embeddable":true,"href":"https:\/\/prixgro.com\/ar\/wp-json\/wp\/v2\/media\/3498"}],"wp:attachment":[{"href":"https:\/\/prixgro.com\/ar\/wp-json\/wp\/v2\/media?parent=142027"}],"wp:term":[{"taxonomy":"product_cat","embeddable":true,"href":"https:\/\/prixgro.com\/ar\/wp-json\/wp\/v2\/product_cat?post=142027"},{"taxonomy":"product_tag","embeddable":true,"href":"https:\/\/prixgro.com\/ar\/wp-json\/wp\/v2\/product_tag?post=142027"},{"taxonomy":"berocket_brand","embeddable":true,"href":"https:\/\/prixgro.com\/ar\/wp-json\/wp\/v2\/berocket_brand?post=142027"}],"curies":[{"name":"wp","href":"https:\/\/api.w.org\/{rel}","templated":true}]}}