{"id":142048,"date":"2024-04-09T14:30:41","date_gmt":"2024-04-09T12:30:41","guid":{"rendered":"https:\/\/cloodmanager.net\/?post_type=product&#038;p=142048"},"modified":"2024-08-08T20:45:34","modified_gmt":"2024-08-08T18:45:34","slug":"skinactive-vitamine-c-serum-anti-tache-30ml-garnier","status":"publish","type":"product","link":"https:\/\/prixgro.com\/ar\/product\/skinactive-vitamine-c-serum-anti-tache-30ml-garnier\/","title":{"rendered":"SkinActive Vitamine C S\u00e9rum Anti-Tache 30ml Garnier"},"content":{"rendered":"<h2><strong>DESCRIPTION :\u00a0<\/strong><\/h2>\n<p>Le 1er s\u00e9rum hautement concentr\u00e9 de chez Garnier [3.5 %] en Vitamine C + Niacinamide + Acide Salicylique, pour un r\u00e9sultat contre les taches brunes d\u00e8s 6 jours !<\/p>\n<p>Le s\u00e9rum anti tache est un s\u00e9rum hautement concentr\u00e9 qui r\u00e9duit efficacement les taches brunes d\u00e8s 6 jours.<br \/>La Niacinamide, la Vitamine C et l&#8217;Acide Salicylique sont connus pour r\u00e9duire les taches brunes et stimuler la production de collag\u00e8ne, pour une peau plus lisse et uniforme.<\/p>\n<p>Les extraits de citrons ont \u00e9t\u00e9 s\u00e9lectionn\u00e9s pour leurs propri\u00e9t\u00e9s illuminatrices et antioxydantes.<\/p>\n<h2><strong>CONSEIL D&#8217; UTILISATION :<\/strong><\/h2>\n<section class=\"product-tab-info tab-items-4\">\n<div class=\"product-tab-content\">\n<div id=\"productTab-3\" class=\"tab-container active\">\n<div class=\"product-tab-info__content\">\n<div class=\"slide\">\n<p>\u00c0 utiliser matin et soir. Appliquez 1 pipette sur le visage propre puis faites soigneusement p\u00e9n\u00e9trer dans la peau. Appliquez ensuite votre cr\u00e8me de jour ou cr\u00e8me de nuit.<\/p>\n<h2><strong>COMPOSITION :<\/strong><\/h2>\n<p>INGREDIENTS &#8211; 967582 01: AQUA \/ WATER, GLYCERIN, ALCOHOL DIPROPYLENE GLYCOL. BUTYLENE GLYCOL NIACINAMIDE PEG\/PPG\/POLYBUTYL\u00c8NE HYDROXYETHYLPIPERAZINE ETHANE SULFONIC ACID, BIS-PEG-18 METHYL ETHER DIMETHYL SILANE, ISONONYL ISONONANOATE 3-0 ETHY ASCORSIC ACID CITRUS JUNOS FRUIT EX RACT.CIRUS [MON FRUIT EXTRACT\/ L\u00c9MON FRUT EXTRACT, SODIUM CIRATE SODIUM HYALURONATE, ADENOSINE, PHENYLETHYL RESORCINOL AMMONIUM POLYACRY LOY LDIMETHYL TAURATE DISODIUM EDTA HYDROGENATED LECITHIN. CITRIC ACID, MALTODEX TRIN. XANTHAN OXOTHIAZOLIDINECARBOXYLIC_ACID. _TOCOPHEROL TOCOPHERYL ACETATE, SALICYLIC ACID, PH\u00c8NOXYETHANOL UNALOOL, GERANIOL LIMONENE, BENZAL ALCOHOL, BENZYT<\/p>\n<\/div>\n<\/div>\n<\/div>\n<div id=\"productTab-4\" class=\"tab-container js-tab-hidden\">\n<div class=\"product-tab-info__content\">\n<div class=\"slide\"><\/div>\n<\/div>\n<\/div>\n<\/div>\n<\/section>\n<section class=\"video-section\">\n<div class=\"section-heading\"><\/div>\n<\/section>","protected":false},"excerpt":{"rendered":"<h3><span style=\"color: #ff6600\" data-mce-style=\"color: #ff6600;\"><em><strong>Vitamine C + Niacinamide + Acide Salicylique, pour un r\u00e9sultat contre les taches brunes d\u00e8s 6 jours !<\/strong><\/em><\/span><\/h3>","protected":false},"featured_media":142055,"comment_status":"open","ping_status":"closed","template":"","meta":[],"product_cat":[17,36],"product_tag":[],"berocket_brand":[],"class_list":{"0":"post-142048","1":"product","2":"type-product","3":"status-publish","4":"has-post-thumbnail","6":"product_cat-soin-et-bien-etre","7":"product_cat-visage-soin-et-bien-etre","9":"first","10":"outofstock","11":"shipping-taxable","12":"purchasable","13":"product-type-simple"},"yoast_head":"<!-- This site is optimized with the Yoast SEO plugin v24.8 - https:\/\/yoast.com\/wordpress\/plugins\/seo\/ -->\n<title>SkinActive Vitamine C S\u00e9rum Anti-Tache 30ml Garnier - Prixgro<\/title>\n<meta name=\"robots\" content=\"index, follow, max-snippet:-1, max-image-preview:large, max-video-preview:-1\" \/>\n<link rel=\"canonical\" href=\"https:\/\/prixgro.com\/ar\/product\/skinactive-vitamine-c-serum-anti-tache-30ml-garnier\/\" \/>\n<meta property=\"og:locale\" content=\"ar_AR\" \/>\n<meta property=\"og:type\" content=\"article\" \/>\n<meta property=\"og:title\" content=\"SkinActive Vitamine C S\u00e9rum Anti-Tache 30ml Garnier - Prixgro\" \/>\n<meta property=\"og:description\" content=\"Vitamine C + Niacinamide + Acide Salicylique, pour un r\u00e9sultat contre les taches brunes d\u00e8s 6 jours !\" \/>\n<meta property=\"og:url\" content=\"https:\/\/prixgro.com\/ar\/product\/skinactive-vitamine-c-serum-anti-tache-30ml-garnier\/\" \/>\n<meta property=\"og:site_name\" content=\"Prixgro\" \/>\n<meta property=\"article:publisher\" content=\"https:\/\/www.facebook.com\/Pharmacima\" \/>\n<meta property=\"article:modified_time\" content=\"2024-08-08T18:45:34+00:00\" \/>\n<meta property=\"og:image\" content=\"https:\/\/prixgro.com\/wp-content\/uploads\/2024\/04\/garnier-vit-c-e1698074043586.png\" \/>\n\t<meta property=\"og:image:width\" content=\"600\" \/>\n\t<meta property=\"og:image:height\" content=\"600\" \/>\n\t<meta property=\"og:image:type\" content=\"image\/png\" \/>\n<meta name=\"twitter:card\" content=\"summary_large_image\" \/>\n<meta name=\"twitter:label1\" content=\"\u0648\u0642\u062a \u0627\u0644\u0642\u0631\u0627\u0621\u0629 \u0627\u0644\u0645\u064f\u0642\u062f\u0651\u0631\" \/>\n\t<meta name=\"twitter:data1\" content=\"\u062f\u0642\u064a\u0642\u0629 \u0648\u0627\u062d\u062f\u0629\" \/>\n<script type=\"application\/ld+json\" class=\"yoast-schema-graph\">{\"@context\":\"https:\/\/schema.org\",\"@graph\":[{\"@type\":\"WebPage\",\"@id\":\"https:\/\/prixgro.com\/product\/skinactive-vitamine-c-serum-anti-tache-30ml-garnier\/\",\"url\":\"https:\/\/prixgro.com\/product\/skinactive-vitamine-c-serum-anti-tache-30ml-garnier\/\",\"name\":\"SkinActive Vitamine C S\u00e9rum Anti-Tache 30ml Garnier - Prixgro\",\"isPartOf\":{\"@id\":\"https:\/\/prixgro.com\/#website\"},\"primaryImageOfPage\":{\"@id\":\"https:\/\/prixgro.com\/product\/skinactive-vitamine-c-serum-anti-tache-30ml-garnier\/#primaryimage\"},\"image\":{\"@id\":\"https:\/\/prixgro.com\/product\/skinactive-vitamine-c-serum-anti-tache-30ml-garnier\/#primaryimage\"},\"thumbnailUrl\":\"https:\/\/prixgro.com\/wp-content\/uploads\/2024\/04\/garnier-vit-c-e1698074043586.png\",\"datePublished\":\"2024-04-09T12:30:41+00:00\",\"dateModified\":\"2024-08-08T18:45:34+00:00\",\"breadcrumb\":{\"@id\":\"https:\/\/prixgro.com\/product\/skinactive-vitamine-c-serum-anti-tache-30ml-garnier\/#breadcrumb\"},\"inLanguage\":\"ar\",\"potentialAction\":[{\"@type\":\"ReadAction\",\"target\":[\"https:\/\/prixgro.com\/product\/skinactive-vitamine-c-serum-anti-tache-30ml-garnier\/\"]}]},{\"@type\":\"ImageObject\",\"inLanguage\":\"ar\",\"@id\":\"https:\/\/prixgro.com\/product\/skinactive-vitamine-c-serum-anti-tache-30ml-garnier\/#primaryimage\",\"url\":\"https:\/\/prixgro.com\/wp-content\/uploads\/2024\/04\/garnier-vit-c-e1698074043586.png\",\"contentUrl\":\"https:\/\/prixgro.com\/wp-content\/uploads\/2024\/04\/garnier-vit-c-e1698074043586.png\",\"width\":600,\"height\":600},{\"@type\":\"BreadcrumbList\",\"@id\":\"https:\/\/prixgro.com\/product\/skinactive-vitamine-c-serum-anti-tache-30ml-garnier\/#breadcrumb\",\"itemListElement\":[{\"@type\":\"ListItem\",\"position\":1,\"name\":\"Accueil\",\"item\":\"https:\/\/prixgro.com\/\"},{\"@type\":\"ListItem\",\"position\":2,\"name\":\"Boutique en ligne\",\"item\":\"https:\/\/prixgro.com\/shop\/\"},{\"@type\":\"ListItem\",\"position\":3,\"name\":\"SkinActive Vitamine C S\u00e9rum Anti-Tache 30ml Garnier\"}]},{\"@type\":\"WebSite\",\"@id\":\"https:\/\/prixgro.com\/#website\",\"url\":\"https:\/\/prixgro.com\/\",\"name\":\"Prixgro.com\",\"description\":\"Para Pharmaceutique et Cosm\u00e9tique\",\"publisher\":{\"@id\":\"https:\/\/prixgro.com\/#organization\"},\"potentialAction\":[{\"@type\":\"SearchAction\",\"target\":{\"@type\":\"EntryPoint\",\"urlTemplate\":\"https:\/\/prixgro.com\/?s={search_term_string}\"},\"query-input\":{\"@type\":\"PropertyValueSpecification\",\"valueRequired\":true,\"valueName\":\"search_term_string\"}}],\"inLanguage\":\"ar\"},{\"@type\":\"Organization\",\"@id\":\"https:\/\/prixgro.com\/#organization\",\"name\":\"Prixgro\",\"url\":\"https:\/\/prixgro.com\/\",\"logo\":{\"@type\":\"ImageObject\",\"inLanguage\":\"ar\",\"@id\":\"https:\/\/prixgro.com\/#\/schema\/logo\/image\/\",\"url\":\"https:\/\/prixgro.com\/wp-content\/uploads\/2024\/08\/cropped-Nouveau-projet-2.png\",\"contentUrl\":\"https:\/\/prixgro.com\/wp-content\/uploads\/2024\/08\/cropped-Nouveau-projet-2.png\",\"width\":265,\"height\":62,\"caption\":\"Prixgro\"},\"image\":{\"@id\":\"https:\/\/prixgro.com\/#\/schema\/logo\/image\/\"},\"sameAs\":[\"https:\/\/www.facebook.com\/Pharmacima\"]}]}<\/script>\n<!-- \/ Yoast SEO plugin. -->","yoast_head_json":{"title":"SkinActive Vitamine C S\u00e9rum Anti-Tache 30ml Garnier - Prixgro","robots":{"index":"index","follow":"follow","max-snippet":"max-snippet:-1","max-image-preview":"max-image-preview:large","max-video-preview":"max-video-preview:-1"},"canonical":"https:\/\/prixgro.com\/ar\/product\/skinactive-vitamine-c-serum-anti-tache-30ml-garnier\/","og_locale":"ar_AR","og_type":"article","og_title":"SkinActive Vitamine C S\u00e9rum Anti-Tache 30ml Garnier - Prixgro","og_description":"Vitamine C + Niacinamide + Acide Salicylique, pour un r\u00e9sultat contre les taches brunes d\u00e8s 6 jours !","og_url":"https:\/\/prixgro.com\/ar\/product\/skinactive-vitamine-c-serum-anti-tache-30ml-garnier\/","og_site_name":"Prixgro","article_publisher":"https:\/\/www.facebook.com\/Pharmacima","article_modified_time":"2024-08-08T18:45:34+00:00","og_image":[{"width":600,"height":600,"url":"https:\/\/prixgro.com\/wp-content\/uploads\/2024\/04\/garnier-vit-c-e1698074043586.png","type":"image\/png"}],"twitter_card":"summary_large_image","twitter_misc":{"\u0648\u0642\u062a \u0627\u0644\u0642\u0631\u0627\u0621\u0629 \u0627\u0644\u0645\u064f\u0642\u062f\u0651\u0631":"\u062f\u0642\u064a\u0642\u0629 \u0648\u0627\u062d\u062f\u0629"},"schema":{"@context":"https:\/\/schema.org","@graph":[{"@type":"WebPage","@id":"https:\/\/prixgro.com\/product\/skinactive-vitamine-c-serum-anti-tache-30ml-garnier\/","url":"https:\/\/prixgro.com\/product\/skinactive-vitamine-c-serum-anti-tache-30ml-garnier\/","name":"SkinActive Vitamine C S\u00e9rum Anti-Tache 30ml Garnier - Prixgro","isPartOf":{"@id":"https:\/\/prixgro.com\/#website"},"primaryImageOfPage":{"@id":"https:\/\/prixgro.com\/product\/skinactive-vitamine-c-serum-anti-tache-30ml-garnier\/#primaryimage"},"image":{"@id":"https:\/\/prixgro.com\/product\/skinactive-vitamine-c-serum-anti-tache-30ml-garnier\/#primaryimage"},"thumbnailUrl":"https:\/\/prixgro.com\/wp-content\/uploads\/2024\/04\/garnier-vit-c-e1698074043586.png","datePublished":"2024-04-09T12:30:41+00:00","dateModified":"2024-08-08T18:45:34+00:00","breadcrumb":{"@id":"https:\/\/prixgro.com\/product\/skinactive-vitamine-c-serum-anti-tache-30ml-garnier\/#breadcrumb"},"inLanguage":"ar","potentialAction":[{"@type":"ReadAction","target":["https:\/\/prixgro.com\/product\/skinactive-vitamine-c-serum-anti-tache-30ml-garnier\/"]}]},{"@type":"ImageObject","inLanguage":"ar","@id":"https:\/\/prixgro.com\/product\/skinactive-vitamine-c-serum-anti-tache-30ml-garnier\/#primaryimage","url":"https:\/\/prixgro.com\/wp-content\/uploads\/2024\/04\/garnier-vit-c-e1698074043586.png","contentUrl":"https:\/\/prixgro.com\/wp-content\/uploads\/2024\/04\/garnier-vit-c-e1698074043586.png","width":600,"height":600},{"@type":"BreadcrumbList","@id":"https:\/\/prixgro.com\/product\/skinactive-vitamine-c-serum-anti-tache-30ml-garnier\/#breadcrumb","itemListElement":[{"@type":"ListItem","position":1,"name":"Accueil","item":"https:\/\/prixgro.com\/"},{"@type":"ListItem","position":2,"name":"Boutique en ligne","item":"https:\/\/prixgro.com\/shop\/"},{"@type":"ListItem","position":3,"name":"SkinActive Vitamine C S\u00e9rum Anti-Tache 30ml Garnier"}]},{"@type":"WebSite","@id":"https:\/\/prixgro.com\/#website","url":"https:\/\/prixgro.com\/","name":"Prixgro.com","description":"Para Pharmaceutique et Cosm\u00e9tique","publisher":{"@id":"https:\/\/prixgro.com\/#organization"},"potentialAction":[{"@type":"SearchAction","target":{"@type":"EntryPoint","urlTemplate":"https:\/\/prixgro.com\/?s={search_term_string}"},"query-input":{"@type":"PropertyValueSpecification","valueRequired":true,"valueName":"search_term_string"}}],"inLanguage":"ar"},{"@type":"Organization","@id":"https:\/\/prixgro.com\/#organization","name":"Prixgro","url":"https:\/\/prixgro.com\/","logo":{"@type":"ImageObject","inLanguage":"ar","@id":"https:\/\/prixgro.com\/#\/schema\/logo\/image\/","url":"https:\/\/prixgro.com\/wp-content\/uploads\/2024\/08\/cropped-Nouveau-projet-2.png","contentUrl":"https:\/\/prixgro.com\/wp-content\/uploads\/2024\/08\/cropped-Nouveau-projet-2.png","width":265,"height":62,"caption":"Prixgro"},"image":{"@id":"https:\/\/prixgro.com\/#\/schema\/logo\/image\/"},"sameAs":["https:\/\/www.facebook.com\/Pharmacima"]}]}},"_links":{"self":[{"href":"https:\/\/prixgro.com\/ar\/wp-json\/wp\/v2\/product\/142048","targetHints":{"allow":["GET"]}}],"collection":[{"href":"https:\/\/prixgro.com\/ar\/wp-json\/wp\/v2\/product"}],"about":[{"href":"https:\/\/prixgro.com\/ar\/wp-json\/wp\/v2\/types\/product"}],"replies":[{"embeddable":true,"href":"https:\/\/prixgro.com\/ar\/wp-json\/wp\/v2\/comments?post=142048"}],"wp:featuredmedia":[{"embeddable":true,"href":"https:\/\/prixgro.com\/ar\/wp-json\/wp\/v2\/media\/142055"}],"wp:attachment":[{"href":"https:\/\/prixgro.com\/ar\/wp-json\/wp\/v2\/media?parent=142048"}],"wp:term":[{"taxonomy":"product_cat","embeddable":true,"href":"https:\/\/prixgro.com\/ar\/wp-json\/wp\/v2\/product_cat?post=142048"},{"taxonomy":"product_tag","embeddable":true,"href":"https:\/\/prixgro.com\/ar\/wp-json\/wp\/v2\/product_tag?post=142048"},{"taxonomy":"berocket_brand","embeddable":true,"href":"https:\/\/prixgro.com\/ar\/wp-json\/wp\/v2\/berocket_brand?post=142048"}],"curies":[{"name":"wp","href":"https:\/\/api.w.org\/{rel}","templated":true}]}}