{"id":142057,"date":"2024-04-09T14:30:54","date_gmt":"2024-04-09T12:30:54","guid":{"rendered":"https:\/\/cloodmanager.net\/?post_type=product&#038;p=142057"},"modified":"2024-04-09T14:30:56","modified_gmt":"2024-04-09T12:30:56","slug":"super-serum-eclat-15ml-sephora","status":"publish","type":"product","link":"https:\/\/prixgro.com\/ar\/product\/super-serum-eclat-15ml-sephora\/","title":{"rendered":"Super S\u00e9rum Eclat 15ml Sephora"},"content":{"rendered":"<h2><strong>DESCRIPTION :\u00a0<\/strong><\/h2>\n<p>Formul\u00e9 avec 97 % d&#8217;ingr\u00e9dients d&#8217;origine naturelle, ce s\u00e9rum \u00e9clat + tenseur Sephora Collection contient un cocktail de vitamine C et E et des peptides naturels pour apporter de l&#8217;\u00e9clat et tonifier la peau.<\/p>\n<p>Instantan\u00e9ment, la peau est plus hydrat\u00e9e et lumineuse. Comme plus ferme, elle appara\u00eet plus souple et lisse. Apr\u00e8s 28 jours, elle est plus \u00e9clatante et l&#8217;apparence des rides et ridules est r\u00e9duite.<\/p>\n<p>Sa texture non grasse qui p\u00e9n\u00e8tre rapidement constitue une tr\u00e8s bonne base de maquillage.<\/p>\n<h3><span style=\"color: #ff99cc\" data-mce-style=\"color: #ff99cc;\"><strong><em>Bon pour la peau :<\/em><\/strong><\/span><\/h3>\n<p>&#8211; 97 % des ingr\u00e9dients sont d&#8217;origine naturelle, les 3 % restant assurent principalement la sensorialit\u00e9 et la bonne conservation du produit.<br \/>&#8211; Tol\u00e9rance cliniquement prouv\u00e9e, convient aux peaux sensibles.<br \/>&#8211; Formul\u00e9 sans mati\u00e8res premi\u00e8res d&#8217;origine animale.<\/p>\n<h2><strong>CONSEIL D&#8217;UTILISATION :<\/strong><\/h2>\n<section class=\"product-tab-info tab-items-4\">\n<div class=\"product-tab-content\">\n<div id=\"productTab-3\" class=\"tab-container active\">\n<div class=\"product-tab-info__content\">\n<div class=\"slide\">\n<p>Appliquer le matin sur l&#8217;ensemble du visage et du cou parfaitement nettoy\u00e9 et sec.<\/p>\n<\/div>\n<\/div>\n<\/div>\n<div id=\"productTab-4\" class=\"tab-container js-tab-hidden\">\n<div class=\"product-tab-info__content\">\n<div class=\"slide\">\n<h2><strong>COMPOSITION :<\/strong><\/h2>\n<p>Aqua (Water), Propanediol, Pentylene Glycol, 1,2-Hexanediol, PEG-40 Hydrogenated Castor Oil, Carbomer, Glycerin, Ribose, Vaccinium Myrtillus Fruit Extract, Sodium Hydroxide, Glyceryl Caprylate, Caprylyl\/Capryl Glucoside, Saccharum Officinarum (Sugar Cane) Extract, Parfum (Fragrance), Citrus Aurantium Dulcis (Orange) Fruit Extract, Citrus Limon (Lemon) Fruit Extract, Panthenol, Acer Saccharum (Sugar Maple) Extract, Chlorella Vulgaris Extract, Helianthus Annuus (Sunflower) Seed Oil, Ascorbyl Glucoside, Tocopherol, Capsicum Annuum Fruit Extract, Rosmarinus Officinalis (Rosemary) Leaf Extract.<\/p>\n<\/div>\n<\/div>\n<\/div>\n<\/div>\n<\/section>","protected":false},"excerpt":{"rendered":"<h3><span style=\"color: #99cc00\" data-mce-style=\"color: #99cc00;\"><em><strong>SUPER S\u00c9RUM ECLAT + TENSEUR VISAGE.<\/strong><\/em><\/span><\/h3>","protected":false},"featured_media":3581,"comment_status":"open","ping_status":"closed","template":"","meta":[],"product_cat":[17,36],"product_tag":[45],"berocket_brand":[],"class_list":{"0":"post-142057","1":"product","2":"type-product","3":"status-publish","4":"has-post-thumbnail","6":"product_cat-soin-et-bien-etre","7":"product_cat-visage-soin-et-bien-etre","8":"product_tag-peaux-sensibles","10":"first","11":"outofstock","12":"sale","13":"shipping-taxable","14":"purchasable","15":"product-type-simple"},"yoast_head":"<!-- This site is optimized with the Yoast SEO plugin v24.8 - https:\/\/yoast.com\/wordpress\/plugins\/seo\/ -->\n<title>Super S\u00e9rum Eclat 15ml Sephora - Prixgro<\/title>\n<meta name=\"robots\" content=\"index, follow, max-snippet:-1, max-image-preview:large, max-video-preview:-1\" \/>\n<link rel=\"canonical\" href=\"https:\/\/prixgro.com\/ar\/product\/super-serum-eclat-15ml-sephora\/\" \/>\n<meta property=\"og:locale\" content=\"ar_AR\" \/>\n<meta property=\"og:type\" content=\"article\" \/>\n<meta property=\"og:title\" content=\"Super S\u00e9rum Eclat 15ml Sephora - Prixgro\" \/>\n<meta property=\"og:description\" content=\"SUPER S\u00c9RUM ECLAT + TENSEUR VISAGE.\" \/>\n<meta property=\"og:url\" content=\"https:\/\/prixgro.com\/ar\/product\/super-serum-eclat-15ml-sephora\/\" \/>\n<meta property=\"og:site_name\" content=\"Prixgro\" \/>\n<meta property=\"article:publisher\" content=\"https:\/\/www.facebook.com\/Pharmacima\" \/>\n<meta property=\"article:modified_time\" content=\"2024-04-09T12:30:56+00:00\" \/>\n<meta property=\"og:image\" content=\"https:\/\/prixgro.com\/wp-content\/uploads\/2023\/09\/s2100220-main-zoom_cleanup-1-e1676482759235.png\" \/>\n\t<meta property=\"og:image:width\" content=\"500\" \/>\n\t<meta property=\"og:image:height\" content=\"500\" \/>\n\t<meta property=\"og:image:type\" content=\"image\/png\" \/>\n<meta name=\"twitter:card\" content=\"summary_large_image\" \/>\n<meta name=\"twitter:label1\" content=\"\u0648\u0642\u062a \u0627\u0644\u0642\u0631\u0627\u0621\u0629 \u0627\u0644\u0645\u064f\u0642\u062f\u0651\u0631\" \/>\n\t<meta name=\"twitter:data1\" content=\"\u062f\u0642\u064a\u0642\u0629 \u0648\u0627\u062d\u062f\u0629\" \/>\n<script type=\"application\/ld+json\" class=\"yoast-schema-graph\">{\"@context\":\"https:\/\/schema.org\",\"@graph\":[{\"@type\":\"WebPage\",\"@id\":\"https:\/\/prixgro.com\/product\/super-serum-eclat-15ml-sephora\/\",\"url\":\"https:\/\/prixgro.com\/product\/super-serum-eclat-15ml-sephora\/\",\"name\":\"Super S\u00e9rum Eclat 15ml Sephora - Prixgro\",\"isPartOf\":{\"@id\":\"https:\/\/prixgro.com\/#website\"},\"primaryImageOfPage\":{\"@id\":\"https:\/\/prixgro.com\/product\/super-serum-eclat-15ml-sephora\/#primaryimage\"},\"image\":{\"@id\":\"https:\/\/prixgro.com\/product\/super-serum-eclat-15ml-sephora\/#primaryimage\"},\"thumbnailUrl\":\"https:\/\/prixgro.com\/wp-content\/uploads\/2023\/09\/s2100220-main-zoom_cleanup-1-e1676482759235.png\",\"datePublished\":\"2024-04-09T12:30:54+00:00\",\"dateModified\":\"2024-04-09T12:30:56+00:00\",\"breadcrumb\":{\"@id\":\"https:\/\/prixgro.com\/product\/super-serum-eclat-15ml-sephora\/#breadcrumb\"},\"inLanguage\":\"ar\",\"potentialAction\":[{\"@type\":\"ReadAction\",\"target\":[\"https:\/\/prixgro.com\/product\/super-serum-eclat-15ml-sephora\/\"]}]},{\"@type\":\"ImageObject\",\"inLanguage\":\"ar\",\"@id\":\"https:\/\/prixgro.com\/product\/super-serum-eclat-15ml-sephora\/#primaryimage\",\"url\":\"https:\/\/prixgro.com\/wp-content\/uploads\/2023\/09\/s2100220-main-zoom_cleanup-1-e1676482759235.png\",\"contentUrl\":\"https:\/\/prixgro.com\/wp-content\/uploads\/2023\/09\/s2100220-main-zoom_cleanup-1-e1676482759235.png\",\"width\":500,\"height\":500},{\"@type\":\"BreadcrumbList\",\"@id\":\"https:\/\/prixgro.com\/product\/super-serum-eclat-15ml-sephora\/#breadcrumb\",\"itemListElement\":[{\"@type\":\"ListItem\",\"position\":1,\"name\":\"Accueil\",\"item\":\"https:\/\/prixgro.com\/\"},{\"@type\":\"ListItem\",\"position\":2,\"name\":\"Boutique en ligne\",\"item\":\"https:\/\/prixgro.com\/shop\/\"},{\"@type\":\"ListItem\",\"position\":3,\"name\":\"Super S\u00e9rum Eclat 15ml Sephora\"}]},{\"@type\":\"WebSite\",\"@id\":\"https:\/\/prixgro.com\/#website\",\"url\":\"https:\/\/prixgro.com\/\",\"name\":\"Prixgro.com\",\"description\":\"Para Pharmaceutique et Cosm\u00e9tique\",\"publisher\":{\"@id\":\"https:\/\/prixgro.com\/#organization\"},\"potentialAction\":[{\"@type\":\"SearchAction\",\"target\":{\"@type\":\"EntryPoint\",\"urlTemplate\":\"https:\/\/prixgro.com\/?s={search_term_string}\"},\"query-input\":{\"@type\":\"PropertyValueSpecification\",\"valueRequired\":true,\"valueName\":\"search_term_string\"}}],\"inLanguage\":\"ar\"},{\"@type\":\"Organization\",\"@id\":\"https:\/\/prixgro.com\/#organization\",\"name\":\"Prixgro\",\"url\":\"https:\/\/prixgro.com\/\",\"logo\":{\"@type\":\"ImageObject\",\"inLanguage\":\"ar\",\"@id\":\"https:\/\/prixgro.com\/#\/schema\/logo\/image\/\",\"url\":\"https:\/\/prixgro.com\/wp-content\/uploads\/2024\/08\/cropped-Nouveau-projet-2.png\",\"contentUrl\":\"https:\/\/prixgro.com\/wp-content\/uploads\/2024\/08\/cropped-Nouveau-projet-2.png\",\"width\":265,\"height\":62,\"caption\":\"Prixgro\"},\"image\":{\"@id\":\"https:\/\/prixgro.com\/#\/schema\/logo\/image\/\"},\"sameAs\":[\"https:\/\/www.facebook.com\/Pharmacima\"]}]}<\/script>\n<!-- \/ Yoast SEO plugin. -->","yoast_head_json":{"title":"Super S\u00e9rum Eclat 15ml Sephora - Prixgro","robots":{"index":"index","follow":"follow","max-snippet":"max-snippet:-1","max-image-preview":"max-image-preview:large","max-video-preview":"max-video-preview:-1"},"canonical":"https:\/\/prixgro.com\/ar\/product\/super-serum-eclat-15ml-sephora\/","og_locale":"ar_AR","og_type":"article","og_title":"Super S\u00e9rum Eclat 15ml Sephora - Prixgro","og_description":"SUPER S\u00c9RUM ECLAT + TENSEUR VISAGE.","og_url":"https:\/\/prixgro.com\/ar\/product\/super-serum-eclat-15ml-sephora\/","og_site_name":"Prixgro","article_publisher":"https:\/\/www.facebook.com\/Pharmacima","article_modified_time":"2024-04-09T12:30:56+00:00","og_image":[{"width":500,"height":500,"url":"https:\/\/prixgro.com\/wp-content\/uploads\/2023\/09\/s2100220-main-zoom_cleanup-1-e1676482759235.png","type":"image\/png"}],"twitter_card":"summary_large_image","twitter_misc":{"\u0648\u0642\u062a \u0627\u0644\u0642\u0631\u0627\u0621\u0629 \u0627\u0644\u0645\u064f\u0642\u062f\u0651\u0631":"\u062f\u0642\u064a\u0642\u0629 \u0648\u0627\u062d\u062f\u0629"},"schema":{"@context":"https:\/\/schema.org","@graph":[{"@type":"WebPage","@id":"https:\/\/prixgro.com\/product\/super-serum-eclat-15ml-sephora\/","url":"https:\/\/prixgro.com\/product\/super-serum-eclat-15ml-sephora\/","name":"Super S\u00e9rum Eclat 15ml Sephora - Prixgro","isPartOf":{"@id":"https:\/\/prixgro.com\/#website"},"primaryImageOfPage":{"@id":"https:\/\/prixgro.com\/product\/super-serum-eclat-15ml-sephora\/#primaryimage"},"image":{"@id":"https:\/\/prixgro.com\/product\/super-serum-eclat-15ml-sephora\/#primaryimage"},"thumbnailUrl":"https:\/\/prixgro.com\/wp-content\/uploads\/2023\/09\/s2100220-main-zoom_cleanup-1-e1676482759235.png","datePublished":"2024-04-09T12:30:54+00:00","dateModified":"2024-04-09T12:30:56+00:00","breadcrumb":{"@id":"https:\/\/prixgro.com\/product\/super-serum-eclat-15ml-sephora\/#breadcrumb"},"inLanguage":"ar","potentialAction":[{"@type":"ReadAction","target":["https:\/\/prixgro.com\/product\/super-serum-eclat-15ml-sephora\/"]}]},{"@type":"ImageObject","inLanguage":"ar","@id":"https:\/\/prixgro.com\/product\/super-serum-eclat-15ml-sephora\/#primaryimage","url":"https:\/\/prixgro.com\/wp-content\/uploads\/2023\/09\/s2100220-main-zoom_cleanup-1-e1676482759235.png","contentUrl":"https:\/\/prixgro.com\/wp-content\/uploads\/2023\/09\/s2100220-main-zoom_cleanup-1-e1676482759235.png","width":500,"height":500},{"@type":"BreadcrumbList","@id":"https:\/\/prixgro.com\/product\/super-serum-eclat-15ml-sephora\/#breadcrumb","itemListElement":[{"@type":"ListItem","position":1,"name":"Accueil","item":"https:\/\/prixgro.com\/"},{"@type":"ListItem","position":2,"name":"Boutique en ligne","item":"https:\/\/prixgro.com\/shop\/"},{"@type":"ListItem","position":3,"name":"Super S\u00e9rum Eclat 15ml Sephora"}]},{"@type":"WebSite","@id":"https:\/\/prixgro.com\/#website","url":"https:\/\/prixgro.com\/","name":"Prixgro.com","description":"Para Pharmaceutique et Cosm\u00e9tique","publisher":{"@id":"https:\/\/prixgro.com\/#organization"},"potentialAction":[{"@type":"SearchAction","target":{"@type":"EntryPoint","urlTemplate":"https:\/\/prixgro.com\/?s={search_term_string}"},"query-input":{"@type":"PropertyValueSpecification","valueRequired":true,"valueName":"search_term_string"}}],"inLanguage":"ar"},{"@type":"Organization","@id":"https:\/\/prixgro.com\/#organization","name":"Prixgro","url":"https:\/\/prixgro.com\/","logo":{"@type":"ImageObject","inLanguage":"ar","@id":"https:\/\/prixgro.com\/#\/schema\/logo\/image\/","url":"https:\/\/prixgro.com\/wp-content\/uploads\/2024\/08\/cropped-Nouveau-projet-2.png","contentUrl":"https:\/\/prixgro.com\/wp-content\/uploads\/2024\/08\/cropped-Nouveau-projet-2.png","width":265,"height":62,"caption":"Prixgro"},"image":{"@id":"https:\/\/prixgro.com\/#\/schema\/logo\/image\/"},"sameAs":["https:\/\/www.facebook.com\/Pharmacima"]}]}},"_links":{"self":[{"href":"https:\/\/prixgro.com\/ar\/wp-json\/wp\/v2\/product\/142057","targetHints":{"allow":["GET"]}}],"collection":[{"href":"https:\/\/prixgro.com\/ar\/wp-json\/wp\/v2\/product"}],"about":[{"href":"https:\/\/prixgro.com\/ar\/wp-json\/wp\/v2\/types\/product"}],"replies":[{"embeddable":true,"href":"https:\/\/prixgro.com\/ar\/wp-json\/wp\/v2\/comments?post=142057"}],"wp:featuredmedia":[{"embeddable":true,"href":"https:\/\/prixgro.com\/ar\/wp-json\/wp\/v2\/media\/3581"}],"wp:attachment":[{"href":"https:\/\/prixgro.com\/ar\/wp-json\/wp\/v2\/media?parent=142057"}],"wp:term":[{"taxonomy":"product_cat","embeddable":true,"href":"https:\/\/prixgro.com\/ar\/wp-json\/wp\/v2\/product_cat?post=142057"},{"taxonomy":"product_tag","embeddable":true,"href":"https:\/\/prixgro.com\/ar\/wp-json\/wp\/v2\/product_tag?post=142057"},{"taxonomy":"berocket_brand","embeddable":true,"href":"https:\/\/prixgro.com\/ar\/wp-json\/wp\/v2\/berocket_brand?post=142057"}],"curies":[{"name":"wp","href":"https:\/\/api.w.org\/{rel}","templated":true}]}}