{"id":142069,"date":"2024-04-09T14:30:55","date_gmt":"2024-04-09T12:30:55","guid":{"rendered":"https:\/\/cloodmanager.net\/?post_type=product&#038;p=142069"},"modified":"2024-08-08T21:26:04","modified_gmt":"2024-08-08T19:26:04","slug":"mascara-outrageous-extension-sephora","status":"publish","type":"product","link":"https:\/\/prixgro.com\/ar\/product\/mascara-outrageous-extension-sephora\/","title":{"rendered":"Mascara Outrageous Extension Sephora"},"content":{"rendered":"<h2><strong>DESCRIPTION :<\/strong><\/h2>\n<p>Ce mascara donne un effet extension de cils pour un r\u00e9sultat extr\u00eame multi-dimensionnel.<\/p>\n<p>Le premier mascara Sephora Collection qui apporte un volume extraordinaire avec une longueur d\u00e9mesur\u00e9e pour un effet extension de cils imm\u00e9diat !<\/p>\n<p>Gr\u00e2ce au mix parfait entre une formule enrichie en K\u00e9ratine, un noir intense et une brosse exclusive Sephora ultraperformante en \u00e9lastom\u00e8re, ce mascara est le seul de la gamme Sephora qui permet d&#8217;atteindre un tel volume associ\u00e9 \u00e0 une longueur spectaculaire.<\/p>\n<p>&#8211; Une brosse in\u00e9dite avec des picots coniques pour une extension de cils, sans paquets.<br \/>&#8211; Formule enrichie en K\u00e9ratine pour des cils prodigieusement \u00e9paissis et fortifi\u00e9s.<\/p>\n<h2><strong>CONSEIL D&#8217;UTILISATION :<\/strong><\/h2>\n<p>1. Placer la brosse \u00e0 la base des cils et \u00e9tirez vers le haut en effectuant un l\u00e9ger mouvement de zigzag.<br \/>2. Faites autant de passages que vous le souhaitez le long des cils jusqu&#8217;\u00e0 ce qu&#8217;ils soient recouverts de formule.<br \/>3. Pour un r\u00e9sultat volume &amp; longueur encore plus extr\u00eame, r\u00e9p\u00e9ter l&#8217;op\u00e9ration sur le haut des cils.<\/p>\n<h2><strong>COMPOSITION :<\/strong><\/h2>\n<p>Aqua (Water) &#8211; CI 77499 (Iron Oxides) &#8211; Glyceryl Stearate &#8211; Copernicia Cerifera Cera (Copernicia Cerifera (Carnauba) Wax) &#8211; Cera Microcristallina (Microcrystalline Wax) &#8211; Ricinus Communis (Castor) Seed Oil &#8211; Polyvinyl Alcohol &#8211; Propylene Glycol &#8211; Stearic Acid &#8211; Palmitic Acid &#8211; Glycerin &#8211; Aminomethyl Propanol &#8211; Phenoxyethanol &#8211; Caprylyl Glycol &#8211; Hydrolyzed Keratin &#8211; CI 77266 (Black 2) [nano] &#8211; Sodium Dehydroacetate &#8211; Cellulose &#8211; PVP &#8211; Leuconostoc\/Radish Root Ferment Filtrate &#8211; Lecithin &#8211; Tocopherol &#8211; Ascorbyl Palmitate &#8211; Citric Acid.<\/p>","protected":false},"excerpt":{"rendered":"<h3><span style=\"color: #000000\" data-mce-style=\"color: #000000;\"><em><strong>Extension de cils pour un r\u00e9sultat extr\u00eame multi-dimensionnel.<\/strong><\/em><\/span><\/h3>\n<p><strong>Contenance : 15ml\u00a0<\/strong><\/p>","protected":false},"featured_media":3614,"comment_status":"open","ping_status":"closed","template":"","meta":[],"product_cat":[429,433],"product_tag":[],"berocket_brand":[],"class_list":{"0":"post-142069","1":"product","2":"type-product","3":"status-publish","4":"has-post-thumbnail","6":"product_cat-maquillage","7":"product_cat-yeux-maquillage","9":"first","10":"outofstock","11":"shipping-taxable","12":"purchasable","13":"product-type-simple"},"yoast_head":"<!-- This site is optimized with the Yoast SEO plugin v24.8 - https:\/\/yoast.com\/wordpress\/plugins\/seo\/ -->\n<title>Mascara Outrageous Extension Sephora - Prixgro<\/title>\n<meta name=\"robots\" content=\"index, follow, max-snippet:-1, max-image-preview:large, max-video-preview:-1\" \/>\n<link rel=\"canonical\" href=\"https:\/\/prixgro.com\/ar\/product\/mascara-outrageous-extension-sephora\/\" \/>\n<meta property=\"og:locale\" content=\"ar_AR\" \/>\n<meta property=\"og:type\" content=\"article\" \/>\n<meta property=\"og:title\" content=\"Mascara Outrageous Extension Sephora - Prixgro\" \/>\n<meta property=\"og:description\" content=\"Extension de cils pour un r\u00e9sultat extr\u00eame multi-dimensionnel.Contenance : 15ml\u00a0\" \/>\n<meta property=\"og:url\" content=\"https:\/\/prixgro.com\/ar\/product\/mascara-outrageous-extension-sephora\/\" \/>\n<meta property=\"og:site_name\" content=\"Prixgro\" \/>\n<meta property=\"article:publisher\" content=\"https:\/\/www.facebook.com\/Pharmacima\" \/>\n<meta property=\"article:modified_time\" content=\"2024-08-08T19:26:04+00:00\" \/>\n<meta property=\"og:image\" content=\"https:\/\/prixgro.com\/wp-content\/uploads\/2023\/09\/Sans-titre-26.png\" \/>\n\t<meta property=\"og:image:width\" content=\"540\" \/>\n\t<meta property=\"og:image:height\" content=\"540\" \/>\n\t<meta property=\"og:image:type\" content=\"image\/png\" \/>\n<meta name=\"twitter:card\" content=\"summary_large_image\" \/>\n<meta name=\"twitter:label1\" content=\"\u0648\u0642\u062a \u0627\u0644\u0642\u0631\u0627\u0621\u0629 \u0627\u0644\u0645\u064f\u0642\u062f\u0651\u0631\" \/>\n\t<meta name=\"twitter:data1\" content=\"\u062f\u0642\u064a\u0642\u0629 \u0648\u0627\u062d\u062f\u0629\" \/>\n<script type=\"application\/ld+json\" class=\"yoast-schema-graph\">{\"@context\":\"https:\/\/schema.org\",\"@graph\":[{\"@type\":\"WebPage\",\"@id\":\"https:\/\/prixgro.com\/product\/mascara-outrageous-extension-sephora\/\",\"url\":\"https:\/\/prixgro.com\/product\/mascara-outrageous-extension-sephora\/\",\"name\":\"Mascara Outrageous Extension Sephora - Prixgro\",\"isPartOf\":{\"@id\":\"https:\/\/prixgro.com\/#website\"},\"primaryImageOfPage\":{\"@id\":\"https:\/\/prixgro.com\/product\/mascara-outrageous-extension-sephora\/#primaryimage\"},\"image\":{\"@id\":\"https:\/\/prixgro.com\/product\/mascara-outrageous-extension-sephora\/#primaryimage\"},\"thumbnailUrl\":\"https:\/\/prixgro.com\/wp-content\/uploads\/2023\/09\/Sans-titre-26.png\",\"datePublished\":\"2024-04-09T12:30:55+00:00\",\"dateModified\":\"2024-08-08T19:26:04+00:00\",\"breadcrumb\":{\"@id\":\"https:\/\/prixgro.com\/product\/mascara-outrageous-extension-sephora\/#breadcrumb\"},\"inLanguage\":\"ar\",\"potentialAction\":[{\"@type\":\"ReadAction\",\"target\":[\"https:\/\/prixgro.com\/product\/mascara-outrageous-extension-sephora\/\"]}]},{\"@type\":\"ImageObject\",\"inLanguage\":\"ar\",\"@id\":\"https:\/\/prixgro.com\/product\/mascara-outrageous-extension-sephora\/#primaryimage\",\"url\":\"https:\/\/prixgro.com\/wp-content\/uploads\/2023\/09\/Sans-titre-26.png\",\"contentUrl\":\"https:\/\/prixgro.com\/wp-content\/uploads\/2023\/09\/Sans-titre-26.png\",\"width\":540,\"height\":540},{\"@type\":\"BreadcrumbList\",\"@id\":\"https:\/\/prixgro.com\/product\/mascara-outrageous-extension-sephora\/#breadcrumb\",\"itemListElement\":[{\"@type\":\"ListItem\",\"position\":1,\"name\":\"Accueil\",\"item\":\"https:\/\/prixgro.com\/\"},{\"@type\":\"ListItem\",\"position\":2,\"name\":\"Boutique en ligne\",\"item\":\"https:\/\/prixgro.com\/shop\/\"},{\"@type\":\"ListItem\",\"position\":3,\"name\":\"Mascara Outrageous Extension Sephora\"}]},{\"@type\":\"WebSite\",\"@id\":\"https:\/\/prixgro.com\/#website\",\"url\":\"https:\/\/prixgro.com\/\",\"name\":\"Prixgro.com\",\"description\":\"Para Pharmaceutique et Cosm\u00e9tique\",\"publisher\":{\"@id\":\"https:\/\/prixgro.com\/#organization\"},\"potentialAction\":[{\"@type\":\"SearchAction\",\"target\":{\"@type\":\"EntryPoint\",\"urlTemplate\":\"https:\/\/prixgro.com\/?s={search_term_string}\"},\"query-input\":{\"@type\":\"PropertyValueSpecification\",\"valueRequired\":true,\"valueName\":\"search_term_string\"}}],\"inLanguage\":\"ar\"},{\"@type\":\"Organization\",\"@id\":\"https:\/\/prixgro.com\/#organization\",\"name\":\"Prixgro\",\"url\":\"https:\/\/prixgro.com\/\",\"logo\":{\"@type\":\"ImageObject\",\"inLanguage\":\"ar\",\"@id\":\"https:\/\/prixgro.com\/#\/schema\/logo\/image\/\",\"url\":\"https:\/\/prixgro.com\/wp-content\/uploads\/2024\/08\/cropped-Nouveau-projet-2.png\",\"contentUrl\":\"https:\/\/prixgro.com\/wp-content\/uploads\/2024\/08\/cropped-Nouveau-projet-2.png\",\"width\":265,\"height\":62,\"caption\":\"Prixgro\"},\"image\":{\"@id\":\"https:\/\/prixgro.com\/#\/schema\/logo\/image\/\"},\"sameAs\":[\"https:\/\/www.facebook.com\/Pharmacima\"]}]}<\/script>\n<!-- \/ Yoast SEO plugin. -->","yoast_head_json":{"title":"Mascara Outrageous Extension Sephora - Prixgro","robots":{"index":"index","follow":"follow","max-snippet":"max-snippet:-1","max-image-preview":"max-image-preview:large","max-video-preview":"max-video-preview:-1"},"canonical":"https:\/\/prixgro.com\/ar\/product\/mascara-outrageous-extension-sephora\/","og_locale":"ar_AR","og_type":"article","og_title":"Mascara Outrageous Extension Sephora - Prixgro","og_description":"Extension de cils pour un r\u00e9sultat extr\u00eame multi-dimensionnel.Contenance : 15ml\u00a0","og_url":"https:\/\/prixgro.com\/ar\/product\/mascara-outrageous-extension-sephora\/","og_site_name":"Prixgro","article_publisher":"https:\/\/www.facebook.com\/Pharmacima","article_modified_time":"2024-08-08T19:26:04+00:00","og_image":[{"width":540,"height":540,"url":"https:\/\/prixgro.com\/wp-content\/uploads\/2023\/09\/Sans-titre-26.png","type":"image\/png"}],"twitter_card":"summary_large_image","twitter_misc":{"\u0648\u0642\u062a \u0627\u0644\u0642\u0631\u0627\u0621\u0629 \u0627\u0644\u0645\u064f\u0642\u062f\u0651\u0631":"\u062f\u0642\u064a\u0642\u0629 \u0648\u0627\u062d\u062f\u0629"},"schema":{"@context":"https:\/\/schema.org","@graph":[{"@type":"WebPage","@id":"https:\/\/prixgro.com\/product\/mascara-outrageous-extension-sephora\/","url":"https:\/\/prixgro.com\/product\/mascara-outrageous-extension-sephora\/","name":"Mascara Outrageous Extension Sephora - Prixgro","isPartOf":{"@id":"https:\/\/prixgro.com\/#website"},"primaryImageOfPage":{"@id":"https:\/\/prixgro.com\/product\/mascara-outrageous-extension-sephora\/#primaryimage"},"image":{"@id":"https:\/\/prixgro.com\/product\/mascara-outrageous-extension-sephora\/#primaryimage"},"thumbnailUrl":"https:\/\/prixgro.com\/wp-content\/uploads\/2023\/09\/Sans-titre-26.png","datePublished":"2024-04-09T12:30:55+00:00","dateModified":"2024-08-08T19:26:04+00:00","breadcrumb":{"@id":"https:\/\/prixgro.com\/product\/mascara-outrageous-extension-sephora\/#breadcrumb"},"inLanguage":"ar","potentialAction":[{"@type":"ReadAction","target":["https:\/\/prixgro.com\/product\/mascara-outrageous-extension-sephora\/"]}]},{"@type":"ImageObject","inLanguage":"ar","@id":"https:\/\/prixgro.com\/product\/mascara-outrageous-extension-sephora\/#primaryimage","url":"https:\/\/prixgro.com\/wp-content\/uploads\/2023\/09\/Sans-titre-26.png","contentUrl":"https:\/\/prixgro.com\/wp-content\/uploads\/2023\/09\/Sans-titre-26.png","width":540,"height":540},{"@type":"BreadcrumbList","@id":"https:\/\/prixgro.com\/product\/mascara-outrageous-extension-sephora\/#breadcrumb","itemListElement":[{"@type":"ListItem","position":1,"name":"Accueil","item":"https:\/\/prixgro.com\/"},{"@type":"ListItem","position":2,"name":"Boutique en ligne","item":"https:\/\/prixgro.com\/shop\/"},{"@type":"ListItem","position":3,"name":"Mascara Outrageous Extension Sephora"}]},{"@type":"WebSite","@id":"https:\/\/prixgro.com\/#website","url":"https:\/\/prixgro.com\/","name":"Prixgro.com","description":"Para Pharmaceutique et Cosm\u00e9tique","publisher":{"@id":"https:\/\/prixgro.com\/#organization"},"potentialAction":[{"@type":"SearchAction","target":{"@type":"EntryPoint","urlTemplate":"https:\/\/prixgro.com\/?s={search_term_string}"},"query-input":{"@type":"PropertyValueSpecification","valueRequired":true,"valueName":"search_term_string"}}],"inLanguage":"ar"},{"@type":"Organization","@id":"https:\/\/prixgro.com\/#organization","name":"Prixgro","url":"https:\/\/prixgro.com\/","logo":{"@type":"ImageObject","inLanguage":"ar","@id":"https:\/\/prixgro.com\/#\/schema\/logo\/image\/","url":"https:\/\/prixgro.com\/wp-content\/uploads\/2024\/08\/cropped-Nouveau-projet-2.png","contentUrl":"https:\/\/prixgro.com\/wp-content\/uploads\/2024\/08\/cropped-Nouveau-projet-2.png","width":265,"height":62,"caption":"Prixgro"},"image":{"@id":"https:\/\/prixgro.com\/#\/schema\/logo\/image\/"},"sameAs":["https:\/\/www.facebook.com\/Pharmacima"]}]}},"_links":{"self":[{"href":"https:\/\/prixgro.com\/ar\/wp-json\/wp\/v2\/product\/142069","targetHints":{"allow":["GET"]}}],"collection":[{"href":"https:\/\/prixgro.com\/ar\/wp-json\/wp\/v2\/product"}],"about":[{"href":"https:\/\/prixgro.com\/ar\/wp-json\/wp\/v2\/types\/product"}],"replies":[{"embeddable":true,"href":"https:\/\/prixgro.com\/ar\/wp-json\/wp\/v2\/comments?post=142069"}],"wp:featuredmedia":[{"embeddable":true,"href":"https:\/\/prixgro.com\/ar\/wp-json\/wp\/v2\/media\/3614"}],"wp:attachment":[{"href":"https:\/\/prixgro.com\/ar\/wp-json\/wp\/v2\/media?parent=142069"}],"wp:term":[{"taxonomy":"product_cat","embeddable":true,"href":"https:\/\/prixgro.com\/ar\/wp-json\/wp\/v2\/product_cat?post=142069"},{"taxonomy":"product_tag","embeddable":true,"href":"https:\/\/prixgro.com\/ar\/wp-json\/wp\/v2\/product_tag?post=142069"},{"taxonomy":"berocket_brand","embeddable":true,"href":"https:\/\/prixgro.com\/ar\/wp-json\/wp\/v2\/berocket_brand?post=142069"}],"curies":[{"name":"wp","href":"https:\/\/api.w.org\/{rel}","templated":true}]}}