{"id":142083,"date":"2024-04-09T14:30:56","date_gmt":"2024-04-09T12:30:56","guid":{"rendered":"https:\/\/cloodmanager.net\/?post_type=product&#038;p=142083"},"modified":"2024-08-08T20:46:00","modified_gmt":"2024-08-08T18:46:00","slug":"mascara-maneater-tarte","status":"publish","type":"product","link":"https:\/\/prixgro.com\/ar\/product\/mascara-maneater-tarte\/","title":{"rendered":"Mascara Maneater Tarte"},"content":{"rendered":"<h2><strong>DESCRIPTION :<\/strong><\/h2>\n<p>Ce mascara qui ouvre les yeux trouve et fait flotter chaque cil\u00a0!<\/p>\n<ul>\n<li>volume massif, longueur infinie et courbure extr\u00eame<\/li>\n<li>rend les yeux plus grands et lift\u00e9s avec 1 couche<\/li>\n<li>la formule ultra-cr\u00e9meuse revitalise les cils afin qu&#8217;ils ne s&#8217;\u00e9caillent pas, ne s&#8217;agglutinent pas et ne tachent pas<\/li>\n<li>plus de 500 brosses \u00e0 poils personnalis\u00e9es recouvrent et s\u00e9parent les cils<\/li>\n<\/ul>\n<h3><strong>Caract\u00e9ristiques :\u00a0<\/strong><\/h3>\n<ul>\n<li>longue tenue 16 heures<\/li>\n<li>am\u00e9lioration imm\u00e9diate de la longueur, du volume et de la courbure<\/li>\n<li>100\u00a0% des sujets avaient des cils plus longs et plus fournis apr\u00e8s l&#8217;application<\/li>\n<li>test\u00e9 ophtalmologiquement<\/li>\n<li>sans danger pour les porteurs de lentilles de contact<\/li>\n<li>test\u00e9 dermatologiquement<\/li>\n<\/ul>\n<h3><strong><em>Ingredients cl\u00e9s :<\/em><\/strong><\/h3>\n<ul>\n<li><strong>jojoba<\/strong>\u00a0: aide \u00e0 hydrater, renforcer et prot\u00e9ger les cils<\/li>\n<li><strong>cire de carnauba<\/strong>\u00a0: pour une application fluide aux bienfaits allongeant &amp; volumateur<\/li>\n<\/ul>\n<h2><strong>CONSEIL D&#8217;UTILISATION :<\/strong><\/h2>\n<ul>\n<li>placez la brosse \u00e0 mascara \u00e0 la racine des cils et remuez-la dans un mouvement de zigzag jusqu&#8217;\u00e0 la pointe<\/li>\n<\/ul>\n<h2><strong>COMPOSITION :<\/strong><\/h2>\n<p>Eau\/Aqua\/Eau, cire d&#8217;abeille synth\u00e9tique, cire d&#8217;abeille\/cera alba\/cired rsquobeille, esters de jojoba, cera carnauba\/copernicia cerifera (carnauba) wax\/cire de carnauba, glyc\u00e9rine, acide st\u00e9arique, acide palmitique, aminomethyl propanediol, gomme d&#8217;acacia senegal , caprylyl glycol, hydroxy\u00e9thylcellulose, acide myristique, acide arachidique, acide b\u00e9h\u00e9nique, acide ol\u00e9ique, tocoph\u00e9rol, ph\u00e9noxy\u00e9thanol, oxydes de fer (CI 77499).\u00a0Fabriqu\u00e9 en Italie.\u00a0formul\u00e9 sans : parab\u00e8nes huile min\u00e9rale phtalates sodium lauryl sulfates gluten<\/p>","protected":false},"excerpt":{"rendered":"<h3><span style=\"color: #f7c705\" data-mce-style=\"color: #f7c705;\"><em><strong><span style=\"color: #e3ba17\" data-mce-style=\"color: #e3ba17;\">Ce<\/span> <span style=\"color: #000000\" data-mce-style=\"color: #000000;\">mascara <\/span><span style=\"color: #e3ba17\" data-mce-style=\"color: #e3ba17;\">qui<\/span> <span style=\"color: #000000\" data-mce-style=\"color: #000000;\">ouvre<\/span> <span style=\"color: #e3ba17\" data-mce-style=\"color: #e3ba17;\">les yeux <\/span>et <span style=\"color: #000000\" data-mce-style=\"color: #000000;\">fait<\/span> <span style=\"color: #e3ba17\" data-mce-style=\"color: #e3ba17;\">flotter <\/span><span style=\"color: #000000\" data-mce-style=\"color: #000000;\">chaque<\/span> <span style=\"color: #e3ba17\" data-mce-style=\"color: #e3ba17;\">cil\u00a0!<\/span><\/strong><\/em><\/span><\/h3>\n<p><strong>Contenance : 4.5ML\u00a0<\/strong><\/p>","protected":false},"featured_media":3634,"comment_status":"open","ping_status":"closed","template":"","meta":[],"product_cat":[429,433],"product_tag":[],"berocket_brand":[],"class_list":{"0":"post-142083","1":"product","2":"type-product","3":"status-publish","4":"has-post-thumbnail","6":"product_cat-maquillage","7":"product_cat-yeux-maquillage","9":"first","10":"outofstock","11":"shipping-taxable","12":"purchasable","13":"product-type-simple"},"yoast_head":"<!-- This site is optimized with the Yoast SEO plugin v24.8 - https:\/\/yoast.com\/wordpress\/plugins\/seo\/ -->\n<title>Mascara Maneater Tarte - Prixgro<\/title>\n<meta name=\"robots\" content=\"index, follow, max-snippet:-1, max-image-preview:large, max-video-preview:-1\" \/>\n<link rel=\"canonical\" href=\"https:\/\/prixgro.com\/ar\/product\/mascara-maneater-tarte\/\" \/>\n<meta property=\"og:locale\" content=\"ar_AR\" \/>\n<meta property=\"og:type\" content=\"article\" \/>\n<meta property=\"og:title\" content=\"Mascara Maneater Tarte - Prixgro\" \/>\n<meta property=\"og:description\" content=\"Ce mascara qui ouvre les yeux et fait flotter chaque cil\u00a0!Contenance : 4.5ML\u00a0\" \/>\n<meta property=\"og:url\" content=\"https:\/\/prixgro.com\/ar\/product\/mascara-maneater-tarte\/\" \/>\n<meta property=\"og:site_name\" content=\"Prixgro\" \/>\n<meta property=\"article:publisher\" content=\"https:\/\/www.facebook.com\/Pharmacima\" \/>\n<meta property=\"article:modified_time\" content=\"2024-08-08T18:46:00+00:00\" \/>\n<meta property=\"og:image\" content=\"https:\/\/prixgro.com\/wp-content\/uploads\/2023\/09\/1544_travel-size-maneater-voluptuous-mascara-black-MAIN-removebg-preview.png\" \/>\n\t<meta property=\"og:image:width\" content=\"500\" \/>\n\t<meta property=\"og:image:height\" content=\"500\" \/>\n\t<meta property=\"og:image:type\" content=\"image\/png\" \/>\n<meta name=\"twitter:card\" content=\"summary_large_image\" \/>\n<meta name=\"twitter:label1\" content=\"\u0648\u0642\u062a \u0627\u0644\u0642\u0631\u0627\u0621\u0629 \u0627\u0644\u0645\u064f\u0642\u062f\u0651\u0631\" \/>\n\t<meta name=\"twitter:data1\" content=\"\u062f\u0642\u064a\u0642\u0629 \u0648\u0627\u062d\u062f\u0629\" \/>\n<script type=\"application\/ld+json\" class=\"yoast-schema-graph\">{\"@context\":\"https:\/\/schema.org\",\"@graph\":[{\"@type\":\"WebPage\",\"@id\":\"https:\/\/prixgro.com\/product\/mascara-maneater-tarte\/\",\"url\":\"https:\/\/prixgro.com\/product\/mascara-maneater-tarte\/\",\"name\":\"Mascara Maneater Tarte - Prixgro\",\"isPartOf\":{\"@id\":\"https:\/\/prixgro.com\/#website\"},\"primaryImageOfPage\":{\"@id\":\"https:\/\/prixgro.com\/product\/mascara-maneater-tarte\/#primaryimage\"},\"image\":{\"@id\":\"https:\/\/prixgro.com\/product\/mascara-maneater-tarte\/#primaryimage\"},\"thumbnailUrl\":\"https:\/\/prixgro.com\/wp-content\/uploads\/2023\/09\/1544_travel-size-maneater-voluptuous-mascara-black-MAIN-removebg-preview.png\",\"datePublished\":\"2024-04-09T12:30:56+00:00\",\"dateModified\":\"2024-08-08T18:46:00+00:00\",\"breadcrumb\":{\"@id\":\"https:\/\/prixgro.com\/product\/mascara-maneater-tarte\/#breadcrumb\"},\"inLanguage\":\"ar\",\"potentialAction\":[{\"@type\":\"ReadAction\",\"target\":[\"https:\/\/prixgro.com\/product\/mascara-maneater-tarte\/\"]}]},{\"@type\":\"ImageObject\",\"inLanguage\":\"ar\",\"@id\":\"https:\/\/prixgro.com\/product\/mascara-maneater-tarte\/#primaryimage\",\"url\":\"https:\/\/prixgro.com\/wp-content\/uploads\/2023\/09\/1544_travel-size-maneater-voluptuous-mascara-black-MAIN-removebg-preview.png\",\"contentUrl\":\"https:\/\/prixgro.com\/wp-content\/uploads\/2023\/09\/1544_travel-size-maneater-voluptuous-mascara-black-MAIN-removebg-preview.png\",\"width\":500,\"height\":500},{\"@type\":\"BreadcrumbList\",\"@id\":\"https:\/\/prixgro.com\/product\/mascara-maneater-tarte\/#breadcrumb\",\"itemListElement\":[{\"@type\":\"ListItem\",\"position\":1,\"name\":\"Accueil\",\"item\":\"https:\/\/prixgro.com\/\"},{\"@type\":\"ListItem\",\"position\":2,\"name\":\"Boutique en ligne\",\"item\":\"https:\/\/prixgro.com\/shop\/\"},{\"@type\":\"ListItem\",\"position\":3,\"name\":\"Mascara Maneater Tarte\"}]},{\"@type\":\"WebSite\",\"@id\":\"https:\/\/prixgro.com\/#website\",\"url\":\"https:\/\/prixgro.com\/\",\"name\":\"Prixgro.com\",\"description\":\"Para Pharmaceutique et Cosm\u00e9tique\",\"publisher\":{\"@id\":\"https:\/\/prixgro.com\/#organization\"},\"potentialAction\":[{\"@type\":\"SearchAction\",\"target\":{\"@type\":\"EntryPoint\",\"urlTemplate\":\"https:\/\/prixgro.com\/?s={search_term_string}\"},\"query-input\":{\"@type\":\"PropertyValueSpecification\",\"valueRequired\":true,\"valueName\":\"search_term_string\"}}],\"inLanguage\":\"ar\"},{\"@type\":\"Organization\",\"@id\":\"https:\/\/prixgro.com\/#organization\",\"name\":\"Prixgro\",\"url\":\"https:\/\/prixgro.com\/\",\"logo\":{\"@type\":\"ImageObject\",\"inLanguage\":\"ar\",\"@id\":\"https:\/\/prixgro.com\/#\/schema\/logo\/image\/\",\"url\":\"https:\/\/prixgro.com\/wp-content\/uploads\/2024\/08\/cropped-Nouveau-projet-2.png\",\"contentUrl\":\"https:\/\/prixgro.com\/wp-content\/uploads\/2024\/08\/cropped-Nouveau-projet-2.png\",\"width\":265,\"height\":62,\"caption\":\"Prixgro\"},\"image\":{\"@id\":\"https:\/\/prixgro.com\/#\/schema\/logo\/image\/\"},\"sameAs\":[\"https:\/\/www.facebook.com\/Pharmacima\"]}]}<\/script>\n<!-- \/ Yoast SEO plugin. -->","yoast_head_json":{"title":"Mascara Maneater Tarte - Prixgro","robots":{"index":"index","follow":"follow","max-snippet":"max-snippet:-1","max-image-preview":"max-image-preview:large","max-video-preview":"max-video-preview:-1"},"canonical":"https:\/\/prixgro.com\/ar\/product\/mascara-maneater-tarte\/","og_locale":"ar_AR","og_type":"article","og_title":"Mascara Maneater Tarte - Prixgro","og_description":"Ce mascara qui ouvre les yeux et fait flotter chaque cil\u00a0!Contenance : 4.5ML\u00a0","og_url":"https:\/\/prixgro.com\/ar\/product\/mascara-maneater-tarte\/","og_site_name":"Prixgro","article_publisher":"https:\/\/www.facebook.com\/Pharmacima","article_modified_time":"2024-08-08T18:46:00+00:00","og_image":[{"width":500,"height":500,"url":"https:\/\/prixgro.com\/wp-content\/uploads\/2023\/09\/1544_travel-size-maneater-voluptuous-mascara-black-MAIN-removebg-preview.png","type":"image\/png"}],"twitter_card":"summary_large_image","twitter_misc":{"\u0648\u0642\u062a \u0627\u0644\u0642\u0631\u0627\u0621\u0629 \u0627\u0644\u0645\u064f\u0642\u062f\u0651\u0631":"\u062f\u0642\u064a\u0642\u0629 \u0648\u0627\u062d\u062f\u0629"},"schema":{"@context":"https:\/\/schema.org","@graph":[{"@type":"WebPage","@id":"https:\/\/prixgro.com\/product\/mascara-maneater-tarte\/","url":"https:\/\/prixgro.com\/product\/mascara-maneater-tarte\/","name":"Mascara Maneater Tarte - Prixgro","isPartOf":{"@id":"https:\/\/prixgro.com\/#website"},"primaryImageOfPage":{"@id":"https:\/\/prixgro.com\/product\/mascara-maneater-tarte\/#primaryimage"},"image":{"@id":"https:\/\/prixgro.com\/product\/mascara-maneater-tarte\/#primaryimage"},"thumbnailUrl":"https:\/\/prixgro.com\/wp-content\/uploads\/2023\/09\/1544_travel-size-maneater-voluptuous-mascara-black-MAIN-removebg-preview.png","datePublished":"2024-04-09T12:30:56+00:00","dateModified":"2024-08-08T18:46:00+00:00","breadcrumb":{"@id":"https:\/\/prixgro.com\/product\/mascara-maneater-tarte\/#breadcrumb"},"inLanguage":"ar","potentialAction":[{"@type":"ReadAction","target":["https:\/\/prixgro.com\/product\/mascara-maneater-tarte\/"]}]},{"@type":"ImageObject","inLanguage":"ar","@id":"https:\/\/prixgro.com\/product\/mascara-maneater-tarte\/#primaryimage","url":"https:\/\/prixgro.com\/wp-content\/uploads\/2023\/09\/1544_travel-size-maneater-voluptuous-mascara-black-MAIN-removebg-preview.png","contentUrl":"https:\/\/prixgro.com\/wp-content\/uploads\/2023\/09\/1544_travel-size-maneater-voluptuous-mascara-black-MAIN-removebg-preview.png","width":500,"height":500},{"@type":"BreadcrumbList","@id":"https:\/\/prixgro.com\/product\/mascara-maneater-tarte\/#breadcrumb","itemListElement":[{"@type":"ListItem","position":1,"name":"Accueil","item":"https:\/\/prixgro.com\/"},{"@type":"ListItem","position":2,"name":"Boutique en ligne","item":"https:\/\/prixgro.com\/shop\/"},{"@type":"ListItem","position":3,"name":"Mascara Maneater Tarte"}]},{"@type":"WebSite","@id":"https:\/\/prixgro.com\/#website","url":"https:\/\/prixgro.com\/","name":"Prixgro.com","description":"Para Pharmaceutique et Cosm\u00e9tique","publisher":{"@id":"https:\/\/prixgro.com\/#organization"},"potentialAction":[{"@type":"SearchAction","target":{"@type":"EntryPoint","urlTemplate":"https:\/\/prixgro.com\/?s={search_term_string}"},"query-input":{"@type":"PropertyValueSpecification","valueRequired":true,"valueName":"search_term_string"}}],"inLanguage":"ar"},{"@type":"Organization","@id":"https:\/\/prixgro.com\/#organization","name":"Prixgro","url":"https:\/\/prixgro.com\/","logo":{"@type":"ImageObject","inLanguage":"ar","@id":"https:\/\/prixgro.com\/#\/schema\/logo\/image\/","url":"https:\/\/prixgro.com\/wp-content\/uploads\/2024\/08\/cropped-Nouveau-projet-2.png","contentUrl":"https:\/\/prixgro.com\/wp-content\/uploads\/2024\/08\/cropped-Nouveau-projet-2.png","width":265,"height":62,"caption":"Prixgro"},"image":{"@id":"https:\/\/prixgro.com\/#\/schema\/logo\/image\/"},"sameAs":["https:\/\/www.facebook.com\/Pharmacima"]}]}},"_links":{"self":[{"href":"https:\/\/prixgro.com\/ar\/wp-json\/wp\/v2\/product\/142083","targetHints":{"allow":["GET"]}}],"collection":[{"href":"https:\/\/prixgro.com\/ar\/wp-json\/wp\/v2\/product"}],"about":[{"href":"https:\/\/prixgro.com\/ar\/wp-json\/wp\/v2\/types\/product"}],"replies":[{"embeddable":true,"href":"https:\/\/prixgro.com\/ar\/wp-json\/wp\/v2\/comments?post=142083"}],"wp:featuredmedia":[{"embeddable":true,"href":"https:\/\/prixgro.com\/ar\/wp-json\/wp\/v2\/media\/3634"}],"wp:attachment":[{"href":"https:\/\/prixgro.com\/ar\/wp-json\/wp\/v2\/media?parent=142083"}],"wp:term":[{"taxonomy":"product_cat","embeddable":true,"href":"https:\/\/prixgro.com\/ar\/wp-json\/wp\/v2\/product_cat?post=142083"},{"taxonomy":"product_tag","embeddable":true,"href":"https:\/\/prixgro.com\/ar\/wp-json\/wp\/v2\/product_tag?post=142083"},{"taxonomy":"berocket_brand","embeddable":true,"href":"https:\/\/prixgro.com\/ar\/wp-json\/wp\/v2\/berocket_brand?post=142083"}],"curies":[{"name":"wp","href":"https:\/\/api.w.org\/{rel}","templated":true}]}}