{"id":142110,"date":"2024-04-09T14:31:07","date_gmt":"2024-04-09T12:31:07","guid":{"rendered":"https:\/\/cloodmanager.net\/?post_type=product&#038;p=142110"},"modified":"2024-08-08T21:24:51","modified_gmt":"2024-08-08T19:24:51","slug":"eyeliner-liquide-ultra-fin-quickn-easy-huda-beauty","status":"publish","type":"product","link":"https:\/\/prixgro.com\/ar\/product\/eyeliner-liquide-ultra-fin-quickn-easy-huda-beauty\/","title":{"rendered":"Eyeliner Liquide Ultra Fin Quick&#8217;N Easy Huda Beauty"},"content":{"rendered":"<h2><strong>Description<\/strong> :<\/h2>\n<p>D\u00e9couvrez notre eye-liner liquide Life Liner Quick \u2018N Easy de Huda Beauty. Facile \u00e0 appliquer et dot\u00e9 d&#8217;un embout pinceau super fin qui d\u00e9pose une quantit\u00e9 homog\u00e8ne de produit pour une application pr\u00e9cise en un seul geste\u2009! Id\u00e9al pour tous les niveaux : des plus novices aux v\u00e9ritables pros de l&#8217;eye-liner\u2009!<br \/>Ferme et souple \u00e0 la fois, l&#8217;extr\u00e9mit\u00e9 super fine du pinceau offre un contr\u00f4le maximal pour des cils plus naturels. La formule noire intense et riche en pigments s\u00e8che instantan\u00e9ment et ne s&#8217;effrite pas (mais elle se retire facilement\u2009!).<br \/>Cet eye-liner waterproof ne coule pas, r\u00e9siste aux frottements et \u00e0 la sueur, et ne migre pas. Sa formule a \u00e9t\u00e9 test\u00e9e ophtalmologiquement.<\/p>\n<p>La teinte :<br \/>Very Vanta (noir extr\u00eame) &#8211; le noir le plus sombre et intense qui soit\u2009!<\/p>\n<p>GOOD FOR VEGAN*<br \/>Des produits sans ingr\u00e9dient d\u2019origine animale<br \/>*Bon pour les v\u00e9g\u00e9taliens<\/p>\n<h2><strong>Conseils d&#8217;utilisation<\/strong> :<\/h2>\n<p>\u00c9tape 1. Du coin externe de l&#8217;\u0153il, tracez un trait diagonal vers l&#8217;ext\u00e9rieur (utilisez la courbe naturelle de votre ligne de cils inf\u00e9rieure comme guide pour un effet lift\u00e9).<br \/>\u00c9tape 2. En utilisant cette m\u00eame ligne comme guide, appliquez l&#8217;eye-liner Huda Beauty vers l&#8217;int\u00e9rieur, vers la ligne des cils.<br \/>\u00c9tape 3. Compl\u00e9tez le trac\u00e9 par petites touches.<\/p>\n<p>L&#8217;inspiration d&#8217;Huda :<br \/>Apr\u00e8s le lancement de notre eye-liner original &#8211; le Life Liner Duo Pencil &amp; Liquid Eyeliner &#8211; Huda a voulu cr\u00e9er une alternative universelle qui soit facile \u00e0 utiliser, des novices aux pros en passant par les accros de l&#8217;eye-liner.<\/p>\n<h2><strong>Composition<\/strong> :<\/h2>\n<p>WATER\/AQUA\/EAU, STYRENE\/ACRYLATES COPOLYMER, PROPYLENE GLYCOL, LAURETH-21, PENTYLENE GLYCOL, PEG-40 HYDROGENATED CASTOR OIL, PHENOXYETHANOL, AMMONIUM ACRYLATES COPOLYMER, CAPRYLYL GLYCOL, PPG-2-DECETH-30, SODIUM DEHYDROACETATE, SODIUM LAURYL SULFATE, DISODIUM LAURETH SULFOSUCCINATE, BLACK 2 \/ CI 77266 (NANO).<\/p>\n<p>Cette liste d&#8217;ingr\u00e9dients peut faire l&#8217;objet de modifications, veuillez consulter l&#8217;emballage du produit achet\u00e9.<\/p>","protected":false},"excerpt":{"rendered":"<p><span style=\"color: #ff1fe9\" data-mce-style=\"color: #ff1fe9;\">Ne coule pas, r\u00e9siste aux frottements et \u00e0 la sueur, et ne migre pas.<\/span><\/p>\n<p>1ml.<\/p>\n<p><strong><span style=\"color: #000000\" data-mce-style=\"color: #000000;\">La teinte :<\/span><\/strong><br \/><span style=\"color: #000000\" data-mce-style=\"color: #000000;\">Very Vanta (noir extr\u00eame) &#8211; le noir le plus sombre et intense qui soit\u2009!<\/span><\/p>","protected":false},"featured_media":3713,"comment_status":"open","ping_status":"closed","template":"","meta":[],"product_cat":[429,433],"product_tag":[],"berocket_brand":[],"class_list":{"0":"post-142110","1":"product","2":"type-product","3":"status-publish","4":"has-post-thumbnail","6":"product_cat-maquillage","7":"product_cat-yeux-maquillage","9":"first","10":"outofstock","11":"shipping-taxable","12":"purchasable","13":"product-type-simple"},"yoast_head":"<!-- This site is optimized with the Yoast SEO plugin v24.8 - https:\/\/yoast.com\/wordpress\/plugins\/seo\/ -->\n<title>Eyeliner Liquide Ultra Fin Quick&#039;N Easy Huda Beauty - Prixgro<\/title>\n<meta name=\"robots\" content=\"index, follow, max-snippet:-1, max-image-preview:large, max-video-preview:-1\" \/>\n<link rel=\"canonical\" href=\"https:\/\/prixgro.com\/ar\/product\/eyeliner-liquide-ultra-fin-quickn-easy-huda-beauty\/\" \/>\n<meta property=\"og:locale\" content=\"ar_AR\" \/>\n<meta property=\"og:type\" content=\"article\" \/>\n<meta property=\"og:title\" content=\"Eyeliner Liquide Ultra Fin Quick&#039;N Easy Huda Beauty - Prixgro\" \/>\n<meta property=\"og:description\" content=\"Ne coule pas, r\u00e9siste aux frottements et \u00e0 la sueur, et ne migre pas.1ml.La teinte :Very Vanta (noir extr\u00eame) - le noir le plus sombre et intense qui soit\u2009!\" \/>\n<meta property=\"og:url\" content=\"https:\/\/prixgro.com\/ar\/product\/eyeliner-liquide-ultra-fin-quickn-easy-huda-beauty\/\" \/>\n<meta property=\"og:site_name\" content=\"Prixgro\" \/>\n<meta property=\"article:publisher\" content=\"https:\/\/www.facebook.com\/Pharmacima\" \/>\n<meta property=\"article:modified_time\" content=\"2024-08-08T19:24:51+00:00\" \/>\n<meta property=\"og:image\" content=\"https:\/\/prixgro.com\/wp-content\/uploads\/2023\/09\/eye-liner-hyda-beauty-scaled-e1677502599898.jpg\" \/>\n\t<meta property=\"og:image:width\" content=\"500\" \/>\n\t<meta property=\"og:image:height\" content=\"500\" \/>\n\t<meta property=\"og:image:type\" content=\"image\/jpeg\" \/>\n<meta name=\"twitter:card\" content=\"summary_large_image\" \/>\n<meta name=\"twitter:label1\" content=\"\u0648\u0642\u062a \u0627\u0644\u0642\u0631\u0627\u0621\u0629 \u0627\u0644\u0645\u064f\u0642\u062f\u0651\u0631\" \/>\n\t<meta name=\"twitter:data1\" content=\"\u062f\u0642\u064a\u0642\u062a\u0627\u0646\" \/>\n<script type=\"application\/ld+json\" class=\"yoast-schema-graph\">{\"@context\":\"https:\/\/schema.org\",\"@graph\":[{\"@type\":\"WebPage\",\"@id\":\"https:\/\/prixgro.com\/product\/eyeliner-liquide-ultra-fin-quickn-easy-huda-beauty\/\",\"url\":\"https:\/\/prixgro.com\/product\/eyeliner-liquide-ultra-fin-quickn-easy-huda-beauty\/\",\"name\":\"Eyeliner Liquide Ultra Fin Quick'N Easy Huda Beauty - Prixgro\",\"isPartOf\":{\"@id\":\"https:\/\/prixgro.com\/#website\"},\"primaryImageOfPage\":{\"@id\":\"https:\/\/prixgro.com\/product\/eyeliner-liquide-ultra-fin-quickn-easy-huda-beauty\/#primaryimage\"},\"image\":{\"@id\":\"https:\/\/prixgro.com\/product\/eyeliner-liquide-ultra-fin-quickn-easy-huda-beauty\/#primaryimage\"},\"thumbnailUrl\":\"https:\/\/prixgro.com\/wp-content\/uploads\/2023\/09\/eye-liner-hyda-beauty-scaled-e1677502599898.jpg\",\"datePublished\":\"2024-04-09T12:31:07+00:00\",\"dateModified\":\"2024-08-08T19:24:51+00:00\",\"breadcrumb\":{\"@id\":\"https:\/\/prixgro.com\/product\/eyeliner-liquide-ultra-fin-quickn-easy-huda-beauty\/#breadcrumb\"},\"inLanguage\":\"ar\",\"potentialAction\":[{\"@type\":\"ReadAction\",\"target\":[\"https:\/\/prixgro.com\/product\/eyeliner-liquide-ultra-fin-quickn-easy-huda-beauty\/\"]}]},{\"@type\":\"ImageObject\",\"inLanguage\":\"ar\",\"@id\":\"https:\/\/prixgro.com\/product\/eyeliner-liquide-ultra-fin-quickn-easy-huda-beauty\/#primaryimage\",\"url\":\"https:\/\/prixgro.com\/wp-content\/uploads\/2023\/09\/eye-liner-hyda-beauty-scaled-e1677502599898.jpg\",\"contentUrl\":\"https:\/\/prixgro.com\/wp-content\/uploads\/2023\/09\/eye-liner-hyda-beauty-scaled-e1677502599898.jpg\",\"width\":500,\"height\":500},{\"@type\":\"BreadcrumbList\",\"@id\":\"https:\/\/prixgro.com\/product\/eyeliner-liquide-ultra-fin-quickn-easy-huda-beauty\/#breadcrumb\",\"itemListElement\":[{\"@type\":\"ListItem\",\"position\":1,\"name\":\"Accueil\",\"item\":\"https:\/\/prixgro.com\/\"},{\"@type\":\"ListItem\",\"position\":2,\"name\":\"Boutique en ligne\",\"item\":\"https:\/\/prixgro.com\/shop\/\"},{\"@type\":\"ListItem\",\"position\":3,\"name\":\"Eyeliner Liquide Ultra Fin Quick&#8217;N Easy Huda Beauty\"}]},{\"@type\":\"WebSite\",\"@id\":\"https:\/\/prixgro.com\/#website\",\"url\":\"https:\/\/prixgro.com\/\",\"name\":\"Prixgro.com\",\"description\":\"Para Pharmaceutique et Cosm\u00e9tique\",\"publisher\":{\"@id\":\"https:\/\/prixgro.com\/#organization\"},\"potentialAction\":[{\"@type\":\"SearchAction\",\"target\":{\"@type\":\"EntryPoint\",\"urlTemplate\":\"https:\/\/prixgro.com\/?s={search_term_string}\"},\"query-input\":{\"@type\":\"PropertyValueSpecification\",\"valueRequired\":true,\"valueName\":\"search_term_string\"}}],\"inLanguage\":\"ar\"},{\"@type\":\"Organization\",\"@id\":\"https:\/\/prixgro.com\/#organization\",\"name\":\"Prixgro\",\"url\":\"https:\/\/prixgro.com\/\",\"logo\":{\"@type\":\"ImageObject\",\"inLanguage\":\"ar\",\"@id\":\"https:\/\/prixgro.com\/#\/schema\/logo\/image\/\",\"url\":\"https:\/\/prixgro.com\/wp-content\/uploads\/2024\/08\/cropped-Nouveau-projet-2.png\",\"contentUrl\":\"https:\/\/prixgro.com\/wp-content\/uploads\/2024\/08\/cropped-Nouveau-projet-2.png\",\"width\":265,\"height\":62,\"caption\":\"Prixgro\"},\"image\":{\"@id\":\"https:\/\/prixgro.com\/#\/schema\/logo\/image\/\"},\"sameAs\":[\"https:\/\/www.facebook.com\/Pharmacima\"]}]}<\/script>\n<!-- \/ Yoast SEO plugin. -->","yoast_head_json":{"title":"Eyeliner Liquide Ultra Fin Quick'N Easy Huda Beauty - Prixgro","robots":{"index":"index","follow":"follow","max-snippet":"max-snippet:-1","max-image-preview":"max-image-preview:large","max-video-preview":"max-video-preview:-1"},"canonical":"https:\/\/prixgro.com\/ar\/product\/eyeliner-liquide-ultra-fin-quickn-easy-huda-beauty\/","og_locale":"ar_AR","og_type":"article","og_title":"Eyeliner Liquide Ultra Fin Quick'N Easy Huda Beauty - Prixgro","og_description":"Ne coule pas, r\u00e9siste aux frottements et \u00e0 la sueur, et ne migre pas.1ml.La teinte :Very Vanta (noir extr\u00eame) - le noir le plus sombre et intense qui soit\u2009!","og_url":"https:\/\/prixgro.com\/ar\/product\/eyeliner-liquide-ultra-fin-quickn-easy-huda-beauty\/","og_site_name":"Prixgro","article_publisher":"https:\/\/www.facebook.com\/Pharmacima","article_modified_time":"2024-08-08T19:24:51+00:00","og_image":[{"width":500,"height":500,"url":"https:\/\/prixgro.com\/wp-content\/uploads\/2023\/09\/eye-liner-hyda-beauty-scaled-e1677502599898.jpg","type":"image\/jpeg"}],"twitter_card":"summary_large_image","twitter_misc":{"\u0648\u0642\u062a \u0627\u0644\u0642\u0631\u0627\u0621\u0629 \u0627\u0644\u0645\u064f\u0642\u062f\u0651\u0631":"\u062f\u0642\u064a\u0642\u062a\u0627\u0646"},"schema":{"@context":"https:\/\/schema.org","@graph":[{"@type":"WebPage","@id":"https:\/\/prixgro.com\/product\/eyeliner-liquide-ultra-fin-quickn-easy-huda-beauty\/","url":"https:\/\/prixgro.com\/product\/eyeliner-liquide-ultra-fin-quickn-easy-huda-beauty\/","name":"Eyeliner Liquide Ultra Fin Quick'N Easy Huda Beauty - Prixgro","isPartOf":{"@id":"https:\/\/prixgro.com\/#website"},"primaryImageOfPage":{"@id":"https:\/\/prixgro.com\/product\/eyeliner-liquide-ultra-fin-quickn-easy-huda-beauty\/#primaryimage"},"image":{"@id":"https:\/\/prixgro.com\/product\/eyeliner-liquide-ultra-fin-quickn-easy-huda-beauty\/#primaryimage"},"thumbnailUrl":"https:\/\/prixgro.com\/wp-content\/uploads\/2023\/09\/eye-liner-hyda-beauty-scaled-e1677502599898.jpg","datePublished":"2024-04-09T12:31:07+00:00","dateModified":"2024-08-08T19:24:51+00:00","breadcrumb":{"@id":"https:\/\/prixgro.com\/product\/eyeliner-liquide-ultra-fin-quickn-easy-huda-beauty\/#breadcrumb"},"inLanguage":"ar","potentialAction":[{"@type":"ReadAction","target":["https:\/\/prixgro.com\/product\/eyeliner-liquide-ultra-fin-quickn-easy-huda-beauty\/"]}]},{"@type":"ImageObject","inLanguage":"ar","@id":"https:\/\/prixgro.com\/product\/eyeliner-liquide-ultra-fin-quickn-easy-huda-beauty\/#primaryimage","url":"https:\/\/prixgro.com\/wp-content\/uploads\/2023\/09\/eye-liner-hyda-beauty-scaled-e1677502599898.jpg","contentUrl":"https:\/\/prixgro.com\/wp-content\/uploads\/2023\/09\/eye-liner-hyda-beauty-scaled-e1677502599898.jpg","width":500,"height":500},{"@type":"BreadcrumbList","@id":"https:\/\/prixgro.com\/product\/eyeliner-liquide-ultra-fin-quickn-easy-huda-beauty\/#breadcrumb","itemListElement":[{"@type":"ListItem","position":1,"name":"Accueil","item":"https:\/\/prixgro.com\/"},{"@type":"ListItem","position":2,"name":"Boutique en ligne","item":"https:\/\/prixgro.com\/shop\/"},{"@type":"ListItem","position":3,"name":"Eyeliner Liquide Ultra Fin Quick&#8217;N Easy Huda Beauty"}]},{"@type":"WebSite","@id":"https:\/\/prixgro.com\/#website","url":"https:\/\/prixgro.com\/","name":"Prixgro.com","description":"Para Pharmaceutique et Cosm\u00e9tique","publisher":{"@id":"https:\/\/prixgro.com\/#organization"},"potentialAction":[{"@type":"SearchAction","target":{"@type":"EntryPoint","urlTemplate":"https:\/\/prixgro.com\/?s={search_term_string}"},"query-input":{"@type":"PropertyValueSpecification","valueRequired":true,"valueName":"search_term_string"}}],"inLanguage":"ar"},{"@type":"Organization","@id":"https:\/\/prixgro.com\/#organization","name":"Prixgro","url":"https:\/\/prixgro.com\/","logo":{"@type":"ImageObject","inLanguage":"ar","@id":"https:\/\/prixgro.com\/#\/schema\/logo\/image\/","url":"https:\/\/prixgro.com\/wp-content\/uploads\/2024\/08\/cropped-Nouveau-projet-2.png","contentUrl":"https:\/\/prixgro.com\/wp-content\/uploads\/2024\/08\/cropped-Nouveau-projet-2.png","width":265,"height":62,"caption":"Prixgro"},"image":{"@id":"https:\/\/prixgro.com\/#\/schema\/logo\/image\/"},"sameAs":["https:\/\/www.facebook.com\/Pharmacima"]}]}},"_links":{"self":[{"href":"https:\/\/prixgro.com\/ar\/wp-json\/wp\/v2\/product\/142110","targetHints":{"allow":["GET"]}}],"collection":[{"href":"https:\/\/prixgro.com\/ar\/wp-json\/wp\/v2\/product"}],"about":[{"href":"https:\/\/prixgro.com\/ar\/wp-json\/wp\/v2\/types\/product"}],"replies":[{"embeddable":true,"href":"https:\/\/prixgro.com\/ar\/wp-json\/wp\/v2\/comments?post=142110"}],"wp:featuredmedia":[{"embeddable":true,"href":"https:\/\/prixgro.com\/ar\/wp-json\/wp\/v2\/media\/3713"}],"wp:attachment":[{"href":"https:\/\/prixgro.com\/ar\/wp-json\/wp\/v2\/media?parent=142110"}],"wp:term":[{"taxonomy":"product_cat","embeddable":true,"href":"https:\/\/prixgro.com\/ar\/wp-json\/wp\/v2\/product_cat?post=142110"},{"taxonomy":"product_tag","embeddable":true,"href":"https:\/\/prixgro.com\/ar\/wp-json\/wp\/v2\/product_tag?post=142110"},{"taxonomy":"berocket_brand","embeddable":true,"href":"https:\/\/prixgro.com\/ar\/wp-json\/wp\/v2\/berocket_brand?post=142110"}],"curies":[{"name":"wp","href":"https:\/\/api.w.org\/{rel}","templated":true}]}}