{"id":142113,"date":"2024-04-09T14:31:07","date_gmt":"2024-04-09T12:31:07","guid":{"rendered":"https:\/\/cloodmanager.net\/?post_type=product&#038;p=142113"},"modified":"2024-08-08T20:53:33","modified_gmt":"2024-08-08T18:53:33","slug":"hydraphase-intense-legere-50ml-spf20-la-roche-posay","status":"publish","type":"product","link":"https:\/\/prixgro.com\/ar\/product\/hydraphase-intense-legere-50ml-spf20-la-roche-posay\/","title":{"rendered":"Hydraphase Intense l\u00e9g\u00e8re 50ml Spf20 La roche posay"},"content":{"rendered":"<h2><strong>DESCRIPTION :<\/strong><\/h2>\n<p>HYDRAPHASE est une gamme d&#8217;hydratants reconstituants quotidiens pour les femmes et les hommes qui offre une hydratation tout au long de la journ\u00e9e aux peaux s\u00e8ches, d\u00e9shydrat\u00e9es.<\/p>\n<p><strong>HYDRAPHASE Intense UV L\u00e9g\u00e8re\u00a0<\/strong>r\u00e9hydrate instantan\u00e9ment la peau et la prot\u00e8ge des rayons UVA\/UVB.<\/p>\n<p><strong>caract\u00e9ristiques :<\/strong><\/p>\n<p>Infuse la peau en eau pendant 24\u00a0heures gr\u00e2ce \u00e0 une association d&#8217;eau thermale de La Roche-Posay et d&#8217;acide hyaluronique, un ingr\u00e9dient actif aux puissantes propri\u00e9t\u00e9s hydratantes.<\/p>\n<ul>\n<li>La peau est gorg\u00e9e d&#8217;eau.<\/li>\n<li>Renforc\u00e9e, la barri\u00e8re cutan\u00e9e verrouille l&#8217;eau dans la peau.<\/li>\n<li>Texture l\u00e9g\u00e8re, fra\u00eeche et non grasse.<\/li>\n<\/ul>\n<p><strong>INGR\u00c9DIENTS CL\u00c9S :<\/strong><\/p>\n<ul>\n<li>ACIDE HYALURONIQUE<\/li>\n<li>SYST\u00c8ME FILTRANT MEXORYL XL<\/li>\n<li>LA ROCHE POSAY EAU THERMALE<\/li>\n<\/ul>\n<h2><strong>CONSEIL D&#8217;UTILISATION :<\/strong><\/h2>\n<p>Appliquer tous les matins sur le visage et le cou. \u00c9viter le contour des yeux.<\/p>\n<h2><strong>COMPOSITIION :<\/strong><\/h2>\n<p>AQUA \/ WATER \u2022 DIMETHICONE \u2022 C12-15 ALKYL BENZOATE \u2022 GLYCERIN \u2022 OCTOCRYLENE \u2022 DIISOPROPYL SEBACATE \u2022 BUTYL METHOXYDIBENZOYLMETHANE \u2022 BUTYROSPERMUM PARKII BUTTER \/ SHEA BUTTER \u2022 TEREPHTHALYLIDENE DICAMPHOR SULFONIC ACID \u2022 HYDROXYPROPYL TETRAHYDROPYRANTRIOL \u2022 DROMETRIZOLE TRISILOXANE \u2022 POTASSIUM CETYL PHOSPHATE \u2022 TRIETHANOLAMINE \u2022 PROPYLENE GLYCOL \u2022 PEG-100 STEARATE \u2022 STEARYL ALCOHOL \u2022 GLYCERYL STEARATE \u2022 STEARIC ACID \u2022 DIMETHICONOL \u2022 ARGININE PCA \u2022 SERINE \u2022 PALMITIC ACID \u2022 ALUMINUM STARCH OCTENYLSUCCINATE \u2022 AMMONIUM POLYACRYLDIMETHYLTAURAMIDE \/ AMMONIUM POLYACRYLOYLDIMETHYL TAURATE \u2022 DISODIUM EDTA \u2022 HYDROLYZED LINSEED EXTRACT \u2022 ACETYL DIPEPTIDE-1 CETYL ESTER \u2022 XANTHAN GUM \u2022 ACRYLATES COPOLYMER \u2022 SODIUM BENZOATE \u2022 PHENOXYETHANOL \u2022 BENZOIC ACID \u2022 PARFUM \/ FRAGRANCE<\/p>","protected":false},"excerpt":{"rendered":"<ul class=\"usp-list\">\n<li class=\"usp-list__item\">\n<div class=\"usp-list__img\"><img decoding=\"async\" src=\"https:\/\/www.laroche-posay.me\/-\/media\/project\/loreal\/brand-sites\/lrp\/apac\/mena\/usp-images\/bottle.svg?cx=0&amp;cy=0&amp;cw=0&amp;ch=0&amp;hash=9F3275282CC6B58812CF8D42703134E43A3BC51B\" alt=\"bottle\" aria-hidden=\"true\" data-mce-src=\"https:\/\/www.laroche-posay.me\/-\/media\/project\/loreal\/brand-sites\/lrp\/apac\/mena\/usp-images\/bottle.svg?cx=0&amp;cy=0&amp;cw=0&amp;ch=0&amp;hash=9F3275282CC6B58812CF8D42703134E43A3BC51B\"><\/div>\n<div class=\"usp-list__text\">Pompe<\/div>\n<\/li>\n<li class=\"usp-list__item\">\n<div class=\"usp-list__img\"><img decoding=\"async\" src=\"https:\/\/www.laroche-posay.me\/-\/media\/project\/loreal\/brand-sites\/lrp\/shared\/baseline\/usp-images\/profile.svg?cx=0&amp;cy=0&amp;cw=0&amp;ch=0&amp;hash=25FED95A77C52EA36C33E333DE3762E3A01D74EB\" alt=\"\" aria-hidden=\"true\" data-mce-src=\"https:\/\/www.laroche-posay.me\/-\/media\/project\/loreal\/brand-sites\/lrp\/shared\/baseline\/usp-images\/profile.svg?cx=0&amp;cy=0&amp;cw=0&amp;ch=0&amp;hash=25FED95A77C52EA36C33E333DE3762E3A01D74EB\"><\/div>\n<div class=\"usp-list__text\">Adultes<\/div>\n<\/li>\n<li class=\"usp-list__item\">\n<div class=\"usp-list__img\"><img decoding=\"async\" src=\"https:\/\/www.laroche-posay.me\/-\/media\/project\/loreal\/brand-sites\/lrp\/shared\/baseline\/usp-images\/shoothing.svg?cx=0&amp;cy=0&amp;cw=0&amp;ch=0&amp;hash=84FDB7596D8C01B9B3D7CD6ACB967177637216F2\" alt=\"\" aria-hidden=\"true\" data-mce-src=\"https:\/\/www.laroche-posay.me\/-\/media\/project\/loreal\/brand-sites\/lrp\/shared\/baseline\/usp-images\/shoothing.svg?cx=0&amp;cy=0&amp;cw=0&amp;ch=0&amp;hash=84FDB7596D8C01B9B3D7CD6ACB967177637216F2\"><\/div>\n<div class=\"usp-list__text\">Lissant<br \/>Hydratant<br \/>Protection UVA\/UVB<\/div>\n<\/li>\n<li class=\"usp-list__item\">\n<div class=\"usp-list__img\"><img decoding=\"async\" src=\"https:\/\/www.laroche-posay.me\/-\/media\/project\/loreal\/brand-sites\/lrp\/shared\/baseline\/usp-images\/application.svg?cx=0&amp;cy=0&amp;cw=0&amp;ch=0&amp;hash=B1AB2294E30B0FB9AB7393F324E7C92EB4B8DC8B\" alt=\"\" aria-hidden=\"true\" data-mce-src=\"https:\/\/www.laroche-posay.me\/-\/media\/project\/loreal\/brand-sites\/lrp\/shared\/baseline\/usp-images\/application.svg?cx=0&amp;cy=0&amp;cw=0&amp;ch=0&amp;hash=B1AB2294E30B0FB9AB7393F324E7C92EB4B8DC8B\"><\/div>\n<div class=\"usp-list__text\">Visage<\/div>\n<\/li>\n<\/ul>\n<h3><span style=\"color: #3366ff\" data-mce-style=\"color: #3366ff;\"><em><strong>SPF 20<\/strong><\/em><\/span><\/h3>","protected":false},"featured_media":3721,"comment_status":"open","ping_status":"closed","template":"","meta":[],"product_cat":[98,17,36],"product_tag":[],"berocket_brand":[],"class_list":{"0":"post-142113","1":"product","2":"type-product","3":"status-publish","4":"has-post-thumbnail","6":"product_cat-cou","7":"product_cat-soin-et-bien-etre","8":"product_cat-visage-soin-et-bien-etre","10":"first","11":"outofstock","12":"shipping-taxable","13":"purchasable","14":"product-type-simple"},"yoast_head":"<!-- This site is optimized with the Yoast SEO plugin v24.8 - https:\/\/yoast.com\/wordpress\/plugins\/seo\/ -->\n<title>Hydraphase Intense l\u00e9g\u00e8re 50ml Spf20 La roche posay - Prixgro<\/title>\n<meta name=\"robots\" content=\"index, follow, max-snippet:-1, max-image-preview:large, max-video-preview:-1\" \/>\n<link rel=\"canonical\" href=\"https:\/\/prixgro.com\/ar\/product\/hydraphase-intense-legere-50ml-spf20-la-roche-posay\/\" \/>\n<meta property=\"og:locale\" content=\"ar_AR\" \/>\n<meta property=\"og:type\" content=\"article\" \/>\n<meta property=\"og:title\" content=\"Hydraphase Intense l\u00e9g\u00e8re 50ml Spf20 La roche posay - Prixgro\" \/>\n<meta property=\"og:description\" content=\"PompeAdultesLissantHydratantProtection UVA\/UVBVisageSPF 20\" \/>\n<meta property=\"og:url\" content=\"https:\/\/prixgro.com\/ar\/product\/hydraphase-intense-legere-50ml-spf20-la-roche-posay\/\" \/>\n<meta property=\"og:site_name\" content=\"Prixgro\" \/>\n<meta property=\"article:publisher\" content=\"https:\/\/www.facebook.com\/Pharmacima\" \/>\n<meta property=\"article:modified_time\" content=\"2024-08-08T18:53:33+00:00\" \/>\n<meta property=\"og:image\" content=\"https:\/\/prixgro.com\/wp-content\/uploads\/2023\/09\/la-roche-posay-productpage-hydraphase-uv-intense-light-spf20-50ml-3337872412615-front-scaled-e1677580793811.jpg\" \/>\n\t<meta property=\"og:image:width\" content=\"500\" \/>\n\t<meta property=\"og:image:height\" content=\"500\" \/>\n\t<meta property=\"og:image:type\" content=\"image\/jpeg\" \/>\n<meta name=\"twitter:card\" content=\"summary_large_image\" \/>\n<meta name=\"twitter:label1\" content=\"\u0648\u0642\u062a \u0627\u0644\u0642\u0631\u0627\u0621\u0629 \u0627\u0644\u0645\u064f\u0642\u062f\u0651\u0631\" \/>\n\t<meta name=\"twitter:data1\" content=\"\u062f\u0642\u064a\u0642\u0629 \u0648\u0627\u062d\u062f\u0629\" \/>\n<script type=\"application\/ld+json\" class=\"yoast-schema-graph\">{\"@context\":\"https:\/\/schema.org\",\"@graph\":[{\"@type\":\"WebPage\",\"@id\":\"https:\/\/prixgro.com\/product\/hydraphase-intense-legere-50ml-spf20-la-roche-posay\/\",\"url\":\"https:\/\/prixgro.com\/product\/hydraphase-intense-legere-50ml-spf20-la-roche-posay\/\",\"name\":\"Hydraphase Intense l\u00e9g\u00e8re 50ml Spf20 La roche posay - Prixgro\",\"isPartOf\":{\"@id\":\"https:\/\/prixgro.com\/#website\"},\"primaryImageOfPage\":{\"@id\":\"https:\/\/prixgro.com\/product\/hydraphase-intense-legere-50ml-spf20-la-roche-posay\/#primaryimage\"},\"image\":{\"@id\":\"https:\/\/prixgro.com\/product\/hydraphase-intense-legere-50ml-spf20-la-roche-posay\/#primaryimage\"},\"thumbnailUrl\":\"https:\/\/prixgro.com\/wp-content\/uploads\/2023\/09\/la-roche-posay-productpage-hydraphase-uv-intense-light-spf20-50ml-3337872412615-front-scaled-e1677580793811.jpg\",\"datePublished\":\"2024-04-09T12:31:07+00:00\",\"dateModified\":\"2024-08-08T18:53:33+00:00\",\"breadcrumb\":{\"@id\":\"https:\/\/prixgro.com\/product\/hydraphase-intense-legere-50ml-spf20-la-roche-posay\/#breadcrumb\"},\"inLanguage\":\"ar\",\"potentialAction\":[{\"@type\":\"ReadAction\",\"target\":[\"https:\/\/prixgro.com\/product\/hydraphase-intense-legere-50ml-spf20-la-roche-posay\/\"]}]},{\"@type\":\"ImageObject\",\"inLanguage\":\"ar\",\"@id\":\"https:\/\/prixgro.com\/product\/hydraphase-intense-legere-50ml-spf20-la-roche-posay\/#primaryimage\",\"url\":\"https:\/\/prixgro.com\/wp-content\/uploads\/2023\/09\/la-roche-posay-productpage-hydraphase-uv-intense-light-spf20-50ml-3337872412615-front-scaled-e1677580793811.jpg\",\"contentUrl\":\"https:\/\/prixgro.com\/wp-content\/uploads\/2023\/09\/la-roche-posay-productpage-hydraphase-uv-intense-light-spf20-50ml-3337872412615-front-scaled-e1677580793811.jpg\",\"width\":500,\"height\":500},{\"@type\":\"BreadcrumbList\",\"@id\":\"https:\/\/prixgro.com\/product\/hydraphase-intense-legere-50ml-spf20-la-roche-posay\/#breadcrumb\",\"itemListElement\":[{\"@type\":\"ListItem\",\"position\":1,\"name\":\"Accueil\",\"item\":\"https:\/\/prixgro.com\/\"},{\"@type\":\"ListItem\",\"position\":2,\"name\":\"Boutique en ligne\",\"item\":\"https:\/\/prixgro.com\/shop\/\"},{\"@type\":\"ListItem\",\"position\":3,\"name\":\"Hydraphase Intense l\u00e9g\u00e8re 50ml Spf20 La roche posay\"}]},{\"@type\":\"WebSite\",\"@id\":\"https:\/\/prixgro.com\/#website\",\"url\":\"https:\/\/prixgro.com\/\",\"name\":\"Prixgro.com\",\"description\":\"Para Pharmaceutique et Cosm\u00e9tique\",\"publisher\":{\"@id\":\"https:\/\/prixgro.com\/#organization\"},\"potentialAction\":[{\"@type\":\"SearchAction\",\"target\":{\"@type\":\"EntryPoint\",\"urlTemplate\":\"https:\/\/prixgro.com\/?s={search_term_string}\"},\"query-input\":{\"@type\":\"PropertyValueSpecification\",\"valueRequired\":true,\"valueName\":\"search_term_string\"}}],\"inLanguage\":\"ar\"},{\"@type\":\"Organization\",\"@id\":\"https:\/\/prixgro.com\/#organization\",\"name\":\"Prixgro\",\"url\":\"https:\/\/prixgro.com\/\",\"logo\":{\"@type\":\"ImageObject\",\"inLanguage\":\"ar\",\"@id\":\"https:\/\/prixgro.com\/#\/schema\/logo\/image\/\",\"url\":\"https:\/\/prixgro.com\/wp-content\/uploads\/2024\/08\/cropped-Nouveau-projet-2.png\",\"contentUrl\":\"https:\/\/prixgro.com\/wp-content\/uploads\/2024\/08\/cropped-Nouveau-projet-2.png\",\"width\":265,\"height\":62,\"caption\":\"Prixgro\"},\"image\":{\"@id\":\"https:\/\/prixgro.com\/#\/schema\/logo\/image\/\"},\"sameAs\":[\"https:\/\/www.facebook.com\/Pharmacima\"]}]}<\/script>\n<!-- \/ Yoast SEO plugin. -->","yoast_head_json":{"title":"Hydraphase Intense l\u00e9g\u00e8re 50ml Spf20 La roche posay - Prixgro","robots":{"index":"index","follow":"follow","max-snippet":"max-snippet:-1","max-image-preview":"max-image-preview:large","max-video-preview":"max-video-preview:-1"},"canonical":"https:\/\/prixgro.com\/ar\/product\/hydraphase-intense-legere-50ml-spf20-la-roche-posay\/","og_locale":"ar_AR","og_type":"article","og_title":"Hydraphase Intense l\u00e9g\u00e8re 50ml Spf20 La roche posay - Prixgro","og_description":"PompeAdultesLissantHydratantProtection UVA\/UVBVisageSPF 20","og_url":"https:\/\/prixgro.com\/ar\/product\/hydraphase-intense-legere-50ml-spf20-la-roche-posay\/","og_site_name":"Prixgro","article_publisher":"https:\/\/www.facebook.com\/Pharmacima","article_modified_time":"2024-08-08T18:53:33+00:00","og_image":[{"width":500,"height":500,"url":"https:\/\/prixgro.com\/wp-content\/uploads\/2023\/09\/la-roche-posay-productpage-hydraphase-uv-intense-light-spf20-50ml-3337872412615-front-scaled-e1677580793811.jpg","type":"image\/jpeg"}],"twitter_card":"summary_large_image","twitter_misc":{"\u0648\u0642\u062a \u0627\u0644\u0642\u0631\u0627\u0621\u0629 \u0627\u0644\u0645\u064f\u0642\u062f\u0651\u0631":"\u062f\u0642\u064a\u0642\u0629 \u0648\u0627\u062d\u062f\u0629"},"schema":{"@context":"https:\/\/schema.org","@graph":[{"@type":"WebPage","@id":"https:\/\/prixgro.com\/product\/hydraphase-intense-legere-50ml-spf20-la-roche-posay\/","url":"https:\/\/prixgro.com\/product\/hydraphase-intense-legere-50ml-spf20-la-roche-posay\/","name":"Hydraphase Intense l\u00e9g\u00e8re 50ml Spf20 La roche posay - Prixgro","isPartOf":{"@id":"https:\/\/prixgro.com\/#website"},"primaryImageOfPage":{"@id":"https:\/\/prixgro.com\/product\/hydraphase-intense-legere-50ml-spf20-la-roche-posay\/#primaryimage"},"image":{"@id":"https:\/\/prixgro.com\/product\/hydraphase-intense-legere-50ml-spf20-la-roche-posay\/#primaryimage"},"thumbnailUrl":"https:\/\/prixgro.com\/wp-content\/uploads\/2023\/09\/la-roche-posay-productpage-hydraphase-uv-intense-light-spf20-50ml-3337872412615-front-scaled-e1677580793811.jpg","datePublished":"2024-04-09T12:31:07+00:00","dateModified":"2024-08-08T18:53:33+00:00","breadcrumb":{"@id":"https:\/\/prixgro.com\/product\/hydraphase-intense-legere-50ml-spf20-la-roche-posay\/#breadcrumb"},"inLanguage":"ar","potentialAction":[{"@type":"ReadAction","target":["https:\/\/prixgro.com\/product\/hydraphase-intense-legere-50ml-spf20-la-roche-posay\/"]}]},{"@type":"ImageObject","inLanguage":"ar","@id":"https:\/\/prixgro.com\/product\/hydraphase-intense-legere-50ml-spf20-la-roche-posay\/#primaryimage","url":"https:\/\/prixgro.com\/wp-content\/uploads\/2023\/09\/la-roche-posay-productpage-hydraphase-uv-intense-light-spf20-50ml-3337872412615-front-scaled-e1677580793811.jpg","contentUrl":"https:\/\/prixgro.com\/wp-content\/uploads\/2023\/09\/la-roche-posay-productpage-hydraphase-uv-intense-light-spf20-50ml-3337872412615-front-scaled-e1677580793811.jpg","width":500,"height":500},{"@type":"BreadcrumbList","@id":"https:\/\/prixgro.com\/product\/hydraphase-intense-legere-50ml-spf20-la-roche-posay\/#breadcrumb","itemListElement":[{"@type":"ListItem","position":1,"name":"Accueil","item":"https:\/\/prixgro.com\/"},{"@type":"ListItem","position":2,"name":"Boutique en ligne","item":"https:\/\/prixgro.com\/shop\/"},{"@type":"ListItem","position":3,"name":"Hydraphase Intense l\u00e9g\u00e8re 50ml Spf20 La roche posay"}]},{"@type":"WebSite","@id":"https:\/\/prixgro.com\/#website","url":"https:\/\/prixgro.com\/","name":"Prixgro.com","description":"Para Pharmaceutique et Cosm\u00e9tique","publisher":{"@id":"https:\/\/prixgro.com\/#organization"},"potentialAction":[{"@type":"SearchAction","target":{"@type":"EntryPoint","urlTemplate":"https:\/\/prixgro.com\/?s={search_term_string}"},"query-input":{"@type":"PropertyValueSpecification","valueRequired":true,"valueName":"search_term_string"}}],"inLanguage":"ar"},{"@type":"Organization","@id":"https:\/\/prixgro.com\/#organization","name":"Prixgro","url":"https:\/\/prixgro.com\/","logo":{"@type":"ImageObject","inLanguage":"ar","@id":"https:\/\/prixgro.com\/#\/schema\/logo\/image\/","url":"https:\/\/prixgro.com\/wp-content\/uploads\/2024\/08\/cropped-Nouveau-projet-2.png","contentUrl":"https:\/\/prixgro.com\/wp-content\/uploads\/2024\/08\/cropped-Nouveau-projet-2.png","width":265,"height":62,"caption":"Prixgro"},"image":{"@id":"https:\/\/prixgro.com\/#\/schema\/logo\/image\/"},"sameAs":["https:\/\/www.facebook.com\/Pharmacima"]}]}},"_links":{"self":[{"href":"https:\/\/prixgro.com\/ar\/wp-json\/wp\/v2\/product\/142113","targetHints":{"allow":["GET"]}}],"collection":[{"href":"https:\/\/prixgro.com\/ar\/wp-json\/wp\/v2\/product"}],"about":[{"href":"https:\/\/prixgro.com\/ar\/wp-json\/wp\/v2\/types\/product"}],"replies":[{"embeddable":true,"href":"https:\/\/prixgro.com\/ar\/wp-json\/wp\/v2\/comments?post=142113"}],"wp:featuredmedia":[{"embeddable":true,"href":"https:\/\/prixgro.com\/ar\/wp-json\/wp\/v2\/media\/3721"}],"wp:attachment":[{"href":"https:\/\/prixgro.com\/ar\/wp-json\/wp\/v2\/media?parent=142113"}],"wp:term":[{"taxonomy":"product_cat","embeddable":true,"href":"https:\/\/prixgro.com\/ar\/wp-json\/wp\/v2\/product_cat?post=142113"},{"taxonomy":"product_tag","embeddable":true,"href":"https:\/\/prixgro.com\/ar\/wp-json\/wp\/v2\/product_tag?post=142113"},{"taxonomy":"berocket_brand","embeddable":true,"href":"https:\/\/prixgro.com\/ar\/wp-json\/wp\/v2\/berocket_brand?post=142113"}],"curies":[{"name":"wp","href":"https:\/\/api.w.org\/{rel}","templated":true}]}}