{"id":142120,"date":"2024-04-09T14:31:17","date_gmt":"2024-04-09T12:31:17","guid":{"rendered":"https:\/\/cloodmanager.net\/?post_type=product&#038;p=142120"},"modified":"2024-04-09T14:31:20","modified_gmt":"2024-04-09T12:31:20","slug":"mascara-cils-sensational-noir-maybelline-new-york","status":"publish","type":"product","link":"https:\/\/prixgro.com\/ar\/product\/mascara-cils-sensational-noir-maybelline-new-york\/","title":{"rendered":"Mascara Cils Sensational Noir Maybelline New York"},"content":{"rendered":"<h2><strong>DESCRIPTION :\u00a0<\/strong><\/h2>\n<div class=\"accordion-content\">Mascara volume Cils Sensational<\/div>\n<div><\/div>\n<div class=\"accordion-content\">Sa brosse, avec 6 tailles diff\u00e9rentes de picots, qui attrape, r\u00e9v\u00e8le et volumise le moindre cil.<\/div>\n<div class=\"accordion-content\"><\/div>\n<div class=\"accordion-content\">Sa formule fluide enrichie en pigments noirs intenses enrobe les cils un \u00e0 un pour un r\u00e9sultat extra noir sans paquet. Jamais fig\u00e9s. Jamais cartonn\u00e9s.<\/div>\n<div class=\"accordion-content\">R\u00e9sultat : Des cils d\u00e9ploy\u00e9s du coin interne au coin externe de l&#8217;\u0153il pour un regard sensationnel !<br \/>Disponible en brun et Very black<\/div>\n<h2><strong>CONSEIL D&#8217;UTILISATION :<\/strong><\/h2>\n<p>D\u00e9poser la partie creuse de la brosse \u00e0 la base de vos cils et faites une l\u00e9g\u00e8re rotation vers le haut pour attraper tous les cils et les gainer.<\/p>\n<p>Avec la partie bomb\u00e9e de la brosse, repasser sur vos cils pour leur donner encore plus de volume et les d\u00e9ployer \u00e0 180\u00b0 tel un \u00e9ventail.<\/p>\n<h2><strong>COMPOSITION :<\/strong><\/h2>\n<p>INGREDIENTS: AQUA \/ WATER \u2022 STYRENE\/ACRYLATES\/AMMONIUM METHACRYLATE COPOLYMER \u2022 POLYURETHANE-35 \u2022 CERA ALBA \/ BEESWAX \u2022 PROPYLENE GLYCOL \u2022 SYNTHETIC FLUORPHLOGOPITE \u2022 GLYCERYL STEARATE \u2022 CETYL ALCOHOL \u2022 PEG-200 GLYCERYL STEARATE \u2022 ETHYLENEDIAMINE\/STEARYL DIMER DILINOLEATE COPOLYMER \u2022 COPERNICIA CERIFERA CERA \/ CARNAUBA WAX \u2022 STEARIC ACID \u2022 PALMITIC ACID \u2022 ETHYLENE\/VA COPOLYMER \u2022 ALCOHOL DENAT. \u2022 PARAFFIN \u2022 AMINOMETHYL PROPANEDIOL \u2022 ROSA CANINA FRUIT OIL \u2022 GLYCERIN \u2022 HYDROXYETHYLCELLULOSE \u2022 PHENOXYETHANOL \u2022 CAPRYLYL GLYCOL \u2022 BUTYLENE GLYCOL \u2022 XANTHAN GUM \u2022 SODIUM LAURETH SULFATE \u2022 DISODIUM EDTA \u2022 MYRISTIC ACID \u2022 TETRASODIUM EDTA \u2022 PENTAERYTHRITYL TETRA-DI-T-BUTYL HYDROXYHYDROCINNAMATE \u2022 POTASSIUM SORBATE \u2022 SILICA [+\/- MAY CONTAIN: CI 77491, CI 77492, CI 77499 \/ IRON OXIDES \u2022 CI 77007 \/ ULTRAMARINES \u2022 MICA \u2022 CI 77891 \/ TITANIUM DIOXIDE \u2022 CI 75470 \/ CARMINE \u2022 CI 77288 \/ CHROMIUM OXIDE GREENS \u2022 CI 77742 \/ MANGANESE VIOLET \u2022 CI 77510 \/ FERRIC FERROCYANIDE].<\/p>\n<h2><\/h2>","protected":false},"excerpt":{"rendered":"<h3><span style=\"color: #000000\" data-mce-style=\"color: #000000;\"><em><strong>Des cils jamais cartonn\u00e9s, jamais fig\u00e9s.<\/strong><\/em><\/span><\/h3>\n<p><strong>Contenance : 9.5ml\u00a0<\/strong><\/p>","protected":false},"featured_media":3750,"comment_status":"open","ping_status":"closed","template":"","meta":[],"product_cat":[429,433],"product_tag":[633],"berocket_brand":[],"class_list":{"0":"post-142120","1":"product","2":"type-product","3":"status-publish","4":"has-post-thumbnail","6":"product_cat-maquillage","7":"product_cat-yeux-maquillage","8":"product_tag-divers-maquillage","10":"first","11":"outofstock","12":"shipping-taxable","13":"purchasable","14":"product-type-simple"},"yoast_head":"<!-- This site is optimized with the Yoast SEO plugin v24.8 - https:\/\/yoast.com\/wordpress\/plugins\/seo\/ -->\n<title>Mascara Cils Sensational Noir Maybelline New York - Prixgro<\/title>\n<meta name=\"robots\" content=\"index, follow, max-snippet:-1, max-image-preview:large, max-video-preview:-1\" \/>\n<link rel=\"canonical\" href=\"https:\/\/prixgro.com\/ar\/product\/mascara-cils-sensational-noir-maybelline-new-york\/\" \/>\n<meta property=\"og:locale\" content=\"ar_AR\" \/>\n<meta property=\"og:type\" content=\"article\" \/>\n<meta property=\"og:title\" content=\"Mascara Cils Sensational Noir Maybelline New York - Prixgro\" \/>\n<meta property=\"og:description\" content=\"Des cils jamais cartonn\u00e9s, jamais fig\u00e9s.Contenance : 9.5ml\u00a0\" \/>\n<meta property=\"og:url\" content=\"https:\/\/prixgro.com\/ar\/product\/mascara-cils-sensational-noir-maybelline-new-york\/\" \/>\n<meta property=\"og:site_name\" content=\"Prixgro\" \/>\n<meta property=\"article:publisher\" content=\"https:\/\/www.facebook.com\/Pharmacima\" \/>\n<meta property=\"article:modified_time\" content=\"2024-04-09T12:31:20+00:00\" \/>\n<meta property=\"og:image\" content=\"https:\/\/prixgro.com\/wp-content\/uploads\/2023\/09\/Sans-titre-47.png\" \/>\n\t<meta property=\"og:image:width\" content=\"540\" \/>\n\t<meta property=\"og:image:height\" content=\"540\" \/>\n\t<meta property=\"og:image:type\" content=\"image\/png\" \/>\n<meta name=\"twitter:card\" content=\"summary_large_image\" \/>\n<meta name=\"twitter:label1\" content=\"\u0648\u0642\u062a \u0627\u0644\u0642\u0631\u0627\u0621\u0629 \u0627\u0644\u0645\u064f\u0642\u062f\u0651\u0631\" \/>\n\t<meta name=\"twitter:data1\" content=\"\u062f\u0642\u064a\u0642\u0629 \u0648\u0627\u062d\u062f\u0629\" \/>\n<script type=\"application\/ld+json\" class=\"yoast-schema-graph\">{\"@context\":\"https:\/\/schema.org\",\"@graph\":[{\"@type\":\"WebPage\",\"@id\":\"https:\/\/prixgro.com\/product\/mascara-cils-sensational-noir-maybelline-new-york\/\",\"url\":\"https:\/\/prixgro.com\/product\/mascara-cils-sensational-noir-maybelline-new-york\/\",\"name\":\"Mascara Cils Sensational Noir Maybelline New York - Prixgro\",\"isPartOf\":{\"@id\":\"https:\/\/prixgro.com\/#website\"},\"primaryImageOfPage\":{\"@id\":\"https:\/\/prixgro.com\/product\/mascara-cils-sensational-noir-maybelline-new-york\/#primaryimage\"},\"image\":{\"@id\":\"https:\/\/prixgro.com\/product\/mascara-cils-sensational-noir-maybelline-new-york\/#primaryimage\"},\"thumbnailUrl\":\"https:\/\/prixgro.com\/wp-content\/uploads\/2023\/09\/Sans-titre-47.png\",\"datePublished\":\"2024-04-09T12:31:17+00:00\",\"dateModified\":\"2024-04-09T12:31:20+00:00\",\"breadcrumb\":{\"@id\":\"https:\/\/prixgro.com\/product\/mascara-cils-sensational-noir-maybelline-new-york\/#breadcrumb\"},\"inLanguage\":\"ar\",\"potentialAction\":[{\"@type\":\"ReadAction\",\"target\":[\"https:\/\/prixgro.com\/product\/mascara-cils-sensational-noir-maybelline-new-york\/\"]}]},{\"@type\":\"ImageObject\",\"inLanguage\":\"ar\",\"@id\":\"https:\/\/prixgro.com\/product\/mascara-cils-sensational-noir-maybelline-new-york\/#primaryimage\",\"url\":\"https:\/\/prixgro.com\/wp-content\/uploads\/2023\/09\/Sans-titre-47.png\",\"contentUrl\":\"https:\/\/prixgro.com\/wp-content\/uploads\/2023\/09\/Sans-titre-47.png\",\"width\":540,\"height\":540},{\"@type\":\"BreadcrumbList\",\"@id\":\"https:\/\/prixgro.com\/product\/mascara-cils-sensational-noir-maybelline-new-york\/#breadcrumb\",\"itemListElement\":[{\"@type\":\"ListItem\",\"position\":1,\"name\":\"Accueil\",\"item\":\"https:\/\/prixgro.com\/\"},{\"@type\":\"ListItem\",\"position\":2,\"name\":\"Boutique en ligne\",\"item\":\"https:\/\/prixgro.com\/shop\/\"},{\"@type\":\"ListItem\",\"position\":3,\"name\":\"Mascara Cils Sensational Noir Maybelline New York\"}]},{\"@type\":\"WebSite\",\"@id\":\"https:\/\/prixgro.com\/#website\",\"url\":\"https:\/\/prixgro.com\/\",\"name\":\"Prixgro.com\",\"description\":\"Para Pharmaceutique et Cosm\u00e9tique\",\"publisher\":{\"@id\":\"https:\/\/prixgro.com\/#organization\"},\"potentialAction\":[{\"@type\":\"SearchAction\",\"target\":{\"@type\":\"EntryPoint\",\"urlTemplate\":\"https:\/\/prixgro.com\/?s={search_term_string}\"},\"query-input\":{\"@type\":\"PropertyValueSpecification\",\"valueRequired\":true,\"valueName\":\"search_term_string\"}}],\"inLanguage\":\"ar\"},{\"@type\":\"Organization\",\"@id\":\"https:\/\/prixgro.com\/#organization\",\"name\":\"Prixgro\",\"url\":\"https:\/\/prixgro.com\/\",\"logo\":{\"@type\":\"ImageObject\",\"inLanguage\":\"ar\",\"@id\":\"https:\/\/prixgro.com\/#\/schema\/logo\/image\/\",\"url\":\"https:\/\/prixgro.com\/wp-content\/uploads\/2024\/08\/cropped-Nouveau-projet-2.png\",\"contentUrl\":\"https:\/\/prixgro.com\/wp-content\/uploads\/2024\/08\/cropped-Nouveau-projet-2.png\",\"width\":265,\"height\":62,\"caption\":\"Prixgro\"},\"image\":{\"@id\":\"https:\/\/prixgro.com\/#\/schema\/logo\/image\/\"},\"sameAs\":[\"https:\/\/www.facebook.com\/Pharmacima\"]}]}<\/script>\n<!-- \/ Yoast SEO plugin. -->","yoast_head_json":{"title":"Mascara Cils Sensational Noir Maybelline New York - Prixgro","robots":{"index":"index","follow":"follow","max-snippet":"max-snippet:-1","max-image-preview":"max-image-preview:large","max-video-preview":"max-video-preview:-1"},"canonical":"https:\/\/prixgro.com\/ar\/product\/mascara-cils-sensational-noir-maybelline-new-york\/","og_locale":"ar_AR","og_type":"article","og_title":"Mascara Cils Sensational Noir Maybelline New York - Prixgro","og_description":"Des cils jamais cartonn\u00e9s, jamais fig\u00e9s.Contenance : 9.5ml\u00a0","og_url":"https:\/\/prixgro.com\/ar\/product\/mascara-cils-sensational-noir-maybelline-new-york\/","og_site_name":"Prixgro","article_publisher":"https:\/\/www.facebook.com\/Pharmacima","article_modified_time":"2024-04-09T12:31:20+00:00","og_image":[{"width":540,"height":540,"url":"https:\/\/prixgro.com\/wp-content\/uploads\/2023\/09\/Sans-titre-47.png","type":"image\/png"}],"twitter_card":"summary_large_image","twitter_misc":{"\u0648\u0642\u062a \u0627\u0644\u0642\u0631\u0627\u0621\u0629 \u0627\u0644\u0645\u064f\u0642\u062f\u0651\u0631":"\u062f\u0642\u064a\u0642\u0629 \u0648\u0627\u062d\u062f\u0629"},"schema":{"@context":"https:\/\/schema.org","@graph":[{"@type":"WebPage","@id":"https:\/\/prixgro.com\/product\/mascara-cils-sensational-noir-maybelline-new-york\/","url":"https:\/\/prixgro.com\/product\/mascara-cils-sensational-noir-maybelline-new-york\/","name":"Mascara Cils Sensational Noir Maybelline New York - Prixgro","isPartOf":{"@id":"https:\/\/prixgro.com\/#website"},"primaryImageOfPage":{"@id":"https:\/\/prixgro.com\/product\/mascara-cils-sensational-noir-maybelline-new-york\/#primaryimage"},"image":{"@id":"https:\/\/prixgro.com\/product\/mascara-cils-sensational-noir-maybelline-new-york\/#primaryimage"},"thumbnailUrl":"https:\/\/prixgro.com\/wp-content\/uploads\/2023\/09\/Sans-titre-47.png","datePublished":"2024-04-09T12:31:17+00:00","dateModified":"2024-04-09T12:31:20+00:00","breadcrumb":{"@id":"https:\/\/prixgro.com\/product\/mascara-cils-sensational-noir-maybelline-new-york\/#breadcrumb"},"inLanguage":"ar","potentialAction":[{"@type":"ReadAction","target":["https:\/\/prixgro.com\/product\/mascara-cils-sensational-noir-maybelline-new-york\/"]}]},{"@type":"ImageObject","inLanguage":"ar","@id":"https:\/\/prixgro.com\/product\/mascara-cils-sensational-noir-maybelline-new-york\/#primaryimage","url":"https:\/\/prixgro.com\/wp-content\/uploads\/2023\/09\/Sans-titre-47.png","contentUrl":"https:\/\/prixgro.com\/wp-content\/uploads\/2023\/09\/Sans-titre-47.png","width":540,"height":540},{"@type":"BreadcrumbList","@id":"https:\/\/prixgro.com\/product\/mascara-cils-sensational-noir-maybelline-new-york\/#breadcrumb","itemListElement":[{"@type":"ListItem","position":1,"name":"Accueil","item":"https:\/\/prixgro.com\/"},{"@type":"ListItem","position":2,"name":"Boutique en ligne","item":"https:\/\/prixgro.com\/shop\/"},{"@type":"ListItem","position":3,"name":"Mascara Cils Sensational Noir Maybelline New York"}]},{"@type":"WebSite","@id":"https:\/\/prixgro.com\/#website","url":"https:\/\/prixgro.com\/","name":"Prixgro.com","description":"Para Pharmaceutique et Cosm\u00e9tique","publisher":{"@id":"https:\/\/prixgro.com\/#organization"},"potentialAction":[{"@type":"SearchAction","target":{"@type":"EntryPoint","urlTemplate":"https:\/\/prixgro.com\/?s={search_term_string}"},"query-input":{"@type":"PropertyValueSpecification","valueRequired":true,"valueName":"search_term_string"}}],"inLanguage":"ar"},{"@type":"Organization","@id":"https:\/\/prixgro.com\/#organization","name":"Prixgro","url":"https:\/\/prixgro.com\/","logo":{"@type":"ImageObject","inLanguage":"ar","@id":"https:\/\/prixgro.com\/#\/schema\/logo\/image\/","url":"https:\/\/prixgro.com\/wp-content\/uploads\/2024\/08\/cropped-Nouveau-projet-2.png","contentUrl":"https:\/\/prixgro.com\/wp-content\/uploads\/2024\/08\/cropped-Nouveau-projet-2.png","width":265,"height":62,"caption":"Prixgro"},"image":{"@id":"https:\/\/prixgro.com\/#\/schema\/logo\/image\/"},"sameAs":["https:\/\/www.facebook.com\/Pharmacima"]}]}},"_links":{"self":[{"href":"https:\/\/prixgro.com\/ar\/wp-json\/wp\/v2\/product\/142120","targetHints":{"allow":["GET"]}}],"collection":[{"href":"https:\/\/prixgro.com\/ar\/wp-json\/wp\/v2\/product"}],"about":[{"href":"https:\/\/prixgro.com\/ar\/wp-json\/wp\/v2\/types\/product"}],"replies":[{"embeddable":true,"href":"https:\/\/prixgro.com\/ar\/wp-json\/wp\/v2\/comments?post=142120"}],"wp:featuredmedia":[{"embeddable":true,"href":"https:\/\/prixgro.com\/ar\/wp-json\/wp\/v2\/media\/3750"}],"wp:attachment":[{"href":"https:\/\/prixgro.com\/ar\/wp-json\/wp\/v2\/media?parent=142120"}],"wp:term":[{"taxonomy":"product_cat","embeddable":true,"href":"https:\/\/prixgro.com\/ar\/wp-json\/wp\/v2\/product_cat?post=142120"},{"taxonomy":"product_tag","embeddable":true,"href":"https:\/\/prixgro.com\/ar\/wp-json\/wp\/v2\/product_tag?post=142120"},{"taxonomy":"berocket_brand","embeddable":true,"href":"https:\/\/prixgro.com\/ar\/wp-json\/wp\/v2\/berocket_brand?post=142120"}],"curies":[{"name":"wp","href":"https:\/\/api.w.org\/{rel}","templated":true}]}}