{"id":142126,"date":"2024-04-09T14:31:18","date_gmt":"2024-04-09T12:31:18","guid":{"rendered":"https:\/\/cloodmanager.net\/?post_type=product&#038;p=142126"},"modified":"2024-08-08T21:18:04","modified_gmt":"2024-08-08T19:18:04","slug":"lhuile-pour-visage-10ml-augustinus-bader","status":"publish","type":"product","link":"https:\/\/prixgro.com\/ar\/product\/lhuile-pour-visage-10ml-augustinus-bader\/","title":{"rendered":"L&#8217;huile pour visage 10ml Augustinus Bader"},"content":{"rendered":"<h2><strong>DESCRIPTION :\u00a0<\/strong><\/h2>\n<p>Cette formule intens\u00e9ment r\u00e9g\u00e9n\u00e9rante fond dans la peau pour la nourrir, l\u2019hydrater, la sublimer et la prot\u00e9ger instantan\u00e9ment, pour un visage souple et un \u00e9clat longue dur\u00e9e.<\/p>\n<h3><strong>Bienfaits :\u00a0<\/strong><\/h3>\n<ul>\n<li>R\u00e9sultats cliniquement prouv\u00e9s dans la r\u00e9duction des ridules, rides et taches pigmentaires.<\/li>\n<li>Nourrit, hydrate et affine et lisse le grain de peau, pour un teint unifi\u00e9 et lumineux.<\/li>\n<li>Favorise l&#8217;\u00e9lasticit\u00e9 et renforce la barri\u00e8re cutan\u00e9e pour assouplir et repulper la peau.<\/li>\n<li>Ses actifs antioxydants et antibact\u00e9riens prot\u00e8gent la peau des agressions environnementales, tout en ralentissant l&#8217;apparition des signes de vieillissement.<\/li>\n<li>Favorise le maintien d&#8217;un microbiote cutan\u00e9 sain.<\/li>\n<li>Le TFC8\u00ae stimule le renouvellement cellulaire et guide les nutriments essentiels vers les cellules.<\/li>\n<\/ul>\n<h3><strong>caract\u00e9ristiques :<\/strong><\/h3>\n<ul>\n<li>Sa texture soyeuse et riche, d&#8217;absorption rapide, p\u00e9n\u00e8tre instantan\u00e9ment la peau pour des b\u00e9n\u00e9fices imm\u00e9diats. Ne laisse pas de film gras.<\/li>\n<li>Sa formule sans ingr\u00e9dients irritants ou allerg\u00e8nes, sans parfum et non com\u00e9dog\u00e8ne convient \u00e0 tout type de peau.<\/li>\n<\/ul>\n<h2><strong>CONSEIL D&#8217;UTILISATION :<\/strong><\/h2>\n<ul>\n<li>Appliquez 2 \u00e0 3 gouttes sur peau propre et s\u00e8che, selon les besoins.<\/li>\n<li>Utilisez The Face Oil \u00e0 la place d&#8217;une cr\u00e8me hydratante, pour un \u00e9clat naturel.<\/li>\n<\/ul>\n<h2><strong>COMPOSITION :\u00a0<\/strong><\/h2>\n<p>Formule 100 % v\u00e9gane. Ne contient pas d\u2019agents irritants, de gluten, d\u2019OGM, de parab\u00e8nes, de parfum synth\u00e9tique, de sulfates (SLS et SLES), de silicones, de DEA, de m\u00e9taux lourds, de talc ni de p\u00e9trolatum\/paraffine\/huile min\u00e9rale.<\/p>","protected":false},"excerpt":{"rendered":"<h3><span style=\"color: #0000ff\" data-mce-style=\"color: #0000ff;\"><em><strong>Nourrit, hydrate et affine et lisse le grain de peau, pour un teint unifi\u00e9 et lumineux.<\/strong><\/em><\/span><\/h3>\n<h3><strong>Contenance : 10ml\u00a0<\/strong><\/h3>\n<h3><span style=\"color: #800000\" data-mce-style=\"color: #800000;\">Formule TFC8\u00ae r\u00e9invente la beaut\u00e9<\/span><\/h3>","protected":false},"featured_media":3759,"comment_status":"open","ping_status":"closed","template":"","meta":[],"product_cat":[17,36],"product_tag":[],"berocket_brand":[],"class_list":{"0":"post-142126","1":"product","2":"type-product","3":"status-publish","4":"has-post-thumbnail","6":"product_cat-soin-et-bien-etre","7":"product_cat-visage-soin-et-bien-etre","9":"first","10":"outofstock","11":"shipping-taxable","12":"purchasable","13":"product-type-simple"},"yoast_head":"<!-- This site is optimized with the Yoast SEO plugin v24.8 - https:\/\/yoast.com\/wordpress\/plugins\/seo\/ -->\n<title>L&#039;huile pour visage 10ml Augustinus Bader - Prixgro<\/title>\n<meta name=\"robots\" content=\"index, follow, max-snippet:-1, max-image-preview:large, max-video-preview:-1\" \/>\n<link rel=\"canonical\" href=\"https:\/\/prixgro.com\/ar\/product\/lhuile-pour-visage-10ml-augustinus-bader\/\" \/>\n<meta property=\"og:locale\" content=\"ar_AR\" \/>\n<meta property=\"og:type\" content=\"article\" \/>\n<meta property=\"og:title\" content=\"L&#039;huile pour visage 10ml Augustinus Bader - Prixgro\" \/>\n<meta property=\"og:description\" content=\"Nourrit, hydrate et affine et lisse le grain de peau, pour un teint unifi\u00e9 et lumineux.Contenance : 10ml\u00a0Formule TFC8\u00ae r\u00e9invente la beaut\u00e9\" \/>\n<meta property=\"og:url\" content=\"https:\/\/prixgro.com\/ar\/product\/lhuile-pour-visage-10ml-augustinus-bader\/\" \/>\n<meta property=\"og:site_name\" content=\"Prixgro\" \/>\n<meta property=\"article:publisher\" content=\"https:\/\/www.facebook.com\/Pharmacima\" \/>\n<meta property=\"article:modified_time\" content=\"2024-08-08T19:18:04+00:00\" \/>\n<meta property=\"og:image\" content=\"https:\/\/prixgro.com\/wp-content\/uploads\/2023\/09\/Sans-titre-50.png\" \/>\n\t<meta property=\"og:image:width\" content=\"540\" \/>\n\t<meta property=\"og:image:height\" content=\"540\" \/>\n\t<meta property=\"og:image:type\" content=\"image\/png\" \/>\n<meta name=\"twitter:card\" content=\"summary_large_image\" \/>\n<meta name=\"twitter:label1\" content=\"\u0648\u0642\u062a \u0627\u0644\u0642\u0631\u0627\u0621\u0629 \u0627\u0644\u0645\u064f\u0642\u062f\u0651\u0631\" \/>\n\t<meta name=\"twitter:data1\" content=\"\u062f\u0642\u064a\u0642\u0629 \u0648\u0627\u062d\u062f\u0629\" \/>\n<script type=\"application\/ld+json\" class=\"yoast-schema-graph\">{\"@context\":\"https:\/\/schema.org\",\"@graph\":[{\"@type\":\"WebPage\",\"@id\":\"https:\/\/prixgro.com\/product\/lhuile-pour-visage-10ml-augustinus-bader\/\",\"url\":\"https:\/\/prixgro.com\/product\/lhuile-pour-visage-10ml-augustinus-bader\/\",\"name\":\"L'huile pour visage 10ml Augustinus Bader - Prixgro\",\"isPartOf\":{\"@id\":\"https:\/\/prixgro.com\/#website\"},\"primaryImageOfPage\":{\"@id\":\"https:\/\/prixgro.com\/product\/lhuile-pour-visage-10ml-augustinus-bader\/#primaryimage\"},\"image\":{\"@id\":\"https:\/\/prixgro.com\/product\/lhuile-pour-visage-10ml-augustinus-bader\/#primaryimage\"},\"thumbnailUrl\":\"https:\/\/prixgro.com\/wp-content\/uploads\/2023\/09\/Sans-titre-50.png\",\"datePublished\":\"2024-04-09T12:31:18+00:00\",\"dateModified\":\"2024-08-08T19:18:04+00:00\",\"breadcrumb\":{\"@id\":\"https:\/\/prixgro.com\/product\/lhuile-pour-visage-10ml-augustinus-bader\/#breadcrumb\"},\"inLanguage\":\"ar\",\"potentialAction\":[{\"@type\":\"ReadAction\",\"target\":[\"https:\/\/prixgro.com\/product\/lhuile-pour-visage-10ml-augustinus-bader\/\"]}]},{\"@type\":\"ImageObject\",\"inLanguage\":\"ar\",\"@id\":\"https:\/\/prixgro.com\/product\/lhuile-pour-visage-10ml-augustinus-bader\/#primaryimage\",\"url\":\"https:\/\/prixgro.com\/wp-content\/uploads\/2023\/09\/Sans-titre-50.png\",\"contentUrl\":\"https:\/\/prixgro.com\/wp-content\/uploads\/2023\/09\/Sans-titre-50.png\",\"width\":540,\"height\":540},{\"@type\":\"BreadcrumbList\",\"@id\":\"https:\/\/prixgro.com\/product\/lhuile-pour-visage-10ml-augustinus-bader\/#breadcrumb\",\"itemListElement\":[{\"@type\":\"ListItem\",\"position\":1,\"name\":\"Accueil\",\"item\":\"https:\/\/prixgro.com\/\"},{\"@type\":\"ListItem\",\"position\":2,\"name\":\"Boutique en ligne\",\"item\":\"https:\/\/prixgro.com\/shop\/\"},{\"@type\":\"ListItem\",\"position\":3,\"name\":\"L&#8217;huile pour visage 10ml Augustinus Bader\"}]},{\"@type\":\"WebSite\",\"@id\":\"https:\/\/prixgro.com\/#website\",\"url\":\"https:\/\/prixgro.com\/\",\"name\":\"Prixgro.com\",\"description\":\"Para Pharmaceutique et Cosm\u00e9tique\",\"publisher\":{\"@id\":\"https:\/\/prixgro.com\/#organization\"},\"potentialAction\":[{\"@type\":\"SearchAction\",\"target\":{\"@type\":\"EntryPoint\",\"urlTemplate\":\"https:\/\/prixgro.com\/?s={search_term_string}\"},\"query-input\":{\"@type\":\"PropertyValueSpecification\",\"valueRequired\":true,\"valueName\":\"search_term_string\"}}],\"inLanguage\":\"ar\"},{\"@type\":\"Organization\",\"@id\":\"https:\/\/prixgro.com\/#organization\",\"name\":\"Prixgro\",\"url\":\"https:\/\/prixgro.com\/\",\"logo\":{\"@type\":\"ImageObject\",\"inLanguage\":\"ar\",\"@id\":\"https:\/\/prixgro.com\/#\/schema\/logo\/image\/\",\"url\":\"https:\/\/prixgro.com\/wp-content\/uploads\/2024\/08\/cropped-Nouveau-projet-2.png\",\"contentUrl\":\"https:\/\/prixgro.com\/wp-content\/uploads\/2024\/08\/cropped-Nouveau-projet-2.png\",\"width\":265,\"height\":62,\"caption\":\"Prixgro\"},\"image\":{\"@id\":\"https:\/\/prixgro.com\/#\/schema\/logo\/image\/\"},\"sameAs\":[\"https:\/\/www.facebook.com\/Pharmacima\"]}]}<\/script>\n<!-- \/ Yoast SEO plugin. -->","yoast_head_json":{"title":"L'huile pour visage 10ml Augustinus Bader - Prixgro","robots":{"index":"index","follow":"follow","max-snippet":"max-snippet:-1","max-image-preview":"max-image-preview:large","max-video-preview":"max-video-preview:-1"},"canonical":"https:\/\/prixgro.com\/ar\/product\/lhuile-pour-visage-10ml-augustinus-bader\/","og_locale":"ar_AR","og_type":"article","og_title":"L'huile pour visage 10ml Augustinus Bader - Prixgro","og_description":"Nourrit, hydrate et affine et lisse le grain de peau, pour un teint unifi\u00e9 et lumineux.Contenance : 10ml\u00a0Formule TFC8\u00ae r\u00e9invente la beaut\u00e9","og_url":"https:\/\/prixgro.com\/ar\/product\/lhuile-pour-visage-10ml-augustinus-bader\/","og_site_name":"Prixgro","article_publisher":"https:\/\/www.facebook.com\/Pharmacima","article_modified_time":"2024-08-08T19:18:04+00:00","og_image":[{"width":540,"height":540,"url":"https:\/\/prixgro.com\/wp-content\/uploads\/2023\/09\/Sans-titre-50.png","type":"image\/png"}],"twitter_card":"summary_large_image","twitter_misc":{"\u0648\u0642\u062a \u0627\u0644\u0642\u0631\u0627\u0621\u0629 \u0627\u0644\u0645\u064f\u0642\u062f\u0651\u0631":"\u062f\u0642\u064a\u0642\u0629 \u0648\u0627\u062d\u062f\u0629"},"schema":{"@context":"https:\/\/schema.org","@graph":[{"@type":"WebPage","@id":"https:\/\/prixgro.com\/product\/lhuile-pour-visage-10ml-augustinus-bader\/","url":"https:\/\/prixgro.com\/product\/lhuile-pour-visage-10ml-augustinus-bader\/","name":"L'huile pour visage 10ml Augustinus Bader - Prixgro","isPartOf":{"@id":"https:\/\/prixgro.com\/#website"},"primaryImageOfPage":{"@id":"https:\/\/prixgro.com\/product\/lhuile-pour-visage-10ml-augustinus-bader\/#primaryimage"},"image":{"@id":"https:\/\/prixgro.com\/product\/lhuile-pour-visage-10ml-augustinus-bader\/#primaryimage"},"thumbnailUrl":"https:\/\/prixgro.com\/wp-content\/uploads\/2023\/09\/Sans-titre-50.png","datePublished":"2024-04-09T12:31:18+00:00","dateModified":"2024-08-08T19:18:04+00:00","breadcrumb":{"@id":"https:\/\/prixgro.com\/product\/lhuile-pour-visage-10ml-augustinus-bader\/#breadcrumb"},"inLanguage":"ar","potentialAction":[{"@type":"ReadAction","target":["https:\/\/prixgro.com\/product\/lhuile-pour-visage-10ml-augustinus-bader\/"]}]},{"@type":"ImageObject","inLanguage":"ar","@id":"https:\/\/prixgro.com\/product\/lhuile-pour-visage-10ml-augustinus-bader\/#primaryimage","url":"https:\/\/prixgro.com\/wp-content\/uploads\/2023\/09\/Sans-titre-50.png","contentUrl":"https:\/\/prixgro.com\/wp-content\/uploads\/2023\/09\/Sans-titre-50.png","width":540,"height":540},{"@type":"BreadcrumbList","@id":"https:\/\/prixgro.com\/product\/lhuile-pour-visage-10ml-augustinus-bader\/#breadcrumb","itemListElement":[{"@type":"ListItem","position":1,"name":"Accueil","item":"https:\/\/prixgro.com\/"},{"@type":"ListItem","position":2,"name":"Boutique en ligne","item":"https:\/\/prixgro.com\/shop\/"},{"@type":"ListItem","position":3,"name":"L&#8217;huile pour visage 10ml Augustinus Bader"}]},{"@type":"WebSite","@id":"https:\/\/prixgro.com\/#website","url":"https:\/\/prixgro.com\/","name":"Prixgro.com","description":"Para Pharmaceutique et Cosm\u00e9tique","publisher":{"@id":"https:\/\/prixgro.com\/#organization"},"potentialAction":[{"@type":"SearchAction","target":{"@type":"EntryPoint","urlTemplate":"https:\/\/prixgro.com\/?s={search_term_string}"},"query-input":{"@type":"PropertyValueSpecification","valueRequired":true,"valueName":"search_term_string"}}],"inLanguage":"ar"},{"@type":"Organization","@id":"https:\/\/prixgro.com\/#organization","name":"Prixgro","url":"https:\/\/prixgro.com\/","logo":{"@type":"ImageObject","inLanguage":"ar","@id":"https:\/\/prixgro.com\/#\/schema\/logo\/image\/","url":"https:\/\/prixgro.com\/wp-content\/uploads\/2024\/08\/cropped-Nouveau-projet-2.png","contentUrl":"https:\/\/prixgro.com\/wp-content\/uploads\/2024\/08\/cropped-Nouveau-projet-2.png","width":265,"height":62,"caption":"Prixgro"},"image":{"@id":"https:\/\/prixgro.com\/#\/schema\/logo\/image\/"},"sameAs":["https:\/\/www.facebook.com\/Pharmacima"]}]}},"_links":{"self":[{"href":"https:\/\/prixgro.com\/ar\/wp-json\/wp\/v2\/product\/142126","targetHints":{"allow":["GET"]}}],"collection":[{"href":"https:\/\/prixgro.com\/ar\/wp-json\/wp\/v2\/product"}],"about":[{"href":"https:\/\/prixgro.com\/ar\/wp-json\/wp\/v2\/types\/product"}],"replies":[{"embeddable":true,"href":"https:\/\/prixgro.com\/ar\/wp-json\/wp\/v2\/comments?post=142126"}],"wp:featuredmedia":[{"embeddable":true,"href":"https:\/\/prixgro.com\/ar\/wp-json\/wp\/v2\/media\/3759"}],"wp:attachment":[{"href":"https:\/\/prixgro.com\/ar\/wp-json\/wp\/v2\/media?parent=142126"}],"wp:term":[{"taxonomy":"product_cat","embeddable":true,"href":"https:\/\/prixgro.com\/ar\/wp-json\/wp\/v2\/product_cat?post=142126"},{"taxonomy":"product_tag","embeddable":true,"href":"https:\/\/prixgro.com\/ar\/wp-json\/wp\/v2\/product_tag?post=142126"},{"taxonomy":"berocket_brand","embeddable":true,"href":"https:\/\/prixgro.com\/ar\/wp-json\/wp\/v2\/berocket_brand?post=142126"}],"curies":[{"name":"wp","href":"https:\/\/api.w.org\/{rel}","templated":true}]}}