{"id":142131,"date":"2024-04-09T14:31:18","date_gmt":"2024-04-09T12:31:18","guid":{"rendered":"https:\/\/cloodmanager.net\/?post_type=product&#038;p=142131"},"modified":"2024-08-08T20:55:03","modified_gmt":"2024-08-08T18:55:03","slug":"vernis-a-ongles-big-apple-red-o-p-i","status":"publish","type":"product","link":"https:\/\/prixgro.com\/ar\/product\/vernis-a-ongles-big-apple-red-o-p-i\/","title":{"rendered":"Vernis \u00e0 Ongles Big Apple Red O.P.I"},"content":{"rendered":"<h2><strong>DESCRIPTION :<\/strong><\/h2>\n<p>Infinite Shine est un syst\u00e8me en 3\u00a0\u00e9tapes qui offre jusqu\u2019\u00e0 11\u00a0jours de tenue et une brillance effet gel.<\/p>\n<p><strong><em>Bienfaits :<\/em><\/strong><\/p>\n<ul>\n<li>Jusqu\u2019\u00e0 11\u00a0jours de tenue et de brillance comme avec un gel.<\/li>\n<li>Syst\u00e8me professionnel en 3\u00a0\u00e9tapes. Application et retrait faciles.<\/li>\n<li>\u00a0Application simple sans lampe UV et d&#8217;un retrait facile avec un dissolvant classique.<\/li>\n<\/ul>\n<h2><strong>CONSEIL D&#8217;UTILISATION :<\/strong><\/h2>\n<p>Secouez le flacon de la teinte Infinite Shine de votre choix et appliquez deux couches fines sur chaque ongle. Alternez l&#8217;application sur chaque main, afin de permettre \u00e0 chaque couche de s\u00e9cher uniform\u00e9ment.<\/p>","protected":false},"excerpt":{"rendered":"<h3><span style=\"color: #ff0000\" data-mce-style=\"color: #ff0000;\"><em><strong>Un rouge \u00e9clatant, une brillance intense, de quoi affronter le monde !<\/strong><\/em><\/span><\/h3>\n<div class=\"view view-product-swatches-carousel view-id-product_swatches_carousel view-display-id-default view-dom-id-92468138c5940c2b0c2d8a55260d0cde\">\n<div class=\"view-header\">\n<div class=\"swatch-collection-title\"><strong>Contenance : 15ml\u00a0<\/strong><\/div>\n<\/div>\n<\/div>","protected":false},"featured_media":3785,"comment_status":"open","ping_status":"closed","template":"","meta":[],"product_cat":[429,431],"product_tag":[],"berocket_brand":[],"class_list":{"0":"post-142131","1":"product","2":"type-product","3":"status-publish","4":"has-post-thumbnail","6":"product_cat-maquillage","7":"product_cat-ongles-maquillage","9":"first","10":"outofstock","11":"shipping-taxable","12":"purchasable","13":"product-type-simple"},"yoast_head":"<!-- This site is optimized with the Yoast SEO plugin v24.8 - https:\/\/yoast.com\/wordpress\/plugins\/seo\/ -->\n<title>Vernis \u00e0 Ongles Big Apple Red O.P.I - Prixgro<\/title>\n<meta name=\"robots\" content=\"index, follow, max-snippet:-1, max-image-preview:large, max-video-preview:-1\" \/>\n<link rel=\"canonical\" href=\"https:\/\/prixgro.com\/ar\/product\/vernis-a-ongles-big-apple-red-o-p-i\/\" \/>\n<meta property=\"og:locale\" content=\"ar_AR\" \/>\n<meta property=\"og:type\" content=\"article\" \/>\n<meta property=\"og:title\" content=\"Vernis \u00e0 Ongles Big Apple Red O.P.I - Prixgro\" \/>\n<meta property=\"og:description\" content=\"Un rouge \u00e9clatant, une brillance intense, de quoi affronter le monde !Contenance : 15ml\u00a0\" \/>\n<meta property=\"og:url\" content=\"https:\/\/prixgro.com\/ar\/product\/vernis-a-ongles-big-apple-red-o-p-i\/\" \/>\n<meta property=\"og:site_name\" content=\"Prixgro\" \/>\n<meta property=\"article:publisher\" content=\"https:\/\/www.facebook.com\/Pharmacima\" \/>\n<meta property=\"article:modified_time\" content=\"2024-08-08T18:55:03+00:00\" \/>\n<meta property=\"og:image\" content=\"https:\/\/prixgro.com\/wp-content\/uploads\/2023\/09\/Sans-titre-55.png\" \/>\n\t<meta property=\"og:image:width\" content=\"540\" \/>\n\t<meta property=\"og:image:height\" content=\"540\" \/>\n\t<meta property=\"og:image:type\" content=\"image\/png\" \/>\n<meta name=\"twitter:card\" content=\"summary_large_image\" \/>\n<script type=\"application\/ld+json\" class=\"yoast-schema-graph\">{\"@context\":\"https:\/\/schema.org\",\"@graph\":[{\"@type\":\"WebPage\",\"@id\":\"https:\/\/prixgro.com\/product\/vernis-a-ongles-big-apple-red-o-p-i\/\",\"url\":\"https:\/\/prixgro.com\/product\/vernis-a-ongles-big-apple-red-o-p-i\/\",\"name\":\"Vernis \u00e0 Ongles Big Apple Red O.P.I - Prixgro\",\"isPartOf\":{\"@id\":\"https:\/\/prixgro.com\/#website\"},\"primaryImageOfPage\":{\"@id\":\"https:\/\/prixgro.com\/product\/vernis-a-ongles-big-apple-red-o-p-i\/#primaryimage\"},\"image\":{\"@id\":\"https:\/\/prixgro.com\/product\/vernis-a-ongles-big-apple-red-o-p-i\/#primaryimage\"},\"thumbnailUrl\":\"https:\/\/prixgro.com\/wp-content\/uploads\/2023\/09\/Sans-titre-55.png\",\"datePublished\":\"2024-04-09T12:31:18+00:00\",\"dateModified\":\"2024-08-08T18:55:03+00:00\",\"breadcrumb\":{\"@id\":\"https:\/\/prixgro.com\/product\/vernis-a-ongles-big-apple-red-o-p-i\/#breadcrumb\"},\"inLanguage\":\"ar\",\"potentialAction\":[{\"@type\":\"ReadAction\",\"target\":[\"https:\/\/prixgro.com\/product\/vernis-a-ongles-big-apple-red-o-p-i\/\"]}]},{\"@type\":\"ImageObject\",\"inLanguage\":\"ar\",\"@id\":\"https:\/\/prixgro.com\/product\/vernis-a-ongles-big-apple-red-o-p-i\/#primaryimage\",\"url\":\"https:\/\/prixgro.com\/wp-content\/uploads\/2023\/09\/Sans-titre-55.png\",\"contentUrl\":\"https:\/\/prixgro.com\/wp-content\/uploads\/2023\/09\/Sans-titre-55.png\",\"width\":540,\"height\":540},{\"@type\":\"BreadcrumbList\",\"@id\":\"https:\/\/prixgro.com\/product\/vernis-a-ongles-big-apple-red-o-p-i\/#breadcrumb\",\"itemListElement\":[{\"@type\":\"ListItem\",\"position\":1,\"name\":\"Accueil\",\"item\":\"https:\/\/prixgro.com\/\"},{\"@type\":\"ListItem\",\"position\":2,\"name\":\"Boutique en ligne\",\"item\":\"https:\/\/prixgro.com\/shop\/\"},{\"@type\":\"ListItem\",\"position\":3,\"name\":\"Vernis \u00e0 Ongles Big Apple Red O.P.I\"}]},{\"@type\":\"WebSite\",\"@id\":\"https:\/\/prixgro.com\/#website\",\"url\":\"https:\/\/prixgro.com\/\",\"name\":\"Prixgro.com\",\"description\":\"Para Pharmaceutique et Cosm\u00e9tique\",\"publisher\":{\"@id\":\"https:\/\/prixgro.com\/#organization\"},\"potentialAction\":[{\"@type\":\"SearchAction\",\"target\":{\"@type\":\"EntryPoint\",\"urlTemplate\":\"https:\/\/prixgro.com\/?s={search_term_string}\"},\"query-input\":{\"@type\":\"PropertyValueSpecification\",\"valueRequired\":true,\"valueName\":\"search_term_string\"}}],\"inLanguage\":\"ar\"},{\"@type\":\"Organization\",\"@id\":\"https:\/\/prixgro.com\/#organization\",\"name\":\"Prixgro\",\"url\":\"https:\/\/prixgro.com\/\",\"logo\":{\"@type\":\"ImageObject\",\"inLanguage\":\"ar\",\"@id\":\"https:\/\/prixgro.com\/#\/schema\/logo\/image\/\",\"url\":\"https:\/\/prixgro.com\/wp-content\/uploads\/2024\/08\/cropped-Nouveau-projet-2.png\",\"contentUrl\":\"https:\/\/prixgro.com\/wp-content\/uploads\/2024\/08\/cropped-Nouveau-projet-2.png\",\"width\":265,\"height\":62,\"caption\":\"Prixgro\"},\"image\":{\"@id\":\"https:\/\/prixgro.com\/#\/schema\/logo\/image\/\"},\"sameAs\":[\"https:\/\/www.facebook.com\/Pharmacima\"]}]}<\/script>\n<!-- \/ Yoast SEO plugin. -->","yoast_head_json":{"title":"Vernis \u00e0 Ongles Big Apple Red O.P.I - Prixgro","robots":{"index":"index","follow":"follow","max-snippet":"max-snippet:-1","max-image-preview":"max-image-preview:large","max-video-preview":"max-video-preview:-1"},"canonical":"https:\/\/prixgro.com\/ar\/product\/vernis-a-ongles-big-apple-red-o-p-i\/","og_locale":"ar_AR","og_type":"article","og_title":"Vernis \u00e0 Ongles Big Apple Red O.P.I - Prixgro","og_description":"Un rouge \u00e9clatant, une brillance intense, de quoi affronter le monde !Contenance : 15ml\u00a0","og_url":"https:\/\/prixgro.com\/ar\/product\/vernis-a-ongles-big-apple-red-o-p-i\/","og_site_name":"Prixgro","article_publisher":"https:\/\/www.facebook.com\/Pharmacima","article_modified_time":"2024-08-08T18:55:03+00:00","og_image":[{"width":540,"height":540,"url":"https:\/\/prixgro.com\/wp-content\/uploads\/2023\/09\/Sans-titre-55.png","type":"image\/png"}],"twitter_card":"summary_large_image","schema":{"@context":"https:\/\/schema.org","@graph":[{"@type":"WebPage","@id":"https:\/\/prixgro.com\/product\/vernis-a-ongles-big-apple-red-o-p-i\/","url":"https:\/\/prixgro.com\/product\/vernis-a-ongles-big-apple-red-o-p-i\/","name":"Vernis \u00e0 Ongles Big Apple Red O.P.I - Prixgro","isPartOf":{"@id":"https:\/\/prixgro.com\/#website"},"primaryImageOfPage":{"@id":"https:\/\/prixgro.com\/product\/vernis-a-ongles-big-apple-red-o-p-i\/#primaryimage"},"image":{"@id":"https:\/\/prixgro.com\/product\/vernis-a-ongles-big-apple-red-o-p-i\/#primaryimage"},"thumbnailUrl":"https:\/\/prixgro.com\/wp-content\/uploads\/2023\/09\/Sans-titre-55.png","datePublished":"2024-04-09T12:31:18+00:00","dateModified":"2024-08-08T18:55:03+00:00","breadcrumb":{"@id":"https:\/\/prixgro.com\/product\/vernis-a-ongles-big-apple-red-o-p-i\/#breadcrumb"},"inLanguage":"ar","potentialAction":[{"@type":"ReadAction","target":["https:\/\/prixgro.com\/product\/vernis-a-ongles-big-apple-red-o-p-i\/"]}]},{"@type":"ImageObject","inLanguage":"ar","@id":"https:\/\/prixgro.com\/product\/vernis-a-ongles-big-apple-red-o-p-i\/#primaryimage","url":"https:\/\/prixgro.com\/wp-content\/uploads\/2023\/09\/Sans-titre-55.png","contentUrl":"https:\/\/prixgro.com\/wp-content\/uploads\/2023\/09\/Sans-titre-55.png","width":540,"height":540},{"@type":"BreadcrumbList","@id":"https:\/\/prixgro.com\/product\/vernis-a-ongles-big-apple-red-o-p-i\/#breadcrumb","itemListElement":[{"@type":"ListItem","position":1,"name":"Accueil","item":"https:\/\/prixgro.com\/"},{"@type":"ListItem","position":2,"name":"Boutique en ligne","item":"https:\/\/prixgro.com\/shop\/"},{"@type":"ListItem","position":3,"name":"Vernis \u00e0 Ongles Big Apple Red O.P.I"}]},{"@type":"WebSite","@id":"https:\/\/prixgro.com\/#website","url":"https:\/\/prixgro.com\/","name":"Prixgro.com","description":"Para Pharmaceutique et Cosm\u00e9tique","publisher":{"@id":"https:\/\/prixgro.com\/#organization"},"potentialAction":[{"@type":"SearchAction","target":{"@type":"EntryPoint","urlTemplate":"https:\/\/prixgro.com\/?s={search_term_string}"},"query-input":{"@type":"PropertyValueSpecification","valueRequired":true,"valueName":"search_term_string"}}],"inLanguage":"ar"},{"@type":"Organization","@id":"https:\/\/prixgro.com\/#organization","name":"Prixgro","url":"https:\/\/prixgro.com\/","logo":{"@type":"ImageObject","inLanguage":"ar","@id":"https:\/\/prixgro.com\/#\/schema\/logo\/image\/","url":"https:\/\/prixgro.com\/wp-content\/uploads\/2024\/08\/cropped-Nouveau-projet-2.png","contentUrl":"https:\/\/prixgro.com\/wp-content\/uploads\/2024\/08\/cropped-Nouveau-projet-2.png","width":265,"height":62,"caption":"Prixgro"},"image":{"@id":"https:\/\/prixgro.com\/#\/schema\/logo\/image\/"},"sameAs":["https:\/\/www.facebook.com\/Pharmacima"]}]}},"_links":{"self":[{"href":"https:\/\/prixgro.com\/ar\/wp-json\/wp\/v2\/product\/142131","targetHints":{"allow":["GET"]}}],"collection":[{"href":"https:\/\/prixgro.com\/ar\/wp-json\/wp\/v2\/product"}],"about":[{"href":"https:\/\/prixgro.com\/ar\/wp-json\/wp\/v2\/types\/product"}],"replies":[{"embeddable":true,"href":"https:\/\/prixgro.com\/ar\/wp-json\/wp\/v2\/comments?post=142131"}],"wp:featuredmedia":[{"embeddable":true,"href":"https:\/\/prixgro.com\/ar\/wp-json\/wp\/v2\/media\/3785"}],"wp:attachment":[{"href":"https:\/\/prixgro.com\/ar\/wp-json\/wp\/v2\/media?parent=142131"}],"wp:term":[{"taxonomy":"product_cat","embeddable":true,"href":"https:\/\/prixgro.com\/ar\/wp-json\/wp\/v2\/product_cat?post=142131"},{"taxonomy":"product_tag","embeddable":true,"href":"https:\/\/prixgro.com\/ar\/wp-json\/wp\/v2\/product_tag?post=142131"},{"taxonomy":"berocket_brand","embeddable":true,"href":"https:\/\/prixgro.com\/ar\/wp-json\/wp\/v2\/berocket_brand?post=142131"}],"curies":[{"name":"wp","href":"https:\/\/api.w.org\/{rel}","templated":true}]}}