{"id":142139,"date":"2024-04-09T14:31:19","date_gmt":"2024-04-09T12:31:19","guid":{"rendered":"https:\/\/cloodmanager.net\/?post_type=product&#038;p=142139"},"modified":"2024-08-08T20:54:15","modified_gmt":"2024-08-08T18:54:15","slug":"mini-palette-friends-x-happy-turkey-day-revolution-beauty","status":"publish","type":"product","link":"https:\/\/prixgro.com\/ar\/product\/mini-palette-friends-x-happy-turkey-day-revolution-beauty\/","title":{"rendered":"Mini Palette Friends X Happy Turkey Day Revolution Beauty"},"content":{"rendered":"<h2><strong>Description<\/strong> :<\/h2>\n<p><span class=\"Y2IQFc\" lang=\"fr\">Vous ne\u00a0<\/span>\u00a0pouvez pas c\u00e9l\u00e9brer Thanksgiving sans dinde ou F.R.I.E.N.D.S ! R\u00e9galez vos yeux avec le d\u00e9licieux quatri\u00e8me volet de Revolution x Friends : Thanksgiving Edition ! Cette collection s&#8217;inspire de tout ce qui concerne l&#8217;automne<\/p>\n<p>mini-palettes (de 9 fards chacune) aux harmonies de mats et d&#8217;iris\u00e9s ultra-pigment\u00e9s. Ces mini-palettes sont super pratiques lors de vos d\u00e9placements ou en voyage.<\/p>\n<p>\u00ab Happy Turkey Day \u00bb &#8211; une harmonie de dor\u00e9, champagne et rose.<\/p>","protected":false},"excerpt":{"rendered":"<p><strong><em><span style=\"color: #ff00ff\" data-mce-style=\"color: #ff00ff;\">\u00ab Happy Turkey Day \u00bb &#8211; une harmonie de dor\u00e9, champagne et rose.<\/span><\/em><\/strong><\/p>","protected":false},"featured_media":3800,"comment_status":"open","ping_status":"closed","template":"","meta":[],"product_cat":[429,433],"product_tag":[],"berocket_brand":[],"class_list":{"0":"post-142139","1":"product","2":"type-product","3":"status-publish","4":"has-post-thumbnail","6":"product_cat-maquillage","7":"product_cat-yeux-maquillage","9":"first","10":"outofstock","11":"shipping-taxable","12":"purchasable","13":"product-type-simple"},"yoast_head":"<!-- This site is optimized with the Yoast SEO plugin v24.8 - https:\/\/yoast.com\/wordpress\/plugins\/seo\/ -->\n<title>Mini Palette Friends X Happy Turkey Day Revolution Beauty - Prixgro<\/title>\n<meta name=\"robots\" content=\"index, follow, max-snippet:-1, max-image-preview:large, max-video-preview:-1\" \/>\n<link rel=\"canonical\" href=\"https:\/\/prixgro.com\/ar\/product\/mini-palette-friends-x-happy-turkey-day-revolution-beauty\/\" \/>\n<meta property=\"og:locale\" content=\"ar_AR\" \/>\n<meta property=\"og:type\" content=\"article\" \/>\n<meta property=\"og:title\" content=\"Mini Palette Friends X Happy Turkey Day Revolution Beauty - Prixgro\" \/>\n<meta property=\"og:description\" content=\"\u00ab Happy Turkey Day \u00bb - une harmonie de dor\u00e9, champagne et rose.\" \/>\n<meta property=\"og:url\" content=\"https:\/\/prixgro.com\/ar\/product\/mini-palette-friends-x-happy-turkey-day-revolution-beauty\/\" \/>\n<meta property=\"og:site_name\" content=\"Prixgro\" \/>\n<meta property=\"article:publisher\" content=\"https:\/\/www.facebook.com\/Pharmacima\" \/>\n<meta property=\"article:modified_time\" content=\"2024-08-08T18:54:15+00:00\" \/>\n<meta property=\"og:image\" content=\"https:\/\/prixgro.com\/wp-content\/uploads\/2023\/09\/palettes-yeux-revolution-revolution-friends-x-makeup-happy-turkey-day-1-scaled-e1678196257741.jpg\" \/>\n\t<meta property=\"og:image:width\" content=\"500\" \/>\n\t<meta property=\"og:image:height\" content=\"500\" \/>\n\t<meta property=\"og:image:type\" content=\"image\/jpeg\" \/>\n<meta name=\"twitter:card\" content=\"summary_large_image\" \/>\n<script type=\"application\/ld+json\" class=\"yoast-schema-graph\">{\"@context\":\"https:\/\/schema.org\",\"@graph\":[{\"@type\":\"WebPage\",\"@id\":\"https:\/\/prixgro.com\/product\/mini-palette-friends-x-happy-turkey-day-revolution-beauty\/\",\"url\":\"https:\/\/prixgro.com\/product\/mini-palette-friends-x-happy-turkey-day-revolution-beauty\/\",\"name\":\"Mini Palette Friends X Happy Turkey Day Revolution Beauty - Prixgro\",\"isPartOf\":{\"@id\":\"https:\/\/prixgro.com\/#website\"},\"primaryImageOfPage\":{\"@id\":\"https:\/\/prixgro.com\/product\/mini-palette-friends-x-happy-turkey-day-revolution-beauty\/#primaryimage\"},\"image\":{\"@id\":\"https:\/\/prixgro.com\/product\/mini-palette-friends-x-happy-turkey-day-revolution-beauty\/#primaryimage\"},\"thumbnailUrl\":\"https:\/\/prixgro.com\/wp-content\/uploads\/2023\/09\/palettes-yeux-revolution-revolution-friends-x-makeup-happy-turkey-day-1-scaled-e1678196257741.jpg\",\"datePublished\":\"2024-04-09T12:31:19+00:00\",\"dateModified\":\"2024-08-08T18:54:15+00:00\",\"breadcrumb\":{\"@id\":\"https:\/\/prixgro.com\/product\/mini-palette-friends-x-happy-turkey-day-revolution-beauty\/#breadcrumb\"},\"inLanguage\":\"ar\",\"potentialAction\":[{\"@type\":\"ReadAction\",\"target\":[\"https:\/\/prixgro.com\/product\/mini-palette-friends-x-happy-turkey-day-revolution-beauty\/\"]}]},{\"@type\":\"ImageObject\",\"inLanguage\":\"ar\",\"@id\":\"https:\/\/prixgro.com\/product\/mini-palette-friends-x-happy-turkey-day-revolution-beauty\/#primaryimage\",\"url\":\"https:\/\/prixgro.com\/wp-content\/uploads\/2023\/09\/palettes-yeux-revolution-revolution-friends-x-makeup-happy-turkey-day-1-scaled-e1678196257741.jpg\",\"contentUrl\":\"https:\/\/prixgro.com\/wp-content\/uploads\/2023\/09\/palettes-yeux-revolution-revolution-friends-x-makeup-happy-turkey-day-1-scaled-e1678196257741.jpg\",\"width\":500,\"height\":500},{\"@type\":\"BreadcrumbList\",\"@id\":\"https:\/\/prixgro.com\/product\/mini-palette-friends-x-happy-turkey-day-revolution-beauty\/#breadcrumb\",\"itemListElement\":[{\"@type\":\"ListItem\",\"position\":1,\"name\":\"Accueil\",\"item\":\"https:\/\/prixgro.com\/\"},{\"@type\":\"ListItem\",\"position\":2,\"name\":\"Boutique en ligne\",\"item\":\"https:\/\/prixgro.com\/shop\/\"},{\"@type\":\"ListItem\",\"position\":3,\"name\":\"Mini Palette Friends X Happy Turkey Day Revolution Beauty\"}]},{\"@type\":\"WebSite\",\"@id\":\"https:\/\/prixgro.com\/#website\",\"url\":\"https:\/\/prixgro.com\/\",\"name\":\"Prixgro.com\",\"description\":\"Para Pharmaceutique et Cosm\u00e9tique\",\"publisher\":{\"@id\":\"https:\/\/prixgro.com\/#organization\"},\"potentialAction\":[{\"@type\":\"SearchAction\",\"target\":{\"@type\":\"EntryPoint\",\"urlTemplate\":\"https:\/\/prixgro.com\/?s={search_term_string}\"},\"query-input\":{\"@type\":\"PropertyValueSpecification\",\"valueRequired\":true,\"valueName\":\"search_term_string\"}}],\"inLanguage\":\"ar\"},{\"@type\":\"Organization\",\"@id\":\"https:\/\/prixgro.com\/#organization\",\"name\":\"Prixgro\",\"url\":\"https:\/\/prixgro.com\/\",\"logo\":{\"@type\":\"ImageObject\",\"inLanguage\":\"ar\",\"@id\":\"https:\/\/prixgro.com\/#\/schema\/logo\/image\/\",\"url\":\"https:\/\/prixgro.com\/wp-content\/uploads\/2024\/08\/cropped-Nouveau-projet-2.png\",\"contentUrl\":\"https:\/\/prixgro.com\/wp-content\/uploads\/2024\/08\/cropped-Nouveau-projet-2.png\",\"width\":265,\"height\":62,\"caption\":\"Prixgro\"},\"image\":{\"@id\":\"https:\/\/prixgro.com\/#\/schema\/logo\/image\/\"},\"sameAs\":[\"https:\/\/www.facebook.com\/Pharmacima\"]}]}<\/script>\n<!-- \/ Yoast SEO plugin. -->","yoast_head_json":{"title":"Mini Palette Friends X Happy Turkey Day Revolution Beauty - Prixgro","robots":{"index":"index","follow":"follow","max-snippet":"max-snippet:-1","max-image-preview":"max-image-preview:large","max-video-preview":"max-video-preview:-1"},"canonical":"https:\/\/prixgro.com\/ar\/product\/mini-palette-friends-x-happy-turkey-day-revolution-beauty\/","og_locale":"ar_AR","og_type":"article","og_title":"Mini Palette Friends X Happy Turkey Day Revolution Beauty - Prixgro","og_description":"\u00ab Happy Turkey Day \u00bb - une harmonie de dor\u00e9, champagne et rose.","og_url":"https:\/\/prixgro.com\/ar\/product\/mini-palette-friends-x-happy-turkey-day-revolution-beauty\/","og_site_name":"Prixgro","article_publisher":"https:\/\/www.facebook.com\/Pharmacima","article_modified_time":"2024-08-08T18:54:15+00:00","og_image":[{"width":500,"height":500,"url":"https:\/\/prixgro.com\/wp-content\/uploads\/2023\/09\/palettes-yeux-revolution-revolution-friends-x-makeup-happy-turkey-day-1-scaled-e1678196257741.jpg","type":"image\/jpeg"}],"twitter_card":"summary_large_image","schema":{"@context":"https:\/\/schema.org","@graph":[{"@type":"WebPage","@id":"https:\/\/prixgro.com\/product\/mini-palette-friends-x-happy-turkey-day-revolution-beauty\/","url":"https:\/\/prixgro.com\/product\/mini-palette-friends-x-happy-turkey-day-revolution-beauty\/","name":"Mini Palette Friends X Happy Turkey Day Revolution Beauty - Prixgro","isPartOf":{"@id":"https:\/\/prixgro.com\/#website"},"primaryImageOfPage":{"@id":"https:\/\/prixgro.com\/product\/mini-palette-friends-x-happy-turkey-day-revolution-beauty\/#primaryimage"},"image":{"@id":"https:\/\/prixgro.com\/product\/mini-palette-friends-x-happy-turkey-day-revolution-beauty\/#primaryimage"},"thumbnailUrl":"https:\/\/prixgro.com\/wp-content\/uploads\/2023\/09\/palettes-yeux-revolution-revolution-friends-x-makeup-happy-turkey-day-1-scaled-e1678196257741.jpg","datePublished":"2024-04-09T12:31:19+00:00","dateModified":"2024-08-08T18:54:15+00:00","breadcrumb":{"@id":"https:\/\/prixgro.com\/product\/mini-palette-friends-x-happy-turkey-day-revolution-beauty\/#breadcrumb"},"inLanguage":"ar","potentialAction":[{"@type":"ReadAction","target":["https:\/\/prixgro.com\/product\/mini-palette-friends-x-happy-turkey-day-revolution-beauty\/"]}]},{"@type":"ImageObject","inLanguage":"ar","@id":"https:\/\/prixgro.com\/product\/mini-palette-friends-x-happy-turkey-day-revolution-beauty\/#primaryimage","url":"https:\/\/prixgro.com\/wp-content\/uploads\/2023\/09\/palettes-yeux-revolution-revolution-friends-x-makeup-happy-turkey-day-1-scaled-e1678196257741.jpg","contentUrl":"https:\/\/prixgro.com\/wp-content\/uploads\/2023\/09\/palettes-yeux-revolution-revolution-friends-x-makeup-happy-turkey-day-1-scaled-e1678196257741.jpg","width":500,"height":500},{"@type":"BreadcrumbList","@id":"https:\/\/prixgro.com\/product\/mini-palette-friends-x-happy-turkey-day-revolution-beauty\/#breadcrumb","itemListElement":[{"@type":"ListItem","position":1,"name":"Accueil","item":"https:\/\/prixgro.com\/"},{"@type":"ListItem","position":2,"name":"Boutique en ligne","item":"https:\/\/prixgro.com\/shop\/"},{"@type":"ListItem","position":3,"name":"Mini Palette Friends X Happy Turkey Day Revolution Beauty"}]},{"@type":"WebSite","@id":"https:\/\/prixgro.com\/#website","url":"https:\/\/prixgro.com\/","name":"Prixgro.com","description":"Para Pharmaceutique et Cosm\u00e9tique","publisher":{"@id":"https:\/\/prixgro.com\/#organization"},"potentialAction":[{"@type":"SearchAction","target":{"@type":"EntryPoint","urlTemplate":"https:\/\/prixgro.com\/?s={search_term_string}"},"query-input":{"@type":"PropertyValueSpecification","valueRequired":true,"valueName":"search_term_string"}}],"inLanguage":"ar"},{"@type":"Organization","@id":"https:\/\/prixgro.com\/#organization","name":"Prixgro","url":"https:\/\/prixgro.com\/","logo":{"@type":"ImageObject","inLanguage":"ar","@id":"https:\/\/prixgro.com\/#\/schema\/logo\/image\/","url":"https:\/\/prixgro.com\/wp-content\/uploads\/2024\/08\/cropped-Nouveau-projet-2.png","contentUrl":"https:\/\/prixgro.com\/wp-content\/uploads\/2024\/08\/cropped-Nouveau-projet-2.png","width":265,"height":62,"caption":"Prixgro"},"image":{"@id":"https:\/\/prixgro.com\/#\/schema\/logo\/image\/"},"sameAs":["https:\/\/www.facebook.com\/Pharmacima"]}]}},"_links":{"self":[{"href":"https:\/\/prixgro.com\/ar\/wp-json\/wp\/v2\/product\/142139","targetHints":{"allow":["GET"]}}],"collection":[{"href":"https:\/\/prixgro.com\/ar\/wp-json\/wp\/v2\/product"}],"about":[{"href":"https:\/\/prixgro.com\/ar\/wp-json\/wp\/v2\/types\/product"}],"replies":[{"embeddable":true,"href":"https:\/\/prixgro.com\/ar\/wp-json\/wp\/v2\/comments?post=142139"}],"wp:featuredmedia":[{"embeddable":true,"href":"https:\/\/prixgro.com\/ar\/wp-json\/wp\/v2\/media\/3800"}],"wp:attachment":[{"href":"https:\/\/prixgro.com\/ar\/wp-json\/wp\/v2\/media?parent=142139"}],"wp:term":[{"taxonomy":"product_cat","embeddable":true,"href":"https:\/\/prixgro.com\/ar\/wp-json\/wp\/v2\/product_cat?post=142139"},{"taxonomy":"product_tag","embeddable":true,"href":"https:\/\/prixgro.com\/ar\/wp-json\/wp\/v2\/product_tag?post=142139"},{"taxonomy":"berocket_brand","embeddable":true,"href":"https:\/\/prixgro.com\/ar\/wp-json\/wp\/v2\/berocket_brand?post=142139"}],"curies":[{"name":"wp","href":"https:\/\/api.w.org\/{rel}","templated":true}]}}