{"id":142141,"date":"2024-04-09T14:31:19","date_gmt":"2024-04-09T12:31:19","guid":{"rendered":"https:\/\/cloodmanager.net\/?post_type=product&#038;p=142141"},"modified":"2024-08-08T21:43:37","modified_gmt":"2024-08-08T19:43:37","slug":"huile-detoxifiante-carbon-star-10ml-pai","status":"publish","type":"product","link":"https:\/\/prixgro.com\/ar\/product\/huile-detoxifiante-carbon-star-10ml-pai\/","title":{"rendered":"Huile D\u00e9toxifiante Carbon Star 10ml Pai"},"content":{"rendered":"<h2><strong>DESCRIPTION :\u00a0<\/strong><\/h2>\n<p>La Carbon\u00a0Star Detoxifying Oil r\u00e9\u00e9quilibre les peaux mixtes \u00e0 grasses. Gr\u00e2ce \u00e0 son charbon v\u00e9g\u00e9tal \u00e0 l&#8217;action purifiante douce, elle assainit, att\u00e9nue les imperfections et unifie le grain de peau.<\/p>\n<p>La r\u00e9sine de copa\u00efba anti-bact\u00e9rienne att\u00e9nue les rougeurs li\u00e9es \u00e0 l&#8217;inflammation en apaisant, tandis que l&#8217;huile de graines de cumin purifie et acc\u00e9l\u00e8re la disparition des imperfections.<\/p>\n<p>Les boutons sont moins visibles au fil des applications, les inflammations sous contr\u00f4le et la peau r\u00e9\u00e9quilibr\u00e9e.<\/p>\n<h2><strong>CONSEIL D&#8217;UTILISATION :<\/strong><\/h2>\n<p>Appliquer quelques gouttes chaque soir sur le visage propre et sec.<\/p>\n<p>Attention, le charbon peut laisser un voile gris : bien masser le produit et \u00eatre un peu moins g\u00e9n\u00e9reux\u00b7se lors de la prochaine application<\/p>\n<h2><strong>COMPOSITION :<\/strong><\/h2>\n<p><strong>Huile de graines de cumin noir<\/strong><br \/>Purifie et d\u00e9congestionne<\/p>\n<p><strong>Charbon v\u00e9g\u00e9tal<\/strong><br \/>Absorbe les toxines et stimule l&#8217;exfoliation naturelle de la peau<\/p>\n<p><strong>R\u00e9sine de copa\u00efba<\/strong><br \/>Apaise les inflammations<\/p>","protected":false},"excerpt":{"rendered":"<div class=\"product-info product-info__details\">\n<h3 class=\"product-info__description rte hidden-pocket\"><em><strong>Une huile de nuit d\u00e9toxifiante qui lutte contre les imperfections, uniformise le teint et r\u00e9gule la peau.<\/strong><\/em><\/h3>\n<\/div>\n<div class=\"product-form__variants\">\n<div class=\"product-form__option\"><strong>Contenance : 10ml\u00a0<\/strong><\/div>\n<\/div>","protected":false},"featured_media":3804,"comment_status":"open","ping_status":"closed","template":"","meta":[],"product_cat":[17,36],"product_tag":[],"berocket_brand":[],"class_list":{"0":"post-142141","1":"product","2":"type-product","3":"status-publish","4":"has-post-thumbnail","6":"product_cat-soin-et-bien-etre","7":"product_cat-visage-soin-et-bien-etre","9":"first","10":"outofstock","11":"shipping-taxable","12":"purchasable","13":"product-type-simple"},"yoast_head":"<!-- This site is optimized with the Yoast SEO plugin v24.8 - https:\/\/yoast.com\/wordpress\/plugins\/seo\/ -->\n<title>Huile D\u00e9toxifiante Carbon Star 10ml Pai - Prixgro<\/title>\n<meta name=\"robots\" content=\"index, follow, max-snippet:-1, max-image-preview:large, max-video-preview:-1\" \/>\n<link rel=\"canonical\" href=\"https:\/\/prixgro.com\/ar\/product\/huile-detoxifiante-carbon-star-10ml-pai\/\" \/>\n<meta property=\"og:locale\" content=\"ar_AR\" \/>\n<meta property=\"og:type\" content=\"article\" \/>\n<meta property=\"og:title\" content=\"Huile D\u00e9toxifiante Carbon Star 10ml Pai - Prixgro\" \/>\n<meta property=\"og:description\" content=\"Une huile de nuit d\u00e9toxifiante qui lutte contre les imperfections, uniformise le teint et r\u00e9gule la peau.Contenance : 10ml\u00a0\" \/>\n<meta property=\"og:url\" content=\"https:\/\/prixgro.com\/ar\/product\/huile-detoxifiante-carbon-star-10ml-pai\/\" \/>\n<meta property=\"og:site_name\" content=\"Prixgro\" \/>\n<meta property=\"article:publisher\" content=\"https:\/\/www.facebook.com\/Pharmacima\" \/>\n<meta property=\"article:modified_time\" content=\"2024-08-08T19:43:37+00:00\" \/>\n<meta property=\"og:image\" content=\"https:\/\/prixgro.com\/wp-content\/uploads\/2023\/09\/Packshot_Carbon_Star_10_ml_PAI_2b69007b-542b-4369-847e-8160cc5c3598_700x-e1678202560676.jpg\" \/>\n\t<meta property=\"og:image:width\" content=\"500\" \/>\n\t<meta property=\"og:image:height\" content=\"500\" \/>\n\t<meta property=\"og:image:type\" content=\"image\/jpeg\" \/>\n<meta name=\"twitter:card\" content=\"summary_large_image\" \/>\n<meta name=\"twitter:label1\" content=\"\u0648\u0642\u062a \u0627\u0644\u0642\u0631\u0627\u0621\u0629 \u0627\u0644\u0645\u064f\u0642\u062f\u0651\u0631\" \/>\n\t<meta name=\"twitter:data1\" content=\"\u062f\u0642\u064a\u0642\u0629 \u0648\u0627\u062d\u062f\u0629\" \/>\n<script type=\"application\/ld+json\" class=\"yoast-schema-graph\">{\"@context\":\"https:\/\/schema.org\",\"@graph\":[{\"@type\":\"WebPage\",\"@id\":\"https:\/\/prixgro.com\/product\/huile-detoxifiante-carbon-star-10ml-pai\/\",\"url\":\"https:\/\/prixgro.com\/product\/huile-detoxifiante-carbon-star-10ml-pai\/\",\"name\":\"Huile D\u00e9toxifiante Carbon Star 10ml Pai - Prixgro\",\"isPartOf\":{\"@id\":\"https:\/\/prixgro.com\/#website\"},\"primaryImageOfPage\":{\"@id\":\"https:\/\/prixgro.com\/product\/huile-detoxifiante-carbon-star-10ml-pai\/#primaryimage\"},\"image\":{\"@id\":\"https:\/\/prixgro.com\/product\/huile-detoxifiante-carbon-star-10ml-pai\/#primaryimage\"},\"thumbnailUrl\":\"https:\/\/prixgro.com\/wp-content\/uploads\/2023\/09\/Packshot_Carbon_Star_10_ml_PAI_2b69007b-542b-4369-847e-8160cc5c3598_700x-e1678202560676.jpg\",\"datePublished\":\"2024-04-09T12:31:19+00:00\",\"dateModified\":\"2024-08-08T19:43:37+00:00\",\"breadcrumb\":{\"@id\":\"https:\/\/prixgro.com\/product\/huile-detoxifiante-carbon-star-10ml-pai\/#breadcrumb\"},\"inLanguage\":\"ar\",\"potentialAction\":[{\"@type\":\"ReadAction\",\"target\":[\"https:\/\/prixgro.com\/product\/huile-detoxifiante-carbon-star-10ml-pai\/\"]}]},{\"@type\":\"ImageObject\",\"inLanguage\":\"ar\",\"@id\":\"https:\/\/prixgro.com\/product\/huile-detoxifiante-carbon-star-10ml-pai\/#primaryimage\",\"url\":\"https:\/\/prixgro.com\/wp-content\/uploads\/2023\/09\/Packshot_Carbon_Star_10_ml_PAI_2b69007b-542b-4369-847e-8160cc5c3598_700x-e1678202560676.jpg\",\"contentUrl\":\"https:\/\/prixgro.com\/wp-content\/uploads\/2023\/09\/Packshot_Carbon_Star_10_ml_PAI_2b69007b-542b-4369-847e-8160cc5c3598_700x-e1678202560676.jpg\",\"width\":500,\"height\":500},{\"@type\":\"BreadcrumbList\",\"@id\":\"https:\/\/prixgro.com\/product\/huile-detoxifiante-carbon-star-10ml-pai\/#breadcrumb\",\"itemListElement\":[{\"@type\":\"ListItem\",\"position\":1,\"name\":\"Accueil\",\"item\":\"https:\/\/prixgro.com\/\"},{\"@type\":\"ListItem\",\"position\":2,\"name\":\"Boutique en ligne\",\"item\":\"https:\/\/prixgro.com\/shop\/\"},{\"@type\":\"ListItem\",\"position\":3,\"name\":\"Huile D\u00e9toxifiante Carbon Star 10ml Pai\"}]},{\"@type\":\"WebSite\",\"@id\":\"https:\/\/prixgro.com\/#website\",\"url\":\"https:\/\/prixgro.com\/\",\"name\":\"Prixgro.com\",\"description\":\"Para Pharmaceutique et Cosm\u00e9tique\",\"publisher\":{\"@id\":\"https:\/\/prixgro.com\/#organization\"},\"potentialAction\":[{\"@type\":\"SearchAction\",\"target\":{\"@type\":\"EntryPoint\",\"urlTemplate\":\"https:\/\/prixgro.com\/?s={search_term_string}\"},\"query-input\":{\"@type\":\"PropertyValueSpecification\",\"valueRequired\":true,\"valueName\":\"search_term_string\"}}],\"inLanguage\":\"ar\"},{\"@type\":\"Organization\",\"@id\":\"https:\/\/prixgro.com\/#organization\",\"name\":\"Prixgro\",\"url\":\"https:\/\/prixgro.com\/\",\"logo\":{\"@type\":\"ImageObject\",\"inLanguage\":\"ar\",\"@id\":\"https:\/\/prixgro.com\/#\/schema\/logo\/image\/\",\"url\":\"https:\/\/prixgro.com\/wp-content\/uploads\/2024\/08\/cropped-Nouveau-projet-2.png\",\"contentUrl\":\"https:\/\/prixgro.com\/wp-content\/uploads\/2024\/08\/cropped-Nouveau-projet-2.png\",\"width\":265,\"height\":62,\"caption\":\"Prixgro\"},\"image\":{\"@id\":\"https:\/\/prixgro.com\/#\/schema\/logo\/image\/\"},\"sameAs\":[\"https:\/\/www.facebook.com\/Pharmacima\"]}]}<\/script>\n<!-- \/ Yoast SEO plugin. -->","yoast_head_json":{"title":"Huile D\u00e9toxifiante Carbon Star 10ml Pai - Prixgro","robots":{"index":"index","follow":"follow","max-snippet":"max-snippet:-1","max-image-preview":"max-image-preview:large","max-video-preview":"max-video-preview:-1"},"canonical":"https:\/\/prixgro.com\/ar\/product\/huile-detoxifiante-carbon-star-10ml-pai\/","og_locale":"ar_AR","og_type":"article","og_title":"Huile D\u00e9toxifiante Carbon Star 10ml Pai - Prixgro","og_description":"Une huile de nuit d\u00e9toxifiante qui lutte contre les imperfections, uniformise le teint et r\u00e9gule la peau.Contenance : 10ml\u00a0","og_url":"https:\/\/prixgro.com\/ar\/product\/huile-detoxifiante-carbon-star-10ml-pai\/","og_site_name":"Prixgro","article_publisher":"https:\/\/www.facebook.com\/Pharmacima","article_modified_time":"2024-08-08T19:43:37+00:00","og_image":[{"width":500,"height":500,"url":"https:\/\/prixgro.com\/wp-content\/uploads\/2023\/09\/Packshot_Carbon_Star_10_ml_PAI_2b69007b-542b-4369-847e-8160cc5c3598_700x-e1678202560676.jpg","type":"image\/jpeg"}],"twitter_card":"summary_large_image","twitter_misc":{"\u0648\u0642\u062a \u0627\u0644\u0642\u0631\u0627\u0621\u0629 \u0627\u0644\u0645\u064f\u0642\u062f\u0651\u0631":"\u062f\u0642\u064a\u0642\u0629 \u0648\u0627\u062d\u062f\u0629"},"schema":{"@context":"https:\/\/schema.org","@graph":[{"@type":"WebPage","@id":"https:\/\/prixgro.com\/product\/huile-detoxifiante-carbon-star-10ml-pai\/","url":"https:\/\/prixgro.com\/product\/huile-detoxifiante-carbon-star-10ml-pai\/","name":"Huile D\u00e9toxifiante Carbon Star 10ml Pai - Prixgro","isPartOf":{"@id":"https:\/\/prixgro.com\/#website"},"primaryImageOfPage":{"@id":"https:\/\/prixgro.com\/product\/huile-detoxifiante-carbon-star-10ml-pai\/#primaryimage"},"image":{"@id":"https:\/\/prixgro.com\/product\/huile-detoxifiante-carbon-star-10ml-pai\/#primaryimage"},"thumbnailUrl":"https:\/\/prixgro.com\/wp-content\/uploads\/2023\/09\/Packshot_Carbon_Star_10_ml_PAI_2b69007b-542b-4369-847e-8160cc5c3598_700x-e1678202560676.jpg","datePublished":"2024-04-09T12:31:19+00:00","dateModified":"2024-08-08T19:43:37+00:00","breadcrumb":{"@id":"https:\/\/prixgro.com\/product\/huile-detoxifiante-carbon-star-10ml-pai\/#breadcrumb"},"inLanguage":"ar","potentialAction":[{"@type":"ReadAction","target":["https:\/\/prixgro.com\/product\/huile-detoxifiante-carbon-star-10ml-pai\/"]}]},{"@type":"ImageObject","inLanguage":"ar","@id":"https:\/\/prixgro.com\/product\/huile-detoxifiante-carbon-star-10ml-pai\/#primaryimage","url":"https:\/\/prixgro.com\/wp-content\/uploads\/2023\/09\/Packshot_Carbon_Star_10_ml_PAI_2b69007b-542b-4369-847e-8160cc5c3598_700x-e1678202560676.jpg","contentUrl":"https:\/\/prixgro.com\/wp-content\/uploads\/2023\/09\/Packshot_Carbon_Star_10_ml_PAI_2b69007b-542b-4369-847e-8160cc5c3598_700x-e1678202560676.jpg","width":500,"height":500},{"@type":"BreadcrumbList","@id":"https:\/\/prixgro.com\/product\/huile-detoxifiante-carbon-star-10ml-pai\/#breadcrumb","itemListElement":[{"@type":"ListItem","position":1,"name":"Accueil","item":"https:\/\/prixgro.com\/"},{"@type":"ListItem","position":2,"name":"Boutique en ligne","item":"https:\/\/prixgro.com\/shop\/"},{"@type":"ListItem","position":3,"name":"Huile D\u00e9toxifiante Carbon Star 10ml Pai"}]},{"@type":"WebSite","@id":"https:\/\/prixgro.com\/#website","url":"https:\/\/prixgro.com\/","name":"Prixgro.com","description":"Para Pharmaceutique et Cosm\u00e9tique","publisher":{"@id":"https:\/\/prixgro.com\/#organization"},"potentialAction":[{"@type":"SearchAction","target":{"@type":"EntryPoint","urlTemplate":"https:\/\/prixgro.com\/?s={search_term_string}"},"query-input":{"@type":"PropertyValueSpecification","valueRequired":true,"valueName":"search_term_string"}}],"inLanguage":"ar"},{"@type":"Organization","@id":"https:\/\/prixgro.com\/#organization","name":"Prixgro","url":"https:\/\/prixgro.com\/","logo":{"@type":"ImageObject","inLanguage":"ar","@id":"https:\/\/prixgro.com\/#\/schema\/logo\/image\/","url":"https:\/\/prixgro.com\/wp-content\/uploads\/2024\/08\/cropped-Nouveau-projet-2.png","contentUrl":"https:\/\/prixgro.com\/wp-content\/uploads\/2024\/08\/cropped-Nouveau-projet-2.png","width":265,"height":62,"caption":"Prixgro"},"image":{"@id":"https:\/\/prixgro.com\/#\/schema\/logo\/image\/"},"sameAs":["https:\/\/www.facebook.com\/Pharmacima"]}]}},"_links":{"self":[{"href":"https:\/\/prixgro.com\/ar\/wp-json\/wp\/v2\/product\/142141","targetHints":{"allow":["GET"]}}],"collection":[{"href":"https:\/\/prixgro.com\/ar\/wp-json\/wp\/v2\/product"}],"about":[{"href":"https:\/\/prixgro.com\/ar\/wp-json\/wp\/v2\/types\/product"}],"replies":[{"embeddable":true,"href":"https:\/\/prixgro.com\/ar\/wp-json\/wp\/v2\/comments?post=142141"}],"wp:featuredmedia":[{"embeddable":true,"href":"https:\/\/prixgro.com\/ar\/wp-json\/wp\/v2\/media\/3804"}],"wp:attachment":[{"href":"https:\/\/prixgro.com\/ar\/wp-json\/wp\/v2\/media?parent=142141"}],"wp:term":[{"taxonomy":"product_cat","embeddable":true,"href":"https:\/\/prixgro.com\/ar\/wp-json\/wp\/v2\/product_cat?post=142141"},{"taxonomy":"product_tag","embeddable":true,"href":"https:\/\/prixgro.com\/ar\/wp-json\/wp\/v2\/product_tag?post=142141"},{"taxonomy":"berocket_brand","embeddable":true,"href":"https:\/\/prixgro.com\/ar\/wp-json\/wp\/v2\/berocket_brand?post=142141"}],"curies":[{"name":"wp","href":"https:\/\/api.w.org\/{rel}","templated":true}]}}