{"id":142150,"date":"2024-04-09T14:31:27","date_gmt":"2024-04-09T12:31:27","guid":{"rendered":"https:\/\/cloodmanager.net\/?post_type=product&#038;p=142150"},"modified":"2024-08-08T21:13:04","modified_gmt":"2024-08-08T19:13:04","slug":"mascara-extra-volume-et-longue-tenue-nocibe","status":"publish","type":"product","link":"https:\/\/prixgro.com\/ar\/product\/mascara-extra-volume-et-longue-tenue-nocibe\/","title":{"rendered":"Mascara Extra Volume et Longue Tenue Nocib\u00e9"},"content":{"rendered":"<h2><strong>DESCRIPTION :\u00a0<\/strong><\/h2>\n<p>Dites OUI \u00e0 notre mascara extra volume et longue tenue 36h ! D\u00e9couvrez comment la formule clean \u00e0 99% d\u2019ingr\u00e9dients d\u2019origine naturelle de notre mascara est tout simplement synonyme de performance.<\/p>\n<p>Sa formule permet de superposer les couches de mascara pour obtenir un volume extr\u00eame. Cette formule soin \u00e0 base de cires gaine vos cils et les renforce tout au long de la journ\u00e9e.<\/p>\n<p>Sa brosse tout-en-un, en plastique ultra fin, s\u2019accorde parfaitement \u00e0 cette formule aux ingr\u00e9dients naturels et offre \u00e0 vos cils longueur et d\u00e9finition : elle capte jusqu\u2019aux plus petits cils pour un regard spectaculaire.<\/p>\n<p>Dites OUI \u00e0 la performance avec notre nouveau mascara Oh ! Yes Lashes.<\/p>\n<h3 class=\"prdct__details-title\"><strong>B\u00e9n\u00e9fice produit<\/strong><\/h3>\n<p>Volume spectaculaire<br \/>\nLongue tenue 36h<br \/>\nFormule clean longueur et d\u00e9finition<br \/>\n99% d\u2019ingr\u00e9dients d\u2019origine naturelle<\/p>\n<h2><strong>CONSEIL D&#8217;UTILISATION :\u00a0<\/strong><\/h2>\n<div class=\"prdct__content go-back\">\n<div id=\"prdct-details\" class=\"prdct__details\">\n<div class=\"prdct__details-wrap\">\n<div id=\"conseils\" class=\"prdct__details-content\">\n<p>Commencez par appliquer de la racine des cils jusqu\u2019aux pointes, et d\u2019un bord \u00e0 l\u2019autre de la frange de cils, pour un maximum de volume et de longueur. Superposez les couches de mascara pour obtenir volume extr\u00eame, d\u00e9finition et maquiller tous les cils. Pour un regard spectaculaire, appliquez sur les cils sup\u00e9rieurs et inf\u00e9rieurs..<\/p>\n<\/div>\n<\/div>\n<\/div>\n<\/div>\n<div class=\"prdct__curalate\" data-crl8-container-id=\"product\" data-crl8-filter=\"productId:248814\">\n<div id=\"crl8-product-carousel\">\n<div>\n<div>\n<div class=\"sc-16tt03d-0 bwjkag\" aria-hidden=\"false\">\n<div class=\"sc-102xyuw-0 diSajJ\">\n<h2 class=\"sc-102xyuw-1 ddjxFd\"><strong>COMPOSITION :\u00a0<\/strong><\/h2>\n<div class=\"prdct__content go-back\">\n<div id=\"prdct-details\" class=\"prdct__details\">\n<div class=\"prdct__details-wrap\">\n<div id=\"ingredients\" class=\"prdct__details-content\">\n<p>AQUA, CANDELILLA CERA, BUTYROSPERMUM PARKII BUTTER, POLYGLYCERYL-6 DISTEARATE, DIMER DILINOLEYL DIMER DILINOLEATE, COPERNICIA CERIFERA WAX, GLYCERIN, POLYGLYCERYL-10 MYRISTATE, CETYL ALCOHOL, GLYCERYL CAPRYLATE, LEUCONOSTOC\/RADISH ROOT FERMENT FILTRATE, XANTHAN GUM, ARGININE, PHENETHYL ALCOHOL, CI 77499.<\/p>\n<\/div>\n<\/div>\n<\/div>\n<\/div>\n<div class=\"prdct__curalate\" data-crl8-container-id=\"product\" data-crl8-filter=\"productId:248814\">\n<div id=\"crl8-product-carousel\">\n<div>\n<div>\n<div class=\"sc-16tt03d-0 bwjkag\" aria-hidden=\"false\">\n<div class=\"sc-102xyuw-0 diSajJ\">\n<div class=\"sc-102xyuw-1 ddjxFd\"><\/div>\n<\/div>\n<\/div>\n<\/div>\n<\/div>\n<\/div>\n<\/div>\n<\/div>\n<\/div>\n<\/div>\n<\/div>\n<\/div>\n<\/div>","protected":false},"excerpt":{"rendered":"<h3><span style=\"color: #ff99cc;\"><em><strong>Volume spectaculaire,Longue tenue 36h.<\/strong><\/em><\/span><\/h3>\n<p><strong>Noir &#8211; 7,5ml<\/strong><\/p>","protected":false},"featured_media":3833,"comment_status":"open","ping_status":"closed","template":"","meta":[],"product_cat":[429,433],"product_tag":[],"berocket_brand":[722],"class_list":{"0":"post-142150","1":"product","2":"type-product","3":"status-publish","4":"has-post-thumbnail","6":"product_cat-maquillage","7":"product_cat-yeux-maquillage","8":"berocket_brand-nocibe","10":"first","11":"outofstock","12":"shipping-taxable","13":"purchasable","14":"product-type-simple"},"yoast_head":"<!-- This site is optimized with the Yoast SEO plugin v24.8 - https:\/\/yoast.com\/wordpress\/plugins\/seo\/ -->\n<title>Mascara Extra Volume et Longue Tenue Nocib\u00e9 - Prixgro<\/title>\n<meta name=\"description\" content=\"Dites OUI \u00e0 notre mascara extra volume et longue tenue 36h ! D\u00e9couvrez comment la formule clean \u00e0 99% d\u2019ingr\u00e9dients d\u2019origine naturelle\" \/>\n<meta name=\"robots\" content=\"index, follow, max-snippet:-1, max-image-preview:large, max-video-preview:-1\" \/>\n<link rel=\"canonical\" href=\"https:\/\/prixgro.com\/ar\/product\/mascara-extra-volume-et-longue-tenue-nocibe\/\" \/>\n<meta property=\"og:locale\" content=\"ar_AR\" \/>\n<meta property=\"og:type\" content=\"article\" \/>\n<meta property=\"og:title\" content=\"Mascara Extra Volume et Longue Tenue Nocib\u00e9 - Prixgro\" \/>\n<meta property=\"og:description\" content=\"Dites OUI \u00e0 notre mascara extra volume et longue tenue 36h ! D\u00e9couvrez comment la formule clean \u00e0 99% d\u2019ingr\u00e9dients d\u2019origine naturelle\" \/>\n<meta property=\"og:url\" content=\"https:\/\/prixgro.com\/ar\/product\/mascara-extra-volume-et-longue-tenue-nocibe\/\" \/>\n<meta property=\"og:site_name\" content=\"Prixgro\" \/>\n<meta property=\"article:publisher\" content=\"https:\/\/www.facebook.com\/Pharmacima\" \/>\n<meta property=\"article:modified_time\" content=\"2024-08-08T19:13:04+00:00\" \/>\n<meta property=\"og:image\" content=\"https:\/\/prixgro.com\/wp-content\/uploads\/2023\/09\/248814-nocibe-oh-yes-lashes-mascara-extra-volume-et-longue-tenue-36h-noir-7-5ml-1000x1000-1-scaled-e1678280670567.jpg\" \/>\n\t<meta property=\"og:image:width\" content=\"500\" \/>\n\t<meta property=\"og:image:height\" content=\"500\" \/>\n\t<meta property=\"og:image:type\" content=\"image\/jpeg\" \/>\n<meta name=\"twitter:card\" content=\"summary_large_image\" \/>\n<meta name=\"twitter:label1\" content=\"\u0648\u0642\u062a \u0627\u0644\u0642\u0631\u0627\u0621\u0629 \u0627\u0644\u0645\u064f\u0642\u062f\u0651\u0631\" \/>\n\t<meta name=\"twitter:data1\" content=\"\u062f\u0642\u064a\u0642\u062a\u0627\u0646\" \/>\n<script type=\"application\/ld+json\" class=\"yoast-schema-graph\">{\"@context\":\"https:\/\/schema.org\",\"@graph\":[{\"@type\":\"WebPage\",\"@id\":\"https:\/\/prixgro.com\/product\/mascara-extra-volume-et-longue-tenue-nocibe\/\",\"url\":\"https:\/\/prixgro.com\/product\/mascara-extra-volume-et-longue-tenue-nocibe\/\",\"name\":\"Mascara Extra Volume et Longue Tenue Nocib\u00e9 - Prixgro\",\"isPartOf\":{\"@id\":\"https:\/\/prixgro.com\/#website\"},\"primaryImageOfPage\":{\"@id\":\"https:\/\/prixgro.com\/product\/mascara-extra-volume-et-longue-tenue-nocibe\/#primaryimage\"},\"image\":{\"@id\":\"https:\/\/prixgro.com\/product\/mascara-extra-volume-et-longue-tenue-nocibe\/#primaryimage\"},\"thumbnailUrl\":\"https:\/\/prixgro.com\/wp-content\/uploads\/2023\/09\/248814-nocibe-oh-yes-lashes-mascara-extra-volume-et-longue-tenue-36h-noir-7-5ml-1000x1000-1-scaled-e1678280670567.jpg\",\"datePublished\":\"2024-04-09T12:31:27+00:00\",\"dateModified\":\"2024-08-08T19:13:04+00:00\",\"description\":\"Dites OUI \u00e0 notre mascara extra volume et longue tenue 36h ! D\u00e9couvrez comment la formule clean \u00e0 99% d\u2019ingr\u00e9dients d\u2019origine naturelle\",\"breadcrumb\":{\"@id\":\"https:\/\/prixgro.com\/product\/mascara-extra-volume-et-longue-tenue-nocibe\/#breadcrumb\"},\"inLanguage\":\"ar\",\"potentialAction\":[{\"@type\":\"ReadAction\",\"target\":[\"https:\/\/prixgro.com\/product\/mascara-extra-volume-et-longue-tenue-nocibe\/\"]}]},{\"@type\":\"ImageObject\",\"inLanguage\":\"ar\",\"@id\":\"https:\/\/prixgro.com\/product\/mascara-extra-volume-et-longue-tenue-nocibe\/#primaryimage\",\"url\":\"https:\/\/prixgro.com\/wp-content\/uploads\/2023\/09\/248814-nocibe-oh-yes-lashes-mascara-extra-volume-et-longue-tenue-36h-noir-7-5ml-1000x1000-1-scaled-e1678280670567.jpg\",\"contentUrl\":\"https:\/\/prixgro.com\/wp-content\/uploads\/2023\/09\/248814-nocibe-oh-yes-lashes-mascara-extra-volume-et-longue-tenue-36h-noir-7-5ml-1000x1000-1-scaled-e1678280670567.jpg\",\"width\":500,\"height\":500},{\"@type\":\"BreadcrumbList\",\"@id\":\"https:\/\/prixgro.com\/product\/mascara-extra-volume-et-longue-tenue-nocibe\/#breadcrumb\",\"itemListElement\":[{\"@type\":\"ListItem\",\"position\":1,\"name\":\"Accueil\",\"item\":\"https:\/\/prixgro.com\/\"},{\"@type\":\"ListItem\",\"position\":2,\"name\":\"Boutique en ligne\",\"item\":\"https:\/\/prixgro.com\/shop\/\"},{\"@type\":\"ListItem\",\"position\":3,\"name\":\"Mascara Extra Volume et Longue Tenue Nocib\u00e9\"}]},{\"@type\":\"WebSite\",\"@id\":\"https:\/\/prixgro.com\/#website\",\"url\":\"https:\/\/prixgro.com\/\",\"name\":\"Prixgro.com\",\"description\":\"Para Pharmaceutique et Cosm\u00e9tique\",\"publisher\":{\"@id\":\"https:\/\/prixgro.com\/#organization\"},\"potentialAction\":[{\"@type\":\"SearchAction\",\"target\":{\"@type\":\"EntryPoint\",\"urlTemplate\":\"https:\/\/prixgro.com\/?s={search_term_string}\"},\"query-input\":{\"@type\":\"PropertyValueSpecification\",\"valueRequired\":true,\"valueName\":\"search_term_string\"}}],\"inLanguage\":\"ar\"},{\"@type\":\"Organization\",\"@id\":\"https:\/\/prixgro.com\/#organization\",\"name\":\"Prixgro\",\"url\":\"https:\/\/prixgro.com\/\",\"logo\":{\"@type\":\"ImageObject\",\"inLanguage\":\"ar\",\"@id\":\"https:\/\/prixgro.com\/#\/schema\/logo\/image\/\",\"url\":\"https:\/\/prixgro.com\/wp-content\/uploads\/2024\/08\/cropped-Nouveau-projet-2.png\",\"contentUrl\":\"https:\/\/prixgro.com\/wp-content\/uploads\/2024\/08\/cropped-Nouveau-projet-2.png\",\"width\":265,\"height\":62,\"caption\":\"Prixgro\"},\"image\":{\"@id\":\"https:\/\/prixgro.com\/#\/schema\/logo\/image\/\"},\"sameAs\":[\"https:\/\/www.facebook.com\/Pharmacima\"]}]}<\/script>\n<!-- \/ Yoast SEO plugin. -->","yoast_head_json":{"title":"Mascara Extra Volume et Longue Tenue Nocib\u00e9 - Prixgro","description":"Dites OUI \u00e0 notre mascara extra volume et longue tenue 36h ! D\u00e9couvrez comment la formule clean \u00e0 99% d\u2019ingr\u00e9dients d\u2019origine naturelle","robots":{"index":"index","follow":"follow","max-snippet":"max-snippet:-1","max-image-preview":"max-image-preview:large","max-video-preview":"max-video-preview:-1"},"canonical":"https:\/\/prixgro.com\/ar\/product\/mascara-extra-volume-et-longue-tenue-nocibe\/","og_locale":"ar_AR","og_type":"article","og_title":"Mascara Extra Volume et Longue Tenue Nocib\u00e9 - Prixgro","og_description":"Dites OUI \u00e0 notre mascara extra volume et longue tenue 36h ! D\u00e9couvrez comment la formule clean \u00e0 99% d\u2019ingr\u00e9dients d\u2019origine naturelle","og_url":"https:\/\/prixgro.com\/ar\/product\/mascara-extra-volume-et-longue-tenue-nocibe\/","og_site_name":"Prixgro","article_publisher":"https:\/\/www.facebook.com\/Pharmacima","article_modified_time":"2024-08-08T19:13:04+00:00","og_image":[{"width":500,"height":500,"url":"https:\/\/prixgro.com\/wp-content\/uploads\/2023\/09\/248814-nocibe-oh-yes-lashes-mascara-extra-volume-et-longue-tenue-36h-noir-7-5ml-1000x1000-1-scaled-e1678280670567.jpg","type":"image\/jpeg"}],"twitter_card":"summary_large_image","twitter_misc":{"\u0648\u0642\u062a \u0627\u0644\u0642\u0631\u0627\u0621\u0629 \u0627\u0644\u0645\u064f\u0642\u062f\u0651\u0631":"\u062f\u0642\u064a\u0642\u062a\u0627\u0646"},"schema":{"@context":"https:\/\/schema.org","@graph":[{"@type":"WebPage","@id":"https:\/\/prixgro.com\/product\/mascara-extra-volume-et-longue-tenue-nocibe\/","url":"https:\/\/prixgro.com\/product\/mascara-extra-volume-et-longue-tenue-nocibe\/","name":"Mascara Extra Volume et Longue Tenue Nocib\u00e9 - Prixgro","isPartOf":{"@id":"https:\/\/prixgro.com\/#website"},"primaryImageOfPage":{"@id":"https:\/\/prixgro.com\/product\/mascara-extra-volume-et-longue-tenue-nocibe\/#primaryimage"},"image":{"@id":"https:\/\/prixgro.com\/product\/mascara-extra-volume-et-longue-tenue-nocibe\/#primaryimage"},"thumbnailUrl":"https:\/\/prixgro.com\/wp-content\/uploads\/2023\/09\/248814-nocibe-oh-yes-lashes-mascara-extra-volume-et-longue-tenue-36h-noir-7-5ml-1000x1000-1-scaled-e1678280670567.jpg","datePublished":"2024-04-09T12:31:27+00:00","dateModified":"2024-08-08T19:13:04+00:00","description":"Dites OUI \u00e0 notre mascara extra volume et longue tenue 36h ! D\u00e9couvrez comment la formule clean \u00e0 99% d\u2019ingr\u00e9dients d\u2019origine naturelle","breadcrumb":{"@id":"https:\/\/prixgro.com\/product\/mascara-extra-volume-et-longue-tenue-nocibe\/#breadcrumb"},"inLanguage":"ar","potentialAction":[{"@type":"ReadAction","target":["https:\/\/prixgro.com\/product\/mascara-extra-volume-et-longue-tenue-nocibe\/"]}]},{"@type":"ImageObject","inLanguage":"ar","@id":"https:\/\/prixgro.com\/product\/mascara-extra-volume-et-longue-tenue-nocibe\/#primaryimage","url":"https:\/\/prixgro.com\/wp-content\/uploads\/2023\/09\/248814-nocibe-oh-yes-lashes-mascara-extra-volume-et-longue-tenue-36h-noir-7-5ml-1000x1000-1-scaled-e1678280670567.jpg","contentUrl":"https:\/\/prixgro.com\/wp-content\/uploads\/2023\/09\/248814-nocibe-oh-yes-lashes-mascara-extra-volume-et-longue-tenue-36h-noir-7-5ml-1000x1000-1-scaled-e1678280670567.jpg","width":500,"height":500},{"@type":"BreadcrumbList","@id":"https:\/\/prixgro.com\/product\/mascara-extra-volume-et-longue-tenue-nocibe\/#breadcrumb","itemListElement":[{"@type":"ListItem","position":1,"name":"Accueil","item":"https:\/\/prixgro.com\/"},{"@type":"ListItem","position":2,"name":"Boutique en ligne","item":"https:\/\/prixgro.com\/shop\/"},{"@type":"ListItem","position":3,"name":"Mascara Extra Volume et Longue Tenue Nocib\u00e9"}]},{"@type":"WebSite","@id":"https:\/\/prixgro.com\/#website","url":"https:\/\/prixgro.com\/","name":"Prixgro.com","description":"Para Pharmaceutique et Cosm\u00e9tique","publisher":{"@id":"https:\/\/prixgro.com\/#organization"},"potentialAction":[{"@type":"SearchAction","target":{"@type":"EntryPoint","urlTemplate":"https:\/\/prixgro.com\/?s={search_term_string}"},"query-input":{"@type":"PropertyValueSpecification","valueRequired":true,"valueName":"search_term_string"}}],"inLanguage":"ar"},{"@type":"Organization","@id":"https:\/\/prixgro.com\/#organization","name":"Prixgro","url":"https:\/\/prixgro.com\/","logo":{"@type":"ImageObject","inLanguage":"ar","@id":"https:\/\/prixgro.com\/#\/schema\/logo\/image\/","url":"https:\/\/prixgro.com\/wp-content\/uploads\/2024\/08\/cropped-Nouveau-projet-2.png","contentUrl":"https:\/\/prixgro.com\/wp-content\/uploads\/2024\/08\/cropped-Nouveau-projet-2.png","width":265,"height":62,"caption":"Prixgro"},"image":{"@id":"https:\/\/prixgro.com\/#\/schema\/logo\/image\/"},"sameAs":["https:\/\/www.facebook.com\/Pharmacima"]}]}},"_links":{"self":[{"href":"https:\/\/prixgro.com\/ar\/wp-json\/wp\/v2\/product\/142150","targetHints":{"allow":["GET"]}}],"collection":[{"href":"https:\/\/prixgro.com\/ar\/wp-json\/wp\/v2\/product"}],"about":[{"href":"https:\/\/prixgro.com\/ar\/wp-json\/wp\/v2\/types\/product"}],"replies":[{"embeddable":true,"href":"https:\/\/prixgro.com\/ar\/wp-json\/wp\/v2\/comments?post=142150"}],"wp:featuredmedia":[{"embeddable":true,"href":"https:\/\/prixgro.com\/ar\/wp-json\/wp\/v2\/media\/3833"}],"wp:attachment":[{"href":"https:\/\/prixgro.com\/ar\/wp-json\/wp\/v2\/media?parent=142150"}],"wp:term":[{"taxonomy":"product_cat","embeddable":true,"href":"https:\/\/prixgro.com\/ar\/wp-json\/wp\/v2\/product_cat?post=142150"},{"taxonomy":"product_tag","embeddable":true,"href":"https:\/\/prixgro.com\/ar\/wp-json\/wp\/v2\/product_tag?post=142150"},{"taxonomy":"berocket_brand","embeddable":true,"href":"https:\/\/prixgro.com\/ar\/wp-json\/wp\/v2\/berocket_brand?post=142150"}],"curies":[{"name":"wp","href":"https:\/\/api.w.org\/{rel}","templated":true}]}}