{"id":142155,"date":"2024-04-09T14:31:28","date_gmt":"2024-04-09T12:31:28","guid":{"rendered":"https:\/\/cloodmanager.net\/?post_type=product&#038;p=142155"},"modified":"2024-08-08T20:56:10","modified_gmt":"2024-08-08T18:56:10","slug":"apres-shampooing-pousse-200ml-luxeol","status":"publish","type":"product","link":"https:\/\/prixgro.com\/ar\/product\/apres-shampooing-pousse-200ml-luxeol\/","title":{"rendered":"Apr\u00e8s Shampooing Pousse 200ml Luxeol"},"content":{"rendered":"<h2><strong>DESCRIPTION :<\/strong><\/h2>\n<p>L\u2019apr\u00e8s-shampooing pousse, \u00e0 la texture agr\u00e9able, augmente la densit\u00e9 de vos cheveux avec +7076 cheveux en phase croissance*. Ce v\u00e9ritable soin rend vos cheveux visiblement plus r\u00e9sistants et plus doux.<\/p>\n<p>Cet apr\u00e8s-shampooing aide vos cheveux \u00e0 pousser en meilleure sant\u00e9.<\/p>\n<ul>\n<li>R\u00e9active +7076 cheveux en phase de croissance*<\/li>\n<li>Apporte force &amp; densit\u00e9*<\/li>\n<\/ul>\n<h2><strong>CONSEIL D&#8217;UTILISATION :<\/strong><\/h2>\n<p>Appliquer 3 fois par semaine apr\u00e8s le shampooing sur cheveux rinc\u00e9s et essor\u00e9s. R\u00e9partir du cuir chevelu jusqu\u2019aux pointes par massage d\u00e9licat. Laisser agir 5 minutes avant de rincer abondamment.<\/p>\n<h2><strong>COMPOSITION :<\/strong><\/h2>\n<p>Aqua, Glycerin, Gluconolactone, Dehydroxanthan Gum, Biosaccharide Gum-1, Biotin, Glyceryl Caprylate, Lauroyl Lysine, Levulinic Acid, P-Anisic Acid, Potassium Chloride, Potassium Glutathione Isomerized Linoleate, Sodium Anisate, Sodium DNA, Sodium Lactate, Sodium Levulinate, Starch Hydroxypropyltrimonium Chloride, Syringa Vulgaris Leaf Cell Extract, Urea, Anhydroxylitol, Calcium Gluconate, Xylitol, Xylitylglucoside, Hydroxypropyl Guar, Hydroxypropyl Guar Hydroxypropyltrimonium Chloride, Sodium Chloride, Sodium Hydroxide, Parfum, Lactic Acid, Potassium Sorbate, Sodium Benzoate.<\/p>","protected":false},"excerpt":{"rendered":"<h3><span style=\"color: #339966\" data-mce-style=\"color: #339966;\"><em><strong>R\u00e9active +7076 cheveux en phase de croissance.<\/strong><\/em><\/span><\/h3>\n<p><strong>Contenance : 200ml\u00a0<\/strong><\/p>","protected":false},"featured_media":3841,"comment_status":"open","ping_status":"closed","template":"","meta":[],"product_cat":[126,17],"product_tag":[],"berocket_brand":[],"class_list":{"0":"post-142155","1":"product","2":"type-product","3":"status-publish","4":"has-post-thumbnail","6":"product_cat-cheveux","7":"product_cat-soin-et-bien-etre","9":"first","10":"outofstock","11":"shipping-taxable","12":"purchasable","13":"product-type-simple"},"yoast_head":"<!-- This site is optimized with the Yoast SEO plugin v24.8 - https:\/\/yoast.com\/wordpress\/plugins\/seo\/ -->\n<title>Apr\u00e8s Shampooing Pousse 200ml Luxeol - Prixgro<\/title>\n<meta name=\"robots\" content=\"index, follow, max-snippet:-1, max-image-preview:large, max-video-preview:-1\" \/>\n<link rel=\"canonical\" href=\"https:\/\/prixgro.com\/ar\/product\/apres-shampooing-pousse-200ml-luxeol\/\" \/>\n<meta property=\"og:locale\" content=\"ar_AR\" \/>\n<meta property=\"og:type\" content=\"article\" \/>\n<meta property=\"og:title\" content=\"Apr\u00e8s Shampooing Pousse 200ml Luxeol - Prixgro\" \/>\n<meta property=\"og:description\" content=\"R\u00e9active +7076 cheveux en phase de croissance.Contenance : 200ml\u00a0\" \/>\n<meta property=\"og:url\" content=\"https:\/\/prixgro.com\/ar\/product\/apres-shampooing-pousse-200ml-luxeol\/\" \/>\n<meta property=\"og:site_name\" content=\"Prixgro\" \/>\n<meta property=\"article:publisher\" content=\"https:\/\/www.facebook.com\/Pharmacima\" \/>\n<meta property=\"article:modified_time\" content=\"2024-08-08T18:56:10+00:00\" \/>\n<meta property=\"og:image\" content=\"https:\/\/prixgro.com\/wp-content\/uploads\/2023\/09\/Sans-titre-71.png\" \/>\n\t<meta property=\"og:image:width\" content=\"540\" \/>\n\t<meta property=\"og:image:height\" content=\"540\" \/>\n\t<meta property=\"og:image:type\" content=\"image\/png\" \/>\n<meta name=\"twitter:card\" content=\"summary_large_image\" \/>\n<meta name=\"twitter:label1\" content=\"\u0648\u0642\u062a \u0627\u0644\u0642\u0631\u0627\u0621\u0629 \u0627\u0644\u0645\u064f\u0642\u062f\u0651\u0631\" \/>\n\t<meta name=\"twitter:data1\" content=\"\u062f\u0642\u064a\u0642\u0629 \u0648\u0627\u062d\u062f\u0629\" \/>\n<script type=\"application\/ld+json\" class=\"yoast-schema-graph\">{\"@context\":\"https:\/\/schema.org\",\"@graph\":[{\"@type\":\"WebPage\",\"@id\":\"https:\/\/prixgro.com\/product\/apres-shampooing-pousse-200ml-luxeol\/\",\"url\":\"https:\/\/prixgro.com\/product\/apres-shampooing-pousse-200ml-luxeol\/\",\"name\":\"Apr\u00e8s Shampooing Pousse 200ml Luxeol - Prixgro\",\"isPartOf\":{\"@id\":\"https:\/\/prixgro.com\/#website\"},\"primaryImageOfPage\":{\"@id\":\"https:\/\/prixgro.com\/product\/apres-shampooing-pousse-200ml-luxeol\/#primaryimage\"},\"image\":{\"@id\":\"https:\/\/prixgro.com\/product\/apres-shampooing-pousse-200ml-luxeol\/#primaryimage\"},\"thumbnailUrl\":\"https:\/\/prixgro.com\/wp-content\/uploads\/2023\/09\/Sans-titre-71.png\",\"datePublished\":\"2024-04-09T12:31:28+00:00\",\"dateModified\":\"2024-08-08T18:56:10+00:00\",\"breadcrumb\":{\"@id\":\"https:\/\/prixgro.com\/product\/apres-shampooing-pousse-200ml-luxeol\/#breadcrumb\"},\"inLanguage\":\"ar\",\"potentialAction\":[{\"@type\":\"ReadAction\",\"target\":[\"https:\/\/prixgro.com\/product\/apres-shampooing-pousse-200ml-luxeol\/\"]}]},{\"@type\":\"ImageObject\",\"inLanguage\":\"ar\",\"@id\":\"https:\/\/prixgro.com\/product\/apres-shampooing-pousse-200ml-luxeol\/#primaryimage\",\"url\":\"https:\/\/prixgro.com\/wp-content\/uploads\/2023\/09\/Sans-titre-71.png\",\"contentUrl\":\"https:\/\/prixgro.com\/wp-content\/uploads\/2023\/09\/Sans-titre-71.png\",\"width\":540,\"height\":540},{\"@type\":\"BreadcrumbList\",\"@id\":\"https:\/\/prixgro.com\/product\/apres-shampooing-pousse-200ml-luxeol\/#breadcrumb\",\"itemListElement\":[{\"@type\":\"ListItem\",\"position\":1,\"name\":\"Accueil\",\"item\":\"https:\/\/prixgro.com\/\"},{\"@type\":\"ListItem\",\"position\":2,\"name\":\"Boutique en ligne\",\"item\":\"https:\/\/prixgro.com\/shop\/\"},{\"@type\":\"ListItem\",\"position\":3,\"name\":\"Apr\u00e8s Shampooing Pousse 200ml Luxeol\"}]},{\"@type\":\"WebSite\",\"@id\":\"https:\/\/prixgro.com\/#website\",\"url\":\"https:\/\/prixgro.com\/\",\"name\":\"Prixgro.com\",\"description\":\"Para Pharmaceutique et Cosm\u00e9tique\",\"publisher\":{\"@id\":\"https:\/\/prixgro.com\/#organization\"},\"potentialAction\":[{\"@type\":\"SearchAction\",\"target\":{\"@type\":\"EntryPoint\",\"urlTemplate\":\"https:\/\/prixgro.com\/?s={search_term_string}\"},\"query-input\":{\"@type\":\"PropertyValueSpecification\",\"valueRequired\":true,\"valueName\":\"search_term_string\"}}],\"inLanguage\":\"ar\"},{\"@type\":\"Organization\",\"@id\":\"https:\/\/prixgro.com\/#organization\",\"name\":\"Prixgro\",\"url\":\"https:\/\/prixgro.com\/\",\"logo\":{\"@type\":\"ImageObject\",\"inLanguage\":\"ar\",\"@id\":\"https:\/\/prixgro.com\/#\/schema\/logo\/image\/\",\"url\":\"https:\/\/prixgro.com\/wp-content\/uploads\/2024\/08\/cropped-Nouveau-projet-2.png\",\"contentUrl\":\"https:\/\/prixgro.com\/wp-content\/uploads\/2024\/08\/cropped-Nouveau-projet-2.png\",\"width\":265,\"height\":62,\"caption\":\"Prixgro\"},\"image\":{\"@id\":\"https:\/\/prixgro.com\/#\/schema\/logo\/image\/\"},\"sameAs\":[\"https:\/\/www.facebook.com\/Pharmacima\"]}]}<\/script>\n<!-- \/ Yoast SEO plugin. -->","yoast_head_json":{"title":"Apr\u00e8s Shampooing Pousse 200ml Luxeol - Prixgro","robots":{"index":"index","follow":"follow","max-snippet":"max-snippet:-1","max-image-preview":"max-image-preview:large","max-video-preview":"max-video-preview:-1"},"canonical":"https:\/\/prixgro.com\/ar\/product\/apres-shampooing-pousse-200ml-luxeol\/","og_locale":"ar_AR","og_type":"article","og_title":"Apr\u00e8s Shampooing Pousse 200ml Luxeol - Prixgro","og_description":"R\u00e9active +7076 cheveux en phase de croissance.Contenance : 200ml\u00a0","og_url":"https:\/\/prixgro.com\/ar\/product\/apres-shampooing-pousse-200ml-luxeol\/","og_site_name":"Prixgro","article_publisher":"https:\/\/www.facebook.com\/Pharmacima","article_modified_time":"2024-08-08T18:56:10+00:00","og_image":[{"width":540,"height":540,"url":"https:\/\/prixgro.com\/wp-content\/uploads\/2023\/09\/Sans-titre-71.png","type":"image\/png"}],"twitter_card":"summary_large_image","twitter_misc":{"\u0648\u0642\u062a \u0627\u0644\u0642\u0631\u0627\u0621\u0629 \u0627\u0644\u0645\u064f\u0642\u062f\u0651\u0631":"\u062f\u0642\u064a\u0642\u0629 \u0648\u0627\u062d\u062f\u0629"},"schema":{"@context":"https:\/\/schema.org","@graph":[{"@type":"WebPage","@id":"https:\/\/prixgro.com\/product\/apres-shampooing-pousse-200ml-luxeol\/","url":"https:\/\/prixgro.com\/product\/apres-shampooing-pousse-200ml-luxeol\/","name":"Apr\u00e8s Shampooing Pousse 200ml Luxeol - Prixgro","isPartOf":{"@id":"https:\/\/prixgro.com\/#website"},"primaryImageOfPage":{"@id":"https:\/\/prixgro.com\/product\/apres-shampooing-pousse-200ml-luxeol\/#primaryimage"},"image":{"@id":"https:\/\/prixgro.com\/product\/apres-shampooing-pousse-200ml-luxeol\/#primaryimage"},"thumbnailUrl":"https:\/\/prixgro.com\/wp-content\/uploads\/2023\/09\/Sans-titre-71.png","datePublished":"2024-04-09T12:31:28+00:00","dateModified":"2024-08-08T18:56:10+00:00","breadcrumb":{"@id":"https:\/\/prixgro.com\/product\/apres-shampooing-pousse-200ml-luxeol\/#breadcrumb"},"inLanguage":"ar","potentialAction":[{"@type":"ReadAction","target":["https:\/\/prixgro.com\/product\/apres-shampooing-pousse-200ml-luxeol\/"]}]},{"@type":"ImageObject","inLanguage":"ar","@id":"https:\/\/prixgro.com\/product\/apres-shampooing-pousse-200ml-luxeol\/#primaryimage","url":"https:\/\/prixgro.com\/wp-content\/uploads\/2023\/09\/Sans-titre-71.png","contentUrl":"https:\/\/prixgro.com\/wp-content\/uploads\/2023\/09\/Sans-titre-71.png","width":540,"height":540},{"@type":"BreadcrumbList","@id":"https:\/\/prixgro.com\/product\/apres-shampooing-pousse-200ml-luxeol\/#breadcrumb","itemListElement":[{"@type":"ListItem","position":1,"name":"Accueil","item":"https:\/\/prixgro.com\/"},{"@type":"ListItem","position":2,"name":"Boutique en ligne","item":"https:\/\/prixgro.com\/shop\/"},{"@type":"ListItem","position":3,"name":"Apr\u00e8s Shampooing Pousse 200ml Luxeol"}]},{"@type":"WebSite","@id":"https:\/\/prixgro.com\/#website","url":"https:\/\/prixgro.com\/","name":"Prixgro.com","description":"Para Pharmaceutique et Cosm\u00e9tique","publisher":{"@id":"https:\/\/prixgro.com\/#organization"},"potentialAction":[{"@type":"SearchAction","target":{"@type":"EntryPoint","urlTemplate":"https:\/\/prixgro.com\/?s={search_term_string}"},"query-input":{"@type":"PropertyValueSpecification","valueRequired":true,"valueName":"search_term_string"}}],"inLanguage":"ar"},{"@type":"Organization","@id":"https:\/\/prixgro.com\/#organization","name":"Prixgro","url":"https:\/\/prixgro.com\/","logo":{"@type":"ImageObject","inLanguage":"ar","@id":"https:\/\/prixgro.com\/#\/schema\/logo\/image\/","url":"https:\/\/prixgro.com\/wp-content\/uploads\/2024\/08\/cropped-Nouveau-projet-2.png","contentUrl":"https:\/\/prixgro.com\/wp-content\/uploads\/2024\/08\/cropped-Nouveau-projet-2.png","width":265,"height":62,"caption":"Prixgro"},"image":{"@id":"https:\/\/prixgro.com\/#\/schema\/logo\/image\/"},"sameAs":["https:\/\/www.facebook.com\/Pharmacima"]}]}},"_links":{"self":[{"href":"https:\/\/prixgro.com\/ar\/wp-json\/wp\/v2\/product\/142155","targetHints":{"allow":["GET"]}}],"collection":[{"href":"https:\/\/prixgro.com\/ar\/wp-json\/wp\/v2\/product"}],"about":[{"href":"https:\/\/prixgro.com\/ar\/wp-json\/wp\/v2\/types\/product"}],"replies":[{"embeddable":true,"href":"https:\/\/prixgro.com\/ar\/wp-json\/wp\/v2\/comments?post=142155"}],"wp:featuredmedia":[{"embeddable":true,"href":"https:\/\/prixgro.com\/ar\/wp-json\/wp\/v2\/media\/3841"}],"wp:attachment":[{"href":"https:\/\/prixgro.com\/ar\/wp-json\/wp\/v2\/media?parent=142155"}],"wp:term":[{"taxonomy":"product_cat","embeddable":true,"href":"https:\/\/prixgro.com\/ar\/wp-json\/wp\/v2\/product_cat?post=142155"},{"taxonomy":"product_tag","embeddable":true,"href":"https:\/\/prixgro.com\/ar\/wp-json\/wp\/v2\/product_tag?post=142155"},{"taxonomy":"berocket_brand","embeddable":true,"href":"https:\/\/prixgro.com\/ar\/wp-json\/wp\/v2\/berocket_brand?post=142155"}],"curies":[{"name":"wp","href":"https:\/\/api.w.org\/{rel}","templated":true}]}}