{"id":142166,"date":"2024-04-09T14:31:28","date_gmt":"2024-04-09T12:31:28","guid":{"rendered":"https:\/\/cloodmanager.net\/?post_type=product&#038;p=142166"},"modified":"2024-08-08T20:55:43","modified_gmt":"2024-08-08T18:55:43","slug":"mascara-exceptioneyes-01-nocibe","status":"publish","type":"product","link":"https:\/\/prixgro.com\/ar\/product\/mascara-exceptioneyes-01-nocibe\/","title":{"rendered":"Mascara Exception&#8217;eyes 01 Nocib\u00e9"},"content":{"rendered":"<h2><strong>DESCRIPTION :\u00a0<\/strong><\/h2>\n<p>Le Mascara 5 en 1 Exception&#8217;eyes vous fait un regard exceptionnel ! Le top des mascaras : du volume, des courbes, de l&#8217;intensit\u00e9, des cils longs et fournis et d\u00e9finis d\u00e8s la premi\u00e8re application. Effet faux cils garanti.<\/p>\n<p>Le Mascara Volume 5 en 1 Exception&#8217;eyes est dot\u00e9 d&#8217;une brosse 320\u00b0 exclusive qui augmente le volume cr\u00e9\u00e9 gr\u00e2ce \u00e0 sa forme et ses poils torsad\u00e9s. Vous pouvez maquiller jusqu&#8217;aux plus petits cils du bout de la brosse.<\/p>\n<p>Sa formule cr\u00e8me soyeuse et longue tenue permet une application sans effet paquets, structure parfaitement les cils, s\u00e8che rapidement et cr\u00e9e un volume et des courbes incroyables.<\/p>\n<p>Qu&#8217;est-ce qu&#8217;il fait pour vous ? Association incroyable d&#8217;une brosse moul\u00e9e et torsad\u00e9e, le Mascara Volume Exception&#8217;Eyes est deux fois plus performant ! Sa formule cr\u00e8me d&#8217;une incroyable souplesse habille parfaitement les cils d&#8217;une couleur intense.<\/p>\n<p>Vos yeux prennent une nouvelle dimension, vos cils sont imm\u00e9diatement \u00e9paissis, allong\u00e9s et id\u00e9alement s\u00e9par\u00e9s pour un effet 3D ultra glamour. C&#8217;est pour qui ? Celles qui veulent des cils exceptionnels de beaut\u00e9 !<\/p>\n<h2><strong>CONSEIL D&#8217;UTILISATION :<\/strong><\/h2>\n<p>Application et utilisation : on vous dit tout ! Avant de vous maquiller, \u00f4tez l&#8217;exc\u00e9dent de produit de la brosse. Brosse \u00e0 l&#8217;horizontale, appliquez le mascara sur vos cils sup\u00e9rieurs : placez la brosse \u00e0 la racine des cils, effectuez une rotation et faites-la glisser d\u00e9licatement vers le haut et l&#8217;ext\u00e9rieur.<\/p>\n<p>Pour plus de volume, effectuez des mouvements en zig zag. Pour des yeux de biche, insistez sur les cils au coin ext\u00e9rieur de l&#8217;oeil. Pour un regard agrandi : appliquez le mascara sur les cils inf\u00e9rieurs, de la pointe de la brosse.<\/p>\n<h2><strong>COMPOSITION :<\/strong><\/h2>\n<div class=\"prdct__content go-back\">\n<div id=\"prdct-details\" class=\"prdct__details\">\n<div class=\"prdct__details-wrap\">\n<div id=\"ingredients\" class=\"prdct__details-content\">\n<p>Qu&#8217;y a-t-il dedans ? Isododecane, Cera Alba, Hydrogenated Polycyclopentadiene, Bis-Diglyceryl Polyacyladipate-2, Triacontanyl PVP, Trimethylsiloxysilicate, Polybutene, Disteardimonium Hectorite, Glyceryl Dibehenate, Tribehenin, Propylene Carbonate, Glyceryl Behenate, Lecithin, Tocopherol, Ascorbyl Palmitate, Citric Acid, CI 77499.<\/p>\n<\/div>\n<\/div>\n<\/div>\n<\/div>\n<div class=\"prdct__curalate\" data-crl8-container-id=\"product\" data-crl8-filter=\"productId:275492\">\n<div id=\"crl8-product-carousel\">\n<div>\n<div>\n<div class=\"sc-16tt03d-0 bwjkag\" aria-hidden=\"false\">\n<div class=\"sc-2ky50q-0 eCzXLU\">\n<div><\/div>\n<\/div>\n<\/div>\n<\/div>\n<\/div>\n<\/div>\n<\/div>","protected":false},"excerpt":{"rendered":"<h3><em><strong>Le Mascara 5 en 1 Exception&#8217;eyes 001\u00a0 vous fait un regard exceptionnel.<\/strong><\/em><\/h3>\n<p><em><strong>Contenance : 9g<\/strong><\/em><\/p>","protected":false},"featured_media":3876,"comment_status":"open","ping_status":"closed","template":"","meta":[],"product_cat":[429,433],"product_tag":[],"berocket_brand":[722],"class_list":{"0":"post-142166","1":"product","2":"type-product","3":"status-publish","4":"has-post-thumbnail","6":"product_cat-maquillage","7":"product_cat-yeux-maquillage","8":"berocket_brand-nocibe","10":"first","11":"outofstock","12":"shipping-taxable","13":"purchasable","14":"product-type-simple"},"yoast_head":"<!-- This site is optimized with the Yoast SEO plugin v24.8 - https:\/\/yoast.com\/wordpress\/plugins\/seo\/ -->\n<title>Mascara Exception&#039;eyes 01 Nocib\u00e9 - Prixgro<\/title>\n<meta name=\"description\" content=\"Le Mascara 5 en 1 Exception&#039;eyes vous fait un regard exceptionnel ! Le top des mascaras : du volume, des courbes, de l&#039;intensit\u00e9, des cils longs et fournis\" \/>\n<meta name=\"robots\" content=\"index, follow, max-snippet:-1, max-image-preview:large, max-video-preview:-1\" \/>\n<link rel=\"canonical\" href=\"https:\/\/prixgro.com\/ar\/product\/mascara-exceptioneyes-01-nocibe\/\" \/>\n<meta property=\"og:locale\" content=\"ar_AR\" \/>\n<meta property=\"og:type\" content=\"article\" \/>\n<meta property=\"og:title\" content=\"Mascara Exception&#039;eyes 01 Nocib\u00e9 - Prixgro\" \/>\n<meta property=\"og:description\" content=\"Le Mascara 5 en 1 Exception&#039;eyes vous fait un regard exceptionnel ! Le top des mascaras : du volume, des courbes, de l&#039;intensit\u00e9, des cils longs et fournis\" \/>\n<meta property=\"og:url\" content=\"https:\/\/prixgro.com\/ar\/product\/mascara-exceptioneyes-01-nocibe\/\" \/>\n<meta property=\"og:site_name\" content=\"Prixgro\" \/>\n<meta property=\"article:publisher\" content=\"https:\/\/www.facebook.com\/Pharmacima\" \/>\n<meta property=\"article:modified_time\" content=\"2024-08-08T18:55:43+00:00\" \/>\n<meta property=\"og:image\" content=\"https:\/\/prixgro.com\/wp-content\/uploads\/2023\/09\/Sans-titre-58.png\" \/>\n\t<meta property=\"og:image:width\" content=\"540\" \/>\n\t<meta property=\"og:image:height\" content=\"540\" \/>\n\t<meta property=\"og:image:type\" content=\"image\/png\" \/>\n<meta name=\"twitter:card\" content=\"summary_large_image\" \/>\n<meta name=\"twitter:label1\" content=\"\u0648\u0642\u062a \u0627\u0644\u0642\u0631\u0627\u0621\u0629 \u0627\u0644\u0645\u064f\u0642\u062f\u0651\u0631\" \/>\n\t<meta name=\"twitter:data1\" content=\"\u062f\u0642\u064a\u0642\u062a\u0627\u0646\" \/>\n<script type=\"application\/ld+json\" class=\"yoast-schema-graph\">{\"@context\":\"https:\/\/schema.org\",\"@graph\":[{\"@type\":\"WebPage\",\"@id\":\"https:\/\/prixgro.com\/product\/mascara-exceptioneyes-01-nocibe\/\",\"url\":\"https:\/\/prixgro.com\/product\/mascara-exceptioneyes-01-nocibe\/\",\"name\":\"Mascara Exception'eyes 01 Nocib\u00e9 - Prixgro\",\"isPartOf\":{\"@id\":\"https:\/\/prixgro.com\/#website\"},\"primaryImageOfPage\":{\"@id\":\"https:\/\/prixgro.com\/product\/mascara-exceptioneyes-01-nocibe\/#primaryimage\"},\"image\":{\"@id\":\"https:\/\/prixgro.com\/product\/mascara-exceptioneyes-01-nocibe\/#primaryimage\"},\"thumbnailUrl\":\"https:\/\/prixgro.com\/wp-content\/uploads\/2023\/09\/Sans-titre-58.png\",\"datePublished\":\"2024-04-09T12:31:28+00:00\",\"dateModified\":\"2024-08-08T18:55:43+00:00\",\"description\":\"Le Mascara 5 en 1 Exception'eyes vous fait un regard exceptionnel ! Le top des mascaras : du volume, des courbes, de l'intensit\u00e9, des cils longs et fournis\",\"breadcrumb\":{\"@id\":\"https:\/\/prixgro.com\/product\/mascara-exceptioneyes-01-nocibe\/#breadcrumb\"},\"inLanguage\":\"ar\",\"potentialAction\":[{\"@type\":\"ReadAction\",\"target\":[\"https:\/\/prixgro.com\/product\/mascara-exceptioneyes-01-nocibe\/\"]}]},{\"@type\":\"ImageObject\",\"inLanguage\":\"ar\",\"@id\":\"https:\/\/prixgro.com\/product\/mascara-exceptioneyes-01-nocibe\/#primaryimage\",\"url\":\"https:\/\/prixgro.com\/wp-content\/uploads\/2023\/09\/Sans-titre-58.png\",\"contentUrl\":\"https:\/\/prixgro.com\/wp-content\/uploads\/2023\/09\/Sans-titre-58.png\",\"width\":540,\"height\":540},{\"@type\":\"BreadcrumbList\",\"@id\":\"https:\/\/prixgro.com\/product\/mascara-exceptioneyes-01-nocibe\/#breadcrumb\",\"itemListElement\":[{\"@type\":\"ListItem\",\"position\":1,\"name\":\"Accueil\",\"item\":\"https:\/\/prixgro.com\/\"},{\"@type\":\"ListItem\",\"position\":2,\"name\":\"Boutique en ligne\",\"item\":\"https:\/\/prixgro.com\/shop\/\"},{\"@type\":\"ListItem\",\"position\":3,\"name\":\"Mascara Exception&#8217;eyes 01 Nocib\u00e9\"}]},{\"@type\":\"WebSite\",\"@id\":\"https:\/\/prixgro.com\/#website\",\"url\":\"https:\/\/prixgro.com\/\",\"name\":\"Prixgro.com\",\"description\":\"Para Pharmaceutique et Cosm\u00e9tique\",\"publisher\":{\"@id\":\"https:\/\/prixgro.com\/#organization\"},\"potentialAction\":[{\"@type\":\"SearchAction\",\"target\":{\"@type\":\"EntryPoint\",\"urlTemplate\":\"https:\/\/prixgro.com\/?s={search_term_string}\"},\"query-input\":{\"@type\":\"PropertyValueSpecification\",\"valueRequired\":true,\"valueName\":\"search_term_string\"}}],\"inLanguage\":\"ar\"},{\"@type\":\"Organization\",\"@id\":\"https:\/\/prixgro.com\/#organization\",\"name\":\"Prixgro\",\"url\":\"https:\/\/prixgro.com\/\",\"logo\":{\"@type\":\"ImageObject\",\"inLanguage\":\"ar\",\"@id\":\"https:\/\/prixgro.com\/#\/schema\/logo\/image\/\",\"url\":\"https:\/\/prixgro.com\/wp-content\/uploads\/2024\/08\/cropped-Nouveau-projet-2.png\",\"contentUrl\":\"https:\/\/prixgro.com\/wp-content\/uploads\/2024\/08\/cropped-Nouveau-projet-2.png\",\"width\":265,\"height\":62,\"caption\":\"Prixgro\"},\"image\":{\"@id\":\"https:\/\/prixgro.com\/#\/schema\/logo\/image\/\"},\"sameAs\":[\"https:\/\/www.facebook.com\/Pharmacima\"]}]}<\/script>\n<!-- \/ Yoast SEO plugin. -->","yoast_head_json":{"title":"Mascara Exception'eyes 01 Nocib\u00e9 - Prixgro","description":"Le Mascara 5 en 1 Exception'eyes vous fait un regard exceptionnel ! Le top des mascaras : du volume, des courbes, de l'intensit\u00e9, des cils longs et fournis","robots":{"index":"index","follow":"follow","max-snippet":"max-snippet:-1","max-image-preview":"max-image-preview:large","max-video-preview":"max-video-preview:-1"},"canonical":"https:\/\/prixgro.com\/ar\/product\/mascara-exceptioneyes-01-nocibe\/","og_locale":"ar_AR","og_type":"article","og_title":"Mascara Exception'eyes 01 Nocib\u00e9 - Prixgro","og_description":"Le Mascara 5 en 1 Exception'eyes vous fait un regard exceptionnel ! Le top des mascaras : du volume, des courbes, de l'intensit\u00e9, des cils longs et fournis","og_url":"https:\/\/prixgro.com\/ar\/product\/mascara-exceptioneyes-01-nocibe\/","og_site_name":"Prixgro","article_publisher":"https:\/\/www.facebook.com\/Pharmacima","article_modified_time":"2024-08-08T18:55:43+00:00","og_image":[{"width":540,"height":540,"url":"https:\/\/prixgro.com\/wp-content\/uploads\/2023\/09\/Sans-titre-58.png","type":"image\/png"}],"twitter_card":"summary_large_image","twitter_misc":{"\u0648\u0642\u062a \u0627\u0644\u0642\u0631\u0627\u0621\u0629 \u0627\u0644\u0645\u064f\u0642\u062f\u0651\u0631":"\u062f\u0642\u064a\u0642\u062a\u0627\u0646"},"schema":{"@context":"https:\/\/schema.org","@graph":[{"@type":"WebPage","@id":"https:\/\/prixgro.com\/product\/mascara-exceptioneyes-01-nocibe\/","url":"https:\/\/prixgro.com\/product\/mascara-exceptioneyes-01-nocibe\/","name":"Mascara Exception'eyes 01 Nocib\u00e9 - Prixgro","isPartOf":{"@id":"https:\/\/prixgro.com\/#website"},"primaryImageOfPage":{"@id":"https:\/\/prixgro.com\/product\/mascara-exceptioneyes-01-nocibe\/#primaryimage"},"image":{"@id":"https:\/\/prixgro.com\/product\/mascara-exceptioneyes-01-nocibe\/#primaryimage"},"thumbnailUrl":"https:\/\/prixgro.com\/wp-content\/uploads\/2023\/09\/Sans-titre-58.png","datePublished":"2024-04-09T12:31:28+00:00","dateModified":"2024-08-08T18:55:43+00:00","description":"Le Mascara 5 en 1 Exception'eyes vous fait un regard exceptionnel ! Le top des mascaras : du volume, des courbes, de l'intensit\u00e9, des cils longs et fournis","breadcrumb":{"@id":"https:\/\/prixgro.com\/product\/mascara-exceptioneyes-01-nocibe\/#breadcrumb"},"inLanguage":"ar","potentialAction":[{"@type":"ReadAction","target":["https:\/\/prixgro.com\/product\/mascara-exceptioneyes-01-nocibe\/"]}]},{"@type":"ImageObject","inLanguage":"ar","@id":"https:\/\/prixgro.com\/product\/mascara-exceptioneyes-01-nocibe\/#primaryimage","url":"https:\/\/prixgro.com\/wp-content\/uploads\/2023\/09\/Sans-titre-58.png","contentUrl":"https:\/\/prixgro.com\/wp-content\/uploads\/2023\/09\/Sans-titre-58.png","width":540,"height":540},{"@type":"BreadcrumbList","@id":"https:\/\/prixgro.com\/product\/mascara-exceptioneyes-01-nocibe\/#breadcrumb","itemListElement":[{"@type":"ListItem","position":1,"name":"Accueil","item":"https:\/\/prixgro.com\/"},{"@type":"ListItem","position":2,"name":"Boutique en ligne","item":"https:\/\/prixgro.com\/shop\/"},{"@type":"ListItem","position":3,"name":"Mascara Exception&#8217;eyes 01 Nocib\u00e9"}]},{"@type":"WebSite","@id":"https:\/\/prixgro.com\/#website","url":"https:\/\/prixgro.com\/","name":"Prixgro.com","description":"Para Pharmaceutique et Cosm\u00e9tique","publisher":{"@id":"https:\/\/prixgro.com\/#organization"},"potentialAction":[{"@type":"SearchAction","target":{"@type":"EntryPoint","urlTemplate":"https:\/\/prixgro.com\/?s={search_term_string}"},"query-input":{"@type":"PropertyValueSpecification","valueRequired":true,"valueName":"search_term_string"}}],"inLanguage":"ar"},{"@type":"Organization","@id":"https:\/\/prixgro.com\/#organization","name":"Prixgro","url":"https:\/\/prixgro.com\/","logo":{"@type":"ImageObject","inLanguage":"ar","@id":"https:\/\/prixgro.com\/#\/schema\/logo\/image\/","url":"https:\/\/prixgro.com\/wp-content\/uploads\/2024\/08\/cropped-Nouveau-projet-2.png","contentUrl":"https:\/\/prixgro.com\/wp-content\/uploads\/2024\/08\/cropped-Nouveau-projet-2.png","width":265,"height":62,"caption":"Prixgro"},"image":{"@id":"https:\/\/prixgro.com\/#\/schema\/logo\/image\/"},"sameAs":["https:\/\/www.facebook.com\/Pharmacima"]}]}},"_links":{"self":[{"href":"https:\/\/prixgro.com\/ar\/wp-json\/wp\/v2\/product\/142166","targetHints":{"allow":["GET"]}}],"collection":[{"href":"https:\/\/prixgro.com\/ar\/wp-json\/wp\/v2\/product"}],"about":[{"href":"https:\/\/prixgro.com\/ar\/wp-json\/wp\/v2\/types\/product"}],"replies":[{"embeddable":true,"href":"https:\/\/prixgro.com\/ar\/wp-json\/wp\/v2\/comments?post=142166"}],"wp:featuredmedia":[{"embeddable":true,"href":"https:\/\/prixgro.com\/ar\/wp-json\/wp\/v2\/media\/3876"}],"wp:attachment":[{"href":"https:\/\/prixgro.com\/ar\/wp-json\/wp\/v2\/media?parent=142166"}],"wp:term":[{"taxonomy":"product_cat","embeddable":true,"href":"https:\/\/prixgro.com\/ar\/wp-json\/wp\/v2\/product_cat?post=142166"},{"taxonomy":"product_tag","embeddable":true,"href":"https:\/\/prixgro.com\/ar\/wp-json\/wp\/v2\/product_tag?post=142166"},{"taxonomy":"berocket_brand","embeddable":true,"href":"https:\/\/prixgro.com\/ar\/wp-json\/wp\/v2\/berocket_brand?post=142166"}],"curies":[{"name":"wp","href":"https:\/\/api.w.org\/{rel}","templated":true}]}}