{"id":142175,"date":"2024-04-09T14:31:29","date_gmt":"2024-04-09T12:31:29","guid":{"rendered":"https:\/\/cloodmanager.net\/?post_type=product&#038;p=142175"},"modified":"2024-08-08T20:58:30","modified_gmt":"2024-08-08T18:58:30","slug":"mascara-3d-effect-01-black-nobea","status":"publish","type":"product","link":"https:\/\/prixgro.com\/ar\/product\/mascara-3d-effect-01-black-nobea\/","title":{"rendered":"Mascara 3D Effect 01 Black Nobea"},"content":{"rendered":"<h2><strong>DESCRIPTION :\u00a0<\/strong><\/h2>\n<p>Une beaut\u00e9 en trois dimensions &#8211; voil\u00e0 ce que seront vos cils \u00e0 partir de maintenant.<\/p>\n<p>Quelques coups de brosse du NOBEA 3D Effect Mascara leur donneront un volume somptueux et une longueur incroyable tout en les s\u00e9parant soigneusement. Vous aurez un regard intense et profond.<\/p>\n<p><strong>Caract\u00e9ristiques :<\/strong><\/p>\n<ul>\n<li>brosse en plastique pour une bonne s\u00e9paration des cils<\/li>\n<li>une texture qui donne du volume sans agglutiner les cils<\/li>\n<li>des cils allong\u00e9s \u00e0 vue d\u2019\u0153il<\/li>\n<li>une pigmentation parfaite pour un noir intense<\/li>\n<li>sans parfum<\/li>\n<\/ul>\n<h2><strong>CONSEIL D&#8217;UTILISATION :<\/strong><\/h2>\n<p>Passez la brosse sur vos cils des racines jusqu\u2019aux pointes en r\u00e9alisant une courbure. R\u00e9p\u00e9tez ce mouvement jusqu\u2019\u00e0 obtenir l\u2019effet d\u00e9sir\u00e9.<\/p>\n<h2><strong>COMPOSITION :<\/strong><\/h2>\n<div class=\"sc-ksBlkl iPbobL sc-aohf13-2\">\n<div class=\"sc-1otxejp-0 llvwtu\">\n<div id=\"tabAnchor\">\n<div id=\"composition-tab\" role=\"tabpanel\" aria-hidden=\"false\" data-mce-tabindex=\"0\">\n<div class=\"sc-b1ieoh-1 eaIZbh\">\n<div id=\"pd-composition-wrapper\" class=\"sc-116yzkq-0 jllYWp\">\n<div class=\"sc-116yzkq-2 hoqllD\">Ingredients: Aqua, Paraffin, Stearic Acid, CI 77499, Cera Alba, Copernicia Cerifera Wax, Cetyl Esters, Nylon-12, Cholesterol, CI 77007, Triethanolamine, Polybutene, Panthenol, Phenoxyethanol, Aminomethyl Propanediol, Glycerin, Hydroxyethylcellulose, Ethylhexylglycerin.<\/div>\n<\/div>\n<\/div>\n<\/div>\n<\/div>\n<\/div>\n<\/div>","protected":false},"excerpt":{"rendered":"<h3 class=\"sc-bcXHqe sc-3sotvb-1 eLmsJY cqhtUR\"><em><strong><span class=\"sc-3sotvb-5 bBQCfG\">Mascara volumisant effet 3D<\/span><\/strong><\/em><\/h3>\n<div class=\"sc-kgTSHT ikpXcr\" data-testid=\"ratings-wrapper\">\n<div class=\"sc-hBxehG gSVDCD\">\n<div class=\"sc-fnGiBr bkMHXQ\"><strong>Contenance : 8ml<\/strong><\/div>\n<\/div>\n<\/div>","protected":false},"featured_media":3889,"comment_status":"open","ping_status":"closed","template":"","meta":[],"product_cat":[429,433],"product_tag":[633],"berocket_brand":[],"class_list":{"0":"post-142175","1":"product","2":"type-product","3":"status-publish","4":"has-post-thumbnail","6":"product_cat-maquillage","7":"product_cat-yeux-maquillage","8":"product_tag-divers-maquillage","10":"first","11":"outofstock","12":"shipping-taxable","13":"purchasable","14":"product-type-simple"},"yoast_head":"<!-- This site is optimized with the Yoast SEO plugin v24.8 - https:\/\/yoast.com\/wordpress\/plugins\/seo\/ -->\n<title>Mascara 3D Effect 01 Black Nobea - Prixgro<\/title>\n<meta name=\"robots\" content=\"index, follow, max-snippet:-1, max-image-preview:large, max-video-preview:-1\" \/>\n<link rel=\"canonical\" href=\"https:\/\/prixgro.com\/ar\/product\/mascara-3d-effect-01-black-nobea\/\" \/>\n<meta property=\"og:locale\" content=\"ar_AR\" \/>\n<meta property=\"og:type\" content=\"article\" \/>\n<meta property=\"og:title\" content=\"Mascara 3D Effect 01 Black Nobea - Prixgro\" \/>\n<meta property=\"og:description\" content=\"Mascara volumisant effet 3DContenance : 8ml\" \/>\n<meta property=\"og:url\" content=\"https:\/\/prixgro.com\/ar\/product\/mascara-3d-effect-01-black-nobea\/\" \/>\n<meta property=\"og:site_name\" content=\"Prixgro\" \/>\n<meta property=\"article:publisher\" content=\"https:\/\/www.facebook.com\/Pharmacima\" \/>\n<meta property=\"article:modified_time\" content=\"2024-08-08T18:58:30+00:00\" \/>\n<meta property=\"og:image\" content=\"https:\/\/prixgro.com\/wp-content\/uploads\/2023\/09\/Sans-titre-74.png\" \/>\n\t<meta property=\"og:image:width\" content=\"540\" \/>\n\t<meta property=\"og:image:height\" content=\"540\" \/>\n\t<meta property=\"og:image:type\" content=\"image\/png\" \/>\n<meta name=\"twitter:card\" content=\"summary_large_image\" \/>\n<meta name=\"twitter:label1\" content=\"\u0648\u0642\u062a \u0627\u0644\u0642\u0631\u0627\u0621\u0629 \u0627\u0644\u0645\u064f\u0642\u062f\u0651\u0631\" \/>\n\t<meta name=\"twitter:data1\" content=\"\u062f\u0642\u064a\u0642\u0629 \u0648\u0627\u062d\u062f\u0629\" \/>\n<script type=\"application\/ld+json\" class=\"yoast-schema-graph\">{\"@context\":\"https:\/\/schema.org\",\"@graph\":[{\"@type\":\"WebPage\",\"@id\":\"https:\/\/prixgro.com\/product\/mascara-3d-effect-01-black-nobea\/\",\"url\":\"https:\/\/prixgro.com\/product\/mascara-3d-effect-01-black-nobea\/\",\"name\":\"Mascara 3D Effect 01 Black Nobea - Prixgro\",\"isPartOf\":{\"@id\":\"https:\/\/prixgro.com\/#website\"},\"primaryImageOfPage\":{\"@id\":\"https:\/\/prixgro.com\/product\/mascara-3d-effect-01-black-nobea\/#primaryimage\"},\"image\":{\"@id\":\"https:\/\/prixgro.com\/product\/mascara-3d-effect-01-black-nobea\/#primaryimage\"},\"thumbnailUrl\":\"https:\/\/prixgro.com\/wp-content\/uploads\/2023\/09\/Sans-titre-74.png\",\"datePublished\":\"2024-04-09T12:31:29+00:00\",\"dateModified\":\"2024-08-08T18:58:30+00:00\",\"breadcrumb\":{\"@id\":\"https:\/\/prixgro.com\/product\/mascara-3d-effect-01-black-nobea\/#breadcrumb\"},\"inLanguage\":\"ar\",\"potentialAction\":[{\"@type\":\"ReadAction\",\"target\":[\"https:\/\/prixgro.com\/product\/mascara-3d-effect-01-black-nobea\/\"]}]},{\"@type\":\"ImageObject\",\"inLanguage\":\"ar\",\"@id\":\"https:\/\/prixgro.com\/product\/mascara-3d-effect-01-black-nobea\/#primaryimage\",\"url\":\"https:\/\/prixgro.com\/wp-content\/uploads\/2023\/09\/Sans-titre-74.png\",\"contentUrl\":\"https:\/\/prixgro.com\/wp-content\/uploads\/2023\/09\/Sans-titre-74.png\",\"width\":540,\"height\":540},{\"@type\":\"BreadcrumbList\",\"@id\":\"https:\/\/prixgro.com\/product\/mascara-3d-effect-01-black-nobea\/#breadcrumb\",\"itemListElement\":[{\"@type\":\"ListItem\",\"position\":1,\"name\":\"Accueil\",\"item\":\"https:\/\/prixgro.com\/\"},{\"@type\":\"ListItem\",\"position\":2,\"name\":\"Boutique en ligne\",\"item\":\"https:\/\/prixgro.com\/shop\/\"},{\"@type\":\"ListItem\",\"position\":3,\"name\":\"Mascara 3D Effect 01 Black Nobea\"}]},{\"@type\":\"WebSite\",\"@id\":\"https:\/\/prixgro.com\/#website\",\"url\":\"https:\/\/prixgro.com\/\",\"name\":\"Prixgro.com\",\"description\":\"Para Pharmaceutique et Cosm\u00e9tique\",\"publisher\":{\"@id\":\"https:\/\/prixgro.com\/#organization\"},\"potentialAction\":[{\"@type\":\"SearchAction\",\"target\":{\"@type\":\"EntryPoint\",\"urlTemplate\":\"https:\/\/prixgro.com\/?s={search_term_string}\"},\"query-input\":{\"@type\":\"PropertyValueSpecification\",\"valueRequired\":true,\"valueName\":\"search_term_string\"}}],\"inLanguage\":\"ar\"},{\"@type\":\"Organization\",\"@id\":\"https:\/\/prixgro.com\/#organization\",\"name\":\"Prixgro\",\"url\":\"https:\/\/prixgro.com\/\",\"logo\":{\"@type\":\"ImageObject\",\"inLanguage\":\"ar\",\"@id\":\"https:\/\/prixgro.com\/#\/schema\/logo\/image\/\",\"url\":\"https:\/\/prixgro.com\/wp-content\/uploads\/2024\/08\/cropped-Nouveau-projet-2.png\",\"contentUrl\":\"https:\/\/prixgro.com\/wp-content\/uploads\/2024\/08\/cropped-Nouveau-projet-2.png\",\"width\":265,\"height\":62,\"caption\":\"Prixgro\"},\"image\":{\"@id\":\"https:\/\/prixgro.com\/#\/schema\/logo\/image\/\"},\"sameAs\":[\"https:\/\/www.facebook.com\/Pharmacima\"]}]}<\/script>\n<!-- \/ Yoast SEO plugin. -->","yoast_head_json":{"title":"Mascara 3D Effect 01 Black Nobea - Prixgro","robots":{"index":"index","follow":"follow","max-snippet":"max-snippet:-1","max-image-preview":"max-image-preview:large","max-video-preview":"max-video-preview:-1"},"canonical":"https:\/\/prixgro.com\/ar\/product\/mascara-3d-effect-01-black-nobea\/","og_locale":"ar_AR","og_type":"article","og_title":"Mascara 3D Effect 01 Black Nobea - Prixgro","og_description":"Mascara volumisant effet 3DContenance : 8ml","og_url":"https:\/\/prixgro.com\/ar\/product\/mascara-3d-effect-01-black-nobea\/","og_site_name":"Prixgro","article_publisher":"https:\/\/www.facebook.com\/Pharmacima","article_modified_time":"2024-08-08T18:58:30+00:00","og_image":[{"width":540,"height":540,"url":"https:\/\/prixgro.com\/wp-content\/uploads\/2023\/09\/Sans-titre-74.png","type":"image\/png"}],"twitter_card":"summary_large_image","twitter_misc":{"\u0648\u0642\u062a \u0627\u0644\u0642\u0631\u0627\u0621\u0629 \u0627\u0644\u0645\u064f\u0642\u062f\u0651\u0631":"\u062f\u0642\u064a\u0642\u0629 \u0648\u0627\u062d\u062f\u0629"},"schema":{"@context":"https:\/\/schema.org","@graph":[{"@type":"WebPage","@id":"https:\/\/prixgro.com\/product\/mascara-3d-effect-01-black-nobea\/","url":"https:\/\/prixgro.com\/product\/mascara-3d-effect-01-black-nobea\/","name":"Mascara 3D Effect 01 Black Nobea - Prixgro","isPartOf":{"@id":"https:\/\/prixgro.com\/#website"},"primaryImageOfPage":{"@id":"https:\/\/prixgro.com\/product\/mascara-3d-effect-01-black-nobea\/#primaryimage"},"image":{"@id":"https:\/\/prixgro.com\/product\/mascara-3d-effect-01-black-nobea\/#primaryimage"},"thumbnailUrl":"https:\/\/prixgro.com\/wp-content\/uploads\/2023\/09\/Sans-titre-74.png","datePublished":"2024-04-09T12:31:29+00:00","dateModified":"2024-08-08T18:58:30+00:00","breadcrumb":{"@id":"https:\/\/prixgro.com\/product\/mascara-3d-effect-01-black-nobea\/#breadcrumb"},"inLanguage":"ar","potentialAction":[{"@type":"ReadAction","target":["https:\/\/prixgro.com\/product\/mascara-3d-effect-01-black-nobea\/"]}]},{"@type":"ImageObject","inLanguage":"ar","@id":"https:\/\/prixgro.com\/product\/mascara-3d-effect-01-black-nobea\/#primaryimage","url":"https:\/\/prixgro.com\/wp-content\/uploads\/2023\/09\/Sans-titre-74.png","contentUrl":"https:\/\/prixgro.com\/wp-content\/uploads\/2023\/09\/Sans-titre-74.png","width":540,"height":540},{"@type":"BreadcrumbList","@id":"https:\/\/prixgro.com\/product\/mascara-3d-effect-01-black-nobea\/#breadcrumb","itemListElement":[{"@type":"ListItem","position":1,"name":"Accueil","item":"https:\/\/prixgro.com\/"},{"@type":"ListItem","position":2,"name":"Boutique en ligne","item":"https:\/\/prixgro.com\/shop\/"},{"@type":"ListItem","position":3,"name":"Mascara 3D Effect 01 Black Nobea"}]},{"@type":"WebSite","@id":"https:\/\/prixgro.com\/#website","url":"https:\/\/prixgro.com\/","name":"Prixgro.com","description":"Para Pharmaceutique et Cosm\u00e9tique","publisher":{"@id":"https:\/\/prixgro.com\/#organization"},"potentialAction":[{"@type":"SearchAction","target":{"@type":"EntryPoint","urlTemplate":"https:\/\/prixgro.com\/?s={search_term_string}"},"query-input":{"@type":"PropertyValueSpecification","valueRequired":true,"valueName":"search_term_string"}}],"inLanguage":"ar"},{"@type":"Organization","@id":"https:\/\/prixgro.com\/#organization","name":"Prixgro","url":"https:\/\/prixgro.com\/","logo":{"@type":"ImageObject","inLanguage":"ar","@id":"https:\/\/prixgro.com\/#\/schema\/logo\/image\/","url":"https:\/\/prixgro.com\/wp-content\/uploads\/2024\/08\/cropped-Nouveau-projet-2.png","contentUrl":"https:\/\/prixgro.com\/wp-content\/uploads\/2024\/08\/cropped-Nouveau-projet-2.png","width":265,"height":62,"caption":"Prixgro"},"image":{"@id":"https:\/\/prixgro.com\/#\/schema\/logo\/image\/"},"sameAs":["https:\/\/www.facebook.com\/Pharmacima"]}]}},"_links":{"self":[{"href":"https:\/\/prixgro.com\/ar\/wp-json\/wp\/v2\/product\/142175","targetHints":{"allow":["GET"]}}],"collection":[{"href":"https:\/\/prixgro.com\/ar\/wp-json\/wp\/v2\/product"}],"about":[{"href":"https:\/\/prixgro.com\/ar\/wp-json\/wp\/v2\/types\/product"}],"replies":[{"embeddable":true,"href":"https:\/\/prixgro.com\/ar\/wp-json\/wp\/v2\/comments?post=142175"}],"wp:featuredmedia":[{"embeddable":true,"href":"https:\/\/prixgro.com\/ar\/wp-json\/wp\/v2\/media\/3889"}],"wp:attachment":[{"href":"https:\/\/prixgro.com\/ar\/wp-json\/wp\/v2\/media?parent=142175"}],"wp:term":[{"taxonomy":"product_cat","embeddable":true,"href":"https:\/\/prixgro.com\/ar\/wp-json\/wp\/v2\/product_cat?post=142175"},{"taxonomy":"product_tag","embeddable":true,"href":"https:\/\/prixgro.com\/ar\/wp-json\/wp\/v2\/product_tag?post=142175"},{"taxonomy":"berocket_brand","embeddable":true,"href":"https:\/\/prixgro.com\/ar\/wp-json\/wp\/v2\/berocket_brand?post=142175"}],"curies":[{"name":"wp","href":"https:\/\/api.w.org\/{rel}","templated":true}]}}