{"id":142176,"date":"2024-04-09T14:31:29","date_gmt":"2024-04-09T12:31:29","guid":{"rendered":"https:\/\/cloodmanager.net\/?post_type=product&#038;p=142176"},"modified":"2024-08-08T20:58:37","modified_gmt":"2024-08-08T18:58:37","slug":"masque-cheveux-regenerant-40ml-christophe-robin","status":"publish","type":"product","link":"https:\/\/prixgro.com\/ar\/product\/masque-cheveux-regenerant-40ml-christophe-robin\/","title":{"rendered":"Masque Cheveux R\u00e9g\u00e9n\u00e9rant 40ml Christophe Robin"},"content":{"rendered":"<h2><strong>DESCRIPTION :<\/strong><\/h2>\n<p><strong>D\u00e9couvrez LE soin miracle incontournable.\u00a0<\/strong><\/p>\n<p>Le masque r\u00e9g\u00e9n\u00e9rant, compos\u00e9 \u00e0 97% d\u2019ingr\u00e9dients d\u2019origine naturelle, rend les cheveux instantan\u00e9ment somptueux et fortifi\u00e9s.<\/p>\n<p>Les fourches sont visiblement r\u00e9duites, la fibre capillaire semble rajeunie et resplendissante de sant\u00e9. Elle pr\u00e9sente un toucher soyeux au fini glossy et lumineux.<\/p>\n<p><strong>Ingr\u00e9dients cl\u00e9s:<\/strong><\/p>\n<ul>\n<li>L\u2019huile de figue de barbarie:\u00a0reconnue aide \u00e0 assouplir la fibre.<\/li>\n<li>Un extrait de c\u00e9ramide v\u00e9g\u00e9tal\u00a0aide \u00e0 lisser les frisottis et les fourches pour offrir un fini doux et lisse.<\/li>\n<li>Un complexe de vitamine F\u00a0riche en acides gras essentiels, la fibre apparait revitalis\u00e9e.<\/li>\n<\/ul>\n<p><em><strong>Pour qui?<\/strong><\/em><\/p>\n<p>Tous types de cheveux particuli\u00e9rement les cheveux secs et abim\u00e9s<\/p>\n<h2><strong>CONSEIL D&#8217;UTILISATION :\u00a0<\/strong><\/h2>\n<p>Apr\u00e8s le shampooing r\u00e9g\u00e9n\u00e9rant \u00e0 l&#8217;huile de figue de barbarie, appliquer une petite quantit\u00e9 sur cheveux mouill\u00e9s. Masser d\u00e9licatement du cuir chevelu aux pointes, laisser poser 5 minutes puis rincer abondamment. Appliquer ensuite le s\u00e9rum r\u00e9g\u00e9n\u00e9rant \u00e0 l&#8217;huile de figue de barbarie pour prot\u00e9ger le cheveu.<\/p>\n<h2><strong>COMPOSITION :\u00a0<\/strong><\/h2>\n<p>Aqua\/Water\/Eau, Cetearyl Alcohol, Caprylic\/Capric Triglyceride, Cetyl Alcohol, Behentrimonium Chloride, Glycerin, Cetrimonium Chloride, Fragrance (Parfum), Sodium Benzoate, Isopropyl Alcohol, Behenyl\/Stearyl Aminopropanediol Esters, Disodium Edta, Potassium Sorbate, Tocopheryl Acetate, Linoleic Acid, Geraniol, Linalool, Caramel, Limonene, Inula Crithmoide Flower\/Leaf Extract, Citric Acid, Linolenic Acid, Hydroxycitronellal, Coumarin, Opuntia Ficus-Indica Fruit Extract, Amyl Cinnamal, Citronellol, Benzyl Salicylate, Tocopherol<\/p>","protected":false},"excerpt":{"rendered":"<h3><span style=\"color: #cc4545;\"><em><strong>Un masque ultra-nourrissant \u00e0 la texture cr\u00e9meuse qui prend le plus grand soin des cheveux secs, abim\u00e9s ou trait\u00e9s chimiquement.<\/strong><\/em><\/span><\/h3>\n<p><strong>Contenance : 40ml\u00a0<\/strong><\/p>","protected":false},"featured_media":3891,"comment_status":"open","ping_status":"closed","template":"","meta":[],"product_cat":[126,17],"product_tag":[638,548,551,526,42,57,488,70,78,623,359],"berocket_brand":[],"class_list":{"0":"post-142176","1":"product","2":"type-product","3":"status-publish","4":"has-post-thumbnail","6":"product_cat-cheveux","7":"product_cat-soin-et-bien-etre","8":"product_tag-acide-gras-2","9":"product_tag-cheveux-abimes-2","10":"product_tag-cheveux-secs-2","11":"product_tag-cuir-chevelure-2","12":"product_tag-glycerine","13":"product_tag-lissant","14":"product_tag-masque-2","15":"product_tag-protecteur","16":"product_tag-reparateur","17":"product_tag-tous-types-de-cheveux-3","18":"product_tag-vitamine-f","20":"first","21":"outofstock","22":"shipping-taxable","23":"purchasable","24":"product-type-simple"},"yoast_head":"<!-- This site is optimized with the Yoast SEO plugin v24.8 - https:\/\/yoast.com\/wordpress\/plugins\/seo\/ -->\n<title>Masque Cheveux R\u00e9g\u00e9n\u00e9rant 40ml Christophe Robin - Prixgro<\/title>\n<meta name=\"robots\" content=\"index, follow, max-snippet:-1, max-image-preview:large, max-video-preview:-1\" \/>\n<link rel=\"canonical\" href=\"https:\/\/prixgro.com\/ar\/product\/masque-cheveux-regenerant-40ml-christophe-robin\/\" \/>\n<meta property=\"og:locale\" content=\"ar_AR\" \/>\n<meta property=\"og:type\" content=\"article\" \/>\n<meta property=\"og:title\" content=\"Masque Cheveux R\u00e9g\u00e9n\u00e9rant 40ml Christophe Robin - Prixgro\" \/>\n<meta property=\"og:description\" content=\"Un masque ultra-nourrissant \u00e0 la texture cr\u00e9meuse qui prend le plus grand soin des cheveux secs, abim\u00e9s ou trait\u00e9s chimiquement. Contenance : 40ml\u00a0\" \/>\n<meta property=\"og:url\" content=\"https:\/\/prixgro.com\/ar\/product\/masque-cheveux-regenerant-40ml-christophe-robin\/\" \/>\n<meta property=\"og:site_name\" content=\"Prixgro\" \/>\n<meta property=\"article:publisher\" content=\"https:\/\/www.facebook.com\/Pharmacima\" \/>\n<meta property=\"article:modified_time\" content=\"2024-08-08T18:58:37+00:00\" \/>\n<meta property=\"og:image\" content=\"https:\/\/prixgro.com\/wp-content\/uploads\/2023\/09\/Sans-titre-75.png\" \/>\n\t<meta property=\"og:image:width\" content=\"540\" \/>\n\t<meta property=\"og:image:height\" content=\"540\" \/>\n\t<meta property=\"og:image:type\" content=\"image\/png\" \/>\n<meta name=\"twitter:card\" content=\"summary_large_image\" \/>\n<meta name=\"twitter:label1\" content=\"\u0648\u0642\u062a \u0627\u0644\u0642\u0631\u0627\u0621\u0629 \u0627\u0644\u0645\u064f\u0642\u062f\u0651\u0631\" \/>\n\t<meta name=\"twitter:data1\" content=\"\u062f\u0642\u064a\u0642\u0629 \u0648\u0627\u062d\u062f\u0629\" \/>\n<script type=\"application\/ld+json\" class=\"yoast-schema-graph\">{\"@context\":\"https:\/\/schema.org\",\"@graph\":[{\"@type\":\"WebPage\",\"@id\":\"https:\/\/prixgro.com\/product\/masque-cheveux-regenerant-40ml-christophe-robin\/\",\"url\":\"https:\/\/prixgro.com\/product\/masque-cheveux-regenerant-40ml-christophe-robin\/\",\"name\":\"Masque Cheveux R\u00e9g\u00e9n\u00e9rant 40ml Christophe Robin - Prixgro\",\"isPartOf\":{\"@id\":\"https:\/\/prixgro.com\/#website\"},\"primaryImageOfPage\":{\"@id\":\"https:\/\/prixgro.com\/product\/masque-cheveux-regenerant-40ml-christophe-robin\/#primaryimage\"},\"image\":{\"@id\":\"https:\/\/prixgro.com\/product\/masque-cheveux-regenerant-40ml-christophe-robin\/#primaryimage\"},\"thumbnailUrl\":\"https:\/\/prixgro.com\/wp-content\/uploads\/2023\/09\/Sans-titre-75.png\",\"datePublished\":\"2024-04-09T12:31:29+00:00\",\"dateModified\":\"2024-08-08T18:58:37+00:00\",\"breadcrumb\":{\"@id\":\"https:\/\/prixgro.com\/product\/masque-cheveux-regenerant-40ml-christophe-robin\/#breadcrumb\"},\"inLanguage\":\"ar\",\"potentialAction\":[{\"@type\":\"ReadAction\",\"target\":[\"https:\/\/prixgro.com\/product\/masque-cheveux-regenerant-40ml-christophe-robin\/\"]}]},{\"@type\":\"ImageObject\",\"inLanguage\":\"ar\",\"@id\":\"https:\/\/prixgro.com\/product\/masque-cheveux-regenerant-40ml-christophe-robin\/#primaryimage\",\"url\":\"https:\/\/prixgro.com\/wp-content\/uploads\/2023\/09\/Sans-titre-75.png\",\"contentUrl\":\"https:\/\/prixgro.com\/wp-content\/uploads\/2023\/09\/Sans-titre-75.png\",\"width\":540,\"height\":540},{\"@type\":\"BreadcrumbList\",\"@id\":\"https:\/\/prixgro.com\/product\/masque-cheveux-regenerant-40ml-christophe-robin\/#breadcrumb\",\"itemListElement\":[{\"@type\":\"ListItem\",\"position\":1,\"name\":\"Accueil\",\"item\":\"https:\/\/prixgro.com\/\"},{\"@type\":\"ListItem\",\"position\":2,\"name\":\"Boutique en ligne\",\"item\":\"https:\/\/prixgro.com\/shop\/\"},{\"@type\":\"ListItem\",\"position\":3,\"name\":\"Masque Cheveux R\u00e9g\u00e9n\u00e9rant 40ml Christophe Robin\"}]},{\"@type\":\"WebSite\",\"@id\":\"https:\/\/prixgro.com\/#website\",\"url\":\"https:\/\/prixgro.com\/\",\"name\":\"Prixgro.com\",\"description\":\"Para Pharmaceutique et Cosm\u00e9tique\",\"publisher\":{\"@id\":\"https:\/\/prixgro.com\/#organization\"},\"potentialAction\":[{\"@type\":\"SearchAction\",\"target\":{\"@type\":\"EntryPoint\",\"urlTemplate\":\"https:\/\/prixgro.com\/?s={search_term_string}\"},\"query-input\":{\"@type\":\"PropertyValueSpecification\",\"valueRequired\":true,\"valueName\":\"search_term_string\"}}],\"inLanguage\":\"ar\"},{\"@type\":\"Organization\",\"@id\":\"https:\/\/prixgro.com\/#organization\",\"name\":\"Prixgro\",\"url\":\"https:\/\/prixgro.com\/\",\"logo\":{\"@type\":\"ImageObject\",\"inLanguage\":\"ar\",\"@id\":\"https:\/\/prixgro.com\/#\/schema\/logo\/image\/\",\"url\":\"https:\/\/prixgro.com\/wp-content\/uploads\/2024\/08\/cropped-Nouveau-projet-2.png\",\"contentUrl\":\"https:\/\/prixgro.com\/wp-content\/uploads\/2024\/08\/cropped-Nouveau-projet-2.png\",\"width\":265,\"height\":62,\"caption\":\"Prixgro\"},\"image\":{\"@id\":\"https:\/\/prixgro.com\/#\/schema\/logo\/image\/\"},\"sameAs\":[\"https:\/\/www.facebook.com\/Pharmacima\"]}]}<\/script>\n<!-- \/ Yoast SEO plugin. -->","yoast_head_json":{"title":"Masque Cheveux R\u00e9g\u00e9n\u00e9rant 40ml Christophe Robin - Prixgro","robots":{"index":"index","follow":"follow","max-snippet":"max-snippet:-1","max-image-preview":"max-image-preview:large","max-video-preview":"max-video-preview:-1"},"canonical":"https:\/\/prixgro.com\/ar\/product\/masque-cheveux-regenerant-40ml-christophe-robin\/","og_locale":"ar_AR","og_type":"article","og_title":"Masque Cheveux R\u00e9g\u00e9n\u00e9rant 40ml Christophe Robin - Prixgro","og_description":"Un masque ultra-nourrissant \u00e0 la texture cr\u00e9meuse qui prend le plus grand soin des cheveux secs, abim\u00e9s ou trait\u00e9s chimiquement. Contenance : 40ml\u00a0","og_url":"https:\/\/prixgro.com\/ar\/product\/masque-cheveux-regenerant-40ml-christophe-robin\/","og_site_name":"Prixgro","article_publisher":"https:\/\/www.facebook.com\/Pharmacima","article_modified_time":"2024-08-08T18:58:37+00:00","og_image":[{"width":540,"height":540,"url":"https:\/\/prixgro.com\/wp-content\/uploads\/2023\/09\/Sans-titre-75.png","type":"image\/png"}],"twitter_card":"summary_large_image","twitter_misc":{"\u0648\u0642\u062a \u0627\u0644\u0642\u0631\u0627\u0621\u0629 \u0627\u0644\u0645\u064f\u0642\u062f\u0651\u0631":"\u062f\u0642\u064a\u0642\u0629 \u0648\u0627\u062d\u062f\u0629"},"schema":{"@context":"https:\/\/schema.org","@graph":[{"@type":"WebPage","@id":"https:\/\/prixgro.com\/product\/masque-cheveux-regenerant-40ml-christophe-robin\/","url":"https:\/\/prixgro.com\/product\/masque-cheveux-regenerant-40ml-christophe-robin\/","name":"Masque Cheveux R\u00e9g\u00e9n\u00e9rant 40ml Christophe Robin - Prixgro","isPartOf":{"@id":"https:\/\/prixgro.com\/#website"},"primaryImageOfPage":{"@id":"https:\/\/prixgro.com\/product\/masque-cheveux-regenerant-40ml-christophe-robin\/#primaryimage"},"image":{"@id":"https:\/\/prixgro.com\/product\/masque-cheveux-regenerant-40ml-christophe-robin\/#primaryimage"},"thumbnailUrl":"https:\/\/prixgro.com\/wp-content\/uploads\/2023\/09\/Sans-titre-75.png","datePublished":"2024-04-09T12:31:29+00:00","dateModified":"2024-08-08T18:58:37+00:00","breadcrumb":{"@id":"https:\/\/prixgro.com\/product\/masque-cheveux-regenerant-40ml-christophe-robin\/#breadcrumb"},"inLanguage":"ar","potentialAction":[{"@type":"ReadAction","target":["https:\/\/prixgro.com\/product\/masque-cheveux-regenerant-40ml-christophe-robin\/"]}]},{"@type":"ImageObject","inLanguage":"ar","@id":"https:\/\/prixgro.com\/product\/masque-cheveux-regenerant-40ml-christophe-robin\/#primaryimage","url":"https:\/\/prixgro.com\/wp-content\/uploads\/2023\/09\/Sans-titre-75.png","contentUrl":"https:\/\/prixgro.com\/wp-content\/uploads\/2023\/09\/Sans-titre-75.png","width":540,"height":540},{"@type":"BreadcrumbList","@id":"https:\/\/prixgro.com\/product\/masque-cheveux-regenerant-40ml-christophe-robin\/#breadcrumb","itemListElement":[{"@type":"ListItem","position":1,"name":"Accueil","item":"https:\/\/prixgro.com\/"},{"@type":"ListItem","position":2,"name":"Boutique en ligne","item":"https:\/\/prixgro.com\/shop\/"},{"@type":"ListItem","position":3,"name":"Masque Cheveux R\u00e9g\u00e9n\u00e9rant 40ml Christophe Robin"}]},{"@type":"WebSite","@id":"https:\/\/prixgro.com\/#website","url":"https:\/\/prixgro.com\/","name":"Prixgro.com","description":"Para Pharmaceutique et Cosm\u00e9tique","publisher":{"@id":"https:\/\/prixgro.com\/#organization"},"potentialAction":[{"@type":"SearchAction","target":{"@type":"EntryPoint","urlTemplate":"https:\/\/prixgro.com\/?s={search_term_string}"},"query-input":{"@type":"PropertyValueSpecification","valueRequired":true,"valueName":"search_term_string"}}],"inLanguage":"ar"},{"@type":"Organization","@id":"https:\/\/prixgro.com\/#organization","name":"Prixgro","url":"https:\/\/prixgro.com\/","logo":{"@type":"ImageObject","inLanguage":"ar","@id":"https:\/\/prixgro.com\/#\/schema\/logo\/image\/","url":"https:\/\/prixgro.com\/wp-content\/uploads\/2024\/08\/cropped-Nouveau-projet-2.png","contentUrl":"https:\/\/prixgro.com\/wp-content\/uploads\/2024\/08\/cropped-Nouveau-projet-2.png","width":265,"height":62,"caption":"Prixgro"},"image":{"@id":"https:\/\/prixgro.com\/#\/schema\/logo\/image\/"},"sameAs":["https:\/\/www.facebook.com\/Pharmacima"]}]}},"_links":{"self":[{"href":"https:\/\/prixgro.com\/ar\/wp-json\/wp\/v2\/product\/142176","targetHints":{"allow":["GET"]}}],"collection":[{"href":"https:\/\/prixgro.com\/ar\/wp-json\/wp\/v2\/product"}],"about":[{"href":"https:\/\/prixgro.com\/ar\/wp-json\/wp\/v2\/types\/product"}],"replies":[{"embeddable":true,"href":"https:\/\/prixgro.com\/ar\/wp-json\/wp\/v2\/comments?post=142176"}],"wp:featuredmedia":[{"embeddable":true,"href":"https:\/\/prixgro.com\/ar\/wp-json\/wp\/v2\/media\/3891"}],"wp:attachment":[{"href":"https:\/\/prixgro.com\/ar\/wp-json\/wp\/v2\/media?parent=142176"}],"wp:term":[{"taxonomy":"product_cat","embeddable":true,"href":"https:\/\/prixgro.com\/ar\/wp-json\/wp\/v2\/product_cat?post=142176"},{"taxonomy":"product_tag","embeddable":true,"href":"https:\/\/prixgro.com\/ar\/wp-json\/wp\/v2\/product_tag?post=142176"},{"taxonomy":"berocket_brand","embeddable":true,"href":"https:\/\/prixgro.com\/ar\/wp-json\/wp\/v2\/berocket_brand?post=142176"}],"curies":[{"name":"wp","href":"https:\/\/api.w.org\/{rel}","templated":true}]}}