{"id":142183,"date":"2024-04-09T14:31:38","date_gmt":"2024-04-09T12:31:38","guid":{"rendered":"https:\/\/cloodmanager.net\/?post_type=product&#038;p=142183"},"modified":"2024-08-08T20:56:59","modified_gmt":"2024-08-08T18:56:59","slug":"living-luminizer-illuminateur-n4-rms-beauty","status":"publish","type":"product","link":"https:\/\/prixgro.com\/ar\/product\/living-luminizer-illuminateur-n4-rms-beauty\/","title":{"rendered":"Living Luminizer Illuminateur n4 RMS BEAUTY"},"content":{"rendered":"<h2><strong>DESCRIPTION :<\/strong><\/h2>\n<p>Best-seller de la marque, cet incontournable est aussi tr\u00e8s utilis\u00e9 par les makeup artists en backstage des d\u00e9fil\u00e9s<\/p>\n<p>Le Living\u00a0Luminizer illumine instantan\u00e9ment toutes les carnations. Sans effet &#8220;paillettes&#8221;, il procure un teint ultra-lumineux, une peau \u00e9clatante de sant\u00e9. Sa formulation ultra-clean hydrate la peau, la laissant \u00e9galement souple et douce.<\/p>\n<h3 class=\"product-feature__title text--uppercase\"><strong>TYPE DE PEAU :\u00a0<\/strong><\/h3>\n<p class=\"product-feature__description\"><span style=\"color: #ff0000\" data-mce-style=\"color: #ff0000;\"><strong>Tous les types de peaux, m\u00eame sensibles.<\/strong><\/span><\/p>\n<h2><strong>CONSEIL D&#8217;UTILISATION :<\/strong><\/h2>\n<p>Appliquer au doigt ou \u00e0 l&#8217;aide du pinceau Brightening Brush sur l&#8217;arcade sourcili\u00e8re, le haut des pommettes, au coeur des l\u00e8vres, ou sur toute zone bomb\u00e9e o\u00f9 vous souhaitez apporter de la lumi\u00e8re.<\/p>\n<h2><strong>COMPOSITION :<\/strong><\/h2>\n<p><strong>Huile de coco<\/strong><br \/>Antioxydante, nourrissante et r\u00e9g\u00e9n\u00e9rante<\/p>\n<p><strong>Cire d&#8217;abeille<\/strong><br \/>Nourrissante et protectrice<\/p>\n<p><strong>Mica<\/strong><br \/>Pigment min\u00e9ral r\u00e9flecteur de lumi\u00e8re<\/p>","protected":false},"excerpt":{"rendered":"<h3 class=\"product-info product-info__details\"><span style=\"color: #4f3127\" data-mce-style=\"color: #4f3127;\"><em><strong>L&#8217;enlumineur best-seller universel, pour un teint lumineux et d\u00e9fatigu\u00e9.<\/strong><\/em><\/span><\/h3>\n<div class=\"product-form__actions\"><em><strong><span style=\"color: #993300\" data-mce-style=\"color: #993300;\">Contenance : 4.82G<\/span><\/strong><\/em><\/div>","protected":false},"featured_media":3919,"comment_status":"open","ping_status":"closed","template":"","meta":[],"product_cat":[429,435,436],"product_tag":[],"berocket_brand":[],"class_list":{"0":"post-142183","1":"product","2":"type-product","3":"status-publish","4":"has-post-thumbnail","6":"product_cat-maquillage","7":"product_cat-teint","8":"product_cat-visage-maquillage","10":"first","11":"outofstock","12":"shipping-taxable","13":"purchasable","14":"product-type-simple"},"yoast_head":"<!-- This site is optimized with the Yoast SEO plugin v24.8 - https:\/\/yoast.com\/wordpress\/plugins\/seo\/ -->\n<title>Living Luminizer Illuminateur n4 RMS BEAUTY - Prixgro<\/title>\n<meta name=\"robots\" content=\"index, follow, max-snippet:-1, max-image-preview:large, max-video-preview:-1\" \/>\n<link rel=\"canonical\" href=\"https:\/\/prixgro.com\/ar\/product\/living-luminizer-illuminateur-n4-rms-beauty\/\" \/>\n<meta property=\"og:locale\" content=\"ar_AR\" \/>\n<meta property=\"og:type\" content=\"article\" \/>\n<meta property=\"og:title\" content=\"Living Luminizer Illuminateur n4 RMS BEAUTY - Prixgro\" \/>\n<meta property=\"og:description\" content=\"L&#039;enlumineur best-seller universel, pour un teint lumineux et d\u00e9fatigu\u00e9.Contenance : 4.82G\" \/>\n<meta property=\"og:url\" content=\"https:\/\/prixgro.com\/ar\/product\/living-luminizer-illuminateur-n4-rms-beauty\/\" \/>\n<meta property=\"og:site_name\" content=\"Prixgro\" \/>\n<meta property=\"article:publisher\" content=\"https:\/\/www.facebook.com\/Pharmacima\" \/>\n<meta property=\"article:modified_time\" content=\"2024-08-08T18:56:59+00:00\" \/>\n<meta property=\"og:image\" content=\"https:\/\/prixgro.com\/wp-content\/uploads\/2023\/09\/rms-beauty-living-luminizer-transparant-natural-glow_1955bb6e-6be0-43a0-b034-2b5d281a5b38_600x600_crop_center.jpg\" \/>\n\t<meta property=\"og:image:width\" content=\"600\" \/>\n\t<meta property=\"og:image:height\" content=\"600\" \/>\n\t<meta property=\"og:image:type\" content=\"image\/jpeg\" \/>\n<meta name=\"twitter:card\" content=\"summary_large_image\" \/>\n<meta name=\"twitter:label1\" content=\"\u0648\u0642\u062a \u0627\u0644\u0642\u0631\u0627\u0621\u0629 \u0627\u0644\u0645\u064f\u0642\u062f\u0651\u0631\" \/>\n\t<meta name=\"twitter:data1\" content=\"\u062f\u0642\u064a\u0642\u0629 \u0648\u0627\u062d\u062f\u0629\" \/>\n<script type=\"application\/ld+json\" class=\"yoast-schema-graph\">{\"@context\":\"https:\/\/schema.org\",\"@graph\":[{\"@type\":\"WebPage\",\"@id\":\"https:\/\/prixgro.com\/product\/living-luminizer-illuminateur-n4-rms-beauty\/\",\"url\":\"https:\/\/prixgro.com\/product\/living-luminizer-illuminateur-n4-rms-beauty\/\",\"name\":\"Living Luminizer Illuminateur n4 RMS BEAUTY - Prixgro\",\"isPartOf\":{\"@id\":\"https:\/\/prixgro.com\/#website\"},\"primaryImageOfPage\":{\"@id\":\"https:\/\/prixgro.com\/product\/living-luminizer-illuminateur-n4-rms-beauty\/#primaryimage\"},\"image\":{\"@id\":\"https:\/\/prixgro.com\/product\/living-luminizer-illuminateur-n4-rms-beauty\/#primaryimage\"},\"thumbnailUrl\":\"https:\/\/prixgro.com\/wp-content\/uploads\/2023\/09\/rms-beauty-living-luminizer-transparant-natural-glow_1955bb6e-6be0-43a0-b034-2b5d281a5b38_600x600_crop_center.jpg\",\"datePublished\":\"2024-04-09T12:31:38+00:00\",\"dateModified\":\"2024-08-08T18:56:59+00:00\",\"breadcrumb\":{\"@id\":\"https:\/\/prixgro.com\/product\/living-luminizer-illuminateur-n4-rms-beauty\/#breadcrumb\"},\"inLanguage\":\"ar\",\"potentialAction\":[{\"@type\":\"ReadAction\",\"target\":[\"https:\/\/prixgro.com\/product\/living-luminizer-illuminateur-n4-rms-beauty\/\"]}]},{\"@type\":\"ImageObject\",\"inLanguage\":\"ar\",\"@id\":\"https:\/\/prixgro.com\/product\/living-luminizer-illuminateur-n4-rms-beauty\/#primaryimage\",\"url\":\"https:\/\/prixgro.com\/wp-content\/uploads\/2023\/09\/rms-beauty-living-luminizer-transparant-natural-glow_1955bb6e-6be0-43a0-b034-2b5d281a5b38_600x600_crop_center.jpg\",\"contentUrl\":\"https:\/\/prixgro.com\/wp-content\/uploads\/2023\/09\/rms-beauty-living-luminizer-transparant-natural-glow_1955bb6e-6be0-43a0-b034-2b5d281a5b38_600x600_crop_center.jpg\",\"width\":600,\"height\":600},{\"@type\":\"BreadcrumbList\",\"@id\":\"https:\/\/prixgro.com\/product\/living-luminizer-illuminateur-n4-rms-beauty\/#breadcrumb\",\"itemListElement\":[{\"@type\":\"ListItem\",\"position\":1,\"name\":\"Accueil\",\"item\":\"https:\/\/prixgro.com\/\"},{\"@type\":\"ListItem\",\"position\":2,\"name\":\"Boutique en ligne\",\"item\":\"https:\/\/prixgro.com\/shop\/\"},{\"@type\":\"ListItem\",\"position\":3,\"name\":\"Living Luminizer Illuminateur n4 RMS BEAUTY\"}]},{\"@type\":\"WebSite\",\"@id\":\"https:\/\/prixgro.com\/#website\",\"url\":\"https:\/\/prixgro.com\/\",\"name\":\"Prixgro.com\",\"description\":\"Para Pharmaceutique et Cosm\u00e9tique\",\"publisher\":{\"@id\":\"https:\/\/prixgro.com\/#organization\"},\"potentialAction\":[{\"@type\":\"SearchAction\",\"target\":{\"@type\":\"EntryPoint\",\"urlTemplate\":\"https:\/\/prixgro.com\/?s={search_term_string}\"},\"query-input\":{\"@type\":\"PropertyValueSpecification\",\"valueRequired\":true,\"valueName\":\"search_term_string\"}}],\"inLanguage\":\"ar\"},{\"@type\":\"Organization\",\"@id\":\"https:\/\/prixgro.com\/#organization\",\"name\":\"Prixgro\",\"url\":\"https:\/\/prixgro.com\/\",\"logo\":{\"@type\":\"ImageObject\",\"inLanguage\":\"ar\",\"@id\":\"https:\/\/prixgro.com\/#\/schema\/logo\/image\/\",\"url\":\"https:\/\/prixgro.com\/wp-content\/uploads\/2024\/08\/cropped-Nouveau-projet-2.png\",\"contentUrl\":\"https:\/\/prixgro.com\/wp-content\/uploads\/2024\/08\/cropped-Nouveau-projet-2.png\",\"width\":265,\"height\":62,\"caption\":\"Prixgro\"},\"image\":{\"@id\":\"https:\/\/prixgro.com\/#\/schema\/logo\/image\/\"},\"sameAs\":[\"https:\/\/www.facebook.com\/Pharmacima\"]}]}<\/script>\n<!-- \/ Yoast SEO plugin. -->","yoast_head_json":{"title":"Living Luminizer Illuminateur n4 RMS BEAUTY - Prixgro","robots":{"index":"index","follow":"follow","max-snippet":"max-snippet:-1","max-image-preview":"max-image-preview:large","max-video-preview":"max-video-preview:-1"},"canonical":"https:\/\/prixgro.com\/ar\/product\/living-luminizer-illuminateur-n4-rms-beauty\/","og_locale":"ar_AR","og_type":"article","og_title":"Living Luminizer Illuminateur n4 RMS BEAUTY - Prixgro","og_description":"L'enlumineur best-seller universel, pour un teint lumineux et d\u00e9fatigu\u00e9.Contenance : 4.82G","og_url":"https:\/\/prixgro.com\/ar\/product\/living-luminizer-illuminateur-n4-rms-beauty\/","og_site_name":"Prixgro","article_publisher":"https:\/\/www.facebook.com\/Pharmacima","article_modified_time":"2024-08-08T18:56:59+00:00","og_image":[{"width":600,"height":600,"url":"https:\/\/prixgro.com\/wp-content\/uploads\/2023\/09\/rms-beauty-living-luminizer-transparant-natural-glow_1955bb6e-6be0-43a0-b034-2b5d281a5b38_600x600_crop_center.jpg","type":"image\/jpeg"}],"twitter_card":"summary_large_image","twitter_misc":{"\u0648\u0642\u062a \u0627\u0644\u0642\u0631\u0627\u0621\u0629 \u0627\u0644\u0645\u064f\u0642\u062f\u0651\u0631":"\u062f\u0642\u064a\u0642\u0629 \u0648\u0627\u062d\u062f\u0629"},"schema":{"@context":"https:\/\/schema.org","@graph":[{"@type":"WebPage","@id":"https:\/\/prixgro.com\/product\/living-luminizer-illuminateur-n4-rms-beauty\/","url":"https:\/\/prixgro.com\/product\/living-luminizer-illuminateur-n4-rms-beauty\/","name":"Living Luminizer Illuminateur n4 RMS BEAUTY - Prixgro","isPartOf":{"@id":"https:\/\/prixgro.com\/#website"},"primaryImageOfPage":{"@id":"https:\/\/prixgro.com\/product\/living-luminizer-illuminateur-n4-rms-beauty\/#primaryimage"},"image":{"@id":"https:\/\/prixgro.com\/product\/living-luminizer-illuminateur-n4-rms-beauty\/#primaryimage"},"thumbnailUrl":"https:\/\/prixgro.com\/wp-content\/uploads\/2023\/09\/rms-beauty-living-luminizer-transparant-natural-glow_1955bb6e-6be0-43a0-b034-2b5d281a5b38_600x600_crop_center.jpg","datePublished":"2024-04-09T12:31:38+00:00","dateModified":"2024-08-08T18:56:59+00:00","breadcrumb":{"@id":"https:\/\/prixgro.com\/product\/living-luminizer-illuminateur-n4-rms-beauty\/#breadcrumb"},"inLanguage":"ar","potentialAction":[{"@type":"ReadAction","target":["https:\/\/prixgro.com\/product\/living-luminizer-illuminateur-n4-rms-beauty\/"]}]},{"@type":"ImageObject","inLanguage":"ar","@id":"https:\/\/prixgro.com\/product\/living-luminizer-illuminateur-n4-rms-beauty\/#primaryimage","url":"https:\/\/prixgro.com\/wp-content\/uploads\/2023\/09\/rms-beauty-living-luminizer-transparant-natural-glow_1955bb6e-6be0-43a0-b034-2b5d281a5b38_600x600_crop_center.jpg","contentUrl":"https:\/\/prixgro.com\/wp-content\/uploads\/2023\/09\/rms-beauty-living-luminizer-transparant-natural-glow_1955bb6e-6be0-43a0-b034-2b5d281a5b38_600x600_crop_center.jpg","width":600,"height":600},{"@type":"BreadcrumbList","@id":"https:\/\/prixgro.com\/product\/living-luminizer-illuminateur-n4-rms-beauty\/#breadcrumb","itemListElement":[{"@type":"ListItem","position":1,"name":"Accueil","item":"https:\/\/prixgro.com\/"},{"@type":"ListItem","position":2,"name":"Boutique en ligne","item":"https:\/\/prixgro.com\/shop\/"},{"@type":"ListItem","position":3,"name":"Living Luminizer Illuminateur n4 RMS BEAUTY"}]},{"@type":"WebSite","@id":"https:\/\/prixgro.com\/#website","url":"https:\/\/prixgro.com\/","name":"Prixgro.com","description":"Para Pharmaceutique et Cosm\u00e9tique","publisher":{"@id":"https:\/\/prixgro.com\/#organization"},"potentialAction":[{"@type":"SearchAction","target":{"@type":"EntryPoint","urlTemplate":"https:\/\/prixgro.com\/?s={search_term_string}"},"query-input":{"@type":"PropertyValueSpecification","valueRequired":true,"valueName":"search_term_string"}}],"inLanguage":"ar"},{"@type":"Organization","@id":"https:\/\/prixgro.com\/#organization","name":"Prixgro","url":"https:\/\/prixgro.com\/","logo":{"@type":"ImageObject","inLanguage":"ar","@id":"https:\/\/prixgro.com\/#\/schema\/logo\/image\/","url":"https:\/\/prixgro.com\/wp-content\/uploads\/2024\/08\/cropped-Nouveau-projet-2.png","contentUrl":"https:\/\/prixgro.com\/wp-content\/uploads\/2024\/08\/cropped-Nouveau-projet-2.png","width":265,"height":62,"caption":"Prixgro"},"image":{"@id":"https:\/\/prixgro.com\/#\/schema\/logo\/image\/"},"sameAs":["https:\/\/www.facebook.com\/Pharmacima"]}]}},"_links":{"self":[{"href":"https:\/\/prixgro.com\/ar\/wp-json\/wp\/v2\/product\/142183","targetHints":{"allow":["GET"]}}],"collection":[{"href":"https:\/\/prixgro.com\/ar\/wp-json\/wp\/v2\/product"}],"about":[{"href":"https:\/\/prixgro.com\/ar\/wp-json\/wp\/v2\/types\/product"}],"replies":[{"embeddable":true,"href":"https:\/\/prixgro.com\/ar\/wp-json\/wp\/v2\/comments?post=142183"}],"wp:featuredmedia":[{"embeddable":true,"href":"https:\/\/prixgro.com\/ar\/wp-json\/wp\/v2\/media\/3919"}],"wp:attachment":[{"href":"https:\/\/prixgro.com\/ar\/wp-json\/wp\/v2\/media?parent=142183"}],"wp:term":[{"taxonomy":"product_cat","embeddable":true,"href":"https:\/\/prixgro.com\/ar\/wp-json\/wp\/v2\/product_cat?post=142183"},{"taxonomy":"product_tag","embeddable":true,"href":"https:\/\/prixgro.com\/ar\/wp-json\/wp\/v2\/product_tag?post=142183"},{"taxonomy":"berocket_brand","embeddable":true,"href":"https:\/\/prixgro.com\/ar\/wp-json\/wp\/v2\/berocket_brand?post=142183"}],"curies":[{"name":"wp","href":"https:\/\/api.w.org\/{rel}","templated":true}]}}