{"id":142184,"date":"2024-04-09T14:31:38","date_gmt":"2024-04-09T12:31:38","guid":{"rendered":"https:\/\/cloodmanager.net\/?post_type=product&#038;p=142184"},"modified":"2024-08-08T20:57:17","modified_gmt":"2024-08-08T18:57:17","slug":"mascara-go-big-or-go-home-kvd","status":"publish","type":"product","link":"https:\/\/prixgro.com\/ar\/product\/mascara-go-big-or-go-home-kvd\/","title":{"rendered":"Mascara Go Big Or Go Home KVD"},"content":{"rendered":"<h2><strong>DESCRIPTION :\u00a0\u00a0<\/strong><\/h2>\n<p>Go Big or Go Home est un mascara formul\u00e9 \u00e0 base d&#8217;ingr\u00e9dients d&#8217;origine v\u00e9g\u00e9tale\u00a0offrant un volume extr\u00eame, et une ultra longue tenue. Craquez pour la version mini pour l&#8217;emmener partout avec vous !<\/p>\n<p>Le r\u00e9sultat : des cils noirs intenses au volume spectaculaire avec une tenue \u00e0 toute \u00e9preuve, toute la journ\u00e9e. Sans bavure, sans paquet, peu importe le nombre de couches !<\/p>\n<p>La formule\u00a0vegan<sup>(1)<\/sup>\u00a0du mascara, riche en pigments ultra-noirs de la teinte embl\u00e9matique \u00ab Trooper Black \u00bb ainsi que sa brosse dense, faite de fibres et de poils synth\u00e9tiques, attrapent les cils un par un et donnent \u00e0 votre regard un effet scandaleusement intense.<\/p>\n<p>Cette formule\u00a0100% vegan<sup>(1)<\/sup>\u00a0est compos\u00e9e d&#8217;un m\u00e9lange de cires v\u00e9g\u00e9tales issues d&#8217;huiles d&#8217;olive et de tournesol apportant un volume extr\u00eame.<\/p>\n<p class=\"mention9\">(1) absence d&#8217;ingr\u00e9dients d&#8217;origine animale<\/p>\n<h2><strong>CONSEIL D&#8217;UTILISATION :<\/strong><\/h2>\n<p>Comme avec tout nouveau mascara, faites tourner la brosse \u00e0 l&#8217;int\u00e9rieur du tube pour assurer une application parfaite.<\/p>\n<p>Saisissez la racine des cils et \u00e9tirez la formule jusqu&#8217;aux pointes. Appliquez plusieurs couches pour encore plus de volume.<\/p>\n<h2><strong>COMPOSITION :<\/strong><\/h2>\n<p>Water, Hydrogenated Olive Oil Stearyl Esters, Stearic Acid, Acrylates\/Ethylhexyl Acrylate Copolymer, Helianthus Annuus Seed Cera\/Helianthus Annuus (Sunflower) Seed Wax, Oryza Sativa Cera\/Oryza Sativa (Rice) Bran Wax, Polybutene, Ricinus Communis Seed Oil\/Ricinus Communis (Castor) Seed Oil, Polyglyceryl-3 Rice Branate, Propanediol, Glyceryl Stearate, C18-36 Acid Triglyceride, Polyvinyl Stearyl Ether, Aminomethyl Propanediol, Phenoxyethanol, Hdi\/Trimethylol Hexyllactone Crosspolymer, Methyl Methacrylate Crosspolymer, Sodium Dehydroacetate, Ethylhexylglycerin, Laureth-21, Iron Oxides<\/p>","protected":false},"excerpt":{"rendered":"<h3><em><strong>Un volume extr\u00eame, et une ultra longue tenue.<\/strong><\/em><\/h3>\n<p><strong>Contenance : 4.3g<\/strong><\/p>","protected":false},"featured_media":3922,"comment_status":"open","ping_status":"closed","template":"","meta":[],"product_cat":[429,433],"product_tag":[],"berocket_brand":[],"class_list":{"0":"post-142184","1":"product","2":"type-product","3":"status-publish","4":"has-post-thumbnail","6":"product_cat-maquillage","7":"product_cat-yeux-maquillage","9":"first","10":"outofstock","11":"shipping-taxable","12":"purchasable","13":"product-type-simple"},"yoast_head":"<!-- This site is optimized with the Yoast SEO plugin v24.8 - https:\/\/yoast.com\/wordpress\/plugins\/seo\/ -->\n<title>Mascara Go Big Or Go Home KVD - Prixgro<\/title>\n<meta name=\"robots\" content=\"index, follow, max-snippet:-1, max-image-preview:large, max-video-preview:-1\" \/>\n<link rel=\"canonical\" href=\"https:\/\/prixgro.com\/ar\/product\/mascara-go-big-or-go-home-kvd\/\" \/>\n<meta property=\"og:locale\" content=\"ar_AR\" \/>\n<meta property=\"og:type\" content=\"article\" \/>\n<meta property=\"og:title\" content=\"Mascara Go Big Or Go Home KVD - Prixgro\" \/>\n<meta property=\"og:description\" content=\"Un volume extr\u00eame, et une ultra longue tenue.Contenance : 4.3g\" \/>\n<meta property=\"og:url\" content=\"https:\/\/prixgro.com\/ar\/product\/mascara-go-big-or-go-home-kvd\/\" \/>\n<meta property=\"og:site_name\" content=\"Prixgro\" \/>\n<meta property=\"article:publisher\" content=\"https:\/\/www.facebook.com\/Pharmacima\" \/>\n<meta property=\"article:modified_time\" content=\"2024-08-08T18:57:17+00:00\" \/>\n<meta property=\"og:image\" content=\"https:\/\/prixgro.com\/wp-content\/uploads\/2023\/09\/470385_swatch-scaled-e1678895497428.jpg\" \/>\n\t<meta property=\"og:image:width\" content=\"500\" \/>\n\t<meta property=\"og:image:height\" content=\"500\" \/>\n\t<meta property=\"og:image:type\" content=\"image\/jpeg\" \/>\n<meta name=\"twitter:card\" content=\"summary_large_image\" \/>\n<meta name=\"twitter:label1\" content=\"\u0648\u0642\u062a \u0627\u0644\u0642\u0631\u0627\u0621\u0629 \u0627\u0644\u0645\u064f\u0642\u062f\u0651\u0631\" \/>\n\t<meta name=\"twitter:data1\" content=\"\u062f\u0642\u064a\u0642\u0629 \u0648\u0627\u062d\u062f\u0629\" \/>\n<script type=\"application\/ld+json\" class=\"yoast-schema-graph\">{\"@context\":\"https:\/\/schema.org\",\"@graph\":[{\"@type\":\"WebPage\",\"@id\":\"https:\/\/prixgro.com\/product\/mascara-go-big-or-go-home-kvd\/\",\"url\":\"https:\/\/prixgro.com\/product\/mascara-go-big-or-go-home-kvd\/\",\"name\":\"Mascara Go Big Or Go Home KVD - Prixgro\",\"isPartOf\":{\"@id\":\"https:\/\/prixgro.com\/#website\"},\"primaryImageOfPage\":{\"@id\":\"https:\/\/prixgro.com\/product\/mascara-go-big-or-go-home-kvd\/#primaryimage\"},\"image\":{\"@id\":\"https:\/\/prixgro.com\/product\/mascara-go-big-or-go-home-kvd\/#primaryimage\"},\"thumbnailUrl\":\"https:\/\/prixgro.com\/wp-content\/uploads\/2023\/09\/470385_swatch-scaled-e1678895497428.jpg\",\"datePublished\":\"2024-04-09T12:31:38+00:00\",\"dateModified\":\"2024-08-08T18:57:17+00:00\",\"breadcrumb\":{\"@id\":\"https:\/\/prixgro.com\/product\/mascara-go-big-or-go-home-kvd\/#breadcrumb\"},\"inLanguage\":\"ar\",\"potentialAction\":[{\"@type\":\"ReadAction\",\"target\":[\"https:\/\/prixgro.com\/product\/mascara-go-big-or-go-home-kvd\/\"]}]},{\"@type\":\"ImageObject\",\"inLanguage\":\"ar\",\"@id\":\"https:\/\/prixgro.com\/product\/mascara-go-big-or-go-home-kvd\/#primaryimage\",\"url\":\"https:\/\/prixgro.com\/wp-content\/uploads\/2023\/09\/470385_swatch-scaled-e1678895497428.jpg\",\"contentUrl\":\"https:\/\/prixgro.com\/wp-content\/uploads\/2023\/09\/470385_swatch-scaled-e1678895497428.jpg\",\"width\":500,\"height\":500},{\"@type\":\"BreadcrumbList\",\"@id\":\"https:\/\/prixgro.com\/product\/mascara-go-big-or-go-home-kvd\/#breadcrumb\",\"itemListElement\":[{\"@type\":\"ListItem\",\"position\":1,\"name\":\"Accueil\",\"item\":\"https:\/\/prixgro.com\/\"},{\"@type\":\"ListItem\",\"position\":2,\"name\":\"Boutique en ligne\",\"item\":\"https:\/\/prixgro.com\/shop\/\"},{\"@type\":\"ListItem\",\"position\":3,\"name\":\"Mascara Go Big Or Go Home KVD\"}]},{\"@type\":\"WebSite\",\"@id\":\"https:\/\/prixgro.com\/#website\",\"url\":\"https:\/\/prixgro.com\/\",\"name\":\"Prixgro.com\",\"description\":\"Para Pharmaceutique et Cosm\u00e9tique\",\"publisher\":{\"@id\":\"https:\/\/prixgro.com\/#organization\"},\"potentialAction\":[{\"@type\":\"SearchAction\",\"target\":{\"@type\":\"EntryPoint\",\"urlTemplate\":\"https:\/\/prixgro.com\/?s={search_term_string}\"},\"query-input\":{\"@type\":\"PropertyValueSpecification\",\"valueRequired\":true,\"valueName\":\"search_term_string\"}}],\"inLanguage\":\"ar\"},{\"@type\":\"Organization\",\"@id\":\"https:\/\/prixgro.com\/#organization\",\"name\":\"Prixgro\",\"url\":\"https:\/\/prixgro.com\/\",\"logo\":{\"@type\":\"ImageObject\",\"inLanguage\":\"ar\",\"@id\":\"https:\/\/prixgro.com\/#\/schema\/logo\/image\/\",\"url\":\"https:\/\/prixgro.com\/wp-content\/uploads\/2024\/08\/cropped-Nouveau-projet-2.png\",\"contentUrl\":\"https:\/\/prixgro.com\/wp-content\/uploads\/2024\/08\/cropped-Nouveau-projet-2.png\",\"width\":265,\"height\":62,\"caption\":\"Prixgro\"},\"image\":{\"@id\":\"https:\/\/prixgro.com\/#\/schema\/logo\/image\/\"},\"sameAs\":[\"https:\/\/www.facebook.com\/Pharmacima\"]}]}<\/script>\n<!-- \/ Yoast SEO plugin. -->","yoast_head_json":{"title":"Mascara Go Big Or Go Home KVD - Prixgro","robots":{"index":"index","follow":"follow","max-snippet":"max-snippet:-1","max-image-preview":"max-image-preview:large","max-video-preview":"max-video-preview:-1"},"canonical":"https:\/\/prixgro.com\/ar\/product\/mascara-go-big-or-go-home-kvd\/","og_locale":"ar_AR","og_type":"article","og_title":"Mascara Go Big Or Go Home KVD - Prixgro","og_description":"Un volume extr\u00eame, et une ultra longue tenue.Contenance : 4.3g","og_url":"https:\/\/prixgro.com\/ar\/product\/mascara-go-big-or-go-home-kvd\/","og_site_name":"Prixgro","article_publisher":"https:\/\/www.facebook.com\/Pharmacima","article_modified_time":"2024-08-08T18:57:17+00:00","og_image":[{"width":500,"height":500,"url":"https:\/\/prixgro.com\/wp-content\/uploads\/2023\/09\/470385_swatch-scaled-e1678895497428.jpg","type":"image\/jpeg"}],"twitter_card":"summary_large_image","twitter_misc":{"\u0648\u0642\u062a \u0627\u0644\u0642\u0631\u0627\u0621\u0629 \u0627\u0644\u0645\u064f\u0642\u062f\u0651\u0631":"\u062f\u0642\u064a\u0642\u0629 \u0648\u0627\u062d\u062f\u0629"},"schema":{"@context":"https:\/\/schema.org","@graph":[{"@type":"WebPage","@id":"https:\/\/prixgro.com\/product\/mascara-go-big-or-go-home-kvd\/","url":"https:\/\/prixgro.com\/product\/mascara-go-big-or-go-home-kvd\/","name":"Mascara Go Big Or Go Home KVD - Prixgro","isPartOf":{"@id":"https:\/\/prixgro.com\/#website"},"primaryImageOfPage":{"@id":"https:\/\/prixgro.com\/product\/mascara-go-big-or-go-home-kvd\/#primaryimage"},"image":{"@id":"https:\/\/prixgro.com\/product\/mascara-go-big-or-go-home-kvd\/#primaryimage"},"thumbnailUrl":"https:\/\/prixgro.com\/wp-content\/uploads\/2023\/09\/470385_swatch-scaled-e1678895497428.jpg","datePublished":"2024-04-09T12:31:38+00:00","dateModified":"2024-08-08T18:57:17+00:00","breadcrumb":{"@id":"https:\/\/prixgro.com\/product\/mascara-go-big-or-go-home-kvd\/#breadcrumb"},"inLanguage":"ar","potentialAction":[{"@type":"ReadAction","target":["https:\/\/prixgro.com\/product\/mascara-go-big-or-go-home-kvd\/"]}]},{"@type":"ImageObject","inLanguage":"ar","@id":"https:\/\/prixgro.com\/product\/mascara-go-big-or-go-home-kvd\/#primaryimage","url":"https:\/\/prixgro.com\/wp-content\/uploads\/2023\/09\/470385_swatch-scaled-e1678895497428.jpg","contentUrl":"https:\/\/prixgro.com\/wp-content\/uploads\/2023\/09\/470385_swatch-scaled-e1678895497428.jpg","width":500,"height":500},{"@type":"BreadcrumbList","@id":"https:\/\/prixgro.com\/product\/mascara-go-big-or-go-home-kvd\/#breadcrumb","itemListElement":[{"@type":"ListItem","position":1,"name":"Accueil","item":"https:\/\/prixgro.com\/"},{"@type":"ListItem","position":2,"name":"Boutique en ligne","item":"https:\/\/prixgro.com\/shop\/"},{"@type":"ListItem","position":3,"name":"Mascara Go Big Or Go Home KVD"}]},{"@type":"WebSite","@id":"https:\/\/prixgro.com\/#website","url":"https:\/\/prixgro.com\/","name":"Prixgro.com","description":"Para Pharmaceutique et Cosm\u00e9tique","publisher":{"@id":"https:\/\/prixgro.com\/#organization"},"potentialAction":[{"@type":"SearchAction","target":{"@type":"EntryPoint","urlTemplate":"https:\/\/prixgro.com\/?s={search_term_string}"},"query-input":{"@type":"PropertyValueSpecification","valueRequired":true,"valueName":"search_term_string"}}],"inLanguage":"ar"},{"@type":"Organization","@id":"https:\/\/prixgro.com\/#organization","name":"Prixgro","url":"https:\/\/prixgro.com\/","logo":{"@type":"ImageObject","inLanguage":"ar","@id":"https:\/\/prixgro.com\/#\/schema\/logo\/image\/","url":"https:\/\/prixgro.com\/wp-content\/uploads\/2024\/08\/cropped-Nouveau-projet-2.png","contentUrl":"https:\/\/prixgro.com\/wp-content\/uploads\/2024\/08\/cropped-Nouveau-projet-2.png","width":265,"height":62,"caption":"Prixgro"},"image":{"@id":"https:\/\/prixgro.com\/#\/schema\/logo\/image\/"},"sameAs":["https:\/\/www.facebook.com\/Pharmacima"]}]}},"_links":{"self":[{"href":"https:\/\/prixgro.com\/ar\/wp-json\/wp\/v2\/product\/142184","targetHints":{"allow":["GET"]}}],"collection":[{"href":"https:\/\/prixgro.com\/ar\/wp-json\/wp\/v2\/product"}],"about":[{"href":"https:\/\/prixgro.com\/ar\/wp-json\/wp\/v2\/types\/product"}],"replies":[{"embeddable":true,"href":"https:\/\/prixgro.com\/ar\/wp-json\/wp\/v2\/comments?post=142184"}],"wp:featuredmedia":[{"embeddable":true,"href":"https:\/\/prixgro.com\/ar\/wp-json\/wp\/v2\/media\/3922"}],"wp:attachment":[{"href":"https:\/\/prixgro.com\/ar\/wp-json\/wp\/v2\/media?parent=142184"}],"wp:term":[{"taxonomy":"product_cat","embeddable":true,"href":"https:\/\/prixgro.com\/ar\/wp-json\/wp\/v2\/product_cat?post=142184"},{"taxonomy":"product_tag","embeddable":true,"href":"https:\/\/prixgro.com\/ar\/wp-json\/wp\/v2\/product_tag?post=142184"},{"taxonomy":"berocket_brand","embeddable":true,"href":"https:\/\/prixgro.com\/ar\/wp-json\/wp\/v2\/berocket_brand?post=142184"}],"curies":[{"name":"wp","href":"https:\/\/api.w.org\/{rel}","templated":true}]}}