{"id":142187,"date":"2024-04-09T14:31:38","date_gmt":"2024-04-09T12:31:38","guid":{"rendered":"https:\/\/cloodmanager.net\/?post_type=product&#038;p=142187"},"modified":"2024-08-08T20:56:46","modified_gmt":"2024-08-08T18:56:46","slug":"palette-fards-a-sourcils-poudres-teinte-dark-mua-makeup-academy","status":"publish","type":"product","link":"https:\/\/prixgro.com\/ar\/product\/palette-fards-a-sourcils-poudres-teinte-dark-mua-makeup-academy\/","title":{"rendered":"Palette Fards \u00e0 Sourcils Poudr\u00e9s Teinte Dark Mua Makeup Academy"},"content":{"rendered":"<h2><strong>Description<\/strong> :<\/h2>\n<div class=\"sc-b1ieoh-3 egVaUV\">\n<div class=\"sc-aohf13-8 fKQRhg\">\n<div class=\"sc-aohf13-11 cpLdKK\">Gardez vos sourcils parfaits avec le kit de sourcils tout-en-un MUA Pro-Brow Ultimate Eyebrow Kit. Cet ensemble remplit, dessine et met en valeur les sourcils tout en les fixant dans la forme d\u00e9sir\u00e9e. Dot\u00e9 d&#8217;un pinceau \u00e0 deux extr\u00e9mit\u00e9s, il permet un maquillage nuanc\u00e9. Sans effort et avec pr\u00e9cision !<\/div>\n<\/div>\n<\/div>\n<div id=\"description-tab\" role=\"tabpanel\" aria-hidden=\"false\" data-mce-tabindex=\"0\">\n<div class=\"sc-b1ieoh-1 gbQpMG\">\n<section id=\"pdDescription\" class=\"sc-aohf13-13 sc-1eu1dd2-0 iGFsTL fotHFG\">\n<div id=\"pd-description-wrapper\" class=\"sc-aohf13-14 sc-1eu1dd2-1 fpMnDJ dJJaTr\">\n<div class=\"sc-1uodfit-0 jmbKpo\">\n<div id=\"pd-description-text\" class=\"sc-1eu1dd2-3 fsHaA-D\" data-testid=\"pd-description-text\">\n<p><strong>Caract\u00e9ristiques :<\/strong><\/p>\n<ul>\n<li>dessine et met en valeur les sourcils<\/li>\n<li>aide \u00e0 d\u00e9finir et \u00e0 fixer la forme du sourcil<\/li>\n<li>permet une pr\u00e9cision instantan\u00e9e<\/li>\n<li>livr\u00e9 avec une mini-pince \u00e0 \u00e9piler<\/li>\n<li>muni d&#8217;un pinceau \u00e0 double extr\u00e9mit\u00e9 pratique<\/li>\n<\/ul>\n<\/div>\n<\/div>\n<\/div>\n<\/section>\n<\/div>\n<\/div>\n<div class=\"sc-kgTSHT ikpXcr\" data-testid=\"ratings-wrapper\">\n<div class=\"sc-hBxehG gSVDCD\">\n<div class=\"sc-fnGiBr bkMHXQ\"><\/div>\n<\/div>\n<\/div>\n<h2><strong>Conseils d&#8217;utilisation<\/strong> :<\/h2>\n<p>Utilisez la mini-pince pour \u00e9liminer les poils ind\u00e9sirables. Remplissez, dessinez et modelez vos sourcils \u00e0 l&#8217;aide du pinceau biseaut\u00e9 afin d&#8217;obtenir la couleur et la forme id\u00e9ales.<\/p>\n<h2><strong>Composition<\/strong> :<\/h2>\n<div class=\"sc-ksBlkl iPbobL sc-aohf13-2\">\n<div class=\"sc-1otxejp-0 llvwtu\">\n<div id=\"tabAnchor\">\n<div id=\"composition-tab\" role=\"tabpanel\" aria-hidden=\"false\" data-mce-tabindex=\"0\">\n<div class=\"sc-b1ieoh-1 eaIZbh\">\n<div id=\"pd-composition-wrapper\" class=\"sc-116yzkq-0 jllYWp\">\n<div class=\"sc-116yzkq-2 hoqllD\">BROW POWDER: MICA, DIMETHICONE, MAGNESIUM MYRISTATE, SILICA, KAOLIN, PHENOXYETHANOL, CAPRYLYL GLYCOL [-\/+ CI 77499, CI 77491, CI 77492, CI 77891, CI 77007, CI 77266]. BROW WAX ETHYLHEXYL PALMITATE, POLYISOBUTENE, BUTYLENE\/ETHYLENE\/STYRENE COPOLYMER, CERESIN, SYNTHETIC BEESWAX, CERA MICROCRISTALLINA, POLYETHYLENE, BENTONITE, PHENOXYETHANOL.<\/div>\n<\/div>\n<\/div>\n<\/div>\n<div id=\"other-tab\" role=\"tabpanel\" aria-hidden=\"true\" data-mce-tabindex=\"-1\">\n<div class=\"sc-b1ieoh-1 fnnSLF\">\n<div id=\"pdOthersTab\" class=\"sc-cHGmPC jFPjeA\"><\/div>\n<\/div>\n<\/div>\n<div id=\"reviews-tab\" role=\"tabpanel\" aria-hidden=\"true\" data-mce-tabindex=\"-1\">\n<div class=\"sc-b1ieoh-1 fnnSLF\"><\/div>\n<\/div>\n<\/div>\n<\/div>\n<\/div>\n<div class=\"sc-ksBlkl iPbobL\">\n<div>\n<div data-testid=\"related-products-wrapper\">\n<section id=\"pd-related-products-header\" class=\"sc-dkmbz0-1 cLxJfI\">\n<div class=\"sc-dkmbz0-2 czXKXu\"><\/div>\n<\/section>\n<\/div>\n<\/div>\n<\/div>","protected":false},"excerpt":{"rendered":"<div class=\"sc-h83s98-4 fqSniA\">\n<p><span style=\"color: #800000\" data-mce-style=\"color: #800000;\"><em><strong>Dessine et met en valeur les sourcils tout en les fixant dans la forme d\u00e9sir\u00e9e.<\/strong><\/em><\/span><\/p>\n<p><span style=\"color: #800000\" data-mce-style=\"color: #800000;\"><em><strong>Teinte Dark 5,9g.<\/strong><\/em><\/span><\/p>\n<\/div>","protected":false},"featured_media":3927,"comment_status":"open","ping_status":"closed","template":"","meta":[],"product_cat":[429,433],"product_tag":[],"berocket_brand":[],"class_list":{"0":"post-142187","1":"product","2":"type-product","3":"status-publish","4":"has-post-thumbnail","6":"product_cat-maquillage","7":"product_cat-yeux-maquillage","9":"first","10":"outofstock","11":"shipping-taxable","12":"purchasable","13":"product-type-simple"},"yoast_head":"<!-- This site is optimized with the Yoast SEO plugin v24.8 - https:\/\/yoast.com\/wordpress\/plugins\/seo\/ -->\n<title>Palette Fards \u00e0 Sourcils Poudr\u00e9s Teinte Dark Mua Makeup Academy - Prixgro<\/title>\n<meta name=\"robots\" content=\"index, follow, max-snippet:-1, max-image-preview:large, max-video-preview:-1\" \/>\n<link rel=\"canonical\" href=\"https:\/\/prixgro.com\/ar\/product\/palette-fards-a-sourcils-poudres-teinte-dark-mua-makeup-academy\/\" \/>\n<meta property=\"og:locale\" content=\"ar_AR\" \/>\n<meta property=\"og:type\" content=\"article\" \/>\n<meta property=\"og:title\" content=\"Palette Fards \u00e0 Sourcils Poudr\u00e9s Teinte Dark Mua Makeup Academy - Prixgro\" \/>\n<meta property=\"og:description\" content=\"Dessine et met en valeur les sourcils tout en les fixant dans la forme d\u00e9sir\u00e9e.Teinte Dark 5,9g.\" \/>\n<meta property=\"og:url\" content=\"https:\/\/prixgro.com\/ar\/product\/palette-fards-a-sourcils-poudres-teinte-dark-mua-makeup-academy\/\" \/>\n<meta property=\"og:site_name\" content=\"Prixgro\" \/>\n<meta property=\"article:publisher\" content=\"https:\/\/www.facebook.com\/Pharmacima\" \/>\n<meta property=\"article:modified_time\" content=\"2024-08-08T18:56:46+00:00\" \/>\n<meta property=\"og:image\" content=\"https:\/\/prixgro.com\/wp-content\/uploads\/2023\/09\/Capture-MUA-MAKE-UP.png\" \/>\n\t<meta property=\"og:image:width\" content=\"417\" \/>\n\t<meta property=\"og:image:height\" content=\"422\" \/>\n\t<meta property=\"og:image:type\" content=\"image\/png\" \/>\n<meta name=\"twitter:card\" content=\"summary_large_image\" \/>\n<meta name=\"twitter:label1\" content=\"\u0648\u0642\u062a \u0627\u0644\u0642\u0631\u0627\u0621\u0629 \u0627\u0644\u0645\u064f\u0642\u062f\u0651\u0631\" \/>\n\t<meta name=\"twitter:data1\" content=\"\u062f\u0642\u064a\u0642\u0629 \u0648\u0627\u062d\u062f\u0629\" \/>\n<script type=\"application\/ld+json\" class=\"yoast-schema-graph\">{\"@context\":\"https:\/\/schema.org\",\"@graph\":[{\"@type\":\"WebPage\",\"@id\":\"https:\/\/prixgro.com\/product\/palette-fards-a-sourcils-poudres-teinte-dark-mua-makeup-academy\/\",\"url\":\"https:\/\/prixgro.com\/product\/palette-fards-a-sourcils-poudres-teinte-dark-mua-makeup-academy\/\",\"name\":\"Palette Fards \u00e0 Sourcils Poudr\u00e9s Teinte Dark Mua Makeup Academy - Prixgro\",\"isPartOf\":{\"@id\":\"https:\/\/prixgro.com\/#website\"},\"primaryImageOfPage\":{\"@id\":\"https:\/\/prixgro.com\/product\/palette-fards-a-sourcils-poudres-teinte-dark-mua-makeup-academy\/#primaryimage\"},\"image\":{\"@id\":\"https:\/\/prixgro.com\/product\/palette-fards-a-sourcils-poudres-teinte-dark-mua-makeup-academy\/#primaryimage\"},\"thumbnailUrl\":\"https:\/\/prixgro.com\/wp-content\/uploads\/2023\/09\/Capture-MUA-MAKE-UP.png\",\"datePublished\":\"2024-04-09T12:31:38+00:00\",\"dateModified\":\"2024-08-08T18:56:46+00:00\",\"breadcrumb\":{\"@id\":\"https:\/\/prixgro.com\/product\/palette-fards-a-sourcils-poudres-teinte-dark-mua-makeup-academy\/#breadcrumb\"},\"inLanguage\":\"ar\",\"potentialAction\":[{\"@type\":\"ReadAction\",\"target\":[\"https:\/\/prixgro.com\/product\/palette-fards-a-sourcils-poudres-teinte-dark-mua-makeup-academy\/\"]}]},{\"@type\":\"ImageObject\",\"inLanguage\":\"ar\",\"@id\":\"https:\/\/prixgro.com\/product\/palette-fards-a-sourcils-poudres-teinte-dark-mua-makeup-academy\/#primaryimage\",\"url\":\"https:\/\/prixgro.com\/wp-content\/uploads\/2023\/09\/Capture-MUA-MAKE-UP.png\",\"contentUrl\":\"https:\/\/prixgro.com\/wp-content\/uploads\/2023\/09\/Capture-MUA-MAKE-UP.png\",\"width\":417,\"height\":422},{\"@type\":\"BreadcrumbList\",\"@id\":\"https:\/\/prixgro.com\/product\/palette-fards-a-sourcils-poudres-teinte-dark-mua-makeup-academy\/#breadcrumb\",\"itemListElement\":[{\"@type\":\"ListItem\",\"position\":1,\"name\":\"Accueil\",\"item\":\"https:\/\/prixgro.com\/\"},{\"@type\":\"ListItem\",\"position\":2,\"name\":\"Boutique en ligne\",\"item\":\"https:\/\/prixgro.com\/shop\/\"},{\"@type\":\"ListItem\",\"position\":3,\"name\":\"Palette Fards \u00e0 Sourcils Poudr\u00e9s Teinte Dark Mua Makeup Academy\"}]},{\"@type\":\"WebSite\",\"@id\":\"https:\/\/prixgro.com\/#website\",\"url\":\"https:\/\/prixgro.com\/\",\"name\":\"Prixgro.com\",\"description\":\"Para Pharmaceutique et Cosm\u00e9tique\",\"publisher\":{\"@id\":\"https:\/\/prixgro.com\/#organization\"},\"potentialAction\":[{\"@type\":\"SearchAction\",\"target\":{\"@type\":\"EntryPoint\",\"urlTemplate\":\"https:\/\/prixgro.com\/?s={search_term_string}\"},\"query-input\":{\"@type\":\"PropertyValueSpecification\",\"valueRequired\":true,\"valueName\":\"search_term_string\"}}],\"inLanguage\":\"ar\"},{\"@type\":\"Organization\",\"@id\":\"https:\/\/prixgro.com\/#organization\",\"name\":\"Prixgro\",\"url\":\"https:\/\/prixgro.com\/\",\"logo\":{\"@type\":\"ImageObject\",\"inLanguage\":\"ar\",\"@id\":\"https:\/\/prixgro.com\/#\/schema\/logo\/image\/\",\"url\":\"https:\/\/prixgro.com\/wp-content\/uploads\/2024\/08\/cropped-Nouveau-projet-2.png\",\"contentUrl\":\"https:\/\/prixgro.com\/wp-content\/uploads\/2024\/08\/cropped-Nouveau-projet-2.png\",\"width\":265,\"height\":62,\"caption\":\"Prixgro\"},\"image\":{\"@id\":\"https:\/\/prixgro.com\/#\/schema\/logo\/image\/\"},\"sameAs\":[\"https:\/\/www.facebook.com\/Pharmacima\"]}]}<\/script>\n<!-- \/ Yoast SEO plugin. -->","yoast_head_json":{"title":"Palette Fards \u00e0 Sourcils Poudr\u00e9s Teinte Dark Mua Makeup Academy - Prixgro","robots":{"index":"index","follow":"follow","max-snippet":"max-snippet:-1","max-image-preview":"max-image-preview:large","max-video-preview":"max-video-preview:-1"},"canonical":"https:\/\/prixgro.com\/ar\/product\/palette-fards-a-sourcils-poudres-teinte-dark-mua-makeup-academy\/","og_locale":"ar_AR","og_type":"article","og_title":"Palette Fards \u00e0 Sourcils Poudr\u00e9s Teinte Dark Mua Makeup Academy - Prixgro","og_description":"Dessine et met en valeur les sourcils tout en les fixant dans la forme d\u00e9sir\u00e9e.Teinte Dark 5,9g.","og_url":"https:\/\/prixgro.com\/ar\/product\/palette-fards-a-sourcils-poudres-teinte-dark-mua-makeup-academy\/","og_site_name":"Prixgro","article_publisher":"https:\/\/www.facebook.com\/Pharmacima","article_modified_time":"2024-08-08T18:56:46+00:00","og_image":[{"width":417,"height":422,"url":"https:\/\/prixgro.com\/wp-content\/uploads\/2023\/09\/Capture-MUA-MAKE-UP.png","type":"image\/png"}],"twitter_card":"summary_large_image","twitter_misc":{"\u0648\u0642\u062a \u0627\u0644\u0642\u0631\u0627\u0621\u0629 \u0627\u0644\u0645\u064f\u0642\u062f\u0651\u0631":"\u062f\u0642\u064a\u0642\u0629 \u0648\u0627\u062d\u062f\u0629"},"schema":{"@context":"https:\/\/schema.org","@graph":[{"@type":"WebPage","@id":"https:\/\/prixgro.com\/product\/palette-fards-a-sourcils-poudres-teinte-dark-mua-makeup-academy\/","url":"https:\/\/prixgro.com\/product\/palette-fards-a-sourcils-poudres-teinte-dark-mua-makeup-academy\/","name":"Palette Fards \u00e0 Sourcils Poudr\u00e9s Teinte Dark Mua Makeup Academy - Prixgro","isPartOf":{"@id":"https:\/\/prixgro.com\/#website"},"primaryImageOfPage":{"@id":"https:\/\/prixgro.com\/product\/palette-fards-a-sourcils-poudres-teinte-dark-mua-makeup-academy\/#primaryimage"},"image":{"@id":"https:\/\/prixgro.com\/product\/palette-fards-a-sourcils-poudres-teinte-dark-mua-makeup-academy\/#primaryimage"},"thumbnailUrl":"https:\/\/prixgro.com\/wp-content\/uploads\/2023\/09\/Capture-MUA-MAKE-UP.png","datePublished":"2024-04-09T12:31:38+00:00","dateModified":"2024-08-08T18:56:46+00:00","breadcrumb":{"@id":"https:\/\/prixgro.com\/product\/palette-fards-a-sourcils-poudres-teinte-dark-mua-makeup-academy\/#breadcrumb"},"inLanguage":"ar","potentialAction":[{"@type":"ReadAction","target":["https:\/\/prixgro.com\/product\/palette-fards-a-sourcils-poudres-teinte-dark-mua-makeup-academy\/"]}]},{"@type":"ImageObject","inLanguage":"ar","@id":"https:\/\/prixgro.com\/product\/palette-fards-a-sourcils-poudres-teinte-dark-mua-makeup-academy\/#primaryimage","url":"https:\/\/prixgro.com\/wp-content\/uploads\/2023\/09\/Capture-MUA-MAKE-UP.png","contentUrl":"https:\/\/prixgro.com\/wp-content\/uploads\/2023\/09\/Capture-MUA-MAKE-UP.png","width":417,"height":422},{"@type":"BreadcrumbList","@id":"https:\/\/prixgro.com\/product\/palette-fards-a-sourcils-poudres-teinte-dark-mua-makeup-academy\/#breadcrumb","itemListElement":[{"@type":"ListItem","position":1,"name":"Accueil","item":"https:\/\/prixgro.com\/"},{"@type":"ListItem","position":2,"name":"Boutique en ligne","item":"https:\/\/prixgro.com\/shop\/"},{"@type":"ListItem","position":3,"name":"Palette Fards \u00e0 Sourcils Poudr\u00e9s Teinte Dark Mua Makeup Academy"}]},{"@type":"WebSite","@id":"https:\/\/prixgro.com\/#website","url":"https:\/\/prixgro.com\/","name":"Prixgro.com","description":"Para Pharmaceutique et Cosm\u00e9tique","publisher":{"@id":"https:\/\/prixgro.com\/#organization"},"potentialAction":[{"@type":"SearchAction","target":{"@type":"EntryPoint","urlTemplate":"https:\/\/prixgro.com\/?s={search_term_string}"},"query-input":{"@type":"PropertyValueSpecification","valueRequired":true,"valueName":"search_term_string"}}],"inLanguage":"ar"},{"@type":"Organization","@id":"https:\/\/prixgro.com\/#organization","name":"Prixgro","url":"https:\/\/prixgro.com\/","logo":{"@type":"ImageObject","inLanguage":"ar","@id":"https:\/\/prixgro.com\/#\/schema\/logo\/image\/","url":"https:\/\/prixgro.com\/wp-content\/uploads\/2024\/08\/cropped-Nouveau-projet-2.png","contentUrl":"https:\/\/prixgro.com\/wp-content\/uploads\/2024\/08\/cropped-Nouveau-projet-2.png","width":265,"height":62,"caption":"Prixgro"},"image":{"@id":"https:\/\/prixgro.com\/#\/schema\/logo\/image\/"},"sameAs":["https:\/\/www.facebook.com\/Pharmacima"]}]}},"_links":{"self":[{"href":"https:\/\/prixgro.com\/ar\/wp-json\/wp\/v2\/product\/142187","targetHints":{"allow":["GET"]}}],"collection":[{"href":"https:\/\/prixgro.com\/ar\/wp-json\/wp\/v2\/product"}],"about":[{"href":"https:\/\/prixgro.com\/ar\/wp-json\/wp\/v2\/types\/product"}],"replies":[{"embeddable":true,"href":"https:\/\/prixgro.com\/ar\/wp-json\/wp\/v2\/comments?post=142187"}],"wp:featuredmedia":[{"embeddable":true,"href":"https:\/\/prixgro.com\/ar\/wp-json\/wp\/v2\/media\/3927"}],"wp:attachment":[{"href":"https:\/\/prixgro.com\/ar\/wp-json\/wp\/v2\/media?parent=142187"}],"wp:term":[{"taxonomy":"product_cat","embeddable":true,"href":"https:\/\/prixgro.com\/ar\/wp-json\/wp\/v2\/product_cat?post=142187"},{"taxonomy":"product_tag","embeddable":true,"href":"https:\/\/prixgro.com\/ar\/wp-json\/wp\/v2\/product_tag?post=142187"},{"taxonomy":"berocket_brand","embeddable":true,"href":"https:\/\/prixgro.com\/ar\/wp-json\/wp\/v2\/berocket_brand?post=142187"}],"curies":[{"name":"wp","href":"https:\/\/api.w.org\/{rel}","templated":true}]}}