{"id":142192,"date":"2024-04-09T14:31:38","date_gmt":"2024-04-09T12:31:38","guid":{"rendered":"https:\/\/cloodmanager.net\/?post_type=product&#038;p=142192"},"modified":"2024-08-08T20:57:08","modified_gmt":"2024-08-08T18:57:08","slug":"fard-a-paupieres-essential-nacre-mua-makeup-academy","status":"publish","type":"product","link":"https:\/\/prixgro.com\/ar\/product\/fard-a-paupieres-essential-nacre-mua-makeup-academy\/","title":{"rendered":"Fard \u00e0 Paupi\u00e8res Essential Nacr\u00e9 Mua Makeup Academy"},"content":{"rendered":"<h2><strong>Description<\/strong> :<\/h2>\n<div id=\"pd-description-wrapper\" class=\"sc-aohf13-14 sc-1eu1dd2-1 fpMnDJ dJJaTr\">\n<div class=\"sc-1uodfit-0 gtnLee\">\n<div id=\"pd-description-text\" class=\"sc-1eu1dd2-3 fsHaA-D\" data-testid=\"pd-description-text\">\n<p>Pour \u00eatre belle de jour comme de nuit. Illuminez votre visage avec le fard \u00e0 paupi\u00e8res MUA Essential Shadow Pearl qui habille les paupi\u00e8res d&#8217;une couleur intens\u00e9ment pigment\u00e9e tout en offrant une finition mate et nacr\u00e9e.<\/p>\n<p><strong>Caract\u00e9ristiques :<\/strong><\/p>\n<ul>\n<li>sublime les paupi\u00e8res avec une couleur lumineuse<\/li>\n<li>intens\u00e9ment pigment\u00e9e<\/li>\n<li>offre une finition mate et nacr\u00e9e<\/li>\n<\/ul>\n<\/div>\n<\/div>\n<\/div>\n<div id=\"pdCharacteristics\" class=\"sc-1eu1dd2-5 eBtgrt\">\n<table class=\"sc-1eu1dd2-6 bRjGJe mce-item-table\">\n<tbody>\n<tr class=\"sc-1eu1dd2-9 qTgYd\">\n<td class=\"sc-1eu1dd2-7 jmyvvR\">Teinte<\/td>\n<td class=\"sc-1eu1dd2-8 hyNCTf\">marron, orange<\/td>\n<\/tr>\n<tr class=\"sc-1eu1dd2-9 qTgYd\">\n<td class=\"sc-1eu1dd2-7 jmyvvR\">Effet<\/td>\n<td class=\"sc-1eu1dd2-8 hyNCTf\">perle<\/td>\n<\/tr>\n<\/tbody>\n<\/table>\n<\/div>\n<h2><strong>Conseils d&#8217;utilisation<\/strong> :<\/h2>\n<p>Appliquez le fard sur les paupi\u00e8res \u00e0 l&#8217;aide d&#8217;un pinceau, d&#8217;un applicateur en mousse ou tout simplement du bout des doigts<\/p>\n<h2><strong>Composition<\/strong> :<\/h2>\n<div class=\"sc-ksBlkl iPbobL sc-aohf13-2\">\n<div class=\"sc-1otxejp-0 llvwtu\">\n<div id=\"tabAnchor\">\n<div id=\"composition-tab\" role=\"tabpanel\" aria-hidden=\"false\" data-mce-tabindex=\"0\">\n<div class=\"sc-b1ieoh-1 eaIZbh\">\n<div id=\"pd-composition-wrapper\" class=\"sc-116yzkq-0 jllYWp\">\n<div class=\"sc-116yzkq-2 hoqllD\">MICA, POLYISOBUTENE, PARAFFINUM LIQUIDUM, TRIETHYLHEXANOIN, PHENOXYETHANOL, SORBITAN ISOSTEARATE, ETHYLHEXYLGLYCERIN, TOCOPHERYL ACETATE, TOCOPHEROL, TIN OXIDE, CI 77491, CI 77891.<\/div>\n<\/div>\n<\/div>\n<\/div>\n<div id=\"other-tab\" role=\"tabpanel\" aria-hidden=\"true\" data-mce-tabindex=\"-1\">\n<div class=\"sc-b1ieoh-1 fnnSLF\">\n<div id=\"pdOthersTab\" class=\"sc-cHGmPC jFPjeA\"><\/div>\n<\/div>\n<\/div>\n<div id=\"reviews-tab\" role=\"tabpanel\" aria-hidden=\"true\" data-mce-tabindex=\"-1\">\n<div class=\"sc-b1ieoh-1 fnnSLF\"><\/div>\n<\/div>\n<\/div>\n<\/div>\n<\/div>\n<div class=\"sc-ksBlkl iPbobL\">\n<div>\n<div data-testid=\"related-products-wrapper\">\n<section id=\"pd-related-products-header\" class=\"sc-dkmbz0-1 cLxJfI\">\n<div class=\"sc-dkmbz0-2 czXKXu\"><\/div>\n<\/section>\n<\/div>\n<\/div>\n<\/div>","protected":false},"excerpt":{"rendered":"<p><span style=\"color: #800000\" data-mce-style=\"color: #800000;\"><em><strong>Habille les paupi\u00e8res d&#8217;une couleur intens\u00e9ment pigment\u00e9e tout en offrant une finition mate et nacr\u00e9e.\u00a0<\/strong><\/em><\/span><\/p>\n<p><span style=\"color: #800000\" data-mce-style=\"color: #800000;\"><em><strong>teinte Gingerbread 2.4 g<\/strong><\/em><\/span><\/p>","protected":false},"featured_media":3933,"comment_status":"open","ping_status":"closed","template":"","meta":[],"product_cat":[429,433],"product_tag":[],"berocket_brand":[],"class_list":{"0":"post-142192","1":"product","2":"type-product","3":"status-publish","4":"has-post-thumbnail","6":"product_cat-maquillage","7":"product_cat-yeux-maquillage","9":"first","10":"outofstock","11":"shipping-taxable","12":"purchasable","13":"product-type-simple"},"yoast_head":"<!-- This site is optimized with the Yoast SEO plugin v24.8 - https:\/\/yoast.com\/wordpress\/plugins\/seo\/ -->\n<title>Fard \u00e0 Paupi\u00e8res Essential Nacr\u00e9 Mua Makeup Academy - Prixgro<\/title>\n<meta name=\"robots\" content=\"index, follow, max-snippet:-1, max-image-preview:large, max-video-preview:-1\" \/>\n<link rel=\"canonical\" href=\"https:\/\/prixgro.com\/ar\/product\/fard-a-paupieres-essential-nacre-mua-makeup-academy\/\" \/>\n<meta property=\"og:locale\" content=\"ar_AR\" \/>\n<meta property=\"og:type\" content=\"article\" \/>\n<meta property=\"og:title\" content=\"Fard \u00e0 Paupi\u00e8res Essential Nacr\u00e9 Mua Makeup Academy - Prixgro\" \/>\n<meta property=\"og:description\" content=\"Habille les paupi\u00e8res d&#039;une couleur intens\u00e9ment pigment\u00e9e tout en offrant une finition mate et nacr\u00e9e.\u00a0teinte Gingerbread 2.4 g\" \/>\n<meta property=\"og:url\" content=\"https:\/\/prixgro.com\/ar\/product\/fard-a-paupieres-essential-nacre-mua-makeup-academy\/\" \/>\n<meta property=\"og:site_name\" content=\"Prixgro\" \/>\n<meta property=\"article:publisher\" content=\"https:\/\/www.facebook.com\/Pharmacima\" \/>\n<meta property=\"article:modified_time\" content=\"2024-08-08T18:57:08+00:00\" \/>\n<meta property=\"og:image\" content=\"https:\/\/prixgro.com\/wp-content\/uploads\/2023\/09\/Capture-PEARL-SHADOW.png\" \/>\n\t<meta property=\"og:image:width\" content=\"473\" \/>\n\t<meta property=\"og:image:height\" content=\"421\" \/>\n\t<meta property=\"og:image:type\" content=\"image\/png\" \/>\n<meta name=\"twitter:card\" content=\"summary_large_image\" \/>\n<script type=\"application\/ld+json\" class=\"yoast-schema-graph\">{\"@context\":\"https:\/\/schema.org\",\"@graph\":[{\"@type\":\"WebPage\",\"@id\":\"https:\/\/prixgro.com\/product\/fard-a-paupieres-essential-nacre-mua-makeup-academy\/\",\"url\":\"https:\/\/prixgro.com\/product\/fard-a-paupieres-essential-nacre-mua-makeup-academy\/\",\"name\":\"Fard \u00e0 Paupi\u00e8res Essential Nacr\u00e9 Mua Makeup Academy - Prixgro\",\"isPartOf\":{\"@id\":\"https:\/\/prixgro.com\/#website\"},\"primaryImageOfPage\":{\"@id\":\"https:\/\/prixgro.com\/product\/fard-a-paupieres-essential-nacre-mua-makeup-academy\/#primaryimage\"},\"image\":{\"@id\":\"https:\/\/prixgro.com\/product\/fard-a-paupieres-essential-nacre-mua-makeup-academy\/#primaryimage\"},\"thumbnailUrl\":\"https:\/\/prixgro.com\/wp-content\/uploads\/2023\/09\/Capture-PEARL-SHADOW.png\",\"datePublished\":\"2024-04-09T12:31:38+00:00\",\"dateModified\":\"2024-08-08T18:57:08+00:00\",\"breadcrumb\":{\"@id\":\"https:\/\/prixgro.com\/product\/fard-a-paupieres-essential-nacre-mua-makeup-academy\/#breadcrumb\"},\"inLanguage\":\"ar\",\"potentialAction\":[{\"@type\":\"ReadAction\",\"target\":[\"https:\/\/prixgro.com\/product\/fard-a-paupieres-essential-nacre-mua-makeup-academy\/\"]}]},{\"@type\":\"ImageObject\",\"inLanguage\":\"ar\",\"@id\":\"https:\/\/prixgro.com\/product\/fard-a-paupieres-essential-nacre-mua-makeup-academy\/#primaryimage\",\"url\":\"https:\/\/prixgro.com\/wp-content\/uploads\/2023\/09\/Capture-PEARL-SHADOW.png\",\"contentUrl\":\"https:\/\/prixgro.com\/wp-content\/uploads\/2023\/09\/Capture-PEARL-SHADOW.png\",\"width\":473,\"height\":421},{\"@type\":\"BreadcrumbList\",\"@id\":\"https:\/\/prixgro.com\/product\/fard-a-paupieres-essential-nacre-mua-makeup-academy\/#breadcrumb\",\"itemListElement\":[{\"@type\":\"ListItem\",\"position\":1,\"name\":\"Accueil\",\"item\":\"https:\/\/prixgro.com\/\"},{\"@type\":\"ListItem\",\"position\":2,\"name\":\"Boutique en ligne\",\"item\":\"https:\/\/prixgro.com\/shop\/\"},{\"@type\":\"ListItem\",\"position\":3,\"name\":\"Fard \u00e0 Paupi\u00e8res Essential Nacr\u00e9 Mua Makeup Academy\"}]},{\"@type\":\"WebSite\",\"@id\":\"https:\/\/prixgro.com\/#website\",\"url\":\"https:\/\/prixgro.com\/\",\"name\":\"Prixgro.com\",\"description\":\"Para Pharmaceutique et Cosm\u00e9tique\",\"publisher\":{\"@id\":\"https:\/\/prixgro.com\/#organization\"},\"potentialAction\":[{\"@type\":\"SearchAction\",\"target\":{\"@type\":\"EntryPoint\",\"urlTemplate\":\"https:\/\/prixgro.com\/?s={search_term_string}\"},\"query-input\":{\"@type\":\"PropertyValueSpecification\",\"valueRequired\":true,\"valueName\":\"search_term_string\"}}],\"inLanguage\":\"ar\"},{\"@type\":\"Organization\",\"@id\":\"https:\/\/prixgro.com\/#organization\",\"name\":\"Prixgro\",\"url\":\"https:\/\/prixgro.com\/\",\"logo\":{\"@type\":\"ImageObject\",\"inLanguage\":\"ar\",\"@id\":\"https:\/\/prixgro.com\/#\/schema\/logo\/image\/\",\"url\":\"https:\/\/prixgro.com\/wp-content\/uploads\/2024\/08\/cropped-Nouveau-projet-2.png\",\"contentUrl\":\"https:\/\/prixgro.com\/wp-content\/uploads\/2024\/08\/cropped-Nouveau-projet-2.png\",\"width\":265,\"height\":62,\"caption\":\"Prixgro\"},\"image\":{\"@id\":\"https:\/\/prixgro.com\/#\/schema\/logo\/image\/\"},\"sameAs\":[\"https:\/\/www.facebook.com\/Pharmacima\"]}]}<\/script>\n<!-- \/ Yoast SEO plugin. -->","yoast_head_json":{"title":"Fard \u00e0 Paupi\u00e8res Essential Nacr\u00e9 Mua Makeup Academy - Prixgro","robots":{"index":"index","follow":"follow","max-snippet":"max-snippet:-1","max-image-preview":"max-image-preview:large","max-video-preview":"max-video-preview:-1"},"canonical":"https:\/\/prixgro.com\/ar\/product\/fard-a-paupieres-essential-nacre-mua-makeup-academy\/","og_locale":"ar_AR","og_type":"article","og_title":"Fard \u00e0 Paupi\u00e8res Essential Nacr\u00e9 Mua Makeup Academy - Prixgro","og_description":"Habille les paupi\u00e8res d'une couleur intens\u00e9ment pigment\u00e9e tout en offrant une finition mate et nacr\u00e9e.\u00a0teinte Gingerbread 2.4 g","og_url":"https:\/\/prixgro.com\/ar\/product\/fard-a-paupieres-essential-nacre-mua-makeup-academy\/","og_site_name":"Prixgro","article_publisher":"https:\/\/www.facebook.com\/Pharmacima","article_modified_time":"2024-08-08T18:57:08+00:00","og_image":[{"width":473,"height":421,"url":"https:\/\/prixgro.com\/wp-content\/uploads\/2023\/09\/Capture-PEARL-SHADOW.png","type":"image\/png"}],"twitter_card":"summary_large_image","schema":{"@context":"https:\/\/schema.org","@graph":[{"@type":"WebPage","@id":"https:\/\/prixgro.com\/product\/fard-a-paupieres-essential-nacre-mua-makeup-academy\/","url":"https:\/\/prixgro.com\/product\/fard-a-paupieres-essential-nacre-mua-makeup-academy\/","name":"Fard \u00e0 Paupi\u00e8res Essential Nacr\u00e9 Mua Makeup Academy - Prixgro","isPartOf":{"@id":"https:\/\/prixgro.com\/#website"},"primaryImageOfPage":{"@id":"https:\/\/prixgro.com\/product\/fard-a-paupieres-essential-nacre-mua-makeup-academy\/#primaryimage"},"image":{"@id":"https:\/\/prixgro.com\/product\/fard-a-paupieres-essential-nacre-mua-makeup-academy\/#primaryimage"},"thumbnailUrl":"https:\/\/prixgro.com\/wp-content\/uploads\/2023\/09\/Capture-PEARL-SHADOW.png","datePublished":"2024-04-09T12:31:38+00:00","dateModified":"2024-08-08T18:57:08+00:00","breadcrumb":{"@id":"https:\/\/prixgro.com\/product\/fard-a-paupieres-essential-nacre-mua-makeup-academy\/#breadcrumb"},"inLanguage":"ar","potentialAction":[{"@type":"ReadAction","target":["https:\/\/prixgro.com\/product\/fard-a-paupieres-essential-nacre-mua-makeup-academy\/"]}]},{"@type":"ImageObject","inLanguage":"ar","@id":"https:\/\/prixgro.com\/product\/fard-a-paupieres-essential-nacre-mua-makeup-academy\/#primaryimage","url":"https:\/\/prixgro.com\/wp-content\/uploads\/2023\/09\/Capture-PEARL-SHADOW.png","contentUrl":"https:\/\/prixgro.com\/wp-content\/uploads\/2023\/09\/Capture-PEARL-SHADOW.png","width":473,"height":421},{"@type":"BreadcrumbList","@id":"https:\/\/prixgro.com\/product\/fard-a-paupieres-essential-nacre-mua-makeup-academy\/#breadcrumb","itemListElement":[{"@type":"ListItem","position":1,"name":"Accueil","item":"https:\/\/prixgro.com\/"},{"@type":"ListItem","position":2,"name":"Boutique en ligne","item":"https:\/\/prixgro.com\/shop\/"},{"@type":"ListItem","position":3,"name":"Fard \u00e0 Paupi\u00e8res Essential Nacr\u00e9 Mua Makeup Academy"}]},{"@type":"WebSite","@id":"https:\/\/prixgro.com\/#website","url":"https:\/\/prixgro.com\/","name":"Prixgro.com","description":"Para Pharmaceutique et Cosm\u00e9tique","publisher":{"@id":"https:\/\/prixgro.com\/#organization"},"potentialAction":[{"@type":"SearchAction","target":{"@type":"EntryPoint","urlTemplate":"https:\/\/prixgro.com\/?s={search_term_string}"},"query-input":{"@type":"PropertyValueSpecification","valueRequired":true,"valueName":"search_term_string"}}],"inLanguage":"ar"},{"@type":"Organization","@id":"https:\/\/prixgro.com\/#organization","name":"Prixgro","url":"https:\/\/prixgro.com\/","logo":{"@type":"ImageObject","inLanguage":"ar","@id":"https:\/\/prixgro.com\/#\/schema\/logo\/image\/","url":"https:\/\/prixgro.com\/wp-content\/uploads\/2024\/08\/cropped-Nouveau-projet-2.png","contentUrl":"https:\/\/prixgro.com\/wp-content\/uploads\/2024\/08\/cropped-Nouveau-projet-2.png","width":265,"height":62,"caption":"Prixgro"},"image":{"@id":"https:\/\/prixgro.com\/#\/schema\/logo\/image\/"},"sameAs":["https:\/\/www.facebook.com\/Pharmacima"]}]}},"_links":{"self":[{"href":"https:\/\/prixgro.com\/ar\/wp-json\/wp\/v2\/product\/142192","targetHints":{"allow":["GET"]}}],"collection":[{"href":"https:\/\/prixgro.com\/ar\/wp-json\/wp\/v2\/product"}],"about":[{"href":"https:\/\/prixgro.com\/ar\/wp-json\/wp\/v2\/types\/product"}],"replies":[{"embeddable":true,"href":"https:\/\/prixgro.com\/ar\/wp-json\/wp\/v2\/comments?post=142192"}],"wp:featuredmedia":[{"embeddable":true,"href":"https:\/\/prixgro.com\/ar\/wp-json\/wp\/v2\/media\/3933"}],"wp:attachment":[{"href":"https:\/\/prixgro.com\/ar\/wp-json\/wp\/v2\/media?parent=142192"}],"wp:term":[{"taxonomy":"product_cat","embeddable":true,"href":"https:\/\/prixgro.com\/ar\/wp-json\/wp\/v2\/product_cat?post=142192"},{"taxonomy":"product_tag","embeddable":true,"href":"https:\/\/prixgro.com\/ar\/wp-json\/wp\/v2\/product_tag?post=142192"},{"taxonomy":"berocket_brand","embeddable":true,"href":"https:\/\/prixgro.com\/ar\/wp-json\/wp\/v2\/berocket_brand?post=142192"}],"curies":[{"name":"wp","href":"https:\/\/api.w.org\/{rel}","templated":true}]}}