{"id":142196,"date":"2024-04-09T14:31:39","date_gmt":"2024-04-09T12:31:39","guid":{"rendered":"https:\/\/cloodmanager.net\/?post_type=product&#038;p=142196"},"modified":"2024-08-08T20:59:18","modified_gmt":"2024-08-08T18:59:18","slug":"mascara-pillow-talk-push-up-lashes-black-charlotte-tilbury","status":"publish","type":"product","link":"https:\/\/prixgro.com\/ar\/product\/mascara-pillow-talk-push-up-lashes-black-charlotte-tilbury\/","title":{"rendered":"Mascara Pillow Talk Push up Lashes Black Charlotte Tilbury"},"content":{"rendered":"<h2><strong>DESCRIPTION :<\/strong><\/h2>\n<p>Les maquilleurs ne sont pas beaucoup plus l\u00e9gendaires que Charlotte Tilbury\u00a0;\u00a0avec vingt ans dans l&#8217;industrie, elle est une v\u00e9ritable pionni\u00e8re cr\u00e9ant des looks pour certains des visages les plus embl\u00e9matiques du cin\u00e9ma et de la mode.<\/p>\n<p>\u00a0Incarnation du glamour moderne, sa gamme \u00e9ponyme met en vedette des formules de luxe performantes.\u00a0\u00c9l\u00e9gants, d\u00e9cadents et fabuleusement f\u00e9minins, les cils push-up Pillow Talk\u00a0!\u00a0Le mascara offre un volume instantan\u00e9, de la longueur et un effet lifting 24 heures<\/p>\n<p>&#8211; pour des yeux plus grands, plus lumineux et plus d\u00e9finis.<\/p>\n<p>Pour vous aider \u00e0 prendre les meilleures d\u00e9cisions en mati\u00e8re de cils, les cils push-up Pillow Talk !\u00a0le mascara donne une couverture noire d&#8217;encre pour une d\u00e9finition intense qui ne tache pas inutilement ou ne bouge pas avec l&#8217;humidit\u00e9.<\/p>\n<p>\u00a0Les cils paraissent rehauss\u00e9s sans avoir besoin d&#8217;un recourbe-cils, et la formule \u00e0 effet stretch (gr\u00e2ce aux ingr\u00e9dients d\u00e9riv\u00e9s du m\u00e9l\u00e8ze) offre confort et tenue toute la journ\u00e9e.<\/p>\n<p>La brosse \u00e0 palette de pr\u00e9cision micro pro intelligente est dot\u00e9e de la technologie de charge, de peigne et de levage, et est aliment\u00e9e par des poils en forme de diamant qui suivent la forme de vos cils, permettant \u00e0 la baguette de lire votre \u00e9ventail de cils naturels pour un effet grossissant.\u00a0<\/p>\n<p>Avec chaque cil individuel (m\u00eame les plus petits !) saisi et soulev\u00e9 verticalement par la formule renforc\u00e9e \u00e0 la k\u00e9ratine et \u00e9paississante, les cheveux sont conditionn\u00e9s et heureux, tandis que les cires de carnauba et microcristallines ajoutent de la texture pour plus de volume et de corps, sans les alourdir. bas<\/p>\n<h2><strong>CONSEIL D&#8217;UTILISATION :<\/strong><\/h2>\n<p>Tenez la brosse horizontalement et utilisez le c\u00f4t\u00e9 plat pour pousser vers le haut et enduire les cils<\/p>\n<h2><strong>COMPOSITION :<\/strong><\/h2>\n<p>Aqua\/Water\/Eau, Iron Oxides (Ci 77499), Microcrystalline Wax\/Cera Microcristallina\/Cire Microcristalline, Stearic Acid, Cera Carnauba\/Copernicia Cerifera (Carnauba) Wax\/Cire De Carnauba, Glyceryl Stearate, Acrylates Copolymer, Hydrogenated Vegetable Oil, Butylene Glycol, Ricinus Communis (Castor) Seed Oil, Stearyl Stearate, Ultramarines (Ci 77007), Aminomethyl Propanol, Caprylyl Glycol, Phenoxyethanol, Galactoarabinan, Sodium Dehydroacetate, Tocopheryl Acetate, Laurdimonium Hydroxypropyl Hydrolyzed Keratin, Laureth-21, BHT.<\/p>","protected":false},"excerpt":{"rendered":"<h3><em><strong>Une couverture noire d&#8217;encre pour une d\u00e9finition intense.<\/strong><\/em><\/h3>\n<p><strong>Contenance 4ml<\/strong><\/p>","protected":false},"featured_media":3939,"comment_status":"open","ping_status":"closed","template":"","meta":[],"product_cat":[429,433],"product_tag":[],"berocket_brand":[],"class_list":{"0":"post-142196","1":"product","2":"type-product","3":"status-publish","4":"has-post-thumbnail","6":"product_cat-maquillage","7":"product_cat-yeux-maquillage","9":"first","10":"outofstock","11":"shipping-taxable","12":"purchasable","13":"product-type-simple"},"yoast_head":"<!-- This site is optimized with the Yoast SEO plugin v24.8 - https:\/\/yoast.com\/wordpress\/plugins\/seo\/ -->\n<title>Mascara Pillow Talk Push up Lashes Black Charlotte Tilbury - Prixgro<\/title>\n<meta name=\"robots\" content=\"index, follow, max-snippet:-1, max-image-preview:large, max-video-preview:-1\" \/>\n<link rel=\"canonical\" href=\"https:\/\/prixgro.com\/ar\/product\/mascara-pillow-talk-push-up-lashes-black-charlotte-tilbury\/\" \/>\n<meta property=\"og:locale\" content=\"ar_AR\" \/>\n<meta property=\"og:type\" content=\"article\" \/>\n<meta property=\"og:title\" content=\"Mascara Pillow Talk Push up Lashes Black Charlotte Tilbury - Prixgro\" \/>\n<meta property=\"og:description\" content=\"Une couverture noire d&#039;encre pour une d\u00e9finition intense.Contenance 4ml\" \/>\n<meta property=\"og:url\" content=\"https:\/\/prixgro.com\/ar\/product\/mascara-pillow-talk-push-up-lashes-black-charlotte-tilbury\/\" \/>\n<meta property=\"og:site_name\" content=\"Prixgro\" \/>\n<meta property=\"article:publisher\" content=\"https:\/\/www.facebook.com\/Pharmacima\" \/>\n<meta property=\"article:modified_time\" content=\"2024-08-08T18:59:18+00:00\" \/>\n<meta property=\"og:image\" content=\"https:\/\/prixgro.com\/wp-content\/uploads\/2023\/09\/13323449-1854896629689158-scaled-e1679407001507.jpg\" \/>\n\t<meta property=\"og:image:width\" content=\"500\" \/>\n\t<meta property=\"og:image:height\" content=\"500\" \/>\n\t<meta property=\"og:image:type\" content=\"image\/jpeg\" \/>\n<meta name=\"twitter:card\" content=\"summary_large_image\" \/>\n<meta name=\"twitter:label1\" content=\"\u0648\u0642\u062a \u0627\u0644\u0642\u0631\u0627\u0621\u0629 \u0627\u0644\u0645\u064f\u0642\u062f\u0651\u0631\" \/>\n\t<meta name=\"twitter:data1\" content=\"\u062f\u0642\u064a\u0642\u062a\u0627\u0646\" \/>\n<script type=\"application\/ld+json\" class=\"yoast-schema-graph\">{\"@context\":\"https:\/\/schema.org\",\"@graph\":[{\"@type\":\"WebPage\",\"@id\":\"https:\/\/prixgro.com\/product\/mascara-pillow-talk-push-up-lashes-black-charlotte-tilbury\/\",\"url\":\"https:\/\/prixgro.com\/product\/mascara-pillow-talk-push-up-lashes-black-charlotte-tilbury\/\",\"name\":\"Mascara Pillow Talk Push up Lashes Black Charlotte Tilbury - Prixgro\",\"isPartOf\":{\"@id\":\"https:\/\/prixgro.com\/#website\"},\"primaryImageOfPage\":{\"@id\":\"https:\/\/prixgro.com\/product\/mascara-pillow-talk-push-up-lashes-black-charlotte-tilbury\/#primaryimage\"},\"image\":{\"@id\":\"https:\/\/prixgro.com\/product\/mascara-pillow-talk-push-up-lashes-black-charlotte-tilbury\/#primaryimage\"},\"thumbnailUrl\":\"https:\/\/prixgro.com\/wp-content\/uploads\/2023\/09\/13323449-1854896629689158-scaled-e1679407001507.jpg\",\"datePublished\":\"2024-04-09T12:31:39+00:00\",\"dateModified\":\"2024-08-08T18:59:18+00:00\",\"breadcrumb\":{\"@id\":\"https:\/\/prixgro.com\/product\/mascara-pillow-talk-push-up-lashes-black-charlotte-tilbury\/#breadcrumb\"},\"inLanguage\":\"ar\",\"potentialAction\":[{\"@type\":\"ReadAction\",\"target\":[\"https:\/\/prixgro.com\/product\/mascara-pillow-talk-push-up-lashes-black-charlotte-tilbury\/\"]}]},{\"@type\":\"ImageObject\",\"inLanguage\":\"ar\",\"@id\":\"https:\/\/prixgro.com\/product\/mascara-pillow-talk-push-up-lashes-black-charlotte-tilbury\/#primaryimage\",\"url\":\"https:\/\/prixgro.com\/wp-content\/uploads\/2023\/09\/13323449-1854896629689158-scaled-e1679407001507.jpg\",\"contentUrl\":\"https:\/\/prixgro.com\/wp-content\/uploads\/2023\/09\/13323449-1854896629689158-scaled-e1679407001507.jpg\",\"width\":500,\"height\":500},{\"@type\":\"BreadcrumbList\",\"@id\":\"https:\/\/prixgro.com\/product\/mascara-pillow-talk-push-up-lashes-black-charlotte-tilbury\/#breadcrumb\",\"itemListElement\":[{\"@type\":\"ListItem\",\"position\":1,\"name\":\"Accueil\",\"item\":\"https:\/\/prixgro.com\/\"},{\"@type\":\"ListItem\",\"position\":2,\"name\":\"Boutique en ligne\",\"item\":\"https:\/\/prixgro.com\/shop\/\"},{\"@type\":\"ListItem\",\"position\":3,\"name\":\"Mascara Pillow Talk Push up Lashes Black Charlotte Tilbury\"}]},{\"@type\":\"WebSite\",\"@id\":\"https:\/\/prixgro.com\/#website\",\"url\":\"https:\/\/prixgro.com\/\",\"name\":\"Prixgro.com\",\"description\":\"Para Pharmaceutique et Cosm\u00e9tique\",\"publisher\":{\"@id\":\"https:\/\/prixgro.com\/#organization\"},\"potentialAction\":[{\"@type\":\"SearchAction\",\"target\":{\"@type\":\"EntryPoint\",\"urlTemplate\":\"https:\/\/prixgro.com\/?s={search_term_string}\"},\"query-input\":{\"@type\":\"PropertyValueSpecification\",\"valueRequired\":true,\"valueName\":\"search_term_string\"}}],\"inLanguage\":\"ar\"},{\"@type\":\"Organization\",\"@id\":\"https:\/\/prixgro.com\/#organization\",\"name\":\"Prixgro\",\"url\":\"https:\/\/prixgro.com\/\",\"logo\":{\"@type\":\"ImageObject\",\"inLanguage\":\"ar\",\"@id\":\"https:\/\/prixgro.com\/#\/schema\/logo\/image\/\",\"url\":\"https:\/\/prixgro.com\/wp-content\/uploads\/2024\/08\/cropped-Nouveau-projet-2.png\",\"contentUrl\":\"https:\/\/prixgro.com\/wp-content\/uploads\/2024\/08\/cropped-Nouveau-projet-2.png\",\"width\":265,\"height\":62,\"caption\":\"Prixgro\"},\"image\":{\"@id\":\"https:\/\/prixgro.com\/#\/schema\/logo\/image\/\"},\"sameAs\":[\"https:\/\/www.facebook.com\/Pharmacima\"]}]}<\/script>\n<!-- \/ Yoast SEO plugin. -->","yoast_head_json":{"title":"Mascara Pillow Talk Push up Lashes Black Charlotte Tilbury - Prixgro","robots":{"index":"index","follow":"follow","max-snippet":"max-snippet:-1","max-image-preview":"max-image-preview:large","max-video-preview":"max-video-preview:-1"},"canonical":"https:\/\/prixgro.com\/ar\/product\/mascara-pillow-talk-push-up-lashes-black-charlotte-tilbury\/","og_locale":"ar_AR","og_type":"article","og_title":"Mascara Pillow Talk Push up Lashes Black Charlotte Tilbury - Prixgro","og_description":"Une couverture noire d'encre pour une d\u00e9finition intense.Contenance 4ml","og_url":"https:\/\/prixgro.com\/ar\/product\/mascara-pillow-talk-push-up-lashes-black-charlotte-tilbury\/","og_site_name":"Prixgro","article_publisher":"https:\/\/www.facebook.com\/Pharmacima","article_modified_time":"2024-08-08T18:59:18+00:00","og_image":[{"width":500,"height":500,"url":"https:\/\/prixgro.com\/wp-content\/uploads\/2023\/09\/13323449-1854896629689158-scaled-e1679407001507.jpg","type":"image\/jpeg"}],"twitter_card":"summary_large_image","twitter_misc":{"\u0648\u0642\u062a \u0627\u0644\u0642\u0631\u0627\u0621\u0629 \u0627\u0644\u0645\u064f\u0642\u062f\u0651\u0631":"\u062f\u0642\u064a\u0642\u062a\u0627\u0646"},"schema":{"@context":"https:\/\/schema.org","@graph":[{"@type":"WebPage","@id":"https:\/\/prixgro.com\/product\/mascara-pillow-talk-push-up-lashes-black-charlotte-tilbury\/","url":"https:\/\/prixgro.com\/product\/mascara-pillow-talk-push-up-lashes-black-charlotte-tilbury\/","name":"Mascara Pillow Talk Push up Lashes Black Charlotte Tilbury - Prixgro","isPartOf":{"@id":"https:\/\/prixgro.com\/#website"},"primaryImageOfPage":{"@id":"https:\/\/prixgro.com\/product\/mascara-pillow-talk-push-up-lashes-black-charlotte-tilbury\/#primaryimage"},"image":{"@id":"https:\/\/prixgro.com\/product\/mascara-pillow-talk-push-up-lashes-black-charlotte-tilbury\/#primaryimage"},"thumbnailUrl":"https:\/\/prixgro.com\/wp-content\/uploads\/2023\/09\/13323449-1854896629689158-scaled-e1679407001507.jpg","datePublished":"2024-04-09T12:31:39+00:00","dateModified":"2024-08-08T18:59:18+00:00","breadcrumb":{"@id":"https:\/\/prixgro.com\/product\/mascara-pillow-talk-push-up-lashes-black-charlotte-tilbury\/#breadcrumb"},"inLanguage":"ar","potentialAction":[{"@type":"ReadAction","target":["https:\/\/prixgro.com\/product\/mascara-pillow-talk-push-up-lashes-black-charlotte-tilbury\/"]}]},{"@type":"ImageObject","inLanguage":"ar","@id":"https:\/\/prixgro.com\/product\/mascara-pillow-talk-push-up-lashes-black-charlotte-tilbury\/#primaryimage","url":"https:\/\/prixgro.com\/wp-content\/uploads\/2023\/09\/13323449-1854896629689158-scaled-e1679407001507.jpg","contentUrl":"https:\/\/prixgro.com\/wp-content\/uploads\/2023\/09\/13323449-1854896629689158-scaled-e1679407001507.jpg","width":500,"height":500},{"@type":"BreadcrumbList","@id":"https:\/\/prixgro.com\/product\/mascara-pillow-talk-push-up-lashes-black-charlotte-tilbury\/#breadcrumb","itemListElement":[{"@type":"ListItem","position":1,"name":"Accueil","item":"https:\/\/prixgro.com\/"},{"@type":"ListItem","position":2,"name":"Boutique en ligne","item":"https:\/\/prixgro.com\/shop\/"},{"@type":"ListItem","position":3,"name":"Mascara Pillow Talk Push up Lashes Black Charlotte Tilbury"}]},{"@type":"WebSite","@id":"https:\/\/prixgro.com\/#website","url":"https:\/\/prixgro.com\/","name":"Prixgro.com","description":"Para Pharmaceutique et Cosm\u00e9tique","publisher":{"@id":"https:\/\/prixgro.com\/#organization"},"potentialAction":[{"@type":"SearchAction","target":{"@type":"EntryPoint","urlTemplate":"https:\/\/prixgro.com\/?s={search_term_string}"},"query-input":{"@type":"PropertyValueSpecification","valueRequired":true,"valueName":"search_term_string"}}],"inLanguage":"ar"},{"@type":"Organization","@id":"https:\/\/prixgro.com\/#organization","name":"Prixgro","url":"https:\/\/prixgro.com\/","logo":{"@type":"ImageObject","inLanguage":"ar","@id":"https:\/\/prixgro.com\/#\/schema\/logo\/image\/","url":"https:\/\/prixgro.com\/wp-content\/uploads\/2024\/08\/cropped-Nouveau-projet-2.png","contentUrl":"https:\/\/prixgro.com\/wp-content\/uploads\/2024\/08\/cropped-Nouveau-projet-2.png","width":265,"height":62,"caption":"Prixgro"},"image":{"@id":"https:\/\/prixgro.com\/#\/schema\/logo\/image\/"},"sameAs":["https:\/\/www.facebook.com\/Pharmacima"]}]}},"_links":{"self":[{"href":"https:\/\/prixgro.com\/ar\/wp-json\/wp\/v2\/product\/142196","targetHints":{"allow":["GET"]}}],"collection":[{"href":"https:\/\/prixgro.com\/ar\/wp-json\/wp\/v2\/product"}],"about":[{"href":"https:\/\/prixgro.com\/ar\/wp-json\/wp\/v2\/types\/product"}],"replies":[{"embeddable":true,"href":"https:\/\/prixgro.com\/ar\/wp-json\/wp\/v2\/comments?post=142196"}],"wp:featuredmedia":[{"embeddable":true,"href":"https:\/\/prixgro.com\/ar\/wp-json\/wp\/v2\/media\/3939"}],"wp:attachment":[{"href":"https:\/\/prixgro.com\/ar\/wp-json\/wp\/v2\/media?parent=142196"}],"wp:term":[{"taxonomy":"product_cat","embeddable":true,"href":"https:\/\/prixgro.com\/ar\/wp-json\/wp\/v2\/product_cat?post=142196"},{"taxonomy":"product_tag","embeddable":true,"href":"https:\/\/prixgro.com\/ar\/wp-json\/wp\/v2\/product_tag?post=142196"},{"taxonomy":"berocket_brand","embeddable":true,"href":"https:\/\/prixgro.com\/ar\/wp-json\/wp\/v2\/berocket_brand?post=142196"}],"curies":[{"name":"wp","href":"https:\/\/api.w.org\/{rel}","templated":true}]}}