{"id":142201,"date":"2024-04-09T14:31:39","date_gmt":"2024-04-09T12:31:39","guid":{"rendered":"https:\/\/cloodmanager.net\/?post_type=product&#038;p=142201"},"modified":"2024-08-08T20:59:31","modified_gmt":"2024-08-08T18:59:31","slug":"stay-care-gel-top-coat-nocibe","status":"publish","type":"product","link":"https:\/\/prixgro.com\/ar\/product\/stay-care-gel-top-coat-nocibe\/","title":{"rendered":"Stay &#038; Care Gel Top Coat Nocib\u00e9"},"content":{"rendered":"<h2><strong>DESCRIPTION :<\/strong><\/h2>\n<p>Pr\u00eate pour une manucure et p\u00e9dicure compl\u00e8tes \u00e0 la maison ?<\/p>\n<p>Facile \u00e0 appliquer, facile \u00e0 retirer, leGEL Top Coat\u00a0 dure jusqu&#8217;\u00e0 10 jours pour un r\u00e9sultat parfait et professionnel !<\/p>\n<p>Pour un r\u00e9sultat lisse et ultra-brillant. Appliqu\u00e9 apr\u00e8s la couleur, le\u00a0 Gel\u00a0 Top Coat donne un effet ultra-brillant \u00e0 la couleur et prolonge sa tenue.<\/p>\n<p>Quelques r\u00e8gles pour un usage optimal du vernis GEL Nocib\u00e9 :<\/p>\n<p>&#8211; Appliquer le d\u00e9graissant pour ongles<br \/>\n-Utiliser la routine base coat (1 couche), couleur (2 couches fines) et top coat (1 couche)<br \/>\n-Respecter les temps de s\u00e9chage indiqu\u00e9.<br \/>\n-Utiliser une lampe LED (non UV) d\u2019un minimum de 36 W<br \/>\n-Lors de la pose, le vernis ne doit pas toucher la peau.<\/p>\n<h2><strong>CONSEIL D&#8217;UTILISATION :<\/strong><\/h2>\n<div class=\"prdct__content go-back\">\n<div id=\"prdct-details\" class=\"prdct__details\">\n<div class=\"prdct__details-wrap\">\n<div id=\"conseils\" class=\"prdct__details-content\">\n<p>Apr\u00e8s avoir appliqu\u00e9 deux couches de LED GEL POLISH Color, appliquez une couche fine de GEL Top Coat et faites durcir pendant 2 minutes sous la lampe LED.<\/p>\n<\/div>\n<\/div>\n<\/div>\n<\/div>\n<div class=\"prdct__curalate\" data-crl8-container-id=\"product\" data-crl8-filter=\"productId:267817\">\n<div id=\"crl8-product-carousel\">\n<div>\n<div>\n<div class=\"sc-16tt03d-0 bwjkag\" aria-hidden=\"false\">\n<div class=\"sc-2ky50q-0 eCzXLU\">\n<h2><strong>COMPOSITION :<\/strong><\/h2>\n<div class=\"prdct__content go-back\">\n<div id=\"prdct-details\" class=\"prdct__details\">\n<div class=\"prdct__details-wrap\">\n<div id=\"ingredients\" class=\"prdct__details-content\">\n<p>ETHYL ACETATE, BUTYL ACETATE, CELLULOSE ACETATE BUTYRATE, HEA IPDI ISOCYANURATE TRIMER\/POLYCAPROLACTONE DIOL COPOLYMER, TRIS-HEA IPDI ISOCYANURATE TRIMER, HYDROXYETHYL ACRYLATE\/IPDI\/PPG-15 GLYCERYL ETHER COPOLYMER, ACETYL TRIBUTYL CITRATE, ETHYL TRIMETHYLBENZOYL PHENYLPHOSPHINATE, CI 60725<\/p>\n<\/div>\n<\/div>\n<\/div>\n<\/div>\n<\/div>\n<\/div>\n<\/div>\n<\/div>\n<\/div>\n<\/div>","protected":false},"excerpt":{"rendered":"<h3><span style=\"color: #000000;\"><em><strong>Pour un r\u00e9sultat lisse et ultra-brillant.<\/strong><\/em><\/span><\/h3>\n<p><strong>Contenance : 10ml\u00a0<\/strong><\/p>","protected":false},"featured_media":3966,"comment_status":"open","ping_status":"closed","template":"","meta":[],"product_cat":[429,431],"product_tag":[],"berocket_brand":[722],"class_list":{"0":"post-142201","1":"product","2":"type-product","3":"status-publish","4":"has-post-thumbnail","6":"product_cat-maquillage","7":"product_cat-ongles-maquillage","8":"berocket_brand-nocibe","10":"first","11":"outofstock","12":"shipping-taxable","13":"purchasable","14":"product-type-simple"},"yoast_head":"<!-- This site is optimized with the Yoast SEO plugin v24.8 - https:\/\/yoast.com\/wordpress\/plugins\/seo\/ -->\n<title>Stay &amp; Care Gel Top Coat Nocib\u00e9 - Prixgro<\/title>\n<meta name=\"description\" content=\"Pr\u00eate pour une manucure et p\u00e9dicure compl\u00e8tes \u00e0 la maison ?Facile \u00e0 appliquer, facile \u00e0 retirer, leGEL Top Coat\u00a0 dure jusqu&#039;\u00e0 10 jours pour un r\u00e9sultat!\" \/>\n<meta name=\"robots\" content=\"index, follow, max-snippet:-1, max-image-preview:large, max-video-preview:-1\" \/>\n<link rel=\"canonical\" href=\"https:\/\/prixgro.com\/ar\/product\/stay-care-gel-top-coat-nocibe\/\" \/>\n<meta property=\"og:locale\" content=\"ar_AR\" \/>\n<meta property=\"og:type\" content=\"article\" \/>\n<meta property=\"og:title\" content=\"Stay &amp; Care Gel Top Coat Nocib\u00e9 - Prixgro\" \/>\n<meta property=\"og:description\" content=\"Pr\u00eate pour une manucure et p\u00e9dicure compl\u00e8tes \u00e0 la maison ?Facile \u00e0 appliquer, facile \u00e0 retirer, leGEL Top Coat\u00a0 dure jusqu&#039;\u00e0 10 jours pour un r\u00e9sultat!\" \/>\n<meta property=\"og:url\" content=\"https:\/\/prixgro.com\/ar\/product\/stay-care-gel-top-coat-nocibe\/\" \/>\n<meta property=\"og:site_name\" content=\"Prixgro\" \/>\n<meta property=\"article:publisher\" content=\"https:\/\/www.facebook.com\/Pharmacima\" \/>\n<meta property=\"article:modified_time\" content=\"2024-08-08T18:59:31+00:00\" \/>\n<meta property=\"og:image\" content=\"https:\/\/prixgro.com\/wp-content\/uploads\/2023\/09\/Sans-titre-85.png\" \/>\n\t<meta property=\"og:image:width\" content=\"540\" \/>\n\t<meta property=\"og:image:height\" content=\"540\" \/>\n\t<meta property=\"og:image:type\" content=\"image\/png\" \/>\n<meta name=\"twitter:card\" content=\"summary_large_image\" \/>\n<meta name=\"twitter:label1\" content=\"\u0648\u0642\u062a \u0627\u0644\u0642\u0631\u0627\u0621\u0629 \u0627\u0644\u0645\u064f\u0642\u062f\u0651\u0631\" \/>\n\t<meta name=\"twitter:data1\" content=\"\u062f\u0642\u064a\u0642\u062a\u0627\u0646\" \/>\n<script type=\"application\/ld+json\" class=\"yoast-schema-graph\">{\"@context\":\"https:\/\/schema.org\",\"@graph\":[{\"@type\":\"WebPage\",\"@id\":\"https:\/\/prixgro.com\/product\/stay-care-gel-top-coat-nocibe\/\",\"url\":\"https:\/\/prixgro.com\/product\/stay-care-gel-top-coat-nocibe\/\",\"name\":\"Stay & Care Gel Top Coat Nocib\u00e9 - Prixgro\",\"isPartOf\":{\"@id\":\"https:\/\/prixgro.com\/#website\"},\"primaryImageOfPage\":{\"@id\":\"https:\/\/prixgro.com\/product\/stay-care-gel-top-coat-nocibe\/#primaryimage\"},\"image\":{\"@id\":\"https:\/\/prixgro.com\/product\/stay-care-gel-top-coat-nocibe\/#primaryimage\"},\"thumbnailUrl\":\"https:\/\/prixgro.com\/wp-content\/uploads\/2023\/09\/Sans-titre-85.png\",\"datePublished\":\"2024-04-09T12:31:39+00:00\",\"dateModified\":\"2024-08-08T18:59:31+00:00\",\"description\":\"Pr\u00eate pour une manucure et p\u00e9dicure compl\u00e8tes \u00e0 la maison ?Facile \u00e0 appliquer, facile \u00e0 retirer, leGEL Top Coat\u00a0 dure jusqu'\u00e0 10 jours pour un r\u00e9sultat!\",\"breadcrumb\":{\"@id\":\"https:\/\/prixgro.com\/product\/stay-care-gel-top-coat-nocibe\/#breadcrumb\"},\"inLanguage\":\"ar\",\"potentialAction\":[{\"@type\":\"ReadAction\",\"target\":[\"https:\/\/prixgro.com\/product\/stay-care-gel-top-coat-nocibe\/\"]}]},{\"@type\":\"ImageObject\",\"inLanguage\":\"ar\",\"@id\":\"https:\/\/prixgro.com\/product\/stay-care-gel-top-coat-nocibe\/#primaryimage\",\"url\":\"https:\/\/prixgro.com\/wp-content\/uploads\/2023\/09\/Sans-titre-85.png\",\"contentUrl\":\"https:\/\/prixgro.com\/wp-content\/uploads\/2023\/09\/Sans-titre-85.png\",\"width\":540,\"height\":540},{\"@type\":\"BreadcrumbList\",\"@id\":\"https:\/\/prixgro.com\/product\/stay-care-gel-top-coat-nocibe\/#breadcrumb\",\"itemListElement\":[{\"@type\":\"ListItem\",\"position\":1,\"name\":\"Accueil\",\"item\":\"https:\/\/prixgro.com\/\"},{\"@type\":\"ListItem\",\"position\":2,\"name\":\"Boutique en ligne\",\"item\":\"https:\/\/prixgro.com\/shop\/\"},{\"@type\":\"ListItem\",\"position\":3,\"name\":\"Stay &#038; Care Gel Top Coat Nocib\u00e9\"}]},{\"@type\":\"WebSite\",\"@id\":\"https:\/\/prixgro.com\/#website\",\"url\":\"https:\/\/prixgro.com\/\",\"name\":\"Prixgro.com\",\"description\":\"Para Pharmaceutique et Cosm\u00e9tique\",\"publisher\":{\"@id\":\"https:\/\/prixgro.com\/#organization\"},\"potentialAction\":[{\"@type\":\"SearchAction\",\"target\":{\"@type\":\"EntryPoint\",\"urlTemplate\":\"https:\/\/prixgro.com\/?s={search_term_string}\"},\"query-input\":{\"@type\":\"PropertyValueSpecification\",\"valueRequired\":true,\"valueName\":\"search_term_string\"}}],\"inLanguage\":\"ar\"},{\"@type\":\"Organization\",\"@id\":\"https:\/\/prixgro.com\/#organization\",\"name\":\"Prixgro\",\"url\":\"https:\/\/prixgro.com\/\",\"logo\":{\"@type\":\"ImageObject\",\"inLanguage\":\"ar\",\"@id\":\"https:\/\/prixgro.com\/#\/schema\/logo\/image\/\",\"url\":\"https:\/\/prixgro.com\/wp-content\/uploads\/2024\/08\/cropped-Nouveau-projet-2.png\",\"contentUrl\":\"https:\/\/prixgro.com\/wp-content\/uploads\/2024\/08\/cropped-Nouveau-projet-2.png\",\"width\":265,\"height\":62,\"caption\":\"Prixgro\"},\"image\":{\"@id\":\"https:\/\/prixgro.com\/#\/schema\/logo\/image\/\"},\"sameAs\":[\"https:\/\/www.facebook.com\/Pharmacima\"]}]}<\/script>\n<!-- \/ Yoast SEO plugin. -->","yoast_head_json":{"title":"Stay & Care Gel Top Coat Nocib\u00e9 - Prixgro","description":"Pr\u00eate pour une manucure et p\u00e9dicure compl\u00e8tes \u00e0 la maison ?Facile \u00e0 appliquer, facile \u00e0 retirer, leGEL Top Coat\u00a0 dure jusqu'\u00e0 10 jours pour un r\u00e9sultat!","robots":{"index":"index","follow":"follow","max-snippet":"max-snippet:-1","max-image-preview":"max-image-preview:large","max-video-preview":"max-video-preview:-1"},"canonical":"https:\/\/prixgro.com\/ar\/product\/stay-care-gel-top-coat-nocibe\/","og_locale":"ar_AR","og_type":"article","og_title":"Stay & Care Gel Top Coat Nocib\u00e9 - Prixgro","og_description":"Pr\u00eate pour une manucure et p\u00e9dicure compl\u00e8tes \u00e0 la maison ?Facile \u00e0 appliquer, facile \u00e0 retirer, leGEL Top Coat\u00a0 dure jusqu'\u00e0 10 jours pour un r\u00e9sultat!","og_url":"https:\/\/prixgro.com\/ar\/product\/stay-care-gel-top-coat-nocibe\/","og_site_name":"Prixgro","article_publisher":"https:\/\/www.facebook.com\/Pharmacima","article_modified_time":"2024-08-08T18:59:31+00:00","og_image":[{"width":540,"height":540,"url":"https:\/\/prixgro.com\/wp-content\/uploads\/2023\/09\/Sans-titre-85.png","type":"image\/png"}],"twitter_card":"summary_large_image","twitter_misc":{"\u0648\u0642\u062a \u0627\u0644\u0642\u0631\u0627\u0621\u0629 \u0627\u0644\u0645\u064f\u0642\u062f\u0651\u0631":"\u062f\u0642\u064a\u0642\u062a\u0627\u0646"},"schema":{"@context":"https:\/\/schema.org","@graph":[{"@type":"WebPage","@id":"https:\/\/prixgro.com\/product\/stay-care-gel-top-coat-nocibe\/","url":"https:\/\/prixgro.com\/product\/stay-care-gel-top-coat-nocibe\/","name":"Stay & Care Gel Top Coat Nocib\u00e9 - Prixgro","isPartOf":{"@id":"https:\/\/prixgro.com\/#website"},"primaryImageOfPage":{"@id":"https:\/\/prixgro.com\/product\/stay-care-gel-top-coat-nocibe\/#primaryimage"},"image":{"@id":"https:\/\/prixgro.com\/product\/stay-care-gel-top-coat-nocibe\/#primaryimage"},"thumbnailUrl":"https:\/\/prixgro.com\/wp-content\/uploads\/2023\/09\/Sans-titre-85.png","datePublished":"2024-04-09T12:31:39+00:00","dateModified":"2024-08-08T18:59:31+00:00","description":"Pr\u00eate pour une manucure et p\u00e9dicure compl\u00e8tes \u00e0 la maison ?Facile \u00e0 appliquer, facile \u00e0 retirer, leGEL Top Coat\u00a0 dure jusqu'\u00e0 10 jours pour un r\u00e9sultat!","breadcrumb":{"@id":"https:\/\/prixgro.com\/product\/stay-care-gel-top-coat-nocibe\/#breadcrumb"},"inLanguage":"ar","potentialAction":[{"@type":"ReadAction","target":["https:\/\/prixgro.com\/product\/stay-care-gel-top-coat-nocibe\/"]}]},{"@type":"ImageObject","inLanguage":"ar","@id":"https:\/\/prixgro.com\/product\/stay-care-gel-top-coat-nocibe\/#primaryimage","url":"https:\/\/prixgro.com\/wp-content\/uploads\/2023\/09\/Sans-titre-85.png","contentUrl":"https:\/\/prixgro.com\/wp-content\/uploads\/2023\/09\/Sans-titre-85.png","width":540,"height":540},{"@type":"BreadcrumbList","@id":"https:\/\/prixgro.com\/product\/stay-care-gel-top-coat-nocibe\/#breadcrumb","itemListElement":[{"@type":"ListItem","position":1,"name":"Accueil","item":"https:\/\/prixgro.com\/"},{"@type":"ListItem","position":2,"name":"Boutique en ligne","item":"https:\/\/prixgro.com\/shop\/"},{"@type":"ListItem","position":3,"name":"Stay &#038; Care Gel Top Coat Nocib\u00e9"}]},{"@type":"WebSite","@id":"https:\/\/prixgro.com\/#website","url":"https:\/\/prixgro.com\/","name":"Prixgro.com","description":"Para Pharmaceutique et Cosm\u00e9tique","publisher":{"@id":"https:\/\/prixgro.com\/#organization"},"potentialAction":[{"@type":"SearchAction","target":{"@type":"EntryPoint","urlTemplate":"https:\/\/prixgro.com\/?s={search_term_string}"},"query-input":{"@type":"PropertyValueSpecification","valueRequired":true,"valueName":"search_term_string"}}],"inLanguage":"ar"},{"@type":"Organization","@id":"https:\/\/prixgro.com\/#organization","name":"Prixgro","url":"https:\/\/prixgro.com\/","logo":{"@type":"ImageObject","inLanguage":"ar","@id":"https:\/\/prixgro.com\/#\/schema\/logo\/image\/","url":"https:\/\/prixgro.com\/wp-content\/uploads\/2024\/08\/cropped-Nouveau-projet-2.png","contentUrl":"https:\/\/prixgro.com\/wp-content\/uploads\/2024\/08\/cropped-Nouveau-projet-2.png","width":265,"height":62,"caption":"Prixgro"},"image":{"@id":"https:\/\/prixgro.com\/#\/schema\/logo\/image\/"},"sameAs":["https:\/\/www.facebook.com\/Pharmacima"]}]}},"_links":{"self":[{"href":"https:\/\/prixgro.com\/ar\/wp-json\/wp\/v2\/product\/142201","targetHints":{"allow":["GET"]}}],"collection":[{"href":"https:\/\/prixgro.com\/ar\/wp-json\/wp\/v2\/product"}],"about":[{"href":"https:\/\/prixgro.com\/ar\/wp-json\/wp\/v2\/types\/product"}],"replies":[{"embeddable":true,"href":"https:\/\/prixgro.com\/ar\/wp-json\/wp\/v2\/comments?post=142201"}],"wp:featuredmedia":[{"embeddable":true,"href":"https:\/\/prixgro.com\/ar\/wp-json\/wp\/v2\/media\/3966"}],"wp:attachment":[{"href":"https:\/\/prixgro.com\/ar\/wp-json\/wp\/v2\/media?parent=142201"}],"wp:term":[{"taxonomy":"product_cat","embeddable":true,"href":"https:\/\/prixgro.com\/ar\/wp-json\/wp\/v2\/product_cat?post=142201"},{"taxonomy":"product_tag","embeddable":true,"href":"https:\/\/prixgro.com\/ar\/wp-json\/wp\/v2\/product_tag?post=142201"},{"taxonomy":"berocket_brand","embeddable":true,"href":"https:\/\/prixgro.com\/ar\/wp-json\/wp\/v2\/berocket_brand?post=142201"}],"curies":[{"name":"wp","href":"https:\/\/api.w.org\/{rel}","templated":true}]}}