{"id":142203,"date":"2024-04-09T14:31:39","date_gmt":"2024-04-09T12:31:39","guid":{"rendered":"https:\/\/cloodmanager.net\/?post_type=product&#038;p=142203"},"modified":"2024-08-08T20:59:09","modified_gmt":"2024-08-08T18:59:09","slug":"bombe-de-bain-effervescente-70g-nocibe","status":"publish","type":"product","link":"https:\/\/prixgro.com\/ar\/product\/bombe-de-bain-effervescente-70g-nocibe\/","title":{"rendered":"Bombe de bain effervescente 70g Nocib\u00e9"},"content":{"rendered":"<h2><strong>DESCRIPTION :<\/strong><\/h2>\n<p><strong>70 g<\/strong><\/p>\n<p>Profitez d\u2019un moment de douceur rempli d\u2019amour gr\u00e2ce \u00e0 cette bombe de bain moussante et ses notes sucr\u00e9es.<\/p>\n<p>Passez un moment des plus relaxant gr\u00e2ce \u00e0 cette bombe de bain !<\/p>\n<p>Avec sa forme de c\u0153ur et sa formule moussante, elle colorera l&#8217;eau votre bain d\u2019une d\u00e9licate couleur rouge. Une fois dissoute, cette bombe de bain parfumera votre bain de notes d\u2019iris et de praline rose pour un moment des plus romantique.<\/p>\n<div class=\"prdct__details-benefits\">\n<h3 class=\"prdct__details-title\"><strong>B\u00e9n\u00e9fice produit<\/strong><\/h3>\n<blockquote><p>Format g\u00e9n\u00e9reux<br \/>\n&gt; Formule moussante<br \/>\n&gt; Forme de c\u0153ur<br \/>\n&gt; Colore le bain<br \/>\n&gt; Parfume le bain<\/p><\/blockquote>\n<h2><strong>CONSEIL D&#8217;UTILISATION :<\/strong><\/h2>\n<div class=\"prdct__content go-back\">\n<div id=\"prdct-details\" class=\"prdct__details\">\n<div class=\"prdct__details-wrap\">\n<div id=\"conseils\" class=\"prdct__details-content\">\n<p>D\u00e9posez la bombe de bain effervescente dans l&#8217;eau. Laissez dissoudre. Rincez l&#8217;eau du bain.<\/p>\n<h2><strong>COMPOSITION :<\/strong><\/h2>\n<div class=\"prdct__content go-back\">\n<div id=\"prdct-details\" class=\"prdct__details\">\n<div class=\"prdct__details-wrap\">\n<div id=\"ingredients\" class=\"prdct__details-content\">\n<p>Sodium Bicarbonate, Citric Acid, Sodium Carbonate, PEG-400, Parfum, CI 14700, CI 17200, Hydroxycitronellal, Hexyl Cinnamal, Coumarin.<\/p>\n<\/div>\n<\/div>\n<\/div>\n<\/div>\n<\/div>\n<\/div>\n<\/div>\n<\/div>\n<\/div>","protected":false},"excerpt":{"rendered":"<h3 class=\"prdct__subname prdct__subname-1\"><span style=\"color: #f25e9a;\"><em><strong>Bombe de bain c\u0153ur rouge.<\/strong><\/em><\/span><\/h3>\n<p><strong>Contenance : 70g<\/strong><\/p>","protected":false},"featured_media":3968,"comment_status":"open","ping_status":"closed","template":"","meta":[],"product_cat":[64,17],"product_tag":[],"berocket_brand":[722],"class_list":{"0":"post-142203","1":"product","2":"type-product","3":"status-publish","4":"has-post-thumbnail","6":"product_cat-corps","7":"product_cat-soin-et-bien-etre","8":"berocket_brand-nocibe","10":"first","11":"outofstock","12":"shipping-taxable","13":"purchasable","14":"product-type-simple"},"yoast_head":"<!-- This site is optimized with the Yoast SEO plugin v24.8 - https:\/\/yoast.com\/wordpress\/plugins\/seo\/ -->\n<title>Bombe de bain effervescente 70g Nocib\u00e9 - Prixgro<\/title>\n<meta name=\"description\" content=\"Avec sa forme de c\u0153ur et sa formule moussante, elle colorera l&#039;eau votre bain d\u2019une d\u00e9licate couleur rouge. Une fois dissoute, cette bombe de.\" \/>\n<meta name=\"robots\" content=\"index, follow, max-snippet:-1, max-image-preview:large, max-video-preview:-1\" \/>\n<link rel=\"canonical\" href=\"https:\/\/prixgro.com\/ar\/product\/bombe-de-bain-effervescente-70g-nocibe\/\" \/>\n<meta property=\"og:locale\" content=\"ar_AR\" \/>\n<meta property=\"og:type\" content=\"article\" \/>\n<meta property=\"og:title\" content=\"Bombe de bain effervescente 70g Nocib\u00e9 - Prixgro\" \/>\n<meta property=\"og:description\" content=\"Avec sa forme de c\u0153ur et sa formule moussante, elle colorera l&#039;eau votre bain d\u2019une d\u00e9licate couleur rouge. Une fois dissoute, cette bombe de.\" \/>\n<meta property=\"og:url\" content=\"https:\/\/prixgro.com\/ar\/product\/bombe-de-bain-effervescente-70g-nocibe\/\" \/>\n<meta property=\"og:site_name\" content=\"Prixgro\" \/>\n<meta property=\"article:publisher\" content=\"https:\/\/www.facebook.com\/Pharmacima\" \/>\n<meta property=\"article:modified_time\" content=\"2024-08-08T18:59:09+00:00\" \/>\n<meta property=\"og:image\" content=\"https:\/\/prixgro.com\/wp-content\/uploads\/2023\/09\/296798-nocibe-bombe-de-bain-coeur-rouge-bombe-de-bain-effervescente-70g-70g-solide-1000x1000-1-scaled-e1679832163562.jpg\" \/>\n\t<meta property=\"og:image:width\" content=\"500\" \/>\n\t<meta property=\"og:image:height\" content=\"500\" \/>\n\t<meta property=\"og:image:type\" content=\"image\/jpeg\" \/>\n<meta name=\"twitter:card\" content=\"summary_large_image\" \/>\n<meta name=\"twitter:label1\" content=\"\u0648\u0642\u062a \u0627\u0644\u0642\u0631\u0627\u0621\u0629 \u0627\u0644\u0645\u064f\u0642\u062f\u0651\u0631\" \/>\n\t<meta name=\"twitter:data1\" content=\"\u062f\u0642\u064a\u0642\u0629 \u0648\u0627\u062d\u062f\u0629\" \/>\n<script type=\"application\/ld+json\" class=\"yoast-schema-graph\">{\"@context\":\"https:\/\/schema.org\",\"@graph\":[{\"@type\":\"WebPage\",\"@id\":\"https:\/\/prixgro.com\/product\/bombe-de-bain-effervescente-70g-nocibe\/\",\"url\":\"https:\/\/prixgro.com\/product\/bombe-de-bain-effervescente-70g-nocibe\/\",\"name\":\"Bombe de bain effervescente 70g Nocib\u00e9 - Prixgro\",\"isPartOf\":{\"@id\":\"https:\/\/prixgro.com\/#website\"},\"primaryImageOfPage\":{\"@id\":\"https:\/\/prixgro.com\/product\/bombe-de-bain-effervescente-70g-nocibe\/#primaryimage\"},\"image\":{\"@id\":\"https:\/\/prixgro.com\/product\/bombe-de-bain-effervescente-70g-nocibe\/#primaryimage\"},\"thumbnailUrl\":\"https:\/\/prixgro.com\/wp-content\/uploads\/2023\/09\/296798-nocibe-bombe-de-bain-coeur-rouge-bombe-de-bain-effervescente-70g-70g-solide-1000x1000-1-scaled-e1679832163562.jpg\",\"datePublished\":\"2024-04-09T12:31:39+00:00\",\"dateModified\":\"2024-08-08T18:59:09+00:00\",\"description\":\"Avec sa forme de c\u0153ur et sa formule moussante, elle colorera l'eau votre bain d\u2019une d\u00e9licate couleur rouge. Une fois dissoute, cette bombe de.\",\"breadcrumb\":{\"@id\":\"https:\/\/prixgro.com\/product\/bombe-de-bain-effervescente-70g-nocibe\/#breadcrumb\"},\"inLanguage\":\"ar\",\"potentialAction\":[{\"@type\":\"ReadAction\",\"target\":[\"https:\/\/prixgro.com\/product\/bombe-de-bain-effervescente-70g-nocibe\/\"]}]},{\"@type\":\"ImageObject\",\"inLanguage\":\"ar\",\"@id\":\"https:\/\/prixgro.com\/product\/bombe-de-bain-effervescente-70g-nocibe\/#primaryimage\",\"url\":\"https:\/\/prixgro.com\/wp-content\/uploads\/2023\/09\/296798-nocibe-bombe-de-bain-coeur-rouge-bombe-de-bain-effervescente-70g-70g-solide-1000x1000-1-scaled-e1679832163562.jpg\",\"contentUrl\":\"https:\/\/prixgro.com\/wp-content\/uploads\/2023\/09\/296798-nocibe-bombe-de-bain-coeur-rouge-bombe-de-bain-effervescente-70g-70g-solide-1000x1000-1-scaled-e1679832163562.jpg\",\"width\":500,\"height\":500},{\"@type\":\"BreadcrumbList\",\"@id\":\"https:\/\/prixgro.com\/product\/bombe-de-bain-effervescente-70g-nocibe\/#breadcrumb\",\"itemListElement\":[{\"@type\":\"ListItem\",\"position\":1,\"name\":\"Accueil\",\"item\":\"https:\/\/prixgro.com\/\"},{\"@type\":\"ListItem\",\"position\":2,\"name\":\"Boutique en ligne\",\"item\":\"https:\/\/prixgro.com\/shop\/\"},{\"@type\":\"ListItem\",\"position\":3,\"name\":\"Bombe de bain effervescente 70g Nocib\u00e9\"}]},{\"@type\":\"WebSite\",\"@id\":\"https:\/\/prixgro.com\/#website\",\"url\":\"https:\/\/prixgro.com\/\",\"name\":\"Prixgro.com\",\"description\":\"Para Pharmaceutique et Cosm\u00e9tique\",\"publisher\":{\"@id\":\"https:\/\/prixgro.com\/#organization\"},\"potentialAction\":[{\"@type\":\"SearchAction\",\"target\":{\"@type\":\"EntryPoint\",\"urlTemplate\":\"https:\/\/prixgro.com\/?s={search_term_string}\"},\"query-input\":{\"@type\":\"PropertyValueSpecification\",\"valueRequired\":true,\"valueName\":\"search_term_string\"}}],\"inLanguage\":\"ar\"},{\"@type\":\"Organization\",\"@id\":\"https:\/\/prixgro.com\/#organization\",\"name\":\"Prixgro\",\"url\":\"https:\/\/prixgro.com\/\",\"logo\":{\"@type\":\"ImageObject\",\"inLanguage\":\"ar\",\"@id\":\"https:\/\/prixgro.com\/#\/schema\/logo\/image\/\",\"url\":\"https:\/\/prixgro.com\/wp-content\/uploads\/2024\/08\/cropped-Nouveau-projet-2.png\",\"contentUrl\":\"https:\/\/prixgro.com\/wp-content\/uploads\/2024\/08\/cropped-Nouveau-projet-2.png\",\"width\":265,\"height\":62,\"caption\":\"Prixgro\"},\"image\":{\"@id\":\"https:\/\/prixgro.com\/#\/schema\/logo\/image\/\"},\"sameAs\":[\"https:\/\/www.facebook.com\/Pharmacima\"]}]}<\/script>\n<!-- \/ Yoast SEO plugin. -->","yoast_head_json":{"title":"Bombe de bain effervescente 70g Nocib\u00e9 - Prixgro","description":"Avec sa forme de c\u0153ur et sa formule moussante, elle colorera l'eau votre bain d\u2019une d\u00e9licate couleur rouge. Une fois dissoute, cette bombe de.","robots":{"index":"index","follow":"follow","max-snippet":"max-snippet:-1","max-image-preview":"max-image-preview:large","max-video-preview":"max-video-preview:-1"},"canonical":"https:\/\/prixgro.com\/ar\/product\/bombe-de-bain-effervescente-70g-nocibe\/","og_locale":"ar_AR","og_type":"article","og_title":"Bombe de bain effervescente 70g Nocib\u00e9 - Prixgro","og_description":"Avec sa forme de c\u0153ur et sa formule moussante, elle colorera l'eau votre bain d\u2019une d\u00e9licate couleur rouge. Une fois dissoute, cette bombe de.","og_url":"https:\/\/prixgro.com\/ar\/product\/bombe-de-bain-effervescente-70g-nocibe\/","og_site_name":"Prixgro","article_publisher":"https:\/\/www.facebook.com\/Pharmacima","article_modified_time":"2024-08-08T18:59:09+00:00","og_image":[{"width":500,"height":500,"url":"https:\/\/prixgro.com\/wp-content\/uploads\/2023\/09\/296798-nocibe-bombe-de-bain-coeur-rouge-bombe-de-bain-effervescente-70g-70g-solide-1000x1000-1-scaled-e1679832163562.jpg","type":"image\/jpeg"}],"twitter_card":"summary_large_image","twitter_misc":{"\u0648\u0642\u062a \u0627\u0644\u0642\u0631\u0627\u0621\u0629 \u0627\u0644\u0645\u064f\u0642\u062f\u0651\u0631":"\u062f\u0642\u064a\u0642\u0629 \u0648\u0627\u062d\u062f\u0629"},"schema":{"@context":"https:\/\/schema.org","@graph":[{"@type":"WebPage","@id":"https:\/\/prixgro.com\/product\/bombe-de-bain-effervescente-70g-nocibe\/","url":"https:\/\/prixgro.com\/product\/bombe-de-bain-effervescente-70g-nocibe\/","name":"Bombe de bain effervescente 70g Nocib\u00e9 - Prixgro","isPartOf":{"@id":"https:\/\/prixgro.com\/#website"},"primaryImageOfPage":{"@id":"https:\/\/prixgro.com\/product\/bombe-de-bain-effervescente-70g-nocibe\/#primaryimage"},"image":{"@id":"https:\/\/prixgro.com\/product\/bombe-de-bain-effervescente-70g-nocibe\/#primaryimage"},"thumbnailUrl":"https:\/\/prixgro.com\/wp-content\/uploads\/2023\/09\/296798-nocibe-bombe-de-bain-coeur-rouge-bombe-de-bain-effervescente-70g-70g-solide-1000x1000-1-scaled-e1679832163562.jpg","datePublished":"2024-04-09T12:31:39+00:00","dateModified":"2024-08-08T18:59:09+00:00","description":"Avec sa forme de c\u0153ur et sa formule moussante, elle colorera l'eau votre bain d\u2019une d\u00e9licate couleur rouge. Une fois dissoute, cette bombe de.","breadcrumb":{"@id":"https:\/\/prixgro.com\/product\/bombe-de-bain-effervescente-70g-nocibe\/#breadcrumb"},"inLanguage":"ar","potentialAction":[{"@type":"ReadAction","target":["https:\/\/prixgro.com\/product\/bombe-de-bain-effervescente-70g-nocibe\/"]}]},{"@type":"ImageObject","inLanguage":"ar","@id":"https:\/\/prixgro.com\/product\/bombe-de-bain-effervescente-70g-nocibe\/#primaryimage","url":"https:\/\/prixgro.com\/wp-content\/uploads\/2023\/09\/296798-nocibe-bombe-de-bain-coeur-rouge-bombe-de-bain-effervescente-70g-70g-solide-1000x1000-1-scaled-e1679832163562.jpg","contentUrl":"https:\/\/prixgro.com\/wp-content\/uploads\/2023\/09\/296798-nocibe-bombe-de-bain-coeur-rouge-bombe-de-bain-effervescente-70g-70g-solide-1000x1000-1-scaled-e1679832163562.jpg","width":500,"height":500},{"@type":"BreadcrumbList","@id":"https:\/\/prixgro.com\/product\/bombe-de-bain-effervescente-70g-nocibe\/#breadcrumb","itemListElement":[{"@type":"ListItem","position":1,"name":"Accueil","item":"https:\/\/prixgro.com\/"},{"@type":"ListItem","position":2,"name":"Boutique en ligne","item":"https:\/\/prixgro.com\/shop\/"},{"@type":"ListItem","position":3,"name":"Bombe de bain effervescente 70g Nocib\u00e9"}]},{"@type":"WebSite","@id":"https:\/\/prixgro.com\/#website","url":"https:\/\/prixgro.com\/","name":"Prixgro.com","description":"Para Pharmaceutique et Cosm\u00e9tique","publisher":{"@id":"https:\/\/prixgro.com\/#organization"},"potentialAction":[{"@type":"SearchAction","target":{"@type":"EntryPoint","urlTemplate":"https:\/\/prixgro.com\/?s={search_term_string}"},"query-input":{"@type":"PropertyValueSpecification","valueRequired":true,"valueName":"search_term_string"}}],"inLanguage":"ar"},{"@type":"Organization","@id":"https:\/\/prixgro.com\/#organization","name":"Prixgro","url":"https:\/\/prixgro.com\/","logo":{"@type":"ImageObject","inLanguage":"ar","@id":"https:\/\/prixgro.com\/#\/schema\/logo\/image\/","url":"https:\/\/prixgro.com\/wp-content\/uploads\/2024\/08\/cropped-Nouveau-projet-2.png","contentUrl":"https:\/\/prixgro.com\/wp-content\/uploads\/2024\/08\/cropped-Nouveau-projet-2.png","width":265,"height":62,"caption":"Prixgro"},"image":{"@id":"https:\/\/prixgro.com\/#\/schema\/logo\/image\/"},"sameAs":["https:\/\/www.facebook.com\/Pharmacima"]}]}},"_links":{"self":[{"href":"https:\/\/prixgro.com\/ar\/wp-json\/wp\/v2\/product\/142203","targetHints":{"allow":["GET"]}}],"collection":[{"href":"https:\/\/prixgro.com\/ar\/wp-json\/wp\/v2\/product"}],"about":[{"href":"https:\/\/prixgro.com\/ar\/wp-json\/wp\/v2\/types\/product"}],"replies":[{"embeddable":true,"href":"https:\/\/prixgro.com\/ar\/wp-json\/wp\/v2\/comments?post=142203"}],"wp:featuredmedia":[{"embeddable":true,"href":"https:\/\/prixgro.com\/ar\/wp-json\/wp\/v2\/media\/3968"}],"wp:attachment":[{"href":"https:\/\/prixgro.com\/ar\/wp-json\/wp\/v2\/media?parent=142203"}],"wp:term":[{"taxonomy":"product_cat","embeddable":true,"href":"https:\/\/prixgro.com\/ar\/wp-json\/wp\/v2\/product_cat?post=142203"},{"taxonomy":"product_tag","embeddable":true,"href":"https:\/\/prixgro.com\/ar\/wp-json\/wp\/v2\/product_tag?post=142203"},{"taxonomy":"berocket_brand","embeddable":true,"href":"https:\/\/prixgro.com\/ar\/wp-json\/wp\/v2\/berocket_brand?post=142203"}],"curies":[{"name":"wp","href":"https:\/\/api.w.org\/{rel}","templated":true}]}}