{"id":142222,"date":"2024-04-09T14:31:50","date_gmt":"2024-04-09T12:31:50","guid":{"rendered":"https:\/\/cloodmanager.net\/?post_type=product&#038;p=142222"},"modified":"2024-08-08T14:19:53","modified_gmt":"2024-08-08T12:19:53","slug":"clear-creme-de-jour-hydratant-spf-30-15ml-paulas-choice","status":"publish","type":"product","link":"https:\/\/prixgro.com\/ar\/product\/clear-creme-de-jour-hydratant-spf-30-15ml-paulas-choice\/","title":{"rendered":"Clear Cr\u00e8me de jour Hydratant SPF 30 15ml Paula&#8217;s Choice"},"content":{"rendered":"<h2><strong>DESCRIPTION :<\/strong><\/h2>\n<p>Cette cr\u00e8me fluide ultra-l\u00e9g\u00e8re hydrate, affine les pores et prot\u00e8ge la peau contre les rayons du soleil afin de pr\u00e9venir des premiers signes de l&#8217;\u00e2ge.<\/p>\n<p>Sa formule non grasse r\u00e9gule les exc\u00e8s de s\u00e9bum, ses antioxydants apaisants d&#8217;origine v\u00e9g\u00e9tale contribuent \u00e0 estomper les rougeurs et \u00e0 apaiser la peau.<\/p>\n<h3 class=\"js-accordeon-trigger accordeon-trigger\"><strong>Caract\u00e9ristiques principales :<\/strong><\/h3>\n<div class=\"feature-1\">\n<div class=\"content-asset\">\n<p>Matifie la peau<\/p>\n<\/div>\n<\/div>\n<div class=\"feature-2\">\n<div class=\"content-asset\">\n<p>Prot\u00e8ge des m\u00e9faits du soleil<\/p>\n<\/div>\n<\/div>\n<div class=\"feature-3\">\n<div class=\"content-asset\">\n<p>Adapt\u00e9e aux peaux \u00e0 tendance acn\u00e9ique<\/p>\n<h2><strong>CONSEIL D&#8217;UTILISATION :<\/strong><\/h2>\n<section class=\"how-to-use\">\n<div class=\"js-accordeon-body accordeon-body\">\n<div class=\"content-asset\">\n<p>C&#8217;est la derni\u00e8re \u00e9tape de la routine soin du matin. Laisser p\u00e9n\u00e9trer un instant avant le maquillage.<\/p>\n<h2><strong>COMPOSITION :<\/strong><\/h2>\n<p>Aqua, Ethylhexyl Methoxycinnamate (Octinoxate, 7,5%, sunscreen), Glycerin (hydration\/skin replenishing), Ethylhexyl Salicylate (Octisalate, 5%, sunscreen), Silica (absorbent agent), Octocrylene (2%, sunscreen), Butyl Methoxydibenzoylmethane (Avobenzone, 2%, sunscreen), Dimethicone (hydration), Benzyl Alcohol (preservative), Tocopherol (vitamin E\/antioxidant), Chamomilla Recutita (Matricaria) Flower Extract (antioxidant), Vitis Vinifera (Grape) Seed Extract (antioxidant), Camellia Sinensis (Green Tea) Leaf Extract (antioxidant), Camellia Oleifera (Green Tea) Leaf Extract (antioxidant), Peucedanum Graveolens (Dill) Extract (antioxidant), Sambucus Nigra (Black Elderberry) Fruit Extract (antioxidant), Avena Sativa (Oat) Bran Extract (skin-soothing), Punica Granatum (Pomegranate) Extract (antioxidant), Lycium Barbarum (Goij) Fruit Extract (antioxidant), Hydrogenated Lecithin (skin-restoring), Titanium Dioxide (texture-enhancing\/texture-enhancing), Dimethicone\/Vinyl Dimethicone Crosspolymer (hydration), Diethylhexyl Syringylidenemalonate (hydration), Hydroxyethyl Acrylate\/Sodium Acryloyldimethyl Taurate Copolymer (film-forming\/suspending agent), Xanthan Gum (texture-enhancing), Sodium Carbomer (texture-enhancing), Sodium Benzoate (stabilizer), Potassium Sorbate (stabilizer), Phenoxyethanol (preservative).<\/p>\n<\/div>\n<\/div>\n<\/section>\n<\/div>\n<\/div>","protected":false},"excerpt":{"rendered":"<h3><span style=\"color: #33cccc;\"><em><strong>Cr\u00e8me fluide ultra-l\u00e9g\u00e8re qui hydrate.<\/strong><\/em><\/span><\/h3>\n<p><strong>Contenance : 15ml\u00a0<\/strong><\/p>","protected":false},"featured_media":4015,"comment_status":"open","ping_status":"closed","template":"","meta":[],"product_cat":[17,36],"product_tag":[53,92,479,39,41,43,506,119,480,481,125,70,256,149,63,261,192,49],"berocket_brand":[463],"class_list":{"0":"post-142222","1":"product","2":"type-product","3":"status-publish","4":"has-post-thumbnail","6":"product_cat-soin-et-bien-etre","7":"product_cat-visage-soin-et-bien-etre","8":"product_tag-anti-imperfections","9":"product_tag-anti-oxydant","10":"product_tag-anti-points-noirs-2","11":"product_tag-anti-taches","12":"product_tag-filtres-uva-uvb","13":"product_tag-hydratant","14":"product_tag-matifiant-2","15":"product_tag-non-gras","16":"product_tag-peaux-grasses-3","17":"product_tag-peaux-mixte-2","18":"product_tag-peaux-acneiques-2","19":"product_tag-protecteur","20":"product_tag-resserre-les-pores","21":"product_tag-sebo-regulateur","22":"product_tag-soin-apaisant","23":"product_tag-soin-du-jour-2","24":"product_tag-spf30-2","25":"product_tag-vitamine-e","26":"berocket_brand-paulaschoice","28":"first","29":"outofstock","30":"shipping-taxable","31":"purchasable","32":"product-type-simple"},"yoast_head":"<!-- This site is optimized with the Yoast SEO plugin v24.8 - https:\/\/yoast.com\/wordpress\/plugins\/seo\/ -->\n<title>Clear Cr\u00e8me de jour Hydratant SPF 30 15ml Paula&#8217;s Choice - Prixgro<\/title>\n<meta name=\"robots\" content=\"index, follow, max-snippet:-1, max-image-preview:large, max-video-preview:-1\" \/>\n<link rel=\"canonical\" href=\"https:\/\/prixgro.com\/ar\/product\/clear-creme-de-jour-hydratant-spf-30-15ml-paulas-choice\/\" \/>\n<meta property=\"og:locale\" content=\"ar_AR\" \/>\n<meta property=\"og:type\" content=\"article\" \/>\n<meta property=\"og:title\" content=\"Clear Cr\u00e8me de jour Hydratant SPF 30 15ml Paula&#8217;s Choice - Prixgro\" \/>\n<meta property=\"og:description\" content=\"Cr\u00e8me fluide ultra-l\u00e9g\u00e8re qui hydrate. Contenance : 15ml\u00a0\" \/>\n<meta property=\"og:url\" content=\"https:\/\/prixgro.com\/ar\/product\/clear-creme-de-jour-hydratant-spf-30-15ml-paulas-choice\/\" \/>\n<meta property=\"og:site_name\" content=\"Prixgro\" \/>\n<meta property=\"article:publisher\" content=\"https:\/\/www.facebook.com\/Pharmacima\" \/>\n<meta property=\"article:modified_time\" content=\"2024-08-08T12:19:53+00:00\" \/>\n<meta property=\"og:image\" content=\"https:\/\/prixgro.com\/wp-content\/uploads\/2023\/09\/Sans-titre-86.png\" \/>\n\t<meta property=\"og:image:width\" content=\"540\" \/>\n\t<meta property=\"og:image:height\" content=\"540\" \/>\n\t<meta property=\"og:image:type\" content=\"image\/png\" \/>\n<meta name=\"twitter:card\" content=\"summary_large_image\" \/>\n<meta name=\"twitter:label1\" content=\"\u0648\u0642\u062a \u0627\u0644\u0642\u0631\u0627\u0621\u0629 \u0627\u0644\u0645\u064f\u0642\u062f\u0651\u0631\" \/>\n\t<meta name=\"twitter:data1\" content=\"\u062f\u0642\u064a\u0642\u0629 \u0648\u0627\u062d\u062f\u0629\" \/>\n<script type=\"application\/ld+json\" class=\"yoast-schema-graph\">{\"@context\":\"https:\/\/schema.org\",\"@graph\":[{\"@type\":\"WebPage\",\"@id\":\"https:\/\/prixgro.com\/product\/clear-creme-de-jour-hydratant-spf-30-15ml-paulas-choice\/\",\"url\":\"https:\/\/prixgro.com\/product\/clear-creme-de-jour-hydratant-spf-30-15ml-paulas-choice\/\",\"name\":\"Clear Cr\u00e8me de jour Hydratant SPF 30 15ml Paula&#8217;s Choice - Prixgro\",\"isPartOf\":{\"@id\":\"https:\/\/prixgro.com\/#website\"},\"primaryImageOfPage\":{\"@id\":\"https:\/\/prixgro.com\/product\/clear-creme-de-jour-hydratant-spf-30-15ml-paulas-choice\/#primaryimage\"},\"image\":{\"@id\":\"https:\/\/prixgro.com\/product\/clear-creme-de-jour-hydratant-spf-30-15ml-paulas-choice\/#primaryimage\"},\"thumbnailUrl\":\"https:\/\/prixgro.com\/wp-content\/uploads\/2023\/09\/Sans-titre-86.png\",\"datePublished\":\"2024-04-09T12:31:50+00:00\",\"dateModified\":\"2024-08-08T12:19:53+00:00\",\"breadcrumb\":{\"@id\":\"https:\/\/prixgro.com\/product\/clear-creme-de-jour-hydratant-spf-30-15ml-paulas-choice\/#breadcrumb\"},\"inLanguage\":\"ar\",\"potentialAction\":[{\"@type\":\"ReadAction\",\"target\":[\"https:\/\/prixgro.com\/product\/clear-creme-de-jour-hydratant-spf-30-15ml-paulas-choice\/\"]}]},{\"@type\":\"ImageObject\",\"inLanguage\":\"ar\",\"@id\":\"https:\/\/prixgro.com\/product\/clear-creme-de-jour-hydratant-spf-30-15ml-paulas-choice\/#primaryimage\",\"url\":\"https:\/\/prixgro.com\/wp-content\/uploads\/2023\/09\/Sans-titre-86.png\",\"contentUrl\":\"https:\/\/prixgro.com\/wp-content\/uploads\/2023\/09\/Sans-titre-86.png\",\"width\":540,\"height\":540},{\"@type\":\"BreadcrumbList\",\"@id\":\"https:\/\/prixgro.com\/product\/clear-creme-de-jour-hydratant-spf-30-15ml-paulas-choice\/#breadcrumb\",\"itemListElement\":[{\"@type\":\"ListItem\",\"position\":1,\"name\":\"Accueil\",\"item\":\"https:\/\/prixgro.com\/\"},{\"@type\":\"ListItem\",\"position\":2,\"name\":\"Boutique en ligne\",\"item\":\"https:\/\/prixgro.com\/shop\/\"},{\"@type\":\"ListItem\",\"position\":3,\"name\":\"Clear Cr\u00e8me de jour Hydratant SPF 30 15ml Paula&#8217;s Choice\"}]},{\"@type\":\"WebSite\",\"@id\":\"https:\/\/prixgro.com\/#website\",\"url\":\"https:\/\/prixgro.com\/\",\"name\":\"Prixgro.com\",\"description\":\"Para Pharmaceutique et Cosm\u00e9tique\",\"publisher\":{\"@id\":\"https:\/\/prixgro.com\/#organization\"},\"potentialAction\":[{\"@type\":\"SearchAction\",\"target\":{\"@type\":\"EntryPoint\",\"urlTemplate\":\"https:\/\/prixgro.com\/?s={search_term_string}\"},\"query-input\":{\"@type\":\"PropertyValueSpecification\",\"valueRequired\":true,\"valueName\":\"search_term_string\"}}],\"inLanguage\":\"ar\"},{\"@type\":\"Organization\",\"@id\":\"https:\/\/prixgro.com\/#organization\",\"name\":\"Prixgro\",\"url\":\"https:\/\/prixgro.com\/\",\"logo\":{\"@type\":\"ImageObject\",\"inLanguage\":\"ar\",\"@id\":\"https:\/\/prixgro.com\/#\/schema\/logo\/image\/\",\"url\":\"https:\/\/prixgro.com\/wp-content\/uploads\/2024\/08\/cropped-Nouveau-projet-2.png\",\"contentUrl\":\"https:\/\/prixgro.com\/wp-content\/uploads\/2024\/08\/cropped-Nouveau-projet-2.png\",\"width\":265,\"height\":62,\"caption\":\"Prixgro\"},\"image\":{\"@id\":\"https:\/\/prixgro.com\/#\/schema\/logo\/image\/\"},\"sameAs\":[\"https:\/\/www.facebook.com\/Pharmacima\"]}]}<\/script>\n<!-- \/ Yoast SEO plugin. -->","yoast_head_json":{"title":"Clear Cr\u00e8me de jour Hydratant SPF 30 15ml Paula&#8217;s Choice - Prixgro","robots":{"index":"index","follow":"follow","max-snippet":"max-snippet:-1","max-image-preview":"max-image-preview:large","max-video-preview":"max-video-preview:-1"},"canonical":"https:\/\/prixgro.com\/ar\/product\/clear-creme-de-jour-hydratant-spf-30-15ml-paulas-choice\/","og_locale":"ar_AR","og_type":"article","og_title":"Clear Cr\u00e8me de jour Hydratant SPF 30 15ml Paula&#8217;s Choice - Prixgro","og_description":"Cr\u00e8me fluide ultra-l\u00e9g\u00e8re qui hydrate. Contenance : 15ml\u00a0","og_url":"https:\/\/prixgro.com\/ar\/product\/clear-creme-de-jour-hydratant-spf-30-15ml-paulas-choice\/","og_site_name":"Prixgro","article_publisher":"https:\/\/www.facebook.com\/Pharmacima","article_modified_time":"2024-08-08T12:19:53+00:00","og_image":[{"width":540,"height":540,"url":"https:\/\/prixgro.com\/wp-content\/uploads\/2023\/09\/Sans-titre-86.png","type":"image\/png"}],"twitter_card":"summary_large_image","twitter_misc":{"\u0648\u0642\u062a \u0627\u0644\u0642\u0631\u0627\u0621\u0629 \u0627\u0644\u0645\u064f\u0642\u062f\u0651\u0631":"\u062f\u0642\u064a\u0642\u0629 \u0648\u0627\u062d\u062f\u0629"},"schema":{"@context":"https:\/\/schema.org","@graph":[{"@type":"WebPage","@id":"https:\/\/prixgro.com\/product\/clear-creme-de-jour-hydratant-spf-30-15ml-paulas-choice\/","url":"https:\/\/prixgro.com\/product\/clear-creme-de-jour-hydratant-spf-30-15ml-paulas-choice\/","name":"Clear Cr\u00e8me de jour Hydratant SPF 30 15ml Paula&#8217;s Choice - Prixgro","isPartOf":{"@id":"https:\/\/prixgro.com\/#website"},"primaryImageOfPage":{"@id":"https:\/\/prixgro.com\/product\/clear-creme-de-jour-hydratant-spf-30-15ml-paulas-choice\/#primaryimage"},"image":{"@id":"https:\/\/prixgro.com\/product\/clear-creme-de-jour-hydratant-spf-30-15ml-paulas-choice\/#primaryimage"},"thumbnailUrl":"https:\/\/prixgro.com\/wp-content\/uploads\/2023\/09\/Sans-titre-86.png","datePublished":"2024-04-09T12:31:50+00:00","dateModified":"2024-08-08T12:19:53+00:00","breadcrumb":{"@id":"https:\/\/prixgro.com\/product\/clear-creme-de-jour-hydratant-spf-30-15ml-paulas-choice\/#breadcrumb"},"inLanguage":"ar","potentialAction":[{"@type":"ReadAction","target":["https:\/\/prixgro.com\/product\/clear-creme-de-jour-hydratant-spf-30-15ml-paulas-choice\/"]}]},{"@type":"ImageObject","inLanguage":"ar","@id":"https:\/\/prixgro.com\/product\/clear-creme-de-jour-hydratant-spf-30-15ml-paulas-choice\/#primaryimage","url":"https:\/\/prixgro.com\/wp-content\/uploads\/2023\/09\/Sans-titre-86.png","contentUrl":"https:\/\/prixgro.com\/wp-content\/uploads\/2023\/09\/Sans-titre-86.png","width":540,"height":540},{"@type":"BreadcrumbList","@id":"https:\/\/prixgro.com\/product\/clear-creme-de-jour-hydratant-spf-30-15ml-paulas-choice\/#breadcrumb","itemListElement":[{"@type":"ListItem","position":1,"name":"Accueil","item":"https:\/\/prixgro.com\/"},{"@type":"ListItem","position":2,"name":"Boutique en ligne","item":"https:\/\/prixgro.com\/shop\/"},{"@type":"ListItem","position":3,"name":"Clear Cr\u00e8me de jour Hydratant SPF 30 15ml Paula&#8217;s Choice"}]},{"@type":"WebSite","@id":"https:\/\/prixgro.com\/#website","url":"https:\/\/prixgro.com\/","name":"Prixgro.com","description":"Para Pharmaceutique et Cosm\u00e9tique","publisher":{"@id":"https:\/\/prixgro.com\/#organization"},"potentialAction":[{"@type":"SearchAction","target":{"@type":"EntryPoint","urlTemplate":"https:\/\/prixgro.com\/?s={search_term_string}"},"query-input":{"@type":"PropertyValueSpecification","valueRequired":true,"valueName":"search_term_string"}}],"inLanguage":"ar"},{"@type":"Organization","@id":"https:\/\/prixgro.com\/#organization","name":"Prixgro","url":"https:\/\/prixgro.com\/","logo":{"@type":"ImageObject","inLanguage":"ar","@id":"https:\/\/prixgro.com\/#\/schema\/logo\/image\/","url":"https:\/\/prixgro.com\/wp-content\/uploads\/2024\/08\/cropped-Nouveau-projet-2.png","contentUrl":"https:\/\/prixgro.com\/wp-content\/uploads\/2024\/08\/cropped-Nouveau-projet-2.png","width":265,"height":62,"caption":"Prixgro"},"image":{"@id":"https:\/\/prixgro.com\/#\/schema\/logo\/image\/"},"sameAs":["https:\/\/www.facebook.com\/Pharmacima"]}]}},"_links":{"self":[{"href":"https:\/\/prixgro.com\/ar\/wp-json\/wp\/v2\/product\/142222","targetHints":{"allow":["GET"]}}],"collection":[{"href":"https:\/\/prixgro.com\/ar\/wp-json\/wp\/v2\/product"}],"about":[{"href":"https:\/\/prixgro.com\/ar\/wp-json\/wp\/v2\/types\/product"}],"replies":[{"embeddable":true,"href":"https:\/\/prixgro.com\/ar\/wp-json\/wp\/v2\/comments?post=142222"}],"wp:featuredmedia":[{"embeddable":true,"href":"https:\/\/prixgro.com\/ar\/wp-json\/wp\/v2\/media\/4015"}],"wp:attachment":[{"href":"https:\/\/prixgro.com\/ar\/wp-json\/wp\/v2\/media?parent=142222"}],"wp:term":[{"taxonomy":"product_cat","embeddable":true,"href":"https:\/\/prixgro.com\/ar\/wp-json\/wp\/v2\/product_cat?post=142222"},{"taxonomy":"product_tag","embeddable":true,"href":"https:\/\/prixgro.com\/ar\/wp-json\/wp\/v2\/product_tag?post=142222"},{"taxonomy":"berocket_brand","embeddable":true,"href":"https:\/\/prixgro.com\/ar\/wp-json\/wp\/v2\/berocket_brand?post=142222"}],"curies":[{"name":"wp","href":"https:\/\/api.w.org\/{rel}","templated":true}]}}