{"id":142224,"date":"2024-04-09T14:31:50","date_gmt":"2024-04-09T12:31:50","guid":{"rendered":"https:\/\/cloodmanager.net\/?post_type=product&#038;p=142224"},"modified":"2024-08-08T14:05:09","modified_gmt":"2024-08-08T12:05:09","slug":"faux-cils-harmony-17-huda-beauty","status":"publish","type":"product","link":"https:\/\/prixgro.com\/ar\/product\/faux-cils-harmony-17-huda-beauty\/","title":{"rendered":"Faux Cils Harmony #17 Huda Beauty"},"content":{"rendered":"<h2><strong>DESCRIPTION :<\/strong><\/h2>\n<p>Derni\u00e8re collection lanc\u00e9e par Huda, les Eazy Lash sont sp\u00e9cifiquement con\u00e7us pour les d\u00e9butants ou les utilisateurs \u00e0 la recherche d&#8217;un style facile \u00e0 mettre et flexible.<\/p>\n<p>HARMONY # 17 : Tr\u00e8s a\u00e9rien et l\u00e9ger en volume, cette frange de cils est divis\u00e9e en quatre pi\u00e8ces \u00e0 utiliser de mani\u00e8re modulable pour personnaliser votre look.<\/p>\n<p>Utilisez la frange compl\u00e8te pour souligner votre frange de cils, une ou deux pi\u00e8ces pos\u00e9es sur l&#8217;ext\u00e9rieur du regard, votre style vous appartient et change tous les jours. Seuls faux-cils \u00e0 combiner des fibres noires et brunes pour un effet tr\u00e8s naturel.<\/p>\n<p>Longueur des cils : 0,5 mm \u00e0 1.2 cm (varie l\u00e9g\u00e8rement en fonction des lots, car tous les cils sont fabriqu\u00e9s \u00e0 la main)<br \/>Longueur de la bande : 4 x 0.9 cm<br \/>Epaisseur de la bande : 0.7 mm<\/p>\n<h2><strong>CONSEIL D&#8217;UTILISATION :<\/strong><\/h2>\n<p>Appliquer Vos Cils :<br \/>&#8211; Retirez les morceaux de l&#8217;\u00e9tui.<br \/>&#8211; Appliquez la colle sur la bande.<br \/>&#8211; Appliquez les faux cils pr\u00e8s de votre frange de cils naturels. Jouez avec votre style, un deux, trois ou quatre morceaux, en frange compl\u00e8te ou superposition.<br \/>&#8211; Appliquez du mascara et pincez vos cils naturels et vos faux cils pour les m\u00e9langer.<br \/>&#8211; Ajoutez un trait d&#8217;eye-liner pour parfaire votre look.<\/p>\n<p>Comment Retirer \/ Prendre Soin De Vos Cils :<br \/>&#8211; Imbibez un coton tige de d\u00e9maquillant et passez-le le long de la ligne de cils en poussant l\u00e9g\u00e8rement vers le bas pour d\u00e9coller le faux cil.<br \/>&#8211; Retirez vos faux cils depuis le bord ext\u00e9rieur.<br \/>&#8211; Retirez l&#8217;exc\u00e8s de colle sur la bande et remettez les cils dans leur \u00e9tui.<br \/>&#8211; \u00e9vitez de tremper vos faux cils dans tout produit liquide pour pr\u00e9server les fibres.<\/p>\n<h2><strong>COMPOSITION :<\/strong><\/h2>\n<p>Fibres synth\u00e9tiques<br \/>Bande en coton<\/p>","protected":false},"excerpt":{"rendered":"<h3><em><strong>Style facile \u00e0 mettre et flexible.<\/strong><\/em><\/h3>\n<p><\/p>","protected":false},"featured_media":4017,"comment_status":"open","ping_status":"closed","template":"","meta":[],"product_cat":[429,433],"product_tag":[],"berocket_brand":[],"class_list":{"0":"post-142224","1":"product","2":"type-product","3":"status-publish","4":"has-post-thumbnail","6":"product_cat-maquillage","7":"product_cat-yeux-maquillage","9":"first","10":"outofstock","11":"shipping-taxable","12":"purchasable","13":"product-type-simple"},"yoast_head":"<!-- This site is optimized with the Yoast SEO plugin v24.8 - https:\/\/yoast.com\/wordpress\/plugins\/seo\/ -->\n<title>Faux Cils Harmony #17 Huda Beauty - Prixgro<\/title>\n<meta name=\"robots\" content=\"index, follow, max-snippet:-1, max-image-preview:large, max-video-preview:-1\" \/>\n<link rel=\"canonical\" href=\"https:\/\/prixgro.com\/ar\/product\/faux-cils-harmony-17-huda-beauty\/\" \/>\n<meta property=\"og:locale\" content=\"ar_AR\" \/>\n<meta property=\"og:type\" content=\"article\" \/>\n<meta property=\"og:title\" content=\"Faux Cils Harmony #17 Huda Beauty - Prixgro\" \/>\n<meta property=\"og:description\" content=\"Style facile \u00e0 mettre et flexible.\" \/>\n<meta property=\"og:url\" content=\"https:\/\/prixgro.com\/ar\/product\/faux-cils-harmony-17-huda-beauty\/\" \/>\n<meta property=\"og:site_name\" content=\"Prixgro\" \/>\n<meta property=\"article:publisher\" content=\"https:\/\/www.facebook.com\/Pharmacima\" \/>\n<meta property=\"article:modified_time\" content=\"2024-08-08T12:05:09+00:00\" \/>\n<meta property=\"og:image\" content=\"https:\/\/prixgro.com\/wp-content\/uploads\/2023\/09\/huda-cils-scaled-e1680697961686.jpg\" \/>\n\t<meta property=\"og:image:width\" content=\"500\" \/>\n\t<meta property=\"og:image:height\" content=\"500\" \/>\n\t<meta property=\"og:image:type\" content=\"image\/jpeg\" \/>\n<meta name=\"twitter:card\" content=\"summary_large_image\" \/>\n<meta name=\"twitter:label1\" content=\"\u0648\u0642\u062a \u0627\u0644\u0642\u0631\u0627\u0621\u0629 \u0627\u0644\u0645\u064f\u0642\u062f\u0651\u0631\" \/>\n\t<meta name=\"twitter:data1\" content=\"\u062f\u0642\u064a\u0642\u0629 \u0648\u0627\u062d\u062f\u0629\" \/>\n<script type=\"application\/ld+json\" class=\"yoast-schema-graph\">{\"@context\":\"https:\/\/schema.org\",\"@graph\":[{\"@type\":\"WebPage\",\"@id\":\"https:\/\/prixgro.com\/product\/faux-cils-harmony-17-huda-beauty\/\",\"url\":\"https:\/\/prixgro.com\/product\/faux-cils-harmony-17-huda-beauty\/\",\"name\":\"Faux Cils Harmony #17 Huda Beauty - Prixgro\",\"isPartOf\":{\"@id\":\"https:\/\/prixgro.com\/#website\"},\"primaryImageOfPage\":{\"@id\":\"https:\/\/prixgro.com\/product\/faux-cils-harmony-17-huda-beauty\/#primaryimage\"},\"image\":{\"@id\":\"https:\/\/prixgro.com\/product\/faux-cils-harmony-17-huda-beauty\/#primaryimage\"},\"thumbnailUrl\":\"https:\/\/prixgro.com\/wp-content\/uploads\/2023\/09\/huda-cils-scaled-e1680697961686.jpg\",\"datePublished\":\"2024-04-09T12:31:50+00:00\",\"dateModified\":\"2024-08-08T12:05:09+00:00\",\"breadcrumb\":{\"@id\":\"https:\/\/prixgro.com\/product\/faux-cils-harmony-17-huda-beauty\/#breadcrumb\"},\"inLanguage\":\"ar\",\"potentialAction\":[{\"@type\":\"ReadAction\",\"target\":[\"https:\/\/prixgro.com\/product\/faux-cils-harmony-17-huda-beauty\/\"]}]},{\"@type\":\"ImageObject\",\"inLanguage\":\"ar\",\"@id\":\"https:\/\/prixgro.com\/product\/faux-cils-harmony-17-huda-beauty\/#primaryimage\",\"url\":\"https:\/\/prixgro.com\/wp-content\/uploads\/2023\/09\/huda-cils-scaled-e1680697961686.jpg\",\"contentUrl\":\"https:\/\/prixgro.com\/wp-content\/uploads\/2023\/09\/huda-cils-scaled-e1680697961686.jpg\",\"width\":500,\"height\":500},{\"@type\":\"BreadcrumbList\",\"@id\":\"https:\/\/prixgro.com\/product\/faux-cils-harmony-17-huda-beauty\/#breadcrumb\",\"itemListElement\":[{\"@type\":\"ListItem\",\"position\":1,\"name\":\"Accueil\",\"item\":\"https:\/\/prixgro.com\/\"},{\"@type\":\"ListItem\",\"position\":2,\"name\":\"Boutique en ligne\",\"item\":\"https:\/\/prixgro.com\/shop\/\"},{\"@type\":\"ListItem\",\"position\":3,\"name\":\"Faux Cils Harmony #17 Huda Beauty\"}]},{\"@type\":\"WebSite\",\"@id\":\"https:\/\/prixgro.com\/#website\",\"url\":\"https:\/\/prixgro.com\/\",\"name\":\"Prixgro.com\",\"description\":\"Para Pharmaceutique et Cosm\u00e9tique\",\"publisher\":{\"@id\":\"https:\/\/prixgro.com\/#organization\"},\"potentialAction\":[{\"@type\":\"SearchAction\",\"target\":{\"@type\":\"EntryPoint\",\"urlTemplate\":\"https:\/\/prixgro.com\/?s={search_term_string}\"},\"query-input\":{\"@type\":\"PropertyValueSpecification\",\"valueRequired\":true,\"valueName\":\"search_term_string\"}}],\"inLanguage\":\"ar\"},{\"@type\":\"Organization\",\"@id\":\"https:\/\/prixgro.com\/#organization\",\"name\":\"Prixgro\",\"url\":\"https:\/\/prixgro.com\/\",\"logo\":{\"@type\":\"ImageObject\",\"inLanguage\":\"ar\",\"@id\":\"https:\/\/prixgro.com\/#\/schema\/logo\/image\/\",\"url\":\"https:\/\/prixgro.com\/wp-content\/uploads\/2024\/08\/cropped-Nouveau-projet-2.png\",\"contentUrl\":\"https:\/\/prixgro.com\/wp-content\/uploads\/2024\/08\/cropped-Nouveau-projet-2.png\",\"width\":265,\"height\":62,\"caption\":\"Prixgro\"},\"image\":{\"@id\":\"https:\/\/prixgro.com\/#\/schema\/logo\/image\/\"},\"sameAs\":[\"https:\/\/www.facebook.com\/Pharmacima\"]}]}<\/script>\n<!-- \/ Yoast SEO plugin. -->","yoast_head_json":{"title":"Faux Cils Harmony #17 Huda Beauty - Prixgro","robots":{"index":"index","follow":"follow","max-snippet":"max-snippet:-1","max-image-preview":"max-image-preview:large","max-video-preview":"max-video-preview:-1"},"canonical":"https:\/\/prixgro.com\/ar\/product\/faux-cils-harmony-17-huda-beauty\/","og_locale":"ar_AR","og_type":"article","og_title":"Faux Cils Harmony #17 Huda Beauty - Prixgro","og_description":"Style facile \u00e0 mettre et flexible.","og_url":"https:\/\/prixgro.com\/ar\/product\/faux-cils-harmony-17-huda-beauty\/","og_site_name":"Prixgro","article_publisher":"https:\/\/www.facebook.com\/Pharmacima","article_modified_time":"2024-08-08T12:05:09+00:00","og_image":[{"width":500,"height":500,"url":"https:\/\/prixgro.com\/wp-content\/uploads\/2023\/09\/huda-cils-scaled-e1680697961686.jpg","type":"image\/jpeg"}],"twitter_card":"summary_large_image","twitter_misc":{"\u0648\u0642\u062a \u0627\u0644\u0642\u0631\u0627\u0621\u0629 \u0627\u0644\u0645\u064f\u0642\u062f\u0651\u0631":"\u062f\u0642\u064a\u0642\u0629 \u0648\u0627\u062d\u062f\u0629"},"schema":{"@context":"https:\/\/schema.org","@graph":[{"@type":"WebPage","@id":"https:\/\/prixgro.com\/product\/faux-cils-harmony-17-huda-beauty\/","url":"https:\/\/prixgro.com\/product\/faux-cils-harmony-17-huda-beauty\/","name":"Faux Cils Harmony #17 Huda Beauty - Prixgro","isPartOf":{"@id":"https:\/\/prixgro.com\/#website"},"primaryImageOfPage":{"@id":"https:\/\/prixgro.com\/product\/faux-cils-harmony-17-huda-beauty\/#primaryimage"},"image":{"@id":"https:\/\/prixgro.com\/product\/faux-cils-harmony-17-huda-beauty\/#primaryimage"},"thumbnailUrl":"https:\/\/prixgro.com\/wp-content\/uploads\/2023\/09\/huda-cils-scaled-e1680697961686.jpg","datePublished":"2024-04-09T12:31:50+00:00","dateModified":"2024-08-08T12:05:09+00:00","breadcrumb":{"@id":"https:\/\/prixgro.com\/product\/faux-cils-harmony-17-huda-beauty\/#breadcrumb"},"inLanguage":"ar","potentialAction":[{"@type":"ReadAction","target":["https:\/\/prixgro.com\/product\/faux-cils-harmony-17-huda-beauty\/"]}]},{"@type":"ImageObject","inLanguage":"ar","@id":"https:\/\/prixgro.com\/product\/faux-cils-harmony-17-huda-beauty\/#primaryimage","url":"https:\/\/prixgro.com\/wp-content\/uploads\/2023\/09\/huda-cils-scaled-e1680697961686.jpg","contentUrl":"https:\/\/prixgro.com\/wp-content\/uploads\/2023\/09\/huda-cils-scaled-e1680697961686.jpg","width":500,"height":500},{"@type":"BreadcrumbList","@id":"https:\/\/prixgro.com\/product\/faux-cils-harmony-17-huda-beauty\/#breadcrumb","itemListElement":[{"@type":"ListItem","position":1,"name":"Accueil","item":"https:\/\/prixgro.com\/"},{"@type":"ListItem","position":2,"name":"Boutique en ligne","item":"https:\/\/prixgro.com\/shop\/"},{"@type":"ListItem","position":3,"name":"Faux Cils Harmony #17 Huda Beauty"}]},{"@type":"WebSite","@id":"https:\/\/prixgro.com\/#website","url":"https:\/\/prixgro.com\/","name":"Prixgro.com","description":"Para Pharmaceutique et Cosm\u00e9tique","publisher":{"@id":"https:\/\/prixgro.com\/#organization"},"potentialAction":[{"@type":"SearchAction","target":{"@type":"EntryPoint","urlTemplate":"https:\/\/prixgro.com\/?s={search_term_string}"},"query-input":{"@type":"PropertyValueSpecification","valueRequired":true,"valueName":"search_term_string"}}],"inLanguage":"ar"},{"@type":"Organization","@id":"https:\/\/prixgro.com\/#organization","name":"Prixgro","url":"https:\/\/prixgro.com\/","logo":{"@type":"ImageObject","inLanguage":"ar","@id":"https:\/\/prixgro.com\/#\/schema\/logo\/image\/","url":"https:\/\/prixgro.com\/wp-content\/uploads\/2024\/08\/cropped-Nouveau-projet-2.png","contentUrl":"https:\/\/prixgro.com\/wp-content\/uploads\/2024\/08\/cropped-Nouveau-projet-2.png","width":265,"height":62,"caption":"Prixgro"},"image":{"@id":"https:\/\/prixgro.com\/#\/schema\/logo\/image\/"},"sameAs":["https:\/\/www.facebook.com\/Pharmacima"]}]}},"_links":{"self":[{"href":"https:\/\/prixgro.com\/ar\/wp-json\/wp\/v2\/product\/142224","targetHints":{"allow":["GET"]}}],"collection":[{"href":"https:\/\/prixgro.com\/ar\/wp-json\/wp\/v2\/product"}],"about":[{"href":"https:\/\/prixgro.com\/ar\/wp-json\/wp\/v2\/types\/product"}],"replies":[{"embeddable":true,"href":"https:\/\/prixgro.com\/ar\/wp-json\/wp\/v2\/comments?post=142224"}],"wp:featuredmedia":[{"embeddable":true,"href":"https:\/\/prixgro.com\/ar\/wp-json\/wp\/v2\/media\/4017"}],"wp:attachment":[{"href":"https:\/\/prixgro.com\/ar\/wp-json\/wp\/v2\/media?parent=142224"}],"wp:term":[{"taxonomy":"product_cat","embeddable":true,"href":"https:\/\/prixgro.com\/ar\/wp-json\/wp\/v2\/product_cat?post=142224"},{"taxonomy":"product_tag","embeddable":true,"href":"https:\/\/prixgro.com\/ar\/wp-json\/wp\/v2\/product_tag?post=142224"},{"taxonomy":"berocket_brand","embeddable":true,"href":"https:\/\/prixgro.com\/ar\/wp-json\/wp\/v2\/berocket_brand?post=142224"}],"curies":[{"name":"wp","href":"https:\/\/api.w.org\/{rel}","templated":true}]}}