{"id":142234,"date":"2024-04-09T14:31:51","date_gmt":"2024-04-09T12:31:51","guid":{"rendered":"https:\/\/cloodmanager.net\/?post_type=product&#038;p=142234"},"modified":"2024-08-08T13:59:02","modified_gmt":"2024-08-08T11:59:02","slug":"rouge-a-levres-power-bullet-last-night-huda-beauty","status":"publish","type":"product","link":"https:\/\/prixgro.com\/ar\/product\/rouge-a-levres-power-bullet-last-night-huda-beauty\/","title":{"rendered":"Rouge \u00c0 L\u00e8vres Power Bullet Last Night Huda Beauty"},"content":{"rendered":"<h2><strong>DESCRIPTION :<\/strong><\/h2>\n<p>Les rouges \u00e0 l\u00e8vres Power Bullet Cream Glow de Huda Beauty, une version in\u00e9dite de la formule originale Power Bullet Matte offrant de nouvelles teintes nudes qui viennent compl\u00e9ter votre trousse de maquillage (car une chose est s\u00fbre : vous aurez envie de les porter tous les jours\u2009!).<br \/>Ces teintes brunes et roses universelles ont \u00e9t\u00e9 con\u00e7ues pour mettre en valeur la pigmentation naturelle de vos l\u00e8vres et se marient \u00e0 merveille pour tous types de peaux.<\/p>\n<p>Leur couvrance modulable \u00e9pouse les l\u00e8vres en toute l\u00e9g\u00e8ret\u00e9\u2026 Des l\u00e8vres pulpeuses naturelles, mais sublim\u00e9es\u2009!<\/p>\n<p><strong>Caract\u00e9ristiques :<\/strong><\/p>\n<p>Ces rouges \u00e0 l\u00e8vres hydratants sont gr\u00e2ce \u00e0 la puissance de leurs ingr\u00e9dients actifs, extr\u00eamement nourrissants et procurent un confort instantan\u00e9.<\/p>\n<p>Leur formule ultra-hydratante permet d\u2019obtenir facilement des l\u00e8vres d\u2019apparence naturelle, plus pulpeuses, hydrat\u00e9es et ros\u00e9es.<\/p>\n<p>Sans oublier leur incroyable texture beurr\u00e9e dont vous ne pourrez plus vous passer\u2009! Cette sensation envo\u00fbtante est renforc\u00e9e par une application ultra-fondante et onctueuse, parfaite pour les journ\u00e9es tranquilles \u00e0 la maison comme pour vos d\u00e9placements.<\/p>\n<h2><strong>CONSEIL D\u2019UTILISATION :<\/strong><\/h2>\n<p>\u2013 Utilisez l\u2019extr\u00e9mit\u00e9 pointue pour dessiner le contour et les bords de vos l\u00e8vres.<br \/>\u2013 Puis comblez les l\u00e8vres \u00e0 l\u2019aide de la face plate, en commen\u00e7ant par le centre et en \u00e9talant vers l\u2019ext\u00e9rieur jusqu\u2019aux coins de la bouche.<br \/>\u2013 Superposez les couches jusqu\u2019\u00e0 obtenir l\u2019effet escompt\u00e9.<\/p>\n<h2><strong>COMPOSITION<\/strong>\u00a0:<\/h2>\n<p>DIMETHICONE, OCTYLDODECANOL, POLYETHYLENE, POLYSILICONE-11, NYLON-12, CAPRYLIC\/CAPRICTRIGLYCERIDE, BIS-PEG-12 DIMETHICONE BEESWAX, METHYL METHACRYLATE CROSSPOLYMER, STEARALKONIUM BENTONITE, POLYHYDROXYSTEARIC ACID, PROPYLENE CARBONATE, AROMA (FLAVOR), LAURETH-12, PENTAERYTHRITYL TETRA-DI-T-BUTYL HYDROXYHYDROCINNAMATE, DICALCIUM PHOSPHATE, MICA, TIN OXIDE, [+\/- CI 77891 (TITANIUM DIOXIDE), CI 77491 (IRON OXIDES), CI 77492 (IRON OXIDES), CI 42090 (BLUE 1 LAKE), CI 15850 (RED 6), CI 15850 (RED 7 LAKE), CI 45410 (RED 28 LAKE), CI 19140 (YELLOW 5 LAKE), CI 15985 (YELLOW 6 LAKE)].<\/p>","protected":false},"excerpt":{"rendered":"<p><\/p>","protected":false},"featured_media":4031,"comment_status":"open","ping_status":"closed","template":"","meta":[],"product_cat":[432,429],"product_tag":[],"berocket_brand":[],"class_list":{"0":"post-142234","1":"product","2":"type-product","3":"status-publish","4":"has-post-thumbnail","6":"product_cat-levres-maquillage","7":"product_cat-maquillage","9":"first","10":"outofstock","11":"shipping-taxable","12":"purchasable","13":"product-type-simple"},"yoast_head":"<!-- This site is optimized with the Yoast SEO plugin v24.8 - https:\/\/yoast.com\/wordpress\/plugins\/seo\/ -->\n<title>Rouge \u00c0 L\u00e8vres Power Bullet Last Night Huda Beauty - Prixgro<\/title>\n<meta name=\"robots\" content=\"index, follow, max-snippet:-1, max-image-preview:large, max-video-preview:-1\" \/>\n<link rel=\"canonical\" href=\"https:\/\/prixgro.com\/ar\/product\/rouge-a-levres-power-bullet-last-night-huda-beauty\/\" \/>\n<meta property=\"og:locale\" content=\"ar_AR\" \/>\n<meta property=\"og:type\" content=\"article\" \/>\n<meta property=\"og:title\" content=\"Rouge \u00c0 L\u00e8vres Power Bullet Last Night Huda Beauty - Prixgro\" \/>\n<meta property=\"og:url\" content=\"https:\/\/prixgro.com\/ar\/product\/rouge-a-levres-power-bullet-last-night-huda-beauty\/\" \/>\n<meta property=\"og:site_name\" content=\"Prixgro\" \/>\n<meta property=\"article:publisher\" content=\"https:\/\/www.facebook.com\/Pharmacima\" \/>\n<meta property=\"article:modified_time\" content=\"2024-08-08T11:59:02+00:00\" \/>\n<meta property=\"og:image\" content=\"https:\/\/prixgro.com\/wp-content\/uploads\/2023\/09\/huda-beauty-last-night-p.jpg\" \/>\n\t<meta property=\"og:image:width\" content=\"585\" \/>\n\t<meta property=\"og:image:height\" content=\"585\" \/>\n\t<meta property=\"og:image:type\" content=\"image\/jpeg\" \/>\n<meta name=\"twitter:card\" content=\"summary_large_image\" \/>\n<meta name=\"twitter:label1\" content=\"\u0648\u0642\u062a \u0627\u0644\u0642\u0631\u0627\u0621\u0629 \u0627\u0644\u0645\u064f\u0642\u062f\u0651\u0631\" \/>\n\t<meta name=\"twitter:data1\" content=\"\u062f\u0642\u064a\u0642\u062a\u0627\u0646\" \/>\n<script type=\"application\/ld+json\" class=\"yoast-schema-graph\">{\"@context\":\"https:\/\/schema.org\",\"@graph\":[{\"@type\":\"WebPage\",\"@id\":\"https:\/\/prixgro.com\/product\/rouge-a-levres-power-bullet-last-night-huda-beauty\/\",\"url\":\"https:\/\/prixgro.com\/product\/rouge-a-levres-power-bullet-last-night-huda-beauty\/\",\"name\":\"Rouge \u00c0 L\u00e8vres Power Bullet Last Night Huda Beauty - Prixgro\",\"isPartOf\":{\"@id\":\"https:\/\/prixgro.com\/#website\"},\"primaryImageOfPage\":{\"@id\":\"https:\/\/prixgro.com\/product\/rouge-a-levres-power-bullet-last-night-huda-beauty\/#primaryimage\"},\"image\":{\"@id\":\"https:\/\/prixgro.com\/product\/rouge-a-levres-power-bullet-last-night-huda-beauty\/#primaryimage\"},\"thumbnailUrl\":\"https:\/\/prixgro.com\/wp-content\/uploads\/2023\/09\/huda-beauty-last-night-p.jpg\",\"datePublished\":\"2024-04-09T12:31:51+00:00\",\"dateModified\":\"2024-08-08T11:59:02+00:00\",\"breadcrumb\":{\"@id\":\"https:\/\/prixgro.com\/product\/rouge-a-levres-power-bullet-last-night-huda-beauty\/#breadcrumb\"},\"inLanguage\":\"ar\",\"potentialAction\":[{\"@type\":\"ReadAction\",\"target\":[\"https:\/\/prixgro.com\/product\/rouge-a-levres-power-bullet-last-night-huda-beauty\/\"]}]},{\"@type\":\"ImageObject\",\"inLanguage\":\"ar\",\"@id\":\"https:\/\/prixgro.com\/product\/rouge-a-levres-power-bullet-last-night-huda-beauty\/#primaryimage\",\"url\":\"https:\/\/prixgro.com\/wp-content\/uploads\/2023\/09\/huda-beauty-last-night-p.jpg\",\"contentUrl\":\"https:\/\/prixgro.com\/wp-content\/uploads\/2023\/09\/huda-beauty-last-night-p.jpg\",\"width\":585,\"height\":585},{\"@type\":\"BreadcrumbList\",\"@id\":\"https:\/\/prixgro.com\/product\/rouge-a-levres-power-bullet-last-night-huda-beauty\/#breadcrumb\",\"itemListElement\":[{\"@type\":\"ListItem\",\"position\":1,\"name\":\"Accueil\",\"item\":\"https:\/\/prixgro.com\/\"},{\"@type\":\"ListItem\",\"position\":2,\"name\":\"Boutique en ligne\",\"item\":\"https:\/\/prixgro.com\/shop\/\"},{\"@type\":\"ListItem\",\"position\":3,\"name\":\"Rouge \u00c0 L\u00e8vres Power Bullet Last Night Huda Beauty\"}]},{\"@type\":\"WebSite\",\"@id\":\"https:\/\/prixgro.com\/#website\",\"url\":\"https:\/\/prixgro.com\/\",\"name\":\"Prixgro.com\",\"description\":\"Para Pharmaceutique et Cosm\u00e9tique\",\"publisher\":{\"@id\":\"https:\/\/prixgro.com\/#organization\"},\"potentialAction\":[{\"@type\":\"SearchAction\",\"target\":{\"@type\":\"EntryPoint\",\"urlTemplate\":\"https:\/\/prixgro.com\/?s={search_term_string}\"},\"query-input\":{\"@type\":\"PropertyValueSpecification\",\"valueRequired\":true,\"valueName\":\"search_term_string\"}}],\"inLanguage\":\"ar\"},{\"@type\":\"Organization\",\"@id\":\"https:\/\/prixgro.com\/#organization\",\"name\":\"Prixgro\",\"url\":\"https:\/\/prixgro.com\/\",\"logo\":{\"@type\":\"ImageObject\",\"inLanguage\":\"ar\",\"@id\":\"https:\/\/prixgro.com\/#\/schema\/logo\/image\/\",\"url\":\"https:\/\/prixgro.com\/wp-content\/uploads\/2024\/08\/cropped-Nouveau-projet-2.png\",\"contentUrl\":\"https:\/\/prixgro.com\/wp-content\/uploads\/2024\/08\/cropped-Nouveau-projet-2.png\",\"width\":265,\"height\":62,\"caption\":\"Prixgro\"},\"image\":{\"@id\":\"https:\/\/prixgro.com\/#\/schema\/logo\/image\/\"},\"sameAs\":[\"https:\/\/www.facebook.com\/Pharmacima\"]}]}<\/script>\n<!-- \/ Yoast SEO plugin. -->","yoast_head_json":{"title":"Rouge \u00c0 L\u00e8vres Power Bullet Last Night Huda Beauty - Prixgro","robots":{"index":"index","follow":"follow","max-snippet":"max-snippet:-1","max-image-preview":"max-image-preview:large","max-video-preview":"max-video-preview:-1"},"canonical":"https:\/\/prixgro.com\/ar\/product\/rouge-a-levres-power-bullet-last-night-huda-beauty\/","og_locale":"ar_AR","og_type":"article","og_title":"Rouge \u00c0 L\u00e8vres Power Bullet Last Night Huda Beauty - Prixgro","og_url":"https:\/\/prixgro.com\/ar\/product\/rouge-a-levres-power-bullet-last-night-huda-beauty\/","og_site_name":"Prixgro","article_publisher":"https:\/\/www.facebook.com\/Pharmacima","article_modified_time":"2024-08-08T11:59:02+00:00","og_image":[{"width":585,"height":585,"url":"https:\/\/prixgro.com\/wp-content\/uploads\/2023\/09\/huda-beauty-last-night-p.jpg","type":"image\/jpeg"}],"twitter_card":"summary_large_image","twitter_misc":{"\u0648\u0642\u062a \u0627\u0644\u0642\u0631\u0627\u0621\u0629 \u0627\u0644\u0645\u064f\u0642\u062f\u0651\u0631":"\u062f\u0642\u064a\u0642\u062a\u0627\u0646"},"schema":{"@context":"https:\/\/schema.org","@graph":[{"@type":"WebPage","@id":"https:\/\/prixgro.com\/product\/rouge-a-levres-power-bullet-last-night-huda-beauty\/","url":"https:\/\/prixgro.com\/product\/rouge-a-levres-power-bullet-last-night-huda-beauty\/","name":"Rouge \u00c0 L\u00e8vres Power Bullet Last Night Huda Beauty - Prixgro","isPartOf":{"@id":"https:\/\/prixgro.com\/#website"},"primaryImageOfPage":{"@id":"https:\/\/prixgro.com\/product\/rouge-a-levres-power-bullet-last-night-huda-beauty\/#primaryimage"},"image":{"@id":"https:\/\/prixgro.com\/product\/rouge-a-levres-power-bullet-last-night-huda-beauty\/#primaryimage"},"thumbnailUrl":"https:\/\/prixgro.com\/wp-content\/uploads\/2023\/09\/huda-beauty-last-night-p.jpg","datePublished":"2024-04-09T12:31:51+00:00","dateModified":"2024-08-08T11:59:02+00:00","breadcrumb":{"@id":"https:\/\/prixgro.com\/product\/rouge-a-levres-power-bullet-last-night-huda-beauty\/#breadcrumb"},"inLanguage":"ar","potentialAction":[{"@type":"ReadAction","target":["https:\/\/prixgro.com\/product\/rouge-a-levres-power-bullet-last-night-huda-beauty\/"]}]},{"@type":"ImageObject","inLanguage":"ar","@id":"https:\/\/prixgro.com\/product\/rouge-a-levres-power-bullet-last-night-huda-beauty\/#primaryimage","url":"https:\/\/prixgro.com\/wp-content\/uploads\/2023\/09\/huda-beauty-last-night-p.jpg","contentUrl":"https:\/\/prixgro.com\/wp-content\/uploads\/2023\/09\/huda-beauty-last-night-p.jpg","width":585,"height":585},{"@type":"BreadcrumbList","@id":"https:\/\/prixgro.com\/product\/rouge-a-levres-power-bullet-last-night-huda-beauty\/#breadcrumb","itemListElement":[{"@type":"ListItem","position":1,"name":"Accueil","item":"https:\/\/prixgro.com\/"},{"@type":"ListItem","position":2,"name":"Boutique en ligne","item":"https:\/\/prixgro.com\/shop\/"},{"@type":"ListItem","position":3,"name":"Rouge \u00c0 L\u00e8vres Power Bullet Last Night Huda Beauty"}]},{"@type":"WebSite","@id":"https:\/\/prixgro.com\/#website","url":"https:\/\/prixgro.com\/","name":"Prixgro.com","description":"Para Pharmaceutique et Cosm\u00e9tique","publisher":{"@id":"https:\/\/prixgro.com\/#organization"},"potentialAction":[{"@type":"SearchAction","target":{"@type":"EntryPoint","urlTemplate":"https:\/\/prixgro.com\/?s={search_term_string}"},"query-input":{"@type":"PropertyValueSpecification","valueRequired":true,"valueName":"search_term_string"}}],"inLanguage":"ar"},{"@type":"Organization","@id":"https:\/\/prixgro.com\/#organization","name":"Prixgro","url":"https:\/\/prixgro.com\/","logo":{"@type":"ImageObject","inLanguage":"ar","@id":"https:\/\/prixgro.com\/#\/schema\/logo\/image\/","url":"https:\/\/prixgro.com\/wp-content\/uploads\/2024\/08\/cropped-Nouveau-projet-2.png","contentUrl":"https:\/\/prixgro.com\/wp-content\/uploads\/2024\/08\/cropped-Nouveau-projet-2.png","width":265,"height":62,"caption":"Prixgro"},"image":{"@id":"https:\/\/prixgro.com\/#\/schema\/logo\/image\/"},"sameAs":["https:\/\/www.facebook.com\/Pharmacima"]}]}},"_links":{"self":[{"href":"https:\/\/prixgro.com\/ar\/wp-json\/wp\/v2\/product\/142234","targetHints":{"allow":["GET"]}}],"collection":[{"href":"https:\/\/prixgro.com\/ar\/wp-json\/wp\/v2\/product"}],"about":[{"href":"https:\/\/prixgro.com\/ar\/wp-json\/wp\/v2\/types\/product"}],"replies":[{"embeddable":true,"href":"https:\/\/prixgro.com\/ar\/wp-json\/wp\/v2\/comments?post=142234"}],"wp:featuredmedia":[{"embeddable":true,"href":"https:\/\/prixgro.com\/ar\/wp-json\/wp\/v2\/media\/4031"}],"wp:attachment":[{"href":"https:\/\/prixgro.com\/ar\/wp-json\/wp\/v2\/media?parent=142234"}],"wp:term":[{"taxonomy":"product_cat","embeddable":true,"href":"https:\/\/prixgro.com\/ar\/wp-json\/wp\/v2\/product_cat?post=142234"},{"taxonomy":"product_tag","embeddable":true,"href":"https:\/\/prixgro.com\/ar\/wp-json\/wp\/v2\/product_tag?post=142234"},{"taxonomy":"berocket_brand","embeddable":true,"href":"https:\/\/prixgro.com\/ar\/wp-json\/wp\/v2\/berocket_brand?post=142234"}],"curies":[{"name":"wp","href":"https:\/\/api.w.org\/{rel}","templated":true}]}}