{"id":142247,"date":"2024-04-09T14:32:00","date_gmt":"2024-04-09T12:32:00","guid":{"rendered":"https:\/\/cloodmanager.net\/?post_type=product&#038;p=142247"},"modified":"2024-08-08T14:00:18","modified_gmt":"2024-08-08T12:00:18","slug":"forcapil-fortifiant-cheveux-et-ongles-lot-3-mois-1-mois-offert","status":"publish","type":"product","link":"https:\/\/prixgro.com\/ar\/product\/forcapil-fortifiant-cheveux-et-ongles-lot-3-mois-1-mois-offert\/","title":{"rendered":"Forcapil Fortifiant Cheveux et Ongles Lot 3 mois + 1 mois offert"},"content":{"rendered":"<h2><strong>DESCRIPTION :<\/strong><\/h2>\n<p><strong>Forcapil\u00ae : une formule compl\u00e8te pour vos ongles et vos cheveux !<\/strong><\/p>\n<p>Des cheveux ternes et sans volume ? Des cheveux et des ongles cassants ? Forcapil\u00ae, formule fortifiante est une association d\u2019actifs qui apporte\u00a0<strong>Force, Vitalit\u00e9 et Brillance<\/strong>\u00a0\u00e0 vos cheveux et vos ongles.<\/p>\n<p>\u00c9lu\u00a0<strong>\u00ab\u00a0Produit pr\u00e9f\u00e9r\u00e9 des Fran\u00e7ais\u00a0\u00bb*<\/strong>, Forcapil\u00ae propose une formule compl\u00e8te pour vos ongles et vos cheveux\u00a0!<\/p>\n<p>Le cheveu est principalement constitu\u00e9 de k\u00e9ratine, prot\u00e9ine qui lui conf\u00e8re \u00e9lasticit\u00e9, r\u00e9sistance et brillance. Elle est synth\u00e9tis\u00e9e \u00e0 partir des acides amin\u00e9s soufr\u00e9s, la cystine et la m\u00e9thionine, sous l\u2019action du zinc et des vitamines du groupe B. La k\u00e9ratine est \u00e9galement un constituant majeur de l\u2019ongle.<\/p>\n<p>\u00c9lu comme \u00e9tant \u00ab Le produit pr\u00e9f\u00e9r\u00e9 des Fran\u00e7ais \u00bb*, Forcapil\u00ae contient des acides amin\u00e9s soufr\u00e9s (cystine et m\u00e9thionine), des vitamines et des min\u00e9raux<strong>\u00a0rigoureusement s\u00e9lectionn\u00e9s<\/strong>\u00a0par les experts des laboratoires Arkopharma.\u00a0<strong>Une formule compl\u00e8te pour vos ongles et vos cheveux !<\/strong><\/p>\n<ul>\n<li>Le\u00a0<strong>zinc\u00a0<\/strong>contribue \u00e0 la synth\u00e8se normale des prot\u00e9ines, comme la k\u00e9ratine, ainsi qu&#8217;\u00e0 conserver de beaux ongles.<\/li>\n<li>La\u00a0<strong>vitamine B8<\/strong>\u00a0contribue au maintien de cheveux en bonne sant\u00e9, souples, brillants et r\u00e9sistants.<\/li>\n<li>La\u00a0<strong>vitamine B9<\/strong>\u00a0contribue \u00e0 la synth\u00e8se normale des acides amin\u00e9s.<\/li>\n<li>La\u00a0<strong>vitamine B6<\/strong>\u00a0contribue \u00e0 la synth\u00e8se normale de la cyst\u00e9ine, qui est elle-m\u00eame utilis\u00e9e pour fabriquer de la cystine.<\/li>\n<li>La\u00a0<strong>vitamine B6<\/strong>\u00a0contribue \u00e9galement au m\u00e9tabolisme normal des prot\u00e9ines.<\/li>\n<\/ul>\n<h2><strong>CONSEIL D&#8217;UTILISATION :<\/strong><\/h2>\n<p>Prendre\u00a0<strong>2 g\u00e9lules le matin<\/strong>\u00a0pendant au moins 3 mois, renouvelable plusieurs fois durant l\u2019ann\u00e9e, notamment aux changements de saison. Avaler les g\u00e9lules avec un grand verre d\u2019eau au cours du petit-d\u00e9jeuner.<\/p>\n<div id=\"conseils-dutilisation\" class=\"product__main-content\" data-dropdown=\"opened\">\n<div class=\"product__main-text rte__content\">\n<p><strong>Recommandations d&#8217;usage\u00a0<\/strong><\/p>\n<ul>\n<li>Pour \u00eatre en phase avec la dur\u00e9e du cycle du cheveu, il est recommand\u00e9 une dur\u00e9e d\u2019utilisation d\u2019au moins 3 mois, renouvelable plusieurs fois durant l\u2019ann\u00e9e, notamment aux changements de saison.<\/li>\n<li>Convient aussi aux femmes enceintes et aux femmes allaitantes.<\/li>\n<li>Ne pas laisser \u00e0 la port\u00e9e des jeunes enfants.<\/li>\n<li>Un compl\u00e9ment alimentaire ne doit pas se substituer \u00e0 une alimentation vari\u00e9e et \u00e9quilibr\u00e9e et \u00e0 un mode de vie sain.<\/li>\n<\/ul>\n<\/div>\n<h2><strong>COMPOSITION :<\/strong><\/h2>\n<p>L-cystine &#8211; Agent de charge : cellulose &#8211; L-m\u00e9thionine &#8211; Vitamine B5 &#8211; Oxyde de zinc &#8211; Antiagglom\u00e9rant : st\u00e9arate de magn\u00e9sium &#8211; Vitamine B6 &#8211; Vitamine D3 &#8211; Vitamine B8 (Biotine) &#8211; Vitamine B9. Enveloppe : g\u00e9latine.<\/p>\n<\/div>\n<div id=\"composition\" class=\"product__main-content\" data-dropdown=\"\"><\/div>","protected":false},"excerpt":{"rendered":"<h3><span style=\"color: #3366ff\" data-mce-style=\"color: #3366ff;\"><em><strong>Forcapil\u00ae Fortifiant :\u00a0une formule compl\u00e8te pour vos ongles et vos cheveux\u00a0!<\/strong><\/em><\/span><\/h3>\n<p><strong>Contenance : 180 Gelules + 60 Gelules\u00a0<\/strong><\/p>","protected":false},"featured_media":4067,"comment_status":"open","ping_status":"closed","template":"","meta":[],"product_cat":[126,350],"product_tag":[555,312,548,596,410,232,354,70,78,261,233,629,299,180],"berocket_brand":[],"class_list":{"0":"post-142247","1":"product","2":"type-product","3":"status-publish","4":"has-post-thumbnail","6":"product_cat-cheveux","7":"product_cat-complement-alimentaire","8":"product_tag-acides-amines-2","9":"product_tag-brilliance","10":"product_tag-cheveux-abimes-2","11":"product_tag-complement-alimentaire-2","12":"product_tag-fortifiant-2","13":"product_tag-gelule","14":"product_tag-keratine","15":"product_tag-protecteur","16":"product_tag-reparateur","17":"product_tag-soin-du-jour-2","18":"product_tag-traitement-ongles","19":"product_tag-vitamine-d","20":"product_tag-vitamine-b-2","21":"product_tag-zinc","23":"first","24":"outofstock","25":"shipping-taxable","26":"purchasable","27":"product-type-simple"},"yoast_head":"<!-- This site is optimized with the Yoast SEO plugin v24.8 - https:\/\/yoast.com\/wordpress\/plugins\/seo\/ -->\n<title>Forcapil Fortifiant Cheveux et Ongles Lot 3 mois + 1 mois offert - Prixgro<\/title>\n<meta name=\"robots\" content=\"index, follow, max-snippet:-1, max-image-preview:large, max-video-preview:-1\" \/>\n<link rel=\"canonical\" href=\"https:\/\/prixgro.com\/ar\/product\/forcapil-fortifiant-cheveux-et-ongles-lot-3-mois-1-mois-offert\/\" \/>\n<meta property=\"og:locale\" content=\"ar_AR\" \/>\n<meta property=\"og:type\" content=\"article\" \/>\n<meta property=\"og:title\" content=\"Forcapil Fortifiant Cheveux et Ongles Lot 3 mois + 1 mois offert - Prixgro\" \/>\n<meta property=\"og:description\" content=\"Forcapil\u00ae Fortifiant :\u00a0une formule compl\u00e8te pour vos ongles et vos cheveux\u00a0!Contenance : 180 Gelules + 60 Gelules\u00a0\" \/>\n<meta property=\"og:url\" content=\"https:\/\/prixgro.com\/ar\/product\/forcapil-fortifiant-cheveux-et-ongles-lot-3-mois-1-mois-offert\/\" \/>\n<meta property=\"og:site_name\" content=\"Prixgro\" \/>\n<meta property=\"article:publisher\" content=\"https:\/\/www.facebook.com\/Pharmacima\" \/>\n<meta property=\"article:modified_time\" content=\"2024-08-08T12:00:18+00:00\" \/>\n<meta property=\"og:image\" content=\"https:\/\/prixgro.com\/wp-content\/uploads\/2023\/09\/95436-scaled-e1683550416354.jpg\" \/>\n\t<meta property=\"og:image:width\" content=\"500\" \/>\n\t<meta property=\"og:image:height\" content=\"500\" \/>\n\t<meta property=\"og:image:type\" content=\"image\/jpeg\" \/>\n<meta name=\"twitter:card\" content=\"summary_large_image\" \/>\n<meta name=\"twitter:label1\" content=\"\u0648\u0642\u062a \u0627\u0644\u0642\u0631\u0627\u0621\u0629 \u0627\u0644\u0645\u064f\u0642\u062f\u0651\u0631\" \/>\n\t<meta name=\"twitter:data1\" content=\"\u062f\u0642\u064a\u0642\u062a\u0627\u0646\" \/>\n<script type=\"application\/ld+json\" class=\"yoast-schema-graph\">{\"@context\":\"https:\/\/schema.org\",\"@graph\":[{\"@type\":\"WebPage\",\"@id\":\"https:\/\/prixgro.com\/product\/forcapil-fortifiant-cheveux-et-ongles-lot-3-mois-1-mois-offert\/\",\"url\":\"https:\/\/prixgro.com\/product\/forcapil-fortifiant-cheveux-et-ongles-lot-3-mois-1-mois-offert\/\",\"name\":\"Forcapil Fortifiant Cheveux et Ongles Lot 3 mois + 1 mois offert - Prixgro\",\"isPartOf\":{\"@id\":\"https:\/\/prixgro.com\/#website\"},\"primaryImageOfPage\":{\"@id\":\"https:\/\/prixgro.com\/product\/forcapil-fortifiant-cheveux-et-ongles-lot-3-mois-1-mois-offert\/#primaryimage\"},\"image\":{\"@id\":\"https:\/\/prixgro.com\/product\/forcapil-fortifiant-cheveux-et-ongles-lot-3-mois-1-mois-offert\/#primaryimage\"},\"thumbnailUrl\":\"https:\/\/prixgro.com\/wp-content\/uploads\/2023\/09\/95436-scaled-e1683550416354.jpg\",\"datePublished\":\"2024-04-09T12:32:00+00:00\",\"dateModified\":\"2024-08-08T12:00:18+00:00\",\"breadcrumb\":{\"@id\":\"https:\/\/prixgro.com\/product\/forcapil-fortifiant-cheveux-et-ongles-lot-3-mois-1-mois-offert\/#breadcrumb\"},\"inLanguage\":\"ar\",\"potentialAction\":[{\"@type\":\"ReadAction\",\"target\":[\"https:\/\/prixgro.com\/product\/forcapil-fortifiant-cheveux-et-ongles-lot-3-mois-1-mois-offert\/\"]}]},{\"@type\":\"ImageObject\",\"inLanguage\":\"ar\",\"@id\":\"https:\/\/prixgro.com\/product\/forcapil-fortifiant-cheveux-et-ongles-lot-3-mois-1-mois-offert\/#primaryimage\",\"url\":\"https:\/\/prixgro.com\/wp-content\/uploads\/2023\/09\/95436-scaled-e1683550416354.jpg\",\"contentUrl\":\"https:\/\/prixgro.com\/wp-content\/uploads\/2023\/09\/95436-scaled-e1683550416354.jpg\",\"width\":500,\"height\":500},{\"@type\":\"BreadcrumbList\",\"@id\":\"https:\/\/prixgro.com\/product\/forcapil-fortifiant-cheveux-et-ongles-lot-3-mois-1-mois-offert\/#breadcrumb\",\"itemListElement\":[{\"@type\":\"ListItem\",\"position\":1,\"name\":\"Accueil\",\"item\":\"https:\/\/prixgro.com\/\"},{\"@type\":\"ListItem\",\"position\":2,\"name\":\"Boutique en ligne\",\"item\":\"https:\/\/prixgro.com\/shop\/\"},{\"@type\":\"ListItem\",\"position\":3,\"name\":\"Forcapil Fortifiant Cheveux et Ongles Lot 3 mois + 1 mois offert\"}]},{\"@type\":\"WebSite\",\"@id\":\"https:\/\/prixgro.com\/#website\",\"url\":\"https:\/\/prixgro.com\/\",\"name\":\"Prixgro.com\",\"description\":\"Para Pharmaceutique et Cosm\u00e9tique\",\"publisher\":{\"@id\":\"https:\/\/prixgro.com\/#organization\"},\"potentialAction\":[{\"@type\":\"SearchAction\",\"target\":{\"@type\":\"EntryPoint\",\"urlTemplate\":\"https:\/\/prixgro.com\/?s={search_term_string}\"},\"query-input\":{\"@type\":\"PropertyValueSpecification\",\"valueRequired\":true,\"valueName\":\"search_term_string\"}}],\"inLanguage\":\"ar\"},{\"@type\":\"Organization\",\"@id\":\"https:\/\/prixgro.com\/#organization\",\"name\":\"Prixgro\",\"url\":\"https:\/\/prixgro.com\/\",\"logo\":{\"@type\":\"ImageObject\",\"inLanguage\":\"ar\",\"@id\":\"https:\/\/prixgro.com\/#\/schema\/logo\/image\/\",\"url\":\"https:\/\/prixgro.com\/wp-content\/uploads\/2024\/08\/cropped-Nouveau-projet-2.png\",\"contentUrl\":\"https:\/\/prixgro.com\/wp-content\/uploads\/2024\/08\/cropped-Nouveau-projet-2.png\",\"width\":265,\"height\":62,\"caption\":\"Prixgro\"},\"image\":{\"@id\":\"https:\/\/prixgro.com\/#\/schema\/logo\/image\/\"},\"sameAs\":[\"https:\/\/www.facebook.com\/Pharmacima\"]}]}<\/script>\n<!-- \/ Yoast SEO plugin. -->","yoast_head_json":{"title":"Forcapil Fortifiant Cheveux et Ongles Lot 3 mois + 1 mois offert - Prixgro","robots":{"index":"index","follow":"follow","max-snippet":"max-snippet:-1","max-image-preview":"max-image-preview:large","max-video-preview":"max-video-preview:-1"},"canonical":"https:\/\/prixgro.com\/ar\/product\/forcapil-fortifiant-cheveux-et-ongles-lot-3-mois-1-mois-offert\/","og_locale":"ar_AR","og_type":"article","og_title":"Forcapil Fortifiant Cheveux et Ongles Lot 3 mois + 1 mois offert - Prixgro","og_description":"Forcapil\u00ae Fortifiant :\u00a0une formule compl\u00e8te pour vos ongles et vos cheveux\u00a0!Contenance : 180 Gelules + 60 Gelules\u00a0","og_url":"https:\/\/prixgro.com\/ar\/product\/forcapil-fortifiant-cheveux-et-ongles-lot-3-mois-1-mois-offert\/","og_site_name":"Prixgro","article_publisher":"https:\/\/www.facebook.com\/Pharmacima","article_modified_time":"2024-08-08T12:00:18+00:00","og_image":[{"width":500,"height":500,"url":"https:\/\/prixgro.com\/wp-content\/uploads\/2023\/09\/95436-scaled-e1683550416354.jpg","type":"image\/jpeg"}],"twitter_card":"summary_large_image","twitter_misc":{"\u0648\u0642\u062a \u0627\u0644\u0642\u0631\u0627\u0621\u0629 \u0627\u0644\u0645\u064f\u0642\u062f\u0651\u0631":"\u062f\u0642\u064a\u0642\u062a\u0627\u0646"},"schema":{"@context":"https:\/\/schema.org","@graph":[{"@type":"WebPage","@id":"https:\/\/prixgro.com\/product\/forcapil-fortifiant-cheveux-et-ongles-lot-3-mois-1-mois-offert\/","url":"https:\/\/prixgro.com\/product\/forcapil-fortifiant-cheveux-et-ongles-lot-3-mois-1-mois-offert\/","name":"Forcapil Fortifiant Cheveux et Ongles Lot 3 mois + 1 mois offert - Prixgro","isPartOf":{"@id":"https:\/\/prixgro.com\/#website"},"primaryImageOfPage":{"@id":"https:\/\/prixgro.com\/product\/forcapil-fortifiant-cheveux-et-ongles-lot-3-mois-1-mois-offert\/#primaryimage"},"image":{"@id":"https:\/\/prixgro.com\/product\/forcapil-fortifiant-cheveux-et-ongles-lot-3-mois-1-mois-offert\/#primaryimage"},"thumbnailUrl":"https:\/\/prixgro.com\/wp-content\/uploads\/2023\/09\/95436-scaled-e1683550416354.jpg","datePublished":"2024-04-09T12:32:00+00:00","dateModified":"2024-08-08T12:00:18+00:00","breadcrumb":{"@id":"https:\/\/prixgro.com\/product\/forcapil-fortifiant-cheveux-et-ongles-lot-3-mois-1-mois-offert\/#breadcrumb"},"inLanguage":"ar","potentialAction":[{"@type":"ReadAction","target":["https:\/\/prixgro.com\/product\/forcapil-fortifiant-cheveux-et-ongles-lot-3-mois-1-mois-offert\/"]}]},{"@type":"ImageObject","inLanguage":"ar","@id":"https:\/\/prixgro.com\/product\/forcapil-fortifiant-cheveux-et-ongles-lot-3-mois-1-mois-offert\/#primaryimage","url":"https:\/\/prixgro.com\/wp-content\/uploads\/2023\/09\/95436-scaled-e1683550416354.jpg","contentUrl":"https:\/\/prixgro.com\/wp-content\/uploads\/2023\/09\/95436-scaled-e1683550416354.jpg","width":500,"height":500},{"@type":"BreadcrumbList","@id":"https:\/\/prixgro.com\/product\/forcapil-fortifiant-cheveux-et-ongles-lot-3-mois-1-mois-offert\/#breadcrumb","itemListElement":[{"@type":"ListItem","position":1,"name":"Accueil","item":"https:\/\/prixgro.com\/"},{"@type":"ListItem","position":2,"name":"Boutique en ligne","item":"https:\/\/prixgro.com\/shop\/"},{"@type":"ListItem","position":3,"name":"Forcapil Fortifiant Cheveux et Ongles Lot 3 mois + 1 mois offert"}]},{"@type":"WebSite","@id":"https:\/\/prixgro.com\/#website","url":"https:\/\/prixgro.com\/","name":"Prixgro.com","description":"Para Pharmaceutique et Cosm\u00e9tique","publisher":{"@id":"https:\/\/prixgro.com\/#organization"},"potentialAction":[{"@type":"SearchAction","target":{"@type":"EntryPoint","urlTemplate":"https:\/\/prixgro.com\/?s={search_term_string}"},"query-input":{"@type":"PropertyValueSpecification","valueRequired":true,"valueName":"search_term_string"}}],"inLanguage":"ar"},{"@type":"Organization","@id":"https:\/\/prixgro.com\/#organization","name":"Prixgro","url":"https:\/\/prixgro.com\/","logo":{"@type":"ImageObject","inLanguage":"ar","@id":"https:\/\/prixgro.com\/#\/schema\/logo\/image\/","url":"https:\/\/prixgro.com\/wp-content\/uploads\/2024\/08\/cropped-Nouveau-projet-2.png","contentUrl":"https:\/\/prixgro.com\/wp-content\/uploads\/2024\/08\/cropped-Nouveau-projet-2.png","width":265,"height":62,"caption":"Prixgro"},"image":{"@id":"https:\/\/prixgro.com\/#\/schema\/logo\/image\/"},"sameAs":["https:\/\/www.facebook.com\/Pharmacima"]}]}},"_links":{"self":[{"href":"https:\/\/prixgro.com\/ar\/wp-json\/wp\/v2\/product\/142247","targetHints":{"allow":["GET"]}}],"collection":[{"href":"https:\/\/prixgro.com\/ar\/wp-json\/wp\/v2\/product"}],"about":[{"href":"https:\/\/prixgro.com\/ar\/wp-json\/wp\/v2\/types\/product"}],"replies":[{"embeddable":true,"href":"https:\/\/prixgro.com\/ar\/wp-json\/wp\/v2\/comments?post=142247"}],"wp:featuredmedia":[{"embeddable":true,"href":"https:\/\/prixgro.com\/ar\/wp-json\/wp\/v2\/media\/4067"}],"wp:attachment":[{"href":"https:\/\/prixgro.com\/ar\/wp-json\/wp\/v2\/media?parent=142247"}],"wp:term":[{"taxonomy":"product_cat","embeddable":true,"href":"https:\/\/prixgro.com\/ar\/wp-json\/wp\/v2\/product_cat?post=142247"},{"taxonomy":"product_tag","embeddable":true,"href":"https:\/\/prixgro.com\/ar\/wp-json\/wp\/v2\/product_tag?post=142247"},{"taxonomy":"berocket_brand","embeddable":true,"href":"https:\/\/prixgro.com\/ar\/wp-json\/wp\/v2\/berocket_brand?post=142247"}],"curies":[{"name":"wp","href":"https:\/\/api.w.org\/{rel}","templated":true}]}}