{"id":142250,"date":"2024-04-09T14:32:00","date_gmt":"2024-04-09T12:32:00","guid":{"rendered":"https:\/\/cloodmanager.net\/?post_type=product&#038;p=142250"},"modified":"2024-08-08T13:58:01","modified_gmt":"2024-08-08T11:58:01","slug":"cristaux-de-sel-pour-le-bain-180g-espa","status":"publish","type":"product","link":"https:\/\/prixgro.com\/ar\/product\/cristaux-de-sel-pour-le-bain-180g-espa\/","title":{"rendered":"Cristaux de sel pour le bain 180g ESPA"},"content":{"rendered":"<h2><strong>DESCRIPTION :<\/strong><\/h2>\n<p>nspir\u00e9 par les rituels d\u2019harmonisation des anciennes pratiques de gu\u00e9rison ayurv\u00e9diques, la m\u00e9decine chinoise et les pratiques chamaniques, ce coffret empirique vous emm\u00e8ne dans un voyage sensuel de textures transformatrices et de rituels de soins, pour une peau, un corps et un esprit rajeunis.<\/p>\n<p>En tant qu\u2019\u00eatres humains, nous d\u00e9sirons cr\u00e9er une connexion forte et faire preuve de compassion. En r\u00e9ponse directe \u00e0 ce d\u00e9sir, ESPA a soigneusement formul\u00e9 la nouvelle collection Modern Alchemy.<\/p>\n<p>Plongez dans votre propre rituel de bain ancien pour purifier votre esprit, votre corps et votre \u00e2me gr\u00e2ce \u00e0 ces cristaux r\u00e9\u00e9quilibrants.<\/p>\n<p>Ces d\u00e9licats cristaux de bain roses, compos\u00e9s de sels apaisants et inspir\u00e9s d\u2019anciennes traditions, capturent le pouvoir des min\u00e9raux et de l\u2019eau pour redynamiser et purifier la peau tout en la laissant douce, nourrie et nettoy\u00e9e en profondeur. Un m\u00e9lange de ylang-ylang, de gingembre et de v\u00e9tiver apaise le corps, l\u2019esprit et l\u2019\u00e2me.<\/p>\n<p>Le sel et l\u2019eau sont utilis\u00e9s depuis des si\u00e8cles dans le but de purifier le corps et l\u2019esprit. Se plonger dans un bain rempli de sel est comme se baigner dans un oc\u00e9an d\u2019\u00e9nergie.<\/p>\n<p>Votre corps entre en r\u00e9sonance avec la fr\u00e9quence naturelle des min\u00e9raux de l\u2019Himalaya et d\u2019Epsom, qui aident \u00e0 purifier et \u00e0 apaiser les muscles endoloris.<\/p>\n<p>Laissez ce m\u00e9lange aromatique de ylang-ylang, de bois de santal et de v\u00e9tiver vous r\u00e9g\u00e9n\u00e9rer la peau, le corps et l\u2019esprit.<\/p>\n<h3><strong>Bienfaits principaux\u00a0:<\/strong><\/h3>\n<ul>\n<li>Une peau semblant nettoy\u00e9e en profondeur*<\/li>\n<li>Une peau semblant purifi\u00e9e*<\/li>\n<li>Une peau semblant r\u00e9-\u00e9nergis\u00e9e*<\/li>\n<\/ul>\n<p>*\u00a0\u00c9tude ind\u00e9pendante r\u00e9alis\u00e9e sur 60\u00a0consommateurs<\/p>\n<h2><strong>CONSEIL D&#8217;UTILISATION :<\/strong><\/h2>\n<ol>\n<li>Commencer votre rituel en saupoudrant les cristaux dans un bain chaud et en les faisant tourbillonner dans l\u2019eau, puis les regarder se dissoudre.<\/li>\n<li>Inspirer leur ar\u00f4me nourrissant et essayer de se d\u00e9barrasser de toute n\u00e9gativit\u00e9 en plongeant son corps dans l\u2019eau parfum\u00e9e. Peuvent \u00e9galement \u00eatre utilis\u00e9s dans un bain de pieds adoucissant afin de revigorer des jambes fatigu\u00e9es, ou encore dans un bain pour les mains avant de commencer une manucure.<\/li>\n<\/ol>\n<h2><strong>COMPOSITION :<\/strong><\/h2>\n<p>Sea Salt, Magnesium Sulfate, Sodium Chloride, Limonene, Avena Sativa (Oat) Kernel Flour, Citrus Aurantium Dulcis (Orange) Peel Oil, Distarch Phosphate, Pogostemon Cablin Leaf Oil, Xerochrysum Bracteatum Flower, Citrus Limon (Lemon) Peel Oil, Eugenia Caryophyllus (Clove) Bud Oil, Rosmarinus Officinalis (Rosemary) Leaf Oil, Eugenol, Sesamum Indicum (Sesame) Seed Oil, Simmondsia Chinensis (Jojoba) Seed Oil, Vetiveria Zizanoides Root Oil, Plukenetia Volubilis Seed Oil, Aqua (Water), Cananga Odorata Flower Oil, Lavandula Hybrida Oil, Mentha Piperita (Peppermint) Oil, Zingiber Officinale (Ginger) Root Oil, Sambucus Nigra Fruit Extract, Fragrance* (Parfum), Glycerin, Linalool, Citric Acid, Helianthus Annuus (Sunflower) Seed Oil, Amber Extract, Potassium Sorbate, Sodium Benzoate, Jasminum Officinale (Jasmine) Flower Extract, Tocopherol.<\/p>","protected":false},"excerpt":{"rendered":"<div class=\"santafeProductPage_productName\">\n<div class=\"productName\" data-component=\"productName\">\n<h3 class=\"productName_subtitle\" data-product-name=\"subtitle\"><span style=\"color: #000000\" data-mce-style=\"color: #000000;\"><em><strong>Des cristaux de <span style=\"color: #ff9900\" data-mce-style=\"color: #ff9900;\">sel<\/span> pour le bain parfaitement <span style=\"color: #ff9900\" data-mce-style=\"color: #ff9900;\">apaisant<\/span> pour redonner de l\u2019\u00e9nergie et <span style=\"color: #ff9900\" data-mce-style=\"color: #ff9900;\">purifier.<\/span><\/strong><\/em><\/span><\/h3>\n<p><strong>Contenance : 180g<\/strong><\/p>\n<\/div>\n<\/div>","protected":false},"featured_media":4082,"comment_status":"open","ping_status":"closed","template":"","meta":[],"product_cat":[64,17],"product_tag":[],"berocket_brand":[],"class_list":{"0":"post-142250","1":"product","2":"type-product","3":"status-publish","4":"has-post-thumbnail","6":"product_cat-corps","7":"product_cat-soin-et-bien-etre","9":"first","10":"outofstock","11":"shipping-taxable","12":"purchasable","13":"product-type-simple"},"yoast_head":"<!-- This site is optimized with the Yoast SEO plugin v24.8 - https:\/\/yoast.com\/wordpress\/plugins\/seo\/ -->\n<title>Cristaux de sel pour le bain 180g ESPA - Prixgro<\/title>\n<meta name=\"robots\" content=\"index, follow, max-snippet:-1, max-image-preview:large, max-video-preview:-1\" \/>\n<link rel=\"canonical\" href=\"https:\/\/prixgro.com\/ar\/product\/cristaux-de-sel-pour-le-bain-180g-espa\/\" \/>\n<meta property=\"og:locale\" content=\"ar_AR\" \/>\n<meta property=\"og:type\" content=\"article\" \/>\n<meta property=\"og:title\" content=\"Cristaux de sel pour le bain 180g ESPA - Prixgro\" \/>\n<meta property=\"og:description\" content=\"Des cristaux de sel pour le bain parfaitement apaisant pour redonner de l\u2019\u00e9nergie et purifier.Contenance : 180g\" \/>\n<meta property=\"og:url\" content=\"https:\/\/prixgro.com\/ar\/product\/cristaux-de-sel-pour-le-bain-180g-espa\/\" \/>\n<meta property=\"og:site_name\" content=\"Prixgro\" \/>\n<meta property=\"article:publisher\" content=\"https:\/\/www.facebook.com\/Pharmacima\" \/>\n<meta property=\"article:modified_time\" content=\"2024-08-08T11:58:01+00:00\" \/>\n<meta property=\"og:image\" content=\"https:\/\/prixgro.com\/wp-content\/uploads\/2023\/09\/Design-sans-titre-3.png\" \/>\n\t<meta property=\"og:image:width\" content=\"540\" \/>\n\t<meta property=\"og:image:height\" content=\"540\" \/>\n\t<meta property=\"og:image:type\" content=\"image\/png\" \/>\n<meta name=\"twitter:card\" content=\"summary_large_image\" \/>\n<meta name=\"twitter:label1\" content=\"\u0648\u0642\u062a \u0627\u0644\u0642\u0631\u0627\u0621\u0629 \u0627\u0644\u0645\u064f\u0642\u062f\u0651\u0631\" \/>\n\t<meta name=\"twitter:data1\" content=\"\u062f\u0642\u064a\u0642\u062a\u0627\u0646\" \/>\n<script type=\"application\/ld+json\" class=\"yoast-schema-graph\">{\"@context\":\"https:\/\/schema.org\",\"@graph\":[{\"@type\":\"WebPage\",\"@id\":\"https:\/\/prixgro.com\/product\/cristaux-de-sel-pour-le-bain-180g-espa\/\",\"url\":\"https:\/\/prixgro.com\/product\/cristaux-de-sel-pour-le-bain-180g-espa\/\",\"name\":\"Cristaux de sel pour le bain 180g ESPA - Prixgro\",\"isPartOf\":{\"@id\":\"https:\/\/prixgro.com\/#website\"},\"primaryImageOfPage\":{\"@id\":\"https:\/\/prixgro.com\/product\/cristaux-de-sel-pour-le-bain-180g-espa\/#primaryimage\"},\"image\":{\"@id\":\"https:\/\/prixgro.com\/product\/cristaux-de-sel-pour-le-bain-180g-espa\/#primaryimage\"},\"thumbnailUrl\":\"https:\/\/prixgro.com\/wp-content\/uploads\/2023\/09\/Design-sans-titre-3.png\",\"datePublished\":\"2024-04-09T12:32:00+00:00\",\"dateModified\":\"2024-08-08T11:58:01+00:00\",\"breadcrumb\":{\"@id\":\"https:\/\/prixgro.com\/product\/cristaux-de-sel-pour-le-bain-180g-espa\/#breadcrumb\"},\"inLanguage\":\"ar\",\"potentialAction\":[{\"@type\":\"ReadAction\",\"target\":[\"https:\/\/prixgro.com\/product\/cristaux-de-sel-pour-le-bain-180g-espa\/\"]}]},{\"@type\":\"ImageObject\",\"inLanguage\":\"ar\",\"@id\":\"https:\/\/prixgro.com\/product\/cristaux-de-sel-pour-le-bain-180g-espa\/#primaryimage\",\"url\":\"https:\/\/prixgro.com\/wp-content\/uploads\/2023\/09\/Design-sans-titre-3.png\",\"contentUrl\":\"https:\/\/prixgro.com\/wp-content\/uploads\/2023\/09\/Design-sans-titre-3.png\",\"width\":540,\"height\":540},{\"@type\":\"BreadcrumbList\",\"@id\":\"https:\/\/prixgro.com\/product\/cristaux-de-sel-pour-le-bain-180g-espa\/#breadcrumb\",\"itemListElement\":[{\"@type\":\"ListItem\",\"position\":1,\"name\":\"Accueil\",\"item\":\"https:\/\/prixgro.com\/\"},{\"@type\":\"ListItem\",\"position\":2,\"name\":\"Boutique en ligne\",\"item\":\"https:\/\/prixgro.com\/shop\/\"},{\"@type\":\"ListItem\",\"position\":3,\"name\":\"Cristaux de sel pour le bain 180g ESPA\"}]},{\"@type\":\"WebSite\",\"@id\":\"https:\/\/prixgro.com\/#website\",\"url\":\"https:\/\/prixgro.com\/\",\"name\":\"Prixgro.com\",\"description\":\"Para Pharmaceutique et Cosm\u00e9tique\",\"publisher\":{\"@id\":\"https:\/\/prixgro.com\/#organization\"},\"potentialAction\":[{\"@type\":\"SearchAction\",\"target\":{\"@type\":\"EntryPoint\",\"urlTemplate\":\"https:\/\/prixgro.com\/?s={search_term_string}\"},\"query-input\":{\"@type\":\"PropertyValueSpecification\",\"valueRequired\":true,\"valueName\":\"search_term_string\"}}],\"inLanguage\":\"ar\"},{\"@type\":\"Organization\",\"@id\":\"https:\/\/prixgro.com\/#organization\",\"name\":\"Prixgro\",\"url\":\"https:\/\/prixgro.com\/\",\"logo\":{\"@type\":\"ImageObject\",\"inLanguage\":\"ar\",\"@id\":\"https:\/\/prixgro.com\/#\/schema\/logo\/image\/\",\"url\":\"https:\/\/prixgro.com\/wp-content\/uploads\/2024\/08\/cropped-Nouveau-projet-2.png\",\"contentUrl\":\"https:\/\/prixgro.com\/wp-content\/uploads\/2024\/08\/cropped-Nouveau-projet-2.png\",\"width\":265,\"height\":62,\"caption\":\"Prixgro\"},\"image\":{\"@id\":\"https:\/\/prixgro.com\/#\/schema\/logo\/image\/\"},\"sameAs\":[\"https:\/\/www.facebook.com\/Pharmacima\"]}]}<\/script>\n<!-- \/ Yoast SEO plugin. -->","yoast_head_json":{"title":"Cristaux de sel pour le bain 180g ESPA - Prixgro","robots":{"index":"index","follow":"follow","max-snippet":"max-snippet:-1","max-image-preview":"max-image-preview:large","max-video-preview":"max-video-preview:-1"},"canonical":"https:\/\/prixgro.com\/ar\/product\/cristaux-de-sel-pour-le-bain-180g-espa\/","og_locale":"ar_AR","og_type":"article","og_title":"Cristaux de sel pour le bain 180g ESPA - Prixgro","og_description":"Des cristaux de sel pour le bain parfaitement apaisant pour redonner de l\u2019\u00e9nergie et purifier.Contenance : 180g","og_url":"https:\/\/prixgro.com\/ar\/product\/cristaux-de-sel-pour-le-bain-180g-espa\/","og_site_name":"Prixgro","article_publisher":"https:\/\/www.facebook.com\/Pharmacima","article_modified_time":"2024-08-08T11:58:01+00:00","og_image":[{"width":540,"height":540,"url":"https:\/\/prixgro.com\/wp-content\/uploads\/2023\/09\/Design-sans-titre-3.png","type":"image\/png"}],"twitter_card":"summary_large_image","twitter_misc":{"\u0648\u0642\u062a \u0627\u0644\u0642\u0631\u0627\u0621\u0629 \u0627\u0644\u0645\u064f\u0642\u062f\u0651\u0631":"\u062f\u0642\u064a\u0642\u062a\u0627\u0646"},"schema":{"@context":"https:\/\/schema.org","@graph":[{"@type":"WebPage","@id":"https:\/\/prixgro.com\/product\/cristaux-de-sel-pour-le-bain-180g-espa\/","url":"https:\/\/prixgro.com\/product\/cristaux-de-sel-pour-le-bain-180g-espa\/","name":"Cristaux de sel pour le bain 180g ESPA - Prixgro","isPartOf":{"@id":"https:\/\/prixgro.com\/#website"},"primaryImageOfPage":{"@id":"https:\/\/prixgro.com\/product\/cristaux-de-sel-pour-le-bain-180g-espa\/#primaryimage"},"image":{"@id":"https:\/\/prixgro.com\/product\/cristaux-de-sel-pour-le-bain-180g-espa\/#primaryimage"},"thumbnailUrl":"https:\/\/prixgro.com\/wp-content\/uploads\/2023\/09\/Design-sans-titre-3.png","datePublished":"2024-04-09T12:32:00+00:00","dateModified":"2024-08-08T11:58:01+00:00","breadcrumb":{"@id":"https:\/\/prixgro.com\/product\/cristaux-de-sel-pour-le-bain-180g-espa\/#breadcrumb"},"inLanguage":"ar","potentialAction":[{"@type":"ReadAction","target":["https:\/\/prixgro.com\/product\/cristaux-de-sel-pour-le-bain-180g-espa\/"]}]},{"@type":"ImageObject","inLanguage":"ar","@id":"https:\/\/prixgro.com\/product\/cristaux-de-sel-pour-le-bain-180g-espa\/#primaryimage","url":"https:\/\/prixgro.com\/wp-content\/uploads\/2023\/09\/Design-sans-titre-3.png","contentUrl":"https:\/\/prixgro.com\/wp-content\/uploads\/2023\/09\/Design-sans-titre-3.png","width":540,"height":540},{"@type":"BreadcrumbList","@id":"https:\/\/prixgro.com\/product\/cristaux-de-sel-pour-le-bain-180g-espa\/#breadcrumb","itemListElement":[{"@type":"ListItem","position":1,"name":"Accueil","item":"https:\/\/prixgro.com\/"},{"@type":"ListItem","position":2,"name":"Boutique en ligne","item":"https:\/\/prixgro.com\/shop\/"},{"@type":"ListItem","position":3,"name":"Cristaux de sel pour le bain 180g ESPA"}]},{"@type":"WebSite","@id":"https:\/\/prixgro.com\/#website","url":"https:\/\/prixgro.com\/","name":"Prixgro.com","description":"Para Pharmaceutique et Cosm\u00e9tique","publisher":{"@id":"https:\/\/prixgro.com\/#organization"},"potentialAction":[{"@type":"SearchAction","target":{"@type":"EntryPoint","urlTemplate":"https:\/\/prixgro.com\/?s={search_term_string}"},"query-input":{"@type":"PropertyValueSpecification","valueRequired":true,"valueName":"search_term_string"}}],"inLanguage":"ar"},{"@type":"Organization","@id":"https:\/\/prixgro.com\/#organization","name":"Prixgro","url":"https:\/\/prixgro.com\/","logo":{"@type":"ImageObject","inLanguage":"ar","@id":"https:\/\/prixgro.com\/#\/schema\/logo\/image\/","url":"https:\/\/prixgro.com\/wp-content\/uploads\/2024\/08\/cropped-Nouveau-projet-2.png","contentUrl":"https:\/\/prixgro.com\/wp-content\/uploads\/2024\/08\/cropped-Nouveau-projet-2.png","width":265,"height":62,"caption":"Prixgro"},"image":{"@id":"https:\/\/prixgro.com\/#\/schema\/logo\/image\/"},"sameAs":["https:\/\/www.facebook.com\/Pharmacima"]}]}},"_links":{"self":[{"href":"https:\/\/prixgro.com\/ar\/wp-json\/wp\/v2\/product\/142250","targetHints":{"allow":["GET"]}}],"collection":[{"href":"https:\/\/prixgro.com\/ar\/wp-json\/wp\/v2\/product"}],"about":[{"href":"https:\/\/prixgro.com\/ar\/wp-json\/wp\/v2\/types\/product"}],"replies":[{"embeddable":true,"href":"https:\/\/prixgro.com\/ar\/wp-json\/wp\/v2\/comments?post=142250"}],"wp:featuredmedia":[{"embeddable":true,"href":"https:\/\/prixgro.com\/ar\/wp-json\/wp\/v2\/media\/4082"}],"wp:attachment":[{"href":"https:\/\/prixgro.com\/ar\/wp-json\/wp\/v2\/media?parent=142250"}],"wp:term":[{"taxonomy":"product_cat","embeddable":true,"href":"https:\/\/prixgro.com\/ar\/wp-json\/wp\/v2\/product_cat?post=142250"},{"taxonomy":"product_tag","embeddable":true,"href":"https:\/\/prixgro.com\/ar\/wp-json\/wp\/v2\/product_tag?post=142250"},{"taxonomy":"berocket_brand","embeddable":true,"href":"https:\/\/prixgro.com\/ar\/wp-json\/wp\/v2\/berocket_brand?post=142250"}],"curies":[{"name":"wp","href":"https:\/\/api.w.org\/{rel}","templated":true}]}}