{"id":142254,"date":"2024-04-09T14:32:01","date_gmt":"2024-04-09T12:32:01","guid":{"rendered":"https:\/\/cloodmanager.net\/?post_type=product&#038;p=142254"},"modified":"2024-08-08T13:55:30","modified_gmt":"2024-08-08T11:55:30","slug":"anthelios-lait-hydratant-spf30-250ml-la-roche-posay","status":"publish","type":"product","link":"https:\/\/prixgro.com\/ar\/product\/anthelios-lait-hydratant-spf30-250ml-la-roche-posay\/","title":{"rendered":"Anthelios Lait Hydratant Spf30+ 250ml La Roche posay"},"content":{"rendered":"<h2><strong>DESCRIPTION :<\/strong><\/h2>\n<p><em>Protection solaire en lait hydratant corps SPF30 sans parfum 250 ml tube eco-responsable.<\/em><\/p>\n<p><strong>La premi\u00e8re haute protection anti-UVA plus respectueuse de la plan\u00e8te.<\/strong><\/p>\n<p><strong>B\u00c9N\u00c9FICES<\/strong><br \/>Lait hydratant solaire. Haute protection \u00e0 large spectre contre les UVA et UVB.<\/p>\n<p><strong>INDICATION<\/strong><br \/>Peaux sensibles et peaux s\u00e8ches. Test\u00e9 sous contr\u00f4le dermatologique sur peau sensible.<\/p>\n<h3><strong>BENEFICES :<\/strong><\/h3>\n<p><em>Protection solaire hydratante. Haute protection \u00e0 large spectre contre les UVA et UVB. Formule et tube plus respectueux de l&#8217;environnement.<\/em><\/p>\n<p><strong>1\/ Haute protection UVA \/ UVB<\/strong><br \/>Aide \u00e0 pr\u00e9venir le stress oxydatif g\u00e9n\u00e9r\u00e9 par les infra-rouges et la pollution.<\/p>\n<p><strong>2\/ Formule plus respectueuse du milieu marin<\/strong><br \/>Formule enti\u00e8rement \u00e9co-test\u00e9e en conditions marines selon un protocole strict, issu de plus de 10 ans de recherche.<\/p>\n<p><strong>3\/ Tube \u00e9co-responsable \u00e0 base de carton<\/strong><br \/>Tube r\u00e9alis\u00e9 \u00e0 partir de carton : utilise\u00a0<strong>75 % de plastique en moins<\/strong>\u00a0compar\u00e9 \u00e0 un tube en plastique similaire.<\/p>\n<p><strong>Ultra protection &amp; ultra r\u00e9sistance<\/strong><br \/>Haute protection UVA \/ UVB.<br \/>R\u00e9sistance \u00e0; l&#8217;eau, \u00e0 la transpiration, au sable et \u00e0 l&#8217;humidit\u00e9<\/p>\n<h2><strong>CONSEIL D&#8217;UTILISATION :<\/strong><\/h2>\n<p>Appliquer le produit juste avant l&#8217;exposition. Renouveler g\u00e9n\u00e9reusement et fr\u00e9quemment, surtout apr\u00e8s avoir nag\u00e9, transpir\u00e9 ou vous \u00eatre essuy\u00e9.<\/p>\n<h2><strong>COMPOSITION :<\/strong><\/h2>\n<p>AQUA\/WATER \/ EAU \u2022 ISOPROPYL PALMITATE \u2022 ALCOHOL ENT.\u2022 ETHYLHEXYL SALICYLATE \u2022 BUTYL METHOXYDIBENZOYLMETHANE: FILEM, TRIAZONE \u2022 GLYCERIN \u2022 PROPANEDIOL \u2022 ISOPROPYL MYPIS TATE\u2022 Vo BRUIT ACRILATEMANDROXYETAYLACRYLATE COPOLMMER \u2022 ACRYLATES FSC FIL TO E RA F S GIO-30 E &#8211; \u0418 \u0420\u041e\u041a\u0418 \u0415 \u041f\u0420\u0415\u041f\u041e\u041b\u0415 \u00bb \u0422\u0420\u0415\u0422\u041d\u0418\u041a \u041c\u0418\u0421 * TOLERATED TIRE DONE GAMIE O A FAN EN CODE FIL.: NeaRESTIN Packaging<\/p>","protected":false},"excerpt":{"rendered":"<h3><span style=\"color: #ff6600\" data-mce-style=\"color: #ff6600;\"><strong><em>Protection solaire en lait hydratant corps SPF30 sans parfum 250 ml tube eco-responsable.<\/em><\/strong><\/span><\/h3>","protected":false},"featured_media":4090,"comment_status":"open","ping_status":"closed","template":"","meta":[],"product_cat":[64,17,36],"product_tag":[45],"berocket_brand":[],"class_list":{"0":"post-142254","1":"product","2":"type-product","3":"status-publish","4":"has-post-thumbnail","6":"product_cat-corps","7":"product_cat-soin-et-bien-etre","8":"product_cat-visage-soin-et-bien-etre","9":"product_tag-peaux-sensibles","11":"first","12":"outofstock","13":"shipping-taxable","14":"purchasable","15":"product-type-simple"},"yoast_head":"<!-- This site is optimized with the Yoast SEO plugin v24.8 - https:\/\/yoast.com\/wordpress\/plugins\/seo\/ -->\n<title>Anthelios Lait Hydratant Spf30+ 250ml La Roche posay - Prixgro<\/title>\n<meta name=\"robots\" content=\"index, follow, max-snippet:-1, max-image-preview:large, max-video-preview:-1\" \/>\n<link rel=\"canonical\" href=\"https:\/\/prixgro.com\/ar\/product\/anthelios-lait-hydratant-spf30-250ml-la-roche-posay\/\" \/>\n<meta property=\"og:locale\" content=\"ar_AR\" \/>\n<meta property=\"og:type\" content=\"article\" \/>\n<meta property=\"og:title\" content=\"Anthelios Lait Hydratant Spf30+ 250ml La Roche posay - Prixgro\" \/>\n<meta property=\"og:description\" content=\"Protection solaire en lait hydratant corps SPF30 sans parfum 250 ml tube eco-responsable.\" \/>\n<meta property=\"og:url\" content=\"https:\/\/prixgro.com\/ar\/product\/anthelios-lait-hydratant-spf30-250ml-la-roche-posay\/\" \/>\n<meta property=\"og:site_name\" content=\"Prixgro\" \/>\n<meta property=\"article:publisher\" content=\"https:\/\/www.facebook.com\/Pharmacima\" \/>\n<meta property=\"article:modified_time\" content=\"2024-08-08T11:55:30+00:00\" \/>\n<meta property=\"og:image\" content=\"https:\/\/prixgro.com\/wp-content\/uploads\/2023\/09\/Design-sans-titre-8.png\" \/>\n\t<meta property=\"og:image:width\" content=\"540\" \/>\n\t<meta property=\"og:image:height\" content=\"540\" \/>\n\t<meta property=\"og:image:type\" content=\"image\/png\" \/>\n<meta name=\"twitter:card\" content=\"summary_large_image\" \/>\n<meta name=\"twitter:label1\" content=\"\u0648\u0642\u062a \u0627\u0644\u0642\u0631\u0627\u0621\u0629 \u0627\u0644\u0645\u064f\u0642\u062f\u0651\u0631\" \/>\n\t<meta name=\"twitter:data1\" content=\"\u062f\u0642\u064a\u0642\u0629 \u0648\u0627\u062d\u062f\u0629\" \/>\n<script type=\"application\/ld+json\" class=\"yoast-schema-graph\">{\"@context\":\"https:\/\/schema.org\",\"@graph\":[{\"@type\":\"WebPage\",\"@id\":\"https:\/\/prixgro.com\/product\/anthelios-lait-hydratant-spf30-250ml-la-roche-posay\/\",\"url\":\"https:\/\/prixgro.com\/product\/anthelios-lait-hydratant-spf30-250ml-la-roche-posay\/\",\"name\":\"Anthelios Lait Hydratant Spf30+ 250ml La Roche posay - Prixgro\",\"isPartOf\":{\"@id\":\"https:\/\/prixgro.com\/#website\"},\"primaryImageOfPage\":{\"@id\":\"https:\/\/prixgro.com\/product\/anthelios-lait-hydratant-spf30-250ml-la-roche-posay\/#primaryimage\"},\"image\":{\"@id\":\"https:\/\/prixgro.com\/product\/anthelios-lait-hydratant-spf30-250ml-la-roche-posay\/#primaryimage\"},\"thumbnailUrl\":\"https:\/\/prixgro.com\/wp-content\/uploads\/2023\/09\/Design-sans-titre-8.png\",\"datePublished\":\"2024-04-09T12:32:01+00:00\",\"dateModified\":\"2024-08-08T11:55:30+00:00\",\"breadcrumb\":{\"@id\":\"https:\/\/prixgro.com\/product\/anthelios-lait-hydratant-spf30-250ml-la-roche-posay\/#breadcrumb\"},\"inLanguage\":\"ar\",\"potentialAction\":[{\"@type\":\"ReadAction\",\"target\":[\"https:\/\/prixgro.com\/product\/anthelios-lait-hydratant-spf30-250ml-la-roche-posay\/\"]}]},{\"@type\":\"ImageObject\",\"inLanguage\":\"ar\",\"@id\":\"https:\/\/prixgro.com\/product\/anthelios-lait-hydratant-spf30-250ml-la-roche-posay\/#primaryimage\",\"url\":\"https:\/\/prixgro.com\/wp-content\/uploads\/2023\/09\/Design-sans-titre-8.png\",\"contentUrl\":\"https:\/\/prixgro.com\/wp-content\/uploads\/2023\/09\/Design-sans-titre-8.png\",\"width\":540,\"height\":540},{\"@type\":\"BreadcrumbList\",\"@id\":\"https:\/\/prixgro.com\/product\/anthelios-lait-hydratant-spf30-250ml-la-roche-posay\/#breadcrumb\",\"itemListElement\":[{\"@type\":\"ListItem\",\"position\":1,\"name\":\"Accueil\",\"item\":\"https:\/\/prixgro.com\/\"},{\"@type\":\"ListItem\",\"position\":2,\"name\":\"Boutique en ligne\",\"item\":\"https:\/\/prixgro.com\/shop\/\"},{\"@type\":\"ListItem\",\"position\":3,\"name\":\"Anthelios Lait Hydratant Spf30+ 250ml La Roche posay\"}]},{\"@type\":\"WebSite\",\"@id\":\"https:\/\/prixgro.com\/#website\",\"url\":\"https:\/\/prixgro.com\/\",\"name\":\"Prixgro.com\",\"description\":\"Para Pharmaceutique et Cosm\u00e9tique\",\"publisher\":{\"@id\":\"https:\/\/prixgro.com\/#organization\"},\"potentialAction\":[{\"@type\":\"SearchAction\",\"target\":{\"@type\":\"EntryPoint\",\"urlTemplate\":\"https:\/\/prixgro.com\/?s={search_term_string}\"},\"query-input\":{\"@type\":\"PropertyValueSpecification\",\"valueRequired\":true,\"valueName\":\"search_term_string\"}}],\"inLanguage\":\"ar\"},{\"@type\":\"Organization\",\"@id\":\"https:\/\/prixgro.com\/#organization\",\"name\":\"Prixgro\",\"url\":\"https:\/\/prixgro.com\/\",\"logo\":{\"@type\":\"ImageObject\",\"inLanguage\":\"ar\",\"@id\":\"https:\/\/prixgro.com\/#\/schema\/logo\/image\/\",\"url\":\"https:\/\/prixgro.com\/wp-content\/uploads\/2024\/08\/cropped-Nouveau-projet-2.png\",\"contentUrl\":\"https:\/\/prixgro.com\/wp-content\/uploads\/2024\/08\/cropped-Nouveau-projet-2.png\",\"width\":265,\"height\":62,\"caption\":\"Prixgro\"},\"image\":{\"@id\":\"https:\/\/prixgro.com\/#\/schema\/logo\/image\/\"},\"sameAs\":[\"https:\/\/www.facebook.com\/Pharmacima\"]}]}<\/script>\n<!-- \/ Yoast SEO plugin. -->","yoast_head_json":{"title":"Anthelios Lait Hydratant Spf30+ 250ml La Roche posay - Prixgro","robots":{"index":"index","follow":"follow","max-snippet":"max-snippet:-1","max-image-preview":"max-image-preview:large","max-video-preview":"max-video-preview:-1"},"canonical":"https:\/\/prixgro.com\/ar\/product\/anthelios-lait-hydratant-spf30-250ml-la-roche-posay\/","og_locale":"ar_AR","og_type":"article","og_title":"Anthelios Lait Hydratant Spf30+ 250ml La Roche posay - Prixgro","og_description":"Protection solaire en lait hydratant corps SPF30 sans parfum 250 ml tube eco-responsable.","og_url":"https:\/\/prixgro.com\/ar\/product\/anthelios-lait-hydratant-spf30-250ml-la-roche-posay\/","og_site_name":"Prixgro","article_publisher":"https:\/\/www.facebook.com\/Pharmacima","article_modified_time":"2024-08-08T11:55:30+00:00","og_image":[{"width":540,"height":540,"url":"https:\/\/prixgro.com\/wp-content\/uploads\/2023\/09\/Design-sans-titre-8.png","type":"image\/png"}],"twitter_card":"summary_large_image","twitter_misc":{"\u0648\u0642\u062a \u0627\u0644\u0642\u0631\u0627\u0621\u0629 \u0627\u0644\u0645\u064f\u0642\u062f\u0651\u0631":"\u062f\u0642\u064a\u0642\u0629 \u0648\u0627\u062d\u062f\u0629"},"schema":{"@context":"https:\/\/schema.org","@graph":[{"@type":"WebPage","@id":"https:\/\/prixgro.com\/product\/anthelios-lait-hydratant-spf30-250ml-la-roche-posay\/","url":"https:\/\/prixgro.com\/product\/anthelios-lait-hydratant-spf30-250ml-la-roche-posay\/","name":"Anthelios Lait Hydratant Spf30+ 250ml La Roche posay - Prixgro","isPartOf":{"@id":"https:\/\/prixgro.com\/#website"},"primaryImageOfPage":{"@id":"https:\/\/prixgro.com\/product\/anthelios-lait-hydratant-spf30-250ml-la-roche-posay\/#primaryimage"},"image":{"@id":"https:\/\/prixgro.com\/product\/anthelios-lait-hydratant-spf30-250ml-la-roche-posay\/#primaryimage"},"thumbnailUrl":"https:\/\/prixgro.com\/wp-content\/uploads\/2023\/09\/Design-sans-titre-8.png","datePublished":"2024-04-09T12:32:01+00:00","dateModified":"2024-08-08T11:55:30+00:00","breadcrumb":{"@id":"https:\/\/prixgro.com\/product\/anthelios-lait-hydratant-spf30-250ml-la-roche-posay\/#breadcrumb"},"inLanguage":"ar","potentialAction":[{"@type":"ReadAction","target":["https:\/\/prixgro.com\/product\/anthelios-lait-hydratant-spf30-250ml-la-roche-posay\/"]}]},{"@type":"ImageObject","inLanguage":"ar","@id":"https:\/\/prixgro.com\/product\/anthelios-lait-hydratant-spf30-250ml-la-roche-posay\/#primaryimage","url":"https:\/\/prixgro.com\/wp-content\/uploads\/2023\/09\/Design-sans-titre-8.png","contentUrl":"https:\/\/prixgro.com\/wp-content\/uploads\/2023\/09\/Design-sans-titre-8.png","width":540,"height":540},{"@type":"BreadcrumbList","@id":"https:\/\/prixgro.com\/product\/anthelios-lait-hydratant-spf30-250ml-la-roche-posay\/#breadcrumb","itemListElement":[{"@type":"ListItem","position":1,"name":"Accueil","item":"https:\/\/prixgro.com\/"},{"@type":"ListItem","position":2,"name":"Boutique en ligne","item":"https:\/\/prixgro.com\/shop\/"},{"@type":"ListItem","position":3,"name":"Anthelios Lait Hydratant Spf30+ 250ml La Roche posay"}]},{"@type":"WebSite","@id":"https:\/\/prixgro.com\/#website","url":"https:\/\/prixgro.com\/","name":"Prixgro.com","description":"Para Pharmaceutique et Cosm\u00e9tique","publisher":{"@id":"https:\/\/prixgro.com\/#organization"},"potentialAction":[{"@type":"SearchAction","target":{"@type":"EntryPoint","urlTemplate":"https:\/\/prixgro.com\/?s={search_term_string}"},"query-input":{"@type":"PropertyValueSpecification","valueRequired":true,"valueName":"search_term_string"}}],"inLanguage":"ar"},{"@type":"Organization","@id":"https:\/\/prixgro.com\/#organization","name":"Prixgro","url":"https:\/\/prixgro.com\/","logo":{"@type":"ImageObject","inLanguage":"ar","@id":"https:\/\/prixgro.com\/#\/schema\/logo\/image\/","url":"https:\/\/prixgro.com\/wp-content\/uploads\/2024\/08\/cropped-Nouveau-projet-2.png","contentUrl":"https:\/\/prixgro.com\/wp-content\/uploads\/2024\/08\/cropped-Nouveau-projet-2.png","width":265,"height":62,"caption":"Prixgro"},"image":{"@id":"https:\/\/prixgro.com\/#\/schema\/logo\/image\/"},"sameAs":["https:\/\/www.facebook.com\/Pharmacima"]}]}},"_links":{"self":[{"href":"https:\/\/prixgro.com\/ar\/wp-json\/wp\/v2\/product\/142254","targetHints":{"allow":["GET"]}}],"collection":[{"href":"https:\/\/prixgro.com\/ar\/wp-json\/wp\/v2\/product"}],"about":[{"href":"https:\/\/prixgro.com\/ar\/wp-json\/wp\/v2\/types\/product"}],"replies":[{"embeddable":true,"href":"https:\/\/prixgro.com\/ar\/wp-json\/wp\/v2\/comments?post=142254"}],"wp:featuredmedia":[{"embeddable":true,"href":"https:\/\/prixgro.com\/ar\/wp-json\/wp\/v2\/media\/4090"}],"wp:attachment":[{"href":"https:\/\/prixgro.com\/ar\/wp-json\/wp\/v2\/media?parent=142254"}],"wp:term":[{"taxonomy":"product_cat","embeddable":true,"href":"https:\/\/prixgro.com\/ar\/wp-json\/wp\/v2\/product_cat?post=142254"},{"taxonomy":"product_tag","embeddable":true,"href":"https:\/\/prixgro.com\/ar\/wp-json\/wp\/v2\/product_tag?post=142254"},{"taxonomy":"berocket_brand","embeddable":true,"href":"https:\/\/prixgro.com\/ar\/wp-json\/wp\/v2\/berocket_brand?post=142254"}],"curies":[{"name":"wp","href":"https:\/\/api.w.org\/{rel}","templated":true}]}}