{"id":142272,"date":"2024-04-09T14:32:11","date_gmt":"2024-04-09T12:32:11","guid":{"rendered":"https:\/\/cloodmanager.net\/?post_type=product&#038;p=142272"},"modified":"2024-08-08T21:10:04","modified_gmt":"2024-08-08T19:10:04","slug":"hydraphase-ha-riche-50ml-la-roche-posay","status":"publish","type":"product","link":"https:\/\/prixgro.com\/ar\/product\/hydraphase-ha-riche-50ml-la-roche-posay\/","title":{"rendered":"Hydraphase HA Riche 50ml La roche posay"},"content":{"rendered":"<h2><strong>DESCRIPTION :<\/strong><\/h2>\n<p>Hydratation intense 72H. Repulpe et ravive l&#8217;\u00e9clat. Peau s\u00e8che \u00e0 tr\u00e8s s\u00e8che.<\/p>\n<h3><strong>LE NOUVEAU SOIN ISSU DE LA TECHNOLOGIE VERTE.<\/strong><\/h3>\n<p>B\u00c9N\u00c9FICES<\/p>\n<p>Cr\u00e8me hydratante visage 72H qui repulpe et restaure l&#8217;\u00e9clat des peaux d\u00e9shydrat\u00e9es. Elle est concentr\u00e9e en Acide Hyaluronique d&#8217;origine naturelle issu de la technologie verte et en Eau Thermale de La Roche-Posay.<\/p>\n<p><strong>INDICATION<\/strong><br \/>Peau sensible, s\u00e8che \u00e0 tr\u00e8s s\u00e8che.<br \/>Efficacit\u00e9 test\u00e9e sous contr\u00f4le dermatologique sur plus de 200 personnes.<\/p>\n<h2><strong>CONSEIL D&#8217;UTILISATION :<\/strong><\/h2>\n<p>Appliquer quotidiennement matin et\/ou soir sur le visage et le cou bien nettoy\u00e9s. Adapt\u00e9 aux peaux sensibles. Compl\u00e9ter votre routine avec le soin contour des yeux de la gamme Hydraphase HA<\/p>\n<h2><strong>COMPOSITION :\u00a0<\/strong><\/h2>\n<p>AQUA \/ WATER \/ EAU \u2022 GLYCERIN \u2022 ISOPROPYL PALMITATE \u2022 BUTYROSPERMUM PARKII BUTTER \/ SHEA BUTTER \u2022 LAUROYL LYSINE \u2022 CETYL ALCOHOL \u2022 UREA \u2022 PEG-100 STEARATE \u2022 GLYCERYL STEARATE \u2022 CERA ALBA \/ BEESWAX \/ CIRE DABEILLE \u2022 PENTYLENE GLYCOL \u2022 STEARIC ACID \u2022 CARBOMER \u2022 GLYCERYL ACRYLATE\/ACRYLIC ACID COPOLYMER \u2022 SODIUM HYALURONATE \u2022 SODIUM HYDROXIDE \u2022 MYRISTIC ACID \u2022 PALMITIC ACID \u2022 HYDROLYZED HYALURONIC ACID \u2022 CAPRYLYL GLYCOL \u2022 CITRICACID \u2022 TRISODIUM ETHYLENEDIAMINE DISUCCINATE \u2022 XANTHAN GUM \u2022 POLYSORBATE 60 \u2022 PENTAERYTHRITYL TETRA-DI-T-BUTYL HYDROXYHYDROCINNAMATE<\/p>","protected":false},"excerpt":{"rendered":"<div class=\"h-flex h-text-align-items-center\">\n<p><img decoding=\"async\" src=\"https:\/\/www.laroche-posay.fr\/on\/demandware.static\/-\/Sites-lrp-ng-master-catalog\/default\/dw5f901946\/icons\/dermatologist-tested.svg\" alt=\"TEST\u00c9 SUR PEAUX SENSIBLES SOUS CONTR\u00d4LE DERMATOLOGIQUE \" data-mce-src=\"https:\/\/www.laroche-posay.fr\/on\/demandware.static\/-\/Sites-lrp-ng-master-catalog\/default\/dw5f901946\/icons\/dermatologist-tested.svg\"><\/p>\n<div class=\"h-padding-1\"><\/div>\n<p>TEST\u00c9 SUR PEAUX SENSIBLES SOUS CONTR\u00d4LE DERMATOLOGIQUE<\/p>\n<\/div>\n<p><\/p>\n<div class=\"h-flex h-text-align-items-center\">\n<p><img decoding=\"async\" src=\"https:\/\/www.laroche-posay.fr\/on\/demandware.static\/-\/Sites-lrp-ng-master-catalog\/default\/dw2e320be7\/icons\/sensitive-skin.svg\" alt=\"HYPOALLERG\u00c9NIQUE\" data-mce-src=\"https:\/\/www.laroche-posay.fr\/on\/demandware.static\/-\/Sites-lrp-ng-master-catalog\/default\/dw2e320be7\/icons\/sensitive-skin.svg\"><\/p>\n<div class=\"h-padding-1\"><\/div>\n<p>HYPOALLERG\u00c9NIQUE<\/p>\n<\/div>\n<p><\/p>\n<div class=\"h-flex h-text-align-items-center\">\n<p><img decoding=\"async\" src=\"https:\/\/www.laroche-posay.fr\/on\/demandware.static\/-\/Sites-lrp-ng-master-catalog\/default\/dw07909c57\/icons\/non-comedogenic.svg\" alt=\"NON COM\u00c9DOG\u00c8NE\" data-mce-src=\"https:\/\/www.laroche-posay.fr\/on\/demandware.static\/-\/Sites-lrp-ng-master-catalog\/default\/dw07909c57\/icons\/non-comedogenic.svg\"><\/p>\n<div class=\"h-padding-1\"><\/div>\n<p>NON COM\u00c9DOG\u00c8NE<\/p>\n<\/div>","protected":false},"featured_media":4126,"comment_status":"open","ping_status":"closed","template":"","meta":[],"product_cat":[98,17,36],"product_tag":[475,45],"berocket_brand":[],"class_list":{"0":"post-142272","1":"product","2":"type-product","3":"status-publish","4":"has-post-thumbnail","6":"product_cat-cou","7":"product_cat-soin-et-bien-etre","8":"product_cat-visage-soin-et-bien-etre","9":"product_tag-peaux-seches-3","10":"product_tag-peaux-sensibles","12":"first","13":"outofstock","14":"shipping-taxable","15":"purchasable","16":"product-type-simple"},"yoast_head":"<!-- This site is optimized with the Yoast SEO plugin v24.8 - https:\/\/yoast.com\/wordpress\/plugins\/seo\/ -->\n<title>Hydraphase HA Riche 50ml La roche posay - Prixgro<\/title>\n<meta name=\"robots\" content=\"index, follow, max-snippet:-1, max-image-preview:large, max-video-preview:-1\" \/>\n<link rel=\"canonical\" href=\"https:\/\/prixgro.com\/ar\/product\/hydraphase-ha-riche-50ml-la-roche-posay\/\" \/>\n<meta property=\"og:locale\" content=\"ar_AR\" \/>\n<meta property=\"og:type\" content=\"article\" \/>\n<meta property=\"og:title\" content=\"Hydraphase HA Riche 50ml La roche posay - Prixgro\" \/>\n<meta property=\"og:description\" content=\"TEST\u00c9 SUR PEAUX SENSIBLES SOUS CONTR\u00d4LE DERMATOLOGIQUEHYPOALLERG\u00c9NIQUENON COM\u00c9DOG\u00c8NE\" \/>\n<meta property=\"og:url\" content=\"https:\/\/prixgro.com\/ar\/product\/hydraphase-ha-riche-50ml-la-roche-posay\/\" \/>\n<meta property=\"og:site_name\" content=\"Prixgro\" \/>\n<meta property=\"article:publisher\" content=\"https:\/\/www.facebook.com\/Pharmacima\" \/>\n<meta property=\"article:modified_time\" content=\"2024-08-08T19:10:04+00:00\" \/>\n<meta property=\"og:image\" content=\"https:\/\/prixgro.com\/wp-content\/uploads\/2023\/09\/3337875731409_Hydraphase-Hyaluronic-Acid-Rich-Moisturiser_50ml_01_La-Roche-Posay.jpg\" \/>\n\t<meta property=\"og:image:width\" content=\"465\" \/>\n\t<meta property=\"og:image:height\" content=\"465\" \/>\n\t<meta property=\"og:image:type\" content=\"image\/jpeg\" \/>\n<meta name=\"twitter:card\" content=\"summary_large_image\" \/>\n<meta name=\"twitter:label1\" content=\"\u0648\u0642\u062a \u0627\u0644\u0642\u0631\u0627\u0621\u0629 \u0627\u0644\u0645\u064f\u0642\u062f\u0651\u0631\" \/>\n\t<meta name=\"twitter:data1\" content=\"\u062f\u0642\u064a\u0642\u0629 \u0648\u0627\u062d\u062f\u0629\" \/>\n<script type=\"application\/ld+json\" class=\"yoast-schema-graph\">{\"@context\":\"https:\/\/schema.org\",\"@graph\":[{\"@type\":\"WebPage\",\"@id\":\"https:\/\/prixgro.com\/product\/hydraphase-ha-riche-50ml-la-roche-posay\/\",\"url\":\"https:\/\/prixgro.com\/product\/hydraphase-ha-riche-50ml-la-roche-posay\/\",\"name\":\"Hydraphase HA Riche 50ml La roche posay - Prixgro\",\"isPartOf\":{\"@id\":\"https:\/\/prixgro.com\/#website\"},\"primaryImageOfPage\":{\"@id\":\"https:\/\/prixgro.com\/product\/hydraphase-ha-riche-50ml-la-roche-posay\/#primaryimage\"},\"image\":{\"@id\":\"https:\/\/prixgro.com\/product\/hydraphase-ha-riche-50ml-la-roche-posay\/#primaryimage\"},\"thumbnailUrl\":\"https:\/\/prixgro.com\/wp-content\/uploads\/2023\/09\/3337875731409_Hydraphase-Hyaluronic-Acid-Rich-Moisturiser_50ml_01_La-Roche-Posay.jpg\",\"datePublished\":\"2024-04-09T12:32:11+00:00\",\"dateModified\":\"2024-08-08T19:10:04+00:00\",\"breadcrumb\":{\"@id\":\"https:\/\/prixgro.com\/product\/hydraphase-ha-riche-50ml-la-roche-posay\/#breadcrumb\"},\"inLanguage\":\"ar\",\"potentialAction\":[{\"@type\":\"ReadAction\",\"target\":[\"https:\/\/prixgro.com\/product\/hydraphase-ha-riche-50ml-la-roche-posay\/\"]}]},{\"@type\":\"ImageObject\",\"inLanguage\":\"ar\",\"@id\":\"https:\/\/prixgro.com\/product\/hydraphase-ha-riche-50ml-la-roche-posay\/#primaryimage\",\"url\":\"https:\/\/prixgro.com\/wp-content\/uploads\/2023\/09\/3337875731409_Hydraphase-Hyaluronic-Acid-Rich-Moisturiser_50ml_01_La-Roche-Posay.jpg\",\"contentUrl\":\"https:\/\/prixgro.com\/wp-content\/uploads\/2023\/09\/3337875731409_Hydraphase-Hyaluronic-Acid-Rich-Moisturiser_50ml_01_La-Roche-Posay.jpg\",\"width\":465,\"height\":465},{\"@type\":\"BreadcrumbList\",\"@id\":\"https:\/\/prixgro.com\/product\/hydraphase-ha-riche-50ml-la-roche-posay\/#breadcrumb\",\"itemListElement\":[{\"@type\":\"ListItem\",\"position\":1,\"name\":\"Accueil\",\"item\":\"https:\/\/prixgro.com\/\"},{\"@type\":\"ListItem\",\"position\":2,\"name\":\"Boutique en ligne\",\"item\":\"https:\/\/prixgro.com\/shop\/\"},{\"@type\":\"ListItem\",\"position\":3,\"name\":\"Hydraphase HA Riche 50ml La roche posay\"}]},{\"@type\":\"WebSite\",\"@id\":\"https:\/\/prixgro.com\/#website\",\"url\":\"https:\/\/prixgro.com\/\",\"name\":\"Prixgro.com\",\"description\":\"Para Pharmaceutique et Cosm\u00e9tique\",\"publisher\":{\"@id\":\"https:\/\/prixgro.com\/#organization\"},\"potentialAction\":[{\"@type\":\"SearchAction\",\"target\":{\"@type\":\"EntryPoint\",\"urlTemplate\":\"https:\/\/prixgro.com\/?s={search_term_string}\"},\"query-input\":{\"@type\":\"PropertyValueSpecification\",\"valueRequired\":true,\"valueName\":\"search_term_string\"}}],\"inLanguage\":\"ar\"},{\"@type\":\"Organization\",\"@id\":\"https:\/\/prixgro.com\/#organization\",\"name\":\"Prixgro\",\"url\":\"https:\/\/prixgro.com\/\",\"logo\":{\"@type\":\"ImageObject\",\"inLanguage\":\"ar\",\"@id\":\"https:\/\/prixgro.com\/#\/schema\/logo\/image\/\",\"url\":\"https:\/\/prixgro.com\/wp-content\/uploads\/2024\/08\/cropped-Nouveau-projet-2.png\",\"contentUrl\":\"https:\/\/prixgro.com\/wp-content\/uploads\/2024\/08\/cropped-Nouveau-projet-2.png\",\"width\":265,\"height\":62,\"caption\":\"Prixgro\"},\"image\":{\"@id\":\"https:\/\/prixgro.com\/#\/schema\/logo\/image\/\"},\"sameAs\":[\"https:\/\/www.facebook.com\/Pharmacima\"]}]}<\/script>\n<!-- \/ Yoast SEO plugin. -->","yoast_head_json":{"title":"Hydraphase HA Riche 50ml La roche posay - Prixgro","robots":{"index":"index","follow":"follow","max-snippet":"max-snippet:-1","max-image-preview":"max-image-preview:large","max-video-preview":"max-video-preview:-1"},"canonical":"https:\/\/prixgro.com\/ar\/product\/hydraphase-ha-riche-50ml-la-roche-posay\/","og_locale":"ar_AR","og_type":"article","og_title":"Hydraphase HA Riche 50ml La roche posay - Prixgro","og_description":"TEST\u00c9 SUR PEAUX SENSIBLES SOUS CONTR\u00d4LE DERMATOLOGIQUEHYPOALLERG\u00c9NIQUENON COM\u00c9DOG\u00c8NE","og_url":"https:\/\/prixgro.com\/ar\/product\/hydraphase-ha-riche-50ml-la-roche-posay\/","og_site_name":"Prixgro","article_publisher":"https:\/\/www.facebook.com\/Pharmacima","article_modified_time":"2024-08-08T19:10:04+00:00","og_image":[{"width":465,"height":465,"url":"https:\/\/prixgro.com\/wp-content\/uploads\/2023\/09\/3337875731409_Hydraphase-Hyaluronic-Acid-Rich-Moisturiser_50ml_01_La-Roche-Posay.jpg","type":"image\/jpeg"}],"twitter_card":"summary_large_image","twitter_misc":{"\u0648\u0642\u062a \u0627\u0644\u0642\u0631\u0627\u0621\u0629 \u0627\u0644\u0645\u064f\u0642\u062f\u0651\u0631":"\u062f\u0642\u064a\u0642\u0629 \u0648\u0627\u062d\u062f\u0629"},"schema":{"@context":"https:\/\/schema.org","@graph":[{"@type":"WebPage","@id":"https:\/\/prixgro.com\/product\/hydraphase-ha-riche-50ml-la-roche-posay\/","url":"https:\/\/prixgro.com\/product\/hydraphase-ha-riche-50ml-la-roche-posay\/","name":"Hydraphase HA Riche 50ml La roche posay - Prixgro","isPartOf":{"@id":"https:\/\/prixgro.com\/#website"},"primaryImageOfPage":{"@id":"https:\/\/prixgro.com\/product\/hydraphase-ha-riche-50ml-la-roche-posay\/#primaryimage"},"image":{"@id":"https:\/\/prixgro.com\/product\/hydraphase-ha-riche-50ml-la-roche-posay\/#primaryimage"},"thumbnailUrl":"https:\/\/prixgro.com\/wp-content\/uploads\/2023\/09\/3337875731409_Hydraphase-Hyaluronic-Acid-Rich-Moisturiser_50ml_01_La-Roche-Posay.jpg","datePublished":"2024-04-09T12:32:11+00:00","dateModified":"2024-08-08T19:10:04+00:00","breadcrumb":{"@id":"https:\/\/prixgro.com\/product\/hydraphase-ha-riche-50ml-la-roche-posay\/#breadcrumb"},"inLanguage":"ar","potentialAction":[{"@type":"ReadAction","target":["https:\/\/prixgro.com\/product\/hydraphase-ha-riche-50ml-la-roche-posay\/"]}]},{"@type":"ImageObject","inLanguage":"ar","@id":"https:\/\/prixgro.com\/product\/hydraphase-ha-riche-50ml-la-roche-posay\/#primaryimage","url":"https:\/\/prixgro.com\/wp-content\/uploads\/2023\/09\/3337875731409_Hydraphase-Hyaluronic-Acid-Rich-Moisturiser_50ml_01_La-Roche-Posay.jpg","contentUrl":"https:\/\/prixgro.com\/wp-content\/uploads\/2023\/09\/3337875731409_Hydraphase-Hyaluronic-Acid-Rich-Moisturiser_50ml_01_La-Roche-Posay.jpg","width":465,"height":465},{"@type":"BreadcrumbList","@id":"https:\/\/prixgro.com\/product\/hydraphase-ha-riche-50ml-la-roche-posay\/#breadcrumb","itemListElement":[{"@type":"ListItem","position":1,"name":"Accueil","item":"https:\/\/prixgro.com\/"},{"@type":"ListItem","position":2,"name":"Boutique en ligne","item":"https:\/\/prixgro.com\/shop\/"},{"@type":"ListItem","position":3,"name":"Hydraphase HA Riche 50ml La roche posay"}]},{"@type":"WebSite","@id":"https:\/\/prixgro.com\/#website","url":"https:\/\/prixgro.com\/","name":"Prixgro.com","description":"Para Pharmaceutique et Cosm\u00e9tique","publisher":{"@id":"https:\/\/prixgro.com\/#organization"},"potentialAction":[{"@type":"SearchAction","target":{"@type":"EntryPoint","urlTemplate":"https:\/\/prixgro.com\/?s={search_term_string}"},"query-input":{"@type":"PropertyValueSpecification","valueRequired":true,"valueName":"search_term_string"}}],"inLanguage":"ar"},{"@type":"Organization","@id":"https:\/\/prixgro.com\/#organization","name":"Prixgro","url":"https:\/\/prixgro.com\/","logo":{"@type":"ImageObject","inLanguage":"ar","@id":"https:\/\/prixgro.com\/#\/schema\/logo\/image\/","url":"https:\/\/prixgro.com\/wp-content\/uploads\/2024\/08\/cropped-Nouveau-projet-2.png","contentUrl":"https:\/\/prixgro.com\/wp-content\/uploads\/2024\/08\/cropped-Nouveau-projet-2.png","width":265,"height":62,"caption":"Prixgro"},"image":{"@id":"https:\/\/prixgro.com\/#\/schema\/logo\/image\/"},"sameAs":["https:\/\/www.facebook.com\/Pharmacima"]}]}},"_links":{"self":[{"href":"https:\/\/prixgro.com\/ar\/wp-json\/wp\/v2\/product\/142272","targetHints":{"allow":["GET"]}}],"collection":[{"href":"https:\/\/prixgro.com\/ar\/wp-json\/wp\/v2\/product"}],"about":[{"href":"https:\/\/prixgro.com\/ar\/wp-json\/wp\/v2\/types\/product"}],"replies":[{"embeddable":true,"href":"https:\/\/prixgro.com\/ar\/wp-json\/wp\/v2\/comments?post=142272"}],"wp:featuredmedia":[{"embeddable":true,"href":"https:\/\/prixgro.com\/ar\/wp-json\/wp\/v2\/media\/4126"}],"wp:attachment":[{"href":"https:\/\/prixgro.com\/ar\/wp-json\/wp\/v2\/media?parent=142272"}],"wp:term":[{"taxonomy":"product_cat","embeddable":true,"href":"https:\/\/prixgro.com\/ar\/wp-json\/wp\/v2\/product_cat?post=142272"},{"taxonomy":"product_tag","embeddable":true,"href":"https:\/\/prixgro.com\/ar\/wp-json\/wp\/v2\/product_tag?post=142272"},{"taxonomy":"berocket_brand","embeddable":true,"href":"https:\/\/prixgro.com\/ar\/wp-json\/wp\/v2\/berocket_brand?post=142272"}],"curies":[{"name":"wp","href":"https:\/\/api.w.org\/{rel}","templated":true}]}}