{"id":142280,"date":"2024-04-09T14:32:12","date_gmt":"2024-04-09T12:32:12","guid":{"rendered":"https:\/\/cloodmanager.net\/?post_type=product&#038;p=142280"},"modified":"2024-08-08T13:52:40","modified_gmt":"2024-08-08T11:52:40","slug":"stick-levres-teinte-coral-naturalblend-4-5g-vichy","status":"publish","type":"product","link":"https:\/\/prixgro.com\/ar\/product\/stick-levres-teinte-coral-naturalblend-4-5g-vichy\/","title":{"rendered":"Stick L\u00e8vres Teint\u00e9 Coral Naturalblend 4.5g Vichy"},"content":{"rendered":"<h2><strong>DESCRIPTION :\u00a0<\/strong><\/h2>\n<p>Soin des l\u00e8vres teint\u00e9 ultra-hydratant.<\/p>\n<p>Formul\u00e9 avec 96% d\u2019ingr\u00e9dients d\u2019origine naturelle, ce stick \u00e0 la texture agr\u00e9able est un v\u00e9ritable soin protecteur pour vos l\u00e8vres<\/p>\n<p>Gr\u00e2ce \u00e0 une s\u00e9lection d\u2019huiles, notamment de noix de coco, et de cire d\u2019abeille, ce soin r\u00e9pare les l\u00e8vres, m\u00eames les plus gerc\u00e9es. Vos l\u00e8vres sont hydrat\u00e9es et color\u00e9es durant 4h.<\/p>\n<ul>\n<li>FORMULE HYDRATANTE<\/li>\n<li>TEXTURE ET PARFUM ADDICTIFS<\/li>\n<li>AGR\u00c9ABLE A PORTER<\/li>\n<\/ul>\n<h2><strong>CONSEIL D&#8217;UTILISATION :<\/strong><\/h2>\n<p>Appliquez le soin directement sur vos l\u00e8vres, du milieu de la bouche vers les commissures. Utilisez un pinceau pour une application plus pr\u00e9cise.<\/p>\n<h2><strong>COMPOSITION :<\/strong><\/h2>\n<p>CANOLA OIL \u2013 RICINUS COMMUNIS SEED OIL \/ CASTOR SEED OIL \u2013 CAPRYLIC\/CAPRIC TRIGLYCERIDE \u2013 POLYGLYCERYL-2 TRIISOSTEARATE \u2013 HELIANTHUS ANNUUS SEED CERA \/ SUNFLOWER SEED WAX \u2013 BIS-BEHENYL\/ISOSTEARYL\/PHYTOSTERYL DIMER DILINOLEYL DIMER DILINOLEATE \u2013 CETYLPALMITATE \u2013 CERA ALBA \/ BEESWAX \u2013 HELIANTHUS ANNUUS SEED OIL \/ SUNFLOWER SEED OIL \u2013 SILICA \u2013 ALUMINA \u2013 ALUMINUM HYDROXIDE \u2013 TOCOPHEROL \u2013 COCOS NUCIFERA OIL \/ COCONUT OIL \u2013 CITRIC ACID \u2013 PARFUM \/ FRAGRANCE. \u2013 [+\/- MAY CONTAIN\/PEUT CONTENIR : \u2013 CI 15850 \/ RED 7 \u2013 CI 15985 \/ YELLOW 6 LAKE \u2013 CI 45410 \/ RED 28 LAKE \u2013 CI 45380 \/ RED 22 LAKE \u2013 CI 77891 \/ TITANIUM DIOXIDE \u2013 CI 75470 \/ CARMINE \u2013 CI 77491, CI 77492, CI 77499 \/ IRON OXIDES].<\/p>","protected":false},"excerpt":{"rendered":"<h3><span style=\"color: #ff6600;\"><strong><span class=\"sub-title\">Soin des l\u00e8vres teint\u00e9<\/span><\/strong><\/span><\/h3>\n<h3><span style=\"color: #ff6600;\"><em><strong>Nourrit, hydrate et laisse une couleur naturelle sur vos l\u00e8vres.<\/strong><\/em><\/span><\/h3>","protected":false},"featured_media":4137,"comment_status":"open","ping_status":"closed","template":"","meta":[],"product_cat":[37,17],"product_tag":[],"berocket_brand":[],"class_list":{"0":"post-142280","1":"product","2":"type-product","3":"status-publish","4":"has-post-thumbnail","6":"product_cat-levres","7":"product_cat-soin-et-bien-etre","9":"first","10":"outofstock","11":"shipping-taxable","12":"purchasable","13":"product-type-simple"},"yoast_head":"<!-- This site is optimized with the Yoast SEO plugin v24.8 - https:\/\/yoast.com\/wordpress\/plugins\/seo\/ -->\n<title>Stick L\u00e8vres Teint\u00e9 Coral Naturalblend 4.5g Vichy - Prixgro<\/title>\n<meta name=\"robots\" content=\"index, follow, max-snippet:-1, max-image-preview:large, max-video-preview:-1\" \/>\n<link rel=\"canonical\" href=\"https:\/\/prixgro.com\/ar\/product\/stick-levres-teinte-coral-naturalblend-4-5g-vichy\/\" \/>\n<meta property=\"og:locale\" content=\"ar_AR\" \/>\n<meta property=\"og:type\" content=\"article\" \/>\n<meta property=\"og:title\" content=\"Stick L\u00e8vres Teint\u00e9 Coral Naturalblend 4.5g Vichy - Prixgro\" \/>\n<meta property=\"og:description\" content=\"Soin des l\u00e8vres teint\u00e9 Nourrit, hydrate et laisse une couleur naturelle sur vos l\u00e8vres.\" \/>\n<meta property=\"og:url\" content=\"https:\/\/prixgro.com\/ar\/product\/stick-levres-teinte-coral-naturalblend-4-5g-vichy\/\" \/>\n<meta property=\"og:site_name\" content=\"Prixgro\" \/>\n<meta property=\"article:publisher\" content=\"https:\/\/www.facebook.com\/Pharmacima\" \/>\n<meta property=\"article:modified_time\" content=\"2024-08-08T11:52:40+00:00\" \/>\n<meta property=\"og:image\" content=\"https:\/\/prixgro.com\/wp-content\/uploads\/2023\/09\/vichy-mineralblend-naturalblend-lips-coral-rgb-low-res-open-e1690191660942.jpg\" \/>\n\t<meta property=\"og:image:width\" content=\"500\" \/>\n\t<meta property=\"og:image:height\" content=\"500\" \/>\n\t<meta property=\"og:image:type\" content=\"image\/jpeg\" \/>\n<meta name=\"twitter:card\" content=\"summary_large_image\" \/>\n<meta name=\"twitter:label1\" content=\"\u0648\u0642\u062a \u0627\u0644\u0642\u0631\u0627\u0621\u0629 \u0627\u0644\u0645\u064f\u0642\u062f\u0651\u0631\" \/>\n\t<meta name=\"twitter:data1\" content=\"\u062f\u0642\u064a\u0642\u0629 \u0648\u0627\u062d\u062f\u0629\" \/>\n<script type=\"application\/ld+json\" class=\"yoast-schema-graph\">{\"@context\":\"https:\/\/schema.org\",\"@graph\":[{\"@type\":\"WebPage\",\"@id\":\"https:\/\/prixgro.com\/product\/stick-levres-teinte-coral-naturalblend-4-5g-vichy\/\",\"url\":\"https:\/\/prixgro.com\/product\/stick-levres-teinte-coral-naturalblend-4-5g-vichy\/\",\"name\":\"Stick L\u00e8vres Teint\u00e9 Coral Naturalblend 4.5g Vichy - Prixgro\",\"isPartOf\":{\"@id\":\"https:\/\/prixgro.com\/#website\"},\"primaryImageOfPage\":{\"@id\":\"https:\/\/prixgro.com\/product\/stick-levres-teinte-coral-naturalblend-4-5g-vichy\/#primaryimage\"},\"image\":{\"@id\":\"https:\/\/prixgro.com\/product\/stick-levres-teinte-coral-naturalblend-4-5g-vichy\/#primaryimage\"},\"thumbnailUrl\":\"https:\/\/prixgro.com\/wp-content\/uploads\/2023\/09\/vichy-mineralblend-naturalblend-lips-coral-rgb-low-res-open-e1690191660942.jpg\",\"datePublished\":\"2024-04-09T12:32:12+00:00\",\"dateModified\":\"2024-08-08T11:52:40+00:00\",\"breadcrumb\":{\"@id\":\"https:\/\/prixgro.com\/product\/stick-levres-teinte-coral-naturalblend-4-5g-vichy\/#breadcrumb\"},\"inLanguage\":\"ar\",\"potentialAction\":[{\"@type\":\"ReadAction\",\"target\":[\"https:\/\/prixgro.com\/product\/stick-levres-teinte-coral-naturalblend-4-5g-vichy\/\"]}]},{\"@type\":\"ImageObject\",\"inLanguage\":\"ar\",\"@id\":\"https:\/\/prixgro.com\/product\/stick-levres-teinte-coral-naturalblend-4-5g-vichy\/#primaryimage\",\"url\":\"https:\/\/prixgro.com\/wp-content\/uploads\/2023\/09\/vichy-mineralblend-naturalblend-lips-coral-rgb-low-res-open-e1690191660942.jpg\",\"contentUrl\":\"https:\/\/prixgro.com\/wp-content\/uploads\/2023\/09\/vichy-mineralblend-naturalblend-lips-coral-rgb-low-res-open-e1690191660942.jpg\",\"width\":500,\"height\":500},{\"@type\":\"BreadcrumbList\",\"@id\":\"https:\/\/prixgro.com\/product\/stick-levres-teinte-coral-naturalblend-4-5g-vichy\/#breadcrumb\",\"itemListElement\":[{\"@type\":\"ListItem\",\"position\":1,\"name\":\"Accueil\",\"item\":\"https:\/\/prixgro.com\/\"},{\"@type\":\"ListItem\",\"position\":2,\"name\":\"Boutique en ligne\",\"item\":\"https:\/\/prixgro.com\/shop\/\"},{\"@type\":\"ListItem\",\"position\":3,\"name\":\"Stick L\u00e8vres Teint\u00e9 Coral Naturalblend 4.5g Vichy\"}]},{\"@type\":\"WebSite\",\"@id\":\"https:\/\/prixgro.com\/#website\",\"url\":\"https:\/\/prixgro.com\/\",\"name\":\"Prixgro.com\",\"description\":\"Para Pharmaceutique et Cosm\u00e9tique\",\"publisher\":{\"@id\":\"https:\/\/prixgro.com\/#organization\"},\"potentialAction\":[{\"@type\":\"SearchAction\",\"target\":{\"@type\":\"EntryPoint\",\"urlTemplate\":\"https:\/\/prixgro.com\/?s={search_term_string}\"},\"query-input\":{\"@type\":\"PropertyValueSpecification\",\"valueRequired\":true,\"valueName\":\"search_term_string\"}}],\"inLanguage\":\"ar\"},{\"@type\":\"Organization\",\"@id\":\"https:\/\/prixgro.com\/#organization\",\"name\":\"Prixgro\",\"url\":\"https:\/\/prixgro.com\/\",\"logo\":{\"@type\":\"ImageObject\",\"inLanguage\":\"ar\",\"@id\":\"https:\/\/prixgro.com\/#\/schema\/logo\/image\/\",\"url\":\"https:\/\/prixgro.com\/wp-content\/uploads\/2024\/08\/cropped-Nouveau-projet-2.png\",\"contentUrl\":\"https:\/\/prixgro.com\/wp-content\/uploads\/2024\/08\/cropped-Nouveau-projet-2.png\",\"width\":265,\"height\":62,\"caption\":\"Prixgro\"},\"image\":{\"@id\":\"https:\/\/prixgro.com\/#\/schema\/logo\/image\/\"},\"sameAs\":[\"https:\/\/www.facebook.com\/Pharmacima\"]}]}<\/script>\n<!-- \/ Yoast SEO plugin. -->","yoast_head_json":{"title":"Stick L\u00e8vres Teint\u00e9 Coral Naturalblend 4.5g Vichy - Prixgro","robots":{"index":"index","follow":"follow","max-snippet":"max-snippet:-1","max-image-preview":"max-image-preview:large","max-video-preview":"max-video-preview:-1"},"canonical":"https:\/\/prixgro.com\/ar\/product\/stick-levres-teinte-coral-naturalblend-4-5g-vichy\/","og_locale":"ar_AR","og_type":"article","og_title":"Stick L\u00e8vres Teint\u00e9 Coral Naturalblend 4.5g Vichy - Prixgro","og_description":"Soin des l\u00e8vres teint\u00e9 Nourrit, hydrate et laisse une couleur naturelle sur vos l\u00e8vres.","og_url":"https:\/\/prixgro.com\/ar\/product\/stick-levres-teinte-coral-naturalblend-4-5g-vichy\/","og_site_name":"Prixgro","article_publisher":"https:\/\/www.facebook.com\/Pharmacima","article_modified_time":"2024-08-08T11:52:40+00:00","og_image":[{"width":500,"height":500,"url":"https:\/\/prixgro.com\/wp-content\/uploads\/2023\/09\/vichy-mineralblend-naturalblend-lips-coral-rgb-low-res-open-e1690191660942.jpg","type":"image\/jpeg"}],"twitter_card":"summary_large_image","twitter_misc":{"\u0648\u0642\u062a \u0627\u0644\u0642\u0631\u0627\u0621\u0629 \u0627\u0644\u0645\u064f\u0642\u062f\u0651\u0631":"\u062f\u0642\u064a\u0642\u0629 \u0648\u0627\u062d\u062f\u0629"},"schema":{"@context":"https:\/\/schema.org","@graph":[{"@type":"WebPage","@id":"https:\/\/prixgro.com\/product\/stick-levres-teinte-coral-naturalblend-4-5g-vichy\/","url":"https:\/\/prixgro.com\/product\/stick-levres-teinte-coral-naturalblend-4-5g-vichy\/","name":"Stick L\u00e8vres Teint\u00e9 Coral Naturalblend 4.5g Vichy - Prixgro","isPartOf":{"@id":"https:\/\/prixgro.com\/#website"},"primaryImageOfPage":{"@id":"https:\/\/prixgro.com\/product\/stick-levres-teinte-coral-naturalblend-4-5g-vichy\/#primaryimage"},"image":{"@id":"https:\/\/prixgro.com\/product\/stick-levres-teinte-coral-naturalblend-4-5g-vichy\/#primaryimage"},"thumbnailUrl":"https:\/\/prixgro.com\/wp-content\/uploads\/2023\/09\/vichy-mineralblend-naturalblend-lips-coral-rgb-low-res-open-e1690191660942.jpg","datePublished":"2024-04-09T12:32:12+00:00","dateModified":"2024-08-08T11:52:40+00:00","breadcrumb":{"@id":"https:\/\/prixgro.com\/product\/stick-levres-teinte-coral-naturalblend-4-5g-vichy\/#breadcrumb"},"inLanguage":"ar","potentialAction":[{"@type":"ReadAction","target":["https:\/\/prixgro.com\/product\/stick-levres-teinte-coral-naturalblend-4-5g-vichy\/"]}]},{"@type":"ImageObject","inLanguage":"ar","@id":"https:\/\/prixgro.com\/product\/stick-levres-teinte-coral-naturalblend-4-5g-vichy\/#primaryimage","url":"https:\/\/prixgro.com\/wp-content\/uploads\/2023\/09\/vichy-mineralblend-naturalblend-lips-coral-rgb-low-res-open-e1690191660942.jpg","contentUrl":"https:\/\/prixgro.com\/wp-content\/uploads\/2023\/09\/vichy-mineralblend-naturalblend-lips-coral-rgb-low-res-open-e1690191660942.jpg","width":500,"height":500},{"@type":"BreadcrumbList","@id":"https:\/\/prixgro.com\/product\/stick-levres-teinte-coral-naturalblend-4-5g-vichy\/#breadcrumb","itemListElement":[{"@type":"ListItem","position":1,"name":"Accueil","item":"https:\/\/prixgro.com\/"},{"@type":"ListItem","position":2,"name":"Boutique en ligne","item":"https:\/\/prixgro.com\/shop\/"},{"@type":"ListItem","position":3,"name":"Stick L\u00e8vres Teint\u00e9 Coral Naturalblend 4.5g Vichy"}]},{"@type":"WebSite","@id":"https:\/\/prixgro.com\/#website","url":"https:\/\/prixgro.com\/","name":"Prixgro.com","description":"Para Pharmaceutique et Cosm\u00e9tique","publisher":{"@id":"https:\/\/prixgro.com\/#organization"},"potentialAction":[{"@type":"SearchAction","target":{"@type":"EntryPoint","urlTemplate":"https:\/\/prixgro.com\/?s={search_term_string}"},"query-input":{"@type":"PropertyValueSpecification","valueRequired":true,"valueName":"search_term_string"}}],"inLanguage":"ar"},{"@type":"Organization","@id":"https:\/\/prixgro.com\/#organization","name":"Prixgro","url":"https:\/\/prixgro.com\/","logo":{"@type":"ImageObject","inLanguage":"ar","@id":"https:\/\/prixgro.com\/#\/schema\/logo\/image\/","url":"https:\/\/prixgro.com\/wp-content\/uploads\/2024\/08\/cropped-Nouveau-projet-2.png","contentUrl":"https:\/\/prixgro.com\/wp-content\/uploads\/2024\/08\/cropped-Nouveau-projet-2.png","width":265,"height":62,"caption":"Prixgro"},"image":{"@id":"https:\/\/prixgro.com\/#\/schema\/logo\/image\/"},"sameAs":["https:\/\/www.facebook.com\/Pharmacima"]}]}},"_links":{"self":[{"href":"https:\/\/prixgro.com\/ar\/wp-json\/wp\/v2\/product\/142280","targetHints":{"allow":["GET"]}}],"collection":[{"href":"https:\/\/prixgro.com\/ar\/wp-json\/wp\/v2\/product"}],"about":[{"href":"https:\/\/prixgro.com\/ar\/wp-json\/wp\/v2\/types\/product"}],"replies":[{"embeddable":true,"href":"https:\/\/prixgro.com\/ar\/wp-json\/wp\/v2\/comments?post=142280"}],"wp:featuredmedia":[{"embeddable":true,"href":"https:\/\/prixgro.com\/ar\/wp-json\/wp\/v2\/media\/4137"}],"wp:attachment":[{"href":"https:\/\/prixgro.com\/ar\/wp-json\/wp\/v2\/media?parent=142280"}],"wp:term":[{"taxonomy":"product_cat","embeddable":true,"href":"https:\/\/prixgro.com\/ar\/wp-json\/wp\/v2\/product_cat?post=142280"},{"taxonomy":"product_tag","embeddable":true,"href":"https:\/\/prixgro.com\/ar\/wp-json\/wp\/v2\/product_tag?post=142280"},{"taxonomy":"berocket_brand","embeddable":true,"href":"https:\/\/prixgro.com\/ar\/wp-json\/wp\/v2\/berocket_brand?post=142280"}],"curies":[{"name":"wp","href":"https:\/\/api.w.org\/{rel}","templated":true}]}}