{"id":142281,"date":"2024-04-09T14:32:12","date_gmt":"2024-04-09T12:32:12","guid":{"rendered":"https:\/\/cloodmanager.net\/?post_type=product&#038;p=142281"},"modified":"2024-08-08T13:54:34","modified_gmt":"2024-08-08T11:54:34","slug":"creme-douche-lait-damandier-200ml-klorane","status":"publish","type":"product","link":"https:\/\/prixgro.com\/ar\/product\/creme-douche-lait-damandier-200ml-klorane\/","title":{"rendered":"Creme douche Lait d\u2019Amandier 200ml Klorane"},"content":{"rendered":"<h2><strong>DESCRIPTION :<\/strong><\/h2>\n<p>Douce pour la peau, la Cr\u00e8me douche Lait d\u2019Amandier est sp\u00e9cifiquement formul\u00e9e pour laver et nourrir les peaux s\u00e8ches \u00e0 tr\u00e8s s\u00e8ches.<\/p>\n<p>Lorsque son film hydrolipidique est endommag\u00e9, l\u2019\u00e9piderme retient mal l\u2019eau et perd en souplesse. Klorane a s\u00e9lectionn\u00e9 le Cupua\u00e7u pour ses vertus nutritives uniques et tire de ce fruit \u00e0 coque d\u2019Amazonie un beurre g\u00e9n\u00e9reux et riche en acides gras, 1,5 fois plus nutritif que le beurre de Karit\u00e9.<\/p>\n<p>En l\u2019int\u00e9grant dans une formule cr\u00e9meuse, enrichie d\u2019actifs naturels aux bienfaits nourrissants, la Cr\u00e8me douche aide l\u2019\u00e9piderme \u00e0 retenir l\u2019eau, pour une peau parfaitement hydrat\u00e9e et nourrie.<\/p>\n<p>La peau est propre, nourrie et assouplie, dans un parfum aux notes apaisantes de freesia, lait de coton et noix de Cupua\u00e7u. Douce pour la peau, la Cr\u00e8me douche est \u00e9coresponsable avec sa formule biod\u00e9gradable* et sa capsule \u00e9co-con\u00e7ue all\u00e9g\u00e9e de 40 % de plastique.<\/p>\n<h2><strong>CONSEIL D&#8217;UTILISATION :<\/strong><\/h2>\n<div class=\"container-fluid\">\n<div class=\"application__sub-title anm animated\">\n<p>Un vrai moment de d\u00e9tente et de soin sous la douche.<\/p>\n<h2><strong>COMPOSITION :<\/strong><\/h2>\n<p>WATER (AQUA)*. GLYCERIN*. SODIUM LAUROYL METHYL ISETHIONATE. DECYL GLUCOSIDE*. LAURYL BETAINE. THEOBROMA GRANDIFLORUM SEED BUTTER*. HELIANTHUS ANNUUS (SUNFLOWER) SEED OIL (HELIANTHUS ANNUUS SEED OIL)*. TOCOPHEROL*. ACRYLATES\/C10-30 ALKYL ACRYLATE CROSSPOLYMER. CAPRYLYL GLYCOL. CITRIC ACID*. COCO-GLUCOSIDE*. FRAGRANCE (PARFUM). GLYCERYL OLEATE*. GLYCOL STEARATE*. HYDROGENATED VEGETABLE GLYCERIDES CITRATE*. SODIUM BENZOATE. SODIUM CHLORIDE. SODIUM HYDROXIDE*. TRISODIUM ETHYLENEDIAMINE DISUCCINATE<\/p>\n<\/div>\n<\/div>\n<div class=\"application__content\">\n<div class=\"container-fluid application__container\">\n<div class=\"application__desc anm animated\">\n<div class=\"application__desc anm align-center animated\">\n<div class=\"app-step__title\"><\/div>\n<\/div>\n<\/div>\n<\/div>\n<\/div>","protected":false},"excerpt":{"rendered":"<h3><em><strong>Texture fondante aux notes de noix de Cupua\u00e7u, freesia et lait de coton.<\/strong><\/em><\/h3>\n<p><strong>Contenance 200ml\u00a0<\/strong><\/p>","protected":false},"featured_media":4138,"comment_status":"open","ping_status":"closed","template":"","meta":[],"product_cat":[126,17],"product_tag":[638,51,502,641,42,43,44,77,78],"berocket_brand":[],"class_list":{"0":"post-142281","1":"product","2":"type-product","3":"status-publish","4":"has-post-thumbnail","6":"product_cat-cheveux","7":"product_cat-soin-et-bien-etre","8":"product_tag-acide-gras-2","9":"product_tag-adoucissant","10":"product_tag-benzoate-de-sodium-2","11":"product_tag-capuacu-2","12":"product_tag-glycerine","13":"product_tag-hydratant","14":"product_tag-nourrissant","15":"product_tag-peaux-seches-a-tres-seches","16":"product_tag-reparateur","18":"first","19":"outofstock","20":"shipping-taxable","21":"purchasable","22":"product-type-simple"},"yoast_head":"<!-- This site is optimized with the Yoast SEO plugin v24.8 - https:\/\/yoast.com\/wordpress\/plugins\/seo\/ -->\n<title>Creme douche Lait d\u2019Amandier 200ml Klorane - Prixgro<\/title>\n<meta name=\"robots\" content=\"index, follow, max-snippet:-1, max-image-preview:large, max-video-preview:-1\" \/>\n<link rel=\"canonical\" href=\"https:\/\/prixgro.com\/ar\/product\/creme-douche-lait-damandier-200ml-klorane\/\" \/>\n<meta property=\"og:locale\" content=\"ar_AR\" \/>\n<meta property=\"og:type\" content=\"article\" \/>\n<meta property=\"og:title\" content=\"Creme douche Lait d\u2019Amandier 200ml Klorane - Prixgro\" \/>\n<meta property=\"og:description\" content=\"Texture fondante aux notes de noix de Cupua\u00e7u, freesia et lait de coton. Contenance 200ml\u00a0\" \/>\n<meta property=\"og:url\" content=\"https:\/\/prixgro.com\/ar\/product\/creme-douche-lait-damandier-200ml-klorane\/\" \/>\n<meta property=\"og:site_name\" content=\"Prixgro\" \/>\n<meta property=\"article:publisher\" content=\"https:\/\/www.facebook.com\/Pharmacima\" \/>\n<meta property=\"article:modified_time\" content=\"2024-08-08T11:54:34+00:00\" \/>\n<meta property=\"og:image\" content=\"https:\/\/prixgro.com\/wp-content\/uploads\/2023\/09\/creme-douche-nutritive-lait-d-amandier-200ml-e1690193430721.jpg\" \/>\n\t<meta property=\"og:image:width\" content=\"500\" \/>\n\t<meta property=\"og:image:height\" content=\"500\" \/>\n\t<meta property=\"og:image:type\" content=\"image\/jpeg\" \/>\n<meta name=\"twitter:card\" content=\"summary_large_image\" \/>\n<meta name=\"twitter:label1\" content=\"\u0648\u0642\u062a \u0627\u0644\u0642\u0631\u0627\u0621\u0629 \u0627\u0644\u0645\u064f\u0642\u062f\u0651\u0631\" \/>\n\t<meta name=\"twitter:data1\" content=\"\u062f\u0642\u064a\u0642\u0629 \u0648\u0627\u062d\u062f\u0629\" \/>\n<script type=\"application\/ld+json\" class=\"yoast-schema-graph\">{\"@context\":\"https:\/\/schema.org\",\"@graph\":[{\"@type\":\"WebPage\",\"@id\":\"https:\/\/prixgro.com\/product\/creme-douche-lait-damandier-200ml-klorane\/\",\"url\":\"https:\/\/prixgro.com\/product\/creme-douche-lait-damandier-200ml-klorane\/\",\"name\":\"Creme douche Lait d\u2019Amandier 200ml Klorane - Prixgro\",\"isPartOf\":{\"@id\":\"https:\/\/prixgro.com\/#website\"},\"primaryImageOfPage\":{\"@id\":\"https:\/\/prixgro.com\/product\/creme-douche-lait-damandier-200ml-klorane\/#primaryimage\"},\"image\":{\"@id\":\"https:\/\/prixgro.com\/product\/creme-douche-lait-damandier-200ml-klorane\/#primaryimage\"},\"thumbnailUrl\":\"https:\/\/prixgro.com\/wp-content\/uploads\/2023\/09\/creme-douche-nutritive-lait-d-amandier-200ml-e1690193430721.jpg\",\"datePublished\":\"2024-04-09T12:32:12+00:00\",\"dateModified\":\"2024-08-08T11:54:34+00:00\",\"breadcrumb\":{\"@id\":\"https:\/\/prixgro.com\/product\/creme-douche-lait-damandier-200ml-klorane\/#breadcrumb\"},\"inLanguage\":\"ar\",\"potentialAction\":[{\"@type\":\"ReadAction\",\"target\":[\"https:\/\/prixgro.com\/product\/creme-douche-lait-damandier-200ml-klorane\/\"]}]},{\"@type\":\"ImageObject\",\"inLanguage\":\"ar\",\"@id\":\"https:\/\/prixgro.com\/product\/creme-douche-lait-damandier-200ml-klorane\/#primaryimage\",\"url\":\"https:\/\/prixgro.com\/wp-content\/uploads\/2023\/09\/creme-douche-nutritive-lait-d-amandier-200ml-e1690193430721.jpg\",\"contentUrl\":\"https:\/\/prixgro.com\/wp-content\/uploads\/2023\/09\/creme-douche-nutritive-lait-d-amandier-200ml-e1690193430721.jpg\",\"width\":500,\"height\":500},{\"@type\":\"BreadcrumbList\",\"@id\":\"https:\/\/prixgro.com\/product\/creme-douche-lait-damandier-200ml-klorane\/#breadcrumb\",\"itemListElement\":[{\"@type\":\"ListItem\",\"position\":1,\"name\":\"Accueil\",\"item\":\"https:\/\/prixgro.com\/\"},{\"@type\":\"ListItem\",\"position\":2,\"name\":\"Boutique en ligne\",\"item\":\"https:\/\/prixgro.com\/shop\/\"},{\"@type\":\"ListItem\",\"position\":3,\"name\":\"Creme douche Lait d\u2019Amandier 200ml Klorane\"}]},{\"@type\":\"WebSite\",\"@id\":\"https:\/\/prixgro.com\/#website\",\"url\":\"https:\/\/prixgro.com\/\",\"name\":\"Prixgro.com\",\"description\":\"Para Pharmaceutique et Cosm\u00e9tique\",\"publisher\":{\"@id\":\"https:\/\/prixgro.com\/#organization\"},\"potentialAction\":[{\"@type\":\"SearchAction\",\"target\":{\"@type\":\"EntryPoint\",\"urlTemplate\":\"https:\/\/prixgro.com\/?s={search_term_string}\"},\"query-input\":{\"@type\":\"PropertyValueSpecification\",\"valueRequired\":true,\"valueName\":\"search_term_string\"}}],\"inLanguage\":\"ar\"},{\"@type\":\"Organization\",\"@id\":\"https:\/\/prixgro.com\/#organization\",\"name\":\"Prixgro\",\"url\":\"https:\/\/prixgro.com\/\",\"logo\":{\"@type\":\"ImageObject\",\"inLanguage\":\"ar\",\"@id\":\"https:\/\/prixgro.com\/#\/schema\/logo\/image\/\",\"url\":\"https:\/\/prixgro.com\/wp-content\/uploads\/2024\/08\/cropped-Nouveau-projet-2.png\",\"contentUrl\":\"https:\/\/prixgro.com\/wp-content\/uploads\/2024\/08\/cropped-Nouveau-projet-2.png\",\"width\":265,\"height\":62,\"caption\":\"Prixgro\"},\"image\":{\"@id\":\"https:\/\/prixgro.com\/#\/schema\/logo\/image\/\"},\"sameAs\":[\"https:\/\/www.facebook.com\/Pharmacima\"]}]}<\/script>\n<!-- \/ Yoast SEO plugin. -->","yoast_head_json":{"title":"Creme douche Lait d\u2019Amandier 200ml Klorane - Prixgro","robots":{"index":"index","follow":"follow","max-snippet":"max-snippet:-1","max-image-preview":"max-image-preview:large","max-video-preview":"max-video-preview:-1"},"canonical":"https:\/\/prixgro.com\/ar\/product\/creme-douche-lait-damandier-200ml-klorane\/","og_locale":"ar_AR","og_type":"article","og_title":"Creme douche Lait d\u2019Amandier 200ml Klorane - Prixgro","og_description":"Texture fondante aux notes de noix de Cupua\u00e7u, freesia et lait de coton. Contenance 200ml\u00a0","og_url":"https:\/\/prixgro.com\/ar\/product\/creme-douche-lait-damandier-200ml-klorane\/","og_site_name":"Prixgro","article_publisher":"https:\/\/www.facebook.com\/Pharmacima","article_modified_time":"2024-08-08T11:54:34+00:00","og_image":[{"width":500,"height":500,"url":"https:\/\/prixgro.com\/wp-content\/uploads\/2023\/09\/creme-douche-nutritive-lait-d-amandier-200ml-e1690193430721.jpg","type":"image\/jpeg"}],"twitter_card":"summary_large_image","twitter_misc":{"\u0648\u0642\u062a \u0627\u0644\u0642\u0631\u0627\u0621\u0629 \u0627\u0644\u0645\u064f\u0642\u062f\u0651\u0631":"\u062f\u0642\u064a\u0642\u0629 \u0648\u0627\u062d\u062f\u0629"},"schema":{"@context":"https:\/\/schema.org","@graph":[{"@type":"WebPage","@id":"https:\/\/prixgro.com\/product\/creme-douche-lait-damandier-200ml-klorane\/","url":"https:\/\/prixgro.com\/product\/creme-douche-lait-damandier-200ml-klorane\/","name":"Creme douche Lait d\u2019Amandier 200ml Klorane - Prixgro","isPartOf":{"@id":"https:\/\/prixgro.com\/#website"},"primaryImageOfPage":{"@id":"https:\/\/prixgro.com\/product\/creme-douche-lait-damandier-200ml-klorane\/#primaryimage"},"image":{"@id":"https:\/\/prixgro.com\/product\/creme-douche-lait-damandier-200ml-klorane\/#primaryimage"},"thumbnailUrl":"https:\/\/prixgro.com\/wp-content\/uploads\/2023\/09\/creme-douche-nutritive-lait-d-amandier-200ml-e1690193430721.jpg","datePublished":"2024-04-09T12:32:12+00:00","dateModified":"2024-08-08T11:54:34+00:00","breadcrumb":{"@id":"https:\/\/prixgro.com\/product\/creme-douche-lait-damandier-200ml-klorane\/#breadcrumb"},"inLanguage":"ar","potentialAction":[{"@type":"ReadAction","target":["https:\/\/prixgro.com\/product\/creme-douche-lait-damandier-200ml-klorane\/"]}]},{"@type":"ImageObject","inLanguage":"ar","@id":"https:\/\/prixgro.com\/product\/creme-douche-lait-damandier-200ml-klorane\/#primaryimage","url":"https:\/\/prixgro.com\/wp-content\/uploads\/2023\/09\/creme-douche-nutritive-lait-d-amandier-200ml-e1690193430721.jpg","contentUrl":"https:\/\/prixgro.com\/wp-content\/uploads\/2023\/09\/creme-douche-nutritive-lait-d-amandier-200ml-e1690193430721.jpg","width":500,"height":500},{"@type":"BreadcrumbList","@id":"https:\/\/prixgro.com\/product\/creme-douche-lait-damandier-200ml-klorane\/#breadcrumb","itemListElement":[{"@type":"ListItem","position":1,"name":"Accueil","item":"https:\/\/prixgro.com\/"},{"@type":"ListItem","position":2,"name":"Boutique en ligne","item":"https:\/\/prixgro.com\/shop\/"},{"@type":"ListItem","position":3,"name":"Creme douche Lait d\u2019Amandier 200ml Klorane"}]},{"@type":"WebSite","@id":"https:\/\/prixgro.com\/#website","url":"https:\/\/prixgro.com\/","name":"Prixgro.com","description":"Para Pharmaceutique et Cosm\u00e9tique","publisher":{"@id":"https:\/\/prixgro.com\/#organization"},"potentialAction":[{"@type":"SearchAction","target":{"@type":"EntryPoint","urlTemplate":"https:\/\/prixgro.com\/?s={search_term_string}"},"query-input":{"@type":"PropertyValueSpecification","valueRequired":true,"valueName":"search_term_string"}}],"inLanguage":"ar"},{"@type":"Organization","@id":"https:\/\/prixgro.com\/#organization","name":"Prixgro","url":"https:\/\/prixgro.com\/","logo":{"@type":"ImageObject","inLanguage":"ar","@id":"https:\/\/prixgro.com\/#\/schema\/logo\/image\/","url":"https:\/\/prixgro.com\/wp-content\/uploads\/2024\/08\/cropped-Nouveau-projet-2.png","contentUrl":"https:\/\/prixgro.com\/wp-content\/uploads\/2024\/08\/cropped-Nouveau-projet-2.png","width":265,"height":62,"caption":"Prixgro"},"image":{"@id":"https:\/\/prixgro.com\/#\/schema\/logo\/image\/"},"sameAs":["https:\/\/www.facebook.com\/Pharmacima"]}]}},"_links":{"self":[{"href":"https:\/\/prixgro.com\/ar\/wp-json\/wp\/v2\/product\/142281","targetHints":{"allow":["GET"]}}],"collection":[{"href":"https:\/\/prixgro.com\/ar\/wp-json\/wp\/v2\/product"}],"about":[{"href":"https:\/\/prixgro.com\/ar\/wp-json\/wp\/v2\/types\/product"}],"replies":[{"embeddable":true,"href":"https:\/\/prixgro.com\/ar\/wp-json\/wp\/v2\/comments?post=142281"}],"wp:featuredmedia":[{"embeddable":true,"href":"https:\/\/prixgro.com\/ar\/wp-json\/wp\/v2\/media\/4138"}],"wp:attachment":[{"href":"https:\/\/prixgro.com\/ar\/wp-json\/wp\/v2\/media?parent=142281"}],"wp:term":[{"taxonomy":"product_cat","embeddable":true,"href":"https:\/\/prixgro.com\/ar\/wp-json\/wp\/v2\/product_cat?post=142281"},{"taxonomy":"product_tag","embeddable":true,"href":"https:\/\/prixgro.com\/ar\/wp-json\/wp\/v2\/product_tag?post=142281"},{"taxonomy":"berocket_brand","embeddable":true,"href":"https:\/\/prixgro.com\/ar\/wp-json\/wp\/v2\/berocket_brand?post=142281"}],"curies":[{"name":"wp","href":"https:\/\/api.w.org\/{rel}","templated":true}]}}