{"id":142288,"date":"2024-04-09T14:32:12","date_gmt":"2024-04-09T12:32:12","guid":{"rendered":"https:\/\/cloodmanager.net\/?post_type=product&#038;p=142288"},"modified":"2024-08-08T13:54:46","modified_gmt":"2024-08-08T11:54:46","slug":"osmo-soft-cicatrisant-4-en-1-sachet-14g-cooper","status":"publish","type":"product","link":"https:\/\/prixgro.com\/ar\/product\/osmo-soft-cicatrisant-4-en-1-sachet-14g-cooper\/","title":{"rendered":"Osmo Soft Cicatrisant 4 en 1 Sachet 14g Cooper"},"content":{"rendered":"<h2><strong>DESCRIPTION :<\/strong><\/h2>\n<p><strong>Osmo Soft Cicatrisant 4 en 1<\/strong>\u00a0est un dispositif m\u00e9dical indiqu\u00e9 pour le\u00a0<strong>traitement des plaies<\/strong>\u00a0et des plaies chirurgicales, des coupures, des \u00e9raflures, des crevasses, des escarres, ou encore des ulc\u00e8res ouverts \u00e0 la jambe.<\/p>\n<p>Il s\u2019agit d\u2019un\u00a0<strong>hydrogel intelligent<\/strong>\u00a0qui permet se soulager rapidement la douleur gr\u00e2ce \u00e0 un\u00a0<strong>effet froid<\/strong>. Il forme \u00e9galement une\u00a0<strong>barri\u00e8re protectrice<\/strong>\u00a0qui va r\u00e9duire le risque d\u2019infection en emp\u00eachant les bact\u00e9ries et les germes de s\u2019introduire au sein de la blessure.<\/p>\n<p>De plus, il\u00a0<strong>acc\u00e9l\u00e8re la cicatrisation<\/strong>\u00a0en cr\u00e9ant un environnement humide optimal, tout en\u00a0<strong>r\u00e9duisant le risque de cicatrice<\/strong>.<\/p>\n<p>Ce gel cicatrisant b\u00e9n\u00e9ficie donc de la\u00a0<strong>technologie hydrocollo\u00efde<\/strong>, et favorise la gu\u00e9rison de la plaie en pr\u00e9venant sa d\u00e9shydratation et en\u00a0<strong>lib\u00e9rant de l\u2019humidit\u00e9.<\/strong><\/p>\n<p>Cependant, il peut \u00e9galement s\u2019av\u00e9rer utile pour absorber l\u2019exc\u00e8s d\u2019humidit\u00e9 si la blessure devient trop humide.\u00a0Ainsi, l\u2019apparition de cro\u00fbtes et de crevasse est pr\u00e9venue pour une\u00a0<strong>meilleure r\u00e9cup\u00e9ration de la peau<\/strong>, tout en emp\u00eachant la formation de cicatrice.<\/p>\n<p>Enfin, il\u00a0<strong>ne pique pas<\/strong>\u00a0\u00e0 l\u2019utilisation, assurant une\u00a0<strong>application indolore<\/strong>\u00a0pour plus de confort.<\/p>\n<h2><strong>CONSEIL D\u2019UTILISATION :<\/strong><\/h2>\n<ul>\n<li>N\u2019utilisez pas Osmo Soft Cicatrisant 4 en 1 si vous \u00eates hypersensible ou allergique \u00e0 l\u2019un des composants.<br \/>\u2013 De tr\u00e8s rares cas d\u2019irritations ont \u00e9t\u00e9 signal\u00e9s. En cas d\u2019irritations ou de r\u00e9action allergique, cessez\u00a0 \u00a0imm\u00e9diatement le traitement.<br \/>\u2013 Ne peut \u00eatre appliqu\u00e9 sur le visage, les yeux, les paupi\u00e8res ou les muqueuses.<br \/>\u2013 Tenir hors de port\u00e9e des enfants.<br \/>\u2013 Usage externe.<\/li>\n<\/ul>\n<h2><strong>COMPOSITION :<\/strong><\/h2>\n<p>Carbom\u00e8re collo\u00efdal acide, carnosine, eau, benzoate de sodium, sorbate de potassium<\/p>","protected":false},"excerpt":{"rendered":"<div class=\"woocommerce-product-details__short-description\">\n<h3><span style=\"color: #339966\" data-mce-style=\"color: #339966;\"><em><strong>Plaies, coupures, \u00e9raflures, crevasses, escarres et ulc\u00e8res.<\/strong><\/em><\/span><\/h3>\n<\/div>\n<p class=\"stock in-stock\"><span style=\"color: #ff0000\" data-mce-style=\"color: #ff0000;\"><em><strong>Gel en Sachet 14 x 2g<\/strong><\/em><\/span><\/p>\n<div class=\"woocommerce-add-to-cart-group\">\n<div class=\"quantity buttons_added is-not-empty\"><\/div>\n<\/div>","protected":false},"featured_media":4166,"comment_status":"open","ping_status":"closed","template":"","meta":[],"product_cat":[64,17],"product_tag":[],"berocket_brand":[],"class_list":{"0":"post-142288","1":"product","2":"type-product","3":"status-publish","4":"has-post-thumbnail","6":"product_cat-corps","7":"product_cat-soin-et-bien-etre","9":"first","10":"outofstock","11":"shipping-taxable","12":"purchasable","13":"product-type-simple"},"yoast_head":"<!-- This site is optimized with the Yoast SEO plugin v24.8 - https:\/\/yoast.com\/wordpress\/plugins\/seo\/ -->\n<title>Osmo Soft Cicatrisant 4 en 1 Sachet 14g Cooper - Prixgro<\/title>\n<meta name=\"robots\" content=\"index, follow, max-snippet:-1, max-image-preview:large, max-video-preview:-1\" \/>\n<link rel=\"canonical\" href=\"https:\/\/prixgro.com\/ar\/product\/osmo-soft-cicatrisant-4-en-1-sachet-14g-cooper\/\" \/>\n<meta property=\"og:locale\" content=\"ar_AR\" \/>\n<meta property=\"og:type\" content=\"article\" \/>\n<meta property=\"og:title\" content=\"Osmo Soft Cicatrisant 4 en 1 Sachet 14g Cooper - Prixgro\" \/>\n<meta property=\"og:description\" content=\"Plaies, coupures, \u00e9raflures, crevasses, escarres et ulc\u00e8res.Gel en Sachet 14 x 2g\" \/>\n<meta property=\"og:url\" content=\"https:\/\/prixgro.com\/ar\/product\/osmo-soft-cicatrisant-4-en-1-sachet-14g-cooper\/\" \/>\n<meta property=\"og:site_name\" content=\"Prixgro\" \/>\n<meta property=\"article:publisher\" content=\"https:\/\/www.facebook.com\/Pharmacima\" \/>\n<meta property=\"article:modified_time\" content=\"2024-08-08T11:54:46+00:00\" \/>\n<meta property=\"og:image\" content=\"https:\/\/prixgro.com\/wp-content\/uploads\/2023\/09\/Design-sans-titre-45.png\" \/>\n\t<meta property=\"og:image:width\" content=\"540\" \/>\n\t<meta property=\"og:image:height\" content=\"540\" \/>\n\t<meta property=\"og:image:type\" content=\"image\/png\" \/>\n<meta name=\"twitter:card\" content=\"summary_large_image\" \/>\n<meta name=\"twitter:label1\" content=\"\u0648\u0642\u062a \u0627\u0644\u0642\u0631\u0627\u0621\u0629 \u0627\u0644\u0645\u064f\u0642\u062f\u0651\u0631\" \/>\n\t<meta name=\"twitter:data1\" content=\"\u062f\u0642\u064a\u0642\u0629 \u0648\u0627\u062d\u062f\u0629\" \/>\n<script type=\"application\/ld+json\" class=\"yoast-schema-graph\">{\"@context\":\"https:\/\/schema.org\",\"@graph\":[{\"@type\":\"WebPage\",\"@id\":\"https:\/\/prixgro.com\/product\/osmo-soft-cicatrisant-4-en-1-sachet-14g-cooper\/\",\"url\":\"https:\/\/prixgro.com\/product\/osmo-soft-cicatrisant-4-en-1-sachet-14g-cooper\/\",\"name\":\"Osmo Soft Cicatrisant 4 en 1 Sachet 14g Cooper - Prixgro\",\"isPartOf\":{\"@id\":\"https:\/\/prixgro.com\/#website\"},\"primaryImageOfPage\":{\"@id\":\"https:\/\/prixgro.com\/product\/osmo-soft-cicatrisant-4-en-1-sachet-14g-cooper\/#primaryimage\"},\"image\":{\"@id\":\"https:\/\/prixgro.com\/product\/osmo-soft-cicatrisant-4-en-1-sachet-14g-cooper\/#primaryimage\"},\"thumbnailUrl\":\"https:\/\/prixgro.com\/wp-content\/uploads\/2023\/09\/Design-sans-titre-45.png\",\"datePublished\":\"2024-04-09T12:32:12+00:00\",\"dateModified\":\"2024-08-08T11:54:46+00:00\",\"breadcrumb\":{\"@id\":\"https:\/\/prixgro.com\/product\/osmo-soft-cicatrisant-4-en-1-sachet-14g-cooper\/#breadcrumb\"},\"inLanguage\":\"ar\",\"potentialAction\":[{\"@type\":\"ReadAction\",\"target\":[\"https:\/\/prixgro.com\/product\/osmo-soft-cicatrisant-4-en-1-sachet-14g-cooper\/\"]}]},{\"@type\":\"ImageObject\",\"inLanguage\":\"ar\",\"@id\":\"https:\/\/prixgro.com\/product\/osmo-soft-cicatrisant-4-en-1-sachet-14g-cooper\/#primaryimage\",\"url\":\"https:\/\/prixgro.com\/wp-content\/uploads\/2023\/09\/Design-sans-titre-45.png\",\"contentUrl\":\"https:\/\/prixgro.com\/wp-content\/uploads\/2023\/09\/Design-sans-titre-45.png\",\"width\":540,\"height\":540},{\"@type\":\"BreadcrumbList\",\"@id\":\"https:\/\/prixgro.com\/product\/osmo-soft-cicatrisant-4-en-1-sachet-14g-cooper\/#breadcrumb\",\"itemListElement\":[{\"@type\":\"ListItem\",\"position\":1,\"name\":\"Accueil\",\"item\":\"https:\/\/prixgro.com\/\"},{\"@type\":\"ListItem\",\"position\":2,\"name\":\"Boutique en ligne\",\"item\":\"https:\/\/prixgro.com\/shop\/\"},{\"@type\":\"ListItem\",\"position\":3,\"name\":\"Osmo Soft Cicatrisant 4 en 1 Sachet 14g Cooper\"}]},{\"@type\":\"WebSite\",\"@id\":\"https:\/\/prixgro.com\/#website\",\"url\":\"https:\/\/prixgro.com\/\",\"name\":\"Prixgro.com\",\"description\":\"Para Pharmaceutique et Cosm\u00e9tique\",\"publisher\":{\"@id\":\"https:\/\/prixgro.com\/#organization\"},\"potentialAction\":[{\"@type\":\"SearchAction\",\"target\":{\"@type\":\"EntryPoint\",\"urlTemplate\":\"https:\/\/prixgro.com\/?s={search_term_string}\"},\"query-input\":{\"@type\":\"PropertyValueSpecification\",\"valueRequired\":true,\"valueName\":\"search_term_string\"}}],\"inLanguage\":\"ar\"},{\"@type\":\"Organization\",\"@id\":\"https:\/\/prixgro.com\/#organization\",\"name\":\"Prixgro\",\"url\":\"https:\/\/prixgro.com\/\",\"logo\":{\"@type\":\"ImageObject\",\"inLanguage\":\"ar\",\"@id\":\"https:\/\/prixgro.com\/#\/schema\/logo\/image\/\",\"url\":\"https:\/\/prixgro.com\/wp-content\/uploads\/2024\/08\/cropped-Nouveau-projet-2.png\",\"contentUrl\":\"https:\/\/prixgro.com\/wp-content\/uploads\/2024\/08\/cropped-Nouveau-projet-2.png\",\"width\":265,\"height\":62,\"caption\":\"Prixgro\"},\"image\":{\"@id\":\"https:\/\/prixgro.com\/#\/schema\/logo\/image\/\"},\"sameAs\":[\"https:\/\/www.facebook.com\/Pharmacima\"]}]}<\/script>\n<!-- \/ Yoast SEO plugin. -->","yoast_head_json":{"title":"Osmo Soft Cicatrisant 4 en 1 Sachet 14g Cooper - Prixgro","robots":{"index":"index","follow":"follow","max-snippet":"max-snippet:-1","max-image-preview":"max-image-preview:large","max-video-preview":"max-video-preview:-1"},"canonical":"https:\/\/prixgro.com\/ar\/product\/osmo-soft-cicatrisant-4-en-1-sachet-14g-cooper\/","og_locale":"ar_AR","og_type":"article","og_title":"Osmo Soft Cicatrisant 4 en 1 Sachet 14g Cooper - Prixgro","og_description":"Plaies, coupures, \u00e9raflures, crevasses, escarres et ulc\u00e8res.Gel en Sachet 14 x 2g","og_url":"https:\/\/prixgro.com\/ar\/product\/osmo-soft-cicatrisant-4-en-1-sachet-14g-cooper\/","og_site_name":"Prixgro","article_publisher":"https:\/\/www.facebook.com\/Pharmacima","article_modified_time":"2024-08-08T11:54:46+00:00","og_image":[{"width":540,"height":540,"url":"https:\/\/prixgro.com\/wp-content\/uploads\/2023\/09\/Design-sans-titre-45.png","type":"image\/png"}],"twitter_card":"summary_large_image","twitter_misc":{"\u0648\u0642\u062a \u0627\u0644\u0642\u0631\u0627\u0621\u0629 \u0627\u0644\u0645\u064f\u0642\u062f\u0651\u0631":"\u062f\u0642\u064a\u0642\u0629 \u0648\u0627\u062d\u062f\u0629"},"schema":{"@context":"https:\/\/schema.org","@graph":[{"@type":"WebPage","@id":"https:\/\/prixgro.com\/product\/osmo-soft-cicatrisant-4-en-1-sachet-14g-cooper\/","url":"https:\/\/prixgro.com\/product\/osmo-soft-cicatrisant-4-en-1-sachet-14g-cooper\/","name":"Osmo Soft Cicatrisant 4 en 1 Sachet 14g Cooper - Prixgro","isPartOf":{"@id":"https:\/\/prixgro.com\/#website"},"primaryImageOfPage":{"@id":"https:\/\/prixgro.com\/product\/osmo-soft-cicatrisant-4-en-1-sachet-14g-cooper\/#primaryimage"},"image":{"@id":"https:\/\/prixgro.com\/product\/osmo-soft-cicatrisant-4-en-1-sachet-14g-cooper\/#primaryimage"},"thumbnailUrl":"https:\/\/prixgro.com\/wp-content\/uploads\/2023\/09\/Design-sans-titre-45.png","datePublished":"2024-04-09T12:32:12+00:00","dateModified":"2024-08-08T11:54:46+00:00","breadcrumb":{"@id":"https:\/\/prixgro.com\/product\/osmo-soft-cicatrisant-4-en-1-sachet-14g-cooper\/#breadcrumb"},"inLanguage":"ar","potentialAction":[{"@type":"ReadAction","target":["https:\/\/prixgro.com\/product\/osmo-soft-cicatrisant-4-en-1-sachet-14g-cooper\/"]}]},{"@type":"ImageObject","inLanguage":"ar","@id":"https:\/\/prixgro.com\/product\/osmo-soft-cicatrisant-4-en-1-sachet-14g-cooper\/#primaryimage","url":"https:\/\/prixgro.com\/wp-content\/uploads\/2023\/09\/Design-sans-titre-45.png","contentUrl":"https:\/\/prixgro.com\/wp-content\/uploads\/2023\/09\/Design-sans-titre-45.png","width":540,"height":540},{"@type":"BreadcrumbList","@id":"https:\/\/prixgro.com\/product\/osmo-soft-cicatrisant-4-en-1-sachet-14g-cooper\/#breadcrumb","itemListElement":[{"@type":"ListItem","position":1,"name":"Accueil","item":"https:\/\/prixgro.com\/"},{"@type":"ListItem","position":2,"name":"Boutique en ligne","item":"https:\/\/prixgro.com\/shop\/"},{"@type":"ListItem","position":3,"name":"Osmo Soft Cicatrisant 4 en 1 Sachet 14g Cooper"}]},{"@type":"WebSite","@id":"https:\/\/prixgro.com\/#website","url":"https:\/\/prixgro.com\/","name":"Prixgro.com","description":"Para Pharmaceutique et Cosm\u00e9tique","publisher":{"@id":"https:\/\/prixgro.com\/#organization"},"potentialAction":[{"@type":"SearchAction","target":{"@type":"EntryPoint","urlTemplate":"https:\/\/prixgro.com\/?s={search_term_string}"},"query-input":{"@type":"PropertyValueSpecification","valueRequired":true,"valueName":"search_term_string"}}],"inLanguage":"ar"},{"@type":"Organization","@id":"https:\/\/prixgro.com\/#organization","name":"Prixgro","url":"https:\/\/prixgro.com\/","logo":{"@type":"ImageObject","inLanguage":"ar","@id":"https:\/\/prixgro.com\/#\/schema\/logo\/image\/","url":"https:\/\/prixgro.com\/wp-content\/uploads\/2024\/08\/cropped-Nouveau-projet-2.png","contentUrl":"https:\/\/prixgro.com\/wp-content\/uploads\/2024\/08\/cropped-Nouveau-projet-2.png","width":265,"height":62,"caption":"Prixgro"},"image":{"@id":"https:\/\/prixgro.com\/#\/schema\/logo\/image\/"},"sameAs":["https:\/\/www.facebook.com\/Pharmacima"]}]}},"_links":{"self":[{"href":"https:\/\/prixgro.com\/ar\/wp-json\/wp\/v2\/product\/142288","targetHints":{"allow":["GET"]}}],"collection":[{"href":"https:\/\/prixgro.com\/ar\/wp-json\/wp\/v2\/product"}],"about":[{"href":"https:\/\/prixgro.com\/ar\/wp-json\/wp\/v2\/types\/product"}],"replies":[{"embeddable":true,"href":"https:\/\/prixgro.com\/ar\/wp-json\/wp\/v2\/comments?post=142288"}],"wp:featuredmedia":[{"embeddable":true,"href":"https:\/\/prixgro.com\/ar\/wp-json\/wp\/v2\/media\/4166"}],"wp:attachment":[{"href":"https:\/\/prixgro.com\/ar\/wp-json\/wp\/v2\/media?parent=142288"}],"wp:term":[{"taxonomy":"product_cat","embeddable":true,"href":"https:\/\/prixgro.com\/ar\/wp-json\/wp\/v2\/product_cat?post=142288"},{"taxonomy":"product_tag","embeddable":true,"href":"https:\/\/prixgro.com\/ar\/wp-json\/wp\/v2\/product_tag?post=142288"},{"taxonomy":"berocket_brand","embeddable":true,"href":"https:\/\/prixgro.com\/ar\/wp-json\/wp\/v2\/berocket_brand?post=142288"}],"curies":[{"name":"wp","href":"https:\/\/api.w.org\/{rel}","templated":true}]}}