{"id":142291,"date":"2024-04-09T14:32:13","date_gmt":"2024-04-09T12:32:13","guid":{"rendered":"https:\/\/cloodmanager.net\/?post_type=product&#038;p=142291"},"modified":"2024-08-08T13:51:18","modified_gmt":"2024-08-08T11:51:18","slug":"nsleep-spray-15ml-phytoceutic","status":"publish","type":"product","link":"https:\/\/prixgro.com\/ar\/product\/nsleep-spray-15ml-phytoceutic\/","title":{"rendered":"N&#8217;Sleep Spray 15ml Phytoceutic"},"content":{"rendered":"<h2><strong>DESCRIPTION :<\/strong><\/h2>\n<p><span>La m\u00e9latonine est une hormone produite par notre corps principalement la nuit, nous aidant \u00e0 nous endormir.<\/span><br \/>\n<span>R\u00e9gule les cycles de sommeil en cas de d\u00e9placements ou de troubles du sommeil.<\/span><\/p>\n<p><span>Cette formule enrichie en 3 extraits v\u00e9g\u00e9taux (fleur d&#8217;oranger, m\u00e9lisse et camomille), vitamines B1 et B6, contribue au fonctionnement normal du syst\u00e8me nerveux.<\/span><\/p>\n<div id=\"description\">\n<div class=\"content_zone_desc tabcontent\">\n<div id=\"type_info_prio_11_1\"><span>Ce flacon permet une cure de 15 jours.<\/span><\/div>\n<\/div>\n<\/div>\n<div>\n<div class=\"bloc_depliable\">\n<h2 class=\"titre_zone_desc bloc_depliable_zone_click\"><strong>CONSEIL D&#8217;UTILISATION :\u00a0<\/strong><\/h2>\n<p><span>Sommeil : prendre 3 pulv\u00e9risations Spray n&#8217;Sleep jour dans la bouche 30 minutes avant le coucher.\u00a0<\/span><span>A titre indicatif, un minimum de 1 mg par jour de consommation est n\u00e9cessaire pour cet effet b\u00e9n\u00e9fique.\u00a0<\/span><\/p>\n<p><span>D\u00e9calage horaire : prendre 3 pulv\u00e9risations de Spray n&#8217;Sleep 30 minutes avant le coucher,\u00a0\u00a0<\/span><span>\u00a0le premier jour du voyage et les jours suivants le jour de l&#8217;arriv\u00e9e \u00e0 destination.\u00a0<\/span><span>A titre indicatif, un minimum de 0,5mg par jour de consommation est n\u00e9cessaire pour cet effet b\u00e9n\u00e9fique.<\/span><\/p>\n<h2><strong>COMPOSITION<\/strong> :<\/h2>\n<p>Hydrolat de fleur d&#8217;oranger, eau, glyc\u00e9rine, extrait aqueux de m\u00e9lisse, extrait aqueux de camomille, extrait aqueux de grande camomille, ar\u00f4me naturel de citron, m\u00e9latonine, vitamine B6, vitamine B1, conservateurs : sorbate de potassium, benzoate de sodium, acide citrique.<\/p>\n<\/div>\n<\/div>","protected":false},"excerpt":{"rendered":"<h3><em><strong>favoriser l&#8217;endormissement.\u00a0Il agit \u00e9galement en 30 minutes.<\/strong><\/em><\/h3>\n<p><strong>Contenance : 15ml<\/strong><\/p>","protected":false},"featured_media":4169,"comment_status":"open","ping_status":"closed","template":"","meta":[],"product_cat":[64,17],"product_tag":[610,502,511,445],"berocket_brand":[],"class_list":{"0":"post-142291","1":"product","2":"type-product","3":"status-publish","4":"has-post-thumbnail","6":"product_cat-corps","7":"product_cat-soin-et-bien-etre","8":"product_tag-acide-citrique-2","9":"product_tag-benzoate-de-sodium-2","10":"product_tag-camomille-2","11":"product_tag-favorise-le-sommeil-2","13":"first","14":"outofstock","15":"shipping-taxable","16":"purchasable","17":"product-type-simple"},"yoast_head":"<!-- This site is optimized with the Yoast SEO plugin v24.8 - https:\/\/yoast.com\/wordpress\/plugins\/seo\/ -->\n<title>N&#8217;Sleep Spray 15ml Phytoceutic - Prixgro<\/title>\n<meta name=\"robots\" content=\"index, follow, max-snippet:-1, max-image-preview:large, max-video-preview:-1\" \/>\n<link rel=\"canonical\" href=\"https:\/\/prixgro.com\/ar\/product\/nsleep-spray-15ml-phytoceutic\/\" \/>\n<meta property=\"og:locale\" content=\"ar_AR\" \/>\n<meta property=\"og:type\" content=\"article\" \/>\n<meta property=\"og:title\" content=\"N&#8217;Sleep Spray 15ml Phytoceutic - Prixgro\" \/>\n<meta property=\"og:description\" content=\"favoriser l&#039;endormissement.\u00a0Il agit \u00e9galement en 30 minutes. Contenance : 15ml\" \/>\n<meta property=\"og:url\" content=\"https:\/\/prixgro.com\/ar\/product\/nsleep-spray-15ml-phytoceutic\/\" \/>\n<meta property=\"og:site_name\" content=\"Prixgro\" \/>\n<meta property=\"article:publisher\" content=\"https:\/\/www.facebook.com\/Pharmacima\" \/>\n<meta property=\"article:modified_time\" content=\"2024-08-08T11:51:18+00:00\" \/>\n<meta property=\"og:image\" content=\"https:\/\/prixgro.com\/wp-content\/uploads\/2023\/09\/124586-e1690971983464.jpg\" \/>\n\t<meta property=\"og:image:width\" content=\"450\" \/>\n\t<meta property=\"og:image:height\" content=\"450\" \/>\n\t<meta property=\"og:image:type\" content=\"image\/jpeg\" \/>\n<meta name=\"twitter:card\" content=\"summary_large_image\" \/>\n<meta name=\"twitter:label1\" content=\"\u0648\u0642\u062a \u0627\u0644\u0642\u0631\u0627\u0621\u0629 \u0627\u0644\u0645\u064f\u0642\u062f\u0651\u0631\" \/>\n\t<meta name=\"twitter:data1\" content=\"\u062f\u0642\u064a\u0642\u0629 \u0648\u0627\u062d\u062f\u0629\" \/>\n<script type=\"application\/ld+json\" class=\"yoast-schema-graph\">{\"@context\":\"https:\/\/schema.org\",\"@graph\":[{\"@type\":\"WebPage\",\"@id\":\"https:\/\/prixgro.com\/product\/nsleep-spray-15ml-phytoceutic\/\",\"url\":\"https:\/\/prixgro.com\/product\/nsleep-spray-15ml-phytoceutic\/\",\"name\":\"N&#8217;Sleep Spray 15ml Phytoceutic - Prixgro\",\"isPartOf\":{\"@id\":\"https:\/\/prixgro.com\/#website\"},\"primaryImageOfPage\":{\"@id\":\"https:\/\/prixgro.com\/product\/nsleep-spray-15ml-phytoceutic\/#primaryimage\"},\"image\":{\"@id\":\"https:\/\/prixgro.com\/product\/nsleep-spray-15ml-phytoceutic\/#primaryimage\"},\"thumbnailUrl\":\"https:\/\/prixgro.com\/wp-content\/uploads\/2023\/09\/124586-e1690971983464.jpg\",\"datePublished\":\"2024-04-09T12:32:13+00:00\",\"dateModified\":\"2024-08-08T11:51:18+00:00\",\"breadcrumb\":{\"@id\":\"https:\/\/prixgro.com\/product\/nsleep-spray-15ml-phytoceutic\/#breadcrumb\"},\"inLanguage\":\"ar\",\"potentialAction\":[{\"@type\":\"ReadAction\",\"target\":[\"https:\/\/prixgro.com\/product\/nsleep-spray-15ml-phytoceutic\/\"]}]},{\"@type\":\"ImageObject\",\"inLanguage\":\"ar\",\"@id\":\"https:\/\/prixgro.com\/product\/nsleep-spray-15ml-phytoceutic\/#primaryimage\",\"url\":\"https:\/\/prixgro.com\/wp-content\/uploads\/2023\/09\/124586-e1690971983464.jpg\",\"contentUrl\":\"https:\/\/prixgro.com\/wp-content\/uploads\/2023\/09\/124586-e1690971983464.jpg\",\"width\":450,\"height\":450},{\"@type\":\"BreadcrumbList\",\"@id\":\"https:\/\/prixgro.com\/product\/nsleep-spray-15ml-phytoceutic\/#breadcrumb\",\"itemListElement\":[{\"@type\":\"ListItem\",\"position\":1,\"name\":\"Accueil\",\"item\":\"https:\/\/prixgro.com\/\"},{\"@type\":\"ListItem\",\"position\":2,\"name\":\"Boutique en ligne\",\"item\":\"https:\/\/prixgro.com\/shop\/\"},{\"@type\":\"ListItem\",\"position\":3,\"name\":\"N&#8217;Sleep Spray 15ml Phytoceutic\"}]},{\"@type\":\"WebSite\",\"@id\":\"https:\/\/prixgro.com\/#website\",\"url\":\"https:\/\/prixgro.com\/\",\"name\":\"Prixgro.com\",\"description\":\"Para Pharmaceutique et Cosm\u00e9tique\",\"publisher\":{\"@id\":\"https:\/\/prixgro.com\/#organization\"},\"potentialAction\":[{\"@type\":\"SearchAction\",\"target\":{\"@type\":\"EntryPoint\",\"urlTemplate\":\"https:\/\/prixgro.com\/?s={search_term_string}\"},\"query-input\":{\"@type\":\"PropertyValueSpecification\",\"valueRequired\":true,\"valueName\":\"search_term_string\"}}],\"inLanguage\":\"ar\"},{\"@type\":\"Organization\",\"@id\":\"https:\/\/prixgro.com\/#organization\",\"name\":\"Prixgro\",\"url\":\"https:\/\/prixgro.com\/\",\"logo\":{\"@type\":\"ImageObject\",\"inLanguage\":\"ar\",\"@id\":\"https:\/\/prixgro.com\/#\/schema\/logo\/image\/\",\"url\":\"https:\/\/prixgro.com\/wp-content\/uploads\/2024\/08\/cropped-Nouveau-projet-2.png\",\"contentUrl\":\"https:\/\/prixgro.com\/wp-content\/uploads\/2024\/08\/cropped-Nouveau-projet-2.png\",\"width\":265,\"height\":62,\"caption\":\"Prixgro\"},\"image\":{\"@id\":\"https:\/\/prixgro.com\/#\/schema\/logo\/image\/\"},\"sameAs\":[\"https:\/\/www.facebook.com\/Pharmacima\"]}]}<\/script>\n<!-- \/ Yoast SEO plugin. -->","yoast_head_json":{"title":"N&#8217;Sleep Spray 15ml Phytoceutic - Prixgro","robots":{"index":"index","follow":"follow","max-snippet":"max-snippet:-1","max-image-preview":"max-image-preview:large","max-video-preview":"max-video-preview:-1"},"canonical":"https:\/\/prixgro.com\/ar\/product\/nsleep-spray-15ml-phytoceutic\/","og_locale":"ar_AR","og_type":"article","og_title":"N&#8217;Sleep Spray 15ml Phytoceutic - Prixgro","og_description":"favoriser l'endormissement.\u00a0Il agit \u00e9galement en 30 minutes. Contenance : 15ml","og_url":"https:\/\/prixgro.com\/ar\/product\/nsleep-spray-15ml-phytoceutic\/","og_site_name":"Prixgro","article_publisher":"https:\/\/www.facebook.com\/Pharmacima","article_modified_time":"2024-08-08T11:51:18+00:00","og_image":[{"width":450,"height":450,"url":"https:\/\/prixgro.com\/wp-content\/uploads\/2023\/09\/124586-e1690971983464.jpg","type":"image\/jpeg"}],"twitter_card":"summary_large_image","twitter_misc":{"\u0648\u0642\u062a \u0627\u0644\u0642\u0631\u0627\u0621\u0629 \u0627\u0644\u0645\u064f\u0642\u062f\u0651\u0631":"\u062f\u0642\u064a\u0642\u0629 \u0648\u0627\u062d\u062f\u0629"},"schema":{"@context":"https:\/\/schema.org","@graph":[{"@type":"WebPage","@id":"https:\/\/prixgro.com\/product\/nsleep-spray-15ml-phytoceutic\/","url":"https:\/\/prixgro.com\/product\/nsleep-spray-15ml-phytoceutic\/","name":"N&#8217;Sleep Spray 15ml Phytoceutic - Prixgro","isPartOf":{"@id":"https:\/\/prixgro.com\/#website"},"primaryImageOfPage":{"@id":"https:\/\/prixgro.com\/product\/nsleep-spray-15ml-phytoceutic\/#primaryimage"},"image":{"@id":"https:\/\/prixgro.com\/product\/nsleep-spray-15ml-phytoceutic\/#primaryimage"},"thumbnailUrl":"https:\/\/prixgro.com\/wp-content\/uploads\/2023\/09\/124586-e1690971983464.jpg","datePublished":"2024-04-09T12:32:13+00:00","dateModified":"2024-08-08T11:51:18+00:00","breadcrumb":{"@id":"https:\/\/prixgro.com\/product\/nsleep-spray-15ml-phytoceutic\/#breadcrumb"},"inLanguage":"ar","potentialAction":[{"@type":"ReadAction","target":["https:\/\/prixgro.com\/product\/nsleep-spray-15ml-phytoceutic\/"]}]},{"@type":"ImageObject","inLanguage":"ar","@id":"https:\/\/prixgro.com\/product\/nsleep-spray-15ml-phytoceutic\/#primaryimage","url":"https:\/\/prixgro.com\/wp-content\/uploads\/2023\/09\/124586-e1690971983464.jpg","contentUrl":"https:\/\/prixgro.com\/wp-content\/uploads\/2023\/09\/124586-e1690971983464.jpg","width":450,"height":450},{"@type":"BreadcrumbList","@id":"https:\/\/prixgro.com\/product\/nsleep-spray-15ml-phytoceutic\/#breadcrumb","itemListElement":[{"@type":"ListItem","position":1,"name":"Accueil","item":"https:\/\/prixgro.com\/"},{"@type":"ListItem","position":2,"name":"Boutique en ligne","item":"https:\/\/prixgro.com\/shop\/"},{"@type":"ListItem","position":3,"name":"N&#8217;Sleep Spray 15ml Phytoceutic"}]},{"@type":"WebSite","@id":"https:\/\/prixgro.com\/#website","url":"https:\/\/prixgro.com\/","name":"Prixgro.com","description":"Para Pharmaceutique et Cosm\u00e9tique","publisher":{"@id":"https:\/\/prixgro.com\/#organization"},"potentialAction":[{"@type":"SearchAction","target":{"@type":"EntryPoint","urlTemplate":"https:\/\/prixgro.com\/?s={search_term_string}"},"query-input":{"@type":"PropertyValueSpecification","valueRequired":true,"valueName":"search_term_string"}}],"inLanguage":"ar"},{"@type":"Organization","@id":"https:\/\/prixgro.com\/#organization","name":"Prixgro","url":"https:\/\/prixgro.com\/","logo":{"@type":"ImageObject","inLanguage":"ar","@id":"https:\/\/prixgro.com\/#\/schema\/logo\/image\/","url":"https:\/\/prixgro.com\/wp-content\/uploads\/2024\/08\/cropped-Nouveau-projet-2.png","contentUrl":"https:\/\/prixgro.com\/wp-content\/uploads\/2024\/08\/cropped-Nouveau-projet-2.png","width":265,"height":62,"caption":"Prixgro"},"image":{"@id":"https:\/\/prixgro.com\/#\/schema\/logo\/image\/"},"sameAs":["https:\/\/www.facebook.com\/Pharmacima"]}]}},"_links":{"self":[{"href":"https:\/\/prixgro.com\/ar\/wp-json\/wp\/v2\/product\/142291","targetHints":{"allow":["GET"]}}],"collection":[{"href":"https:\/\/prixgro.com\/ar\/wp-json\/wp\/v2\/product"}],"about":[{"href":"https:\/\/prixgro.com\/ar\/wp-json\/wp\/v2\/types\/product"}],"replies":[{"embeddable":true,"href":"https:\/\/prixgro.com\/ar\/wp-json\/wp\/v2\/comments?post=142291"}],"wp:featuredmedia":[{"embeddable":true,"href":"https:\/\/prixgro.com\/ar\/wp-json\/wp\/v2\/media\/4169"}],"wp:attachment":[{"href":"https:\/\/prixgro.com\/ar\/wp-json\/wp\/v2\/media?parent=142291"}],"wp:term":[{"taxonomy":"product_cat","embeddable":true,"href":"https:\/\/prixgro.com\/ar\/wp-json\/wp\/v2\/product_cat?post=142291"},{"taxonomy":"product_tag","embeddable":true,"href":"https:\/\/prixgro.com\/ar\/wp-json\/wp\/v2\/product_tag?post=142291"},{"taxonomy":"berocket_brand","embeddable":true,"href":"https:\/\/prixgro.com\/ar\/wp-json\/wp\/v2\/berocket_brand?post=142291"}],"curies":[{"name":"wp","href":"https:\/\/api.w.org\/{rel}","templated":true}]}}