{"id":142293,"date":"2024-04-09T14:32:13","date_gmt":"2024-04-09T12:32:13","guid":{"rendered":"https:\/\/cloodmanager.net\/?post_type=product&#038;p=142293"},"modified":"2024-04-09T16:01:26","modified_gmt":"2024-04-09T14:01:26","slug":"shine-bright-pack-routine-capillaire-olaplex","status":"publish","type":"product","link":"https:\/\/prixgro.com\/ar\/product\/shine-bright-pack-routine-capillaire-olaplex\/","title":{"rendered":"Shine Bright Pack Routine Capillaire Olaplex"},"content":{"rendered":"<h2><strong>DESCRIPTION :<\/strong><\/h2>\n<p>Traitez vos cheveux avec le kit Olaplex Healthy Hair Essentials. La collection en quatre \u00e9tapes propose une routine de soins capillaires compl\u00e8te, optimis\u00e9e par la technologie brevet\u00e9e de cr\u00e9ation de liens de la marque, pour favoriser des cheveux plus forts et plus sains.<\/p>\n<p>Le kit contient :<\/p>\n<p><strong>No.3<\/strong> Hair Perfector\u00ae 100 ml \u2013 traitement revitalisant hebdomadaire pour r\u00e9parer les cheveux ab\u00eem\u00e9s et les prot\u00e9ger des futures cassures.<\/p>\n<blockquote class=\"wp-embedded-content\" data-secret=\"gjaFNm4Inz\"><p><a href=\"https:\/\/pharmacima.com\/product\/n3-soin-perfecteur-de-cheveux-100-ml-olaplex\/\">N\u00b03 Soin Perfecteur de Cheveux 100ml Olaplex<\/a><\/p><\/blockquote>\n<p><iframe class=\"wp-embedded-content\" sandbox=\"allow-scripts\" security=\"restricted\" style=\"position: absolute; clip: rect(1px, 1px, 1px, 1px);\" title=\"\u00ab\u00a0N\u00b03 Soin Perfecteur de Cheveux 100ml Olaplex\u00a0\u00bb &#8212; Pharmacima - Alg\u00e9rie\" src=\"https:\/\/pharmacima.com\/product\/n3-soin-perfecteur-de-cheveux-100-ml-olaplex\/embed\/#?secret=TrYFwPHgLx#?secret=gjaFNm4Inz\" data-secret=\"gjaFNm4Inz\" width=\"500\" height=\"282\" frameborder=\"0\" marginwidth=\"0\" marginheight=\"0\" scrolling=\"no\"><\/iframe><\/p>\n<p><strong>No.4<\/strong> Bond Maintenance Shampoo 100 ml \u2013 Un shampooing doux qui nettoie et hydrate les cheveux, r\u00e9siste \u00e0 la d\u00e9coloration, laissant vos cheveux rafra\u00eechis et brillants.<\/p>\n<blockquote class=\"wp-embedded-content\" data-secret=\"jAiMekROGn\"><p><a href=\"https:\/\/pharmacima.com\/product\/n4-shampoing-bond-maintenance-100ml-olaplex\/\">N\u00b04 Shampoing Bond Maintenance 100ml OLAPLEX<\/a><\/p><\/blockquote>\n<p><iframe class=\"wp-embedded-content\" sandbox=\"allow-scripts\" security=\"restricted\" style=\"position: absolute; clip: rect(1px, 1px, 1px, 1px);\" title=\"\u00ab\u00a0N\u00b04 Shampoing Bond Maintenance 100ml OLAPLEX\u00a0\u00bb &#8212; Pharmacima - Alg\u00e9rie\" src=\"https:\/\/pharmacima.com\/product\/n4-shampoing-bond-maintenance-100ml-olaplex\/embed\/#?secret=nqGcghSN42#?secret=jAiMekROGn\" data-secret=\"jAiMekROGn\" width=\"500\" height=\"282\" frameborder=\"0\" marginwidth=\"0\" marginheight=\"0\" scrolling=\"no\"><\/iframe><\/p>\n<p><strong>No.5<\/strong> Bond Maintenance Conditioner 100ml &#8211; Un conditionneur hydratant ciblant les frisottis, les pointes fourchues et les cassures caus\u00e9es par la coloration fr\u00e9quente, la d\u00e9coloration, les traitements chimiques et le coiffage \u00e0 la chaleur. Il aide \u00e0 renforcer les cheveux ab\u00eem\u00e9s et \u00e0 am\u00e9liorer leur \u00e9clat.<\/p>\n<blockquote class=\"wp-embedded-content\" data-secret=\"duELsQNl23\"><p><a href=\"https:\/\/pharmacima.com\/product\/n5-apres-shampoing-bond-maintenance-100ml-olaplex\/\">N\u00b05 Apres Shampoing Bond Maintenance 100ml Olaplex<\/a><\/p><\/blockquote>\n<p><iframe class=\"wp-embedded-content\" sandbox=\"allow-scripts\" security=\"restricted\" style=\"position: absolute; clip: rect(1px, 1px, 1px, 1px);\" title=\"\u00ab\u00a0N\u00b05 Apres Shampoing Bond Maintenance 100ml Olaplex\u00a0\u00bb &#8212; Pharmacima - Alg\u00e9rie\" src=\"https:\/\/pharmacima.com\/product\/n5-apres-shampoing-bond-maintenance-100ml-olaplex\/embed\/#?secret=8Wna8FnyTL#?secret=duELsQNl23\" data-secret=\"duELsQNl23\" width=\"500\" height=\"282\" frameborder=\"0\" marginwidth=\"0\" marginheight=\"0\" scrolling=\"no\"><\/iframe><\/p>\n<p><strong>No.7<\/strong> Bonding Oil 30ml &#8211; Une huile capillaire nourrissante con\u00e7ue pour \u00eatre utilis\u00e9e pendant le coiffage pour aider \u00e0 dompter les frisottis, ajouter de la brillance et prot\u00e9ger les cheveux des dommages caus\u00e9s par la chaleur.<\/p>\n<blockquote class=\"wp-embedded-content\" data-secret=\"h8pg01gbuZ\"><p><a href=\"https:\/\/pharmacima.com\/product\/n7-huile-concentree-reparatrice-30ml-olaplex\/\">N\u00b07 Huile Concentree Reparatrice 30ml Olaplex<\/a><\/p><\/blockquote>\n<p><iframe class=\"wp-embedded-content\" sandbox=\"allow-scripts\" security=\"restricted\" style=\"position: absolute; clip: rect(1px, 1px, 1px, 1px);\" title=\"\u00ab\u00a0N\u00b07 Huile Concentree Reparatrice 30ml Olaplex\u00a0\u00bb &#8212; Pharmacima - Alg\u00e9rie\" src=\"https:\/\/pharmacima.com\/product\/n7-huile-concentree-reparatrice-30ml-olaplex\/embed\/#?secret=WWqSQGo0oC#?secret=h8pg01gbuZ\" data-secret=\"h8pg01gbuZ\" width=\"500\" height=\"282\" frameborder=\"0\" marginwidth=\"0\" marginheight=\"0\" scrolling=\"no\"><\/iframe><\/p>","protected":false},"excerpt":{"rendered":"<h3><em><strong><span style=\"color: #ff0000;\">La collection en quatre \u00e9tapes propose une routine de soins capillaires compl\u00e8te.<\/span><\/strong><\/em><\/h3>\n<h3><strong><span style=\"color: #ff0000;\">\u00a0<\/span><\/strong><\/h3>","protected":false},"featured_media":4178,"comment_status":"open","ping_status":"closed","template":"","meta":[],"product_cat":[126,17],"product_tag":[],"berocket_brand":[466],"class_list":{"0":"post-142293","1":"product","2":"type-product","3":"status-publish","4":"has-post-thumbnail","6":"product_cat-cheveux","7":"product_cat-soin-et-bien-etre","8":"berocket_brand-olaplex","10":"first","11":"outofstock","12":"shipping-taxable","13":"purchasable","14":"product-type-simple"},"yoast_head":"<!-- This site is optimized with the Yoast SEO plugin v24.8 - https:\/\/yoast.com\/wordpress\/plugins\/seo\/ -->\n<title>Shine Bright Pack Routine Capillaire Olaplex - Prixgro<\/title>\n<meta name=\"robots\" content=\"index, follow, max-snippet:-1, max-image-preview:large, max-video-preview:-1\" \/>\n<link rel=\"canonical\" href=\"https:\/\/prixgro.com\/ar\/product\/shine-bright-pack-routine-capillaire-olaplex\/\" \/>\n<meta property=\"og:locale\" content=\"ar_AR\" \/>\n<meta property=\"og:type\" content=\"article\" \/>\n<meta property=\"og:title\" content=\"Shine Bright Pack Routine Capillaire Olaplex - Prixgro\" \/>\n<meta property=\"og:description\" content=\"La collection en quatre \u00e9tapes propose une routine de soins capillaires compl\u00e8te. \u00a0\" \/>\n<meta property=\"og:url\" content=\"https:\/\/prixgro.com\/ar\/product\/shine-bright-pack-routine-capillaire-olaplex\/\" \/>\n<meta property=\"og:site_name\" content=\"Prixgro\" \/>\n<meta property=\"article:publisher\" content=\"https:\/\/www.facebook.com\/Pharmacima\" \/>\n<meta property=\"article:modified_time\" content=\"2024-04-09T14:01:26+00:00\" \/>\n<meta property=\"og:image\" content=\"https:\/\/prixgro.com\/wp-content\/uploads\/2023\/09\/olaplex-gift-sets-at-melanir-richards-hair-and-beauty-salon-in-peterborough-e1691318835843.jpg\" \/>\n\t<meta property=\"og:image:width\" content=\"700\" \/>\n\t<meta property=\"og:image:height\" content=\"700\" \/>\n\t<meta property=\"og:image:type\" content=\"image\/jpeg\" \/>\n<meta name=\"twitter:card\" content=\"summary_large_image\" \/>\n<meta name=\"twitter:label1\" content=\"\u0648\u0642\u062a \u0627\u0644\u0642\u0631\u0627\u0621\u0629 \u0627\u0644\u0645\u064f\u0642\u062f\u0651\u0631\" \/>\n\t<meta name=\"twitter:data1\" content=\"\u062f\u0642\u064a\u0642\u0629 \u0648\u0627\u062d\u062f\u0629\" \/>\n<script type=\"application\/ld+json\" class=\"yoast-schema-graph\">{\"@context\":\"https:\/\/schema.org\",\"@graph\":[{\"@type\":\"WebPage\",\"@id\":\"https:\/\/prixgro.com\/product\/shine-bright-pack-routine-capillaire-olaplex\/\",\"url\":\"https:\/\/prixgro.com\/product\/shine-bright-pack-routine-capillaire-olaplex\/\",\"name\":\"Shine Bright Pack Routine Capillaire Olaplex - Prixgro\",\"isPartOf\":{\"@id\":\"https:\/\/prixgro.com\/#website\"},\"primaryImageOfPage\":{\"@id\":\"https:\/\/prixgro.com\/product\/shine-bright-pack-routine-capillaire-olaplex\/#primaryimage\"},\"image\":{\"@id\":\"https:\/\/prixgro.com\/product\/shine-bright-pack-routine-capillaire-olaplex\/#primaryimage\"},\"thumbnailUrl\":\"https:\/\/prixgro.com\/wp-content\/uploads\/2023\/09\/olaplex-gift-sets-at-melanir-richards-hair-and-beauty-salon-in-peterborough-e1691318835843.jpg\",\"datePublished\":\"2024-04-09T12:32:13+00:00\",\"dateModified\":\"2024-04-09T14:01:26+00:00\",\"breadcrumb\":{\"@id\":\"https:\/\/prixgro.com\/product\/shine-bright-pack-routine-capillaire-olaplex\/#breadcrumb\"},\"inLanguage\":\"ar\",\"potentialAction\":[{\"@type\":\"ReadAction\",\"target\":[\"https:\/\/prixgro.com\/product\/shine-bright-pack-routine-capillaire-olaplex\/\"]}]},{\"@type\":\"ImageObject\",\"inLanguage\":\"ar\",\"@id\":\"https:\/\/prixgro.com\/product\/shine-bright-pack-routine-capillaire-olaplex\/#primaryimage\",\"url\":\"https:\/\/prixgro.com\/wp-content\/uploads\/2023\/09\/olaplex-gift-sets-at-melanir-richards-hair-and-beauty-salon-in-peterborough-e1691318835843.jpg\",\"contentUrl\":\"https:\/\/prixgro.com\/wp-content\/uploads\/2023\/09\/olaplex-gift-sets-at-melanir-richards-hair-and-beauty-salon-in-peterborough-e1691318835843.jpg\",\"width\":700,\"height\":700},{\"@type\":\"BreadcrumbList\",\"@id\":\"https:\/\/prixgro.com\/product\/shine-bright-pack-routine-capillaire-olaplex\/#breadcrumb\",\"itemListElement\":[{\"@type\":\"ListItem\",\"position\":1,\"name\":\"Accueil\",\"item\":\"https:\/\/prixgro.com\/\"},{\"@type\":\"ListItem\",\"position\":2,\"name\":\"Boutique en ligne\",\"item\":\"https:\/\/prixgro.com\/shop\/\"},{\"@type\":\"ListItem\",\"position\":3,\"name\":\"Shine Bright Pack Routine Capillaire Olaplex\"}]},{\"@type\":\"WebSite\",\"@id\":\"https:\/\/prixgro.com\/#website\",\"url\":\"https:\/\/prixgro.com\/\",\"name\":\"Prixgro.com\",\"description\":\"Para Pharmaceutique et Cosm\u00e9tique\",\"publisher\":{\"@id\":\"https:\/\/prixgro.com\/#organization\"},\"potentialAction\":[{\"@type\":\"SearchAction\",\"target\":{\"@type\":\"EntryPoint\",\"urlTemplate\":\"https:\/\/prixgro.com\/?s={search_term_string}\"},\"query-input\":{\"@type\":\"PropertyValueSpecification\",\"valueRequired\":true,\"valueName\":\"search_term_string\"}}],\"inLanguage\":\"ar\"},{\"@type\":\"Organization\",\"@id\":\"https:\/\/prixgro.com\/#organization\",\"name\":\"Prixgro\",\"url\":\"https:\/\/prixgro.com\/\",\"logo\":{\"@type\":\"ImageObject\",\"inLanguage\":\"ar\",\"@id\":\"https:\/\/prixgro.com\/#\/schema\/logo\/image\/\",\"url\":\"https:\/\/prixgro.com\/wp-content\/uploads\/2024\/08\/cropped-Nouveau-projet-2.png\",\"contentUrl\":\"https:\/\/prixgro.com\/wp-content\/uploads\/2024\/08\/cropped-Nouveau-projet-2.png\",\"width\":265,\"height\":62,\"caption\":\"Prixgro\"},\"image\":{\"@id\":\"https:\/\/prixgro.com\/#\/schema\/logo\/image\/\"},\"sameAs\":[\"https:\/\/www.facebook.com\/Pharmacima\"]}]}<\/script>\n<!-- \/ Yoast SEO plugin. -->","yoast_head_json":{"title":"Shine Bright Pack Routine Capillaire Olaplex - Prixgro","robots":{"index":"index","follow":"follow","max-snippet":"max-snippet:-1","max-image-preview":"max-image-preview:large","max-video-preview":"max-video-preview:-1"},"canonical":"https:\/\/prixgro.com\/ar\/product\/shine-bright-pack-routine-capillaire-olaplex\/","og_locale":"ar_AR","og_type":"article","og_title":"Shine Bright Pack Routine Capillaire Olaplex - Prixgro","og_description":"La collection en quatre \u00e9tapes propose une routine de soins capillaires compl\u00e8te. \u00a0","og_url":"https:\/\/prixgro.com\/ar\/product\/shine-bright-pack-routine-capillaire-olaplex\/","og_site_name":"Prixgro","article_publisher":"https:\/\/www.facebook.com\/Pharmacima","article_modified_time":"2024-04-09T14:01:26+00:00","og_image":[{"width":700,"height":700,"url":"https:\/\/prixgro.com\/wp-content\/uploads\/2023\/09\/olaplex-gift-sets-at-melanir-richards-hair-and-beauty-salon-in-peterborough-e1691318835843.jpg","type":"image\/jpeg"}],"twitter_card":"summary_large_image","twitter_misc":{"\u0648\u0642\u062a \u0627\u0644\u0642\u0631\u0627\u0621\u0629 \u0627\u0644\u0645\u064f\u0642\u062f\u0651\u0631":"\u062f\u0642\u064a\u0642\u0629 \u0648\u0627\u062d\u062f\u0629"},"schema":{"@context":"https:\/\/schema.org","@graph":[{"@type":"WebPage","@id":"https:\/\/prixgro.com\/product\/shine-bright-pack-routine-capillaire-olaplex\/","url":"https:\/\/prixgro.com\/product\/shine-bright-pack-routine-capillaire-olaplex\/","name":"Shine Bright Pack Routine Capillaire Olaplex - Prixgro","isPartOf":{"@id":"https:\/\/prixgro.com\/#website"},"primaryImageOfPage":{"@id":"https:\/\/prixgro.com\/product\/shine-bright-pack-routine-capillaire-olaplex\/#primaryimage"},"image":{"@id":"https:\/\/prixgro.com\/product\/shine-bright-pack-routine-capillaire-olaplex\/#primaryimage"},"thumbnailUrl":"https:\/\/prixgro.com\/wp-content\/uploads\/2023\/09\/olaplex-gift-sets-at-melanir-richards-hair-and-beauty-salon-in-peterborough-e1691318835843.jpg","datePublished":"2024-04-09T12:32:13+00:00","dateModified":"2024-04-09T14:01:26+00:00","breadcrumb":{"@id":"https:\/\/prixgro.com\/product\/shine-bright-pack-routine-capillaire-olaplex\/#breadcrumb"},"inLanguage":"ar","potentialAction":[{"@type":"ReadAction","target":["https:\/\/prixgro.com\/product\/shine-bright-pack-routine-capillaire-olaplex\/"]}]},{"@type":"ImageObject","inLanguage":"ar","@id":"https:\/\/prixgro.com\/product\/shine-bright-pack-routine-capillaire-olaplex\/#primaryimage","url":"https:\/\/prixgro.com\/wp-content\/uploads\/2023\/09\/olaplex-gift-sets-at-melanir-richards-hair-and-beauty-salon-in-peterborough-e1691318835843.jpg","contentUrl":"https:\/\/prixgro.com\/wp-content\/uploads\/2023\/09\/olaplex-gift-sets-at-melanir-richards-hair-and-beauty-salon-in-peterborough-e1691318835843.jpg","width":700,"height":700},{"@type":"BreadcrumbList","@id":"https:\/\/prixgro.com\/product\/shine-bright-pack-routine-capillaire-olaplex\/#breadcrumb","itemListElement":[{"@type":"ListItem","position":1,"name":"Accueil","item":"https:\/\/prixgro.com\/"},{"@type":"ListItem","position":2,"name":"Boutique en ligne","item":"https:\/\/prixgro.com\/shop\/"},{"@type":"ListItem","position":3,"name":"Shine Bright Pack Routine Capillaire Olaplex"}]},{"@type":"WebSite","@id":"https:\/\/prixgro.com\/#website","url":"https:\/\/prixgro.com\/","name":"Prixgro.com","description":"Para Pharmaceutique et Cosm\u00e9tique","publisher":{"@id":"https:\/\/prixgro.com\/#organization"},"potentialAction":[{"@type":"SearchAction","target":{"@type":"EntryPoint","urlTemplate":"https:\/\/prixgro.com\/?s={search_term_string}"},"query-input":{"@type":"PropertyValueSpecification","valueRequired":true,"valueName":"search_term_string"}}],"inLanguage":"ar"},{"@type":"Organization","@id":"https:\/\/prixgro.com\/#organization","name":"Prixgro","url":"https:\/\/prixgro.com\/","logo":{"@type":"ImageObject","inLanguage":"ar","@id":"https:\/\/prixgro.com\/#\/schema\/logo\/image\/","url":"https:\/\/prixgro.com\/wp-content\/uploads\/2024\/08\/cropped-Nouveau-projet-2.png","contentUrl":"https:\/\/prixgro.com\/wp-content\/uploads\/2024\/08\/cropped-Nouveau-projet-2.png","width":265,"height":62,"caption":"Prixgro"},"image":{"@id":"https:\/\/prixgro.com\/#\/schema\/logo\/image\/"},"sameAs":["https:\/\/www.facebook.com\/Pharmacima"]}]}},"_links":{"self":[{"href":"https:\/\/prixgro.com\/ar\/wp-json\/wp\/v2\/product\/142293","targetHints":{"allow":["GET"]}}],"collection":[{"href":"https:\/\/prixgro.com\/ar\/wp-json\/wp\/v2\/product"}],"about":[{"href":"https:\/\/prixgro.com\/ar\/wp-json\/wp\/v2\/types\/product"}],"replies":[{"embeddable":true,"href":"https:\/\/prixgro.com\/ar\/wp-json\/wp\/v2\/comments?post=142293"}],"wp:featuredmedia":[{"embeddable":true,"href":"https:\/\/prixgro.com\/ar\/wp-json\/wp\/v2\/media\/4178"}],"wp:attachment":[{"href":"https:\/\/prixgro.com\/ar\/wp-json\/wp\/v2\/media?parent=142293"}],"wp:term":[{"taxonomy":"product_cat","embeddable":true,"href":"https:\/\/prixgro.com\/ar\/wp-json\/wp\/v2\/product_cat?post=142293"},{"taxonomy":"product_tag","embeddable":true,"href":"https:\/\/prixgro.com\/ar\/wp-json\/wp\/v2\/product_tag?post=142293"},{"taxonomy":"berocket_brand","embeddable":true,"href":"https:\/\/prixgro.com\/ar\/wp-json\/wp\/v2\/berocket_brand?post=142293"}],"curies":[{"name":"wp","href":"https:\/\/api.w.org\/{rel}","templated":true}]}}