{"id":142297,"date":"2024-04-09T14:32:13","date_gmt":"2024-04-09T12:32:13","guid":{"rendered":"https:\/\/cloodmanager.net\/?post_type=product&#038;p=142297"},"modified":"2024-08-08T13:51:00","modified_gmt":"2024-08-08T11:51:00","slug":"rouge-a-levres-mat-lingerie-xxl03-nyx","status":"publish","type":"product","link":"https:\/\/prixgro.com\/ar\/product\/rouge-a-levres-mat-lingerie-xxl03-nyx\/","title":{"rendered":"Rouge a levres mat lingerie XXL03 NYX"},"content":{"rendered":"<p><strong>Description :\u00a0<\/strong><\/p>\n<p>D\u00e9couvrez le premier rouge \u00e0 l\u00e8vres liquide sculptant : un rouge \u00e0 l\u00e8vres Lip Lingerie tr\u00e8s longue tenue ! Le rouge \u00e0 l\u00e8vres liquide dont vos l\u00e8vres ont toujours r\u00eav\u00e9.<\/p>\n<p>Des l\u00e8vres mattes, douces et pulpeuses : Dessinez vos l\u00e8vres et accentuez leur forme ! Cette formule v\u00e9gane* offre un fini mat et lisse pour des l\u00e8vres pulpeuses.<\/p>\n<p><b>Une couleur longue tenue pendant 16 heures :<\/b>\u00a0votre Lip Lingerie vous accompagne toute la journ\u00e9e sans jamais quitter vos l\u00e8vres ! Ne craque pas, ne coule pas, ne s\u2019estompe pas et SANS TRANSFERT pendant 16 heures.<\/p>\n<p>Doux et l\u00e9ger comme de la soie, il se d\u00e9cline en 24 teintes nude ultra-satur\u00e9es con\u00e7ues pour mettre en valeur toutes les carnations.<\/p>\n<p>Sculptez vos l\u00e8vres en toute confiance avec la formule v\u00e9gane de notre Lip Lingerie XXL Matte Liquid Lipstick, sans ingr\u00e9dients d\u2019origine animale.<\/p>\n<p><strong>Conseils d&#8217;utilisation :\u00a0<\/strong><\/p>\n<p>Utilisez l\u2019applicateur pr\u00e9cis pour dessiner vos l\u00e8vres en commen\u00e7ant par l\u2019arc de Cupidon et la ligne ext\u00e9rieure des l\u00e8vres, puis remplissez l\u2019int\u00e9rieur pour obtenir des l\u00e8vres mattes, douces et pulpeuses.<\/p>","protected":false},"excerpt":{"rendered":"<h3><span style=\"color: #ff00ff\" data-mce-style=\"color: #ff00ff;\"><em><b>Une couleur longue tenue pendant 16 heures .<\/b><\/em><\/span><\/h3>\n<h3><span style=\"color: #ff00ff\" data-mce-style=\"color: #ff00ff;\">XXPOSE ME03<\/span><\/h3>\n<h3><span style=\"color: #ff00ff\" data-mce-style=\"color: #ff00ff;\">4ml.<\/span><\/h3>","protected":false},"featured_media":4184,"comment_status":"open","ping_status":"closed","template":"","meta":[],"product_cat":[432,429],"product_tag":[],"berocket_brand":[],"class_list":{"0":"post-142297","1":"product","2":"type-product","3":"status-publish","4":"has-post-thumbnail","6":"product_cat-levres-maquillage","7":"product_cat-maquillage","9":"first","10":"outofstock","11":"shipping-taxable","12":"purchasable","13":"product-type-simple"},"yoast_head":"<!-- This site is optimized with the Yoast SEO plugin v24.8 - https:\/\/yoast.com\/wordpress\/plugins\/seo\/ -->\n<title>Rouge a levres mat lingerie XXL03 NYX - Prixgro<\/title>\n<meta name=\"robots\" content=\"index, follow, max-snippet:-1, max-image-preview:large, max-video-preview:-1\" \/>\n<link rel=\"canonical\" href=\"https:\/\/prixgro.com\/ar\/product\/rouge-a-levres-mat-lingerie-xxl03-nyx\/\" \/>\n<meta property=\"og:locale\" content=\"ar_AR\" \/>\n<meta property=\"og:type\" content=\"article\" \/>\n<meta property=\"og:title\" content=\"Rouge a levres mat lingerie XXL03 NYX - Prixgro\" \/>\n<meta property=\"og:description\" content=\"Une couleur longue tenue pendant 16 heures .XXPOSE ME034ml.\" \/>\n<meta property=\"og:url\" content=\"https:\/\/prixgro.com\/ar\/product\/rouge-a-levres-mat-lingerie-xxl03-nyx\/\" \/>\n<meta property=\"og:site_name\" content=\"Prixgro\" \/>\n<meta property=\"article:publisher\" content=\"https:\/\/www.facebook.com\/Pharmacima\" \/>\n<meta property=\"article:modified_time\" content=\"2024-08-08T11:51:00+00:00\" \/>\n<meta property=\"og:image\" content=\"https:\/\/prixgro.com\/wp-content\/uploads\/2023\/09\/NYX-PMU-Makeup-Lips-Lipstick-LIP-LINGERIE-XXL-LXXL03-XXPOSE-ME-000-0800897003944-Closed.jpg\" \/>\n\t<meta property=\"og:image:width\" content=\"375\" \/>\n\t<meta property=\"og:image:height\" content=\"375\" \/>\n\t<meta property=\"og:image:type\" content=\"image\/jpeg\" \/>\n<meta name=\"twitter:card\" content=\"summary_large_image\" \/>\n<meta name=\"twitter:label1\" content=\"\u0648\u0642\u062a \u0627\u0644\u0642\u0631\u0627\u0621\u0629 \u0627\u0644\u0645\u064f\u0642\u062f\u0651\u0631\" \/>\n\t<meta name=\"twitter:data1\" content=\"\u062f\u0642\u064a\u0642\u0629 \u0648\u0627\u062d\u062f\u0629\" \/>\n<script type=\"application\/ld+json\" class=\"yoast-schema-graph\">{\"@context\":\"https:\/\/schema.org\",\"@graph\":[{\"@type\":\"WebPage\",\"@id\":\"https:\/\/prixgro.com\/product\/rouge-a-levres-mat-lingerie-xxl03-nyx\/\",\"url\":\"https:\/\/prixgro.com\/product\/rouge-a-levres-mat-lingerie-xxl03-nyx\/\",\"name\":\"Rouge a levres mat lingerie XXL03 NYX - Prixgro\",\"isPartOf\":{\"@id\":\"https:\/\/prixgro.com\/#website\"},\"primaryImageOfPage\":{\"@id\":\"https:\/\/prixgro.com\/product\/rouge-a-levres-mat-lingerie-xxl03-nyx\/#primaryimage\"},\"image\":{\"@id\":\"https:\/\/prixgro.com\/product\/rouge-a-levres-mat-lingerie-xxl03-nyx\/#primaryimage\"},\"thumbnailUrl\":\"https:\/\/prixgro.com\/wp-content\/uploads\/2023\/09\/NYX-PMU-Makeup-Lips-Lipstick-LIP-LINGERIE-XXL-LXXL03-XXPOSE-ME-000-0800897003944-Closed.jpg\",\"datePublished\":\"2024-04-09T12:32:13+00:00\",\"dateModified\":\"2024-08-08T11:51:00+00:00\",\"breadcrumb\":{\"@id\":\"https:\/\/prixgro.com\/product\/rouge-a-levres-mat-lingerie-xxl03-nyx\/#breadcrumb\"},\"inLanguage\":\"ar\",\"potentialAction\":[{\"@type\":\"ReadAction\",\"target\":[\"https:\/\/prixgro.com\/product\/rouge-a-levres-mat-lingerie-xxl03-nyx\/\"]}]},{\"@type\":\"ImageObject\",\"inLanguage\":\"ar\",\"@id\":\"https:\/\/prixgro.com\/product\/rouge-a-levres-mat-lingerie-xxl03-nyx\/#primaryimage\",\"url\":\"https:\/\/prixgro.com\/wp-content\/uploads\/2023\/09\/NYX-PMU-Makeup-Lips-Lipstick-LIP-LINGERIE-XXL-LXXL03-XXPOSE-ME-000-0800897003944-Closed.jpg\",\"contentUrl\":\"https:\/\/prixgro.com\/wp-content\/uploads\/2023\/09\/NYX-PMU-Makeup-Lips-Lipstick-LIP-LINGERIE-XXL-LXXL03-XXPOSE-ME-000-0800897003944-Closed.jpg\",\"width\":375,\"height\":375},{\"@type\":\"BreadcrumbList\",\"@id\":\"https:\/\/prixgro.com\/product\/rouge-a-levres-mat-lingerie-xxl03-nyx\/#breadcrumb\",\"itemListElement\":[{\"@type\":\"ListItem\",\"position\":1,\"name\":\"Accueil\",\"item\":\"https:\/\/prixgro.com\/\"},{\"@type\":\"ListItem\",\"position\":2,\"name\":\"Boutique en ligne\",\"item\":\"https:\/\/prixgro.com\/shop\/\"},{\"@type\":\"ListItem\",\"position\":3,\"name\":\"Rouge a levres mat lingerie XXL03 NYX\"}]},{\"@type\":\"WebSite\",\"@id\":\"https:\/\/prixgro.com\/#website\",\"url\":\"https:\/\/prixgro.com\/\",\"name\":\"Prixgro.com\",\"description\":\"Para Pharmaceutique et Cosm\u00e9tique\",\"publisher\":{\"@id\":\"https:\/\/prixgro.com\/#organization\"},\"potentialAction\":[{\"@type\":\"SearchAction\",\"target\":{\"@type\":\"EntryPoint\",\"urlTemplate\":\"https:\/\/prixgro.com\/?s={search_term_string}\"},\"query-input\":{\"@type\":\"PropertyValueSpecification\",\"valueRequired\":true,\"valueName\":\"search_term_string\"}}],\"inLanguage\":\"ar\"},{\"@type\":\"Organization\",\"@id\":\"https:\/\/prixgro.com\/#organization\",\"name\":\"Prixgro\",\"url\":\"https:\/\/prixgro.com\/\",\"logo\":{\"@type\":\"ImageObject\",\"inLanguage\":\"ar\",\"@id\":\"https:\/\/prixgro.com\/#\/schema\/logo\/image\/\",\"url\":\"https:\/\/prixgro.com\/wp-content\/uploads\/2024\/08\/cropped-Nouveau-projet-2.png\",\"contentUrl\":\"https:\/\/prixgro.com\/wp-content\/uploads\/2024\/08\/cropped-Nouveau-projet-2.png\",\"width\":265,\"height\":62,\"caption\":\"Prixgro\"},\"image\":{\"@id\":\"https:\/\/prixgro.com\/#\/schema\/logo\/image\/\"},\"sameAs\":[\"https:\/\/www.facebook.com\/Pharmacima\"]}]}<\/script>\n<!-- \/ Yoast SEO plugin. -->","yoast_head_json":{"title":"Rouge a levres mat lingerie XXL03 NYX - Prixgro","robots":{"index":"index","follow":"follow","max-snippet":"max-snippet:-1","max-image-preview":"max-image-preview:large","max-video-preview":"max-video-preview:-1"},"canonical":"https:\/\/prixgro.com\/ar\/product\/rouge-a-levres-mat-lingerie-xxl03-nyx\/","og_locale":"ar_AR","og_type":"article","og_title":"Rouge a levres mat lingerie XXL03 NYX - Prixgro","og_description":"Une couleur longue tenue pendant 16 heures .XXPOSE ME034ml.","og_url":"https:\/\/prixgro.com\/ar\/product\/rouge-a-levres-mat-lingerie-xxl03-nyx\/","og_site_name":"Prixgro","article_publisher":"https:\/\/www.facebook.com\/Pharmacima","article_modified_time":"2024-08-08T11:51:00+00:00","og_image":[{"width":375,"height":375,"url":"https:\/\/prixgro.com\/wp-content\/uploads\/2023\/09\/NYX-PMU-Makeup-Lips-Lipstick-LIP-LINGERIE-XXL-LXXL03-XXPOSE-ME-000-0800897003944-Closed.jpg","type":"image\/jpeg"}],"twitter_card":"summary_large_image","twitter_misc":{"\u0648\u0642\u062a \u0627\u0644\u0642\u0631\u0627\u0621\u0629 \u0627\u0644\u0645\u064f\u0642\u062f\u0651\u0631":"\u062f\u0642\u064a\u0642\u0629 \u0648\u0627\u062d\u062f\u0629"},"schema":{"@context":"https:\/\/schema.org","@graph":[{"@type":"WebPage","@id":"https:\/\/prixgro.com\/product\/rouge-a-levres-mat-lingerie-xxl03-nyx\/","url":"https:\/\/prixgro.com\/product\/rouge-a-levres-mat-lingerie-xxl03-nyx\/","name":"Rouge a levres mat lingerie XXL03 NYX - Prixgro","isPartOf":{"@id":"https:\/\/prixgro.com\/#website"},"primaryImageOfPage":{"@id":"https:\/\/prixgro.com\/product\/rouge-a-levres-mat-lingerie-xxl03-nyx\/#primaryimage"},"image":{"@id":"https:\/\/prixgro.com\/product\/rouge-a-levres-mat-lingerie-xxl03-nyx\/#primaryimage"},"thumbnailUrl":"https:\/\/prixgro.com\/wp-content\/uploads\/2023\/09\/NYX-PMU-Makeup-Lips-Lipstick-LIP-LINGERIE-XXL-LXXL03-XXPOSE-ME-000-0800897003944-Closed.jpg","datePublished":"2024-04-09T12:32:13+00:00","dateModified":"2024-08-08T11:51:00+00:00","breadcrumb":{"@id":"https:\/\/prixgro.com\/product\/rouge-a-levres-mat-lingerie-xxl03-nyx\/#breadcrumb"},"inLanguage":"ar","potentialAction":[{"@type":"ReadAction","target":["https:\/\/prixgro.com\/product\/rouge-a-levres-mat-lingerie-xxl03-nyx\/"]}]},{"@type":"ImageObject","inLanguage":"ar","@id":"https:\/\/prixgro.com\/product\/rouge-a-levres-mat-lingerie-xxl03-nyx\/#primaryimage","url":"https:\/\/prixgro.com\/wp-content\/uploads\/2023\/09\/NYX-PMU-Makeup-Lips-Lipstick-LIP-LINGERIE-XXL-LXXL03-XXPOSE-ME-000-0800897003944-Closed.jpg","contentUrl":"https:\/\/prixgro.com\/wp-content\/uploads\/2023\/09\/NYX-PMU-Makeup-Lips-Lipstick-LIP-LINGERIE-XXL-LXXL03-XXPOSE-ME-000-0800897003944-Closed.jpg","width":375,"height":375},{"@type":"BreadcrumbList","@id":"https:\/\/prixgro.com\/product\/rouge-a-levres-mat-lingerie-xxl03-nyx\/#breadcrumb","itemListElement":[{"@type":"ListItem","position":1,"name":"Accueil","item":"https:\/\/prixgro.com\/"},{"@type":"ListItem","position":2,"name":"Boutique en ligne","item":"https:\/\/prixgro.com\/shop\/"},{"@type":"ListItem","position":3,"name":"Rouge a levres mat lingerie XXL03 NYX"}]},{"@type":"WebSite","@id":"https:\/\/prixgro.com\/#website","url":"https:\/\/prixgro.com\/","name":"Prixgro.com","description":"Para Pharmaceutique et Cosm\u00e9tique","publisher":{"@id":"https:\/\/prixgro.com\/#organization"},"potentialAction":[{"@type":"SearchAction","target":{"@type":"EntryPoint","urlTemplate":"https:\/\/prixgro.com\/?s={search_term_string}"},"query-input":{"@type":"PropertyValueSpecification","valueRequired":true,"valueName":"search_term_string"}}],"inLanguage":"ar"},{"@type":"Organization","@id":"https:\/\/prixgro.com\/#organization","name":"Prixgro","url":"https:\/\/prixgro.com\/","logo":{"@type":"ImageObject","inLanguage":"ar","@id":"https:\/\/prixgro.com\/#\/schema\/logo\/image\/","url":"https:\/\/prixgro.com\/wp-content\/uploads\/2024\/08\/cropped-Nouveau-projet-2.png","contentUrl":"https:\/\/prixgro.com\/wp-content\/uploads\/2024\/08\/cropped-Nouveau-projet-2.png","width":265,"height":62,"caption":"Prixgro"},"image":{"@id":"https:\/\/prixgro.com\/#\/schema\/logo\/image\/"},"sameAs":["https:\/\/www.facebook.com\/Pharmacima"]}]}},"_links":{"self":[{"href":"https:\/\/prixgro.com\/ar\/wp-json\/wp\/v2\/product\/142297","targetHints":{"allow":["GET"]}}],"collection":[{"href":"https:\/\/prixgro.com\/ar\/wp-json\/wp\/v2\/product"}],"about":[{"href":"https:\/\/prixgro.com\/ar\/wp-json\/wp\/v2\/types\/product"}],"replies":[{"embeddable":true,"href":"https:\/\/prixgro.com\/ar\/wp-json\/wp\/v2\/comments?post=142297"}],"wp:featuredmedia":[{"embeddable":true,"href":"https:\/\/prixgro.com\/ar\/wp-json\/wp\/v2\/media\/4184"}],"wp:attachment":[{"href":"https:\/\/prixgro.com\/ar\/wp-json\/wp\/v2\/media?parent=142297"}],"wp:term":[{"taxonomy":"product_cat","embeddable":true,"href":"https:\/\/prixgro.com\/ar\/wp-json\/wp\/v2\/product_cat?post=142297"},{"taxonomy":"product_tag","embeddable":true,"href":"https:\/\/prixgro.com\/ar\/wp-json\/wp\/v2\/product_tag?post=142297"},{"taxonomy":"berocket_brand","embeddable":true,"href":"https:\/\/prixgro.com\/ar\/wp-json\/wp\/v2\/berocket_brand?post=142297"}],"curies":[{"name":"wp","href":"https:\/\/api.w.org\/{rel}","templated":true}]}}