{"id":142304,"date":"2024-04-09T14:32:23","date_gmt":"2024-04-09T12:32:23","guid":{"rendered":"https:\/\/cloodmanager.net\/?post_type=product&#038;p=142304"},"modified":"2024-08-08T13:50:29","modified_gmt":"2024-08-08T11:50:29","slug":"deodorant-roll-on-argan-bio-50ml-ushuaia","status":"publish","type":"product","link":"https:\/\/prixgro.com\/ar\/product\/deodorant-roll-on-argan-bio-50ml-ushuaia\/","title":{"rendered":"Deodorant Roll on Argan Bio 50ml Ushuaia"},"content":{"rendered":"<h2><strong>DESCRIPTION :<\/strong><\/h2>\n<p>Retrouvez la fra\u00eecheur des senteurs orientales dans un d\u00e9odorant bille certifi\u00e9 bio efficace 48h avec 100% des ingr\u00e9dients d\u2019origine naturelle et 23% issus de l\u2019agriculture biologique. 100% recyclable. Votre peau reste douce et prot\u00e9g\u00e9e toute la journ\u00e9e<\/p>\n<p>Formul\u00e9 sans alcool*, id\u00e9al peaux \u00e9pil\u00e9es.<\/p>\n<p>Il contient 29 % du total des ingr\u00e9dients sont issus de l\u2019agriculture biologique, et 99.9% du total est d\u2019origine naturelle<\/p>\n<h2><strong>CONSEIL D&#8217;UTILISATON :<\/strong><\/h2>\n<p>Appliquer la bille tout le long de l\u2019aisselle. Pour plus d\u2019efficacit\u00e9, l\u2019appliquer apr\u00e8s le bain, la toilette ou la douche sur une peau s\u00e8che.<\/p>\n<h2><strong>COMPOSITION :<\/strong><\/h2>\n<p>AQUA \/ WATER ALCOHOL DENAT. PROPANEDIOL GLYCERYL CAPRYLATE ALOE BARBADENSIS LEAF JUICE POWDER ARGANIA SPINOSA KERNEL OIL XANTHAN GUM ANISE ALCOHOL BENZYL ALCOHOL BENZYL SALICYLATE GERANIOL LINALOOL PARFUM \/ FRAGRANCE (F.I.L. C250591\/1).<\/p>","protected":false},"excerpt":{"rendered":"<h3><span style=\"color: #993300;\"><em><strong>Fra\u00eecheur des senteurs orientales dans un d\u00e9odorant bille certifi\u00e9 bio.<\/strong><\/em><\/span><\/h3>\n<p><strong>Contenance : 50ml<\/strong><\/p>","protected":false},"featured_media":4197,"comment_status":"open","ping_status":"closed","template":"","meta":[],"product_cat":[64,17],"product_tag":[],"berocket_brand":[],"class_list":{"0":"post-142304","1":"product","2":"type-product","3":"status-publish","4":"has-post-thumbnail","6":"product_cat-corps","7":"product_cat-soin-et-bien-etre","9":"first","10":"outofstock","11":"shipping-taxable","12":"purchasable","13":"product-type-simple"},"yoast_head":"<!-- This site is optimized with the Yoast SEO plugin v24.8 - https:\/\/yoast.com\/wordpress\/plugins\/seo\/ -->\n<title>Deodorant Roll on Argan Bio 50ml Ushuaia - Prixgro<\/title>\n<meta name=\"robots\" content=\"index, follow, max-snippet:-1, max-image-preview:large, max-video-preview:-1\" \/>\n<link rel=\"canonical\" href=\"https:\/\/prixgro.com\/ar\/product\/deodorant-roll-on-argan-bio-50ml-ushuaia\/\" \/>\n<meta property=\"og:locale\" content=\"ar_AR\" \/>\n<meta property=\"og:type\" content=\"article\" \/>\n<meta property=\"og:title\" content=\"Deodorant Roll on Argan Bio 50ml Ushuaia - Prixgro\" \/>\n<meta property=\"og:description\" content=\"Fra\u00eecheur des senteurs orientales dans un d\u00e9odorant bille certifi\u00e9 bio. Contenance : 50ml\" \/>\n<meta property=\"og:url\" content=\"https:\/\/prixgro.com\/ar\/product\/deodorant-roll-on-argan-bio-50ml-ushuaia\/\" \/>\n<meta property=\"og:site_name\" content=\"Prixgro\" \/>\n<meta property=\"article:publisher\" content=\"https:\/\/www.facebook.com\/Pharmacima\" \/>\n<meta property=\"article:modified_time\" content=\"2024-08-08T11:50:29+00:00\" \/>\n<meta property=\"og:image\" content=\"https:\/\/prixgro.com\/wp-content\/uploads\/2023\/09\/mini1-deobilleushuaiamaroc-min.jpg\" \/>\n\t<meta property=\"og:image:width\" content=\"450\" \/>\n\t<meta property=\"og:image:height\" content=\"450\" \/>\n\t<meta property=\"og:image:type\" content=\"image\/jpeg\" \/>\n<meta name=\"twitter:card\" content=\"summary_large_image\" \/>\n<meta name=\"twitter:label1\" content=\"\u0648\u0642\u062a \u0627\u0644\u0642\u0631\u0627\u0621\u0629 \u0627\u0644\u0645\u064f\u0642\u062f\u0651\u0631\" \/>\n\t<meta name=\"twitter:data1\" content=\"\u062f\u0642\u064a\u0642\u0629 \u0648\u0627\u062d\u062f\u0629\" \/>\n<script type=\"application\/ld+json\" class=\"yoast-schema-graph\">{\"@context\":\"https:\/\/schema.org\",\"@graph\":[{\"@type\":\"WebPage\",\"@id\":\"https:\/\/prixgro.com\/product\/deodorant-roll-on-argan-bio-50ml-ushuaia\/\",\"url\":\"https:\/\/prixgro.com\/product\/deodorant-roll-on-argan-bio-50ml-ushuaia\/\",\"name\":\"Deodorant Roll on Argan Bio 50ml Ushuaia - Prixgro\",\"isPartOf\":{\"@id\":\"https:\/\/prixgro.com\/#website\"},\"primaryImageOfPage\":{\"@id\":\"https:\/\/prixgro.com\/product\/deodorant-roll-on-argan-bio-50ml-ushuaia\/#primaryimage\"},\"image\":{\"@id\":\"https:\/\/prixgro.com\/product\/deodorant-roll-on-argan-bio-50ml-ushuaia\/#primaryimage\"},\"thumbnailUrl\":\"https:\/\/prixgro.com\/wp-content\/uploads\/2023\/09\/mini1-deobilleushuaiamaroc-min.jpg\",\"datePublished\":\"2024-04-09T12:32:23+00:00\",\"dateModified\":\"2024-08-08T11:50:29+00:00\",\"breadcrumb\":{\"@id\":\"https:\/\/prixgro.com\/product\/deodorant-roll-on-argan-bio-50ml-ushuaia\/#breadcrumb\"},\"inLanguage\":\"ar\",\"potentialAction\":[{\"@type\":\"ReadAction\",\"target\":[\"https:\/\/prixgro.com\/product\/deodorant-roll-on-argan-bio-50ml-ushuaia\/\"]}]},{\"@type\":\"ImageObject\",\"inLanguage\":\"ar\",\"@id\":\"https:\/\/prixgro.com\/product\/deodorant-roll-on-argan-bio-50ml-ushuaia\/#primaryimage\",\"url\":\"https:\/\/prixgro.com\/wp-content\/uploads\/2023\/09\/mini1-deobilleushuaiamaroc-min.jpg\",\"contentUrl\":\"https:\/\/prixgro.com\/wp-content\/uploads\/2023\/09\/mini1-deobilleushuaiamaroc-min.jpg\",\"width\":450,\"height\":450},{\"@type\":\"BreadcrumbList\",\"@id\":\"https:\/\/prixgro.com\/product\/deodorant-roll-on-argan-bio-50ml-ushuaia\/#breadcrumb\",\"itemListElement\":[{\"@type\":\"ListItem\",\"position\":1,\"name\":\"Accueil\",\"item\":\"https:\/\/prixgro.com\/\"},{\"@type\":\"ListItem\",\"position\":2,\"name\":\"Boutique en ligne\",\"item\":\"https:\/\/prixgro.com\/shop\/\"},{\"@type\":\"ListItem\",\"position\":3,\"name\":\"Deodorant Roll on Argan Bio 50ml Ushuaia\"}]},{\"@type\":\"WebSite\",\"@id\":\"https:\/\/prixgro.com\/#website\",\"url\":\"https:\/\/prixgro.com\/\",\"name\":\"Prixgro.com\",\"description\":\"Para Pharmaceutique et Cosm\u00e9tique\",\"publisher\":{\"@id\":\"https:\/\/prixgro.com\/#organization\"},\"potentialAction\":[{\"@type\":\"SearchAction\",\"target\":{\"@type\":\"EntryPoint\",\"urlTemplate\":\"https:\/\/prixgro.com\/?s={search_term_string}\"},\"query-input\":{\"@type\":\"PropertyValueSpecification\",\"valueRequired\":true,\"valueName\":\"search_term_string\"}}],\"inLanguage\":\"ar\"},{\"@type\":\"Organization\",\"@id\":\"https:\/\/prixgro.com\/#organization\",\"name\":\"Prixgro\",\"url\":\"https:\/\/prixgro.com\/\",\"logo\":{\"@type\":\"ImageObject\",\"inLanguage\":\"ar\",\"@id\":\"https:\/\/prixgro.com\/#\/schema\/logo\/image\/\",\"url\":\"https:\/\/prixgro.com\/wp-content\/uploads\/2024\/08\/cropped-Nouveau-projet-2.png\",\"contentUrl\":\"https:\/\/prixgro.com\/wp-content\/uploads\/2024\/08\/cropped-Nouveau-projet-2.png\",\"width\":265,\"height\":62,\"caption\":\"Prixgro\"},\"image\":{\"@id\":\"https:\/\/prixgro.com\/#\/schema\/logo\/image\/\"},\"sameAs\":[\"https:\/\/www.facebook.com\/Pharmacima\"]}]}<\/script>\n<!-- \/ Yoast SEO plugin. -->","yoast_head_json":{"title":"Deodorant Roll on Argan Bio 50ml Ushuaia - Prixgro","robots":{"index":"index","follow":"follow","max-snippet":"max-snippet:-1","max-image-preview":"max-image-preview:large","max-video-preview":"max-video-preview:-1"},"canonical":"https:\/\/prixgro.com\/ar\/product\/deodorant-roll-on-argan-bio-50ml-ushuaia\/","og_locale":"ar_AR","og_type":"article","og_title":"Deodorant Roll on Argan Bio 50ml Ushuaia - Prixgro","og_description":"Fra\u00eecheur des senteurs orientales dans un d\u00e9odorant bille certifi\u00e9 bio. Contenance : 50ml","og_url":"https:\/\/prixgro.com\/ar\/product\/deodorant-roll-on-argan-bio-50ml-ushuaia\/","og_site_name":"Prixgro","article_publisher":"https:\/\/www.facebook.com\/Pharmacima","article_modified_time":"2024-08-08T11:50:29+00:00","og_image":[{"width":450,"height":450,"url":"https:\/\/prixgro.com\/wp-content\/uploads\/2023\/09\/mini1-deobilleushuaiamaroc-min.jpg","type":"image\/jpeg"}],"twitter_card":"summary_large_image","twitter_misc":{"\u0648\u0642\u062a \u0627\u0644\u0642\u0631\u0627\u0621\u0629 \u0627\u0644\u0645\u064f\u0642\u062f\u0651\u0631":"\u062f\u0642\u064a\u0642\u0629 \u0648\u0627\u062d\u062f\u0629"},"schema":{"@context":"https:\/\/schema.org","@graph":[{"@type":"WebPage","@id":"https:\/\/prixgro.com\/product\/deodorant-roll-on-argan-bio-50ml-ushuaia\/","url":"https:\/\/prixgro.com\/product\/deodorant-roll-on-argan-bio-50ml-ushuaia\/","name":"Deodorant Roll on Argan Bio 50ml Ushuaia - Prixgro","isPartOf":{"@id":"https:\/\/prixgro.com\/#website"},"primaryImageOfPage":{"@id":"https:\/\/prixgro.com\/product\/deodorant-roll-on-argan-bio-50ml-ushuaia\/#primaryimage"},"image":{"@id":"https:\/\/prixgro.com\/product\/deodorant-roll-on-argan-bio-50ml-ushuaia\/#primaryimage"},"thumbnailUrl":"https:\/\/prixgro.com\/wp-content\/uploads\/2023\/09\/mini1-deobilleushuaiamaroc-min.jpg","datePublished":"2024-04-09T12:32:23+00:00","dateModified":"2024-08-08T11:50:29+00:00","breadcrumb":{"@id":"https:\/\/prixgro.com\/product\/deodorant-roll-on-argan-bio-50ml-ushuaia\/#breadcrumb"},"inLanguage":"ar","potentialAction":[{"@type":"ReadAction","target":["https:\/\/prixgro.com\/product\/deodorant-roll-on-argan-bio-50ml-ushuaia\/"]}]},{"@type":"ImageObject","inLanguage":"ar","@id":"https:\/\/prixgro.com\/product\/deodorant-roll-on-argan-bio-50ml-ushuaia\/#primaryimage","url":"https:\/\/prixgro.com\/wp-content\/uploads\/2023\/09\/mini1-deobilleushuaiamaroc-min.jpg","contentUrl":"https:\/\/prixgro.com\/wp-content\/uploads\/2023\/09\/mini1-deobilleushuaiamaroc-min.jpg","width":450,"height":450},{"@type":"BreadcrumbList","@id":"https:\/\/prixgro.com\/product\/deodorant-roll-on-argan-bio-50ml-ushuaia\/#breadcrumb","itemListElement":[{"@type":"ListItem","position":1,"name":"Accueil","item":"https:\/\/prixgro.com\/"},{"@type":"ListItem","position":2,"name":"Boutique en ligne","item":"https:\/\/prixgro.com\/shop\/"},{"@type":"ListItem","position":3,"name":"Deodorant Roll on Argan Bio 50ml Ushuaia"}]},{"@type":"WebSite","@id":"https:\/\/prixgro.com\/#website","url":"https:\/\/prixgro.com\/","name":"Prixgro.com","description":"Para Pharmaceutique et Cosm\u00e9tique","publisher":{"@id":"https:\/\/prixgro.com\/#organization"},"potentialAction":[{"@type":"SearchAction","target":{"@type":"EntryPoint","urlTemplate":"https:\/\/prixgro.com\/?s={search_term_string}"},"query-input":{"@type":"PropertyValueSpecification","valueRequired":true,"valueName":"search_term_string"}}],"inLanguage":"ar"},{"@type":"Organization","@id":"https:\/\/prixgro.com\/#organization","name":"Prixgro","url":"https:\/\/prixgro.com\/","logo":{"@type":"ImageObject","inLanguage":"ar","@id":"https:\/\/prixgro.com\/#\/schema\/logo\/image\/","url":"https:\/\/prixgro.com\/wp-content\/uploads\/2024\/08\/cropped-Nouveau-projet-2.png","contentUrl":"https:\/\/prixgro.com\/wp-content\/uploads\/2024\/08\/cropped-Nouveau-projet-2.png","width":265,"height":62,"caption":"Prixgro"},"image":{"@id":"https:\/\/prixgro.com\/#\/schema\/logo\/image\/"},"sameAs":["https:\/\/www.facebook.com\/Pharmacima"]}]}},"_links":{"self":[{"href":"https:\/\/prixgro.com\/ar\/wp-json\/wp\/v2\/product\/142304","targetHints":{"allow":["GET"]}}],"collection":[{"href":"https:\/\/prixgro.com\/ar\/wp-json\/wp\/v2\/product"}],"about":[{"href":"https:\/\/prixgro.com\/ar\/wp-json\/wp\/v2\/types\/product"}],"replies":[{"embeddable":true,"href":"https:\/\/prixgro.com\/ar\/wp-json\/wp\/v2\/comments?post=142304"}],"wp:featuredmedia":[{"embeddable":true,"href":"https:\/\/prixgro.com\/ar\/wp-json\/wp\/v2\/media\/4197"}],"wp:attachment":[{"href":"https:\/\/prixgro.com\/ar\/wp-json\/wp\/v2\/media?parent=142304"}],"wp:term":[{"taxonomy":"product_cat","embeddable":true,"href":"https:\/\/prixgro.com\/ar\/wp-json\/wp\/v2\/product_cat?post=142304"},{"taxonomy":"product_tag","embeddable":true,"href":"https:\/\/prixgro.com\/ar\/wp-json\/wp\/v2\/product_tag?post=142304"},{"taxonomy":"berocket_brand","embeddable":true,"href":"https:\/\/prixgro.com\/ar\/wp-json\/wp\/v2\/berocket_brand?post=142304"}],"curies":[{"name":"wp","href":"https:\/\/api.w.org\/{rel}","templated":true}]}}