{"id":142307,"date":"2024-04-09T14:32:23","date_gmt":"2024-04-09T12:32:23","guid":{"rendered":"https:\/\/cloodmanager.net\/?post_type=product&#038;p=142307"},"modified":"2024-08-08T13:49:59","modified_gmt":"2024-08-08T11:49:59","slug":"serum-taches-ciblee-30ml-sephora","status":"publish","type":"product","link":"https:\/\/prixgro.com\/ar\/product\/serum-taches-ciblee-30ml-sephora\/","title":{"rendered":"Serum Taches Cibl\u00e9e 30ml Sephora"},"content":{"rendered":"<h2><strong>DESCRIPTION :<\/strong><\/h2>\n<p>Un s\u00e9rum suraliment\u00e9, avec 3 % d&#8217;enzymes et de kombucha, qui agit pour r\u00e9duire l&#8217;apparence des taches brunes.<\/p>\n<p><b>Ingr\u00e9dients mis en \u00e9vidence :<\/b><\/p>\n<p><b><\/b>&#8211; Enzymes d&#8217;origine naturelle de papaye : Exfolient la peau.<br \/>&#8211; Kombucha d&#8217;origine naturelle issu de la fermentation du th\u00e9 noir : \u00e9claircit et unifie visiblement le teint.<\/p>\n<p>Avec l&#8217;\u00e2ge, des facteurs externes tels que le soleil, les rayons UV et le stress peuvent provoquer l&#8217;apparition de taches brunes sur la peau.<\/p>\n<p>\u00a0Pour r\u00e9duire l&#8217;apparence de ces taches brunes, l&#8217;utilisation quotidienne de ce s\u00e9rum est essentielle.\u00a0Qu&#8217;est-ce qui rend ce s\u00e9rum efficace ?\u00a0Les enzymes d&#8217;origine naturelle de la papaye ont des propri\u00e9t\u00e9s exfoliantes et le kombucha issu de la fermentation du th\u00e9 noir \u00e9claircit et unifie visiblement le teint.<\/p>\n<ul>\n<li>Id\u00e9al pour les peaux normales<\/li>\n<li>Bon pour: Taches brunes<\/li>\n<\/ul>\n<h2><strong>CONSEIL D&#8217;UTILISATION :<\/strong><\/h2>\n<p>-Appliquez trois \u00e0 quatre gouttes chaque matin sur votre visage et votre cou propres.<br \/>-Massez doucement.<br \/>-R\u00e9p\u00e9ter le soir.<br \/>-Ce s\u00e9rum compl\u00e8te votre routine beaut\u00e9 : Avant application, nettoyez votre peau avec un gel nettoyant et appliquez votre cr\u00e8me hydratante apr\u00e8s le s\u00e9rum.<\/p>\n<h2><strong>COMPOSITION :\u00a0<\/strong><\/h2>\n<p>Aqua (eau), propanediol, pentyl\u00e8ne glycol, glyc\u00e9rine, saccharomyces\/xylinum\/ferment de th\u00e9 noir, maltodextrine, polyglyc\u00e9ryl-4 caprate, polyacrylate de sodium, isom\u00e9rate de saccharide, parfum (parfum), papa\u00efne, benzoate de sodium, phytate de sodium, gomme de xanthane, potassium Sorbate, acide citrique, citrate de sodium.<\/p>","protected":false},"excerpt":{"rendered":"<h3><span style=\"color: #008000\" data-mce-style=\"color: #008000;\"><em><strong>\u00a0R\u00e9duire l&#8217;apparence des taches brunes.<\/strong><\/em><\/span><\/h3>\n<p><strong>Contenance : 30ml\u00a0<\/strong><\/p>","protected":false},"featured_media":4216,"comment_status":"open","ping_status":"closed","template":"","meta":[],"product_cat":[17,36],"product_tag":[],"berocket_brand":[],"class_list":{"0":"post-142307","1":"product","2":"type-product","3":"status-publish","4":"has-post-thumbnail","6":"product_cat-soin-et-bien-etre","7":"product_cat-visage-soin-et-bien-etre","9":"first","10":"outofstock","11":"shipping-taxable","12":"purchasable","13":"product-type-simple"},"yoast_head":"<!-- This site is optimized with the Yoast SEO plugin v24.8 - https:\/\/yoast.com\/wordpress\/plugins\/seo\/ -->\n<title>Serum Taches Cibl\u00e9e 30ml Sephora - Prixgro<\/title>\n<meta name=\"robots\" content=\"index, follow, max-snippet:-1, max-image-preview:large, max-video-preview:-1\" \/>\n<link rel=\"canonical\" href=\"https:\/\/prixgro.com\/ar\/product\/serum-taches-ciblee-30ml-sephora\/\" \/>\n<meta property=\"og:locale\" content=\"ar_AR\" \/>\n<meta property=\"og:type\" content=\"article\" \/>\n<meta property=\"og:title\" content=\"Serum Taches Cibl\u00e9e 30ml Sephora - Prixgro\" \/>\n<meta property=\"og:description\" content=\"\u00a0R\u00e9duire l&#039;apparence des taches brunes.Contenance : 30ml\u00a0\" \/>\n<meta property=\"og:url\" content=\"https:\/\/prixgro.com\/ar\/product\/serum-taches-ciblee-30ml-sephora\/\" \/>\n<meta property=\"og:site_name\" content=\"Prixgro\" \/>\n<meta property=\"article:publisher\" content=\"https:\/\/www.facebook.com\/Pharmacima\" \/>\n<meta property=\"article:modified_time\" content=\"2024-08-08T11:49:59+00:00\" \/>\n<meta property=\"og:image\" content=\"https:\/\/prixgro.com\/wp-content\/uploads\/2023\/09\/s2345130-main-zoom-1-e1692101531170.jpg\" \/>\n\t<meta property=\"og:image:width\" content=\"500\" \/>\n\t<meta property=\"og:image:height\" content=\"500\" \/>\n\t<meta property=\"og:image:type\" content=\"image\/jpeg\" \/>\n<meta name=\"twitter:card\" content=\"summary_large_image\" \/>\n<meta name=\"twitter:label1\" content=\"\u0648\u0642\u062a \u0627\u0644\u0642\u0631\u0627\u0621\u0629 \u0627\u0644\u0645\u064f\u0642\u062f\u0651\u0631\" \/>\n\t<meta name=\"twitter:data1\" content=\"\u062f\u0642\u064a\u0642\u0629 \u0648\u0627\u062d\u062f\u0629\" \/>\n<script type=\"application\/ld+json\" class=\"yoast-schema-graph\">{\"@context\":\"https:\/\/schema.org\",\"@graph\":[{\"@type\":\"WebPage\",\"@id\":\"https:\/\/prixgro.com\/product\/serum-taches-ciblee-30ml-sephora\/\",\"url\":\"https:\/\/prixgro.com\/product\/serum-taches-ciblee-30ml-sephora\/\",\"name\":\"Serum Taches Cibl\u00e9e 30ml Sephora - Prixgro\",\"isPartOf\":{\"@id\":\"https:\/\/prixgro.com\/#website\"},\"primaryImageOfPage\":{\"@id\":\"https:\/\/prixgro.com\/product\/serum-taches-ciblee-30ml-sephora\/#primaryimage\"},\"image\":{\"@id\":\"https:\/\/prixgro.com\/product\/serum-taches-ciblee-30ml-sephora\/#primaryimage\"},\"thumbnailUrl\":\"https:\/\/prixgro.com\/wp-content\/uploads\/2023\/09\/s2345130-main-zoom-1-e1692101531170.jpg\",\"datePublished\":\"2024-04-09T12:32:23+00:00\",\"dateModified\":\"2024-08-08T11:49:59+00:00\",\"breadcrumb\":{\"@id\":\"https:\/\/prixgro.com\/product\/serum-taches-ciblee-30ml-sephora\/#breadcrumb\"},\"inLanguage\":\"ar\",\"potentialAction\":[{\"@type\":\"ReadAction\",\"target\":[\"https:\/\/prixgro.com\/product\/serum-taches-ciblee-30ml-sephora\/\"]}]},{\"@type\":\"ImageObject\",\"inLanguage\":\"ar\",\"@id\":\"https:\/\/prixgro.com\/product\/serum-taches-ciblee-30ml-sephora\/#primaryimage\",\"url\":\"https:\/\/prixgro.com\/wp-content\/uploads\/2023\/09\/s2345130-main-zoom-1-e1692101531170.jpg\",\"contentUrl\":\"https:\/\/prixgro.com\/wp-content\/uploads\/2023\/09\/s2345130-main-zoom-1-e1692101531170.jpg\",\"width\":500,\"height\":500},{\"@type\":\"BreadcrumbList\",\"@id\":\"https:\/\/prixgro.com\/product\/serum-taches-ciblee-30ml-sephora\/#breadcrumb\",\"itemListElement\":[{\"@type\":\"ListItem\",\"position\":1,\"name\":\"Accueil\",\"item\":\"https:\/\/prixgro.com\/\"},{\"@type\":\"ListItem\",\"position\":2,\"name\":\"Boutique en ligne\",\"item\":\"https:\/\/prixgro.com\/shop\/\"},{\"@type\":\"ListItem\",\"position\":3,\"name\":\"Serum Taches Cibl\u00e9e 30ml Sephora\"}]},{\"@type\":\"WebSite\",\"@id\":\"https:\/\/prixgro.com\/#website\",\"url\":\"https:\/\/prixgro.com\/\",\"name\":\"Prixgro.com\",\"description\":\"Para Pharmaceutique et Cosm\u00e9tique\",\"publisher\":{\"@id\":\"https:\/\/prixgro.com\/#organization\"},\"potentialAction\":[{\"@type\":\"SearchAction\",\"target\":{\"@type\":\"EntryPoint\",\"urlTemplate\":\"https:\/\/prixgro.com\/?s={search_term_string}\"},\"query-input\":{\"@type\":\"PropertyValueSpecification\",\"valueRequired\":true,\"valueName\":\"search_term_string\"}}],\"inLanguage\":\"ar\"},{\"@type\":\"Organization\",\"@id\":\"https:\/\/prixgro.com\/#organization\",\"name\":\"Prixgro\",\"url\":\"https:\/\/prixgro.com\/\",\"logo\":{\"@type\":\"ImageObject\",\"inLanguage\":\"ar\",\"@id\":\"https:\/\/prixgro.com\/#\/schema\/logo\/image\/\",\"url\":\"https:\/\/prixgro.com\/wp-content\/uploads\/2024\/08\/cropped-Nouveau-projet-2.png\",\"contentUrl\":\"https:\/\/prixgro.com\/wp-content\/uploads\/2024\/08\/cropped-Nouveau-projet-2.png\",\"width\":265,\"height\":62,\"caption\":\"Prixgro\"},\"image\":{\"@id\":\"https:\/\/prixgro.com\/#\/schema\/logo\/image\/\"},\"sameAs\":[\"https:\/\/www.facebook.com\/Pharmacima\"]}]}<\/script>\n<!-- \/ Yoast SEO plugin. -->","yoast_head_json":{"title":"Serum Taches Cibl\u00e9e 30ml Sephora - Prixgro","robots":{"index":"index","follow":"follow","max-snippet":"max-snippet:-1","max-image-preview":"max-image-preview:large","max-video-preview":"max-video-preview:-1"},"canonical":"https:\/\/prixgro.com\/ar\/product\/serum-taches-ciblee-30ml-sephora\/","og_locale":"ar_AR","og_type":"article","og_title":"Serum Taches Cibl\u00e9e 30ml Sephora - Prixgro","og_description":"\u00a0R\u00e9duire l'apparence des taches brunes.Contenance : 30ml\u00a0","og_url":"https:\/\/prixgro.com\/ar\/product\/serum-taches-ciblee-30ml-sephora\/","og_site_name":"Prixgro","article_publisher":"https:\/\/www.facebook.com\/Pharmacima","article_modified_time":"2024-08-08T11:49:59+00:00","og_image":[{"width":500,"height":500,"url":"https:\/\/prixgro.com\/wp-content\/uploads\/2023\/09\/s2345130-main-zoom-1-e1692101531170.jpg","type":"image\/jpeg"}],"twitter_card":"summary_large_image","twitter_misc":{"\u0648\u0642\u062a \u0627\u0644\u0642\u0631\u0627\u0621\u0629 \u0627\u0644\u0645\u064f\u0642\u062f\u0651\u0631":"\u062f\u0642\u064a\u0642\u0629 \u0648\u0627\u062d\u062f\u0629"},"schema":{"@context":"https:\/\/schema.org","@graph":[{"@type":"WebPage","@id":"https:\/\/prixgro.com\/product\/serum-taches-ciblee-30ml-sephora\/","url":"https:\/\/prixgro.com\/product\/serum-taches-ciblee-30ml-sephora\/","name":"Serum Taches Cibl\u00e9e 30ml Sephora - Prixgro","isPartOf":{"@id":"https:\/\/prixgro.com\/#website"},"primaryImageOfPage":{"@id":"https:\/\/prixgro.com\/product\/serum-taches-ciblee-30ml-sephora\/#primaryimage"},"image":{"@id":"https:\/\/prixgro.com\/product\/serum-taches-ciblee-30ml-sephora\/#primaryimage"},"thumbnailUrl":"https:\/\/prixgro.com\/wp-content\/uploads\/2023\/09\/s2345130-main-zoom-1-e1692101531170.jpg","datePublished":"2024-04-09T12:32:23+00:00","dateModified":"2024-08-08T11:49:59+00:00","breadcrumb":{"@id":"https:\/\/prixgro.com\/product\/serum-taches-ciblee-30ml-sephora\/#breadcrumb"},"inLanguage":"ar","potentialAction":[{"@type":"ReadAction","target":["https:\/\/prixgro.com\/product\/serum-taches-ciblee-30ml-sephora\/"]}]},{"@type":"ImageObject","inLanguage":"ar","@id":"https:\/\/prixgro.com\/product\/serum-taches-ciblee-30ml-sephora\/#primaryimage","url":"https:\/\/prixgro.com\/wp-content\/uploads\/2023\/09\/s2345130-main-zoom-1-e1692101531170.jpg","contentUrl":"https:\/\/prixgro.com\/wp-content\/uploads\/2023\/09\/s2345130-main-zoom-1-e1692101531170.jpg","width":500,"height":500},{"@type":"BreadcrumbList","@id":"https:\/\/prixgro.com\/product\/serum-taches-ciblee-30ml-sephora\/#breadcrumb","itemListElement":[{"@type":"ListItem","position":1,"name":"Accueil","item":"https:\/\/prixgro.com\/"},{"@type":"ListItem","position":2,"name":"Boutique en ligne","item":"https:\/\/prixgro.com\/shop\/"},{"@type":"ListItem","position":3,"name":"Serum Taches Cibl\u00e9e 30ml Sephora"}]},{"@type":"WebSite","@id":"https:\/\/prixgro.com\/#website","url":"https:\/\/prixgro.com\/","name":"Prixgro.com","description":"Para Pharmaceutique et Cosm\u00e9tique","publisher":{"@id":"https:\/\/prixgro.com\/#organization"},"potentialAction":[{"@type":"SearchAction","target":{"@type":"EntryPoint","urlTemplate":"https:\/\/prixgro.com\/?s={search_term_string}"},"query-input":{"@type":"PropertyValueSpecification","valueRequired":true,"valueName":"search_term_string"}}],"inLanguage":"ar"},{"@type":"Organization","@id":"https:\/\/prixgro.com\/#organization","name":"Prixgro","url":"https:\/\/prixgro.com\/","logo":{"@type":"ImageObject","inLanguage":"ar","@id":"https:\/\/prixgro.com\/#\/schema\/logo\/image\/","url":"https:\/\/prixgro.com\/wp-content\/uploads\/2024\/08\/cropped-Nouveau-projet-2.png","contentUrl":"https:\/\/prixgro.com\/wp-content\/uploads\/2024\/08\/cropped-Nouveau-projet-2.png","width":265,"height":62,"caption":"Prixgro"},"image":{"@id":"https:\/\/prixgro.com\/#\/schema\/logo\/image\/"},"sameAs":["https:\/\/www.facebook.com\/Pharmacima"]}]}},"_links":{"self":[{"href":"https:\/\/prixgro.com\/ar\/wp-json\/wp\/v2\/product\/142307","targetHints":{"allow":["GET"]}}],"collection":[{"href":"https:\/\/prixgro.com\/ar\/wp-json\/wp\/v2\/product"}],"about":[{"href":"https:\/\/prixgro.com\/ar\/wp-json\/wp\/v2\/types\/product"}],"replies":[{"embeddable":true,"href":"https:\/\/prixgro.com\/ar\/wp-json\/wp\/v2\/comments?post=142307"}],"wp:featuredmedia":[{"embeddable":true,"href":"https:\/\/prixgro.com\/ar\/wp-json\/wp\/v2\/media\/4216"}],"wp:attachment":[{"href":"https:\/\/prixgro.com\/ar\/wp-json\/wp\/v2\/media?parent=142307"}],"wp:term":[{"taxonomy":"product_cat","embeddable":true,"href":"https:\/\/prixgro.com\/ar\/wp-json\/wp\/v2\/product_cat?post=142307"},{"taxonomy":"product_tag","embeddable":true,"href":"https:\/\/prixgro.com\/ar\/wp-json\/wp\/v2\/product_tag?post=142307"},{"taxonomy":"berocket_brand","embeddable":true,"href":"https:\/\/prixgro.com\/ar\/wp-json\/wp\/v2\/berocket_brand?post=142307"}],"curies":[{"name":"wp","href":"https:\/\/api.w.org\/{rel}","templated":true}]}}