{"id":142319,"date":"2024-04-09T14:32:24","date_gmt":"2024-04-09T12:32:24","guid":{"rendered":"https:\/\/cloodmanager.net\/?post_type=product&#038;p=142319"},"modified":"2024-08-08T21:08:23","modified_gmt":"2024-08-08T19:08:23","slug":"elseve-dream-long-shampooing-250ml-loreal","status":"publish","type":"product","link":"https:\/\/prixgro.com\/ar\/product\/elseve-dream-long-shampooing-250ml-loreal\/","title":{"rendered":"Elseve Dream Long Shampooing 250ml L&#8217;Oreal"},"content":{"rendered":"<h2><strong>DESCRIPTION :<\/strong><\/h2>\n<p>Renforcez vos cheveux affaiblis, clairsem\u00e9s et ab\u00eem\u00e9s, de mani\u00e8re visible depuis les pointes ! La formule unique du shampoing r\u00e9novateur L&#8217;Or\u00e9al Paris Elseve Dream Long sera heureuse de vous aider.<\/p>\n<p>Sa texture cr\u00e9meuse, enrichie d&#8217;ingr\u00e9dients b\u00e9n\u00e9fiques tels que l&#8217;huile de ricin, la k\u00e9ratine v\u00e9g\u00e9tale et un cocktail de vitamines, restructure efficacement la fibre capillaire, apporte la nourriture et l&#8217;hydratation n\u00e9cessaires au cuir chevelu et stimule efficacement la repousse des cheveux. Pour une coiffure pleine de force et une belle brillance.<\/p>\n<p><strong>Caract\u00e9ristiques :<\/strong><\/p>\n<ul>\n<li>lave doucement vos cheveux et nettoie votre cuir chevelu<\/li>\n<li>renforce la structure de vos cheveux fins et ab\u00eem\u00e9s<\/li>\n<li>contribue \u00e0 la pousse des cheveux<\/li>\n<li>apporte un \u00e9clat sain \u00e0 vos cheveux<\/li>\n<\/ul>\n<p><strong>Ingr\u00e9dients :<\/strong><\/p>\n<ul>\n<li>k\u00e9ratine v\u00e9g\u00e9tale \u2013 renforce et r\u00e9pare la fibre capillaire<\/li>\n<li>vitamines B3 et B5 \u2013 renforcent, prot\u00e8gent et hydratent les cheveux<\/li>\n<li>huile de ricin \u2013 propri\u00e9t\u00e9s protectrices, stimule la pousse des cheveux<\/li>\n<\/ul>\n<h2>CONSEIL D&#8217;UTILISATION :<\/h2>\n<p>R\u00e9partissez uniform\u00e9ment une petite quantit\u00e9 de shampooing sur vos cheveux et votre peau humides et massez. Laissez mousser et rincez abondamment. R\u00e9p\u00e9tez l&#8217;op\u00e9ration si n\u00e9cessaire.<\/p>\n<h2><strong>COMPOSITION :<\/strong><\/h2>\n<p>AQUA \/ WATER, SODIUM LAURETH SULFATE, GLYCERIN, DIMETHICONE, COCO-BETAINE, SODIUM CHLORIDE, GLYCOL DISTEARATE, GUAR HYDROXYPROPYLTRIMONIUM CHLORIDE, NIACINAMIDE, COCAMIDE MIPA, RICINUS COMMUNIS SEED OIL \/ CASTOR SEED OIL, SODIUM BENZOATE, SODIUM HYDROXIDE, HYDROXYCITRONELLAL, HYDROLYZED WHEAT PROTEIN, HYDROLYZED CORN PROTEIN, HYDROLYZED SOY PROTEIN, PHENOXYETHANOL, SALICYLIC ACID, LIMONENE, FUMARIC ACID, BENZYL SALICYLATE, LINALOOL, BENZYL ALCOHOL, PANTHENOL, ALPHA-ISOMETHYL IONONE, CARBOMER, CITRIC ACID, CITRONELLOL, COUMARIN, HEXYLENE GLYCOL, HEXYL CINNAMAL, PARFUM \/ FRAGRANCE (F.I.L.<\/p>","protected":false},"excerpt":{"rendered":"<h3 class=\"sc-bcXHqe sc-3sotvb-1 eLmsJY cqhtUR\"><em><span class=\"sc-3sotvb-5 bBQCfG\">Shampoing r\u00e9novateur.<\/span><\/em><\/h3>\n<p><strong>Contenance : 250ml<\/strong><\/p>\n<div class=\"sc-fLcnxK eFauDM\" data-testid=\"ratings-wrapper\">\n<div class=\"sc-fnGiBr fvaJPV\">\n<div class=\"sc-fEXmlR bMsIiW\"><\/div>\n<\/div>\n<\/div>","protected":false},"featured_media":4232,"comment_status":"open","ping_status":"closed","template":"","meta":[],"product_cat":[126,17],"product_tag":[],"berocket_brand":[],"class_list":{"0":"post-142319","1":"product","2":"type-product","3":"status-publish","4":"has-post-thumbnail","6":"product_cat-cheveux","7":"product_cat-soin-et-bien-etre","9":"first","10":"outofstock","11":"shipping-taxable","12":"purchasable","13":"product-type-simple"},"yoast_head":"<!-- This site is optimized with the Yoast SEO plugin v24.8 - https:\/\/yoast.com\/wordpress\/plugins\/seo\/ -->\n<title>Elseve Dream Long Shampooing 250ml L&#8217;Oreal - Prixgro<\/title>\n<meta name=\"robots\" content=\"index, follow, max-snippet:-1, max-image-preview:large, max-video-preview:-1\" \/>\n<link rel=\"canonical\" href=\"https:\/\/prixgro.com\/ar\/product\/elseve-dream-long-shampooing-250ml-loreal\/\" \/>\n<meta property=\"og:locale\" content=\"ar_AR\" \/>\n<meta property=\"og:type\" content=\"article\" \/>\n<meta property=\"og:title\" content=\"Elseve Dream Long Shampooing 250ml L&#8217;Oreal - Prixgro\" \/>\n<meta property=\"og:description\" content=\"Shampoing r\u00e9novateur. Contenance : 250ml\" \/>\n<meta property=\"og:url\" content=\"https:\/\/prixgro.com\/ar\/product\/elseve-dream-long-shampooing-250ml-loreal\/\" \/>\n<meta property=\"og:site_name\" content=\"Prixgro\" \/>\n<meta property=\"article:publisher\" content=\"https:\/\/www.facebook.com\/Pharmacima\" \/>\n<meta property=\"article:modified_time\" content=\"2024-08-08T19:08:23+00:00\" \/>\n<meta property=\"og:image\" content=\"https:\/\/prixgro.com\/wp-content\/uploads\/2023\/09\/dream-long-shampooing-loreal-.png\" \/>\n\t<meta property=\"og:image:width\" content=\"540\" \/>\n\t<meta property=\"og:image:height\" content=\"540\" \/>\n\t<meta property=\"og:image:type\" content=\"image\/png\" \/>\n<meta name=\"twitter:card\" content=\"summary_large_image\" \/>\n<meta name=\"twitter:label1\" content=\"\u0648\u0642\u062a \u0627\u0644\u0642\u0631\u0627\u0621\u0629 \u0627\u0644\u0645\u064f\u0642\u062f\u0651\u0631\" \/>\n\t<meta name=\"twitter:data1\" content=\"\u062f\u0642\u064a\u0642\u0629 \u0648\u0627\u062d\u062f\u0629\" \/>\n<script type=\"application\/ld+json\" class=\"yoast-schema-graph\">{\"@context\":\"https:\/\/schema.org\",\"@graph\":[{\"@type\":\"WebPage\",\"@id\":\"https:\/\/prixgro.com\/product\/elseve-dream-long-shampooing-250ml-loreal\/\",\"url\":\"https:\/\/prixgro.com\/product\/elseve-dream-long-shampooing-250ml-loreal\/\",\"name\":\"Elseve Dream Long Shampooing 250ml L&#8217;Oreal - Prixgro\",\"isPartOf\":{\"@id\":\"https:\/\/prixgro.com\/#website\"},\"primaryImageOfPage\":{\"@id\":\"https:\/\/prixgro.com\/product\/elseve-dream-long-shampooing-250ml-loreal\/#primaryimage\"},\"image\":{\"@id\":\"https:\/\/prixgro.com\/product\/elseve-dream-long-shampooing-250ml-loreal\/#primaryimage\"},\"thumbnailUrl\":\"https:\/\/prixgro.com\/wp-content\/uploads\/2023\/09\/dream-long-shampooing-loreal-.png\",\"datePublished\":\"2024-04-09T12:32:24+00:00\",\"dateModified\":\"2024-08-08T19:08:23+00:00\",\"breadcrumb\":{\"@id\":\"https:\/\/prixgro.com\/product\/elseve-dream-long-shampooing-250ml-loreal\/#breadcrumb\"},\"inLanguage\":\"ar\",\"potentialAction\":[{\"@type\":\"ReadAction\",\"target\":[\"https:\/\/prixgro.com\/product\/elseve-dream-long-shampooing-250ml-loreal\/\"]}]},{\"@type\":\"ImageObject\",\"inLanguage\":\"ar\",\"@id\":\"https:\/\/prixgro.com\/product\/elseve-dream-long-shampooing-250ml-loreal\/#primaryimage\",\"url\":\"https:\/\/prixgro.com\/wp-content\/uploads\/2023\/09\/dream-long-shampooing-loreal-.png\",\"contentUrl\":\"https:\/\/prixgro.com\/wp-content\/uploads\/2023\/09\/dream-long-shampooing-loreal-.png\",\"width\":540,\"height\":540},{\"@type\":\"BreadcrumbList\",\"@id\":\"https:\/\/prixgro.com\/product\/elseve-dream-long-shampooing-250ml-loreal\/#breadcrumb\",\"itemListElement\":[{\"@type\":\"ListItem\",\"position\":1,\"name\":\"Accueil\",\"item\":\"https:\/\/prixgro.com\/\"},{\"@type\":\"ListItem\",\"position\":2,\"name\":\"Boutique en ligne\",\"item\":\"https:\/\/prixgro.com\/shop\/\"},{\"@type\":\"ListItem\",\"position\":3,\"name\":\"Elseve Dream Long Shampooing 250ml L&#8217;Oreal\"}]},{\"@type\":\"WebSite\",\"@id\":\"https:\/\/prixgro.com\/#website\",\"url\":\"https:\/\/prixgro.com\/\",\"name\":\"Prixgro.com\",\"description\":\"Para Pharmaceutique et Cosm\u00e9tique\",\"publisher\":{\"@id\":\"https:\/\/prixgro.com\/#organization\"},\"potentialAction\":[{\"@type\":\"SearchAction\",\"target\":{\"@type\":\"EntryPoint\",\"urlTemplate\":\"https:\/\/prixgro.com\/?s={search_term_string}\"},\"query-input\":{\"@type\":\"PropertyValueSpecification\",\"valueRequired\":true,\"valueName\":\"search_term_string\"}}],\"inLanguage\":\"ar\"},{\"@type\":\"Organization\",\"@id\":\"https:\/\/prixgro.com\/#organization\",\"name\":\"Prixgro\",\"url\":\"https:\/\/prixgro.com\/\",\"logo\":{\"@type\":\"ImageObject\",\"inLanguage\":\"ar\",\"@id\":\"https:\/\/prixgro.com\/#\/schema\/logo\/image\/\",\"url\":\"https:\/\/prixgro.com\/wp-content\/uploads\/2024\/08\/cropped-Nouveau-projet-2.png\",\"contentUrl\":\"https:\/\/prixgro.com\/wp-content\/uploads\/2024\/08\/cropped-Nouveau-projet-2.png\",\"width\":265,\"height\":62,\"caption\":\"Prixgro\"},\"image\":{\"@id\":\"https:\/\/prixgro.com\/#\/schema\/logo\/image\/\"},\"sameAs\":[\"https:\/\/www.facebook.com\/Pharmacima\"]}]}<\/script>\n<!-- \/ Yoast SEO plugin. -->","yoast_head_json":{"title":"Elseve Dream Long Shampooing 250ml L&#8217;Oreal - Prixgro","robots":{"index":"index","follow":"follow","max-snippet":"max-snippet:-1","max-image-preview":"max-image-preview:large","max-video-preview":"max-video-preview:-1"},"canonical":"https:\/\/prixgro.com\/ar\/product\/elseve-dream-long-shampooing-250ml-loreal\/","og_locale":"ar_AR","og_type":"article","og_title":"Elseve Dream Long Shampooing 250ml L&#8217;Oreal - Prixgro","og_description":"Shampoing r\u00e9novateur. Contenance : 250ml","og_url":"https:\/\/prixgro.com\/ar\/product\/elseve-dream-long-shampooing-250ml-loreal\/","og_site_name":"Prixgro","article_publisher":"https:\/\/www.facebook.com\/Pharmacima","article_modified_time":"2024-08-08T19:08:23+00:00","og_image":[{"width":540,"height":540,"url":"https:\/\/prixgro.com\/wp-content\/uploads\/2023\/09\/dream-long-shampooing-loreal-.png","type":"image\/png"}],"twitter_card":"summary_large_image","twitter_misc":{"\u0648\u0642\u062a \u0627\u0644\u0642\u0631\u0627\u0621\u0629 \u0627\u0644\u0645\u064f\u0642\u062f\u0651\u0631":"\u062f\u0642\u064a\u0642\u0629 \u0648\u0627\u062d\u062f\u0629"},"schema":{"@context":"https:\/\/schema.org","@graph":[{"@type":"WebPage","@id":"https:\/\/prixgro.com\/product\/elseve-dream-long-shampooing-250ml-loreal\/","url":"https:\/\/prixgro.com\/product\/elseve-dream-long-shampooing-250ml-loreal\/","name":"Elseve Dream Long Shampooing 250ml L&#8217;Oreal - Prixgro","isPartOf":{"@id":"https:\/\/prixgro.com\/#website"},"primaryImageOfPage":{"@id":"https:\/\/prixgro.com\/product\/elseve-dream-long-shampooing-250ml-loreal\/#primaryimage"},"image":{"@id":"https:\/\/prixgro.com\/product\/elseve-dream-long-shampooing-250ml-loreal\/#primaryimage"},"thumbnailUrl":"https:\/\/prixgro.com\/wp-content\/uploads\/2023\/09\/dream-long-shampooing-loreal-.png","datePublished":"2024-04-09T12:32:24+00:00","dateModified":"2024-08-08T19:08:23+00:00","breadcrumb":{"@id":"https:\/\/prixgro.com\/product\/elseve-dream-long-shampooing-250ml-loreal\/#breadcrumb"},"inLanguage":"ar","potentialAction":[{"@type":"ReadAction","target":["https:\/\/prixgro.com\/product\/elseve-dream-long-shampooing-250ml-loreal\/"]}]},{"@type":"ImageObject","inLanguage":"ar","@id":"https:\/\/prixgro.com\/product\/elseve-dream-long-shampooing-250ml-loreal\/#primaryimage","url":"https:\/\/prixgro.com\/wp-content\/uploads\/2023\/09\/dream-long-shampooing-loreal-.png","contentUrl":"https:\/\/prixgro.com\/wp-content\/uploads\/2023\/09\/dream-long-shampooing-loreal-.png","width":540,"height":540},{"@type":"BreadcrumbList","@id":"https:\/\/prixgro.com\/product\/elseve-dream-long-shampooing-250ml-loreal\/#breadcrumb","itemListElement":[{"@type":"ListItem","position":1,"name":"Accueil","item":"https:\/\/prixgro.com\/"},{"@type":"ListItem","position":2,"name":"Boutique en ligne","item":"https:\/\/prixgro.com\/shop\/"},{"@type":"ListItem","position":3,"name":"Elseve Dream Long Shampooing 250ml L&#8217;Oreal"}]},{"@type":"WebSite","@id":"https:\/\/prixgro.com\/#website","url":"https:\/\/prixgro.com\/","name":"Prixgro.com","description":"Para Pharmaceutique et Cosm\u00e9tique","publisher":{"@id":"https:\/\/prixgro.com\/#organization"},"potentialAction":[{"@type":"SearchAction","target":{"@type":"EntryPoint","urlTemplate":"https:\/\/prixgro.com\/?s={search_term_string}"},"query-input":{"@type":"PropertyValueSpecification","valueRequired":true,"valueName":"search_term_string"}}],"inLanguage":"ar"},{"@type":"Organization","@id":"https:\/\/prixgro.com\/#organization","name":"Prixgro","url":"https:\/\/prixgro.com\/","logo":{"@type":"ImageObject","inLanguage":"ar","@id":"https:\/\/prixgro.com\/#\/schema\/logo\/image\/","url":"https:\/\/prixgro.com\/wp-content\/uploads\/2024\/08\/cropped-Nouveau-projet-2.png","contentUrl":"https:\/\/prixgro.com\/wp-content\/uploads\/2024\/08\/cropped-Nouveau-projet-2.png","width":265,"height":62,"caption":"Prixgro"},"image":{"@id":"https:\/\/prixgro.com\/#\/schema\/logo\/image\/"},"sameAs":["https:\/\/www.facebook.com\/Pharmacima"]}]}},"_links":{"self":[{"href":"https:\/\/prixgro.com\/ar\/wp-json\/wp\/v2\/product\/142319","targetHints":{"allow":["GET"]}}],"collection":[{"href":"https:\/\/prixgro.com\/ar\/wp-json\/wp\/v2\/product"}],"about":[{"href":"https:\/\/prixgro.com\/ar\/wp-json\/wp\/v2\/types\/product"}],"replies":[{"embeddable":true,"href":"https:\/\/prixgro.com\/ar\/wp-json\/wp\/v2\/comments?post=142319"}],"wp:featuredmedia":[{"embeddable":true,"href":"https:\/\/prixgro.com\/ar\/wp-json\/wp\/v2\/media\/4232"}],"wp:attachment":[{"href":"https:\/\/prixgro.com\/ar\/wp-json\/wp\/v2\/media?parent=142319"}],"wp:term":[{"taxonomy":"product_cat","embeddable":true,"href":"https:\/\/prixgro.com\/ar\/wp-json\/wp\/v2\/product_cat?post=142319"},{"taxonomy":"product_tag","embeddable":true,"href":"https:\/\/prixgro.com\/ar\/wp-json\/wp\/v2\/product_tag?post=142319"},{"taxonomy":"berocket_brand","embeddable":true,"href":"https:\/\/prixgro.com\/ar\/wp-json\/wp\/v2\/berocket_brand?post=142319"}],"curies":[{"name":"wp","href":"https:\/\/api.w.org\/{rel}","templated":true}]}}