{"id":142322,"date":"2024-04-09T14:32:24","date_gmt":"2024-04-09T12:32:24","guid":{"rendered":"https:\/\/cloodmanager.net\/?post_type=product&#038;p=142322"},"modified":"2024-08-08T13:46:54","modified_gmt":"2024-08-08T11:46:54","slug":"hydra-3d-lipgloss-20-chestnut-kiko","status":"publish","type":"product","link":"https:\/\/prixgro.com\/ar\/product\/hydra-3d-lipgloss-20-chestnut-kiko\/","title":{"rendered":"Hydra 3D LipGloss 20 Chestnut Kiko"},"content":{"rendered":"<h2><strong>DESCRIPTION :<\/strong><\/h2>\n<p>Gloss \u00e0 l\u00e8vres adoucissant pour des l\u00e8vres brillantes et repulp\u00e9es. La texture douce est merveilleuse, se fond dans les l\u00e8vres et les laisse lisses et \u00e9clatantes. La formule contient de l&#8217;extrait de Bidens*.<\/p>\n<p>L&#8217;application \u00e9veille vos sens et laisse les l\u00e8vres merveilleuses. Le produit glisse sans effort et adh\u00e8re imm\u00e9diatement.<\/p>\n<p>Le packaging contemporain se d\u00e9marque par son capuchon m\u00e9tallique avec le logo KK emboss\u00e9 sur le c\u00f4t\u00e9. L\u2019applicateur \u00e0 baguette souple est con\u00e7u pour accentuer la texture du gloss et dessiner avec pr\u00e9cision les l\u00e8vres.<\/p>\n<p>&nbsp;<\/p>\n<p>Test\u00e9 dermatologiquement.<\/p>\n<p>Non com\u00e9dog\u00e8ne.<\/p>\n<h2><strong>COMPOSITION :<\/strong><\/h2>\n<p>POLYBUTENE, OCTYLDODECANOL, OCTYLDODECYL STEAROYL STEARATE, SILICA DIMETHYL SILYLATE, TRIETHYLHEXANOIN, TRIISODECYL TRIMELLITATE, ISOCETYL STEARATE, DIISOSTEARYL MALATE, PENTAERYTHRITYL TETRAISOSTEARATE, PHENYLPROPYLDIMETHYLSILOXYSILICATE, GLYCERYL BEHENATE\/EICOSADIOATE, ELAEIS GUINEENSIS OIL (ELAEIS GUINEENSIS (PALM) OIL), GOSSYPIUM HERBACEUM SEED OIL (GOSSYPIUM HERBACEUM (COTTON) SEED OIL), BIDENS PILOSA EXTRACT, LINUM USITATISSIMUM SEED OIL (LINUM USITATISSIMUM (LINSEED) SEED OIL), TOCOPHEROL, DIETHYLHEXYL SYRINGYLIDENEMALONATE, CAPRYLIC\/CAPRIC TRIGLYCERIDE, TOCOPHERYL ACETATE, ETHYL VANILLIN, CALCIUM SODIUM BOROSILICATE, CALCIUM ALUMINUM BOROSILICATE, SILICA, SYNTHETIC FLUORPHLOGOPITE, MICA, TIN OXIDE. +\/-(MAY CONTAIN): CI 77891 (TITANIUM DIOXIDE), CI 77491 &#8211; CI 77492 &#8211; CI 77499 (IRON OXIDES), CI 15850 (RED 6), CI 15850 (RED 7), CI 19140 (YELLOW 5 LAKE), CI 45410 (RED 28 LAKE), CI 42090 (BLUE 1 LAKE).<\/p>","protected":false},"excerpt":{"rendered":"<h3><em><strong>Gloss \u00e0 l\u00e8vres adoucissant pour des l\u00e8vres brillantes et repulp\u00e9es.<\/strong><\/em><\/h3>\n<h3 class=\"product-title\"><em><strong><span style=\"color: #993366;\">20 Chestnut.<\/span><\/strong><\/em><\/h3>","protected":false},"featured_media":4236,"comment_status":"open","ping_status":"closed","template":"","meta":[],"product_cat":[432,429],"product_tag":[],"berocket_brand":[703],"class_list":{"0":"post-142322","1":"product","2":"type-product","3":"status-publish","4":"has-post-thumbnail","6":"product_cat-levres-maquillage","7":"product_cat-maquillage","8":"berocket_brand-kiko","10":"first","11":"outofstock","12":"shipping-taxable","13":"purchasable","14":"product-type-simple"},"yoast_head":"<!-- This site is optimized with the Yoast SEO plugin v24.8 - https:\/\/yoast.com\/wordpress\/plugins\/seo\/ -->\n<title>Hydra 3D LipGloss 20 Chestnut Kiko - Prixgro<\/title>\n<meta name=\"description\" content=\"Gloss \u00e0 l\u00e8vres adoucissant pour des l\u00e8vres brillantes et repulp\u00e9es. La texture douce est merveilleuse, se fond dans les l\u00e8vres et les laisse lisses et\" \/>\n<meta name=\"robots\" content=\"index, follow, max-snippet:-1, max-image-preview:large, max-video-preview:-1\" \/>\n<link rel=\"canonical\" href=\"https:\/\/prixgro.com\/ar\/product\/hydra-3d-lipgloss-20-chestnut-kiko\/\" \/>\n<meta property=\"og:locale\" content=\"ar_AR\" \/>\n<meta property=\"og:type\" content=\"article\" \/>\n<meta property=\"og:title\" content=\"Hydra 3D LipGloss 20 Chestnut Kiko - Prixgro\" \/>\n<meta property=\"og:description\" content=\"Gloss \u00e0 l\u00e8vres adoucissant pour des l\u00e8vres brillantes et repulp\u00e9es. La texture douce est merveilleuse, se fond dans les l\u00e8vres et les laisse lisses et\" \/>\n<meta property=\"og:url\" content=\"https:\/\/prixgro.com\/ar\/product\/hydra-3d-lipgloss-20-chestnut-kiko\/\" \/>\n<meta property=\"og:site_name\" content=\"Prixgro\" \/>\n<meta property=\"article:publisher\" content=\"https:\/\/www.facebook.com\/Pharmacima\" \/>\n<meta property=\"article:modified_time\" content=\"2024-08-08T11:46:54+00:00\" \/>\n<meta property=\"og:image\" content=\"https:\/\/prixgro.com\/wp-content\/uploads\/2023\/09\/KM0020201802044principale_900Wx900H-e1693229525778.jpg\" \/>\n\t<meta property=\"og:image:width\" content=\"500\" \/>\n\t<meta property=\"og:image:height\" content=\"500\" \/>\n\t<meta property=\"og:image:type\" content=\"image\/jpeg\" \/>\n<meta name=\"twitter:card\" content=\"summary_large_image\" \/>\n<meta name=\"twitter:label1\" content=\"\u0648\u0642\u062a \u0627\u0644\u0642\u0631\u0627\u0621\u0629 \u0627\u0644\u0645\u064f\u0642\u062f\u0651\u0631\" \/>\n\t<meta name=\"twitter:data1\" content=\"\u062f\u0642\u064a\u0642\u062a\u0627\u0646\" \/>\n<script type=\"application\/ld+json\" class=\"yoast-schema-graph\">{\"@context\":\"https:\/\/schema.org\",\"@graph\":[{\"@type\":\"WebPage\",\"@id\":\"https:\/\/prixgro.com\/product\/hydra-3d-lipgloss-20-chestnut-kiko\/\",\"url\":\"https:\/\/prixgro.com\/product\/hydra-3d-lipgloss-20-chestnut-kiko\/\",\"name\":\"Hydra 3D LipGloss 20 Chestnut Kiko - Prixgro\",\"isPartOf\":{\"@id\":\"https:\/\/prixgro.com\/#website\"},\"primaryImageOfPage\":{\"@id\":\"https:\/\/prixgro.com\/product\/hydra-3d-lipgloss-20-chestnut-kiko\/#primaryimage\"},\"image\":{\"@id\":\"https:\/\/prixgro.com\/product\/hydra-3d-lipgloss-20-chestnut-kiko\/#primaryimage\"},\"thumbnailUrl\":\"https:\/\/prixgro.com\/wp-content\/uploads\/2023\/09\/KM0020201802044principale_900Wx900H-e1693229525778.jpg\",\"datePublished\":\"2024-04-09T12:32:24+00:00\",\"dateModified\":\"2024-08-08T11:46:54+00:00\",\"description\":\"Gloss \u00e0 l\u00e8vres adoucissant pour des l\u00e8vres brillantes et repulp\u00e9es. La texture douce est merveilleuse, se fond dans les l\u00e8vres et les laisse lisses et\",\"breadcrumb\":{\"@id\":\"https:\/\/prixgro.com\/product\/hydra-3d-lipgloss-20-chestnut-kiko\/#breadcrumb\"},\"inLanguage\":\"ar\",\"potentialAction\":[{\"@type\":\"ReadAction\",\"target\":[\"https:\/\/prixgro.com\/product\/hydra-3d-lipgloss-20-chestnut-kiko\/\"]}]},{\"@type\":\"ImageObject\",\"inLanguage\":\"ar\",\"@id\":\"https:\/\/prixgro.com\/product\/hydra-3d-lipgloss-20-chestnut-kiko\/#primaryimage\",\"url\":\"https:\/\/prixgro.com\/wp-content\/uploads\/2023\/09\/KM0020201802044principale_900Wx900H-e1693229525778.jpg\",\"contentUrl\":\"https:\/\/prixgro.com\/wp-content\/uploads\/2023\/09\/KM0020201802044principale_900Wx900H-e1693229525778.jpg\",\"width\":500,\"height\":500},{\"@type\":\"BreadcrumbList\",\"@id\":\"https:\/\/prixgro.com\/product\/hydra-3d-lipgloss-20-chestnut-kiko\/#breadcrumb\",\"itemListElement\":[{\"@type\":\"ListItem\",\"position\":1,\"name\":\"Accueil\",\"item\":\"https:\/\/prixgro.com\/\"},{\"@type\":\"ListItem\",\"position\":2,\"name\":\"Boutique en ligne\",\"item\":\"https:\/\/prixgro.com\/shop\/\"},{\"@type\":\"ListItem\",\"position\":3,\"name\":\"Hydra 3D LipGloss 20 Chestnut Kiko\"}]},{\"@type\":\"WebSite\",\"@id\":\"https:\/\/prixgro.com\/#website\",\"url\":\"https:\/\/prixgro.com\/\",\"name\":\"Prixgro.com\",\"description\":\"Para Pharmaceutique et Cosm\u00e9tique\",\"publisher\":{\"@id\":\"https:\/\/prixgro.com\/#organization\"},\"potentialAction\":[{\"@type\":\"SearchAction\",\"target\":{\"@type\":\"EntryPoint\",\"urlTemplate\":\"https:\/\/prixgro.com\/?s={search_term_string}\"},\"query-input\":{\"@type\":\"PropertyValueSpecification\",\"valueRequired\":true,\"valueName\":\"search_term_string\"}}],\"inLanguage\":\"ar\"},{\"@type\":\"Organization\",\"@id\":\"https:\/\/prixgro.com\/#organization\",\"name\":\"Prixgro\",\"url\":\"https:\/\/prixgro.com\/\",\"logo\":{\"@type\":\"ImageObject\",\"inLanguage\":\"ar\",\"@id\":\"https:\/\/prixgro.com\/#\/schema\/logo\/image\/\",\"url\":\"https:\/\/prixgro.com\/wp-content\/uploads\/2024\/08\/cropped-Nouveau-projet-2.png\",\"contentUrl\":\"https:\/\/prixgro.com\/wp-content\/uploads\/2024\/08\/cropped-Nouveau-projet-2.png\",\"width\":265,\"height\":62,\"caption\":\"Prixgro\"},\"image\":{\"@id\":\"https:\/\/prixgro.com\/#\/schema\/logo\/image\/\"},\"sameAs\":[\"https:\/\/www.facebook.com\/Pharmacima\"]}]}<\/script>\n<!-- \/ Yoast SEO plugin. -->","yoast_head_json":{"title":"Hydra 3D LipGloss 20 Chestnut Kiko - Prixgro","description":"Gloss \u00e0 l\u00e8vres adoucissant pour des l\u00e8vres brillantes et repulp\u00e9es. La texture douce est merveilleuse, se fond dans les l\u00e8vres et les laisse lisses et","robots":{"index":"index","follow":"follow","max-snippet":"max-snippet:-1","max-image-preview":"max-image-preview:large","max-video-preview":"max-video-preview:-1"},"canonical":"https:\/\/prixgro.com\/ar\/product\/hydra-3d-lipgloss-20-chestnut-kiko\/","og_locale":"ar_AR","og_type":"article","og_title":"Hydra 3D LipGloss 20 Chestnut Kiko - Prixgro","og_description":"Gloss \u00e0 l\u00e8vres adoucissant pour des l\u00e8vres brillantes et repulp\u00e9es. La texture douce est merveilleuse, se fond dans les l\u00e8vres et les laisse lisses et","og_url":"https:\/\/prixgro.com\/ar\/product\/hydra-3d-lipgloss-20-chestnut-kiko\/","og_site_name":"Prixgro","article_publisher":"https:\/\/www.facebook.com\/Pharmacima","article_modified_time":"2024-08-08T11:46:54+00:00","og_image":[{"width":500,"height":500,"url":"https:\/\/prixgro.com\/wp-content\/uploads\/2023\/09\/KM0020201802044principale_900Wx900H-e1693229525778.jpg","type":"image\/jpeg"}],"twitter_card":"summary_large_image","twitter_misc":{"\u0648\u0642\u062a \u0627\u0644\u0642\u0631\u0627\u0621\u0629 \u0627\u0644\u0645\u064f\u0642\u062f\u0651\u0631":"\u062f\u0642\u064a\u0642\u062a\u0627\u0646"},"schema":{"@context":"https:\/\/schema.org","@graph":[{"@type":"WebPage","@id":"https:\/\/prixgro.com\/product\/hydra-3d-lipgloss-20-chestnut-kiko\/","url":"https:\/\/prixgro.com\/product\/hydra-3d-lipgloss-20-chestnut-kiko\/","name":"Hydra 3D LipGloss 20 Chestnut Kiko - Prixgro","isPartOf":{"@id":"https:\/\/prixgro.com\/#website"},"primaryImageOfPage":{"@id":"https:\/\/prixgro.com\/product\/hydra-3d-lipgloss-20-chestnut-kiko\/#primaryimage"},"image":{"@id":"https:\/\/prixgro.com\/product\/hydra-3d-lipgloss-20-chestnut-kiko\/#primaryimage"},"thumbnailUrl":"https:\/\/prixgro.com\/wp-content\/uploads\/2023\/09\/KM0020201802044principale_900Wx900H-e1693229525778.jpg","datePublished":"2024-04-09T12:32:24+00:00","dateModified":"2024-08-08T11:46:54+00:00","description":"Gloss \u00e0 l\u00e8vres adoucissant pour des l\u00e8vres brillantes et repulp\u00e9es. La texture douce est merveilleuse, se fond dans les l\u00e8vres et les laisse lisses et","breadcrumb":{"@id":"https:\/\/prixgro.com\/product\/hydra-3d-lipgloss-20-chestnut-kiko\/#breadcrumb"},"inLanguage":"ar","potentialAction":[{"@type":"ReadAction","target":["https:\/\/prixgro.com\/product\/hydra-3d-lipgloss-20-chestnut-kiko\/"]}]},{"@type":"ImageObject","inLanguage":"ar","@id":"https:\/\/prixgro.com\/product\/hydra-3d-lipgloss-20-chestnut-kiko\/#primaryimage","url":"https:\/\/prixgro.com\/wp-content\/uploads\/2023\/09\/KM0020201802044principale_900Wx900H-e1693229525778.jpg","contentUrl":"https:\/\/prixgro.com\/wp-content\/uploads\/2023\/09\/KM0020201802044principale_900Wx900H-e1693229525778.jpg","width":500,"height":500},{"@type":"BreadcrumbList","@id":"https:\/\/prixgro.com\/product\/hydra-3d-lipgloss-20-chestnut-kiko\/#breadcrumb","itemListElement":[{"@type":"ListItem","position":1,"name":"Accueil","item":"https:\/\/prixgro.com\/"},{"@type":"ListItem","position":2,"name":"Boutique en ligne","item":"https:\/\/prixgro.com\/shop\/"},{"@type":"ListItem","position":3,"name":"Hydra 3D LipGloss 20 Chestnut Kiko"}]},{"@type":"WebSite","@id":"https:\/\/prixgro.com\/#website","url":"https:\/\/prixgro.com\/","name":"Prixgro.com","description":"Para Pharmaceutique et Cosm\u00e9tique","publisher":{"@id":"https:\/\/prixgro.com\/#organization"},"potentialAction":[{"@type":"SearchAction","target":{"@type":"EntryPoint","urlTemplate":"https:\/\/prixgro.com\/?s={search_term_string}"},"query-input":{"@type":"PropertyValueSpecification","valueRequired":true,"valueName":"search_term_string"}}],"inLanguage":"ar"},{"@type":"Organization","@id":"https:\/\/prixgro.com\/#organization","name":"Prixgro","url":"https:\/\/prixgro.com\/","logo":{"@type":"ImageObject","inLanguage":"ar","@id":"https:\/\/prixgro.com\/#\/schema\/logo\/image\/","url":"https:\/\/prixgro.com\/wp-content\/uploads\/2024\/08\/cropped-Nouveau-projet-2.png","contentUrl":"https:\/\/prixgro.com\/wp-content\/uploads\/2024\/08\/cropped-Nouveau-projet-2.png","width":265,"height":62,"caption":"Prixgro"},"image":{"@id":"https:\/\/prixgro.com\/#\/schema\/logo\/image\/"},"sameAs":["https:\/\/www.facebook.com\/Pharmacima"]}]}},"_links":{"self":[{"href":"https:\/\/prixgro.com\/ar\/wp-json\/wp\/v2\/product\/142322","targetHints":{"allow":["GET"]}}],"collection":[{"href":"https:\/\/prixgro.com\/ar\/wp-json\/wp\/v2\/product"}],"about":[{"href":"https:\/\/prixgro.com\/ar\/wp-json\/wp\/v2\/types\/product"}],"replies":[{"embeddable":true,"href":"https:\/\/prixgro.com\/ar\/wp-json\/wp\/v2\/comments?post=142322"}],"wp:featuredmedia":[{"embeddable":true,"href":"https:\/\/prixgro.com\/ar\/wp-json\/wp\/v2\/media\/4236"}],"wp:attachment":[{"href":"https:\/\/prixgro.com\/ar\/wp-json\/wp\/v2\/media?parent=142322"}],"wp:term":[{"taxonomy":"product_cat","embeddable":true,"href":"https:\/\/prixgro.com\/ar\/wp-json\/wp\/v2\/product_cat?post=142322"},{"taxonomy":"product_tag","embeddable":true,"href":"https:\/\/prixgro.com\/ar\/wp-json\/wp\/v2\/product_tag?post=142322"},{"taxonomy":"berocket_brand","embeddable":true,"href":"https:\/\/prixgro.com\/ar\/wp-json\/wp\/v2\/berocket_brand?post=142322"}],"curies":[{"name":"wp","href":"https:\/\/api.w.org\/{rel}","templated":true}]}}