{"id":142328,"date":"2024-04-09T14:32:25","date_gmt":"2024-04-09T12:32:25","guid":{"rendered":"https:\/\/cloodmanager.net\/?post_type=product&#038;p=142328"},"modified":"2024-08-08T13:46:18","modified_gmt":"2024-08-08T11:46:18","slug":"coffret-parfum-follow-your-dreams-nocibe","status":"publish","type":"product","link":"https:\/\/prixgro.com\/ar\/product\/coffret-parfum-follow-your-dreams-nocibe\/","title":{"rendered":"Coffret Parfum Follow Your Dreams Nocib\u00e9"},"content":{"rendered":"<h2><strong>DESCRIPTION :<\/strong><\/h2>\n<p><strong>\u00a0Eau de Parfum Follow Your Dreams (50 ml) \u2022 Lait pour le corps Follow Your Dreams (75 ml)<\/strong><\/p>\n<p>D\u00e9couvrez l&#8217;Eau de parfum Follow Your Dreams associ\u00e9 \u00e0 un lait pour le corps parfum\u00e9. Un cadeau inoubliable.<\/p>\n<p>Le coffret parfum contient :<\/p>\n<p>&#8211; Une eau de parfum Follow Your Dreams, 50 ml, compos\u00e9e de 99,9% d&#8217;ingr\u00e9dients d&#8217;origine naturelle. L\u2019Eau de Parfum Follow Your Dreams invite \u00e0 une escapade \u00e0 la fois douce et romantique. Fermez les yeux et laissez-vous emporter par les notes de t\u00eate fra\u00eeches et vibrantes, associant le poivre noir de Madagascar \u00e0 l\u2019huile de citron d\u2019Italie. Les notes de c\u0153ur, r\u00e9confortantes et fleuries, marient l\u2019accord rose \u00e0 l\u2019huile de G\u00e9ranium d\u2019Egypte Le bois de c\u00e8dre et le musc blanc renforcent cette sensation de douceur et de confort en notes de fond.<\/p>\n<p>&#8211; Un lait pour le corps Follow Your Dreams, 75 ml. Subtilement parfum\u00e9 aux effluves du parfum Follow Your Dreams.<\/p>\n<h2><strong>CONSEIL D&#8217;UTILISATION :\u00a0<\/strong><\/h2>\n<p>1. Appliquez le lait pour le corps Follow Your Dreams.<br \/>\n2. Vaporisez Follow Your Dreams Eau de Parfum sur les points de pulsation (sur les poignets, derri\u00e8re les oreilles et sur le cou).<\/p>\n<h2><strong>COMPOSITION :<\/strong><\/h2>\n<div class=\"prdct__content go-back\">\n<div id=\"prdct-details\" class=\"prdct__details\">\n<div class=\"prdct__details-wrap\">\n<div id=\"ingredients\" class=\"prdct__details-content\">\n<p>Eau de Parfum Follow Your Dreams : Alcohol Denat., Parfum, Aqua, Limonene, Eugenol, Citral, Citronellol, Geraniol, Linalool. Lait pour le corps Follow Your Dreams : Aqua, Glycerin, Octyldodecanol, Parfum, Glyceryl Stearate, Oleyl Erucate, Dicaprylyl Ether, Sodium Polyacrylate, Ceteareth-20, Hydrogenated Polydecene, Betaine, Ceteareth-12, Cetearyl Alcohol, Cetyl Palmitate, Xanthan Gum, Allantoin, Disodium EDTA, Ethylhexylglycerin, Tocopheryl Acetate, PPG-5-Laureth-5, Limonene, Eugenol, Citral, Citronellol, Tocopherol, Hydrogenated Palm Glycerides Citrate, Phenoxyethanol.<\/p>\n<\/div>\n<\/div>\n<\/div>\n<\/div>\n<div class=\"prdct__curalate\" data-crl8-container-id=\"product\" data-crl8-filter=\"productId:286725\">\n<div id=\"crl8-product-carousel\">\n<div>\n<div>\n<div class=\"sc-16tt03d-0 bwjkag\" aria-hidden=\"false\">\n<div class=\"sc-2ky50q-0 eCzXLU\">\n<div><\/div>\n<\/div>\n<\/div>\n<\/div>\n<\/div>\n<\/div>\n<\/div>\n<div><\/div>","protected":false},"excerpt":{"rendered":"<ul>\n<li>\n<h3><span style=\"color: #fa73dd;\"><em><strong>\u00a0Eau de Parfum Follow Your Dreams (50 ml)<\/strong><\/em><\/span><\/h3>\n<\/li>\n<li>\n<h3><em><strong>\u00a0Lait pour le corps Follow Your Dreams (75 ml)<\/strong><\/em><\/h3>\n<\/li>\n<\/ul>","protected":false},"featured_media":4264,"comment_status":"open","ping_status":"closed","template":"","meta":[],"product_cat":[64,17],"product_tag":[],"berocket_brand":[722],"class_list":{"0":"post-142328","1":"product","2":"type-product","3":"status-publish","4":"has-post-thumbnail","6":"product_cat-corps","7":"product_cat-soin-et-bien-etre","8":"berocket_brand-nocibe","10":"first","11":"outofstock","12":"shipping-taxable","13":"purchasable","14":"product-type-simple"},"yoast_head":"<!-- This site is optimized with the Yoast SEO plugin v24.8 - https:\/\/yoast.com\/wordpress\/plugins\/seo\/ -->\n<title>Coffret Parfum Follow Your Dreams Nocib\u00e9 - Prixgro<\/title>\n<meta name=\"description\" content=\"- Une eau de parfum Follow Your Dreams, 50 ml, compos\u00e9e de 99,9% d&#039;ingr\u00e9dients d&#039;origine naturelle. L\u2019Eau de Parfum Follow Your Dreams\" \/>\n<meta name=\"robots\" content=\"index, follow, max-snippet:-1, max-image-preview:large, max-video-preview:-1\" \/>\n<link rel=\"canonical\" href=\"https:\/\/prixgro.com\/ar\/product\/coffret-parfum-follow-your-dreams-nocibe\/\" \/>\n<meta property=\"og:locale\" content=\"ar_AR\" \/>\n<meta property=\"og:type\" content=\"article\" \/>\n<meta property=\"og:title\" content=\"Coffret Parfum Follow Your Dreams Nocib\u00e9 - Prixgro\" \/>\n<meta property=\"og:description\" content=\"- Une eau de parfum Follow Your Dreams, 50 ml, compos\u00e9e de 99,9% d&#039;ingr\u00e9dients d&#039;origine naturelle. L\u2019Eau de Parfum Follow Your Dreams\" \/>\n<meta property=\"og:url\" content=\"https:\/\/prixgro.com\/ar\/product\/coffret-parfum-follow-your-dreams-nocibe\/\" \/>\n<meta property=\"og:site_name\" content=\"Prixgro\" \/>\n<meta property=\"article:publisher\" content=\"https:\/\/www.facebook.com\/Pharmacima\" \/>\n<meta property=\"article:modified_time\" content=\"2024-08-08T11:46:18+00:00\" \/>\n<meta property=\"og:image\" content=\"https:\/\/prixgro.com\/wp-content\/uploads\/2023\/09\/coffret-nocibe-e1693316433264.jpg\" \/>\n\t<meta property=\"og:image:width\" content=\"500\" \/>\n\t<meta property=\"og:image:height\" content=\"500\" \/>\n\t<meta property=\"og:image:type\" content=\"image\/jpeg\" \/>\n<meta name=\"twitter:card\" content=\"summary_large_image\" \/>\n<meta name=\"twitter:label1\" content=\"\u0648\u0642\u062a \u0627\u0644\u0642\u0631\u0627\u0621\u0629 \u0627\u0644\u0645\u064f\u0642\u062f\u0651\u0631\" \/>\n\t<meta name=\"twitter:data1\" content=\"\u062f\u0642\u064a\u0642\u062a\u0627\u0646\" \/>\n<script type=\"application\/ld+json\" class=\"yoast-schema-graph\">{\"@context\":\"https:\/\/schema.org\",\"@graph\":[{\"@type\":\"WebPage\",\"@id\":\"https:\/\/prixgro.com\/product\/coffret-parfum-follow-your-dreams-nocibe\/\",\"url\":\"https:\/\/prixgro.com\/product\/coffret-parfum-follow-your-dreams-nocibe\/\",\"name\":\"Coffret Parfum Follow Your Dreams Nocib\u00e9 - Prixgro\",\"isPartOf\":{\"@id\":\"https:\/\/prixgro.com\/#website\"},\"primaryImageOfPage\":{\"@id\":\"https:\/\/prixgro.com\/product\/coffret-parfum-follow-your-dreams-nocibe\/#primaryimage\"},\"image\":{\"@id\":\"https:\/\/prixgro.com\/product\/coffret-parfum-follow-your-dreams-nocibe\/#primaryimage\"},\"thumbnailUrl\":\"https:\/\/prixgro.com\/wp-content\/uploads\/2023\/09\/coffret-nocibe-e1693316433264.jpg\",\"datePublished\":\"2024-04-09T12:32:25+00:00\",\"dateModified\":\"2024-08-08T11:46:18+00:00\",\"description\":\"- Une eau de parfum Follow Your Dreams, 50 ml, compos\u00e9e de 99,9% d'ingr\u00e9dients d'origine naturelle. L\u2019Eau de Parfum Follow Your Dreams\",\"breadcrumb\":{\"@id\":\"https:\/\/prixgro.com\/product\/coffret-parfum-follow-your-dreams-nocibe\/#breadcrumb\"},\"inLanguage\":\"ar\",\"potentialAction\":[{\"@type\":\"ReadAction\",\"target\":[\"https:\/\/prixgro.com\/product\/coffret-parfum-follow-your-dreams-nocibe\/\"]}]},{\"@type\":\"ImageObject\",\"inLanguage\":\"ar\",\"@id\":\"https:\/\/prixgro.com\/product\/coffret-parfum-follow-your-dreams-nocibe\/#primaryimage\",\"url\":\"https:\/\/prixgro.com\/wp-content\/uploads\/2023\/09\/coffret-nocibe-e1693316433264.jpg\",\"contentUrl\":\"https:\/\/prixgro.com\/wp-content\/uploads\/2023\/09\/coffret-nocibe-e1693316433264.jpg\",\"width\":500,\"height\":500},{\"@type\":\"BreadcrumbList\",\"@id\":\"https:\/\/prixgro.com\/product\/coffret-parfum-follow-your-dreams-nocibe\/#breadcrumb\",\"itemListElement\":[{\"@type\":\"ListItem\",\"position\":1,\"name\":\"Accueil\",\"item\":\"https:\/\/prixgro.com\/\"},{\"@type\":\"ListItem\",\"position\":2,\"name\":\"Boutique en ligne\",\"item\":\"https:\/\/prixgro.com\/shop\/\"},{\"@type\":\"ListItem\",\"position\":3,\"name\":\"Coffret Parfum Follow Your Dreams Nocib\u00e9\"}]},{\"@type\":\"WebSite\",\"@id\":\"https:\/\/prixgro.com\/#website\",\"url\":\"https:\/\/prixgro.com\/\",\"name\":\"Prixgro.com\",\"description\":\"Para Pharmaceutique et Cosm\u00e9tique\",\"publisher\":{\"@id\":\"https:\/\/prixgro.com\/#organization\"},\"potentialAction\":[{\"@type\":\"SearchAction\",\"target\":{\"@type\":\"EntryPoint\",\"urlTemplate\":\"https:\/\/prixgro.com\/?s={search_term_string}\"},\"query-input\":{\"@type\":\"PropertyValueSpecification\",\"valueRequired\":true,\"valueName\":\"search_term_string\"}}],\"inLanguage\":\"ar\"},{\"@type\":\"Organization\",\"@id\":\"https:\/\/prixgro.com\/#organization\",\"name\":\"Prixgro\",\"url\":\"https:\/\/prixgro.com\/\",\"logo\":{\"@type\":\"ImageObject\",\"inLanguage\":\"ar\",\"@id\":\"https:\/\/prixgro.com\/#\/schema\/logo\/image\/\",\"url\":\"https:\/\/prixgro.com\/wp-content\/uploads\/2024\/08\/cropped-Nouveau-projet-2.png\",\"contentUrl\":\"https:\/\/prixgro.com\/wp-content\/uploads\/2024\/08\/cropped-Nouveau-projet-2.png\",\"width\":265,\"height\":62,\"caption\":\"Prixgro\"},\"image\":{\"@id\":\"https:\/\/prixgro.com\/#\/schema\/logo\/image\/\"},\"sameAs\":[\"https:\/\/www.facebook.com\/Pharmacima\"]}]}<\/script>\n<!-- \/ Yoast SEO plugin. -->","yoast_head_json":{"title":"Coffret Parfum Follow Your Dreams Nocib\u00e9 - Prixgro","description":"- Une eau de parfum Follow Your Dreams, 50 ml, compos\u00e9e de 99,9% d'ingr\u00e9dients d'origine naturelle. L\u2019Eau de Parfum Follow Your Dreams","robots":{"index":"index","follow":"follow","max-snippet":"max-snippet:-1","max-image-preview":"max-image-preview:large","max-video-preview":"max-video-preview:-1"},"canonical":"https:\/\/prixgro.com\/ar\/product\/coffret-parfum-follow-your-dreams-nocibe\/","og_locale":"ar_AR","og_type":"article","og_title":"Coffret Parfum Follow Your Dreams Nocib\u00e9 - Prixgro","og_description":"- Une eau de parfum Follow Your Dreams, 50 ml, compos\u00e9e de 99,9% d'ingr\u00e9dients d'origine naturelle. L\u2019Eau de Parfum Follow Your Dreams","og_url":"https:\/\/prixgro.com\/ar\/product\/coffret-parfum-follow-your-dreams-nocibe\/","og_site_name":"Prixgro","article_publisher":"https:\/\/www.facebook.com\/Pharmacima","article_modified_time":"2024-08-08T11:46:18+00:00","og_image":[{"width":500,"height":500,"url":"https:\/\/prixgro.com\/wp-content\/uploads\/2023\/09\/coffret-nocibe-e1693316433264.jpg","type":"image\/jpeg"}],"twitter_card":"summary_large_image","twitter_misc":{"\u0648\u0642\u062a \u0627\u0644\u0642\u0631\u0627\u0621\u0629 \u0627\u0644\u0645\u064f\u0642\u062f\u0651\u0631":"\u062f\u0642\u064a\u0642\u062a\u0627\u0646"},"schema":{"@context":"https:\/\/schema.org","@graph":[{"@type":"WebPage","@id":"https:\/\/prixgro.com\/product\/coffret-parfum-follow-your-dreams-nocibe\/","url":"https:\/\/prixgro.com\/product\/coffret-parfum-follow-your-dreams-nocibe\/","name":"Coffret Parfum Follow Your Dreams Nocib\u00e9 - Prixgro","isPartOf":{"@id":"https:\/\/prixgro.com\/#website"},"primaryImageOfPage":{"@id":"https:\/\/prixgro.com\/product\/coffret-parfum-follow-your-dreams-nocibe\/#primaryimage"},"image":{"@id":"https:\/\/prixgro.com\/product\/coffret-parfum-follow-your-dreams-nocibe\/#primaryimage"},"thumbnailUrl":"https:\/\/prixgro.com\/wp-content\/uploads\/2023\/09\/coffret-nocibe-e1693316433264.jpg","datePublished":"2024-04-09T12:32:25+00:00","dateModified":"2024-08-08T11:46:18+00:00","description":"- Une eau de parfum Follow Your Dreams, 50 ml, compos\u00e9e de 99,9% d'ingr\u00e9dients d'origine naturelle. L\u2019Eau de Parfum Follow Your Dreams","breadcrumb":{"@id":"https:\/\/prixgro.com\/product\/coffret-parfum-follow-your-dreams-nocibe\/#breadcrumb"},"inLanguage":"ar","potentialAction":[{"@type":"ReadAction","target":["https:\/\/prixgro.com\/product\/coffret-parfum-follow-your-dreams-nocibe\/"]}]},{"@type":"ImageObject","inLanguage":"ar","@id":"https:\/\/prixgro.com\/product\/coffret-parfum-follow-your-dreams-nocibe\/#primaryimage","url":"https:\/\/prixgro.com\/wp-content\/uploads\/2023\/09\/coffret-nocibe-e1693316433264.jpg","contentUrl":"https:\/\/prixgro.com\/wp-content\/uploads\/2023\/09\/coffret-nocibe-e1693316433264.jpg","width":500,"height":500},{"@type":"BreadcrumbList","@id":"https:\/\/prixgro.com\/product\/coffret-parfum-follow-your-dreams-nocibe\/#breadcrumb","itemListElement":[{"@type":"ListItem","position":1,"name":"Accueil","item":"https:\/\/prixgro.com\/"},{"@type":"ListItem","position":2,"name":"Boutique en ligne","item":"https:\/\/prixgro.com\/shop\/"},{"@type":"ListItem","position":3,"name":"Coffret Parfum Follow Your Dreams Nocib\u00e9"}]},{"@type":"WebSite","@id":"https:\/\/prixgro.com\/#website","url":"https:\/\/prixgro.com\/","name":"Prixgro.com","description":"Para Pharmaceutique et Cosm\u00e9tique","publisher":{"@id":"https:\/\/prixgro.com\/#organization"},"potentialAction":[{"@type":"SearchAction","target":{"@type":"EntryPoint","urlTemplate":"https:\/\/prixgro.com\/?s={search_term_string}"},"query-input":{"@type":"PropertyValueSpecification","valueRequired":true,"valueName":"search_term_string"}}],"inLanguage":"ar"},{"@type":"Organization","@id":"https:\/\/prixgro.com\/#organization","name":"Prixgro","url":"https:\/\/prixgro.com\/","logo":{"@type":"ImageObject","inLanguage":"ar","@id":"https:\/\/prixgro.com\/#\/schema\/logo\/image\/","url":"https:\/\/prixgro.com\/wp-content\/uploads\/2024\/08\/cropped-Nouveau-projet-2.png","contentUrl":"https:\/\/prixgro.com\/wp-content\/uploads\/2024\/08\/cropped-Nouveau-projet-2.png","width":265,"height":62,"caption":"Prixgro"},"image":{"@id":"https:\/\/prixgro.com\/#\/schema\/logo\/image\/"},"sameAs":["https:\/\/www.facebook.com\/Pharmacima"]}]}},"_links":{"self":[{"href":"https:\/\/prixgro.com\/ar\/wp-json\/wp\/v2\/product\/142328","targetHints":{"allow":["GET"]}}],"collection":[{"href":"https:\/\/prixgro.com\/ar\/wp-json\/wp\/v2\/product"}],"about":[{"href":"https:\/\/prixgro.com\/ar\/wp-json\/wp\/v2\/types\/product"}],"replies":[{"embeddable":true,"href":"https:\/\/prixgro.com\/ar\/wp-json\/wp\/v2\/comments?post=142328"}],"wp:featuredmedia":[{"embeddable":true,"href":"https:\/\/prixgro.com\/ar\/wp-json\/wp\/v2\/media\/4264"}],"wp:attachment":[{"href":"https:\/\/prixgro.com\/ar\/wp-json\/wp\/v2\/media?parent=142328"}],"wp:term":[{"taxonomy":"product_cat","embeddable":true,"href":"https:\/\/prixgro.com\/ar\/wp-json\/wp\/v2\/product_cat?post=142328"},{"taxonomy":"product_tag","embeddable":true,"href":"https:\/\/prixgro.com\/ar\/wp-json\/wp\/v2\/product_tag?post=142328"},{"taxonomy":"berocket_brand","embeddable":true,"href":"https:\/\/prixgro.com\/ar\/wp-json\/wp\/v2\/berocket_brand?post=142328"}],"curies":[{"name":"wp","href":"https:\/\/api.w.org\/{rel}","templated":true}]}}