{"id":142329,"date":"2024-04-09T14:32:34","date_gmt":"2024-04-09T12:32:34","guid":{"rendered":"https:\/\/cloodmanager.net\/?post_type=product&#038;p=142329"},"modified":"2024-08-08T21:16:30","modified_gmt":"2024-08-08T19:16:30","slug":"stylo-eyeliner-noir-kiko","status":"publish","type":"product","link":"https:\/\/prixgro.com\/ar\/product\/stylo-eyeliner-noir-kiko\/","title":{"rendered":"Stylo Eyeliner Noir Kiko"},"content":{"rendered":"<h2><strong>DESCRIPTION :<\/strong><\/h2>\n<h3><em><strong>Stylo eye-liner longue tenue :<\/strong><\/em><\/h3>\n<p>Sa pointe douce et souple suit le contour de l&#8217;\u0153il sans s\u2019en \u00e9carter, pour dessiner une ligne nette et pr\u00e9cise et d&#8217;une \u00e9paisseur modulable.<\/p>\n<p>Intens\u00e9ment pigment\u00e9e et brillante, la texture de\u00a0<strong>Ultimate\u00a0Pen Long Wear Eyeliner\u00a0<\/strong>\u00a0adh\u00e8re parfaitement \u00e0 la paupi\u00e8re et trace un trait qui dure longtemps.<\/p>\n<p>&nbsp;<\/p>\n<p>La technologie \u00ab syst\u00e8me capillaire \u00bb permet de lib\u00e9rer la quantit\u00e9 id\u00e9ale de \u00a0produit pour une ma\u00eetrise optimale lors de l\u2019application et un r\u00e9sultat impeccable et sans bavure.<\/p>\n<p>Tr\u00e8s facile \u00e0 utiliser gr\u00e2ce \u00e0 son design ergonomique innovant et \u00e0 sa surface \u00ab antid\u00e9rapante \u00bb, Ultimate Eyeliner permet m\u00eame aux moins exp\u00e9riment\u00e9es d\u2019obtenir des r\u00e9sultats extr\u00eamement pr\u00e9cis et professionnels.<\/p>\n<h3><span style=\"color: #ff0000;\"><strong>Test\u00e9 ophtalmologiquement.<\/strong><\/span><\/h3>\n<h2><strong>CONSEIL D&#8217;UTILISATION :<\/strong><\/h2>\n<p>Appliquez l&#8217;eye-liner avant l&#8217;ombre \u00e0 paupi\u00e8res, sur la paupi\u00e8re sans maquillage. Tout contact entre la pointe de l&#8217;eye-liner et d&#8217;\u00e9ventuelles poudres en r\u00e9duirait les performances.<\/p>\n<p>Si la pointe touche des poudres, nettoyez-la en la passant sur un mouchoir en papier.<\/p>\n<p>Pour une conservation optimale, nous vous recommandons de bien refermer le stylo\u00a0 apr\u00e8s chaque utilisation et de le conserver horizontalement ou la pointe vers le bas.<\/p>\n<h2><strong>COMPOSITION<\/strong> :<\/h2>\n<p>AQUA (WATER\/EAU), BUTYLENE GLYCOL, STYRENE\/ACRYLATES\/AMMONIUM METHACRYLATE COPOLYMER, PEG-60 HYDROGENATED CASTOR OIL, COCO-GLUCOSIDE, CITRIC ACID, SODIUM LAURETH-12 SULFATE, AMMONIUM HYDROXIDE, PHENOXYETHANOL, POTASSIUM SORBATE, SODIUM BENZOATE, IODOPROPYNYL BUTYLCARBAMATE, CI 77266 (NANO) (BLACK 2).<\/p>","protected":false},"excerpt":{"rendered":"<p>DESCRIPTION : Stylo eye-liner longue tenue : Sa pointe douce et souple suit le contour de l&#8217;\u0153il sans s\u2019en \u00e9carter,&#8230;<\/p>","protected":false},"featured_media":4265,"comment_status":"open","ping_status":"closed","template":"","meta":[],"product_cat":[429,433],"product_tag":[],"berocket_brand":[703],"class_list":{"0":"post-142329","1":"product","2":"type-product","3":"status-publish","4":"has-post-thumbnail","6":"product_cat-maquillage","7":"product_cat-yeux-maquillage","8":"berocket_brand-kiko","10":"first","11":"outofstock","12":"shipping-taxable","13":"purchasable","14":"product-type-simple"},"yoast_head":"<!-- This site is optimized with the Yoast SEO plugin v24.8 - https:\/\/yoast.com\/wordpress\/plugins\/seo\/ -->\n<title>Stylo Eyeliner Noir Kiko - Prixgro<\/title>\n<meta name=\"description\" content=\"Intens\u00e9ment pigment\u00e9e et brillante, la texture de\u00a0Ultimate\u00a0Pen Long Wear Eyeliner\u00a0\u00a0adh\u00e8re parfaitement \u00e0 la paupi\u00e8re et trace un trait qui dure longtemps.\" \/>\n<meta name=\"robots\" content=\"index, follow, max-snippet:-1, max-image-preview:large, max-video-preview:-1\" \/>\n<link rel=\"canonical\" href=\"https:\/\/prixgro.com\/ar\/product\/stylo-eyeliner-noir-kiko\/\" \/>\n<meta property=\"og:locale\" content=\"ar_AR\" \/>\n<meta property=\"og:type\" content=\"article\" \/>\n<meta property=\"og:title\" content=\"Stylo Eyeliner Noir Kiko - Prixgro\" \/>\n<meta property=\"og:description\" content=\"Intens\u00e9ment pigment\u00e9e et brillante, la texture de\u00a0Ultimate\u00a0Pen Long Wear Eyeliner\u00a0\u00a0adh\u00e8re parfaitement \u00e0 la paupi\u00e8re et trace un trait qui dure longtemps.\" \/>\n<meta property=\"og:url\" content=\"https:\/\/prixgro.com\/ar\/product\/stylo-eyeliner-noir-kiko\/\" \/>\n<meta property=\"og:site_name\" content=\"Prixgro\" \/>\n<meta property=\"article:publisher\" content=\"https:\/\/www.facebook.com\/Pharmacima\" \/>\n<meta property=\"article:modified_time\" content=\"2024-08-08T19:16:30+00:00\" \/>\n<meta property=\"og:image\" content=\"https:\/\/prixgro.com\/wp-content\/uploads\/2023\/09\/KM0030201900144principale_900Wx900H-e1693402418307.jpg\" \/>\n\t<meta property=\"og:image:width\" content=\"500\" \/>\n\t<meta property=\"og:image:height\" content=\"500\" \/>\n\t<meta property=\"og:image:type\" content=\"image\/jpeg\" \/>\n<meta name=\"twitter:card\" content=\"summary_large_image\" \/>\n<meta name=\"twitter:label1\" content=\"\u0648\u0642\u062a \u0627\u0644\u0642\u0631\u0627\u0621\u0629 \u0627\u0644\u0645\u064f\u0642\u062f\u0651\u0631\" \/>\n\t<meta name=\"twitter:data1\" content=\"\u062f\u0642\u064a\u0642\u062a\u0627\u0646\" \/>\n<script type=\"application\/ld+json\" class=\"yoast-schema-graph\">{\"@context\":\"https:\/\/schema.org\",\"@graph\":[{\"@type\":\"WebPage\",\"@id\":\"https:\/\/prixgro.com\/product\/stylo-eyeliner-noir-kiko\/\",\"url\":\"https:\/\/prixgro.com\/product\/stylo-eyeliner-noir-kiko\/\",\"name\":\"Stylo Eyeliner Noir Kiko - Prixgro\",\"isPartOf\":{\"@id\":\"https:\/\/prixgro.com\/#website\"},\"primaryImageOfPage\":{\"@id\":\"https:\/\/prixgro.com\/product\/stylo-eyeliner-noir-kiko\/#primaryimage\"},\"image\":{\"@id\":\"https:\/\/prixgro.com\/product\/stylo-eyeliner-noir-kiko\/#primaryimage\"},\"thumbnailUrl\":\"https:\/\/prixgro.com\/wp-content\/uploads\/2023\/09\/KM0030201900144principale_900Wx900H-e1693402418307.jpg\",\"datePublished\":\"2024-04-09T12:32:34+00:00\",\"dateModified\":\"2024-08-08T19:16:30+00:00\",\"description\":\"Intens\u00e9ment pigment\u00e9e et brillante, la texture de\u00a0Ultimate\u00a0Pen Long Wear Eyeliner\u00a0\u00a0adh\u00e8re parfaitement \u00e0 la paupi\u00e8re et trace un trait qui dure longtemps.\",\"breadcrumb\":{\"@id\":\"https:\/\/prixgro.com\/product\/stylo-eyeliner-noir-kiko\/#breadcrumb\"},\"inLanguage\":\"ar\",\"potentialAction\":[{\"@type\":\"ReadAction\",\"target\":[\"https:\/\/prixgro.com\/product\/stylo-eyeliner-noir-kiko\/\"]}]},{\"@type\":\"ImageObject\",\"inLanguage\":\"ar\",\"@id\":\"https:\/\/prixgro.com\/product\/stylo-eyeliner-noir-kiko\/#primaryimage\",\"url\":\"https:\/\/prixgro.com\/wp-content\/uploads\/2023\/09\/KM0030201900144principale_900Wx900H-e1693402418307.jpg\",\"contentUrl\":\"https:\/\/prixgro.com\/wp-content\/uploads\/2023\/09\/KM0030201900144principale_900Wx900H-e1693402418307.jpg\",\"width\":500,\"height\":500},{\"@type\":\"BreadcrumbList\",\"@id\":\"https:\/\/prixgro.com\/product\/stylo-eyeliner-noir-kiko\/#breadcrumb\",\"itemListElement\":[{\"@type\":\"ListItem\",\"position\":1,\"name\":\"Accueil\",\"item\":\"https:\/\/prixgro.com\/\"},{\"@type\":\"ListItem\",\"position\":2,\"name\":\"Boutique en ligne\",\"item\":\"https:\/\/prixgro.com\/shop\/\"},{\"@type\":\"ListItem\",\"position\":3,\"name\":\"Stylo Eyeliner Noir Kiko\"}]},{\"@type\":\"WebSite\",\"@id\":\"https:\/\/prixgro.com\/#website\",\"url\":\"https:\/\/prixgro.com\/\",\"name\":\"Prixgro.com\",\"description\":\"Para Pharmaceutique et Cosm\u00e9tique\",\"publisher\":{\"@id\":\"https:\/\/prixgro.com\/#organization\"},\"potentialAction\":[{\"@type\":\"SearchAction\",\"target\":{\"@type\":\"EntryPoint\",\"urlTemplate\":\"https:\/\/prixgro.com\/?s={search_term_string}\"},\"query-input\":{\"@type\":\"PropertyValueSpecification\",\"valueRequired\":true,\"valueName\":\"search_term_string\"}}],\"inLanguage\":\"ar\"},{\"@type\":\"Organization\",\"@id\":\"https:\/\/prixgro.com\/#organization\",\"name\":\"Prixgro\",\"url\":\"https:\/\/prixgro.com\/\",\"logo\":{\"@type\":\"ImageObject\",\"inLanguage\":\"ar\",\"@id\":\"https:\/\/prixgro.com\/#\/schema\/logo\/image\/\",\"url\":\"https:\/\/prixgro.com\/wp-content\/uploads\/2024\/08\/cropped-Nouveau-projet-2.png\",\"contentUrl\":\"https:\/\/prixgro.com\/wp-content\/uploads\/2024\/08\/cropped-Nouveau-projet-2.png\",\"width\":265,\"height\":62,\"caption\":\"Prixgro\"},\"image\":{\"@id\":\"https:\/\/prixgro.com\/#\/schema\/logo\/image\/\"},\"sameAs\":[\"https:\/\/www.facebook.com\/Pharmacima\"]}]}<\/script>\n<!-- \/ Yoast SEO plugin. -->","yoast_head_json":{"title":"Stylo Eyeliner Noir Kiko - Prixgro","description":"Intens\u00e9ment pigment\u00e9e et brillante, la texture de\u00a0Ultimate\u00a0Pen Long Wear Eyeliner\u00a0\u00a0adh\u00e8re parfaitement \u00e0 la paupi\u00e8re et trace un trait qui dure longtemps.","robots":{"index":"index","follow":"follow","max-snippet":"max-snippet:-1","max-image-preview":"max-image-preview:large","max-video-preview":"max-video-preview:-1"},"canonical":"https:\/\/prixgro.com\/ar\/product\/stylo-eyeliner-noir-kiko\/","og_locale":"ar_AR","og_type":"article","og_title":"Stylo Eyeliner Noir Kiko - Prixgro","og_description":"Intens\u00e9ment pigment\u00e9e et brillante, la texture de\u00a0Ultimate\u00a0Pen Long Wear Eyeliner\u00a0\u00a0adh\u00e8re parfaitement \u00e0 la paupi\u00e8re et trace un trait qui dure longtemps.","og_url":"https:\/\/prixgro.com\/ar\/product\/stylo-eyeliner-noir-kiko\/","og_site_name":"Prixgro","article_publisher":"https:\/\/www.facebook.com\/Pharmacima","article_modified_time":"2024-08-08T19:16:30+00:00","og_image":[{"width":500,"height":500,"url":"https:\/\/prixgro.com\/wp-content\/uploads\/2023\/09\/KM0030201900144principale_900Wx900H-e1693402418307.jpg","type":"image\/jpeg"}],"twitter_card":"summary_large_image","twitter_misc":{"\u0648\u0642\u062a \u0627\u0644\u0642\u0631\u0627\u0621\u0629 \u0627\u0644\u0645\u064f\u0642\u062f\u0651\u0631":"\u062f\u0642\u064a\u0642\u062a\u0627\u0646"},"schema":{"@context":"https:\/\/schema.org","@graph":[{"@type":"WebPage","@id":"https:\/\/prixgro.com\/product\/stylo-eyeliner-noir-kiko\/","url":"https:\/\/prixgro.com\/product\/stylo-eyeliner-noir-kiko\/","name":"Stylo Eyeliner Noir Kiko - Prixgro","isPartOf":{"@id":"https:\/\/prixgro.com\/#website"},"primaryImageOfPage":{"@id":"https:\/\/prixgro.com\/product\/stylo-eyeliner-noir-kiko\/#primaryimage"},"image":{"@id":"https:\/\/prixgro.com\/product\/stylo-eyeliner-noir-kiko\/#primaryimage"},"thumbnailUrl":"https:\/\/prixgro.com\/wp-content\/uploads\/2023\/09\/KM0030201900144principale_900Wx900H-e1693402418307.jpg","datePublished":"2024-04-09T12:32:34+00:00","dateModified":"2024-08-08T19:16:30+00:00","description":"Intens\u00e9ment pigment\u00e9e et brillante, la texture de\u00a0Ultimate\u00a0Pen Long Wear Eyeliner\u00a0\u00a0adh\u00e8re parfaitement \u00e0 la paupi\u00e8re et trace un trait qui dure longtemps.","breadcrumb":{"@id":"https:\/\/prixgro.com\/product\/stylo-eyeliner-noir-kiko\/#breadcrumb"},"inLanguage":"ar","potentialAction":[{"@type":"ReadAction","target":["https:\/\/prixgro.com\/product\/stylo-eyeliner-noir-kiko\/"]}]},{"@type":"ImageObject","inLanguage":"ar","@id":"https:\/\/prixgro.com\/product\/stylo-eyeliner-noir-kiko\/#primaryimage","url":"https:\/\/prixgro.com\/wp-content\/uploads\/2023\/09\/KM0030201900144principale_900Wx900H-e1693402418307.jpg","contentUrl":"https:\/\/prixgro.com\/wp-content\/uploads\/2023\/09\/KM0030201900144principale_900Wx900H-e1693402418307.jpg","width":500,"height":500},{"@type":"BreadcrumbList","@id":"https:\/\/prixgro.com\/product\/stylo-eyeliner-noir-kiko\/#breadcrumb","itemListElement":[{"@type":"ListItem","position":1,"name":"Accueil","item":"https:\/\/prixgro.com\/"},{"@type":"ListItem","position":2,"name":"Boutique en ligne","item":"https:\/\/prixgro.com\/shop\/"},{"@type":"ListItem","position":3,"name":"Stylo Eyeliner Noir Kiko"}]},{"@type":"WebSite","@id":"https:\/\/prixgro.com\/#website","url":"https:\/\/prixgro.com\/","name":"Prixgro.com","description":"Para Pharmaceutique et Cosm\u00e9tique","publisher":{"@id":"https:\/\/prixgro.com\/#organization"},"potentialAction":[{"@type":"SearchAction","target":{"@type":"EntryPoint","urlTemplate":"https:\/\/prixgro.com\/?s={search_term_string}"},"query-input":{"@type":"PropertyValueSpecification","valueRequired":true,"valueName":"search_term_string"}}],"inLanguage":"ar"},{"@type":"Organization","@id":"https:\/\/prixgro.com\/#organization","name":"Prixgro","url":"https:\/\/prixgro.com\/","logo":{"@type":"ImageObject","inLanguage":"ar","@id":"https:\/\/prixgro.com\/#\/schema\/logo\/image\/","url":"https:\/\/prixgro.com\/wp-content\/uploads\/2024\/08\/cropped-Nouveau-projet-2.png","contentUrl":"https:\/\/prixgro.com\/wp-content\/uploads\/2024\/08\/cropped-Nouveau-projet-2.png","width":265,"height":62,"caption":"Prixgro"},"image":{"@id":"https:\/\/prixgro.com\/#\/schema\/logo\/image\/"},"sameAs":["https:\/\/www.facebook.com\/Pharmacima"]}]}},"_links":{"self":[{"href":"https:\/\/prixgro.com\/ar\/wp-json\/wp\/v2\/product\/142329","targetHints":{"allow":["GET"]}}],"collection":[{"href":"https:\/\/prixgro.com\/ar\/wp-json\/wp\/v2\/product"}],"about":[{"href":"https:\/\/prixgro.com\/ar\/wp-json\/wp\/v2\/types\/product"}],"replies":[{"embeddable":true,"href":"https:\/\/prixgro.com\/ar\/wp-json\/wp\/v2\/comments?post=142329"}],"wp:featuredmedia":[{"embeddable":true,"href":"https:\/\/prixgro.com\/ar\/wp-json\/wp\/v2\/media\/4265"}],"wp:attachment":[{"href":"https:\/\/prixgro.com\/ar\/wp-json\/wp\/v2\/media?parent=142329"}],"wp:term":[{"taxonomy":"product_cat","embeddable":true,"href":"https:\/\/prixgro.com\/ar\/wp-json\/wp\/v2\/product_cat?post=142329"},{"taxonomy":"product_tag","embeddable":true,"href":"https:\/\/prixgro.com\/ar\/wp-json\/wp\/v2\/product_tag?post=142329"},{"taxonomy":"berocket_brand","embeddable":true,"href":"https:\/\/prixgro.com\/ar\/wp-json\/wp\/v2\/berocket_brand?post=142329"}],"curies":[{"name":"wp","href":"https:\/\/api.w.org\/{rel}","templated":true}]}}